{"id":1624,"date":"2017-11-18T20:17:59","date_gmt":"2017-11-18T20:17:59","guid":{"rendered":"http:\/\/biblian.is\/1981\/sidari-samuelsbok-11-kafli\/"},"modified":"2021-06-06T11:10:43","modified_gmt":"2021-06-06T11:10:43","slug":"sidari-samuelsbok-11-kafli","status":"publish","type":"page","link":"https:\/\/biblian.is\/1981\/sidari-samuelsbok-11-kafli\/","title":{"rendered":"S\u00ed\u00f0ari Sam\u00faelsb\u00f3k 11. kafli"},"content":{"rendered":"<p><a name=\"1\"><span class=\"versanumer\">1<\/span><\/a>Svo bar til \u00e1ri\u00f0 eftir, um \u00fea\u00f0 leyti sem konungar eru vanir a\u00f0 fara \u00ed herna\u00f0, a\u00f0 Dav\u00ed\u00f0 sendi J\u00f3ab af sta\u00f0 me\u00f0 menn s\u00edna og allan \u00cdsrael. \u00deeir herju\u00f0u \u00e1 Amm\u00f3n\u00edta og settust um Rabba, en Dav\u00ed\u00f0 sat heima \u00ed Jer\u00fasalem.<a name=\"2\"><span class=\"versanumer\">2<\/span><\/a>N\u00fa vildi svo til eitt kv\u00f6ld, a\u00f0 Dav\u00ed\u00f0 reis upp \u00far hv\u00edlu sinni og f\u00f3r a\u00f0 ganga um g\u00f3lf uppi \u00e1 \u00feaki konungshallarinnar. S\u00e1 hann \u00fe\u00e1 ofan af \u00feakinu konu vera a\u00f0 lauga sig. En konan var forkunnar f\u00f6gur.<a name=\"3\"><span class=\"versanumer\">3<\/span><\/a>\u00de\u00e1 sendi Dav\u00ed\u00f0 og spur\u00f0ist fyrir um konuna, og var honum sagt: \u00dea\u00f0 er Batseba El\u00edamsd\u00f3ttir, kona \u00dar\u00eda Het\u00edta.<a name=\"4\"><span class=\"versanumer\">4<\/span><\/a>Og Dav\u00ed\u00f0 sendi menn og l\u00e9t s\u00e6kja hana. Og h\u00fan kom til hans, og hann lag\u00f0ist me\u00f0 henni, \u00fev\u00ed a\u00f0 h\u00fan haf\u00f0i hreinsa\u00f0 sig af \u00f3hreinleika s\u00ednum. S\u00ed\u00f0an f\u00f3r h\u00fan aftur heim til s\u00edn.<a name=\"5\"><span class=\"versanumer\">5<\/span><\/a>En konan var \u00feungu\u00f0 or\u00f0in, og h\u00fan sendi og l\u00e9t Dav\u00ed\u00f0 vita \u00fea\u00f0 og m\u00e6lti: \u00c9g er me\u00f0 barni.<a name=\"6\"><span class=\"versanumer\">6<\/span><\/a>Dav\u00ed\u00f0 gj\u00f6r\u00f0i \u00fe\u00e1 J\u00f3ab bo\u00f0: Sendu \u00dar\u00eda Het\u00edta til m\u00edn. Og J\u00f3ab sendi \u00dar\u00eda til Dav\u00ed\u00f0s.<a name=\"7\"><span class=\"versanumer\">7<\/span><\/a>En er \u00dar\u00eda kom \u00e1 hans fund, spur\u00f0i Dav\u00ed\u00f0, hvernig J\u00f3ab li\u00f0i og hvernig honum li\u00f0i og hvernig herna\u00f0urinn gengi.<a name=\"8\"><span class=\"versanumer\">8<\/span><\/a>\u00dev\u00ed n\u00e6st sag\u00f0i Dav\u00ed\u00f0 vi\u00f0 \u00dar\u00eda: Gakk \u00fe\u00fa n\u00fa heim til \u00fe\u00edn og lauga f\u00e6tur \u00fe\u00edna. Gekk \u00dar\u00eda \u00fe\u00e1 burt \u00far konungsh\u00f6llinni, og var gj\u00f6f fr\u00e1 konungi borin \u00e1 eftir honum.<a name=\"9\"><span class=\"versanumer\">9<\/span><\/a>En \u00dar\u00eda lag\u00f0ist til hv\u00edldar fyrir dyrum konungshallarinnar hj\u00e1 \u00f6\u00f0rum \u00fej\u00f3num herra s\u00edns, en f\u00f3r ekki heim til s\u00edn.<a name=\"10\"><span class=\"versanumer\">10<\/span><\/a>Menn s\u00f6g\u00f0u Dav\u00ed\u00f0 fr\u00e1 \u00fev\u00ed og m\u00e6ltu: \u00dar\u00eda er ekki farinn heim til s\u00edn. \u00de\u00e1 sag\u00f0i Dav\u00ed\u00f0 vi\u00f0 \u00dar\u00eda: \u00de\u00fa ert kominn \u00far fer\u00f0, hvers vegna fer\u00f0 \u00fe\u00fa ekki heim til \u00fe\u00edn?<a name=\"11\"><span class=\"versanumer\">11<\/span><\/a>\u00de\u00e1 sag\u00f0i \u00dar\u00eda vi\u00f0 Dav\u00ed\u00f0: \u00d6rkin og \u00cdsrael og J\u00fada b\u00faa \u00ed laufsk\u00e1lum, og herra minn J\u00f3ab og menn herra m\u00edns hafast vi\u00f0 \u00fati \u00e1 bersv\u00e6\u00f0i, og \u00fe\u00e1 \u00e6tti \u00e9g a\u00f0 fara heim til m\u00edn til \u00feess a\u00f0 eta og drekka og hv\u00edla hj\u00e1 konu minni? Svo sannarlega sem Drottinn lifir og \u00fe\u00fa lifir, \u00fea\u00f0 gj\u00f6ri \u00e9g ekki.<a name=\"12\"><span class=\"versanumer\">12<\/span><\/a>\u00de\u00e1 sag\u00f0i Dav\u00ed\u00f0 vi\u00f0 \u00dar\u00eda: Vertu \u00fe\u00e1 h\u00e9r l\u00edka \u00ed dag, en \u00e1 morgun gef \u00e9g \u00fe\u00e9r fararleyfi. Var \u00dar\u00eda \u00feann dag \u00ed Jer\u00fasalem.<a name=\"13\"><span class=\"versanumer\">13<\/span><\/a>Daginn eftir haf\u00f0i Dav\u00ed\u00f0 hann \u00ed bo\u00f0i s\u00ednu, og hann \u00e1t og drakk me\u00f0 honum, og hann gj\u00f6r\u00f0i hann drukkinn. En um kv\u00f6ldi\u00f0 gekk hann burt og lag\u00f0ist til hv\u00edldar hj\u00e1 \u00fej\u00f3num herra s\u00edns, en f\u00f3r ekki heim til s\u00edn.<a name=\"14\"><span class=\"versanumer\">14<\/span><\/a>Morguninn eftir skrifa\u00f0i Dav\u00ed\u00f0 J\u00f3ab br\u00e9f og sendi \u00fea\u00f0 me\u00f0 \u00dar\u00eda.<a name=\"15\"><span class=\"versanumer\">15<\/span><\/a>\u00cd br\u00e9finu skrifa\u00f0i hann svo: Setji\u00f0 \u00dar\u00eda fremstan \u00ed bardagann, \u00fear sem hann er har\u00f0astur, og h\u00f6rfi\u00f0 aftur undan fr\u00e1 honum, svo a\u00f0 hann ver\u00f0i ofurli\u00f0i borinn og falli.<a name=\"16\"><span class=\"versanumer\">16<\/span><\/a>J\u00f3ab sat um borgina og skipa\u00f0i n\u00fa \u00dar\u00eda \u00fear til orustu, sem hann vissi a\u00f0 hraustir menn voru fyrir.<a name=\"17\"><span class=\"versanumer\">17<\/span><\/a>Gj\u00f6r\u00f0u borgarmenn s\u00ed\u00f0an \u00fathlaup og b\u00f6r\u00f0ust vi\u00f0 J\u00f3ab. F\u00e9llu \u00fe\u00e1 nokkrir af li\u00f0inu, af \u00fej\u00f3num Dav\u00ed\u00f0s. \u00de\u00e1 l\u00e9t og \u00dar\u00eda Het\u00edti l\u00edf sitt.<a name=\"18\"><span class=\"versanumer\">18<\/span><\/a>\u00de\u00e1 sendi J\u00f3ab mann og l\u00e9t segja Dav\u00ed\u00f0, hvernig fari\u00f0 hef\u00f0i \u00ed orustunni,<a name=\"19\"><span class=\"versanumer\">19<\/span><\/a>og hann lag\u00f0i svo fyrir sendimanninn: \u00deegar \u00fe\u00fa hefir sagt konungi sem greinilegast fr\u00e1 bardaganum,<a name=\"20\"><span class=\"versanumer\">20<\/span><\/a>og konungur \u00fe\u00e1 ver\u00f0ur rei\u00f0ur og segir vi\u00f0 \u00feig: Hv\u00ed f\u00f3ru\u00f0 \u00fe\u00e9r svo n\u00e6rri borginni \u00ed orustu? Vissu\u00f0 \u00fe\u00e9r ekki a\u00f0 \u00feeir mundu skj\u00f3ta \u00e1 y\u00f0ur ofan af borgarveggnum?<a name=\"21\"><span class=\"versanumer\">21<\/span><\/a>Hver felldi Ab\u00edmelek Jer\u00fabbesetsson? Kasta\u00f0i ekki kona kvarnarsteini \u00e1 hann ofan af borgarveggnum, svo a\u00f0 hann d\u00f3 \u00ed Tebes? Hv\u00ed f\u00f3ru\u00f0 \u00fe\u00e9r svo n\u00e6rri borgarveggnum? \u00fe\u00e1 skalt \u00fe\u00fa segja: \u00dej\u00f3nn \u00feinn, \u00dar\u00eda Het\u00edti, l\u00e9t og l\u00edfi\u00f0.<a name=\"22\"><span class=\"versanumer\">22<\/span><\/a>S\u00ed\u00f0an f\u00f3r sendima\u00f0urinn og kom og flutti Dav\u00ed\u00f0 allt, sem J\u00f3ab haf\u00f0i fyrir hann lagt, hvernig fari\u00f0 hef\u00f0i \u00ed orustunni. Var\u00f0 \u00fe\u00e1 Dav\u00ed\u00f0 rei\u00f0ur J\u00f3ab og sag\u00f0i vi\u00f0 sendimanninn: Hv\u00ed f\u00f3ru\u00f0 \u00fe\u00e9r svo n\u00e6rri borginni \u00ed orustu? Vissu\u00f0 \u00fe\u00e9r ekki a\u00f0 \u00fea\u00f0 mundi ver\u00f0a kasta\u00f0 \u00e1 y\u00f0ur ofan af borgarveggnum? Hver felldi Ab\u00edmelek Jer\u00fabbesetsson? Kasta\u00f0i ekki kona kvarnarsteini \u00e1 hann ofan af borgarveggnum, svo a\u00f0 hann d\u00f3 \u00ed Tebes? Hv\u00ed f\u00f3ru\u00f0 \u00fe\u00e9r svo n\u00e6rri borgarveggnum?<a name=\"23\"><span class=\"versanumer\">23<\/span><\/a>\u00de\u00e1 sag\u00f0i sendima\u00f0urinn vi\u00f0 Dav\u00ed\u00f0: Mennirnir voru oss yfirsterkari og voru komnir \u00ed m\u00f3ti oss \u00fat \u00e1 bersv\u00e6\u00f0i. Fyrir \u00fev\u00ed ur\u00f0um v\u00e9r a\u00f0 s\u00e6kja a\u00f0 \u00feeim allt a\u00f0 borgarhli\u00f0inu.<a name=\"24\"><span class=\"versanumer\">24<\/span><\/a>En \u00fe\u00e1 skutu skotmennirnir \u00e1 \u00fej\u00f3na \u00fe\u00edna ni\u00f0ur af borgarveggnum, og f\u00e9llu \u00fe\u00e1 nokkrir af m\u00f6nnum konungs, og \u00fej\u00f3nn \u00feinn, \u00dar\u00eda Het\u00edti, l\u00e9t og l\u00edfi\u00f0.<a name=\"25\"><span class=\"versanumer\">25<\/span><\/a>\u00de\u00e1 sag\u00f0i Dav\u00ed\u00f0 vi\u00f0 sendimanninn: Svo skalt \u00fe\u00fa segja J\u00f3ab: L\u00e1ttu \u00feetta ekki \u00e1 \u00feig f\u00e1, \u00fev\u00ed a\u00f0 sver\u00f0i\u00f0 ver\u00f0ur \u00fdmist \u00feessum e\u00f0a hinum a\u00f0 bana. S\u00e6k \u00fe\u00fa vasklega a\u00f0 borginni og brj\u00f3t hana og teldu \u00feannig hug \u00ed hann.<a name=\"26\"><span class=\"versanumer\">26<\/span><\/a>En er kona \u00dar\u00eda fr\u00e9tti, a\u00f0 ma\u00f0ur hennar \u00dar\u00eda var fallinn, harma\u00f0i h\u00fan b\u00f3nda sinn.<a name=\"27\"><span class=\"versanumer\">27<\/span><\/a>En \u00feegar sorgardagarnir voru li\u00f0nir, sendi Dav\u00ed\u00f0 og t\u00f3k hana heim til s\u00edn, og h\u00fan var\u00f0 kona hans og f\u00e6ddi honum son. En Drottni misl\u00edka\u00f0i \u00fea\u00f0, sem Dav\u00ed\u00f0 haf\u00f0i gj\u00f6rt.<\/p>\n<div class=\"footnote1981\"><b>11.1<\/b> Sbr 1Kro 20.1<br \/>\n<b>11.5<\/b> \u00c9g er me\u00f0 barni 1M\u00f3s 38.24-25<br \/>\n<b>11.11<\/b> \u00d6rkin \u00ed herna\u00f0i 1Sam 4.3-4; sbr 2Sam 15.24-29<br \/>\n<b>11.14<\/b> Br\u00e9f 1Kon 21.8-9; 2Kon 10.1<br \/>\n<b>11.21<\/b> Kona 2Sam 20.16-22<br \/>\n<b>11.25<\/b> Sver\u00f0i\u00f0 2Sam 2.26+<\/div>\n","protected":false},"excerpt":{"rendered":"<p>1Svo bar til \u00e1ri\u00f0 eftir, um \u00fea\u00f0 leyti sem konungar eru vanir a\u00f0 fara \u00ed herna\u00f0, a\u00f0 Dav\u00ed\u00f0 sendi J\u00f3ab af sta\u00f0 me\u00f0 menn s\u00edna og allan \u00cdsrael. \u00deeir herju\u00f0u \u00e1 Amm\u00f3n\u00edta og settust um Rabba, en Dav\u00ed\u00f0 sat heima \u00ed Jer\u00fasalem.2N\u00fa vildi svo til eitt kv\u00f6ld, a\u00f0 Dav\u00ed\u00f0 reis upp \u00far hv\u00edlu sinni og f\u00f3r a\u00f0 ganga um g\u00f3lf uppi \u00e1 \u00feaki konungshallarinnar. S\u00e1 hann \u00fe\u00e1 ofan af \u00feakinu konu vera a\u00f0 lauga sig. En konan var forkunnar f\u00f6gur.3\u00de\u00e1 sendi Dav\u00ed\u00f0 og spur\u00f0ist fyrir um konuna, og var honum sagt: \u00dea\u00f0 er Batseba El\u00edamsd\u00f3ttir, kona \u00dar\u00eda Het\u00edta.4Og Dav\u00ed\u00f0 sendi <a href=\"https:\/\/biblian.is\/1981\/sidari-samuelsbok-11-kafli\/\"> [&#8230;]<\/a><\/p>\n","protected":false},"author":1,"featured_media":0,"parent":0,"menu_order":0,"comment_status":"open","ping_status":"open","template":"bibliukaflar.php","meta":{"footnotes":""},"class_list":["post-1624","page","type-page","status-publish","hentry"],"_links":{"self":[{"href":"https:\/\/biblian.is\/1981\/wp-json\/wp\/v2\/pages\/1624","targetHints":{"allow":["GET"]}}],"collection":[{"href":"https:\/\/biblian.is\/1981\/wp-json\/wp\/v2\/pages"}],"about":[{"href":"https:\/\/biblian.is\/1981\/wp-json\/wp\/v2\/types\/page"}],"author":[{"embeddable":true,"href":"https:\/\/biblian.is\/1981\/wp-json\/wp\/v2\/users\/1"}],"replies":[{"embeddable":true,"href":"https:\/\/biblian.is\/1981\/wp-json\/wp\/v2\/comments?post=1624"}],"version-history":[{"count":0,"href":"https:\/\/biblian.is\/1981\/wp-json\/wp\/v2\/pages\/1624\/revisions"}],"wp:attachment":[{"href":"https:\/\/biblian.is\/1981\/wp-json\/wp\/v2\/media?parent=1624"}],"curies":[{"name":"wp","href":"https:\/\/api.w.org\/{rel}","templated":true}]}}