{"id":1621,"date":"2017-11-18T20:17:59","date_gmt":"2017-11-18T20:17:59","guid":{"rendered":"http:\/\/biblian.is\/1981\/sidari-samuelsbok-8-kafli\/"},"modified":"2021-06-06T11:10:57","modified_gmt":"2021-06-06T11:10:57","slug":"sidari-samuelsbok-8-kafli","status":"publish","type":"page","link":"https:\/\/biblian.is\/1981\/sidari-samuelsbok-8-kafli\/","title":{"rendered":"S\u00ed\u00f0ari Sam\u00faelsb\u00f3k 8. kafli"},"content":{"rendered":"<p><a name=\"1\"><span class=\"versanumer\">1<\/span><\/a>Eftir \u00feetta vann Dav\u00ed\u00f0 sigur \u00e1 Filistum og braut \u00fe\u00e1 undir sig og t\u00f3k tauma h\u00f6fu\u00f0sta\u00f0arins \u00far h\u00f6ndum Filista.<a name=\"2\"><span class=\"versanumer\">2<\/span><\/a>Hann vann og sigur \u00e1 M\u00f3ab\u00edtum og m\u00e6ldi \u00fe\u00e1 me\u00f0 va\u00f0, \u00fea\u00f0 er a\u00f0 segja, hann l\u00e9t \u00fe\u00e1 leggjast ni\u00f0ur \u00e1 j\u00f6r\u00f0ina og m\u00e6ldi tvo va\u00f0i til l\u00edfl\u00e1ts og eina va\u00f0lengd til a\u00f0 halda l\u00edfi. \u00deannig ur\u00f0u M\u00f3ab\u00edtar skattskyldir \u00feegnar Dav\u00ed\u00f0s.<a name=\"3\"><span class=\"versanumer\">3<\/span><\/a>Dav\u00ed\u00f0 vann og sigur \u00e1 Hadadeser Reh\u00f3bssyni, konungi \u00ed S\u00f3ba, \u00fe\u00e1 er hann f\u00f3r lei\u00f0angur til a\u00f0 n\u00e1 aftur r\u00edki vi\u00f0 Efrat.<a name=\"4\"><span class=\"versanumer\">4<\/span><\/a>Vann Dav\u00ed\u00f0 af honum eitt \u00fe\u00fasund og sj\u00f6 hundru\u00f0 riddara og tuttugu \u00fe\u00fasundir f\u00f3tg\u00f6nguli\u00f0s. L\u00e9t Dav\u00ed\u00f0 skera sundur h\u00e1sinarnar \u00e1 \u00f6llum str\u00ed\u00f0shestunum og h\u00e9lt a\u00f0eins hestum fyrir hundra\u00f0 str\u00ed\u00f0svagna eftir.<a name=\"5\"><span class=\"versanumer\">5<\/span><\/a>Og er S\u00fdrlendingar fr\u00e1 Damaskus komu til li\u00f0s vi\u00f0 Hadadeser, konung \u00ed S\u00f3ba, \u00fe\u00e1 felldi Dav\u00ed\u00f0 tuttugu og tv\u00f6 \u00fe\u00fasund manns af S\u00fdrlendingum.<a name=\"6\"><span class=\"versanumer\">6<\/span><\/a>Og Dav\u00ed\u00f0 setti landstj\u00f3ra \u00e1 S\u00fdrlandi, \u00fev\u00ed er kennt er vi\u00f0 Damaskus, og ur\u00f0u S\u00fdrlendingar skattskyldir \u00feegnar Dav\u00ed\u00f0s. \u00deannig veitti Drottinn Dav\u00ed\u00f0 sigur, hvert sem hann f\u00f3r.<a name=\"7\"><span class=\"versanumer\">7<\/span><\/a>Dav\u00ed\u00f0 t\u00f3k og hina gullnu skj\u00f6ldu, er \u00fej\u00f3nar Hadadesers h\u00f6f\u00f0u bori\u00f0, og flutti \u00fe\u00e1 til Jer\u00fasalem.<a name=\"8\"><span class=\"versanumer\">8<\/span><\/a>Auk \u00feess t\u00f3k Dav\u00ed\u00f0 konungur afar miki\u00f0 af eir \u00ed Beta og Ber\u00f3taj, borgum Hadadesers.<a name=\"9\"><span class=\"versanumer\">9<\/span><\/a>\u00deegar T\u00f3\u00fa, konungur \u00ed Hamat, fr\u00e9tti a\u00f0 Dav\u00ed\u00f0 hef\u00f0i lagt a\u00f0 velli allan her Hadadesers,<a name=\"10\"><span class=\"versanumer\">10<\/span><\/a>\u00fe\u00e1 sendi T\u00f3\u00fa Had\u00f3ram son sinn \u00e1 fund Dav\u00ed\u00f0s konungs til \u00feess a\u00f0 heilsa \u00e1 hann og \u00e1rna honum heilla, er hann haf\u00f0i barist vi\u00f0 Hadadeser og unni\u00f0 sigur \u00e1 honum \u00fev\u00ed a\u00f0 T\u00f3\u00fa \u00e1tti \u00ed \u00f3fri\u00f0i vi\u00f0 Hadadeser, og haf\u00f0i hann me\u00f0 s\u00e9r gripi af silfri, gulli og eiri.<a name=\"11\"><span class=\"versanumer\">11<\/span><\/a>Gripina helga\u00f0i Dav\u00ed\u00f0 konungur einnig Drottni, \u00e1samt silfri \u00fev\u00ed og gulli, er hann haf\u00f0i helga\u00f0 fr\u00e1 \u00f6llum \u00feeim \u00fej\u00f3\u00f0um, er hann haf\u00f0i undiroka\u00f0:<a name=\"12\"><span class=\"versanumer\">12<\/span><\/a>fr\u00e1 Ed\u00f3m, M\u00f3ab, Amm\u00f3n\u00edtum, Filistum, Amalek og af herfangi Hadadesers Reh\u00f3bssonar, konungs \u00ed S\u00f3ba.<a name=\"13\"><span class=\"versanumer\">13<\/span><\/a>Dav\u00ed\u00f0 j\u00f3k or\u00f0st\u00edr sinn, \u00fe\u00e1 er hann sneri aftur og haf\u00f0i unni\u00f0 sigur \u00e1 S\u00fdrlendingum, me\u00f0 \u00fev\u00ed a\u00f0 vinna sigur \u00e1 Ed\u00f3m\u00edtum \u00ed Saltdalnum, \u00e1tj\u00e1n \u00fe\u00fasund manns.<a name=\"14\"><span class=\"versanumer\">14<\/span><\/a>Og hann setti landstj\u00f3ra \u00ed Ed\u00f3m. Um allt Ed\u00f3m setti hann landstj\u00f3ra, og \u00feannig ur\u00f0u allir Ed\u00f3m\u00edtar \u00feegnar Dav\u00ed\u00f0s. En Drottinn veitti Dav\u00ed\u00f0 sigur, hvert sem hann f\u00f3r.<a name=\"15\"><span class=\"versanumer\">15<\/span><\/a>Dav\u00ed\u00f0 r\u00edkti yfir \u00f6llum \u00cdsrael og l\u00e9t alla \u00fej\u00f3\u00f0 s\u00edna nj\u00f3ta laga og r\u00e9ttar.<a name=\"16\"><span class=\"versanumer\">16<\/span><\/a>J\u00f3ab Ser\u00fajuson var fyrir hernum, og J\u00f3safat Ah\u00edl\u00fa\u00f0sson var r\u00edkisritari.<a name=\"17\"><span class=\"versanumer\">17<\/span><\/a>Sad\u00f3k Ah\u00edt\u00fabsson og Ah\u00edmelek Abjatarsson voru prestar og Seraja kanslari.<a name=\"18\"><span class=\"versanumer\">18<\/span><\/a>Benaja J\u00f3jadason var fyrir Kretum og Pletum, og synir Dav\u00ed\u00f0s voru prestar.  2S 9.-20. kap., 1 Kon 1.-2. kap.<\/p>\n<div class=\"footnote1981\"><b>8.1-14<\/b> Sigurvinningar Dav\u00ed\u00f0s 1Kon 5.1<br \/>\n<b>8.4<\/b> Skera \u00e1 h\u00e1sinar 1M\u00f3s 49.6; J\u00f3s 11.6-9 \u2013 hestar 5M\u00f3s 17.16; Jes 31.1; M\u00edk 5.9; Slm 20.8<br \/>\n<b>8.7<\/b> Gullskildingar 1Kon 10.16-17; 14.26-27; 2Kon 11.10<br \/>\n<b>8.11<\/b> Helgigjafir 1Kon 7.51; 2Kon 12.19<br \/>\n<b>8.13<\/b> Saltdalur Slm 60.2<br \/>\n<b>8.15-18<\/b> Emb\u00e6ttismenn 2Sam 20.23-25; 1Kon 4.1-6<br \/>\n<b>8.15<\/b> Nj\u00f3ta r\u00e9ttar og r\u00e9ttl\u00e6tis 1Kon 3.28; 10.9<\/div>\n","protected":false},"excerpt":{"rendered":"<p>1Eftir \u00feetta vann Dav\u00ed\u00f0 sigur \u00e1 Filistum og braut \u00fe\u00e1 undir sig og t\u00f3k tauma h\u00f6fu\u00f0sta\u00f0arins \u00far h\u00f6ndum Filista.2Hann vann og sigur \u00e1 M\u00f3ab\u00edtum og m\u00e6ldi \u00fe\u00e1 me\u00f0 va\u00f0, \u00fea\u00f0 er a\u00f0 segja, hann l\u00e9t \u00fe\u00e1 leggjast ni\u00f0ur \u00e1 j\u00f6r\u00f0ina og m\u00e6ldi tvo va\u00f0i til l\u00edfl\u00e1ts og eina va\u00f0lengd til a\u00f0 halda l\u00edfi. \u00deannig ur\u00f0u M\u00f3ab\u00edtar skattskyldir \u00feegnar Dav\u00ed\u00f0s.3Dav\u00ed\u00f0 vann og sigur \u00e1 Hadadeser Reh\u00f3bssyni, konungi \u00ed S\u00f3ba, \u00fe\u00e1 er hann f\u00f3r lei\u00f0angur til a\u00f0 n\u00e1 aftur r\u00edki vi\u00f0 Efrat.4Vann Dav\u00ed\u00f0 af honum eitt \u00fe\u00fasund og sj\u00f6 hundru\u00f0 riddara og tuttugu \u00fe\u00fasundir f\u00f3tg\u00f6nguli\u00f0s. L\u00e9t Dav\u00ed\u00f0 skera sundur h\u00e1sinarnar \u00e1 \u00f6llum <a href=\"https:\/\/biblian.is\/1981\/sidari-samuelsbok-8-kafli\/\"> [&#8230;]<\/a><\/p>\n","protected":false},"author":1,"featured_media":0,"parent":0,"menu_order":0,"comment_status":"open","ping_status":"open","template":"bibliukaflar.php","meta":{"footnotes":""},"class_list":["post-1621","page","type-page","status-publish","hentry"],"_links":{"self":[{"href":"https:\/\/biblian.is\/1981\/wp-json\/wp\/v2\/pages\/1621","targetHints":{"allow":["GET"]}}],"collection":[{"href":"https:\/\/biblian.is\/1981\/wp-json\/wp\/v2\/pages"}],"about":[{"href":"https:\/\/biblian.is\/1981\/wp-json\/wp\/v2\/types\/page"}],"author":[{"embeddable":true,"href":"https:\/\/biblian.is\/1981\/wp-json\/wp\/v2\/users\/1"}],"replies":[{"embeddable":true,"href":"https:\/\/biblian.is\/1981\/wp-json\/wp\/v2\/comments?post=1621"}],"version-history":[{"count":0,"href":"https:\/\/biblian.is\/1981\/wp-json\/wp\/v2\/pages\/1621\/revisions"}],"wp:attachment":[{"href":"https:\/\/biblian.is\/1981\/wp-json\/wp\/v2\/media?parent=1621"}],"curies":[{"name":"wp","href":"https:\/\/api.w.org\/{rel}","templated":true}]}}