{"id":1620,"date":"2017-11-18T20:17:59","date_gmt":"2017-11-18T20:17:59","guid":{"rendered":"http:\/\/biblian.is\/1981\/sidari-samuelsbok-7-kafli\/"},"modified":"2021-06-06T11:10:57","modified_gmt":"2021-06-06T11:10:57","slug":"sidari-samuelsbok-7-kafli","status":"publish","type":"page","link":"https:\/\/biblian.is\/1981\/sidari-samuelsbok-7-kafli\/","title":{"rendered":"S\u00ed\u00f0ari Sam\u00faelsb\u00f3k 7. kafli"},"content":{"rendered":"<p><a name=\"1\"><span class=\"versanumer\">1<\/span><\/a>Svo bar til, \u00fe\u00e1 er konungur sat \u00ed h\u00f6ll sinni en Drottinn haf\u00f0i \u00fe\u00e1 veitt honum fri\u00f0 fyrir \u00f6llum \u00f3vinum hans allt \u00ed kring,<a name=\"2\"><span class=\"versanumer\">2<\/span><\/a>a\u00f0 konungur sag\u00f0i vi\u00f0 Natan sp\u00e1mann: Sj\u00e1, \u00e9g b\u00fd \u00ed h\u00f6ll af sedrusvi\u00f0i, en \u00f6rk Gu\u00f0s b\u00fdr undir tjaldd\u00fak.<a name=\"3\"><span class=\"versanumer\">3<\/span><\/a>Natan svara\u00f0i konungi: Far \u00fe\u00fa og gj\u00f6r allt, sem \u00fe\u00e9r er \u00ed hug, \u00fev\u00ed a\u00f0 Drottinn er me\u00f0 \u00fe\u00e9r.<a name=\"4\"><span class=\"versanumer\">4<\/span><\/a>En hina s\u00f6mu n\u00f3tt kom or\u00f0 Drottins til Natans, svohlj\u00f3\u00f0andi:<a name=\"5\"><span class=\"versanumer\">5<\/span><\/a>Far og seg \u00fej\u00f3ni m\u00ednum Dav\u00ed\u00f0: Svo segir Drottinn: \u00c6tlar \u00fe\u00fa a\u00f0 reisa m\u00e9r h\u00fas til a\u00f0 b\u00faa \u00ed?<a name=\"6\"><span class=\"versanumer\">6<\/span><\/a>\u00c9g hefi ekki b\u00fai\u00f0 \u00ed h\u00fasi, s\u00ed\u00f0an \u00e9g leiddi \u00cdsraelsmenn \u00fat af Egyptalandi, allt fram \u00e1 \u00feennan dag, heldur fer\u00f0a\u00f0ist \u00e9g \u00ed tjaldi og b\u00fa\u00f0.<a name=\"7\"><span class=\"versanumer\">7<\/span><\/a>Alla \u00fe\u00e1 stund, er \u00e9g hefi um fari\u00f0 me\u00f0al \u00cdsraelsmanna, hefi \u00e9g \u00fe\u00e1 sagt nokkurt or\u00f0 \u00ed \u00fe\u00e1 \u00e1tt vi\u00f0 nokkurn af d\u00f3murum \u00cdsraels, er \u00e9g setti til a\u00f0 vera hir\u00f0a l\u00fd\u00f0s m\u00edns, \u00cdsraels: Hv\u00ed reisi\u00f0 \u00fe\u00e9r m\u00e9r ekki h\u00fas af sedrusvi\u00f0i?<a name=\"8\"><span class=\"versanumer\">8<\/span><\/a>N\u00fa skalt \u00fe\u00fa svo segja \u00fej\u00f3ni m\u00ednum Dav\u00ed\u00f0: Svo segir Drottinn allsherjar: \u00c9g t\u00f3k \u00feig \u00far haglendinu, fr\u00e1 hjar\u00f0mennskunni, og setti \u00feig h\u00f6f\u00f0ingja yfir l\u00fd\u00f0 minn, \u00cdsrael.<a name=\"9\"><span class=\"versanumer\">9<\/span><\/a>\u00c9g hefi veri\u00f0 me\u00f0 \u00fe\u00e9r \u00ed \u00f6llu, sem \u00fe\u00fa hefir teki\u00f0 \u00fe\u00e9r fyrir hendur, og uppr\u00e6tt alla \u00f3vini \u00fe\u00edna fyrir \u00fe\u00e9r. \u00c9g mun gj\u00f6ra nafn \u00feitt sem nafn hinna mestu manna, sem \u00e1 j\u00f6r\u00f0inni eru,<a name=\"10\"><span class=\"versanumer\">10<\/span><\/a>og f\u00e1 l\u00fd\u00f0 m\u00ednum \u00cdsrael sta\u00f0 og gr\u00f3\u00f0ursetja hann \u00fear, svo a\u00f0 hann geti b\u00fai\u00f0 \u00e1 s\u00ednum sta\u00f0 og geti veri\u00f0 \u00f6ruggur framvegis. N\u00ed\u00f0ingar skulu ekki \u00fej\u00e1 hann framar eins og \u00e1\u00f0ur,<a name=\"11\"><span class=\"versanumer\">11<\/span><\/a>fr\u00e1 \u00fev\u00ed er \u00e9g setti d\u00f3mara yfir l\u00fd\u00f0 minn \u00cdsrael, og \u00e9g vil veita \u00fe\u00e9r fri\u00f0 fyrir \u00f6llum \u00f3vinum \u00fe\u00ednum. Og Drottinn bo\u00f0ar \u00fe\u00e9r, a\u00f0 hann muni reisa \u00fe\u00e9r h\u00fas.<a name=\"12\"><span class=\"versanumer\">12<\/span><\/a>\u00deegar \u00e6vi \u00fe\u00edn er \u00f6ll og \u00fe\u00fa leggst hj\u00e1 fe\u00f0rum \u00fe\u00ednum, mun \u00e9g hefja son \u00feinn eftir \u00feig, \u00feann er fr\u00e1 \u00fe\u00e9r kemur, og sta\u00f0festa konungd\u00f3m hans.<a name=\"13\"><span class=\"versanumer\">13<\/span><\/a>Hann skal reisa h\u00fas m\u00ednu nafni, og \u00e9g mun sta\u00f0festa konungsst\u00f3l hans a\u00f0 eil\u00edfu.<a name=\"14\"><span class=\"versanumer\">14<\/span><\/a>\u00c9g vil vera honum fa\u00f0ir, og hann skal vera m\u00e9r sonur, svo a\u00f0 \u00fe\u00f3tt honum yfirsj\u00e1ist, \u00fe\u00e1 mun \u00e9g hirta hann me\u00f0 manna vendi og manns barna h\u00f6ggum,<a name=\"15\"><span class=\"versanumer\">15<\/span><\/a>en miskunn m\u00edna mun \u00e9g ekki fr\u00e1 honum taka, eins og \u00e9g t\u00f3k hana fr\u00e1 fyrirrennara \u00fe\u00ednum.<a name=\"16\"><span class=\"versanumer\">16<\/span><\/a>H\u00fas \u00feitt og r\u00edki skal st\u00f6\u00f0ugt standa fyrir m\u00e9r a\u00f0 eil\u00edfu. H\u00e1s\u00e6ti \u00feitt skal vera \u00f3bifanlegt a\u00f0 eil\u00edfu.<a name=\"17\"><span class=\"versanumer\">17<\/span><\/a>Natan flutti Dav\u00ed\u00f0 \u00f6ll \u00feessi or\u00f0 og sag\u00f0i honum s\u00fdn \u00feessa alla.<a name=\"18\"><span class=\"versanumer\">18<\/span><\/a>\u00de\u00e1 gekk Dav\u00ed\u00f0 konungur inn og settist ni\u00f0ur frammi fyrir Drottni og m\u00e6lti: Hver er \u00e9g, Drottinn Gu\u00f0, og hva\u00f0 er h\u00fas mitt, a\u00f0 \u00fe\u00fa skulir hafa leitt mig til \u00feessa?<a name=\"19\"><span class=\"versanumer\">19<\/span><\/a>Og \u00fe\u00e9r n\u00e6g\u00f0i \u00fea\u00f0 eigi, Drottinn Gu\u00f0, heldur hefir \u00fe\u00fa og fyrirheit gefi\u00f0 um h\u00fas \u00fej\u00f3ns \u00fe\u00edns langt fram \u00ed aldir, og \u00fea\u00f0 meira a\u00f0 segja \u00e1 mannlegan h\u00e1tt, Drottinn Gu\u00f0.<a name=\"20\"><span class=\"versanumer\">20<\/span><\/a>En hva\u00f0 m\u00e1 Dav\u00ed\u00f0 enn vi\u00f0 \u00feig m\u00e6la? \u00de\u00fa \u00feekkir sj\u00e1lfur \u00fej\u00f3n \u00feinn, Drottinn Gu\u00f0!<a name=\"21\"><span class=\"versanumer\">21<\/span><\/a>Sakir \u00fej\u00f3ns \u00fe\u00edns og a\u00f0 \u00fe\u00ednum vilja hefir \u00fe\u00fa gj\u00f6rt \u00feetta, a\u00f0 bo\u00f0a \u00fej\u00f3ni \u00fe\u00ednum alla \u00feessa miklu hluti.<a name=\"22\"><span class=\"versanumer\">22<\/span><\/a>Fyrir \u00fev\u00ed ert \u00fe\u00fa mikill, Drottinn Gu\u00f0, \u00fev\u00ed a\u00f0 enginn er sem \u00fe\u00fa, og enginn er Gu\u00f0 nema \u00fe\u00fa samkv\u00e6mt \u00f6llu \u00fev\u00ed, er v\u00e9r h\u00f6fum heyrt me\u00f0 eyrum vorum.<a name=\"23\"><span class=\"versanumer\">23<\/span><\/a>Og hva\u00f0a \u00fej\u00f3\u00f0 \u00f6nnur \u00e1 j\u00f6r\u00f0inni jafnast vi\u00f0 \u00fe\u00edna \u00fej\u00f3\u00f0, \u00cdsrael, a\u00f0 Gu\u00f0 hafi framgengi\u00f0 og endurleyst hana s\u00e9r a\u00f0 eignarl\u00fd\u00f0 og afla\u00f0 s\u00e9r fr\u00e6g\u00f0ar? \u00de\u00fa gj\u00f6r\u00f0ir fyrir \u00fe\u00e1 \u00feessa miklu hluti og hr\u00e6\u00f0ilegu, a\u00f0 st\u00f6kkva burt \u00fej\u00f3\u00f0um og gu\u00f0um \u00feeirra undan \u00fe\u00ednu f\u00f3lki, sem \u00fe\u00fa haf\u00f0ir endurleyst af Egyptalandi.<a name=\"24\"><span class=\"versanumer\">24<\/span><\/a>\u00de\u00fa hefir gj\u00f6rt l\u00fd\u00f0 \u00feinn \u00cdsrael a\u00f0 \u00fe\u00ednum l\u00fd\u00f0 um aldur og \u00e6vi, og \u00fe\u00fa, Drottinn, gj\u00f6r\u00f0ist Gu\u00f0 \u00feeirra.<a name=\"25\"><span class=\"versanumer\">25<\/span><\/a>Og l\u00e1t \u00fe\u00fa, Drottinn Gu\u00f0, fyrirheit \u00fea\u00f0, er \u00fe\u00fa hefir gefi\u00f0 um \u00fej\u00f3n \u00feinn og um h\u00fas hans, st\u00f6\u00f0ugt standa um aldur og \u00e6vi, og gj\u00f6r \u00fe\u00fa svo sem \u00fe\u00fa hefir heiti\u00f0.<a name=\"26\"><span class=\"versanumer\">26<\/span><\/a>\u00de\u00e1 mun nafn \u00feitt miki\u00f0 ver\u00f0a a\u00f0 eil\u00edfu og hlj\u00f3\u00f0a svo: Drottinn allsherjar, Gu\u00f0 yfir \u00cdsrael og h\u00fas \u00fej\u00f3ns \u00fe\u00edns Dav\u00ed\u00f0s mun st\u00f6\u00f0ugt standa fyrir \u00fe\u00e9r.<a name=\"27\"><span class=\"versanumer\">27<\/span><\/a>\u00dev\u00ed a\u00f0 \u00fe\u00fa, Drottinn allsherjar, Gu\u00f0 \u00cdsraels, hefir birt \u00fej\u00f3ni \u00fe\u00ednum \u00feetta: \u00c9g mun reisa \u00fe\u00e9r h\u00fas. Fyrir \u00fev\u00ed haf\u00f0i \u00fej\u00f3nn \u00feinn dj\u00f6rfung til a\u00f0 bera \u00feessa b\u00e6n fram fyrir \u00feig.<a name=\"28\"><span class=\"versanumer\">28<\/span><\/a>Og n\u00fa, Drottinn Gu\u00f0, \u00fe\u00fa ert Gu\u00f0 og \u00fe\u00edn or\u00f0 eru sannleikur, og \u00fe\u00fa hefir gefi\u00f0 \u00fej\u00f3ni \u00fe\u00ednum \u00feetta d\u00fdrlega fyrirheit.<a name=\"29\"><span class=\"versanumer\">29<\/span><\/a>Virst \u00fe\u00fa n\u00fa a\u00f0 blessa h\u00fas \u00fej\u00f3ns \u00fe\u00edns, svo a\u00f0 \u00fea\u00f0 s\u00e9 til a\u00f0 eil\u00edfu fyrir \u00fe\u00ednu augliti. \u00dev\u00ed a\u00f0 \u00fe\u00fa, Drottinn Gu\u00f0, hefir fyrirheit gefi\u00f0, og fyrir blessun \u00fe\u00edna mun h\u00fas \u00fej\u00f3ns \u00fe\u00edns blessa\u00f0 ver\u00f0a a\u00f0 eil\u00edfu.<\/p>\n<div class=\"footnote1981\"><b>7.3<\/b> Drottinn er me\u00f0 \u00fe\u00e9r 1Sam 18.12+<br \/>\n<b>7.4<\/b> Um n\u00f3ttina 4M\u00f3s 22.8-13,19-20; 1Sam 9.15-17; 1Kon 14.5; 2Kon 20.4-6; Post 9.10-16<br \/>\n<b>7.6<\/b> \u00cd tjaldi 2M\u00f3s 40.21<br \/>\n<b>7.8<\/b> G\u00e6ttir fj\u00e1r 1Sam 16.11+; Slm 78.70-71 \u2013 h\u00f6f\u00f0ingi yfir \u00cdsrael 1Sam 24.21+<br \/>\n<b>7.9<\/b> \u00datr\u00fdmt \u00f6llum \u00f3vinum \u00fe\u00ednum 5M\u00f3s 12.29<br \/>\n<b>7.10<\/b> F\u00e1 \u00cdsrael sta\u00f0 2M\u00f3s 23.20; 4M\u00f3s 10.29; 14.40; 5M\u00f3s 26.9; 1Sam 12.8<br \/>\n<b>7.12<\/b> Son \u00feinn 1Kon 15.4 \u2013 konungd\u00f3m hans 1Sam 13.13; 1Kon 2.12,46<br \/>\n<b>7.13<\/b> \u00c6vinlega sty\u00f0ja 2M\u00f3s 15.17; Slm 9.8, 48.9; 87.5<br \/>\n<b>7.14<\/b> Sonur Slm 2.7; 89.29; 1Kro 17.13; 22.10; 28.6; 2Kor 6.18; Heb 1.5<br \/>\n<b>7.15<\/b> Fr\u00e1 S\u00e1l 1Sam 13.14; 15.28; 16.14<br \/>\n<b>7.16<\/b> \u00c6vinlega standa 1Sam 25.28; 1Kon 11.38; &#8211; h\u00e1s\u00e6ti \u00feitt st\u00f6\u00f0ugt standa 1Kon 2.45<br \/>\n<b>7.18<\/b> Hver er \u00e9g? 1Sam 9.21+<br \/>\n<b>7.22<\/b> \u00de\u00fa ert mikill Slm 104.1+ &#8211; nema \u00fe\u00fa 2M\u00f3s 15.11+<br \/>\n<b>7.23<\/b> Sinni eigin \u00fej\u00f3\u00f0 5M\u00f3s 4.7,33<br \/>\n<b>7.24<\/b> \u00dej\u00f3\u00f0 \u00feinni, Gu\u00f0 hennar 1Sam 12.22+<br \/>\n<b>7.25<\/b> Fyrirheit 5M\u00f3s 9.5; 1Sam 1.23; 1Kon 2.4<br \/>\n<b>7.26<\/b> Gu\u00f0 \u00cdsraels 1Kon 18.36 \u2013 jafnan standa 2Sam 7.16<br \/>\n<b>7.27<\/b> \u00deessarar b\u00f3nar 1Kon 8.28,29,54<br \/>\n<b>7.28<\/b> Or\u00f0 \u00fe\u00edn r\u00e6tast J\u00f3h 17.17<br \/>\n<b>7.29<\/b> Fyrir blessun \u00fe\u00edna Slm 21.4,7; 45.3<\/div>\n","protected":false},"excerpt":{"rendered":"<p>1Svo bar til, \u00fe\u00e1 er konungur sat \u00ed h\u00f6ll sinni en Drottinn haf\u00f0i \u00fe\u00e1 veitt honum fri\u00f0 fyrir \u00f6llum \u00f3vinum hans allt \u00ed kring,2a\u00f0 konungur sag\u00f0i vi\u00f0 Natan sp\u00e1mann: Sj\u00e1, \u00e9g b\u00fd \u00ed h\u00f6ll af sedrusvi\u00f0i, en \u00f6rk Gu\u00f0s b\u00fdr undir tjaldd\u00fak.3Natan svara\u00f0i konungi: Far \u00fe\u00fa og gj\u00f6r allt, sem \u00fe\u00e9r er \u00ed hug, \u00fev\u00ed a\u00f0 Drottinn er me\u00f0 \u00fe\u00e9r.4En hina s\u00f6mu n\u00f3tt kom or\u00f0 Drottins til Natans, svohlj\u00f3\u00f0andi:5Far og seg \u00fej\u00f3ni m\u00ednum Dav\u00ed\u00f0: Svo segir Drottinn: \u00c6tlar \u00fe\u00fa a\u00f0 reisa m\u00e9r h\u00fas til a\u00f0 b\u00faa \u00ed?6\u00c9g hefi ekki b\u00fai\u00f0 \u00ed h\u00fasi, s\u00ed\u00f0an \u00e9g leiddi \u00cdsraelsmenn \u00fat af Egyptalandi, allt <a href=\"https:\/\/biblian.is\/1981\/sidari-samuelsbok-7-kafli\/\"> [&#8230;]<\/a><\/p>\n","protected":false},"author":1,"featured_media":0,"parent":0,"menu_order":0,"comment_status":"open","ping_status":"open","template":"bibliukaflar.php","meta":{"footnotes":""},"class_list":["post-1620","page","type-page","status-publish","hentry"],"_links":{"self":[{"href":"https:\/\/biblian.is\/1981\/wp-json\/wp\/v2\/pages\/1620","targetHints":{"allow":["GET"]}}],"collection":[{"href":"https:\/\/biblian.is\/1981\/wp-json\/wp\/v2\/pages"}],"about":[{"href":"https:\/\/biblian.is\/1981\/wp-json\/wp\/v2\/types\/page"}],"author":[{"embeddable":true,"href":"https:\/\/biblian.is\/1981\/wp-json\/wp\/v2\/users\/1"}],"replies":[{"embeddable":true,"href":"https:\/\/biblian.is\/1981\/wp-json\/wp\/v2\/comments?post=1620"}],"version-history":[{"count":0,"href":"https:\/\/biblian.is\/1981\/wp-json\/wp\/v2\/pages\/1620\/revisions"}],"wp:attachment":[{"href":"https:\/\/biblian.is\/1981\/wp-json\/wp\/v2\/media?parent=1620"}],"curies":[{"name":"wp","href":"https:\/\/api.w.org\/{rel}","templated":true}]}}