{"id":1618,"date":"2017-11-18T20:17:59","date_gmt":"2017-11-18T20:17:59","guid":{"rendered":"http:\/\/biblian.is\/1981\/sidari-samuelsbok-5-kafli\/"},"modified":"2021-06-06T11:10:55","modified_gmt":"2021-06-06T11:10:55","slug":"sidari-samuelsbok-5-kafli","status":"publish","type":"page","link":"https:\/\/biblian.is\/1981\/sidari-samuelsbok-5-kafli\/","title":{"rendered":"S\u00ed\u00f0ari Sam\u00faelsb\u00f3k 5. kafli"},"content":{"rendered":"<p><a name=\"1\"><span class=\"versanumer\">1<\/span><\/a>Allar \u00e6ttkv\u00edslir \u00cdsraels komu til Dav\u00ed\u00f0s \u00ed Hebron og s\u00f6g\u00f0u: Sj\u00e1, v\u00e9r erum hold \u00feitt og bein!<a name=\"2\"><span class=\"versanumer\">2<\/span><\/a>\u00deegar um langa hr\u00ed\u00f0, \u00e1 me\u00f0an S\u00e1l var konungur yfir oss, hefir \u00fe\u00fa veri\u00f0 fyrir \u00cdsrael, b\u00e6\u00f0i \u00feegar hann lag\u00f0i af sta\u00f0 \u00ed str\u00ed\u00f0 og \u00feegar hann kom heim. Auk \u00feess hefir Drottinn vi\u00f0 \u00feig sagt: \u00de\u00fa skalt vera hir\u00f0ir \u00fej\u00f3\u00f0ar minnar \u00cdsraels, og \u00fe\u00fa skalt vera h\u00f6f\u00f0ingi yfir \u00cdsrael!<a name=\"3\"><span class=\"versanumer\">3<\/span><\/a>Allir \u00f6ldungar \u00cdsraels komu til konungsins \u00ed Hebron, og Dav\u00ed\u00f0 konungur gj\u00f6r\u00f0i vi\u00f0 \u00fe\u00e1 s\u00e1ttm\u00e1la \u00ed Hebron, frammi fyrir augliti Drottins, og \u00feeir smur\u00f0u Dav\u00ed\u00f0 til konungs yfir \u00cdsrael.<a name=\"4\"><span class=\"versanumer\">4<\/span><\/a>\u00derj\u00e1t\u00edu \u00e1ra gamall var Dav\u00ed\u00f0, \u00fe\u00e1 er hann var\u00f0 konungur, og fj\u00f6rut\u00edu \u00e1r r\u00edkti hann.<a name=\"5\"><span class=\"versanumer\">5<\/span><\/a>\u00cd Hebron r\u00edkti hann sj\u00f6 \u00e1r og sex m\u00e1nu\u00f0i yfir J\u00fada, og \u00ed Jer\u00fasalem r\u00edkti hann \u00ferj\u00e1t\u00edu og \u00ferj\u00fa \u00e1r yfir \u00f6llum \u00cdsrael og J\u00fada.<a name=\"6\"><span class=\"versanumer\">6<\/span><\/a>Konungur og menn hans f\u00f3ru til Jer\u00fasalem \u00ed m\u00f3ti Jeb\u00fas\u00edtum, sem bjuggu \u00ed \u00fev\u00ed h\u00e9ra\u00f0i. Jeb\u00fas\u00edtar s\u00f6g\u00f0u vi\u00f0 Dav\u00ed\u00f0: \u00de\u00fa munt eigi komast h\u00e9r inn, heldur munu blindir menn og haltir reka \u00feig burt. Me\u00f0 \u00fev\u00ed \u00e1ttu \u00feeir vi\u00f0: Dav\u00ed\u00f0 mun ekki komast h\u00e9r inn.<a name=\"7\"><span class=\"versanumer\">7<\/span><\/a>En Dav\u00ed\u00f0 t\u00f3k v\u00edgi\u00f0 S\u00edon, \u00fea\u00f0 er Dav\u00ed\u00f0sborg.<a name=\"8\"><span class=\"versanumer\">8<\/span><\/a>Dav\u00ed\u00f0 sag\u00f0i \u00e1 \u00feeim degi: Hver sem vill vinna sigur \u00e1 Jeb\u00fas\u00edtum, skal fara um g\u00f6ngin til \u00feess a\u00f0 komast a\u00f0 \u00feeim h\u00f6ltu og blindu, sem Dav\u00ed\u00f0 hatar \u00ed s\u00e1lu sinni. \u00dea\u00f0an er komi\u00f0 m\u00e1lt\u00e6ki\u00f0: Blindir og haltir komast ekki inn \u00ed musteri\u00f0.<a name=\"9\"><span class=\"versanumer\">9<\/span><\/a>\u00dev\u00ed n\u00e6st settist Dav\u00ed\u00f0 a\u00f0 \u00ed v\u00edginu, og nefndi hann \u00fea\u00f0 Dav\u00ed\u00f0sborg. Hann reisti og v\u00edggir\u00f0ingar umhverfis, fr\u00e1 Mill\u00f3 og \u00fea\u00f0an inn \u00e1 vi\u00f0.<a name=\"10\"><span class=\"versanumer\">10<\/span><\/a>Og Dav\u00ed\u00f0 efldist meir og meir, og Drottinn, Gu\u00f0 allsherjar, var me\u00f0 honum.<a name=\"11\"><span class=\"versanumer\">11<\/span><\/a>H\u00edram, konungur \u00ed T\u00fdrus, gj\u00f6r\u00f0i menn \u00e1 fund Dav\u00ed\u00f0s og sendi honum sedrustr\u00e9, tr\u00e9smi\u00f0i og steinh\u00f6ggvara, og reistu \u00feeir h\u00f6ll handa Dav\u00ed\u00f0.<a name=\"12\"><span class=\"versanumer\">12<\/span><\/a>Og Dav\u00ed\u00f0 kanna\u00f0ist vi\u00f0, a\u00f0 Drottinn hef\u00f0i sta\u00f0fest konungd\u00f3m hans yfir \u00cdsrael og eflt konungsr\u00edki hans fyrir sakir \u00fej\u00f3\u00f0ar sinnar \u00cdsraels.<a name=\"13\"><span class=\"versanumer\">13<\/span><\/a>Dav\u00ed\u00f0 t\u00f3k s\u00e9r enn hj\u00e1konur og konur \u00ed Jer\u00fasalem, eftir a\u00f0 hann var farinn burt fr\u00e1 Hebron, og Dav\u00ed\u00f0 f\u00e6ddust enn synir og d\u00e6tur.<a name=\"14\"><span class=\"versanumer\">14<\/span><\/a>\u00deetta eru n\u00f6fn \u00feeirra sona, sem honum f\u00e6ddust \u00ed Jer\u00fasalem: Samm\u00faa, S\u00f3bab, Natan, Sal\u00f3mon,<a name=\"15\"><span class=\"versanumer\">15<\/span><\/a>J\u00edbhar, El\u00eds\u00faa, Nefeg, Jaf\u00eda,<a name=\"16\"><span class=\"versanumer\">16<\/span><\/a>El\u00edsama, Eljada og El\u00edfelet.<a name=\"17\"><span class=\"versanumer\">17<\/span><\/a>\u00deegar Filistar heyr\u00f0u a\u00f0 Dav\u00ed\u00f0 v\u00e6ri smur\u00f0ur til konungs yfir \u00cdsrael, l\u00f6g\u00f0u \u00feeir af sta\u00f0 a\u00f0 leita Dav\u00ed\u00f0s. Og er Dav\u00ed\u00f0 fr\u00e9tti \u00fea\u00f0, f\u00f3r hann ofan \u00ed fjallv\u00edgi\u00f0.<a name=\"18\"><span class=\"versanumer\">18<\/span><\/a>Og Filistar komu og dreif\u00f0u s\u00e9r um Refa\u00edmdal.<a name=\"19\"><span class=\"versanumer\">19<\/span><\/a>\u00de\u00e1 gekk Dav\u00ed\u00f0 til fr\u00e9tta vi\u00f0 Drottin og sag\u00f0i: \u00c1 \u00e9g a\u00f0 fara m\u00f3ti Filistum? Munt \u00fe\u00fa gefa \u00fe\u00e1 \u00ed hendur m\u00e9r? Drottinn svara\u00f0i Dav\u00ed\u00f0: Far \u00fe\u00fa, \u00fev\u00ed a\u00f0 \u00e9g mun vissulega gefa Filista \u00ed hendur \u00fe\u00e9r.<a name=\"20\"><span class=\"versanumer\">20<\/span><\/a>\u00de\u00e1 f\u00f3r Dav\u00ed\u00f0 til Baal Peras\u00edm. Og Dav\u00ed\u00f0 vann \u00fear sigur \u00e1 \u00feeim og sag\u00f0i: Drottinn hefir skola\u00f0 burt \u00f3vinum m\u00ednum fyrir m\u00e9r, eins og \u00feegar vatn ry\u00f0ur s\u00e9r r\u00e1s. Fyrir \u00fev\u00ed var s\u00e1 sta\u00f0ur nefndur Baal Peras\u00edm.<a name=\"21\"><span class=\"versanumer\">21<\/span><\/a>En \u00feeir l\u00e9tu \u00fear eftir skur\u00f0go\u00f0 s\u00edn, og Dav\u00ed\u00f0 og menn hans t\u00f3ku \u00feau.<a name=\"22\"><span class=\"versanumer\">22<\/span><\/a>Filistar komu aftur og dreif\u00f0u s\u00e9r um Refa\u00edmdal.<a name=\"23\"><span class=\"versanumer\">23<\/span><\/a>\u00de\u00e1 gekk Dav\u00ed\u00f0 til fr\u00e9tta vi\u00f0 Drottin, og hann svara\u00f0i: Far \u00fe\u00fa eigi \u00ed m\u00f3ti \u00feeim. Far \u00fe\u00fa \u00ed bug og kom a\u00f0 baki \u00feeim og r\u00e1\u00f0 \u00e1 \u00fe\u00e1 fram undan bakatrj\u00e1num.<a name=\"24\"><span class=\"versanumer\">24<\/span><\/a>Og \u00feegar \u00fe\u00fa heyrir \u00feyt af fer\u00f0 \u00ed kr\u00f3num bakatrj\u00e1nna, \u00fe\u00e1 skalt \u00fe\u00fa hra\u00f0a \u00fe\u00e9r, \u00fev\u00ed a\u00f0 \u00fe\u00e1 fer Drottinn fyrir \u00fe\u00e9r til \u00feess a\u00f0 lj\u00f3sta her Filista.<a name=\"25\"><span class=\"versanumer\">25<\/span><\/a>Og Dav\u00ed\u00f0 gj\u00f6r\u00f0i eins og Drottinn bau\u00f0 honum og vann sigur \u00e1 Filistum fr\u00e1 Geba alla lei\u00f0 til Geser.<\/p>\n<div class=\"footnote1981\"><b>5.5<\/b> Sj\u00f6 og h\u00e1lft \u00e1r 2Sam 2.11; 1Kon 2.11<br \/>\n<b>5.8<\/b> Blindir og lama\u00f0ir sbr 3M\u00f3s 21.18; Matt 21.14<br \/>\n<b>5.10<\/b> Drottinn var me\u00f0 honum 1Sam 18.12+<br \/>\n<b>5.11<\/b> H\u00edram 1Kon 5.15<br \/>\n<b>5.13<\/b> Fr\u00e1 Hebron 2Sam 2.1-7; 3.2-5<br \/>\n<b>5.20<\/b> Nefndur 2Sam 2.16+<br \/>\n<b>5.21<\/b> Skur\u00f0go\u00f0in skilin eftir 1Sam 4.11<br \/>\n<b>5.24<\/b> Heyra \u00ferusk 1M\u00f3s 3.8; 2Kon 7.6<\/div>\n","protected":false},"excerpt":{"rendered":"<p>1Allar \u00e6ttkv\u00edslir \u00cdsraels komu til Dav\u00ed\u00f0s \u00ed Hebron og s\u00f6g\u00f0u: Sj\u00e1, v\u00e9r erum hold \u00feitt og bein!2\u00deegar um langa hr\u00ed\u00f0, \u00e1 me\u00f0an S\u00e1l var konungur yfir oss, hefir \u00fe\u00fa veri\u00f0 fyrir \u00cdsrael, b\u00e6\u00f0i \u00feegar hann lag\u00f0i af sta\u00f0 \u00ed str\u00ed\u00f0 og \u00feegar hann kom heim. Auk \u00feess hefir Drottinn vi\u00f0 \u00feig sagt: \u00de\u00fa skalt vera hir\u00f0ir \u00fej\u00f3\u00f0ar minnar \u00cdsraels, og \u00fe\u00fa skalt vera h\u00f6f\u00f0ingi yfir \u00cdsrael!3Allir \u00f6ldungar \u00cdsraels komu til konungsins \u00ed Hebron, og Dav\u00ed\u00f0 konungur gj\u00f6r\u00f0i vi\u00f0 \u00fe\u00e1 s\u00e1ttm\u00e1la \u00ed Hebron, frammi fyrir augliti Drottins, og \u00feeir smur\u00f0u Dav\u00ed\u00f0 til konungs yfir \u00cdsrael.4\u00derj\u00e1t\u00edu \u00e1ra gamall var Dav\u00ed\u00f0, \u00fe\u00e1 er <a href=\"https:\/\/biblian.is\/1981\/sidari-samuelsbok-5-kafli\/\"> [&#8230;]<\/a><\/p>\n","protected":false},"author":1,"featured_media":0,"parent":0,"menu_order":0,"comment_status":"open","ping_status":"open","template":"bibliukaflar.php","meta":{"footnotes":""},"class_list":["post-1618","page","type-page","status-publish","hentry"],"_links":{"self":[{"href":"https:\/\/biblian.is\/1981\/wp-json\/wp\/v2\/pages\/1618","targetHints":{"allow":["GET"]}}],"collection":[{"href":"https:\/\/biblian.is\/1981\/wp-json\/wp\/v2\/pages"}],"about":[{"href":"https:\/\/biblian.is\/1981\/wp-json\/wp\/v2\/types\/page"}],"author":[{"embeddable":true,"href":"https:\/\/biblian.is\/1981\/wp-json\/wp\/v2\/users\/1"}],"replies":[{"embeddable":true,"href":"https:\/\/biblian.is\/1981\/wp-json\/wp\/v2\/comments?post=1618"}],"version-history":[{"count":0,"href":"https:\/\/biblian.is\/1981\/wp-json\/wp\/v2\/pages\/1618\/revisions"}],"wp:attachment":[{"href":"https:\/\/biblian.is\/1981\/wp-json\/wp\/v2\/media?parent=1618"}],"curies":[{"name":"wp","href":"https:\/\/api.w.org\/{rel}","templated":true}]}}