{"id":1617,"date":"2017-11-18T20:17:59","date_gmt":"2017-11-18T20:17:59","guid":{"rendered":"http:\/\/biblian.is\/1981\/sidari-samuelsbok-4-kafli\/"},"modified":"2021-06-06T11:10:54","modified_gmt":"2021-06-06T11:10:54","slug":"sidari-samuelsbok-4-kafli","status":"publish","type":"page","link":"https:\/\/biblian.is\/1981\/sidari-samuelsbok-4-kafli\/","title":{"rendered":"S\u00ed\u00f0ari Sam\u00faelsb\u00f3k 4. kafli"},"content":{"rendered":"<p><a name=\"1\"><span class=\"versanumer\">1<\/span><\/a>Er \u00cdsb\u00f3set sonur S\u00e1ls fr\u00e9tti, a\u00f0 Abner v\u00e6ri dau\u00f0ur \u00ed Hebron, f\u00e9llust honum hendur, og allur \u00cdsrael var\u00f0 \u00f3ttasleginn.<a name=\"2\"><span class=\"versanumer\">2<\/span><\/a>\u00cdsb\u00f3set sonur S\u00e1ls haf\u00f0i tvo menn hj\u00e1 s\u00e9r, foringja fyrir r\u00e1nsflokkum. H\u00e9t annar \u00feeirra Baana, en hinn Rekab. \u00deeir voru synir Rimm\u00f3ns fr\u00e1 Beer\u00f3t, af kyn\u00fe\u00e6tti Benjam\u00edns, \u00fev\u00ed a\u00f0 Beer\u00f3t telst me\u00f0 Benjam\u00edn.<a name=\"3\"><span class=\"versanumer\">3<\/span><\/a>En Beer\u00f3tb\u00faar voru fl\u00fanir til Gitta\u00edm, og hafa \u00feeir veri\u00f0 \u00fear sem hj\u00e1b\u00fdlingar fram \u00e1 \u00feennan dag.<a name=\"4\"><span class=\"versanumer\">4<\/span><\/a>J\u00f3natan, sonur S\u00e1ls, \u00e1tti son lama \u00e1 b\u00e1\u00f0um f\u00f3tum. Hann var fimm vetra gamall, \u00feegar fregnin kom um S\u00e1l og J\u00f3natan fr\u00e1 Jesreel. \u00de\u00e1 t\u00f3k f\u00f3stra hans hann og fl\u00fd\u00f0i, en \u00ed ofbo\u00f0inu, er h\u00fan fl\u00fd\u00f0i, f\u00e9ll hann og var\u00f0 lami. Hann h\u00e9t Mef\u00edb\u00f3set.<a name=\"5\"><span class=\"versanumer\">5<\/span><\/a>Synir Rimm\u00f3ns fr\u00e1 Beer\u00f3t, \u00feeir Rekab og Baana, l\u00f6g\u00f0u af sta\u00f0 og komu, \u00fe\u00e1 er heitast var dags, \u00ed h\u00fas \u00cdsb\u00f3sets. Haf\u00f0i hann \u00fe\u00e1 lagt sig um mi\u00f0degi\u00f0.<a name=\"6\"><span class=\"versanumer\">6<\/span><\/a>En st\u00falkan, sem dyranna g\u00e6tti, haf\u00f0i veri\u00f0 a\u00f0 hreinsa hveiti, og haf\u00f0i hana syfja\u00f0 og var h\u00fan sofandi. \u00deeir Rekab og Baana br\u00f3\u00f0ir hans l\u00e6ddust \u00fev\u00ed inn.<a name=\"7\"><span class=\"versanumer\">7<\/span><\/a>Og er \u00feeir komu inn \u00ed h\u00fasi\u00f0, \u00fe\u00e1 l\u00e1 \u00cdsb\u00f3set \u00ed hv\u00edlu sinni \u00ed svefnh\u00fasi s\u00ednu. En \u00feeir b\u00e1ru vopn \u00e1 hann og unnu \u00e1 honum og hjuggu af honum h\u00f6fu\u00f0i\u00f0. \u00dev\u00ed n\u00e6st t\u00f3ku \u00feeir h\u00f6fu\u00f0 hans og h\u00e9ldu \u00e1fram alla n\u00f3ttina veginn yfir J\u00f3rdandalinn.<a name=\"8\"><span class=\"versanumer\">8<\/span><\/a>Og \u00feeir f\u00e6r\u00f0u Dav\u00ed\u00f0 \u00ed Hebron h\u00f6fu\u00f0i\u00f0 af \u00cdsb\u00f3set og m\u00e6ltu vi\u00f0 konunginn: H\u00e9r er h\u00f6fu\u00f0 \u00cdsb\u00f3sets, sonar S\u00e1ls, \u00f3vinar \u00fe\u00edns, sem sat um l\u00edf \u00feitt. Drottinn hefir n\u00fa l\u00e1ti\u00f0 herra m\u00ednum, konunginum, ver\u00f0a hefndar au\u00f0i\u00f0 \u00e1 S\u00e1l og ni\u00f0jum hans.<a name=\"9\"><span class=\"versanumer\">9<\/span><\/a>Dav\u00ed\u00f0 svara\u00f0i Rekab og Baana br\u00f3\u00f0ur hans, \u00feeim sonum Rimm\u00f3ns fr\u00e1 Beer\u00f3t, og m\u00e6lti til \u00feeirra: Svo sannarlega sem Drottinn lifir, s\u00e1 er frelsa\u00f0 hefir l\u00edf mitt \u00far \u00f6llum nau\u00f0um:<a name=\"10\"><span class=\"versanumer\">10<\/span><\/a>\u00deann mann, sem f\u00e6r\u00f0i m\u00e9r t\u00ed\u00f0indin: Sj\u00e1, S\u00e1l er dau\u00f0ur! og hug\u00f0ist f\u00e6ra m\u00e9r gle\u00f0it\u00ed\u00f0indi, hann l\u00e9t \u00e9g handtaka og drepa \u00ed Siklag og galt honum \u00feann veg s\u00f6gulaunin.<a name=\"11\"><span class=\"versanumer\">11<\/span><\/a>Og \u00feegar illir menn n\u00fa hafa myrt saklausan mann \u00ed hv\u00edlu sinni \u00ed hans eigin h\u00fasi, skyldi \u00e9g \u00fe\u00e1 ekki miklu fremur krefjast bl\u00f3\u00f0s hans af ykkar hendi og afm\u00e1 ykkur af j\u00f6r\u00f0inni?<a name=\"12\"><span class=\"versanumer\">12<\/span><\/a>S\u00ed\u00f0an bau\u00f0 Dav\u00ed\u00f0 sveinum s\u00ednum a\u00f0 drepa \u00fe\u00e1. \u00deeir gj\u00f6r\u00f0u svo og hjuggu af \u00feeim hendur og f\u00e6tur og hengdu \u00fe\u00e1 upp hj\u00e1 tj\u00f6rninni \u00ed Hebron. En h\u00f6fu\u00f0 \u00cdsb\u00f3sets t\u00f3ku \u00feeir og j\u00f6r\u00f0u\u00f0u \u00fea\u00f0 \u00ed gr\u00f6f Abners \u00ed Hebron.<\/p>\n<div class=\"footnote1981\"><b>4.1<\/b> F\u00e9llust hendur Jer 6.24; 50.43<br \/>\n<b>4.4<\/b> Mef\u00edb\u00f3set 2Sam 9.1-13<br \/>\n<b>4.8<\/b> S\u00f3ttist eftir l\u00edfi \u00fe\u00ednu 2Sam 16.11; 2M\u00f3s 4.19; 1Kon 19.10,14; Matt 2.20 &#8211; hefnd 2Sam 22.48; 1Sam 24.13<br \/>\n<b>4.10<\/b> F\u00e6r\u00f0i m\u00e9r fregnina 2Sam 1.5-16<br \/>\n<b>4.12<\/b> Vega \u00fe\u00e1 2Sam 1.15; 1Sam 22.18<\/div>\n","protected":false},"excerpt":{"rendered":"<p>1Er \u00cdsb\u00f3set sonur S\u00e1ls fr\u00e9tti, a\u00f0 Abner v\u00e6ri dau\u00f0ur \u00ed Hebron, f\u00e9llust honum hendur, og allur \u00cdsrael var\u00f0 \u00f3ttasleginn.2\u00cdsb\u00f3set sonur S\u00e1ls haf\u00f0i tvo menn hj\u00e1 s\u00e9r, foringja fyrir r\u00e1nsflokkum. H\u00e9t annar \u00feeirra Baana, en hinn Rekab. \u00deeir voru synir Rimm\u00f3ns fr\u00e1 Beer\u00f3t, af kyn\u00fe\u00e6tti Benjam\u00edns, \u00fev\u00ed a\u00f0 Beer\u00f3t telst me\u00f0 Benjam\u00edn.3En Beer\u00f3tb\u00faar voru fl\u00fanir til Gitta\u00edm, og hafa \u00feeir veri\u00f0 \u00fear sem hj\u00e1b\u00fdlingar fram \u00e1 \u00feennan dag.4J\u00f3natan, sonur S\u00e1ls, \u00e1tti son lama \u00e1 b\u00e1\u00f0um f\u00f3tum. Hann var fimm vetra gamall, \u00feegar fregnin kom um S\u00e1l og J\u00f3natan fr\u00e1 Jesreel. \u00de\u00e1 t\u00f3k f\u00f3stra hans hann og fl\u00fd\u00f0i, en \u00ed ofbo\u00f0inu, er <a href=\"https:\/\/biblian.is\/1981\/sidari-samuelsbok-4-kafli\/\"> [&#8230;]<\/a><\/p>\n","protected":false},"author":1,"featured_media":0,"parent":0,"menu_order":0,"comment_status":"open","ping_status":"open","template":"bibliukaflar.php","meta":{"footnotes":""},"class_list":["post-1617","page","type-page","status-publish","hentry"],"_links":{"self":[{"href":"https:\/\/biblian.is\/1981\/wp-json\/wp\/v2\/pages\/1617","targetHints":{"allow":["GET"]}}],"collection":[{"href":"https:\/\/biblian.is\/1981\/wp-json\/wp\/v2\/pages"}],"about":[{"href":"https:\/\/biblian.is\/1981\/wp-json\/wp\/v2\/types\/page"}],"author":[{"embeddable":true,"href":"https:\/\/biblian.is\/1981\/wp-json\/wp\/v2\/users\/1"}],"replies":[{"embeddable":true,"href":"https:\/\/biblian.is\/1981\/wp-json\/wp\/v2\/comments?post=1617"}],"version-history":[{"count":0,"href":"https:\/\/biblian.is\/1981\/wp-json\/wp\/v2\/pages\/1617\/revisions"}],"wp:attachment":[{"href":"https:\/\/biblian.is\/1981\/wp-json\/wp\/v2\/media?parent=1617"}],"curies":[{"name":"wp","href":"https:\/\/api.w.org\/{rel}","templated":true}]}}