{"id":1616,"date":"2017-11-18T20:17:59","date_gmt":"2017-11-18T20:17:59","guid":{"rendered":"http:\/\/biblian.is\/1981\/sidari-samuelsbok-3-kafli\/"},"modified":"2021-06-06T11:10:54","modified_gmt":"2021-06-06T11:10:54","slug":"sidari-samuelsbok-3-kafli","status":"publish","type":"page","link":"https:\/\/biblian.is\/1981\/sidari-samuelsbok-3-kafli\/","title":{"rendered":"S\u00ed\u00f0ari Sam\u00faelsb\u00f3k 3. kafli"},"content":{"rendered":"<p><a name=\"1\"><span class=\"versanumer\">1<\/span><\/a>\u00deegar \u00f3fri\u00f0urinn milli S\u00e1ls h\u00fass og Dav\u00ed\u00f0s h\u00fass t\u00f3k a\u00f0 gj\u00f6rast langvinnur, \u00fe\u00e1 efldist Dav\u00ed\u00f0s h\u00fas meir og meir, en S\u00e1ls h\u00fasi hnigna\u00f0i meir og meir.<a name=\"2\"><span class=\"versanumer\">2<\/span><\/a>Dav\u00ed\u00f0 f\u00e6ddust synir \u00ed Hebron: Frumgetinn sonur hans var Amnon, me\u00f0 Ak\u00edn\u00f3am fr\u00e1 Jesreel.<a name=\"3\"><span class=\"versanumer\">3<\/span><\/a>Annar sonur hans var K\u00edleab, me\u00f0 Ab\u00edgail, er \u00e1tt haf\u00f0i Nabal \u00ed Karmel, hinn \u00feri\u00f0ji Absalon, sonur Ma\u00f6ku, d\u00f3ttur Talma\u00ed, konungs \u00ed Ges\u00far,<a name=\"4\"><span class=\"versanumer\">4<\/span><\/a>hinn fj\u00f3r\u00f0i Ad\u00f3n\u00eda, sonur Hagg\u00edtar, hinn fimmti Sefatja, sonur Ab\u00edtalar,<a name=\"5\"><span class=\"versanumer\">5<\/span><\/a>og hinn sj\u00f6tti Jitream, me\u00f0 Eglu, konu Dav\u00ed\u00f0s. \u00deessir f\u00e6ddust Dav\u00ed\u00f0 \u00ed Hebron.<a name=\"6\"><span class=\"versanumer\">6<\/span><\/a>Me\u00f0an \u00f3fri\u00f0urinn st\u00f3\u00f0 milli S\u00e1ls h\u00fass og Dav\u00ed\u00f0s h\u00fass, var Abner \u00f6flugur fylgisma\u00f0ur S\u00e1ls h\u00fass.<a name=\"7\"><span class=\"versanumer\">7<\/span><\/a>S\u00e1l haf\u00f0i \u00e1tt hj\u00e1konu, er Rispa h\u00e9t og var Ajasd\u00f3ttir. Og \u00cdsb\u00f3set, sonur S\u00e1ls, sag\u00f0i vi\u00f0 Abner: Hv\u00ed hefir \u00fe\u00fa gengi\u00f0 \u00ed eina s\u00e6ng me\u00f0 hj\u00e1konu f\u00f6\u00f0ur m\u00edns?<a name=\"8\"><span class=\"versanumer\">8<\/span><\/a>Abner reiddist mj\u00f6g or\u00f0um \u00cdsb\u00f3sets og m\u00e6lti: Er \u00e9g s\u00e1 hundshaus, a\u00f0 \u00e9g haldi me\u00f0 J\u00fada? Enn \u00ed dag au\u00f0s\u00fdni \u00e9g elsku h\u00fasi S\u00e1ls, f\u00f6\u00f0ur \u00fe\u00edns, vandam\u00f6nnum hans og vinum, og \u00e9g hefi ekki framselt \u00feig \u00ed hendur Dav\u00ed\u00f0s, og \u00fe\u00f3 \u00e1sakar \u00fe\u00fa mig \u00ed dag um konum\u00e1l.<a name=\"9\"><span class=\"versanumer\">9<\/span><\/a>Gu\u00f0 gj\u00f6ri m\u00e9r \u00fea\u00f0, er hann vill, n\u00fa og s\u00ed\u00f0ar: Eins og Drottinn hefir svari\u00f0 Dav\u00ed\u00f0, svo skal \u00e9g vi\u00f0 hann gj\u00f6ra:<a name=\"10\"><span class=\"versanumer\">10<\/span><\/a>flytja konungd\u00f3minn fr\u00e1 h\u00fasi S\u00e1ls og reisa h\u00e1s\u00e6ti Dav\u00ed\u00f0s yfir \u00cdsrael og J\u00fada, fr\u00e1 Dan til Beerseba.<a name=\"11\"><span class=\"versanumer\">11<\/span><\/a>Hinn gat ekki svara\u00f0 Abner einu or\u00f0i af hr\u00e6\u00f0slu vi\u00f0 hann.<a name=\"12\"><span class=\"versanumer\">12<\/span><\/a>\u00de\u00e1 gj\u00f6r\u00f0i Abner sendimenn \u00e1 fund Dav\u00ed\u00f0s \u00ed Hebron me\u00f0 \u00feessa or\u00f0sending: Hvers er landi\u00f0? Og: Gj\u00f6r \u00fe\u00fa s\u00e1ttm\u00e1la vi\u00f0 mig, \u00fe\u00e1 mun \u00e9g veita \u00fe\u00e9r fulltingi til a\u00f0 sn\u00faa \u00f6llum \u00cdsrael til fylgis vi\u00f0 \u00feig.<a name=\"13\"><span class=\"versanumer\">13<\/span><\/a>Dav\u00ed\u00f0 svara\u00f0i: Gott og vel, \u00e9g vil gj\u00f6ra s\u00e1ttm\u00e1la vi\u00f0 \u00feig. En eins krefst \u00e9g af \u00fe\u00e9r: \u00de\u00fa skalt ekki l\u00edta \u00e1sj\u00f3nu m\u00edna fyrr en \u00fe\u00fa f\u00e6rir m\u00e9r M\u00edkal, d\u00f3ttur S\u00e1ls, \u00fe\u00e1 er \u00fe\u00fa kemur til \u00feess a\u00f0 l\u00edta \u00e1sj\u00f3nu m\u00edna.<a name=\"14\"><span class=\"versanumer\">14<\/span><\/a>Og Dav\u00ed\u00f0 gj\u00f6r\u00f0i sendimenn \u00e1 fund \u00cdsb\u00f3sets, sonar S\u00e1ls, me\u00f0 \u00fe\u00e1 or\u00f0sending: F\u00e1 m\u00e9r konu m\u00edna M\u00edkal, er \u00e9g festi m\u00e9r fyrir hundra\u00f0 filistayfirh\u00fa\u00f0ir.<a name=\"15\"><span class=\"versanumer\">15<\/span><\/a>\u00de\u00e1 sendi \u00cdsb\u00f3set og l\u00e9t taka hana fr\u00e1 manni hennar, Palt\u00edel La\u00edssyni.<a name=\"16\"><span class=\"versanumer\">16<\/span><\/a>Og ma\u00f0ur hennar fylgdi henni me\u00f0 miklum gr\u00e1ti til Bah\u00far\u00edm. \u00de\u00e1 sag\u00f0i Abner vi\u00f0 hann: Far\u00f0u n\u00fa heim aftur! F\u00f3r hann \u00fe\u00e1 aftur heim.<a name=\"17\"><span class=\"versanumer\">17<\/span><\/a>Abner haf\u00f0i \u00e1tt tal vi\u00f0 \u00f6ldunga \u00cdsraels og sagt: \u00de\u00e9r hafi\u00f0 \u00feegar fyrir l\u00f6ngu \u00e6skt \u00feess, a\u00f0 Dav\u00ed\u00f0 yr\u00f0i konungur y\u00f0ar.<a name=\"18\"><span class=\"versanumer\">18<\/span><\/a>L\u00e1ti\u00f0 n\u00fa af \u00fev\u00ed ver\u00f0a, \u00fev\u00ed a\u00f0 Drottinn hefir sagt vi\u00f0 Dav\u00ed\u00f0: Fyrir h\u00f6nd Dav\u00ed\u00f0s, \u00fej\u00f3ns m\u00edns, mun \u00e9g frelsa l\u00fd\u00f0 minn \u00cdsrael af hendi Filista og af hendi allra \u00f3vina \u00feeirra.<a name=\"19\"><span class=\"versanumer\">19<\/span><\/a>Abner kom og a\u00f0 m\u00e1li vi\u00f0 Benjam\u00edn\u00edta. \u00dev\u00ed n\u00e6st h\u00e9lt Abner \u00e1 fund Dav\u00ed\u00f0s \u00ed Hebron til \u00feess a\u00f0 segja honum fr\u00e1, hversu \u00cdsrael og allt Benjam\u00edns h\u00fas vildi allt vera l\u00e1ta.<a name=\"20\"><span class=\"versanumer\">20<\/span><\/a>En er Abner kom til Dav\u00ed\u00f0s \u00ed Hebron og me\u00f0 honum tveir tigir manna, \u00fe\u00e1 gj\u00f6r\u00f0i Dav\u00ed\u00f0 Abner veislu og m\u00f6nnunum, sem me\u00f0 honum voru.<a name=\"21\"><span class=\"versanumer\">21<\/span><\/a>\u00de\u00e1 sag\u00f0i Abner vi\u00f0 Dav\u00ed\u00f0: \u00c9g vil taka mig til og fara og safna \u00f6llum \u00cdsrael utan um herra minn, konunginn, til \u00feess a\u00f0 \u00feeir gj\u00f6ri s\u00e1ttm\u00e1la vi\u00f0 \u00feig, og \u00fe\u00fa ver\u00f0ir konungur yfir \u00f6llum \u00feeim, sem \u00fe\u00edn s\u00e1la girnist. S\u00ed\u00f0an l\u00e9t Dav\u00ed\u00f0 Abner burt fara \u00ed fri\u00f0i.<a name=\"22\"><span class=\"versanumer\">22<\/span><\/a>R\u00e9tt \u00ed \u00feessu komu menn Dav\u00ed\u00f0s og J\u00f3ab heim \u00far r\u00e1nsfer\u00f0, og fluttu \u00feeir me\u00f0 s\u00e9r miki\u00f0 herfang. En Abner var \u00fe\u00e1 ekki hj\u00e1 Dav\u00ed\u00f0 \u00ed Hebron, \u00fev\u00ed a\u00f0 hann haf\u00f0i l\u00e1ti\u00f0 hann \u00ed burt fara \u00ed fri\u00f0i.<a name=\"23\"><span class=\"versanumer\">23<\/span><\/a>\u00deegar J\u00f3ab n\u00fa kom og allur herinn, sem me\u00f0 honum var, f\u00e6r\u00f0u menn J\u00f3ab \u00feessi t\u00ed\u00f0indi: Abner Nersson kom hinga\u00f0 \u00e1 konungs fund, og hann l\u00e9t hann fara aftur burt \u00ed fri\u00f0i.<a name=\"24\"><span class=\"versanumer\">24<\/span><\/a>\u00de\u00e1 gekk J\u00f3ab fyrir konung og m\u00e6lti: Hva\u00f0 hefir \u00fe\u00fa gj\u00f6rt? Abner hefir komi\u00f0 hinga\u00f0 til \u00fe\u00edn! Hv\u00ed l\u00e9st \u00fe\u00fa hann frj\u00e1lsan \u00ed brott fara?<a name=\"25\"><span class=\"versanumer\">25<\/span><\/a>Veistu ekki, a\u00f0 Abner Nersson hefir komi\u00f0 til \u00feess a\u00f0 fleka \u00feig og til \u00feess a\u00f0 ver\u00f0a v\u00edsari um h\u00e1tterni \u00feitt og f\u00e1 vitneskju um allt, sem \u00fe\u00fa hefir fyrir stafni?<a name=\"26\"><span class=\"versanumer\">26<\/span><\/a>Og er J\u00f3ab var genginn \u00fat fr\u00e1 Dav\u00ed\u00f0, \u00fe\u00e1 sendi hann menn eftir Abner, og \u00feeir komu me\u00f0 hann aftur fr\u00e1 S\u00edrabrunni. Dav\u00ed\u00f0 vissi ekki af \u00feessu.<a name=\"27\"><span class=\"versanumer\">27<\/span><\/a>En er Abner var aftur kominn til Hebron, veik J\u00f3ab honum \u00e1 eintal afs\u00ed\u00f0is \u00ed borgarhli\u00f0inu og lag\u00f0i hann \u00fear \u00ed kvi\u00f0inn, svo a\u00f0 hann bei\u00f0 bana af til hefnda fyrir v\u00edg Asahels br\u00f3\u00f0ur s\u00edns.<a name=\"28\"><span class=\"versanumer\">28<\/span><\/a>En er Dav\u00ed\u00f0 s\u00ed\u00f0ar fr\u00e9tti \u00fea\u00f0, sag\u00f0i hann: Saklaus er \u00e9g og mitt r\u00edki fyrir Drottni a\u00f0 eil\u00edfu af bl\u00f3\u00f0i Abners Nerssonar!<a name=\"29\"><span class=\"versanumer\">29<\/span><\/a>Komi \u00fea\u00f0 yfir h\u00f6fu\u00f0 J\u00f3abs og yfir alla \u00e6tt hans! Aldrei ver\u00f0i \u00ed \u00e6tt J\u00f3abs \u00feeirra vant, er rennsli hafa og l\u00edk\u00fer\u00e1ir eru, sem ganga vi\u00f0 h\u00e6kju, falla fyrir sver\u00f0i e\u00f0a vantar brau\u00f0!<a name=\"30\"><span class=\"versanumer\">30<\/span><\/a>En J\u00f3ab og Ab\u00edsa\u00ed br\u00f3\u00f0ir hans myrtu Abner, af \u00fev\u00ed a\u00f0 hann haf\u00f0i drepi\u00f0 Asahel br\u00f3\u00f0ur \u00feeirra hj\u00e1 G\u00edbeon \u00ed bardaga.<a name=\"31\"><span class=\"versanumer\">31<\/span><\/a>Og Dav\u00ed\u00f0 sag\u00f0i vi\u00f0 J\u00f3ab og allt f\u00f3lki\u00f0, sem hj\u00e1 honum var: R\u00edfi\u00f0 kl\u00e6\u00f0i y\u00f0ar og gyr\u00f0ist h\u00e6rusekk og gangi\u00f0 kveinandi fyrir Abner! En Dav\u00ed\u00f0 konungur gekk \u00e1 eftir l\u00edkb\u00f6runum.<a name=\"32\"><span class=\"versanumer\">32<\/span><\/a>Og \u00feeir j\u00f6r\u00f0u\u00f0u Abner \u00ed Hebron, og h\u00f3f \u00fe\u00e1 konungur gr\u00e1t vi\u00f0 gr\u00f6f Abners, og allur l\u00fd\u00f0urinn gr\u00e9t l\u00edka.<a name=\"33\"><span class=\"versanumer\">33<\/span><\/a>Og konungur orti \u00feessi sorgarlj\u00f3\u00f0 eftir Abner: Var\u00f0 \u00fe\u00e1 Abner a\u00f0 deyja dau\u00f0a gu\u00f0leysingjans?<a name=\"34\"><span class=\"versanumer\">34<\/span><\/a>Hendur \u00fe\u00ednar voru ekki bundnar, og f\u00e6tur \u00fe\u00ednir voru ekki fj\u00f6tra\u00f0ir. \u00de\u00fa ert fallinn, eins og menn falla fyrir n\u00ed\u00f0ingum.\u00de\u00e1 gr\u00e9t allur l\u00fd\u00f0urinn enn meira yfir honum.<a name=\"35\"><span class=\"versanumer\">35<\/span><\/a>Allur l\u00fd\u00f0urinn kom og vildi f\u00e1 Dav\u00ed\u00f0 til a\u00f0 neyta matar me\u00f0an enn var dagur, en Dav\u00ed\u00f0 s\u00f3r og m\u00e6lti: Gu\u00f0 l\u00e1ti mig gjalda \u00feess n\u00fa og s\u00ed\u00f0ar, ef \u00e9g smakka brau\u00f0 e\u00f0a nokku\u00f0 anna\u00f0 fyrir s\u00f3larlag.<a name=\"36\"><span class=\"versanumer\">36<\/span><\/a>Allur l\u00fd\u00f0urinn t\u00f3k eftir \u00fev\u00ed og l\u00edka\u00f0i \u00feeim \u00fea\u00f0 vel. Reyndar l\u00edka\u00f0i \u00f6llum l\u00fd\u00f0num vel allt \u00fea\u00f0, sem konungurinn gj\u00f6r\u00f0i.<a name=\"37\"><span class=\"versanumer\">37<\/span><\/a>Og allt f\u00f3lki\u00f0 og allur \u00cdsrael sannf\u00e6r\u00f0ist um \u00fea\u00f0 \u00e1 \u00feeim degi, a\u00f0 konungur v\u00e6ri ekki valdur a\u00f0 v\u00edgi Abners Nerssonar.<a name=\"38\"><span class=\"versanumer\">38<\/span><\/a>Konungur m\u00e6lti og vi\u00f0 menn s\u00edna: Viti\u00f0 \u00fe\u00e9r ekki, a\u00f0 h\u00f6f\u00f0ingi og mikill ma\u00f0ur er \u00ed dag fallinn \u00ed \u00cdsrael?<a name=\"39\"><span class=\"versanumer\">39<\/span><\/a>En \u00e9g m\u00e1 m\u00edn enn l\u00edtils, \u00fe\u00f3tt \u00e9g s\u00e9 smur\u00f0ur til konungs, og \u00feessir menn, Ser\u00fajusynir, eru m\u00e9r yfirsterkari. Drottinn gjaldi \u00feeim, sem n\u00ed\u00f0ingsverki\u00f0 hefir unni\u00f0, svo sem hann \u00e1 skili\u00f0 fyrir n\u00ed\u00f0ingsverk sitt!<\/p>\n<div class=\"footnote1981\"><b>3.7<\/b> Rispa 2Sam 21.8-11<br \/>\n<b>3.10<\/b> Flytja konungd\u00f3minn 1Sam 13.14; 15.28<br \/>\n<b>3.25<\/b> Blekkja \u00feig sbr 2Sam 10.3; 15.34<br \/>\n<b>3.27<\/b> J\u00f3ab t\u00f3k hann afs\u00ed\u00f0is 2Sam 20.8-10 \u2013 stakk \u00ed kvi\u00f0inn 2Sam 18.14; 20.10 \u2013 v\u00edg Asaels 2Sam 2.23<br \/>\n<b>3.28<\/b> Saklaus 1Kon 2.5; sbr 14.9; J\u00f3s 2.19<br \/>\n<b>3.29<\/b> Yfir J\u00f3ab 1Kon 2.34 \u2013 \u00e1vallt einhver af \u00e6tt 1Sam 2.33<br \/>\n<b>3.33<\/b> Harmlj\u00f3\u00f0 2Sam 1.17<br \/>\n<b>3.35<\/b> Neyta matar 2Sam 12.17; 1Sam 28.22 \u2013 Dav\u00ed\u00f0 fastar 1Sam 31.13<br \/>\n<b>3.38<\/b> Mikilmenni 1Sam 26.15<br \/>\n<b>3.39<\/b> Synir Ser\u00faju 2Sam 16.10; 19.22; 1Sam 26.6<\/div>\n","protected":false},"excerpt":{"rendered":"<p>1\u00deegar \u00f3fri\u00f0urinn milli S\u00e1ls h\u00fass og Dav\u00ed\u00f0s h\u00fass t\u00f3k a\u00f0 gj\u00f6rast langvinnur, \u00fe\u00e1 efldist Dav\u00ed\u00f0s h\u00fas meir og meir, en S\u00e1ls h\u00fasi hnigna\u00f0i meir og meir.2Dav\u00ed\u00f0 f\u00e6ddust synir \u00ed Hebron: Frumgetinn sonur hans var Amnon, me\u00f0 Ak\u00edn\u00f3am fr\u00e1 Jesreel.3Annar sonur hans var K\u00edleab, me\u00f0 Ab\u00edgail, er \u00e1tt haf\u00f0i Nabal \u00ed Karmel, hinn \u00feri\u00f0ji Absalon, sonur Ma\u00f6ku, d\u00f3ttur Talma\u00ed, konungs \u00ed Ges\u00far,4hinn fj\u00f3r\u00f0i Ad\u00f3n\u00eda, sonur Hagg\u00edtar, hinn fimmti Sefatja, sonur Ab\u00edtalar,5og hinn sj\u00f6tti Jitream, me\u00f0 Eglu, konu Dav\u00ed\u00f0s. \u00deessir f\u00e6ddust Dav\u00ed\u00f0 \u00ed Hebron.6Me\u00f0an \u00f3fri\u00f0urinn st\u00f3\u00f0 milli S\u00e1ls h\u00fass og Dav\u00ed\u00f0s h\u00fass, var Abner \u00f6flugur fylgisma\u00f0ur S\u00e1ls h\u00fass.7S\u00e1l haf\u00f0i \u00e1tt hj\u00e1konu, er <a href=\"https:\/\/biblian.is\/1981\/sidari-samuelsbok-3-kafli\/\"> [&#8230;]<\/a><\/p>\n","protected":false},"author":1,"featured_media":0,"parent":0,"menu_order":0,"comment_status":"open","ping_status":"open","template":"bibliukaflar.php","meta":{"footnotes":""},"class_list":["post-1616","page","type-page","status-publish","hentry"],"_links":{"self":[{"href":"https:\/\/biblian.is\/1981\/wp-json\/wp\/v2\/pages\/1616","targetHints":{"allow":["GET"]}}],"collection":[{"href":"https:\/\/biblian.is\/1981\/wp-json\/wp\/v2\/pages"}],"about":[{"href":"https:\/\/biblian.is\/1981\/wp-json\/wp\/v2\/types\/page"}],"author":[{"embeddable":true,"href":"https:\/\/biblian.is\/1981\/wp-json\/wp\/v2\/users\/1"}],"replies":[{"embeddable":true,"href":"https:\/\/biblian.is\/1981\/wp-json\/wp\/v2\/comments?post=1616"}],"version-history":[{"count":0,"href":"https:\/\/biblian.is\/1981\/wp-json\/wp\/v2\/pages\/1616\/revisions"}],"wp:attachment":[{"href":"https:\/\/biblian.is\/1981\/wp-json\/wp\/v2\/media?parent=1616"}],"curies":[{"name":"wp","href":"https:\/\/api.w.org\/{rel}","templated":true}]}}