{"id":1615,"date":"2017-11-18T20:17:59","date_gmt":"2017-11-18T20:17:59","guid":{"rendered":"http:\/\/biblian.is\/1981\/sidari-samuelsbok-2-kafli\/"},"modified":"2021-06-06T11:10:49","modified_gmt":"2021-06-06T11:10:49","slug":"sidari-samuelsbok-2-kafli","status":"publish","type":"page","link":"https:\/\/biblian.is\/1981\/sidari-samuelsbok-2-kafli\/","title":{"rendered":"S\u00ed\u00f0ari Sam\u00faelsb\u00f3k 2. kafli"},"content":{"rendered":"<p><a name=\"1\"><span class=\"versanumer\">1<\/span><\/a>Eftir \u00feetta spur\u00f0i Dav\u00ed\u00f0 Drottin \u00e1 \u00feessa lei\u00f0: \u00c1 \u00e9g a\u00f0 fara til einhverrar af borgunum \u00ed J\u00fada? Drottinn svara\u00f0i honum: J\u00e1. \u00de\u00e1 sag\u00f0i Dav\u00ed\u00f0: Hvert \u00e1 \u00e9g a\u00f0 fara? Hann svara\u00f0i: Til Hebron.<a name=\"2\"><span class=\"versanumer\">2<\/span><\/a>\u00de\u00e1 f\u00f3r Dav\u00ed\u00f0 \u00feanga\u00f0, og me\u00f0 honum b\u00e1\u00f0ar konur hans, \u00fe\u00e6r Ak\u00edn\u00f3am fr\u00e1 Jesreel og Ab\u00edgail, er \u00e1tt haf\u00f0i Nabal \u00ed Karmel.<a name=\"3\"><span class=\"versanumer\">3<\/span><\/a>Dav\u00ed\u00f0 l\u00e9t og mennina, sem hj\u00e1 honum voru, fara, hvern me\u00f0 s\u00edna fj\u00f6lskyldu, og \u00feeir settust a\u00f0 \u00ed borgunum kringum Hebron.<a name=\"4\"><span class=\"versanumer\">4<\/span><\/a>\u00de\u00e1 komu J\u00fadamenn til Hebron og smur\u00f0u Dav\u00ed\u00f0 til konungs yfir J\u00fada h\u00fas. N\u00fa var Dav\u00ed\u00f0 sagt svo fr\u00e1: \u00cdb\u00faarnir \u00ed Jabes G\u00edlea\u00f0 hafa jar\u00f0a\u00f0 S\u00e1l.<a name=\"5\"><span class=\"versanumer\">5<\/span><\/a>\u00de\u00e1 gj\u00f6r\u00f0i Dav\u00ed\u00f0 menn \u00e1 fund \u00edb\u00faanna \u00ed Jabes \u00ed G\u00edlea\u00f0 og l\u00e9t segja vi\u00f0 \u00fe\u00e1: Veri\u00f0 blessa\u00f0ir af Drottni fyrir \u00fea\u00f0, a\u00f0 \u00fe\u00e9r hafi\u00f0 s\u00fdnt \u00feetta k\u00e6rleiksverk \u00e1 herra y\u00f0ar S\u00e1l, a\u00f0 jar\u00f0a hann.<a name=\"6\"><span class=\"versanumer\">6<\/span><\/a>Drottinn s\u00fdni y\u00f0ur n\u00fa k\u00e6rleika og tr\u00fafesti. En \u00e9g vil og y\u00f0ur g\u00f3\u00f0u launa, sakir \u00feess a\u00f0 \u00fe\u00e9r gj\u00f6r\u00f0u\u00f0 \u00feetta.<a name=\"7\"><span class=\"versanumer\">7<\/span><\/a>Og veri\u00f0 n\u00fa hughraustir og l\u00e1ti\u00f0 \u00e1 sj\u00e1, a\u00f0 \u00fe\u00e9r s\u00e9u\u00f0 vaskir menn. \u00dev\u00ed a\u00f0 S\u00e1l, herra y\u00f0ar, er dau\u00f0ur, enda hefir J\u00fada h\u00fas smurt mig til konungs yfir sig.<a name=\"8\"><span class=\"versanumer\">8<\/span><\/a>Abner Nersson, hersh\u00f6f\u00f0ingi S\u00e1ls, t\u00f3k \u00cdsb\u00f3set, son S\u00e1ls, og f\u00f3r me\u00f0 hann yfir til Mahana\u00edm<a name=\"9\"><span class=\"versanumer\">9<\/span><\/a>og gj\u00f6r\u00f0i hann a\u00f0 konungi yfir G\u00edlea\u00f0, Asser\u00edtum, Jesreel, Efra\u00edm, Benjam\u00edn og yfir \u00f6llum \u00cdsrael.<a name=\"10\"><span class=\"versanumer\">10<\/span><\/a>\u00cdsb\u00f3set, sonur S\u00e1ls, var fertugur, \u00fe\u00e1 er hann var\u00f0 konungur yfir \u00cdsrael, og hann r\u00edkti \u00ed tv\u00f6 \u00e1r. J\u00fada h\u00fas eitt fylgdi Dav\u00ed\u00f0.<a name=\"11\"><span class=\"versanumer\">11<\/span><\/a>Og t\u00edminn, sem Dav\u00ed\u00f0 var konungur \u00ed Hebron, yfir J\u00fada h\u00fasi, var sj\u00f6 \u00e1r og sex m\u00e1nu\u00f0ir.<a name=\"12\"><span class=\"versanumer\">12<\/span><\/a>Abner Nersson f\u00f3r me\u00f0 \u00fej\u00f3na \u00cdsb\u00f3sets, sonar S\u00e1ls, fr\u00e1 Mahana\u00edm til G\u00edbeon.<a name=\"13\"><span class=\"versanumer\">13<\/span><\/a>J\u00f3ab Ser\u00fajuson f\u00f3r og me\u00f0 \u00fej\u00f3na Dav\u00ed\u00f0s fr\u00e1 Hebron, og var\u00f0 fundur \u00feeirra vi\u00f0 G\u00edbeontj\u00f6rn, og settust \u00feeir s\u00ednum megin hvorir vi\u00f0 tj\u00f6rnina.<a name=\"14\"><span class=\"versanumer\">14<\/span><\/a>\u00de\u00e1 sag\u00f0i Abner vi\u00f0 J\u00f3ab: Standi upp sveinar hvorra tveggja og leiki nokku\u00f0 til skemmtunar oss. J\u00f3ab kva\u00f0 a\u00f0 svo skyldi vera.<a name=\"15\"><span class=\"versanumer\">15<\/span><\/a>\u00de\u00e1 st\u00f3\u00f0u \u00feeir upp og gengu fram eftir t\u00f6lu: t\u00f3lf fyrir Benjam\u00edns \u00e6ttkv\u00edsl, fyrir \u00cdsb\u00f3set, son S\u00e1ls, og t\u00f3lf af \u00fej\u00f3num Dav\u00ed\u00f0s.<a name=\"16\"><span class=\"versanumer\">16<\/span><\/a>\u00deeir \u00ferifu hver \u00ed annars koll og l\u00f6g\u00f0u sver\u00f0i hver \u00ed annars s\u00ed\u00f0u, svo a\u00f0 \u00feeir f\u00e9llu hver me\u00f0 \u00f6\u00f0rum. Var s\u00e1 sta\u00f0ur kalla\u00f0ur Branda-akur, og er hann hj\u00e1 G\u00edbeon.<a name=\"17\"><span class=\"versanumer\">17<\/span><\/a>T\u00f3kst \u00fe\u00e1 mj\u00f6g h\u00f6r\u00f0 orusta \u00e1 \u00feeim degi, og f\u00f3r Abner og \u00cdsraelsmenn halloka fyrir m\u00f6nnum Dav\u00ed\u00f0s.<a name=\"18\"><span class=\"versanumer\">18<\/span><\/a>\u00dear voru \u00fer\u00edr synir Ser\u00faju, \u00feeir J\u00f3ab, Ab\u00edsa\u00ed og Asahel, en Asahel var fr\u00e1r \u00e1 f\u00e6ti sem sk\u00f3gargeitin \u00ed haganum.<a name=\"19\"><span class=\"versanumer\">19<\/span><\/a>Og Asahel rann eftir Abner og veik hvorki til h\u00e6gri n\u00e9 vinstri, heldur elti hann einan.<a name=\"20\"><span class=\"versanumer\">20<\/span><\/a>\u00de\u00e1 sneri Abner s\u00e9r vi\u00f0 og m\u00e6lti: Ert \u00fea\u00f0 \u00fe\u00fa, Asahel? Hann kva\u00f0 svo vera.<a name=\"21\"><span class=\"versanumer\">21<\/span><\/a>\u00de\u00e1 sag\u00f0i Abner vi\u00f0 hann: V\u00edk \u00fe\u00fa anna\u00f0hvort til h\u00e6gri e\u00f0a vinstri, og r\u00e1\u00f0st \u00fe\u00fa \u00e1 einhvern af sveinunum og tak hertygi hans. En Asahel vildi ekki l\u00e1ta af a\u00f0 elta hann.<a name=\"22\"><span class=\"versanumer\">22<\/span><\/a>\u00de\u00e1 m\u00e6lti Abner aftur vi\u00f0 Asahel: L\u00e1t af a\u00f0 elta mig! Hv\u00ed skyldi \u00e9g leggja \u00feig a\u00f0 velli? Hvernig g\u00e6ti \u00e9g \u00fe\u00e1 liti\u00f0 upp \u00e1 J\u00f3ab br\u00f3\u00f0ur \u00feinn?<a name=\"23\"><span class=\"versanumer\">23<\/span><\/a>En hann vildi ekki af l\u00e1ta. \u00de\u00e1 lag\u00f0i Abner spj\u00f3tinu aftur fyrir sig \u00ed kvi\u00f0 honum, svo a\u00f0 \u00fat gekk um baki\u00f0, og f\u00e9ll hann dau\u00f0ur ni\u00f0ur \u00fear sem hann st\u00f3\u00f0. En allir \u00feeir, er komu \u00feanga\u00f0 sem Asahel haf\u00f0i falli\u00f0 ni\u00f0ur dau\u00f0ur, n\u00e1mu sta\u00f0ar.<a name=\"24\"><span class=\"versanumer\">24<\/span><\/a>J\u00f3ab og Ab\u00edsa\u00ed eltu Abner, og er s\u00f3l gekk undir, voru \u00feeir komnir til G\u00edbeat Amma, sem liggur fyrir austan G\u00eda, \u00e1 lei\u00f0inni til G\u00edbeon\u00f3bygg\u00f0a.<a name=\"25\"><span class=\"versanumer\">25<\/span><\/a>\u00de\u00e1 s\u00f6fnu\u00f0ust Benjam\u00edn\u00edtar saman til li\u00f0s vi\u00f0 Abner og ur\u00f0u einn flokkur, og n\u00e1mu \u00feeir sta\u00f0ar efst uppi \u00e1 h\u00e6\u00f0 einni.<a name=\"26\"><span class=\"versanumer\">26<\/span><\/a>\u00de\u00e1 kalla\u00f0i Abner til J\u00f3abs og m\u00e6lti: \u00c1 \u00fe\u00e1 sver\u00f0i\u00f0 s\u00edfellt a\u00f0 ey\u00f0a? Veistu eigi, a\u00f0 beisk munu ver\u00f0a endalokin? Hversu lengi \u00e6tlar \u00fe\u00fa a\u00f0 draga a\u00f0 segja li\u00f0inu a\u00f0 l\u00e1ta af a\u00f0 elta br\u00e6\u00f0ur s\u00edna?<a name=\"27\"><span class=\"versanumer\">27<\/span><\/a>J\u00f3ab svara\u00f0i: Svo sannarlega sem Drottinn lifir, hef\u00f0ir \u00fe\u00fa ekki tala\u00f0, \u00fe\u00e1 hef\u00f0i li\u00f0i\u00f0 ekki l\u00e1ti\u00f0 af a\u00f0 elta br\u00e6\u00f0ur s\u00edna fyrr en \u00e1 morgun.<a name=\"28\"><span class=\"versanumer\">28<\/span><\/a>S\u00ed\u00f0an \u00feeytti J\u00f3ab l\u00fa\u00f0urinn, og nam \u00fe\u00e1 allt li\u00f0i\u00f0 sta\u00f0ar og l\u00e9t af a\u00f0 elta \u00cdsrael og h\u00e6tti a\u00f0 berjast.<a name=\"29\"><span class=\"versanumer\">29<\/span><\/a>En Abner og menn hans f\u00f3ru yfir J\u00f3rdandalinn alla \u00fe\u00e1 n\u00f3tt, f\u00f3ru \u00fev\u00ed n\u00e6st yfir J\u00f3rdan og gengu \u00f6ll \u00ferengslin og komust til Mahana\u00edm.<a name=\"30\"><span class=\"versanumer\">30<\/span><\/a>Er J\u00f3ab haf\u00f0i l\u00e1ti\u00f0 af a\u00f0 elta Abner, \u00fe\u00e1 safna\u00f0i hann saman \u00f6llu li\u00f0inu, og vanta\u00f0i \u00fe\u00e1 a\u00f0eins n\u00edtj\u00e1n manns af m\u00f6nnum Dav\u00ed\u00f0s og Asahel,<a name=\"31\"><span class=\"versanumer\">31<\/span><\/a>en menn Dav\u00ed\u00f0s h\u00f6f\u00f0u lagt a\u00f0 velli \u00ferj\u00fa hundru\u00f0 og sext\u00edu manns af Benjam\u00edn\u00edtum, af m\u00f6nnum Abners.<a name=\"32\"><span class=\"versanumer\">32<\/span><\/a>En Asahel t\u00f3ku \u00feeir og j\u00f6r\u00f0u\u00f0u hann hj\u00e1 f\u00f6\u00f0ur hans \u00ed Betlehem. \u00dev\u00ed n\u00e6st h\u00e9lt J\u00f3ab og menn hans \u00e1fram fer\u00f0inni alla n\u00f3ttina og komu til Hebron \u00ed d\u00f6gun.<\/p>\n<div class=\"footnote1981\"><b>2.2<\/b> B\u00e1\u00f0ar konur hans 1Sam 27.3+<br \/>\n<b>2.8<\/b> Mahan\u00edam  2Sam 17.24<br \/>\n<b>2.11<\/b> Sj\u00f6 og h\u00e1lft \u00e1r 2Sam 5.5<br \/>\n<b>2.13<\/b> G\u00edbeontj\u00f6rn Jer 41.12<br \/>\n<b>2.14<\/b> Ganga fram og reyna me\u00f0 s\u00e9r sbr 1Sam 17.10<br \/>\n<b>2.16<\/b> S\u00e1 sta\u00f0ur nefndur 2Sam 5.20; 6.8; J\u00f3s 7.26; 1Sam 23.28<br \/>\n<b>2.23<\/b> N\u00e1mu sta\u00f0ar 2Sam 20.12<br \/>\n<b>2.26<\/b> F\u00f3\u00f0ra sver\u00f0 2Sam 11.25; 18.8; 5M\u00f3s 32.42; Jes 31.8; Jer 46.10,14<br \/>\n<b>2.28<\/b> \u00deeyta hafurshorn 2Sam 18.16; 20.22; sbr 1Kon 22.36<\/div>\n","protected":false},"excerpt":{"rendered":"<p>1Eftir \u00feetta spur\u00f0i Dav\u00ed\u00f0 Drottin \u00e1 \u00feessa lei\u00f0: \u00c1 \u00e9g a\u00f0 fara til einhverrar af borgunum \u00ed J\u00fada? Drottinn svara\u00f0i honum: J\u00e1. \u00de\u00e1 sag\u00f0i Dav\u00ed\u00f0: Hvert \u00e1 \u00e9g a\u00f0 fara? Hann svara\u00f0i: Til Hebron.2\u00de\u00e1 f\u00f3r Dav\u00ed\u00f0 \u00feanga\u00f0, og me\u00f0 honum b\u00e1\u00f0ar konur hans, \u00fe\u00e6r Ak\u00edn\u00f3am fr\u00e1 Jesreel og Ab\u00edgail, er \u00e1tt haf\u00f0i Nabal \u00ed Karmel.3Dav\u00ed\u00f0 l\u00e9t og mennina, sem hj\u00e1 honum voru, fara, hvern me\u00f0 s\u00edna fj\u00f6lskyldu, og \u00feeir settust a\u00f0 \u00ed borgunum kringum Hebron.4\u00de\u00e1 komu J\u00fadamenn til Hebron og smur\u00f0u Dav\u00ed\u00f0 til konungs yfir J\u00fada h\u00fas. N\u00fa var Dav\u00ed\u00f0 sagt svo fr\u00e1: \u00cdb\u00faarnir \u00ed Jabes G\u00edlea\u00f0 hafa jar\u00f0a\u00f0 S\u00e1l.5\u00de\u00e1 <a href=\"https:\/\/biblian.is\/1981\/sidari-samuelsbok-2-kafli\/\"> [&#8230;]<\/a><\/p>\n","protected":false},"author":1,"featured_media":0,"parent":0,"menu_order":0,"comment_status":"open","ping_status":"open","template":"bibliukaflar.php","meta":{"footnotes":""},"class_list":["post-1615","page","type-page","status-publish","hentry"],"_links":{"self":[{"href":"https:\/\/biblian.is\/1981\/wp-json\/wp\/v2\/pages\/1615","targetHints":{"allow":["GET"]}}],"collection":[{"href":"https:\/\/biblian.is\/1981\/wp-json\/wp\/v2\/pages"}],"about":[{"href":"https:\/\/biblian.is\/1981\/wp-json\/wp\/v2\/types\/page"}],"author":[{"embeddable":true,"href":"https:\/\/biblian.is\/1981\/wp-json\/wp\/v2\/users\/1"}],"replies":[{"embeddable":true,"href":"https:\/\/biblian.is\/1981\/wp-json\/wp\/v2\/comments?post=1615"}],"version-history":[{"count":0,"href":"https:\/\/biblian.is\/1981\/wp-json\/wp\/v2\/pages\/1615\/revisions"}],"wp:attachment":[{"href":"https:\/\/biblian.is\/1981\/wp-json\/wp\/v2\/media?parent=1615"}],"curies":[{"name":"wp","href":"https:\/\/api.w.org\/{rel}","templated":true}]}}