{"id":1611,"date":"2017-11-18T20:17:59","date_gmt":"2017-11-18T20:17:59","guid":{"rendered":"http:\/\/biblian.is\/1981\/fyrri-samuelsbok-29-kafli\/"},"modified":"2021-06-06T10:57:22","modified_gmt":"2021-06-06T10:57:22","slug":"fyrri-samuelsbok-29-kafli","status":"publish","type":"page","link":"https:\/\/biblian.is\/1981\/fyrri-samuelsbok-29-kafli\/","title":{"rendered":"Fyrri Sam\u00faelsb\u00f3k 29. kafli"},"content":{"rendered":"<p><a name=\"1\"><span class=\"versanumer\">1<\/span><\/a>Filistar dr\u00f3gu n\u00fa saman allan her sinn hj\u00e1 Afek, en \u00cdsrael setti herb\u00fa\u00f0ir s\u00ednar vi\u00f0 lindina hj\u00e1 Jesreel.<a name=\"2\"><span class=\"versanumer\">2<\/span><\/a>Og h\u00f6f\u00f0ingjar Filista komu me\u00f0 hundru\u00f0 s\u00edn og \u00fe\u00fasundir, og Dav\u00ed\u00f0 og menn hans komu s\u00ed\u00f0astir me\u00f0 Ak\u00eds.<a name=\"3\"><span class=\"versanumer\">3<\/span><\/a>\u00de\u00e1 s\u00f6g\u00f0u h\u00f6f\u00f0ingjar Filista: Hva\u00f0 eiga \u00feessir Hebrear h\u00e9r a\u00f0 gj\u00f6ra? Ak\u00eds sag\u00f0i vi\u00f0 h\u00f6f\u00f0ingja Filista: \u00dea\u00f0 er Dav\u00ed\u00f0, hir\u00f0ma\u00f0ur S\u00e1ls konungs \u00ed \u00cdsrael, sem n\u00fa hefir me\u00f0 m\u00e9r veri\u00f0 \u00ed tv\u00f6 \u00e1r, og hefi \u00e9g ekki haft neitt \u00fat \u00e1 hann a\u00f0 setja fr\u00e1 \u00feeirri stundu, er hann gj\u00f6r\u00f0ist minn ma\u00f0ur, og allt fram \u00e1 \u00feennan dag.<a name=\"4\"><span class=\"versanumer\">4<\/span><\/a>H\u00f6f\u00f0ingjar Filista reiddust honum og s\u00f6g\u00f0u vi\u00f0 hann: L\u00e1t \u00fe\u00fa manninn hverfa heim aftur. Fari hann \u00e1 sinn sta\u00f0, \u00fear sem \u00fe\u00fa hefir sett hann, en eigi skal hann me\u00f0 oss fara \u00ed bardagann, svo a\u00f0 hann sn\u00faist ekki \u00e1 m\u00f3ti oss \u00ed orustunni. Me\u00f0 hverju g\u00e6ti hann betur n\u00e1\u00f0 aftur hylli herra s\u00edns en me\u00f0 h\u00f6f\u00f0um \u00feessara manna?<a name=\"5\"><span class=\"versanumer\">5<\/span><\/a>Var \u00fea\u00f0 ekki \u00feessi sami Dav\u00ed\u00f0, sem sungi\u00f0 var um vi\u00f0 dansinn: S\u00e1l felldi s\u00edn \u00fe\u00fasund og Dav\u00ed\u00f0 s\u00edn t\u00edu \u00fe\u00fasund?<a name=\"6\"><span class=\"versanumer\">6<\/span><\/a>\u00de\u00e1 l\u00e9t Ak\u00eds kalla Dav\u00ed\u00f0 og sag\u00f0i vi\u00f0 hann: Svo sannarlega sem Drottinn lifir ert \u00fe\u00fa r\u00e1\u00f0vandur, og \u00e9g uni \u00fev\u00ed vel, a\u00f0 \u00fe\u00fa gangir \u00fat og inn me\u00f0 m\u00e9r \u00ed herb\u00fa\u00f0unum, \u00fev\u00ed a\u00f0 \u00e9g hefi ekki or\u00f0i\u00f0 neins ills var hj\u00e1 \u00fe\u00e9r fr\u00e1 \u00feeirri stundu, er \u00fe\u00fa komst til m\u00edn, og allt fram \u00e1 \u00feennan dag, en h\u00f6f\u00f0ingjunum er ekki um \u00feig.<a name=\"7\"><span class=\"versanumer\">7<\/span><\/a>Hverf \u00fev\u00ed aftur og far \u00ed fri\u00f0i, svo a\u00f0 \u00fe\u00fa gj\u00f6rir ekki neitt \u00fea\u00f0, sem h\u00f6f\u00f0ingjum Filista misl\u00edkar.<a name=\"8\"><span class=\"versanumer\">8<\/span><\/a>\u00de\u00e1 sag\u00f0i Dav\u00ed\u00f0 vi\u00f0 Ak\u00eds: Hva\u00f0 hefi \u00e9g \u00fe\u00e1 gj\u00f6rt, og hva\u00f0 hefir \u00fe\u00fa haft \u00fat \u00e1 \u00fej\u00f3n \u00feinn a\u00f0 setja, fr\u00e1 \u00feeirri stundu, er \u00e9g gj\u00f6r\u00f0ist \u00feinn ma\u00f0ur, og allt fram \u00e1 \u00feennan dag, a\u00f0 \u00e9g skuli ekki mega fara og berjast vi\u00f0 \u00f3vini herra m\u00edns, konungsins?<a name=\"9\"><span class=\"versanumer\">9<\/span><\/a>Ak\u00eds svara\u00f0i og sag\u00f0i vi\u00f0 Dav\u00ed\u00f0: \u00c9g veit, a\u00f0 \u00fe\u00fa ert \u00ed m\u00ednum augum g\u00f3\u00f0ur, sem v\u00e6rir \u00fe\u00fa engill Gu\u00f0s, en h\u00f6f\u00f0ingjar Filista segja: Eigi skal hann me\u00f0 oss fara \u00ed bardagann.<a name=\"10\"><span class=\"versanumer\">10<\/span><\/a>R\u00eds \u00fe\u00fa \u00fev\u00ed \u00e1rla \u00e1 morgun, \u00e1samt m\u00f6nnum herra \u00fe\u00edns, sem me\u00f0 \u00fe\u00e9r komu, og fari\u00f0 \u00fe\u00e9r \u00feanga\u00f0 sem \u00e9g hefi sett y\u00f0ur, og \u00e6tla\u00f0u m\u00e9r ekkert illt, \u00fev\u00ed a\u00f0 vel er m\u00e9r til \u00fe\u00edn, og r\u00edsi\u00f0 \u00fe\u00e1 \u00e1rla \u00e1 morgun og haldi\u00f0 af sta\u00f0, \u00feegar birtir.<a name=\"11\"><span class=\"versanumer\">11<\/span><\/a>Reis n\u00fa Dav\u00ed\u00f0 \u00e1rla um morguninn og menn hans og l\u00f6g\u00f0u af sta\u00f0 heim aftur til Filistalands, en Filistar f\u00f3ru upp \u00ed Jesreel.<\/p>\n<div class=\"footnote1981\"><b>29.3<\/b> \u00c1rum saman 1Sam 27.7<br \/>\n<b>29.4<\/b> Til sta\u00f0arins sem \u00fe\u00fa \u00fathluta\u00f0ir honum 1Sam 27.6 \u2013 gegn okkur 1Sam 14.21<br \/>\n<b>29.5<\/b> S\u00e1l felldi \u2026 1Sam 18.7+<br \/>\n<b>29.9<\/b> Jafn engli Gu\u00f0s 2Sam 14.17,20; 19.28<\/div>\n","protected":false},"excerpt":{"rendered":"<p>1Filistar dr\u00f3gu n\u00fa saman allan her sinn hj\u00e1 Afek, en \u00cdsrael setti herb\u00fa\u00f0ir s\u00ednar vi\u00f0 lindina hj\u00e1 Jesreel.2Og h\u00f6f\u00f0ingjar Filista komu me\u00f0 hundru\u00f0 s\u00edn og \u00fe\u00fasundir, og Dav\u00ed\u00f0 og menn hans komu s\u00ed\u00f0astir me\u00f0 Ak\u00eds.3\u00de\u00e1 s\u00f6g\u00f0u h\u00f6f\u00f0ingjar Filista: Hva\u00f0 eiga \u00feessir Hebrear h\u00e9r a\u00f0 gj\u00f6ra? Ak\u00eds sag\u00f0i vi\u00f0 h\u00f6f\u00f0ingja Filista: \u00dea\u00f0 er Dav\u00ed\u00f0, hir\u00f0ma\u00f0ur S\u00e1ls konungs \u00ed \u00cdsrael, sem n\u00fa hefir me\u00f0 m\u00e9r veri\u00f0 \u00ed tv\u00f6 \u00e1r, og hefi \u00e9g ekki haft neitt \u00fat \u00e1 hann a\u00f0 setja fr\u00e1 \u00feeirri stundu, er hann gj\u00f6r\u00f0ist minn ma\u00f0ur, og allt fram \u00e1 \u00feennan dag.4H\u00f6f\u00f0ingjar Filista reiddust honum og s\u00f6g\u00f0u vi\u00f0 hann: L\u00e1t <a href=\"https:\/\/biblian.is\/1981\/fyrri-samuelsbok-29-kafli\/\"> [&#8230;]<\/a><\/p>\n","protected":false},"author":1,"featured_media":0,"parent":0,"menu_order":0,"comment_status":"open","ping_status":"open","template":"bibliukaflar.php","meta":{"footnotes":""},"class_list":["post-1611","page","type-page","status-publish","hentry"],"_links":{"self":[{"href":"https:\/\/biblian.is\/1981\/wp-json\/wp\/v2\/pages\/1611","targetHints":{"allow":["GET"]}}],"collection":[{"href":"https:\/\/biblian.is\/1981\/wp-json\/wp\/v2\/pages"}],"about":[{"href":"https:\/\/biblian.is\/1981\/wp-json\/wp\/v2\/types\/page"}],"author":[{"embeddable":true,"href":"https:\/\/biblian.is\/1981\/wp-json\/wp\/v2\/users\/1"}],"replies":[{"embeddable":true,"href":"https:\/\/biblian.is\/1981\/wp-json\/wp\/v2\/comments?post=1611"}],"version-history":[{"count":0,"href":"https:\/\/biblian.is\/1981\/wp-json\/wp\/v2\/pages\/1611\/revisions"}],"wp:attachment":[{"href":"https:\/\/biblian.is\/1981\/wp-json\/wp\/v2\/media?parent=1611"}],"curies":[{"name":"wp","href":"https:\/\/api.w.org\/{rel}","templated":true}]}}