{"id":1610,"date":"2017-11-18T20:17:59","date_gmt":"2017-11-18T20:17:59","guid":{"rendered":"http:\/\/biblian.is\/1981\/fyrri-samuelsbok-28-kafli\/"},"modified":"2021-06-06T10:57:21","modified_gmt":"2021-06-06T10:57:21","slug":"fyrri-samuelsbok-28-kafli","status":"publish","type":"page","link":"https:\/\/biblian.is\/1981\/fyrri-samuelsbok-28-kafli\/","title":{"rendered":"Fyrri Sam\u00faelsb\u00f3k 28. kafli"},"content":{"rendered":"<p><a name=\"1\"><span class=\"versanumer\">1<\/span><\/a>\u00cd \u00feann t\u00edma dr\u00f3gu Filistar saman her sinn og bjuggust a\u00f0 fara \u00ed herna\u00f0 m\u00f3ti \u00cdsrael. Og Ak\u00eds sag\u00f0i vi\u00f0 Dav\u00ed\u00f0: Vita skaltu, a\u00f0 \u00fe\u00fa ver\u00f0ur a\u00f0 fara me\u00f0 m\u00e9r \u00ed lei\u00f0angurinn, b\u00e6\u00f0i \u00fe\u00fa og menn \u00fe\u00ednir.<a name=\"2\"><span class=\"versanumer\">2<\/span><\/a>Dav\u00ed\u00f0 svara\u00f0i Ak\u00eds: N\u00fa skalt \u00fe\u00fa f\u00e1 a\u00f0 reyna, hverju \u00fej\u00f3nn \u00feinn f\u00e6r orka\u00f0. Og Ak\u00eds sag\u00f0i vi\u00f0 Dav\u00ed\u00f0: \u00de\u00e1 skipa \u00e9g \u00feig h\u00f6fu\u00f0v\u00f6r\u00f0 minn allar stundir.<a name=\"3\"><span class=\"versanumer\">3<\/span><\/a>Sam\u00fael var d\u00e1inn, og allur \u00cdsrael haf\u00f0i syrgt hann og jar\u00f0a\u00f0 hann \u00ed Rama, hans eigin borg. En S\u00e1l haf\u00f0i gj\u00f6rt landr\u00e6ka alla andas\u00e6ringamenn og sp\u00e1sagnamenn.<a name=\"4\"><span class=\"versanumer\">4<\/span><\/a>N\u00fa s\u00f6fnu\u00f0ust Filistar saman og komu og settu herb\u00fa\u00f0ir s\u00ednar \u00ed S\u00fanem. \u00de\u00e1 safna\u00f0i S\u00e1l saman \u00f6llum \u00cdsrael og setti herb\u00fa\u00f0ir s\u00ednar \u00e1 Gilb\u00f3afjalli.<a name=\"5\"><span class=\"versanumer\">5<\/span><\/a>En \u00feegar S\u00e1l s\u00e1 her Filista, var\u00f0 hann hr\u00e6ddur og missti m\u00f3\u00f0inn.<a name=\"6\"><span class=\"versanumer\">6<\/span><\/a>S\u00e1l gekk til fr\u00e9tta vi\u00f0 Drottin, en Drottinn svara\u00f0i honum ekki, hvorki \u00ed draumum n\u00e9 me\u00f0 \u00far\u00edm n\u00e9 fyrir millig\u00f6ngu sp\u00e1mannanna.<a name=\"7\"><span class=\"versanumer\">7<\/span><\/a>\u00de\u00e1 sag\u00f0i S\u00e1l vi\u00f0 \u00fej\u00f3na s\u00edna: Leiti\u00f0 fyrir mig a\u00f0 s\u00e6ringakonu, svo a\u00f0 \u00e9g geti fari\u00f0 til hennar og leita\u00f0 fr\u00e9tta hj\u00e1 henni. Og \u00fej\u00f3nar hans s\u00f6g\u00f0u vi\u00f0 hann: \u00cd End\u00f3r er s\u00e6ringakona.<a name=\"8\"><span class=\"versanumer\">8<\/span><\/a>S\u00e1l gj\u00f6r\u00f0i sig torkennilegan og kl\u00e6ddist dularb\u00faningi og lag\u00f0i af sta\u00f0 og tveir menn me\u00f0 honum. \u00deeir komu til konunnar um n\u00f3tt, og S\u00e1l sag\u00f0i: L\u00e1t \u00fe\u00fa andann sp\u00e1 m\u00e9r og l\u00e1t koma fram \u00feann, er \u00e9g nefni til vi\u00f0 \u00feig.<a name=\"9\"><span class=\"versanumer\">9<\/span><\/a>Konan svara\u00f0i honum: Sj\u00e1, \u00fe\u00fa veist, hva\u00f0 S\u00e1l hefir gj\u00f6rt, a\u00f0 hann hefir uppr\u00e6tt \u00far landinu alla andas\u00e6ringamenn og sp\u00e1sagnamenn. Hv\u00ed leggur \u00fe\u00fa \u00fe\u00e1 sn\u00f6ru fyrir mig til \u00feess a\u00f0 dey\u00f0a mig?<a name=\"10\"><span class=\"versanumer\">10<\/span><\/a>\u00de\u00e1 vann S\u00e1l henni ei\u00f0 vi\u00f0 Drottin og m\u00e6lti: Svo sannarlega sem Drottinn lifir skal engin s\u00f6k \u00e1 \u00feig falla fyrir \u00feetta.<a name=\"11\"><span class=\"versanumer\">11<\/span><\/a>\u00de\u00e1 sag\u00f0i konan: Hvern viltu a\u00f0 \u00e9g l\u00e1ti koma fram? Hann svara\u00f0i: L\u00e1t \u00fe\u00fa Sam\u00fael koma fram fyrir mig.<a name=\"12\"><span class=\"versanumer\">12<\/span><\/a>En er konan s\u00e1 Sam\u00fael, hlj\u00f3\u00f0a\u00f0i h\u00fan upp yfir sig. Og konan sag\u00f0i vi\u00f0 S\u00e1l: Hv\u00ed hefir \u00fe\u00fa sviki\u00f0 mig? \u00de\u00fa ert S\u00e1l.<a name=\"13\"><span class=\"versanumer\">13<\/span><\/a>En konungurinn m\u00e6lti til hennar: Ver \u00fe\u00fa \u00f3hr\u00e6dd. En hva\u00f0 s\u00e9r \u00fe\u00fa? Og konan sag\u00f0i vi\u00f0 S\u00e1l: \u00c9g s\u00e9 anda koma upp \u00far j\u00f6r\u00f0inni.<a name=\"14\"><span class=\"versanumer\">14<\/span><\/a>Hann sag\u00f0i vi\u00f0 hana: Hvernig er hann \u00ed h\u00e1tt? H\u00fan svara\u00f0i: Gamall ma\u00f0ur st\u00edgur upp og er hj\u00fapa\u00f0ur skikkju. \u00de\u00e1 skildi S\u00e1l, a\u00f0 \u00fea\u00f0 var Sam\u00fael, og hneig\u00f0i andlit sitt til jar\u00f0ar og laut honum.<a name=\"15\"><span class=\"versanumer\">15<\/span><\/a>\u00de\u00e1 sag\u00f0i Sam\u00fael vi\u00f0 S\u00e1l: Hv\u00ed hefir \u00fe\u00fa \u00f3n\u00e1\u00f0a\u00f0 mig og l\u00e1ti\u00f0 kalla mig fram? S\u00e1l m\u00e6lti: \u00c9g er \u00ed miklum nau\u00f0um staddur. Filistar herja \u00e1 mig, og Gu\u00f0 er fr\u00e1 m\u00e9r vikinn og svarar m\u00e9r ekki lengur, hvorki fyrir millig\u00f6ngu sp\u00e1mannanna n\u00e9 \u00ed draumum. Fyrir \u00fev\u00ed l\u00e9t \u00e9g kalla \u00feig, til \u00feess a\u00f0 \u00fe\u00fa segir m\u00e9r, hva\u00f0 \u00e9g \u00e1 a\u00f0 gj\u00f6ra.<a name=\"16\"><span class=\"versanumer\">16<\/span><\/a>Sam\u00fael svara\u00f0i: Hv\u00ed spyr \u00fe\u00fa mig \u00fe\u00e1, fyrst Drottinn er fr\u00e1 \u00fe\u00e9r vikinn og or\u00f0inn \u00f3vinur \u00feinn?<a name=\"17\"><span class=\"versanumer\">17<\/span><\/a>Drottinn hefir \u00fe\u00e1 vi\u00f0 \u00feig gj\u00f6rt, eins og hann hefir sagt fyrir minn munn. Drottinn hefir rifi\u00f0 fr\u00e1 \u00fe\u00e9r konungd\u00f3minn og gefi\u00f0 hann \u00f6\u00f0rum, gefi\u00f0 Dav\u00ed\u00f0 hann.<a name=\"18\"><span class=\"versanumer\">18<\/span><\/a>Af \u00fev\u00ed a\u00f0 \u00fe\u00fa hl\u00fdddir ekki bo\u00f0i Drottins og framkv\u00e6mdir ekki hans brennandi rei\u00f0i \u00e1 Amalek, fyrir \u00fev\u00ed hefir Drottinn gj\u00f6rt \u00fe\u00e9r \u00feetta \u00ed dag.<a name=\"19\"><span class=\"versanumer\">19<\/span><\/a>Og Drottinn mun og gefa \u00cdsrael \u00e1samt \u00fe\u00e9r \u00ed hendur Filista, og \u00e1 morgun munt \u00fe\u00fa og synir \u00fe\u00ednir hj\u00e1 m\u00e9r vera. Drottinn mun og gefa her \u00cdsraels \u00ed hendur Filista.<a name=\"20\"><span class=\"versanumer\">20<\/span><\/a>\u00de\u00e1 var\u00f0 S\u00e1l hr\u00e6ddur og f\u00e9ll endilangur til jar\u00f0ar, og hann skelfdist mj\u00f6g af or\u00f0um Sam\u00faels. Hann var og magn\u00ferota, \u00fev\u00ed a\u00f0 hann haf\u00f0i eigi matar neytt allan daginn og alla n\u00f3ttina.<a name=\"21\"><span class=\"versanumer\">21<\/span><\/a>Konan gekk n\u00fa til S\u00e1ls, og er h\u00fan s\u00e1, hversu mj\u00f6g hann var felmtsfullur, sag\u00f0i h\u00fan vi\u00f0 hann: Sj\u00e1, amb\u00e1tt \u00fe\u00edn hefir hl\u00fdtt raustu \u00feinni, og \u00e9g hefi lagt l\u00edf mitt \u00ed h\u00e6ttu, og \u00e9g hefi gj\u00f6rt \u00fea\u00f0, sem \u00fe\u00fa ba\u00f0st mig um.<a name=\"22\"><span class=\"versanumer\">22<\/span><\/a>Hl\u00fd\u00f0 \u00fe\u00fa \u00fe\u00e1 l\u00edka raust amb\u00e1ttar \u00feinnar: \u00c9g \u00e6tla a\u00f0 f\u00e6ra \u00fe\u00e9r matarbita, og skalt \u00fe\u00fa eta, svo a\u00f0 \u00fe\u00e9r aukist \u00fer\u00f3ttur og \u00fe\u00fa getir fari\u00f0 lei\u00f0ar \u00feinnar.<a name=\"23\"><span class=\"versanumer\">23<\/span><\/a>En hann f\u00e6r\u00f0ist undan og sag\u00f0i: Eigi vil \u00e9g eta. En er b\u00e6\u00f0i menn hans og konan l\u00f6g\u00f0u a\u00f0 honum, \u00fe\u00e1 l\u00e9t hann a\u00f0 or\u00f0um \u00feeirra og st\u00f3\u00f0 upp af g\u00f3lfinu og settist \u00e1 r\u00fami\u00f0.<a name=\"24\"><span class=\"versanumer\">24<\/span><\/a>Og konan \u00e1tti alik\u00e1lf \u00ed h\u00fasinu. Sl\u00e1tra\u00f0i h\u00fan honum \u00ed skyndi, t\u00f3k mj\u00f6l, hno\u00f0a\u00f0i \u00fea\u00f0 og baka\u00f0i \u00far \u00fev\u00ed \u00f3s\u00fdr\u00f0ar k\u00f6kur.<a name=\"25\"><span class=\"versanumer\">25<\/span><\/a>S\u00ed\u00f0an bar h\u00fan \u00fea\u00f0 fyrir S\u00e1l og menn hans, og er \u00feeir h\u00f6f\u00f0u eti\u00f0, t\u00f3ku \u00feeir sig upp og l\u00f6g\u00f0u af sta\u00f0 \u00feessa s\u00f6mu n\u00f3tt.<\/p>\n<div class=\"footnote1981\"><b>28.3<\/b> Sam\u00fael var d\u00e1inn 1Sam 25.1 \u2013 sp\u00e1sagnamenn 3M\u00f3s 20.6; 5M\u00f3s 18.11; 2Kon 21.6; Jes 8.19; 2Kro 33.6<br \/>\n<b>28.8<\/b> Dulbj\u00f3 sig 1Kon 14.2<br \/>\n<b>28.14<\/b> Skikkja 1Kon 11.29; 19.19; 2Kon 2.8,14; Matt 3.4 og hlst.<br \/>\n<b>28.15<\/b> \u00cd miklum \u00ferengingum 1Sam 30.6; 2Sam 24.14<br \/>\n<b>28.16<\/b> Sam\u00fael spur\u00f0i S\u00edr 46.20 \u2013 or\u00f0inn andst\u00e6\u00f0ingur Jes 63.10; Hlj 2.5<br \/>\n<b>28.17<\/b> Konungd\u00f3mur Dav\u00ed\u00f0s 1Sam 24.21+<br \/>\n<b>28.19<\/b> Vera hj\u00e1 m\u00e9r 1Sam 31.2-5<br \/>\n<b>28.22-25<\/b> Matarbita 1M\u00f3s 18.5-8<\/div>\n","protected":false},"excerpt":{"rendered":"<p>1\u00cd \u00feann t\u00edma dr\u00f3gu Filistar saman her sinn og bjuggust a\u00f0 fara \u00ed herna\u00f0 m\u00f3ti \u00cdsrael. Og Ak\u00eds sag\u00f0i vi\u00f0 Dav\u00ed\u00f0: Vita skaltu, a\u00f0 \u00fe\u00fa ver\u00f0ur a\u00f0 fara me\u00f0 m\u00e9r \u00ed lei\u00f0angurinn, b\u00e6\u00f0i \u00fe\u00fa og menn \u00fe\u00ednir.2Dav\u00ed\u00f0 svara\u00f0i Ak\u00eds: N\u00fa skalt \u00fe\u00fa f\u00e1 a\u00f0 reyna, hverju \u00fej\u00f3nn \u00feinn f\u00e6r orka\u00f0. Og Ak\u00eds sag\u00f0i vi\u00f0 Dav\u00ed\u00f0: \u00de\u00e1 skipa \u00e9g \u00feig h\u00f6fu\u00f0v\u00f6r\u00f0 minn allar stundir.3Sam\u00fael var d\u00e1inn, og allur \u00cdsrael haf\u00f0i syrgt hann og jar\u00f0a\u00f0 hann \u00ed Rama, hans eigin borg. En S\u00e1l haf\u00f0i gj\u00f6rt landr\u00e6ka alla andas\u00e6ringamenn og sp\u00e1sagnamenn.4N\u00fa s\u00f6fnu\u00f0ust Filistar saman og komu og settu herb\u00fa\u00f0ir s\u00ednar \u00ed S\u00fanem. \u00de\u00e1 <a href=\"https:\/\/biblian.is\/1981\/fyrri-samuelsbok-28-kafli\/\"> [&#8230;]<\/a><\/p>\n","protected":false},"author":1,"featured_media":0,"parent":0,"menu_order":0,"comment_status":"open","ping_status":"open","template":"bibliukaflar.php","meta":{"footnotes":""},"class_list":["post-1610","page","type-page","status-publish","hentry"],"_links":{"self":[{"href":"https:\/\/biblian.is\/1981\/wp-json\/wp\/v2\/pages\/1610","targetHints":{"allow":["GET"]}}],"collection":[{"href":"https:\/\/biblian.is\/1981\/wp-json\/wp\/v2\/pages"}],"about":[{"href":"https:\/\/biblian.is\/1981\/wp-json\/wp\/v2\/types\/page"}],"author":[{"embeddable":true,"href":"https:\/\/biblian.is\/1981\/wp-json\/wp\/v2\/users\/1"}],"replies":[{"embeddable":true,"href":"https:\/\/biblian.is\/1981\/wp-json\/wp\/v2\/comments?post=1610"}],"version-history":[{"count":0,"href":"https:\/\/biblian.is\/1981\/wp-json\/wp\/v2\/pages\/1610\/revisions"}],"wp:attachment":[{"href":"https:\/\/biblian.is\/1981\/wp-json\/wp\/v2\/media?parent=1610"}],"curies":[{"name":"wp","href":"https:\/\/api.w.org\/{rel}","templated":true}]}}