{"id":1609,"date":"2017-11-18T20:17:59","date_gmt":"2017-11-18T20:17:59","guid":{"rendered":"http:\/\/biblian.is\/1981\/fyrri-samuelsbok-27-kafli\/"},"modified":"2021-06-06T10:57:21","modified_gmt":"2021-06-06T10:57:21","slug":"fyrri-samuelsbok-27-kafli","status":"publish","type":"page","link":"https:\/\/biblian.is\/1981\/fyrri-samuelsbok-27-kafli\/","title":{"rendered":"Fyrri Sam\u00faelsb\u00f3k 27. kafli"},"content":{"rendered":"<p><a name=\"1\"><span class=\"versanumer\">1<\/span><\/a>Dav\u00ed\u00f0 hugsa\u00f0i me\u00f0 sj\u00e1lfum s\u00e9r: N\u00fa fell \u00e9g einhvern daginn fyrir hendi S\u00e1ls. N\u00fa er \u00fea\u00f0 r\u00e1\u00f0 v\u00e6nst, a\u00f0 \u00e9g for\u00f0i m\u00e9r undan til Filistalands. \u00de\u00e1 gefst S\u00e1l upp vi\u00f0 a\u00f0 elta mig um allt \u00cdsraelsland, og \u00e9g slepp \u00far greipum honum.<a name=\"2\"><span class=\"versanumer\">2<\/span><\/a>S\u00ed\u00f0an t\u00f3k Dav\u00ed\u00f0 sig upp og f\u00f3r me\u00f0 \u00feau sex hundru\u00f0 manns, er me\u00f0 honum voru, yfir til Ak\u00eds Ma\u00f3kssonar, konungs \u00ed Gat.<a name=\"3\"><span class=\"versanumer\">3<\/span><\/a>Og Dav\u00ed\u00f0 settist a\u00f0 hj\u00e1 Ak\u00eds \u00ed Gat, b\u00e6\u00f0i hann og menn hans, hver me\u00f0 s\u00edna fj\u00f6lskyldu, Dav\u00ed\u00f0 me\u00f0 b\u00e1\u00f0um konum s\u00ednum: Ak\u00edn\u00f3am fr\u00e1 Jesreel og Ab\u00edgail, \u00fe\u00e1 er \u00e1tt haf\u00f0i Nabal \u00ed Karmel.<a name=\"4\"><span class=\"versanumer\">4<\/span><\/a>Og \u00feegar S\u00e1l fr\u00e9tti, a\u00f0 Dav\u00ed\u00f0 v\u00e6ri fl\u00fainn til Gat, \u00fe\u00e1 h\u00e6tti hann a\u00f0 leita hans.<a name=\"5\"><span class=\"versanumer\">5<\/span><\/a>Dav\u00ed\u00f0 sag\u00f0i vi\u00f0 Ak\u00eds: Hafi \u00e9g fundi\u00f0 n\u00e1\u00f0 \u00ed augum \u00fe\u00ednum, \u00fe\u00e1 l\u00e1t \u00fe\u00fa f\u00e1 m\u00e9r b\u00fasta\u00f0 \u00ed einhverri borg landsins. Hv\u00ed skal \u00fej\u00f3nn \u00feinn b\u00faa hj\u00e1 \u00fe\u00e9r \u00ed h\u00f6fu\u00f0borginni?<a name=\"6\"><span class=\"versanumer\">6<\/span><\/a>\u00de\u00e1 f\u00e9kk Ak\u00eds honum Siklag \u00feann sama dag. Fyrir \u00fev\u00ed liggur Siklag enn \u00ed dag undir J\u00fada konunga.<a name=\"7\"><span class=\"versanumer\">7<\/span><\/a>En s\u00e1 t\u00edmi, sem Dav\u00ed\u00f0 bj\u00f3 \u00ed Filistalandi, var eitt \u00e1r og fj\u00f3rir m\u00e1nu\u00f0ir.<a name=\"8\"><span class=\"versanumer\">8<\/span><\/a>Dav\u00ed\u00f0 og menn hans f\u00f3ru herf\u00f6r og gj\u00f6r\u00f0u \u00e1r\u00e1s \u00e1 Ges\u00far\u00edta, G\u00edrs\u00edta og Amalek\u00edta, \u00fev\u00ed a\u00f0 \u00feeir bjuggu \u00ed landinu, sem n\u00e1\u00f0i fr\u00e1 Telam alla lei\u00f0 til S\u00far og Egyptalands.<a name=\"9\"><span class=\"versanumer\">9<\/span><\/a>Og \u00feegar Dav\u00ed\u00f0 braust inn \u00ed \u00feessi l\u00f6nd, l\u00e9t hann hvorki menn n\u00e9 konur l\u00edfi halda, en t\u00f3k sau\u00f0f\u00e9 og nautgripi, asna og \u00falfalda og kl\u00e6\u00f0i, sneri s\u00ed\u00f0an vi\u00f0 og f\u00f3r aftur til Ak\u00eds.<a name=\"10\"><span class=\"versanumer\">10<\/span><\/a>Og ef Ak\u00eds spur\u00f0i: Hvar hafi\u00f0 \u00fe\u00e9r \u00e1 r\u00e1\u00f0ist \u00ed dag? \u00fe\u00e1 svara\u00f0i Dav\u00ed\u00f0: \u00cd J\u00fada sunnan til, e\u00f0a: \u00c1 su\u00f0urland Jerahmeel\u00edta, e\u00f0a: \u00c1 su\u00f0urland Ken\u00edta.<a name=\"11\"><span class=\"versanumer\">11<\/span><\/a>En Dav\u00ed\u00f0 l\u00e9t hvorki menn n\u00e9 konur l\u00edfi halda til \u00feess a\u00f0 flytja \u00fea\u00f0 til Gat, me\u00f0 \u00fev\u00ed a\u00f0 hann hugsa\u00f0i: \u00deau kynnu a\u00f0 segja eftir oss og taka svo til or\u00f0a: Svo hefir Dav\u00ed\u00f0 a\u00f0 fari\u00f0. Og s\u00e1 var si\u00f0ur hans allan \u00feann t\u00edma, sem hann bj\u00f3 \u00ed Filistalandi.<a name=\"12\"><span class=\"versanumer\">12<\/span><\/a>Og Ak\u00eds tr\u00fa\u00f0i Dav\u00ed\u00f0, me\u00f0 \u00fev\u00ed a\u00f0 hann hugsa\u00f0i: Honum er ekki lengur v\u00e6rt hj\u00e1 \u00fej\u00f3\u00f0 sinni \u00cdsrael, og fyrir \u00fev\u00ed mun hann \u00e6vinlega ver\u00f0a \u00ed minni \u00fej\u00f3nustu.<\/p>\n<div class=\"footnote1981\"><b>27.2<\/b> Til Ak\u00eds 1Sam 21.11<br \/>\n<b>27.3<\/b> B\u00e1\u00f0ar konur Dav\u00ed\u00f0s 1Sam 25.42-43; 30.5; 2Sam 2.2; 3.2-3<br \/>\n<b>27.7<\/b> Dvalart\u00edmi \u00ed Filistalandi 1Sam 29.3<br \/>\n<b>27.8<\/b> \u00c1 Amalek\u00edta 1Sam 30.1-20<\/div>\n","protected":false},"excerpt":{"rendered":"<p>1Dav\u00ed\u00f0 hugsa\u00f0i me\u00f0 sj\u00e1lfum s\u00e9r: N\u00fa fell \u00e9g einhvern daginn fyrir hendi S\u00e1ls. N\u00fa er \u00fea\u00f0 r\u00e1\u00f0 v\u00e6nst, a\u00f0 \u00e9g for\u00f0i m\u00e9r undan til Filistalands. \u00de\u00e1 gefst S\u00e1l upp vi\u00f0 a\u00f0 elta mig um allt \u00cdsraelsland, og \u00e9g slepp \u00far greipum honum.2S\u00ed\u00f0an t\u00f3k Dav\u00ed\u00f0 sig upp og f\u00f3r me\u00f0 \u00feau sex hundru\u00f0 manns, er me\u00f0 honum voru, yfir til Ak\u00eds Ma\u00f3kssonar, konungs \u00ed Gat.3Og Dav\u00ed\u00f0 settist a\u00f0 hj\u00e1 Ak\u00eds \u00ed Gat, b\u00e6\u00f0i hann og menn hans, hver me\u00f0 s\u00edna fj\u00f6lskyldu, Dav\u00ed\u00f0 me\u00f0 b\u00e1\u00f0um konum s\u00ednum: Ak\u00edn\u00f3am fr\u00e1 Jesreel og Ab\u00edgail, \u00fe\u00e1 er \u00e1tt haf\u00f0i Nabal \u00ed Karmel.4Og \u00feegar S\u00e1l fr\u00e9tti, <a href=\"https:\/\/biblian.is\/1981\/fyrri-samuelsbok-27-kafli\/\"> [&#8230;]<\/a><\/p>\n","protected":false},"author":1,"featured_media":0,"parent":0,"menu_order":0,"comment_status":"open","ping_status":"open","template":"bibliukaflar.php","meta":{"footnotes":""},"class_list":["post-1609","page","type-page","status-publish","hentry"],"_links":{"self":[{"href":"https:\/\/biblian.is\/1981\/wp-json\/wp\/v2\/pages\/1609","targetHints":{"allow":["GET"]}}],"collection":[{"href":"https:\/\/biblian.is\/1981\/wp-json\/wp\/v2\/pages"}],"about":[{"href":"https:\/\/biblian.is\/1981\/wp-json\/wp\/v2\/types\/page"}],"author":[{"embeddable":true,"href":"https:\/\/biblian.is\/1981\/wp-json\/wp\/v2\/users\/1"}],"replies":[{"embeddable":true,"href":"https:\/\/biblian.is\/1981\/wp-json\/wp\/v2\/comments?post=1609"}],"version-history":[{"count":0,"href":"https:\/\/biblian.is\/1981\/wp-json\/wp\/v2\/pages\/1609\/revisions"}],"wp:attachment":[{"href":"https:\/\/biblian.is\/1981\/wp-json\/wp\/v2\/media?parent=1609"}],"curies":[{"name":"wp","href":"https:\/\/api.w.org\/{rel}","templated":true}]}}