{"id":1606,"date":"2017-11-18T20:17:55","date_gmt":"2017-11-18T20:17:55","guid":{"rendered":"http:\/\/biblian.is\/1981\/fyrri-samuelsbok-24-kafli\/"},"modified":"2021-06-06T10:57:20","modified_gmt":"2021-06-06T10:57:20","slug":"fyrri-samuelsbok-24-kafli","status":"publish","type":"page","link":"https:\/\/biblian.is\/1981\/fyrri-samuelsbok-24-kafli\/","title":{"rendered":"Fyrri Sam\u00faelsb\u00f3k 24. kafli"},"content":{"rendered":"<p><a name=\"1\"><span class=\"versanumer\">1<\/span><\/a>Og \u00feegar S\u00e1l kom aftur \u00far herf\u00f6rinni m\u00f3ti Filistum, b\u00e1ru menn honum t\u00ed\u00f0indi og s\u00f6g\u00f0u: Sj\u00e1, Dav\u00ed\u00f0 er \u00ed Enged\u00ed-ey\u00f0im\u00f6rk.<a name=\"2\"><span class=\"versanumer\">2<\/span><\/a>\u00de\u00e1 t\u00f3k S\u00e1l \u00ferj\u00e1r \u00fe\u00fasundir manns, einvalali\u00f0 \u00far \u00f6llum \u00cdsrael, og lag\u00f0i af sta\u00f0 til a\u00f0 leita Dav\u00ed\u00f0s og hans manna austan \u00ed Steingeitah\u00f6mrum.<a name=\"3\"><span class=\"versanumer\">3<\/span><\/a>Og hann kom a\u00f0 fj\u00e1rbyrgjunum vi\u00f0 veginn. \u00dear var hellir, og gekk S\u00e1l inn \u00ed hann erinda sinna. En Dav\u00ed\u00f0 og hans menn h\u00f6f\u00f0u lagst fyrir innst \u00ed hellinum.<a name=\"4\"><span class=\"versanumer\">4<\/span><\/a>\u00de\u00e1 s\u00f6g\u00f0u menn Dav\u00ed\u00f0s vi\u00f0 hann: N\u00fa er dagurinn kominn, s\u00e1 er Drottinn tala\u00f0i um vi\u00f0 \u00feig: Sj\u00e1, \u00e9g mun gefa \u00f3vin \u00feinn \u00ed hendur \u00fe\u00e9r, svo a\u00f0 \u00fe\u00fa getir vi\u00f0 hann gj\u00f6rt \u00fea\u00f0, er \u00fe\u00e9r vel l\u00edkar. Og Dav\u00ed\u00f0 st\u00f3\u00f0 upp og snei\u00f0 leynilega lafi\u00f0 af skikkju S\u00e1ls.<a name=\"5\"><span class=\"versanumer\">5<\/span><\/a>En eftir \u00e1 sl\u00f3 samviskan Dav\u00ed\u00f0, a\u00f0 hann haf\u00f0i sni\u00f0i\u00f0 lafi\u00f0 af skikkju S\u00e1ls.<a name=\"6\"><span class=\"versanumer\">6<\/span><\/a>Og hann sag\u00f0i vi\u00f0 menn s\u00edna: Drottinn l\u00e1ti \u00fea\u00f0 vera fjarri m\u00e9r, a\u00f0 \u00e9g gj\u00f6ri sl\u00edkt vi\u00f0 herra minn, Drottins smur\u00f0a, a\u00f0 \u00e9g leggi h\u00f6nd \u00e1 hann, \u00fev\u00ed a\u00f0 Drottins smur\u00f0i er hann.<a name=\"7\"><span class=\"versanumer\">7<\/span><\/a>Og Dav\u00ed\u00f0 \u00e1taldi menn s\u00edna har\u00f0lega og leyf\u00f0i \u00feeim ekki a\u00f0 r\u00e1\u00f0ast \u00e1 S\u00e1l. S\u00e1l st\u00f3\u00f0 upp og gekk \u00fat \u00far hellinum og f\u00f3r lei\u00f0ar sinnar.<a name=\"8\"><span class=\"versanumer\">8<\/span><\/a>\u00de\u00e1 reis Dav\u00ed\u00f0 upp og gekk \u00fat \u00far hellinum og kalla\u00f0i \u00e1 eftir S\u00e1l: Minn herra konungur! \u00de\u00e1 leit S\u00e1l aftur, en Dav\u00ed\u00f0 hneig\u00f0i andlit sitt til jar\u00f0ar og laut honum.<a name=\"9\"><span class=\"versanumer\">9<\/span><\/a>Og Dav\u00ed\u00f0 sag\u00f0i vi\u00f0 S\u00e1l: Hv\u00ed hl\u00fd\u00f0ir \u00fe\u00fa \u00e1 tal \u00feeirra manna, sem segja: Sj\u00e1, Dav\u00ed\u00f0 situr um a\u00f0 vinna \u00fe\u00e9r mein?<a name=\"10\"><span class=\"versanumer\">10<\/span><\/a>Sj\u00e1, n\u00fa hefir \u00fe\u00fa sj\u00e1lfur s\u00e9\u00f0, hversu Drottinn gaf \u00feig \u00ed m\u00ednar hendur \u00ed dag \u00ed hellinum. Og menn eggju\u00f0u mig \u00e1 a\u00f0 drepa \u00feig, en \u00e9g \u00feyrmdi \u00fe\u00e9r og hugsa\u00f0i me\u00f0 m\u00e9r: \u00c9g skal eigi leggja hendur \u00e1 herra minn, \u00fev\u00ed a\u00f0 Drottins smur\u00f0i er hann.<a name=\"11\"><span class=\"versanumer\">11<\/span><\/a>En l\u00edttu \u00e1, fa\u00f0ir, j\u00e1 l\u00edttu \u00e1 lafi\u00f0 af skikkju \u00feinni \u00ed hendi m\u00e9r. Af \u00fev\u00ed, a\u00f0 \u00e9g snei\u00f0 lafi\u00f0 af skikkju \u00feinni og drap \u00feig ekki af \u00fev\u00ed m\u00e1tt \u00fe\u00fa skynja og skilja, a\u00f0 \u00e9g b\u00fd eigi yfir illsku og svikum og a\u00f0 \u00e9g hefi eigi syndga\u00f0 \u00e1 m\u00f3ti \u00fe\u00e9r. En \u00fe\u00fa situr um a\u00f0 r\u00e1\u00f0a mig af d\u00f6gum.<a name=\"12\"><span class=\"versanumer\">12<\/span><\/a>Drottinn d\u00e6mi milli m\u00edn og \u00fe\u00edn, og Drottinn hefni m\u00edn \u00e1 \u00fe\u00e9r, en hendur legg \u00e9g ekki \u00e1 \u00feig.<a name=\"13\"><span class=\"versanumer\">13<\/span><\/a>Eins og gamalt m\u00e1lt\u00e6ki segir: Ills er af illum von, en hendur legg \u00e9g ekki \u00e1 \u00feig.<a name=\"14\"><span class=\"versanumer\">14<\/span><\/a>Hvern eltir \u00cdsraelskonungur? Hvern ofs\u00e6kir \u00fe\u00fa? Dau\u00f0an hund, eina fl\u00f3!<a name=\"15\"><span class=\"versanumer\">15<\/span><\/a>Drottinn s\u00e9 d\u00f3mari og d\u00e6mi okkar \u00ed milli og sj\u00e1i til og flytji m\u00e1l mitt og reki r\u00e9ttar m\u00edns \u00ed hendur \u00fe\u00e9r.<a name=\"16\"><span class=\"versanumer\">16<\/span><\/a>\u00deegar Dav\u00ed\u00f0 haf\u00f0i m\u00e6lt \u00feessum or\u00f0um til S\u00e1ls, \u00fe\u00e1 kalla\u00f0i S\u00e1l: Er \u00fea\u00f0 ekki \u00fe\u00edn r\u00f6dd, Dav\u00ed\u00f0 sonur minn? og S\u00e1l t\u00f3k a\u00f0 gr\u00e1ta h\u00e1st\u00f6fum.<a name=\"17\"><span class=\"versanumer\">17<\/span><\/a>Og hann m\u00e6lti til Dav\u00ed\u00f0s: \u00de\u00fa ert r\u00e9ttl\u00e1tari en \u00e9g, \u00fev\u00ed a\u00f0 \u00fe\u00fa hefir gj\u00f6rt m\u00e9r gott, en \u00e9g hefi gj\u00f6rt \u00fe\u00e9r illt.<a name=\"18\"><span class=\"versanumer\">18<\/span><\/a>Og \u00fe\u00fa hefir \u00ed dag auki\u00f0 \u00e1 \u00fea\u00f0 g\u00f3\u00f0a, sem \u00fe\u00fa hefir au\u00f0s\u00fdnt m\u00e9r, \u00fear sem Drottinn seldi mig \u00ed \u00fe\u00ednar hendur, en \u00fe\u00fa drapst mig ekki.<a name=\"19\"><span class=\"versanumer\">19<\/span><\/a>\u00dev\u00ed a\u00f0 hitti einhver \u00f3vin sinn, mun hann \u00fe\u00e1 l\u00e1ta hann fara lei\u00f0ar sinnar \u00ed fri\u00f0i? En Drottinn mun umbuna \u00fe\u00e9r \u00feennan dag g\u00f3\u00f0u, fyrir \u00fea\u00f0 sem \u00fe\u00fa gj\u00f6r\u00f0ir m\u00e9r.<a name=\"20\"><span class=\"versanumer\">20<\/span><\/a>Og sj\u00e1, n\u00fa veit \u00e9g, a\u00f0 \u00fe\u00fa munt konungur ver\u00f0a og a\u00f0 konungd\u00f3mur \u00cdsraels mun sta\u00f0festast \u00ed \u00feinni hendi.<a name=\"21\"><span class=\"versanumer\">21<\/span><\/a>Vinn m\u00e9r \u00fev\u00ed ei\u00f0 a\u00f0 \u00fev\u00ed vi\u00f0 Drottin, a\u00f0 \u00fe\u00fa skulir ekki uppr\u00e6ta ni\u00f0ja m\u00edna eftir mig og ekki afm\u00e1 nafn mitt \u00far \u00e6tt minni.<a name=\"22\"><span class=\"versanumer\">22<\/span><\/a>Og Dav\u00ed\u00f0 vann S\u00e1l ei\u00f0 a\u00f0 \u00fev\u00ed. F\u00f3r S\u00e1l \u00fev\u00ed n\u00e6st heim til s\u00edn, en Dav\u00ed\u00f0 og menn hans f\u00f3ru upp \u00ed fjallv\u00edgi\u00f0.<\/p>\n<div class=\"footnote1981\"><b>24<\/b> Dav\u00ed\u00f0 \u00feyrmir S\u00e1l sbr 1Sam 26<br \/>\n<b>24.6<\/b> Samviskan angra\u00f0i Dav\u00ed\u00f0 2Sam 24.10<br \/>\n<b>24.7<\/b> Leggja hendur \u00e1 hann 1Sam 26.9,23; 31.4; 2Sam 1.14<br \/>\n<b>24.12<\/b> Ekki brotlegur 1Sam 20.1+<br \/>\n<b>24.15<\/b> Dau\u00f0an hund 2Sam 3.8; 16.9 \u2013 fl\u00f3 1Sam 26.20<br \/>\n<b>24.16<\/b> Reka r\u00e9tt minn 1Sam 25.39; Slm 35.23; 43.1; 119.154<br \/>\n<b>24.21<\/b> Ver\u00f0a konungur 1Sam 13.14; 15.28; 23.17; 25.30; 28.17<br \/>\n<b>24.22<\/b> Ekki \u00fatr\u00fdma ni\u00f0jum m\u00ednum 1Sam 20.14-16<\/div>\n","protected":false},"excerpt":{"rendered":"<p>1Og \u00feegar S\u00e1l kom aftur \u00far herf\u00f6rinni m\u00f3ti Filistum, b\u00e1ru menn honum t\u00ed\u00f0indi og s\u00f6g\u00f0u: Sj\u00e1, Dav\u00ed\u00f0 er \u00ed Enged\u00ed-ey\u00f0im\u00f6rk.2\u00de\u00e1 t\u00f3k S\u00e1l \u00ferj\u00e1r \u00fe\u00fasundir manns, einvalali\u00f0 \u00far \u00f6llum \u00cdsrael, og lag\u00f0i af sta\u00f0 til a\u00f0 leita Dav\u00ed\u00f0s og hans manna austan \u00ed Steingeitah\u00f6mrum.3Og hann kom a\u00f0 fj\u00e1rbyrgjunum vi\u00f0 veginn. \u00dear var hellir, og gekk S\u00e1l inn \u00ed hann erinda sinna. En Dav\u00ed\u00f0 og hans menn h\u00f6f\u00f0u lagst fyrir innst \u00ed hellinum.4\u00de\u00e1 s\u00f6g\u00f0u menn Dav\u00ed\u00f0s vi\u00f0 hann: N\u00fa er dagurinn kominn, s\u00e1 er Drottinn tala\u00f0i um vi\u00f0 \u00feig: Sj\u00e1, \u00e9g mun gefa \u00f3vin \u00feinn \u00ed hendur \u00fe\u00e9r, svo a\u00f0 \u00fe\u00fa getir <a href=\"https:\/\/biblian.is\/1981\/fyrri-samuelsbok-24-kafli\/\"> [&#8230;]<\/a><\/p>\n","protected":false},"author":1,"featured_media":0,"parent":0,"menu_order":0,"comment_status":"open","ping_status":"open","template":"bibliukaflar.php","meta":{"footnotes":""},"class_list":["post-1606","page","type-page","status-publish","hentry"],"_links":{"self":[{"href":"https:\/\/biblian.is\/1981\/wp-json\/wp\/v2\/pages\/1606","targetHints":{"allow":["GET"]}}],"collection":[{"href":"https:\/\/biblian.is\/1981\/wp-json\/wp\/v2\/pages"}],"about":[{"href":"https:\/\/biblian.is\/1981\/wp-json\/wp\/v2\/types\/page"}],"author":[{"embeddable":true,"href":"https:\/\/biblian.is\/1981\/wp-json\/wp\/v2\/users\/1"}],"replies":[{"embeddable":true,"href":"https:\/\/biblian.is\/1981\/wp-json\/wp\/v2\/comments?post=1606"}],"version-history":[{"count":0,"href":"https:\/\/biblian.is\/1981\/wp-json\/wp\/v2\/pages\/1606\/revisions"}],"wp:attachment":[{"href":"https:\/\/biblian.is\/1981\/wp-json\/wp\/v2\/media?parent=1606"}],"curies":[{"name":"wp","href":"https:\/\/api.w.org\/{rel}","templated":true}]}}