{"id":1605,"date":"2017-11-18T20:17:55","date_gmt":"2017-11-18T20:17:55","guid":{"rendered":"http:\/\/biblian.is\/1981\/fyrri-samuelsbok-23-kafli\/"},"modified":"2021-06-06T10:57:19","modified_gmt":"2021-06-06T10:57:19","slug":"fyrri-samuelsbok-23-kafli","status":"publish","type":"page","link":"https:\/\/biblian.is\/1981\/fyrri-samuelsbok-23-kafli\/","title":{"rendered":"Fyrri Sam\u00faelsb\u00f3k 23. kafli"},"content":{"rendered":"<p><a name=\"1\"><span class=\"versanumer\">1<\/span><\/a>Menn fluttu Dav\u00ed\u00f0 \u00feessi t\u00ed\u00f0indi: Sj\u00e1, Filistar herja \u00e1 Keg\u00edlu og r\u00e6na kornl\u00e1fana.<a name=\"2\"><span class=\"versanumer\">2<\/span><\/a>\u00de\u00e1 gekk Dav\u00ed\u00f0 til fr\u00e9tta vi\u00f0 Drottin og sag\u00f0i: \u00c1 \u00e9g a\u00f0 fara og herja \u00e1 \u00feessa Filista? Drottinn sag\u00f0i vi\u00f0 Dav\u00ed\u00f0: Far \u00fe\u00fa og herja \u00e1 Filistana og frelsa\u00f0u Keg\u00edlu.<a name=\"3\"><span class=\"versanumer\">3<\/span><\/a>En menn Dav\u00ed\u00f0s s\u00f6g\u00f0u vi\u00f0 hann: Sj\u00e1, v\u00e9r erum hr\u00e6ddir um oss h\u00e9r \u00ed J\u00fada, hva\u00f0 mun \u00fe\u00e1, ef v\u00e9r f\u00f6rum til Keg\u00edlu \u00e1 m\u00f3ti herfylkingum Filista?<a name=\"4\"><span class=\"versanumer\">4<\/span><\/a>\u00de\u00e1 gekk Dav\u00ed\u00f0 enn til fr\u00e9tta vi\u00f0 Drottin, og Drottinn svara\u00f0i honum og sag\u00f0i: Tak \u00feig upp og far til Keg\u00edlu, \u00fev\u00ed a\u00f0 \u00e9g mun gefa Filista \u00ed hendur \u00fe\u00e9r.<a name=\"5\"><span class=\"versanumer\">5<\/span><\/a>S\u00ed\u00f0an f\u00f3r Dav\u00ed\u00f0 og menn hans til Keg\u00edlu, og hann herja\u00f0i \u00e1 Filista, rak f\u00e9na\u00f0 \u00feeirra burt og lag\u00f0i fj\u00f6lda \u00feeirra a\u00f0 velli. \u00deannig frelsa\u00f0i Dav\u00ed\u00f0 \u00fe\u00e1, sem bjuggu \u00ed Keg\u00edlu.<a name=\"6\"><span class=\"versanumer\">6<\/span><\/a>\u00deegar Abjatar Ah\u00edmeleksson fl\u00fd\u00f0i til Dav\u00ed\u00f0s, \u00fe\u00e1 haf\u00f0i hann me\u00f0 s\u00e9r h\u00f6kul.<a name=\"7\"><span class=\"versanumer\">7<\/span><\/a>S\u00e1l var sagt fr\u00e1 \u00fev\u00ed, a\u00f0 Dav\u00ed\u00f0 v\u00e6ri kominn til Keg\u00edlu. \u00de\u00e1 m\u00e6lti S\u00e1l: Gu\u00f0 hefir selt hann m\u00e9r \u00e1 vald, \u00fev\u00ed a\u00f0 hann hefir sj\u00e1lfur byrgt sig inni me\u00f0 \u00fev\u00ed a\u00f0 fara inn \u00ed borg me\u00f0 hli\u00f0um og slagbr\u00f6ndum.<a name=\"8\"><span class=\"versanumer\">8<\/span><\/a>Og S\u00e1l stefndi \u00f6llum l\u00fd\u00f0num saman til herna\u00f0ar til \u00feess a\u00f0 fara til Keg\u00edlu og gj\u00f6ra ums\u00e1t um Dav\u00ed\u00f0 og menn hans.<a name=\"9\"><span class=\"versanumer\">9<\/span><\/a>\u00deegar Dav\u00ed\u00f0 fr\u00e9tti, a\u00f0 S\u00e1l s\u00e6ti \u00e1 svikr\u00e1\u00f0um vi\u00f0 sig, sag\u00f0i hann vi\u00f0 Abjatar prest: Kom \u00fe\u00fa hinga\u00f0 me\u00f0 h\u00f6kulinn.<a name=\"10\"><span class=\"versanumer\">10<\/span><\/a>Og Dav\u00ed\u00f0 m\u00e6lti: Drottinn, \u00cdsraels Gu\u00f0! \u00dej\u00f3nn \u00feinn hefir sannspurt, a\u00f0 S\u00e1l \u00e6tli s\u00e9r a\u00f0 koma til Keg\u00edlu til \u00feess a\u00f0 ey\u00f0a borgina m\u00edn vegna.<a name=\"11\"><span class=\"versanumer\">11<\/span><\/a>Hvort munu Keg\u00edlub\u00faar framselja mig \u00ed hendur honum? Mun S\u00e1l koma hinga\u00f0, eins og \u00fej\u00f3nn \u00feinn hefir spurt? Drottinn, \u00cdsraels Gu\u00f0! Gj\u00f6r \u00fea\u00f0 kunnugt \u00fej\u00f3ni \u00fe\u00ednum. Drottinn svara\u00f0i: J\u00e1, hann mun koma.<a name=\"12\"><span class=\"versanumer\">12<\/span><\/a>\u00de\u00e1 m\u00e6lti Dav\u00ed\u00f0: Hvort munu Keg\u00edlub\u00faar framselja mig og menn m\u00edna \u00ed hendur S\u00e1l? Drottinn svara\u00f0i: J\u00e1, \u00fea\u00f0 munu \u00feeir gj\u00f6ra.<a name=\"13\"><span class=\"versanumer\">13<\/span><\/a>\u00de\u00e1 t\u00f3k Dav\u00ed\u00f0 sig upp og hans menn, um sex hundru\u00f0 manns, og \u00feeir l\u00f6g\u00f0u af sta\u00f0 fr\u00e1 Keg\u00edlu og sveimu\u00f0u v\u00ed\u00f0svegar. En er S\u00e1l fr\u00e9tti, a\u00f0 Dav\u00ed\u00f0 hef\u00f0i for\u00f0a\u00f0 s\u00e9r burt fr\u00e1 Keg\u00edlu, \u00fe\u00e1 h\u00e6tti hann vi\u00f0 herf\u00f6rina.<a name=\"14\"><span class=\"versanumer\">14<\/span><\/a>Dav\u00ed\u00f0 haf\u00f0ist vi\u00f0 \u00ed ey\u00f0im\u00f6rkinni uppi \u00ed fjallv\u00edgjum, og hann haf\u00f0ist vi\u00f0 \u00e1 fj\u00f6llunum \u00ed S\u00edfey\u00f0im\u00f6rku. Og S\u00e1l leita\u00f0i hans alla daga, en Gu\u00f0 gaf hann ekki \u00ed hendur honum.<a name=\"15\"><span class=\"versanumer\">15<\/span><\/a>Dav\u00ed\u00f0 var\u00f0 hr\u00e6ddur, \u00feegar S\u00e1l lag\u00f0i af sta\u00f0 til \u00feess a\u00f0 s\u00e6kjast eftir l\u00edfi hans. Dav\u00ed\u00f0 var \u00fe\u00e1 \u00ed H\u00f3res \u00ed S\u00edfey\u00f0im\u00f6rku.<a name=\"16\"><span class=\"versanumer\">16<\/span><\/a>Og J\u00f3natan, sonur S\u00e1ls, t\u00f3k sig upp og f\u00f3r \u00e1 fund Dav\u00ed\u00f0s \u00ed H\u00f3res og hughreysti hann \u00ed nafni Gu\u00f0s<a name=\"17\"><span class=\"versanumer\">17<\/span><\/a>og sag\u00f0i vi\u00f0 hann: \u00d3ttast \u00fe\u00fa ekki, \u00fev\u00ed a\u00f0 S\u00e1l fa\u00f0ir minn mun eigi hendur \u00e1 \u00fe\u00e9r festa, en \u00fe\u00fa munt ver\u00f0a konungur yfir \u00cdsrael, og mun \u00e9g \u00fe\u00e1 ganga \u00fe\u00e9r n\u00e6stur. S\u00e1l fa\u00f0ir minn veit og \u00feetta.<a name=\"18\"><span class=\"versanumer\">18<\/span><\/a>Og \u00feeir gj\u00f6r\u00f0u b\u00e1\u00f0ir s\u00e1ttm\u00e1la fyrir augliti Drottins. Og Dav\u00ed\u00f0 var kyrr \u00ed H\u00f3res, en J\u00f3natan f\u00f3r heim til s\u00edn.<a name=\"19\"><span class=\"versanumer\">19<\/span><\/a>\u00de\u00e1 komu S\u00edf\u00edtar til S\u00e1ls \u00ed G\u00edbeu og s\u00f6g\u00f0u: Veistu a\u00f0 Dav\u00ed\u00f0 felur sig hj\u00e1 oss \u00ed fjallv\u00edgjunum \u00ed H\u00f3res, \u00ed Hahak\u00edlah\u00e6\u00f0unum, sunnarlega \u00ed J\u00fada\u00f3bygg\u00f0um?<a name=\"20\"><span class=\"versanumer\">20<\/span><\/a>Og ef \u00feig n\u00fa f\u00fdsir, konungur, a\u00f0 koma \u00feanga\u00f0, \u00fe\u00e1 kom \u00fe\u00fa. Vort hlutverk ver\u00f0ur \u00fea\u00f0 \u00fe\u00e1 a\u00f0 framselja hann \u00ed hendur konungi.<a name=\"21\"><span class=\"versanumer\">21<\/span><\/a>S\u00e1l m\u00e6lti: Blessa\u00f0ir s\u00e9u\u00f0 \u00fe\u00e9r af Drottni, fyrir \u00fea\u00f0 a\u00f0 \u00fe\u00e9r kenndu\u00f0 \u00ed brj\u00f3sti um mig.<a name=\"22\"><span class=\"versanumer\">22<\/span><\/a>Fari\u00f0 n\u00fa og taki\u00f0 enn vel eftir og kynni\u00f0 y\u00f0ur og komist sem fyrst a\u00f0 raun um, hvar hann heldur sig, \u00fev\u00ed a\u00f0 m\u00e9r hefir veri\u00f0 sagt, a\u00f0 hann s\u00e9 sl\u00e6gur mj\u00f6g.<a name=\"23\"><span class=\"versanumer\">23<\/span><\/a>Og nj\u00f3sni\u00f0 n\u00fa og kynni\u00f0 y\u00f0ur \u00f6ll \u00feau fylgsni, er hann kann a\u00f0 felast \u00ed, og f\u00e6ri\u00f0 m\u00e9r s\u00ed\u00f0an \u00f6rugga fregn af, og mun \u00e9g \u00fe\u00e1 me\u00f0 y\u00f0ur fara. Og ef hann er \u00ed landinu, \u00fe\u00e1 skal \u00e9g leita hann uppi me\u00f0al allra J\u00fada \u00fe\u00fasunda.<a name=\"24\"><span class=\"versanumer\">24<\/span><\/a>\u00de\u00e1 t\u00f3ku \u00feeir sig upp og f\u00f3ru \u00e1 undan S\u00e1l til S\u00edf. Dav\u00ed\u00f0 var \u00fe\u00e1 me\u00f0 m\u00f6nnum s\u00ednum \u00ed Maoney\u00f0im\u00f6rk, \u00e1 sl\u00e9ttlendinu sy\u00f0st \u00ed J\u00fada\u00f3bygg\u00f0um.<a name=\"25\"><span class=\"versanumer\">25<\/span><\/a>Og S\u00e1l f\u00f3r a\u00f0 leita hans me\u00f0 m\u00f6nnum s\u00ednum. S\u00f6g\u00f0u menn Dav\u00ed\u00f0 fr\u00e1 \u00fev\u00ed, og f\u00f3r hann \u00fe\u00e1 ni\u00f0ur a\u00f0 hamrinum, sem er \u00ed Maoney\u00f0im\u00f6rk. Og er S\u00e1l heyr\u00f0i \u00fea\u00f0, veitti hann Dav\u00ed\u00f0 eftirf\u00f6r inn \u00ed Maoney\u00f0im\u00f6rk.<a name=\"26\"><span class=\"versanumer\">26<\/span><\/a>S\u00e1l og menn hans f\u00f3ru \u00f6\u00f0rumegin vi\u00f0 fjalli\u00f0, en Dav\u00ed\u00f0 og hans menn hinumegin vi\u00f0 \u00fea\u00f0. Dav\u00ed\u00f0 fl\u00fdtti s\u00e9r n\u00fa \u00ed angist a\u00f0 komast undan S\u00e1l, en S\u00e1l og menn hans voru a\u00f0 \u00fev\u00ed komnir a\u00f0 umkringja Dav\u00ed\u00f0 og menn hans og taka \u00fe\u00e1 h\u00f6ndum.<a name=\"27\"><span class=\"versanumer\">27<\/span><\/a>En \u00fe\u00e1 kom sendima\u00f0ur til S\u00e1ls og m\u00e6lti: Kom \u00fe\u00fa n\u00fa skj\u00f3tt, \u00fev\u00ed a\u00f0 Filistar hafa brotist inn \u00ed landi\u00f0.<a name=\"28\"><span class=\"versanumer\">28<\/span><\/a>\u00de\u00e1 hvarf S\u00e1l aftur og l\u00e9t af a\u00f0 elta Dav\u00ed\u00f0, en sneri \u00ed m\u00f3ti Filistum. Fyrir \u00fev\u00ed var s\u00e1 sta\u00f0ur nefndur A\u00f0skilna\u00f0arklettur.<a name=\"29\"><span class=\"versanumer\">29<\/span><\/a>Dav\u00ed\u00f0 f\u00f3r \u00fea\u00f0an og haf\u00f0ist vi\u00f0 uppi \u00ed fjallv\u00edgjum vi\u00f0 Enged\u00ed.<\/p>\n<div class=\"footnote1981\"><b>23.4<\/b> \u00cd hendur \u00fe\u00e9r 1Sam 14.10-12; 2Sam 5.19<br \/>\n<b>23.6<\/b> Fl\u00fd\u00f0i til Dav\u00ed\u00f0s 1Sam 22.20-23<br \/>\n<b>23.8<\/b> Kvaddi allan herinn 1Sam 15.4<br \/>\n<b>23.18<\/b> S\u00e1ttm\u00e1li 1Sam 18.3<br \/>\n<b>23.19<\/b> Menn fr\u00e1 S\u00edf 1Sam 26.1; Slm 54.2<br \/>\n<b>23.21<\/b> Standa me\u00f0 m\u00e9r 1Sam 22.8<br \/>\n<b>23.26-28<\/b> S\u00e1l h\u00e6ttir eftirf\u00f6rinni 2Kon 7.6-7; 19.8-9<\/div>\n","protected":false},"excerpt":{"rendered":"<p>1Menn fluttu Dav\u00ed\u00f0 \u00feessi t\u00ed\u00f0indi: Sj\u00e1, Filistar herja \u00e1 Keg\u00edlu og r\u00e6na kornl\u00e1fana.2\u00de\u00e1 gekk Dav\u00ed\u00f0 til fr\u00e9tta vi\u00f0 Drottin og sag\u00f0i: \u00c1 \u00e9g a\u00f0 fara og herja \u00e1 \u00feessa Filista? Drottinn sag\u00f0i vi\u00f0 Dav\u00ed\u00f0: Far \u00fe\u00fa og herja \u00e1 Filistana og frelsa\u00f0u Keg\u00edlu.3En menn Dav\u00ed\u00f0s s\u00f6g\u00f0u vi\u00f0 hann: Sj\u00e1, v\u00e9r erum hr\u00e6ddir um oss h\u00e9r \u00ed J\u00fada, hva\u00f0 mun \u00fe\u00e1, ef v\u00e9r f\u00f6rum til Keg\u00edlu \u00e1 m\u00f3ti herfylkingum Filista?4\u00de\u00e1 gekk Dav\u00ed\u00f0 enn til fr\u00e9tta vi\u00f0 Drottin, og Drottinn svara\u00f0i honum og sag\u00f0i: Tak \u00feig upp og far til Keg\u00edlu, \u00fev\u00ed a\u00f0 \u00e9g mun gefa Filista \u00ed hendur \u00fe\u00e9r.5S\u00ed\u00f0an f\u00f3r Dav\u00ed\u00f0 <a href=\"https:\/\/biblian.is\/1981\/fyrri-samuelsbok-23-kafli\/\"> [&#8230;]<\/a><\/p>\n","protected":false},"author":1,"featured_media":0,"parent":0,"menu_order":0,"comment_status":"open","ping_status":"open","template":"bibliukaflar.php","meta":{"footnotes":""},"class_list":["post-1605","page","type-page","status-publish","hentry"],"_links":{"self":[{"href":"https:\/\/biblian.is\/1981\/wp-json\/wp\/v2\/pages\/1605","targetHints":{"allow":["GET"]}}],"collection":[{"href":"https:\/\/biblian.is\/1981\/wp-json\/wp\/v2\/pages"}],"about":[{"href":"https:\/\/biblian.is\/1981\/wp-json\/wp\/v2\/types\/page"}],"author":[{"embeddable":true,"href":"https:\/\/biblian.is\/1981\/wp-json\/wp\/v2\/users\/1"}],"replies":[{"embeddable":true,"href":"https:\/\/biblian.is\/1981\/wp-json\/wp\/v2\/comments?post=1605"}],"version-history":[{"count":0,"href":"https:\/\/biblian.is\/1981\/wp-json\/wp\/v2\/pages\/1605\/revisions"}],"wp:attachment":[{"href":"https:\/\/biblian.is\/1981\/wp-json\/wp\/v2\/media?parent=1605"}],"curies":[{"name":"wp","href":"https:\/\/api.w.org\/{rel}","templated":true}]}}