{"id":1603,"date":"2017-11-18T20:17:55","date_gmt":"2017-11-18T20:17:55","guid":{"rendered":"http:\/\/biblian.is\/1981\/fyrri-samuelsbok-21-kafli\/"},"modified":"2021-06-06T10:57:19","modified_gmt":"2021-06-06T10:57:19","slug":"fyrri-samuelsbok-21-kafli","status":"publish","type":"page","link":"https:\/\/biblian.is\/1981\/fyrri-samuelsbok-21-kafli\/","title":{"rendered":"Fyrri Sam\u00faelsb\u00f3k 21. kafli"},"content":{"rendered":"<p><a name=\"1\"><span class=\"versanumer\">1<\/span><\/a>Dav\u00ed\u00f0 kom til N\u00f3b, til Ah\u00edmeleks prests, en Ah\u00edmelek gekk skelka\u00f0ur \u00ed m\u00f3ti Dav\u00ed\u00f0 og m\u00e6lti til hans: Hv\u00ed ert \u00fe\u00fa einsamall og enginn ma\u00f0ur me\u00f0 \u00fe\u00e9r?<a name=\"2\"><span class=\"versanumer\">2<\/span><\/a>Dav\u00ed\u00f0 svara\u00f0i Ah\u00edmelek presti: Konungur f\u00f3l m\u00e9r erindi nokkurt og sag\u00f0i vi\u00f0 mig: Enginn ma\u00f0ur m\u00e1 vita neitt um erindi \u00fea\u00f0, er \u00e9g sendi \u00feig \u00ed og \u00e9g hefi fali\u00f0 \u00fe\u00e9r. Fyrir \u00fev\u00ed hefi \u00e9g stefnt sveinunum \u00e1 vissan sta\u00f0.<a name=\"3\"><span class=\"versanumer\">3<\/span><\/a>Og ef \u00fe\u00fa hefir n\u00fa fimm brau\u00f0 hj\u00e1 \u00fe\u00e9r, \u00fe\u00e1 gef m\u00e9r \u00feau, e\u00f0a hva\u00f0 sem fyrir hendi er.<a name=\"4\"><span class=\"versanumer\">4<\/span><\/a>Prestur svara\u00f0i Dav\u00ed\u00f0 og sag\u00f0i: \u00c9g hefi ekkert \u00f3heilagt brau\u00f0 hj\u00e1 m\u00e9r, en heilagt brau\u00f0 er til, a\u00f0eins a\u00f0 sveinarnir hafi haldi\u00f0 s\u00e9r fr\u00e1 konum.<a name=\"5\"><span class=\"versanumer\">5<\/span><\/a>Dav\u00ed\u00f0 svara\u00f0i presti og m\u00e6lti til hans: J\u00e1, vissulega. Kvenna hefir oss veri\u00f0 varna\u00f0 undanfari\u00f0. \u00deegar \u00e9g f\u00f3r a\u00f0 heiman, voru ker sveinanna heil\u00f6g. A\u00f0 v\u00edsu er \u00feetta fer\u00f0alag \u00f3heilagt, en n\u00fa ver\u00f0ur allt helga\u00f0!<a name=\"6\"><span class=\"versanumer\">6<\/span><\/a>\u00de\u00e1 gaf prestur honum heilagt brau\u00f0, \u00fev\u00ed a\u00f0 \u00fear var ekkert brau\u00f0, nema sko\u00f0unarbrau\u00f0in, sem tekin eru burt fr\u00e1 augliti Drottins, en volg brau\u00f0 l\u00f6g\u00f0 \u00ed sta\u00f0 \u00feeirra, \u00fe\u00e1 er \u00feau eru tekin.<a name=\"7\"><span class=\"versanumer\">7<\/span><\/a>En \u00fear var \u00feennan dag einn af \u00fej\u00f3num S\u00e1ls, inni byrg\u00f0ur fyrir augliti Drottins. Hann h\u00e9t D\u00f3eg og var Ed\u00f3m\u00edti og yfirma\u00f0ur hir\u00f0a S\u00e1ls.<a name=\"8\"><span class=\"versanumer\">8<\/span><\/a>Dav\u00ed\u00f0 sag\u00f0i vi\u00f0 Ah\u00edmelek: Hefir \u00fe\u00fa ekki spj\u00f3t e\u00f0a sver\u00f0 h\u00e9r hj\u00e1 \u00fe\u00e9r? \u00dev\u00ed a\u00f0 \u00e9g t\u00f3k hvorki sver\u00f0 mitt n\u00e9 vopn m\u00edn me\u00f0 m\u00e9r, svo bar br\u00e1\u00f0an a\u00f0 um konungs erindi.<a name=\"9\"><span class=\"versanumer\">9<\/span><\/a>\u00de\u00e1 sag\u00f0i prestur: H\u00e9r er sver\u00f0 Gol\u00edats Filista, sem \u00fe\u00fa lag\u00f0ir a\u00f0 velli \u00ed Eikidal, sveipa\u00f0 d\u00fak \u00e1 bak vi\u00f0 h\u00f6kulinn. Ef \u00fe\u00fa vilt hafa \u00fea\u00f0, \u00fe\u00e1 tak \u00fea\u00f0, \u00fev\u00ed a\u00f0 h\u00e9r er ekkert anna\u00f0 en \u00fea\u00f0. Dav\u00ed\u00f0 sag\u00f0i: \u00dea\u00f0 er sver\u00f0a best, f\u00e1 m\u00e9r \u00fea\u00f0.<a name=\"10\"><span class=\"versanumer\">10<\/span><\/a>S\u00ed\u00f0an t\u00f3k Dav\u00ed\u00f0 sig upp og fl\u00fd\u00f0i \u00feennan sama dag fyrir S\u00e1l, og kom til Ak\u00eds konungs \u00ed Gat.<a name=\"11\"><span class=\"versanumer\">11<\/span><\/a>Og \u00fej\u00f3nar Ak\u00eds s\u00f6g\u00f0u vi\u00f0 hann: Er \u00feetta ekki Dav\u00ed\u00f0, konungur landsins? Var \u00fea\u00f0 ekki um hann, a\u00f0 sungi\u00f0 var vi\u00f0 dansinn: S\u00e1l felldi s\u00edn \u00fe\u00fasund og Dav\u00ed\u00f0 s\u00edn t\u00edu \u00fe\u00fasund?<a name=\"12\"><span class=\"versanumer\">12<\/span><\/a>Dav\u00ed\u00f0 festi \u00feessi or\u00f0 \u00ed huga og var mj\u00f6g hr\u00e6ddur vi\u00f0 Ak\u00eds konung \u00ed Gat.<a name=\"13\"><span class=\"versanumer\">13<\/span><\/a>Fyrir \u00fev\u00ed gj\u00f6r\u00f0i hann s\u00e9r upp vitfirringu fyrir augum \u00feeirra og l\u00e9t sem \u00f3\u00f0ur ma\u00f0ur innan um \u00fe\u00e1, sl\u00f3 \u00e1 v\u00e6ngjahur\u00f0ir hli\u00f0sins sem \u00e1 bumbu og l\u00e9t slefuna renna ofan \u00ed skeggi\u00f0.<a name=\"14\"><span class=\"versanumer\">14<\/span><\/a>\u00de\u00e1 sag\u00f0i Ak\u00eds vi\u00f0 \u00fej\u00f3na s\u00edna: \u00de\u00e9r sj\u00e1i\u00f0 a\u00f0 ma\u00f0urinn er vitstola. Hv\u00ed komi\u00f0 \u00fe\u00e9r me\u00f0 hann til m\u00edn?<a name=\"15\"><span class=\"versanumer\">15<\/span><\/a>Hefi \u00e9g ekki n\u00f3g af vitfirringum, \u00far \u00fev\u00ed a\u00f0 \u00fe\u00e9r hafi\u00f0 komi\u00f0 me\u00f0 \u00feennan til a\u00f0 \u00e6rast frammi fyrir m\u00e9r? Hva\u00f0 \u00e1 hann a\u00f0 gj\u00f6ra \u00ed mitt h\u00fas?<\/p>\n<div class=\"footnote1981\"><b>21.7<\/b> Sko\u00f0unarbrau\u00f0 2M\u00f3s 25.30; Matt 12.3-4 og hlst.<br \/>\n<b>21.8<\/b> D\u00f3eg 1Sam 22.9,18,22<br \/>\n<b>21.11<\/b> Fl\u00fd\u00f0i til Gat 1Kon 2.39-41<br \/>\n<b>21.12<\/b> S\u00e1l felldi &#8230; 1Sam 18.7+<br \/>\n<b>21.14<\/b> Vitfirring Slm 34.1<\/div>\n","protected":false},"excerpt":{"rendered":"<p>1Dav\u00ed\u00f0 kom til N\u00f3b, til Ah\u00edmeleks prests, en Ah\u00edmelek gekk skelka\u00f0ur \u00ed m\u00f3ti Dav\u00ed\u00f0 og m\u00e6lti til hans: Hv\u00ed ert \u00fe\u00fa einsamall og enginn ma\u00f0ur me\u00f0 \u00fe\u00e9r?2Dav\u00ed\u00f0 svara\u00f0i Ah\u00edmelek presti: Konungur f\u00f3l m\u00e9r erindi nokkurt og sag\u00f0i vi\u00f0 mig: Enginn ma\u00f0ur m\u00e1 vita neitt um erindi \u00fea\u00f0, er \u00e9g sendi \u00feig \u00ed og \u00e9g hefi fali\u00f0 \u00fe\u00e9r. Fyrir \u00fev\u00ed hefi \u00e9g stefnt sveinunum \u00e1 vissan sta\u00f0.3Og ef \u00fe\u00fa hefir n\u00fa fimm brau\u00f0 hj\u00e1 \u00fe\u00e9r, \u00fe\u00e1 gef m\u00e9r \u00feau, e\u00f0a hva\u00f0 sem fyrir hendi er.4Prestur svara\u00f0i Dav\u00ed\u00f0 og sag\u00f0i: \u00c9g hefi ekkert \u00f3heilagt brau\u00f0 hj\u00e1 m\u00e9r, en heilagt brau\u00f0 er til, <a href=\"https:\/\/biblian.is\/1981\/fyrri-samuelsbok-21-kafli\/\"> [&#8230;]<\/a><\/p>\n","protected":false},"author":1,"featured_media":0,"parent":0,"menu_order":0,"comment_status":"open","ping_status":"open","template":"bibliukaflar.php","meta":{"footnotes":""},"class_list":["post-1603","page","type-page","status-publish","hentry"],"_links":{"self":[{"href":"https:\/\/biblian.is\/1981\/wp-json\/wp\/v2\/pages\/1603","targetHints":{"allow":["GET"]}}],"collection":[{"href":"https:\/\/biblian.is\/1981\/wp-json\/wp\/v2\/pages"}],"about":[{"href":"https:\/\/biblian.is\/1981\/wp-json\/wp\/v2\/types\/page"}],"author":[{"embeddable":true,"href":"https:\/\/biblian.is\/1981\/wp-json\/wp\/v2\/users\/1"}],"replies":[{"embeddable":true,"href":"https:\/\/biblian.is\/1981\/wp-json\/wp\/v2\/comments?post=1603"}],"version-history":[{"count":0,"href":"https:\/\/biblian.is\/1981\/wp-json\/wp\/v2\/pages\/1603\/revisions"}],"wp:attachment":[{"href":"https:\/\/biblian.is\/1981\/wp-json\/wp\/v2\/media?parent=1603"}],"curies":[{"name":"wp","href":"https:\/\/api.w.org\/{rel}","templated":true}]}}