{"id":1599,"date":"2017-11-18T20:17:55","date_gmt":"2017-11-18T20:17:55","guid":{"rendered":"http:\/\/biblian.is\/1981\/fyrri-samuelsbok-17-kafli\/"},"modified":"2021-06-06T10:57:17","modified_gmt":"2021-06-06T10:57:17","slug":"fyrri-samuelsbok-17-kafli","status":"publish","type":"page","link":"https:\/\/biblian.is\/1981\/fyrri-samuelsbok-17-kafli\/","title":{"rendered":"Fyrri Sam\u00faelsb\u00f3k 17. kafli"},"content":{"rendered":"<p><a name=\"1\"><span class=\"versanumer\">1<\/span><\/a>Filistar dr\u00f3gu n\u00fa saman hersveitir s\u00ednar til bardaga, og s\u00f6fnu\u00f0ust \u00feeir saman \u00ed S\u00f3k\u00f3, sem heyrir J\u00fada, og settu \u00feeir herb\u00fa\u00f0ir s\u00ednar hj\u00e1 Efes-Damm\u00edm, milli S\u00f3k\u00f3 og Aseka.<a name=\"2\"><span class=\"versanumer\">2<\/span><\/a>En S\u00e1l og \u00cdsraelsmenn s\u00f6fnu\u00f0ust saman og settu herb\u00fa\u00f0ir s\u00ednar \u00ed Eikidalnum og bjuggust til bardaga \u00ed m\u00f3ti Filistum.<a name=\"3\"><span class=\"versanumer\">3<\/span><\/a>Og Filistar st\u00f3\u00f0u \u00e1 fjalli \u00f6\u00f0rumegin og \u00cdsraelsmenn st\u00f3\u00f0u \u00e1 fjalli hinumegin, svo a\u00f0 dalurinn var \u00e1 milli \u00feeirra.<a name=\"4\"><span class=\"versanumer\">4<\/span><\/a>\u00de\u00e1 gekk h\u00f3lmg\u00f6nguma\u00f0ur fram \u00far fylkingum Filista. H\u00e9t hann Gol\u00edat og var fr\u00e1 Gat. Hann var \u00e1 h\u00e6\u00f0 sex \u00e1lnir og sp\u00f6nn betur.<a name=\"5\"><span class=\"versanumer\">5<\/span><\/a>Hann haf\u00f0i eirhj\u00e1lm \u00e1 h\u00f6f\u00f0i og var \u00ed spangabrynju, og v\u00f3 brynjan fimm \u00fe\u00fasund sikla eirs.<a name=\"6\"><span class=\"versanumer\">6<\/span><\/a>Hann haf\u00f0i legghl\u00edfar af eiri \u00e1 f\u00f3tum s\u00e9r og skotspj\u00f3t af eiri \u00e1 her\u00f0um s\u00e9r.<a name=\"7\"><span class=\"versanumer\">7<\/span><\/a>En spj\u00f3tskaft hans var sem vefjarrifur, og fj\u00f6\u00f0urin v\u00f3 sex hundru\u00f0 sikla j\u00e1rns. Skjaldsveinn hans gekk \u00e1 undan honum.<a name=\"8\"><span class=\"versanumer\">8<\/span><\/a>Gol\u00edat gekk fram og kalla\u00f0i til fylkinga \u00cdsraels og m\u00e6lti til \u00feeirra: Hv\u00ed fari\u00f0 \u00fe\u00e9r \u00ed lei\u00f0angur og b\u00faist til bardaga? Er \u00e9g ekki Filisti og \u00fe\u00e9r \u00fej\u00f3nar S\u00e1ls? Velji\u00f0 y\u00f0ur mann, sem komi hinga\u00f0 ofan til m\u00edn.<a name=\"9\"><span class=\"versanumer\">9<\/span><\/a>S\u00e9 hann f\u00e6r um a\u00f0 berjast vi\u00f0 mig og felli mig, \u00fe\u00e1 skulum v\u00e9r vera y\u00f0ar \u00fer\u00e6lar, en beri \u00e9g h\u00e6rra hlut og felli hann, \u00fe\u00e1 skulu\u00f0 \u00fe\u00e9r vera vorir \u00fer\u00e6lar og \u00fej\u00f3na oss.<a name=\"10\"><span class=\"versanumer\">10<\/span><\/a>Og Filistinn m\u00e6lti: \u00c9g hefi sm\u00e1na\u00f0 fylkingar \u00cdsraels \u00ed dag. F\u00e1i\u00f0 til mann, a\u00f0 vi\u00f0 megum berjast.<a name=\"11\"><span class=\"versanumer\">11<\/span><\/a>Og \u00feegar S\u00e1l og allur \u00cdsrael heyr\u00f0i \u00feessi umm\u00e6li Filistans, \u00fe\u00e1 skelfdust \u00feeir og ur\u00f0u mj\u00f6g hr\u00e6ddir.<a name=\"12\"><span class=\"versanumer\">12<\/span><\/a>Dav\u00ed\u00f0 var sonur \u00cdsa\u00ed, sem var Efrat\u00edti \u00ed Betlehem \u00ed J\u00fada. \u00cdsa\u00ed \u00e1tti \u00e1tta sonu. \u00c1 S\u00e1ls d\u00f6gum var ma\u00f0urinn or\u00f0inn gamall og hniginn a\u00f0 aldri.<a name=\"13\"><span class=\"versanumer\">13<\/span><\/a>Og \u00fer\u00edr elstu synir \u00cdsa\u00ed h\u00f6f\u00f0u fari\u00f0 me\u00f0 S\u00e1l \u00ed str\u00ed\u00f0i\u00f0. Og synir hans \u00fer\u00edr, sem \u00ed str\u00ed\u00f0i\u00f0 h\u00f6f\u00f0u fari\u00f0, h\u00e9tu: hinn elsti El\u00edab, annar Ab\u00ednadab og hinn \u00feri\u00f0ji Samma.<a name=\"14\"><span class=\"versanumer\">14<\/span><\/a>En Dav\u00ed\u00f0 var yngstur. \u00der\u00edr hinir eldri h\u00f6f\u00f0u fari\u00f0 me\u00f0 S\u00e1l.<a name=\"15\"><span class=\"versanumer\">15<\/span><\/a>Og vi\u00f0 og vi\u00f0 f\u00f3r Dav\u00ed\u00f0 fr\u00e1 S\u00e1l til \u00feess a\u00f0 g\u00e6ta sau\u00f0a f\u00f6\u00f0ur s\u00edns \u00ed Betlehem.<a name=\"16\"><span class=\"versanumer\">16<\/span><\/a>En Filistinn gekk fram morgna og kveld og bau\u00f0 sig fram fj\u00f6rut\u00edu daga.<a name=\"17\"><span class=\"versanumer\">17<\/span><\/a>Dag nokkurn sag\u00f0i \u00cdsa\u00ed vi\u00f0 Dav\u00ed\u00f0 son sinn: Tak \u00fe\u00fa efu af \u00feessu baka\u00f0a korni handa br\u00e6\u00f0rum \u00fe\u00ednum og \u00feessi t\u00edu brau\u00f0 og fl\u00fdt \u00fe\u00e9r og f\u00e6r\u00f0u br\u00e6\u00f0rum \u00fe\u00ednum \u00feetta \u00ed herb\u00fa\u00f0irnar.<a name=\"18\"><span class=\"versanumer\">18<\/span><\/a>Og \u00feessa t\u00edu mj\u00f3lkurosta skalt \u00fe\u00fa f\u00e6ra hersveitarforingjanum, og f\u00e1\u00f0u a\u00f0 vita, hvernig br\u00e6\u00f0rum \u00fe\u00ednum l\u00ed\u00f0ur, og komdu me\u00f0 jarteikn fr\u00e1 \u00feeim.<a name=\"19\"><span class=\"versanumer\">19<\/span><\/a>En S\u00e1l og \u00feeir og allir \u00cdsraelsmenn eru \u00ed Eikidalnum og eru a\u00f0 berjast vi\u00f0 Filista.<a name=\"20\"><span class=\"versanumer\">20<\/span><\/a>Dav\u00ed\u00f0 reis \u00e1rla morguninn eftir og f\u00e9kk sau\u00f0ina hir\u00f0i nokkrum til geymslu og lyfti \u00e1 sig og h\u00e9lt af sta\u00f0, eins og \u00cdsa\u00ed haf\u00f0i bo\u00f0i\u00f0 honum. \u00deegar hann kom til herb\u00fa\u00f0anna, gekk herinn fram \u00ed fylkingu, og \u00e6ptu \u00feeir her\u00f3p.<a name=\"21\"><span class=\"versanumer\">21<\/span><\/a>St\u00f3\u00f0u n\u00fa hvorir tveggja b\u00fanir til bardaga, \u00cdsrael og Filistar, hvor fylkingin gegnt annarri.<a name=\"22\"><span class=\"versanumer\">22<\/span><\/a>Og Dav\u00ed\u00f0 skildi vi\u00f0 sig \u00fea\u00f0, er hann haf\u00f0i me\u00f0fer\u00f0is, hj\u00e1 manni \u00feeim, er g\u00e6tti farangursins, og hlj\u00f3p a\u00f0 fylkingunni og kom og spur\u00f0i br\u00e6\u00f0ur s\u00edna, hvernig \u00feeim li\u00f0i.<a name=\"23\"><span class=\"versanumer\">23<\/span><\/a>En me\u00f0an hann var a\u00f0 tala vi\u00f0 \u00fe\u00e1, sj\u00e1, \u00fe\u00e1 gekk fram h\u00f3lmg\u00f6nguma\u00f0urinn hann h\u00e9t Gol\u00edat, Filisti fr\u00e1 Gat \u00far fylkingum Filistanna og m\u00e6lti s\u00f6mu or\u00f0um sem fyrr, og Dav\u00ed\u00f0 hl\u00fdddi \u00e1.<a name=\"24\"><span class=\"versanumer\">24<\/span><\/a>En er \u00cdsraelsmenn s\u00e1u manninn, h\u00f6rfu\u00f0u \u00feeir allir undan honum og voru mj\u00f6g hr\u00e6ddir.<a name=\"25\"><span class=\"versanumer\">25<\/span><\/a>Og einn \u00cdsraelsmanna sag\u00f0i: Hafi\u00f0 \u00fe\u00e9r s\u00e9\u00f0 manninn, sem kemur \u00fearna? Hann kemur til \u00feess a\u00f0 sm\u00e1na \u00cdsrael. Hverjum \u00feeim, sem fellir hann, vill konungurinn veita mikil au\u00f0\u00e6fi og gefa honum d\u00f3ttur s\u00edna og gj\u00f6ra \u00e6tt hans skattfrj\u00e1lsa \u00ed \u00cdsrael.<a name=\"26\"><span class=\"versanumer\">26<\/span><\/a>\u00de\u00e1 sag\u00f0i Dav\u00ed\u00f0 vi\u00f0 \u00fe\u00e1, sem n\u00e6stir honum st\u00f3\u00f0u: Hverju ver\u00f0ur \u00feeim manni umbuna\u00f0, sem fellir Filista \u00feennan og rekur sv\u00edvir\u00f0ing af \u00cdsrael? \u00dev\u00ed a\u00f0 hver er \u00feessi \u00f3umskorni Filisti, er dirfist a\u00f0 sm\u00e1na herfylkingar lifanda Gu\u00f0s?<a name=\"27\"><span class=\"versanumer\">27<\/span><\/a>Og f\u00f3lki\u00f0 tala\u00f0i til hans \u00feessum s\u00f6mu or\u00f0um: \u00deessu ver\u00f0ur \u00feeim umbuna\u00f0, sem fellir hann.<a name=\"28\"><span class=\"versanumer\">28<\/span><\/a>En er El\u00edab, elsti br\u00f3\u00f0ir hans, heyr\u00f0i, hva\u00f0 hann tala\u00f0i vi\u00f0 mennina, \u00fe\u00e1 reiddist hann Dav\u00ed\u00f0 og m\u00e6lti: Til hvers ert \u00fe\u00fa hinga\u00f0 kominn, og hj\u00e1 hverjum skildir \u00fe\u00fa eftir \u00feessa f\u00e1u sau\u00f0i \u00ed ey\u00f0im\u00f6rkinni? \u00c9g \u00feekki ofdirfsku \u00fe\u00edna og vonsku hjarta \u00fe\u00edns: \u00de\u00fa ert hinga\u00f0 kominn til \u00feess a\u00f0 horfa \u00e1 bardagann.<a name=\"29\"><span class=\"versanumer\">29<\/span><\/a>Dav\u00ed\u00f0 svara\u00f0i: N\u00fa, hva\u00f0 hefi \u00e9g \u00fe\u00e1 gj\u00f6rt? Var m\u00e9r ekki frj\u00e1lst a\u00f0 spyrja?<a name=\"30\"><span class=\"versanumer\">30<\/span><\/a>Og hann sneri s\u00e9r fr\u00e1 honum og til annars og m\u00e6lti \u00e1 s\u00f6mu lei\u00f0, og f\u00f3lki\u00f0 svara\u00f0i honum hinu sama sem hi\u00f0 fyrra skipti\u00f0.<a name=\"31\"><span class=\"versanumer\">31<\/span><\/a>En er \u00fea\u00f0 spur\u00f0ist, sem Dav\u00ed\u00f0 haf\u00f0i sagt, \u00fe\u00e1 s\u00f6g\u00f0u menn S\u00e1l fr\u00e1 \u00fev\u00ed, og l\u00e9t hann \u00fe\u00e1 s\u00e6kja hann.<a name=\"32\"><span class=\"versanumer\">32<\/span><\/a>Dav\u00ed\u00f0 sag\u00f0i vi\u00f0 S\u00e1l: Enginn l\u00e1ti hugfallast! \u00dej\u00f3nn \u00feinn mun fara og berjast vi\u00f0 Filista \u00feennan.<a name=\"33\"><span class=\"versanumer\">33<\/span><\/a>S\u00e1l sag\u00f0i vi\u00f0 Dav\u00ed\u00f0: \u00de\u00fa ert ekki f\u00e6r um a\u00f0 fara m\u00f3ti Filista \u00feessum og berjast vi\u00f0 hann, \u00fev\u00ed a\u00f0 \u00fe\u00fa ert ungmenni, en hann hefir veri\u00f0 bardagama\u00f0ur fr\u00e1 barn\u00e6sku sinni.<a name=\"34\"><span class=\"versanumer\">34<\/span><\/a>Dav\u00ed\u00f0 sag\u00f0i vi\u00f0 S\u00e1l: \u00dej\u00f3nn \u00feinn g\u00e6tti sau\u00f0a hj\u00e1 f\u00f6\u00f0ur s\u00ednum. Ef \u00fe\u00e1 kom lj\u00f3n e\u00f0a bj\u00f6rn og t\u00f3k kind \u00far hj\u00f6r\u00f0inni,<a name=\"35\"><span class=\"versanumer\">35<\/span><\/a>\u00fe\u00e1 hlj\u00f3p \u00e9g \u00e1 eftir honum og felldi hann og reif kindina \u00far gini hans, en ef hann r\u00e9\u00f0st \u00ed m\u00f3ti m\u00e9r, \u00fereif \u00e9g \u00ed kampa hans og laust hann til bana.<a name=\"36\"><span class=\"versanumer\">36<\/span><\/a>B\u00e6\u00f0i lj\u00f3n og bj\u00f6rn hefir \u00fej\u00f3nn \u00feinn drepi\u00f0, og \u00feessum \u00f3umskorna Filista skal rei\u00f0a af eins og \u00feeim, \u00fev\u00ed a\u00f0 hann hefir sm\u00e1na\u00f0 herfylkingar lifanda Gu\u00f0s.<a name=\"37\"><span class=\"versanumer\">37<\/span><\/a>Og Dav\u00ed\u00f0 m\u00e6lti: Drottinn, sem frelsa\u00f0i mig \u00far kl\u00f3m lj\u00f3nsins og \u00far kl\u00f3m bjarnarins, hann mun frelsa mig af hendi \u00feessa Filista. \u00de\u00e1 m\u00e6lti S\u00e1l vi\u00f0 Dav\u00ed\u00f0: Far \u00fe\u00fa \u00fe\u00e1, og Drottinn mun vera me\u00f0 \u00fe\u00e9r.<a name=\"38\"><span class=\"versanumer\">38<\/span><\/a>Og S\u00e1l f\u00e6r\u00f0i Dav\u00ed\u00f0 \u00ed brynjukufl sinn og setti eirhj\u00e1lm \u00e1 h\u00f6fu\u00f0 honum og f\u00e6r\u00f0i hann \u00ed brynju.<a name=\"39\"><span class=\"versanumer\">39<\/span><\/a>Og Dav\u00ed\u00f0 gyrti sig sver\u00f0i s\u00ednu utan yfir brynjukuflinn og f\u00f3r a\u00f0 ganga, \u00fev\u00ed a\u00f0 hann haf\u00f0i aldrei reynt \u00fea\u00f0 \u00e1\u00f0ur. \u00de\u00e1 sag\u00f0i Dav\u00ed\u00f0 vi\u00f0 S\u00e1l: \u00c9g get ekki gengi\u00f0 \u00ed \u00feessu, \u00fev\u00ed a\u00f0 \u00e9g hefi aldrei reynt \u00fea\u00f0 \u00e1\u00f0ur. Og \u00feeir f\u00e6r\u00f0u Dav\u00ed\u00f0 \u00far \u00feessu,<a name=\"40\"><span class=\"versanumer\">40<\/span><\/a>en hann t\u00f3k staf sinn \u00ed h\u00f6nd s\u00e9r og valdi s\u00e9r fimm h\u00e1la steina \u00far gilinu og l\u00e9t \u00fe\u00e1 \u00ed smalat\u00f6skuna, sem hann haf\u00f0i me\u00f0 s\u00e9r, \u00ed skreppuna, og t\u00f3k s\u00e9r sl\u00f6ngvu \u00ed h\u00f6nd og gekk \u00e1 m\u00f3ti Filistanum.<a name=\"41\"><span class=\"versanumer\">41<\/span><\/a>Filistinn gekk n\u00e6r og n\u00e6r Dav\u00ed\u00f0, og ma\u00f0urinn, sem bar skj\u00f6ld hans, gekk \u00e1 undan honum.<a name=\"42\"><span class=\"versanumer\">42<\/span><\/a>En er Filistinn leit til og s\u00e1 Dav\u00ed\u00f0, fyrirleit hann hann, af \u00fev\u00ed a\u00f0 hann var ungmenni og rau\u00f0leitur og fr\u00ed\u00f0ur s\u00fdnum.<a name=\"43\"><span class=\"versanumer\">43<\/span><\/a>Og Filistinn sag\u00f0i vi\u00f0 Dav\u00ed\u00f0: Er \u00e9g \u00fe\u00e1 hundur, a\u00f0 \u00fe\u00fa kemur me\u00f0 staf \u00e1 m\u00f3ti m\u00e9r? Og Filistinn form\u00e6lti Dav\u00ed\u00f0 vi\u00f0 gu\u00f0 sinn.<a name=\"44\"><span class=\"versanumer\">44<\/span><\/a>Og Filistinn m\u00e6lti vi\u00f0 Dav\u00ed\u00f0: Kom \u00fe\u00fa til m\u00edn, svo a\u00f0 \u00e9g gefi fuglum loftsins og d\u00fdrum merkurinnar hold \u00feitt.<a name=\"45\"><span class=\"versanumer\">45<\/span><\/a>Dav\u00ed\u00f0 sag\u00f0i vi\u00f0 Filistann: \u00de\u00fa kemur \u00e1 m\u00f3ti m\u00e9r me\u00f0 sver\u00f0 og lensu og spj\u00f3t, en \u00e9g kem \u00e1 m\u00f3ti \u00fe\u00e9r \u00ed nafni Drottins allsherjar, Gu\u00f0s herfylkinga \u00cdsraels, sem \u00fe\u00fa hefir sm\u00e1na\u00f0.<a name=\"46\"><span class=\"versanumer\">46<\/span><\/a>\u00cd dag mun Drottinn gefa \u00feig \u00ed m\u00ednar hendur, og \u00e9g mun leggja \u00feig a\u00f0 velli og h\u00f6ggva af \u00fe\u00e9r h\u00f6fu\u00f0i\u00f0, og hr\u00e6 \u00feitt og hr\u00e6in af her Filista mun \u00e9g \u00ed dag gefa fuglum loftsins og d\u00fdrum merkurinnar, svo a\u00f0 \u00f6ll j\u00f6r\u00f0in vi\u00f0urkenni, a\u00f0 Gu\u00f0 er \u00ed \u00cdsrael,<a name=\"47\"><span class=\"versanumer\">47<\/span><\/a>og til \u00feess a\u00f0 allur \u00feessi mannsafna\u00f0ur komist a\u00f0 raun um, a\u00f0 Drottinn veitir ekki sigur me\u00f0 sver\u00f0i og spj\u00f3ti, \u00fev\u00ed a\u00f0 bardaginn er Drottins, og hann mun gefa y\u00f0ur \u00ed vorar hendur.<a name=\"48\"><span class=\"versanumer\">48<\/span><\/a>Og er Filistinn f\u00f3r af sta\u00f0 og gekk fram og f\u00f3r \u00ed m\u00f3ti Dav\u00ed\u00f0, \u00fe\u00e1 fl\u00fdtti Dav\u00ed\u00f0 s\u00e9r og hlj\u00f3p a\u00f0 fylkingunni \u00ed m\u00f3ti Filistanum.<a name=\"49\"><span class=\"versanumer\">49<\/span><\/a>Og Dav\u00ed\u00f0 stakk hendi sinni ofan \u00ed smalat\u00f6skuna og t\u00f3k \u00far henni stein og sl\u00f6ngva\u00f0i og h\u00e6f\u00f0i Filistann \u00ed enni\u00f0, og steinninn festist \u00ed enni hans, og f\u00e9ll hann \u00e1 gr\u00fafu til jar\u00f0ar.<a name=\"50\"><span class=\"versanumer\">50<\/span><\/a>\u00deannig sigra\u00f0i Dav\u00ed\u00f0 Filistann me\u00f0 sl\u00f6ngvu og steini og felldi hann og drap hann, og \u00fe\u00f3 haf\u00f0i Dav\u00ed\u00f0 ekkert sver\u00f0 \u00ed hendi.<a name=\"51\"><span class=\"versanumer\">51<\/span><\/a>\u00de\u00e1 hlj\u00f3p Dav\u00ed\u00f0 a\u00f0 og gekk til Filistans, t\u00f3k sver\u00f0 hans og dr\u00f3 \u00fea\u00f0 \u00far sl\u00ed\u00f0rum og drap hann og hj\u00f3 af honum h\u00f6fu\u00f0i\u00f0 me\u00f0 \u00fev\u00ed. En er Filistar s\u00e1u, a\u00f0 kappi \u00feeirra var dau\u00f0ur, l\u00f6g\u00f0u \u00feeir \u00e1 fl\u00f3tta.<a name=\"52\"><span class=\"versanumer\">52<\/span><\/a>En \u00cdsraelsmenn og J\u00fadamenn l\u00f6g\u00f0u af sta\u00f0 og \u00e6ptu her\u00f3p og eltu Filista allt til Gat og a\u00f0 borgarhli\u00f0i Ekron, svo a\u00f0 Filistar l\u00e1gu vegnir jafnvel \u00e1 veginum, sem l\u00e1 inn um borgarhli\u00f0i\u00f0 b\u00e6\u00f0i \u00ed Gat og Ekron.<a name=\"53\"><span class=\"versanumer\">53<\/span><\/a>Og \u00cdsraelsmenn sneru aftur og h\u00e6ttu a\u00f0 elta Filista og r\u00e6ndu herb\u00fa\u00f0ir \u00feeirra.<a name=\"54\"><span class=\"versanumer\">54<\/span><\/a>En Dav\u00ed\u00f0 t\u00f3k h\u00f6fu\u00f0 Filistans og haf\u00f0i me\u00f0 s\u00e9r til Jer\u00fasalem, en vopn hans lag\u00f0i hann \u00ed tjald sitt.<a name=\"55\"><span class=\"versanumer\">55<\/span><\/a>\u00deegar S\u00e1l s\u00e1 Dav\u00ed\u00f0 fara m\u00f3ti Filistanum, m\u00e6lti hann vi\u00f0 Abner hersh\u00f6f\u00f0ingja: Abner, hvers son er sveinn \u00feessi? Abner svara\u00f0i: Svo sannarlega sem \u00fe\u00fa lifir, konungur, veit \u00e9g \u00fea\u00f0 ekki.<a name=\"56\"><span class=\"versanumer\">56<\/span><\/a>Konungurinn m\u00e6lti: Spyr \u00fe\u00fa a\u00f0, hvers sonur \u00feetta ungmenni s\u00e9.<a name=\"57\"><span class=\"versanumer\">57<\/span><\/a>Og er Dav\u00ed\u00f0 sneri aftur og haf\u00f0i lagt Filistann a\u00f0 velli, \u00fe\u00e1 t\u00f3k Abner hann og leiddi hann fyrir S\u00e1l, en hann h\u00e9lt \u00e1 h\u00f6f\u00f0i Filistans \u00ed hendi s\u00e9r.<a name=\"58\"><span class=\"versanumer\">58<\/span><\/a>Og S\u00e1l sag\u00f0i vi\u00f0 hann: Hvers son ert \u00fe\u00fa, sveinn? Dav\u00ed\u00f0 svara\u00f0i: Sonur \u00fej\u00f3ns \u00fe\u00edns \u00cdsa\u00ed Betlehem\u00edta.<\/p>\n<div class=\"footnote1981\"><b>17.4-7<\/b> H\u00f3lmg\u00f6nguma\u00f0ur Filistea 2Sam 21.15-22<br \/>\n<b>17.8<\/b> \u00der\u00e6lar 1Sam 8.17<br \/>\n<b>17.10<\/b> Einv\u00edgi sbr 2Sam 2.14-15<br \/>\n<b>17.15<\/b> Dav\u00ed\u00f0 g\u00e6tir sau\u00f0a 1Sam 16.11+<br \/>\n<b>17.25<\/b> Gifta d\u00f3ttur s\u00edna 1Sam 18.27; J\u00f3s 15.16<br \/>\n<b>17.35<\/b> Lj\u00f3n e\u00f0a bj\u00f6rn S\u00edr 47.3<br \/>\n<b>17.37<\/b> Drottinn mun vera me\u00f0 \u00fe\u00e9r 1Sam 18.12; 20.13; 2M\u00f3s 10.10; 2Sam 14.17; 1Kon 8.57; 1Kro 22.11; 2Kro 36.23<br \/>\n<b>17.40<\/b> Dav\u00ed\u00f0, hir\u00f0ir 1Sam 16.11+<br \/>\n<b>17.43<\/b> Heldur\u00f0u a\u00f0 \u00e9g s\u00e9 hundur? 2Sam 3.8<br \/>\n<b>17.44<\/b> Fuglum og d\u00fdrum 5M\u00f3s 28.26; Jer 19.7<br \/>\n<b>17.45<\/b> Vopna\u00f0ur nafni Drottins Slm 20.8-9<br \/>\n<b>17.46<\/b> Allir \u00edb\u00faar jar\u00f0ar vi\u00f0urkenna 1Kon 18.37; 2Kon 19.19; sbr 1Kon 20.13,28<br \/>\n<b>17.47<\/b> Drottinn frelsar 5M\u00f3s 33.29; 2Sam 23.10; Slm 118.16; 1Kor 15.57<br \/>\n<b>17.50<\/b> Ekkert sver\u00f0 D\u00f3m 3.31; 15.15<\/div>\n","protected":false},"excerpt":{"rendered":"<p>1Filistar dr\u00f3gu n\u00fa saman hersveitir s\u00ednar til bardaga, og s\u00f6fnu\u00f0ust \u00feeir saman \u00ed S\u00f3k\u00f3, sem heyrir J\u00fada, og settu \u00feeir herb\u00fa\u00f0ir s\u00ednar hj\u00e1 Efes-Damm\u00edm, milli S\u00f3k\u00f3 og Aseka.2En S\u00e1l og \u00cdsraelsmenn s\u00f6fnu\u00f0ust saman og settu herb\u00fa\u00f0ir s\u00ednar \u00ed Eikidalnum og bjuggust til bardaga \u00ed m\u00f3ti Filistum.3Og Filistar st\u00f3\u00f0u \u00e1 fjalli \u00f6\u00f0rumegin og \u00cdsraelsmenn st\u00f3\u00f0u \u00e1 fjalli hinumegin, svo a\u00f0 dalurinn var \u00e1 milli \u00feeirra.4\u00de\u00e1 gekk h\u00f3lmg\u00f6nguma\u00f0ur fram \u00far fylkingum Filista. H\u00e9t hann Gol\u00edat og var fr\u00e1 Gat. Hann var \u00e1 h\u00e6\u00f0 sex \u00e1lnir og sp\u00f6nn betur.5Hann haf\u00f0i eirhj\u00e1lm \u00e1 h\u00f6f\u00f0i og var \u00ed spangabrynju, og v\u00f3 brynjan fimm \u00fe\u00fasund sikla <a href=\"https:\/\/biblian.is\/1981\/fyrri-samuelsbok-17-kafli\/\"> [&#8230;]<\/a><\/p>\n","protected":false},"author":1,"featured_media":0,"parent":0,"menu_order":0,"comment_status":"open","ping_status":"open","template":"bibliukaflar.php","meta":{"footnotes":""},"class_list":["post-1599","page","type-page","status-publish","hentry"],"_links":{"self":[{"href":"https:\/\/biblian.is\/1981\/wp-json\/wp\/v2\/pages\/1599","targetHints":{"allow":["GET"]}}],"collection":[{"href":"https:\/\/biblian.is\/1981\/wp-json\/wp\/v2\/pages"}],"about":[{"href":"https:\/\/biblian.is\/1981\/wp-json\/wp\/v2\/types\/page"}],"author":[{"embeddable":true,"href":"https:\/\/biblian.is\/1981\/wp-json\/wp\/v2\/users\/1"}],"replies":[{"embeddable":true,"href":"https:\/\/biblian.is\/1981\/wp-json\/wp\/v2\/comments?post=1599"}],"version-history":[{"count":0,"href":"https:\/\/biblian.is\/1981\/wp-json\/wp\/v2\/pages\/1599\/revisions"}],"wp:attachment":[{"href":"https:\/\/biblian.is\/1981\/wp-json\/wp\/v2\/media?parent=1599"}],"curies":[{"name":"wp","href":"https:\/\/api.w.org\/{rel}","templated":true}]}}