{"id":1597,"date":"2017-11-18T20:17:55","date_gmt":"2017-11-18T20:17:55","guid":{"rendered":"http:\/\/biblian.is\/1981\/fyrri-samuelsbok-15-kafli\/"},"modified":"2021-06-06T10:57:16","modified_gmt":"2021-06-06T10:57:16","slug":"fyrri-samuelsbok-15-kafli","status":"publish","type":"page","link":"https:\/\/biblian.is\/1981\/fyrri-samuelsbok-15-kafli\/","title":{"rendered":"Fyrri Sam\u00faelsb\u00f3k 15. kafli"},"content":{"rendered":"<p><a name=\"1\"><span class=\"versanumer\">1<\/span><\/a>Sam\u00fael sag\u00f0i vi\u00f0 S\u00e1l: Drottinn sendi mig til \u00feess a\u00f0 smyrja \u00feig til konungs yfir l\u00fd\u00f0 sinn \u00cdsrael. Hl\u00fd\u00f0 \u00fev\u00ed bo\u00f0i Drottins.<a name=\"2\"><span class=\"versanumer\">2<\/span><\/a>Svo segir Drottinn allsherjar: \u00c9g vil hefna \u00feess, er Amalek gj\u00f6r\u00f0i \u00cdsrael, a\u00f0 hann gj\u00f6r\u00f0i honum farart\u00e1lma, \u00fe\u00e1 er hann f\u00f3r af Egyptalandi.<a name=\"3\"><span class=\"versanumer\">3<\/span><\/a>Far \u00fev\u00ed og vinn sigur \u00e1 Amalek og helga\u00f0u hann banni og allt, sem hann \u00e1. Og \u00fe\u00fa skalt ekki \u00feyrma honum, heldur skalt \u00fe\u00fa dey\u00f0a b\u00e6\u00f0i karla og konur, b\u00f6rn og brj\u00f3stmylkinga, naut og sau\u00f0f\u00e9, \u00falfalda og asna.<a name=\"4\"><span class=\"versanumer\">4<\/span><\/a>S\u00e1l bau\u00f0 \u00fe\u00e1 \u00fat li\u00f0i og kanna\u00f0i \u00fea\u00f0 \u00ed Telam: tv\u00f6 hundru\u00f0 \u00fe\u00fasundir f\u00f3tg\u00f6nguli\u00f0s og t\u00edu \u00fe\u00fasundir J\u00fadamanna.<a name=\"5\"><span class=\"versanumer\">5<\/span><\/a>Og S\u00e1l kom til h\u00f6fu\u00f0borgar Amaleks og setti launs\u00e1t \u00ed dalinn.<a name=\"6\"><span class=\"versanumer\">6<\/span><\/a>Og S\u00e1l sag\u00f0i vi\u00f0 Ken\u00edta: Komi\u00f0, v\u00edki\u00f0 undan, fari\u00f0 burt fr\u00e1 Amalek\u00edtum, svo a\u00f0 \u00e9g tort\u00edmi y\u00f0ur ekki me\u00f0 \u00feeim, \u00fev\u00ed a\u00f0 \u00fe\u00e9r s\u00fdndu\u00f0 \u00f6llum \u00cdsraelsm\u00f6nnum g\u00f3\u00f0vild, \u00fe\u00e1 er \u00feeir f\u00f3ru af Egyptalandi. \u00de\u00e1 viku Ken\u00edtar burt fr\u00e1 Amalek.<a name=\"7\"><span class=\"versanumer\">7<\/span><\/a>S\u00e1l vann sigur \u00e1 Amalek fr\u00e1 Hav\u00edla su\u00f0ur undir S\u00far, sem liggur fyrir austan Egyptaland.<a name=\"8\"><span class=\"versanumer\">8<\/span><\/a>Og Agag, konung Amaleks, t\u00f3k hann h\u00f6ndum lifandi, en f\u00f3lki\u00f0 allt bannf\u00e6r\u00f0i hann me\u00f0 sver\u00f0seggjum.<a name=\"9\"><span class=\"versanumer\">9<\/span><\/a>\u00de\u00f3 \u00feyrmdi S\u00e1l og f\u00f3lki\u00f0 Agag og bestu sau\u00f0unum og nautunum, \u00f6ldu og feitu skepnunum, og \u00f6llu \u00fev\u00ed, sem v\u00e6nt var, og vildu ekki bannf\u00e6ra \u00fea\u00f0. En allt \u00fea\u00f0 af f\u00e9na\u00f0inum, sem var l\u00e9legt og r\u00fdrt, bannf\u00e6r\u00f0u \u00feeir.<a name=\"10\"><span class=\"versanumer\">10<\/span><\/a>\u00de\u00e1 kom or\u00f0 Drottins til Sam\u00faels svohlj\u00f3\u00f0andi:<a name=\"11\"><span class=\"versanumer\">11<\/span><\/a>Mig i\u00f0rar \u00feess, a\u00f0 \u00e9g gj\u00f6r\u00f0i S\u00e1l a\u00f0 konungi, \u00fev\u00ed a\u00f0 hann hefir sn\u00fai\u00f0 baki vi\u00f0 m\u00e9r og eigi framkv\u00e6mt bo\u00f0 m\u00edn. \u00de\u00e1 reiddist Sam\u00fael og hr\u00f3pa\u00f0i til Drottins alla n\u00f3ttina.<a name=\"12\"><span class=\"versanumer\">12<\/span><\/a>Og Sam\u00fael lag\u00f0i snemma af sta\u00f0 n\u00e6sta morgun til \u00feess a\u00f0 hitta S\u00e1l. Og Sam\u00fael var sagt svo fr\u00e1: S\u00e1l er kominn til Karmel, og sj\u00e1, hann hefir reist s\u00e9r minnismerki. \u00dev\u00ed n\u00e6st sneri hann vi\u00f0 og h\u00e9lt \u00e1fram og er farinn ofan til Gilgal.<a name=\"13\"><span class=\"versanumer\">13<\/span><\/a>\u00deegar Sam\u00fael kom til S\u00e1ls, m\u00e6lti S\u00e1l til hans: Blessa\u00f0ur s\u00e9rt \u00fe\u00fa af Drottni, \u00e9g hefi framkv\u00e6mt bo\u00f0 Drottins.<a name=\"14\"><span class=\"versanumer\">14<\/span><\/a>En Sam\u00fael m\u00e6lti: Hva\u00f0a sau\u00f0ajarmur er \u00fea\u00f0 \u00fe\u00e1, sem \u00f3mar \u00ed eyru m\u00e9r, og hva\u00f0a nauta\u00f6skur er \u00fea\u00f0, sem \u00e9g heyri?<a name=\"15\"><span class=\"versanumer\">15<\/span><\/a>S\u00e1l svara\u00f0i: \u00deeir komu me\u00f0 \u00fea\u00f0 fr\u00e1 Amalek\u00edtum, af \u00fev\u00ed a\u00f0 f\u00f3lki\u00f0 \u00feyrmdi bestu sau\u00f0unum og nautunum til \u00feess a\u00f0 f\u00f3rna \u00feeim Drottni Gu\u00f0i s\u00ednum, en hitt h\u00f6fum v\u00e9r bannf\u00e6rt.<a name=\"16\"><span class=\"versanumer\">16<\/span><\/a>Sam\u00fael sag\u00f0i vi\u00f0 S\u00e1l: H\u00e6ttu n\u00fa, og mun \u00e9g kunngj\u00f6ra \u00fe\u00e9r \u00fea\u00f0, sem Drottinn hefir tala\u00f0 vi\u00f0 mig \u00ed n\u00f3tt. S\u00e1l sag\u00f0i vi\u00f0 hann: Tala \u00fe\u00fa!<a name=\"17\"><span class=\"versanumer\">17<\/span><\/a>Sam\u00fael m\u00e6lti: Er ekki svo, a\u00f0 \u00fe\u00f3tt \u00fe\u00fa s\u00e9rt l\u00edtill \u00ed \u00fe\u00ednum augum, \u00fe\u00e1 ert \u00fe\u00fa \u00fe\u00f3 h\u00f6fu\u00f0 \u00cdsraels \u00e6ttkv\u00edsla, \u00fev\u00ed a\u00f0 Drottinn smur\u00f0i \u00feig til konungs yfir \u00cdsrael?<a name=\"18\"><span class=\"versanumer\">18<\/span><\/a>Og Drottinn sendi \u00feig \u00ed lei\u00f0angur og sag\u00f0i: Far \u00fe\u00fa og bannf\u00e6r syndarana, Amalek\u00edta, og berst vi\u00f0 \u00fe\u00e1, uns \u00fe\u00fa hefir gj\u00f6reytt \u00feeim.<a name=\"19\"><span class=\"versanumer\">19<\/span><\/a>Hvers vegna hefir \u00fe\u00fa \u00fe\u00e1 ekki hl\u00fdtt bo\u00f0i Drottins, heldur fleygt \u00fe\u00e9r yfir herfangi\u00f0 og gj\u00f6rt \u00fea\u00f0, sem illt var \u00ed augum Drottins?<a name=\"20\"><span class=\"versanumer\">20<\/span><\/a>\u00de\u00e1 m\u00e6lti S\u00e1l vi\u00f0 Sam\u00fael: \u00c9g hefi hl\u00fdtt bo\u00f0i Drottins og hefi fari\u00f0 \u00ed lei\u00f0angur \u00feann, er Drottinn sendi mig \u00ed, og hefi komi\u00f0 hinga\u00f0 me\u00f0 Agag, Amaleks konung, og Amalek hefi \u00e9g banni helga\u00f0.<a name=\"21\"><span class=\"versanumer\">21<\/span><\/a>En f\u00f3lki\u00f0 t\u00f3k sau\u00f0i og naut af herfanginu, hi\u00f0 besta af \u00fev\u00ed bannf\u00e6r\u00f0a, til \u00feess a\u00f0 f\u00f3rna \u00fev\u00ed \u00ed Gilgal Drottni Gu\u00f0i \u00fe\u00ednum til handa.<a name=\"22\"><span class=\"versanumer\">22<\/span><\/a>Sam\u00fael m\u00e6lti: Hefir \u00fe\u00e1 Drottinn eins mikla vel\u00fe\u00f3knun \u00e1 brennif\u00f3rnum og sl\u00e1turf\u00f3rnum eins og \u00e1 hl\u00fd\u00f0ni vi\u00f0 bo\u00f0 s\u00edn? Nei, hl\u00fd\u00f0ni er betri en f\u00f3rn, gaumg\u00e6fni betri en feiti hr\u00fatanna.<a name=\"23\"><span class=\"versanumer\">23<\/span><\/a>\u00derj\u00f3ska er ekki betri en galdrasynd, og \u00feverm\u00f3\u00f0ska er ekki betri en hj\u00e1gu\u00f0ad\u00fdrkun og h\u00fasgo\u00f0. Af \u00fev\u00ed a\u00f0 \u00fe\u00fa hefir hafna\u00f0 skipun Drottins, \u00fe\u00e1 hefir hann og hafna\u00f0 \u00fe\u00e9r og svipt \u00feig konungd\u00f3mi.<a name=\"24\"><span class=\"versanumer\">24<\/span><\/a>S\u00e1l m\u00e6lti vi\u00f0 Sam\u00fael: \u00c9g hefi syndga\u00f0, \u00fear e\u00f0 \u00e9g hefi broti\u00f0 bo\u00f0 Drottins og \u00fe\u00edn fyrirm\u00e6li, en \u00e9g \u00f3tta\u00f0ist f\u00f3lki\u00f0 og l\u00e9t \u00fev\u00ed a\u00f0 or\u00f0um \u00feess.<a name=\"25\"><span class=\"versanumer\">25<\/span><\/a>Fyrirgef m\u00e9r n\u00fa synd m\u00edna og sn\u00fa \u00fe\u00fa vi\u00f0 me\u00f0 m\u00e9r, svo a\u00f0 \u00e9g megi falla fram fyrir Drottni.<a name=\"26\"><span class=\"versanumer\">26<\/span><\/a>Sam\u00fael svara\u00f0i S\u00e1l: \u00c9g sn\u00fd ekki vi\u00f0 me\u00f0 \u00fe\u00e9r. Af \u00fev\u00ed a\u00f0 \u00fe\u00fa hefir hafna\u00f0 skipun Drottins, \u00fe\u00e1 hefir og Drottinn hafna\u00f0 \u00fe\u00e9r og svipt \u00feig konungd\u00f3mi yfir \u00cdsrael.<a name=\"27\"><span class=\"versanumer\">27<\/span><\/a>Sam\u00fael sneri s\u00e9r n\u00fa vi\u00f0 og \u00e6tla\u00f0i a\u00f0 ganga burt. \u00de\u00e1 greip S\u00e1l \u00ed lafi\u00f0 \u00e1 skikkju hans, og rifna\u00f0i \u00fea\u00f0 af.<a name=\"28\"><span class=\"versanumer\">28<\/span><\/a>\u00de\u00e1 m\u00e6lti Sam\u00fael til hans: Rifi\u00f0 hefir Drottinn fr\u00e1 \u00fe\u00e9r \u00ed dag konungd\u00f3minn yfir \u00cdsrael og gefi\u00f0 hann \u00f6\u00f0rum, sem er betri en \u00fe\u00fa.<a name=\"29\"><span class=\"versanumer\">29<\/span><\/a>Ekki l\u00fdgur heldur vegsemd \u00cdsraels, og ekki i\u00f0rar hann, \u00fev\u00ed a\u00f0 hann er ekki ma\u00f0ur, a\u00f0 hann i\u00f0ri.<a name=\"30\"><span class=\"versanumer\">30<\/span><\/a>S\u00e1l m\u00e6lti: \u00c9g hefi syndga\u00f0, en s\u00fdn m\u00e9r \u00fe\u00f3 \u00fe\u00e1 vir\u00f0ingu frammi fyrir \u00f6ldungum \u00fej\u00f3\u00f0ar minnar og frammi fyrir \u00cdsrael a\u00f0 sn\u00faa vi\u00f0 me\u00f0 m\u00e9r, svo a\u00f0 \u00e9g megi falla fram fyrir Drottni Gu\u00f0i \u00fe\u00ednum.<a name=\"31\"><span class=\"versanumer\">31<\/span><\/a>\u00de\u00e1 sneri Sam\u00fael vi\u00f0 og f\u00f3r me\u00f0 S\u00e1l, og S\u00e1l f\u00e9ll fram fyrir Drottni.<a name=\"32\"><span class=\"versanumer\">32<\/span><\/a>Og Sam\u00fael m\u00e6lti: F\u00e6ri\u00f0 m\u00e9r Agag, Amaleks konung. Og Agag gekk til hans k\u00e1tur. Og Agag m\u00e6lti: Sannlega er n\u00fa beiskja dau\u00f0ans \u00e1 brott vikin.<a name=\"33\"><span class=\"versanumer\">33<\/span><\/a>\u00de\u00e1 m\u00e6lti Sam\u00fael: Eins og sver\u00f0 \u00feitt hefir gj\u00f6rt konur barnlausar, svo skal n\u00fa m\u00f3\u00f0ir \u00fe\u00edn vera barnlaus \u00f6\u00f0rum konum framar. S\u00ed\u00f0an hj\u00f3 Sam\u00fael Agag banah\u00f6gg frammi fyrir Drottni \u00ed Gilgal.<a name=\"34\"><span class=\"versanumer\">34<\/span><\/a>\u00dev\u00ed n\u00e6st f\u00f3r Sam\u00fael til Rama, en S\u00e1l f\u00f3r heim til s\u00edn \u00ed G\u00edbeu S\u00e1ls.<a name=\"35\"><span class=\"versanumer\">35<\/span><\/a>Og Sam\u00fael s\u00e1 ekki S\u00e1l upp fr\u00e1 \u00fev\u00ed allt til dau\u00f0adags, \u00fev\u00ed a\u00f0 Sam\u00fael var sorgm\u00e6ddur \u00fat af S\u00e1l, og Drottin i\u00f0ra\u00f0i \u00feess, a\u00f0 hann haf\u00f0i gj\u00f6rt S\u00e1l konung yfir \u00cdsrael.<\/p>\n<div class=\"footnote1981\"><b>15.1<\/b> Smyrja \u00feig 1Sam 10.1<br \/>\n<b>15.3<\/b> Helga banni J\u00f3s 6.17-18; 10.28-39<br \/>\n<b>15.7<\/b> S\u00far 1Sam 27.8<br \/>\n<b>15.11<\/b> Mig i\u00f0rar \u00feess 1M\u00f3s 6.7; 2M\u00f3s 32.12-14; 2Sam 24.16; Jer 18.8-10; J\u00f3n 3.10; 4.2<br \/>\n<b>15.12<\/b> Karmel 1Sam 25.2<br \/>\n<b>15.16<\/b> \u00cd n\u00f3tt 2Sam 7.4, sbr 1Sam 9.15+<br \/>\n<b>15.22<\/b> Hl\u00fd\u00f0ni fremur en f\u00f3rnir Jes 1.11; H\u00f3s 6.6; Am 5.22; M\u00edk 6.8; Matt 9.13<br \/>\n<b>15.24<\/b> \u00c9g hef syndga\u00f0 2M\u00f3s 9.27, 4M\u00f3s 22.34; 1Kro 21.17; Matt 27.4; L\u00fak 15.18<br \/>\n<b>15.26<\/b> Drottinn hefur hafna\u00f0 \u00fe\u00e9r 1Kon 11.11<br \/>\n<b>15.27<\/b> Rifna\u00f0i sbr 1Kon 11.30-31<br \/>\n<b>15.29<\/b> L\u00fdgur ekki 4M\u00f3s 23.19+<br \/>\n<b>15.33<\/b> Barnlaus D\u00f3m 5.28<\/div>\n","protected":false},"excerpt":{"rendered":"<p>1Sam\u00fael sag\u00f0i vi\u00f0 S\u00e1l: Drottinn sendi mig til \u00feess a\u00f0 smyrja \u00feig til konungs yfir l\u00fd\u00f0 sinn \u00cdsrael. Hl\u00fd\u00f0 \u00fev\u00ed bo\u00f0i Drottins.2Svo segir Drottinn allsherjar: \u00c9g vil hefna \u00feess, er Amalek gj\u00f6r\u00f0i \u00cdsrael, a\u00f0 hann gj\u00f6r\u00f0i honum farart\u00e1lma, \u00fe\u00e1 er hann f\u00f3r af Egyptalandi.3Far \u00fev\u00ed og vinn sigur \u00e1 Amalek og helga\u00f0u hann banni og allt, sem hann \u00e1. Og \u00fe\u00fa skalt ekki \u00feyrma honum, heldur skalt \u00fe\u00fa dey\u00f0a b\u00e6\u00f0i karla og konur, b\u00f6rn og brj\u00f3stmylkinga, naut og sau\u00f0f\u00e9, \u00falfalda og asna.4S\u00e1l bau\u00f0 \u00fe\u00e1 \u00fat li\u00f0i og kanna\u00f0i \u00fea\u00f0 \u00ed Telam: tv\u00f6 hundru\u00f0 \u00fe\u00fasundir f\u00f3tg\u00f6nguli\u00f0s og t\u00edu \u00fe\u00fasundir J\u00fadamanna.5Og S\u00e1l <a href=\"https:\/\/biblian.is\/1981\/fyrri-samuelsbok-15-kafli\/\"> [&#8230;]<\/a><\/p>\n","protected":false},"author":1,"featured_media":0,"parent":0,"menu_order":0,"comment_status":"open","ping_status":"open","template":"bibliukaflar.php","meta":{"footnotes":""},"class_list":["post-1597","page","type-page","status-publish","hentry"],"_links":{"self":[{"href":"https:\/\/biblian.is\/1981\/wp-json\/wp\/v2\/pages\/1597","targetHints":{"allow":["GET"]}}],"collection":[{"href":"https:\/\/biblian.is\/1981\/wp-json\/wp\/v2\/pages"}],"about":[{"href":"https:\/\/biblian.is\/1981\/wp-json\/wp\/v2\/types\/page"}],"author":[{"embeddable":true,"href":"https:\/\/biblian.is\/1981\/wp-json\/wp\/v2\/users\/1"}],"replies":[{"embeddable":true,"href":"https:\/\/biblian.is\/1981\/wp-json\/wp\/v2\/comments?post=1597"}],"version-history":[{"count":0,"href":"https:\/\/biblian.is\/1981\/wp-json\/wp\/v2\/pages\/1597\/revisions"}],"wp:attachment":[{"href":"https:\/\/biblian.is\/1981\/wp-json\/wp\/v2\/media?parent=1597"}],"curies":[{"name":"wp","href":"https:\/\/api.w.org\/{rel}","templated":true}]}}