{"id":1596,"date":"2017-11-18T20:17:55","date_gmt":"2017-11-18T20:17:55","guid":{"rendered":"http:\/\/biblian.is\/1981\/fyrri-samuelsbok-14-kafli\/"},"modified":"2021-06-06T10:57:15","modified_gmt":"2021-06-06T10:57:15","slug":"fyrri-samuelsbok-14-kafli","status":"publish","type":"page","link":"https:\/\/biblian.is\/1981\/fyrri-samuelsbok-14-kafli\/","title":{"rendered":"Fyrri Sam\u00faelsb\u00f3k 14. kafli"},"content":{"rendered":"<p><a name=\"1\"><span class=\"versanumer\">1<\/span><\/a>Svo bar vi\u00f0 einn dag, a\u00f0 J\u00f3natan sonur S\u00e1ls sag\u00f0i vi\u00f0 skjaldsvein sinn: Kom \u00fe\u00fa, vi\u00f0 skulum fara yfir til var\u00f0flokks Filista, sem er \u00fearna hinumegin. En hann sag\u00f0i ekki f\u00f6\u00f0ur s\u00ednum fr\u00e1 \u00fev\u00ed.<a name=\"2\"><span class=\"versanumer\">2<\/span><\/a>En S\u00e1l sat utanvert vi\u00f0 G\u00edbeu undir granateplatr\u00e9nu, sem er hj\u00e1 M\u00edgron, og li\u00f0i\u00f0, sem hann haf\u00f0i me\u00f0 s\u00e9r, var h\u00e9r um bil sex hundru\u00f0 manns.<a name=\"3\"><span class=\"versanumer\">3<\/span><\/a>Og Ah\u00eda, sonur Ah\u00edt\u00fabs, br\u00f3\u00f0ur \u00cdkab\u00f3\u00f0s, P\u00ednehassonar, El\u00edsonar, prests Drottins \u00ed S\u00edl\u00f3, bar h\u00f6kulinn. En li\u00f0i\u00f0 vissi ekki, a\u00f0 J\u00f3natan haf\u00f0i fari\u00f0.<a name=\"4\"><span class=\"versanumer\">4<\/span><\/a>\u00c1 milli klifanna, sem J\u00f3natan vildi um fara yfir til var\u00f0flokks Filistanna, var hvor hamarinn s\u00ednum megin. H\u00e9t annar B\u00f3ses, en hinn Sene.<a name=\"5\"><span class=\"versanumer\">5<\/span><\/a>Annar hamarinn var a\u00f0 nor\u00f0anver\u00f0u og var brattur, gegnt Mikmas, en hinn a\u00f0 sunnanver\u00f0u, gegnt Geba.<a name=\"6\"><span class=\"versanumer\">6<\/span><\/a>J\u00f3natan sag\u00f0i vi\u00f0 skjaldsvein sinn: Kom \u00fe\u00fa, vi\u00f0 skulum fara yfir til var\u00f0flokks \u00feessara \u00f3umskornu manna. Vera m\u00e1, a\u00f0 Drottinn framkv\u00e6mi eitthva\u00f0 oss \u00ed hag, \u00fev\u00ed a\u00f0 ekkert getur t\u00e1lma\u00f0 Drottni a\u00f0 veita sigur, hvort heldur er me\u00f0 m\u00f6rgum e\u00f0a f\u00e1um.<a name=\"7\"><span class=\"versanumer\">7<\/span><\/a>Skjaldsveinninn svara\u00f0i honum: Gj\u00f6r \u00fe\u00fa \u00f6ldungis eins og \u00fe\u00e9r leikur hugur \u00e1, sj\u00e1, \u00e9g mun fylgja \u00fe\u00e9r. Vil \u00e9g \u00fea\u00f0 eitt, er \u00fe\u00fa vilt.<a name=\"8\"><span class=\"versanumer\">8<\/span><\/a>J\u00f3natan m\u00e6lti: Sj\u00e1, vi\u00f0 f\u00f6rum n\u00fa yfir til mannanna og l\u00e1tum \u00fe\u00e1 sj\u00e1 okkur.<a name=\"9\"><span class=\"versanumer\">9<\/span><\/a>Ef \u00feeir \u00fe\u00e1 kalla til okkar: Nemi\u00f0 sta\u00f0ar, \u00feanga\u00f0 til v\u00e9r komum til ykkar! \u00fe\u00e1 skulum vi\u00f0 standa kyrrir, \u00fear sem vi\u00f0 erum staddir, og eigi fara upp til \u00feeirra.<a name=\"10\"><span class=\"versanumer\">10<\/span><\/a>En ef \u00feeir kalla: Komi\u00f0 hinga\u00f0 upp til vor! \u00fe\u00e1 skulum vi\u00f0 fara upp \u00feanga\u00f0, \u00fev\u00ed a\u00f0 \u00fe\u00e1 hefir Drottinn gefi\u00f0 \u00fe\u00e1 \u00ed okkar hendur. Skulum vi\u00f0 hafa \u00fea\u00f0 a\u00f0 marki.<a name=\"11\"><span class=\"versanumer\">11<\/span><\/a>S\u00ed\u00f0an l\u00e9tu \u00feeir b\u00e1\u00f0ir var\u00f0flokk Filistanna sj\u00e1 sig, og Filistar s\u00f6g\u00f0u: Sj\u00e1, Hebrear koma fram \u00far holunum, sem \u00feeir hafa fali\u00f0 sig \u00ed.<a name=\"12\"><span class=\"versanumer\">12<\/span><\/a>\u00de\u00e1 k\u00f6llu\u00f0u var\u00f0mennirnir til J\u00f3natans og skjaldsveins hans: Komi\u00f0 hinga\u00f0 upp til vor, og skulum v\u00e9r segja ykkur t\u00ed\u00f0indi. \u00de\u00e1 sag\u00f0i J\u00f3natan vi\u00f0 skjaldsvein sinn: Kom n\u00fa upp \u00e1 eftir m\u00e9r, \u00fev\u00ed a\u00f0 Drottinn hefir gefi\u00f0 \u00fe\u00e1 \u00ed hendur \u00cdsraels.<a name=\"13\"><span class=\"versanumer\">13<\/span><\/a>Og J\u00f3natan klifra\u00f0i upp \u00e1 h\u00f6ndum og f\u00f3tum og skjaldsveinn hans \u00e1 eftir honum. \u00de\u00e1 l\u00f6g\u00f0u \u00feeir \u00e1 fl\u00f3tta fyrir J\u00f3natan. En hann felldi \u00fe\u00e1, og skjaldsveinn hans vann \u00e1 \u00feeim \u00e1 eftir honum.<a name=\"14\"><span class=\"versanumer\">14<\/span><\/a>Og \u00feeir sem J\u00f3natan og skjaldsveinn hans l\u00f6g\u00f0u a\u00f0 velli \u00ed \u00feessu fyrsta \u00e1hlaupi, voru um tuttugu manns, eins og \u00feegar pl\u00f3gur flettir sundur sver\u00f0inum \u00e1 dagpl\u00e6gi lands.<a name=\"15\"><span class=\"versanumer\">15<\/span><\/a>\u00de\u00e1 sl\u00f3 \u00f3tta yfir herb\u00fa\u00f0irnar \u00e1 v\u00f6llunum og yfir allt li\u00f0i\u00f0. Var\u00f0sveitin og r\u00e1nsflokkurinn ur\u00f0u einnig skelka\u00f0ir, og landi\u00f0 n\u00f6tra\u00f0i, og var\u00f0 \u00fea\u00f0 a\u00f0 mikilli skelfingu.<a name=\"16\"><span class=\"versanumer\">16<\/span><\/a>Sj\u00f3narver\u00f0ir S\u00e1ls \u00ed G\u00edbeu \u00ed Benjam\u00edn litu\u00f0ust um, og sj\u00e1, \u00fe\u00e1 var allt \u00e1 tj\u00e1 og tundri \u00ed herb\u00fa\u00f0um Filista.<a name=\"17\"><span class=\"versanumer\">17<\/span><\/a>Og S\u00e1l sag\u00f0i vi\u00f0 mennina, sem me\u00f0 honum voru: Kanni\u00f0 n\u00fa li\u00f0i\u00f0 og hyggi\u00f0 a\u00f0, hver fr\u00e1 oss hefir fari\u00f0. K\u00f6nnu\u00f0u \u00feeir \u00fe\u00e1 li\u00f0i\u00f0, og vanta\u00f0i \u00fe\u00e1 J\u00f3natan og skjaldsvein hans.<a name=\"18\"><span class=\"versanumer\">18<\/span><\/a>\u00de\u00e1 m\u00e6lti S\u00e1l vi\u00f0 Ah\u00eda: Kom \u00fe\u00fa me\u00f0 h\u00f6kulinn! \u00fev\u00ed a\u00f0 hann bar \u00fe\u00e1 h\u00f6kulinn frammi fyrir \u00cdsraelsm\u00f6nnum.<a name=\"19\"><span class=\"versanumer\">19<\/span><\/a>En me\u00f0an S\u00e1l var a\u00f0 tala vi\u00f0 prestinn, var\u00f0 ysinn \u00ed herb\u00fa\u00f0um Filista \u00e6 meiri og meiri, svo a\u00f0 S\u00e1l sag\u00f0i vi\u00f0 prestinn: H\u00e6ttu vi\u00f0 \u00fea\u00f0!<a name=\"20\"><span class=\"versanumer\">20<\/span><\/a>Og S\u00e1l og allt li\u00f0i\u00f0, sem me\u00f0 honum var, safna\u00f0ist saman. En er \u00feeir komu \u00ed orustuna, sj\u00e1, \u00fe\u00e1 reiddi \u00fear hver sver\u00f0 a\u00f0 \u00f6\u00f0rum, og allt var \u00ed uppn\u00e1mi.<a name=\"21\"><span class=\"versanumer\">21<\/span><\/a>En Hebrear \u00feeir, er a\u00f0 undanf\u00f6rnu h\u00f6f\u00f0u loti\u00f0 Filistum og fari\u00f0 h\u00f6f\u00f0u me\u00f0 \u00feeim \u00ed str\u00ed\u00f0i\u00f0, snerust n\u00fa og \u00ed m\u00f3ti \u00feeim og gengu \u00ed li\u00f0 me\u00f0 \u00cdsraelsm\u00f6nnum, \u00feeim er voru me\u00f0 S\u00e1l og J\u00f3natan.<a name=\"22\"><span class=\"versanumer\">22<\/span><\/a>Og er allir \u00cdsraelsmenn, \u00feeir er fali\u00f0 h\u00f6f\u00f0u sig \u00e1 Efra\u00edmfj\u00f6llum, fr\u00e9ttu, a\u00f0 Filistar v\u00e6ru lag\u00f0ir \u00e1 fl\u00f3tta, \u00fe\u00e1 veittu \u00feeir \u00feeim og eftirf\u00f6r til \u00feess a\u00f0 berjast vi\u00f0 \u00fe\u00e1.<a name=\"23\"><span class=\"versanumer\">23<\/span><\/a>\u00deannig veitti Drottinn \u00cdsrael sigur \u00e1 \u00feeim degi. Orustan \u00feoka\u00f0ist fram hj\u00e1 Betaven,<a name=\"24\"><span class=\"versanumer\">24<\/span><\/a>og \u00cdsraelsmenn voru m\u00e6ddir or\u00f0nir \u00feann dag. \u00de\u00e1 gj\u00f6r\u00f0i S\u00e1l miki\u00f0 glappaverk. Hann l\u00e9t li\u00f0i\u00f0 vinna svol\u00e1tandi ei\u00f0: B\u00f6lva\u00f0ur s\u00e9 s\u00e1, sem neytir matar \u00e1\u00f0ur en kveld er komi\u00f0 og \u00e9g hefi hefnt m\u00edn \u00e1 \u00f3vinum m\u00ednum! Fyrir \u00fev\u00ed brag\u00f0a\u00f0i enginn af li\u00f0inu mat.<a name=\"25\"><span class=\"versanumer\">25<\/span><\/a>En n\u00fa voru hunangsb\u00fa \u00e1 v\u00f6llunum.<a name=\"26\"><span class=\"versanumer\">26<\/span><\/a>Og er li\u00f0i\u00f0 kom a\u00f0 hunangsb\u00faunum, sj\u00e1, \u00fe\u00e1 voru b\u00fdflugurnar flognar \u00fat, en \u00fer\u00e1tt fyrir \u00fea\u00f0 bar enginn h\u00f6nd a\u00f0 munni, \u00fev\u00ed a\u00f0 li\u00f0i\u00f0 hr\u00e6ddist ei\u00f0inn.<a name=\"27\"><span class=\"versanumer\">27<\/span><\/a>En J\u00f3natan haf\u00f0i eigi hl\u00fdtt \u00e1, \u00fe\u00e1 er fa\u00f0ir hans l\u00e9t li\u00f0i\u00f0 vinna ei\u00f0inn. Hann r\u00e9tti \u00fev\u00ed \u00fat enda stafsins, sem hann haf\u00f0i \u00ed hendinni, og d\u00fdf\u00f0i honum \u00ed hunangsseiminn og bar h\u00f6nd s\u00edna a\u00f0 munni s\u00e9r. Ur\u00f0u augu hans \u00fe\u00e1 aftur fj\u00f6rleg.<a name=\"28\"><span class=\"versanumer\">28<\/span><\/a>\u00de\u00e1 t\u00f3k einn \u00far li\u00f0inu til m\u00e1ls og sag\u00f0i: Fa\u00f0ir \u00feinn hefir l\u00e1ti\u00f0 li\u00f0i\u00f0 vinna svol\u00e1tandi ei\u00f0: B\u00f6lva\u00f0ur s\u00e9 s\u00e1, sem matar neytir \u00ed dag! En li\u00f0i\u00f0 var \u00fereytt.<a name=\"29\"><span class=\"versanumer\">29<\/span><\/a>J\u00f3natan svara\u00f0i: Fa\u00f0ir minn lei\u00f0ir landi\u00f0 \u00ed \u00f3g\u00e6fu. Sj\u00e1i\u00f0, hversu fj\u00f6rleg augu m\u00edn eru, af \u00fev\u00ed a\u00f0 \u00e9g brag\u00f0a\u00f0i \u00f6gn af \u00feessu hunangi.<a name=\"30\"><span class=\"versanumer\">30<\/span><\/a>Hversu miklu meira mundi mannfalli\u00f0 hafa veri\u00f0 me\u00f0al Filista en \u00fea\u00f0 n\u00fa er or\u00f0i\u00f0, ef li\u00f0i\u00f0 hef\u00f0i eti\u00f0 n\u00e6gju s\u00edna \u00ed dag af herfangi \u00f3vinanna, er \u00fea\u00f0 n\u00e1\u00f0i.<a name=\"31\"><span class=\"versanumer\">31<\/span><\/a>Og \u00feeir felldu Filista \u00e1 \u00feeim degi fr\u00e1 Mikmas til Ajalon, og li\u00f0i\u00f0 var mj\u00f6g \u00fereytt.<a name=\"32\"><span class=\"versanumer\">32<\/span><\/a>Og li\u00f0i\u00f0 fleyg\u00f0i s\u00e9r yfir herfangi\u00f0, og t\u00f3ku \u00feeir b\u00e6\u00f0i sau\u00f0f\u00e9, naut og k\u00e1lfa og sl\u00e1tru\u00f0u \u00e1 j\u00f6r\u00f0inni, og f\u00f3lki\u00f0 \u00e1t kj\u00f6ti\u00f0 me\u00f0 bl\u00f3\u00f0inu.<a name=\"33\"><span class=\"versanumer\">33<\/span><\/a>Og menn s\u00f6g\u00f0u S\u00e1l fr\u00e1 \u00fev\u00ed og m\u00e6ltu: Sj\u00e1, f\u00f3lki\u00f0 syndgar m\u00f3ti Drottni me\u00f0 \u00fev\u00ed a\u00f0 eta kj\u00f6ti\u00f0 me\u00f0 bl\u00f3\u00f0inu. S\u00e1l sag\u00f0i: \u00de\u00e9r dr\u00fdgi\u00f0 gl\u00e6p. Velti\u00f0 hinga\u00f0 til m\u00edn st\u00f3rum steini.<a name=\"34\"><span class=\"versanumer\">34<\/span><\/a>Og S\u00e1l m\u00e6lti: Gangi\u00f0 \u00fat me\u00f0al f\u00f3lksins og segi\u00f0 \u00feeim: Hver og einn af y\u00f0ur komi til m\u00edn me\u00f0 sinn uxa og s\u00edna sau\u00f0kind og sl\u00e1tri\u00f0 \u00feeim h\u00e9r og eti\u00f0, svo a\u00f0 \u00fe\u00e9r syndgi\u00f0 ekki \u00e1 m\u00f3ti Drottni me\u00f0 \u00fev\u00ed a\u00f0 eta \u00fea\u00f0 me\u00f0 bl\u00f3\u00f0inu. \u00de\u00e1 kom hver og einn af li\u00f0inu um n\u00f3ttina me\u00f0 \u00fea\u00f0, er hann haf\u00f0i, og \u00feeir sl\u00e1tru\u00f0u \u00fev\u00ed \u00fear.<a name=\"35\"><span class=\"versanumer\">35<\/span><\/a>Og S\u00e1l reisti Drottni altari. \u00dea\u00f0 var fyrsta altari\u00f0, sem hann reisti Drottni.<a name=\"36\"><span class=\"versanumer\">36<\/span><\/a>Og S\u00e1l m\u00e6lti: V\u00e9r skulum fara \u00e1 eftir Filistum \u00ed n\u00f3tt og r\u00e6na me\u00f0al \u00feeirra, \u00fear til er birtir af degi, og engan af \u00feeim l\u00e1ta eftir ver\u00f0a. \u00deeir s\u00f6g\u00f0u: Gj\u00f6r \u00fe\u00fa allt, sem \u00fe\u00e9r gott \u00feykir. En presturinn sag\u00f0i: V\u00e9r skulum ganga h\u00e9r fram fyrir Gu\u00f0.<a name=\"37\"><span class=\"versanumer\">37<\/span><\/a>S\u00e1l gekk \u00fe\u00e1 til fr\u00e9tta vi\u00f0 Gu\u00f0: \u00c1 \u00e9g a\u00f0 fara \u00e1 eftir Filistum? Munt \u00fe\u00fa gefa \u00fe\u00e1 \u00ed hendur \u00cdsrael? En hann svara\u00f0i honum engu \u00feann dag.<a name=\"38\"><span class=\"versanumer\">38<\/span><\/a>\u00de\u00e1 sag\u00f0i S\u00e1l: Gangi\u00f0 hinga\u00f0, allir h\u00f6f\u00f0ingjar f\u00f3lksins, og grennslist eftir og komist a\u00f0 raun um, hver dr\u00fdgt hefir \u00feessa synd \u00ed dag.<a name=\"39\"><span class=\"versanumer\">39<\/span><\/a>\u00dev\u00ed a\u00f0 svo sannarlega sem Drottinn lifir, s\u00e1 er veitt hefir \u00cdsrael sigur, \u00fe\u00f3 a\u00f0 \u00fea\u00f0 v\u00e6ri J\u00f3natan sonur minn, sem hef\u00f0i dr\u00fdgt hana, \u00fe\u00e1 skyldi hann l\u00e1ta l\u00edfi\u00f0. En enginn svara\u00f0i honum af \u00f6llu f\u00f3lkinu.<a name=\"40\"><span class=\"versanumer\">40<\/span><\/a>\u00de\u00e1 sag\u00f0i hann vi\u00f0 allan \u00cdsrael: Veri\u00f0 \u00fe\u00e9r \u00f6\u00f0rumegin, en \u00e9g og J\u00f3natan sonur minn skulum vera hinumegin. L\u00fd\u00f0urinn sag\u00f0i vi\u00f0 S\u00e1l: Gj\u00f6r \u00fe\u00fa sem \u00fe\u00e9r gott \u00feykir.<a name=\"41\"><span class=\"versanumer\">41<\/span><\/a>\u00de\u00e1 m\u00e6lti S\u00e1l: Drottinn, \u00cdsraels Gu\u00f0, hv\u00ed svara\u00f0ir \u00fe\u00fa ekki \u00fej\u00f3ni \u00fe\u00ednum \u00ed dag? Ef \u00feessi misgj\u00f6r\u00f0 hv\u00edlir \u00e1 m\u00e9r e\u00f0a J\u00f3natan syni m\u00ednum, Drottinn, \u00cdsraels Gu\u00f0, \u00fe\u00e1 l\u00e1t \u00fe\u00fa \u00far\u00edm koma upp, en ef h\u00fan hv\u00edlir \u00e1 l\u00fd\u00f0 \u00fe\u00ednum \u00cdsrael, \u00fe\u00e1 l\u00e1t \u00fe\u00fa t\u00famm\u00edm koma upp. \u00de\u00e1 kom upp hlutur J\u00f3natans og S\u00e1ls, en f\u00f3lki\u00f0 gekk undan.<a name=\"42\"><span class=\"versanumer\">42<\/span><\/a>Og S\u00e1l m\u00e6lti: Hluti\u00f0 me\u00f0 m\u00e9r og J\u00f3natan syni m\u00ednum! Kom \u00fe\u00e1 upp hlutur J\u00f3natans.<a name=\"43\"><span class=\"versanumer\">43<\/span><\/a>Og S\u00e1l sag\u00f0i vi\u00f0 J\u00f3natan: Seg\u00f0u m\u00e9r, hva\u00f0 hefir \u00fe\u00fa gj\u00f6rt? \u00de\u00e1 sag\u00f0i J\u00f3natan honum fr\u00e1 \u00fev\u00ed og m\u00e6lti: \u00c9g brag\u00f0a\u00f0i a\u00f0eins \u00f6gn af hunangi \u00e1 stafsendanum, sem \u00e9g haf\u00f0i \u00ed hendinni. Sj\u00e1, h\u00e9r er \u00e9g, fyrir \u00fea\u00f0 \u00e1 \u00e9g a\u00f0 l\u00e1ta l\u00edfi\u00f0?<a name=\"44\"><span class=\"versanumer\">44<\/span><\/a>S\u00e1l svara\u00f0i: Gu\u00f0 gj\u00f6ri vi\u00f0 mig \u00fea\u00f0, er hann vill: l\u00edfi\u00f0 ver\u00f0ur \u00fe\u00fa a\u00f0 l\u00e1ta, J\u00f3natan!<a name=\"45\"><span class=\"versanumer\">45<\/span><\/a>En l\u00fd\u00f0urinn sag\u00f0i vi\u00f0 S\u00e1l: \u00c1 J\u00f3natan a\u00f0 l\u00e1ta l\u00edfi\u00f0, hann sem unni\u00f0 hefir \u00feennan mikla sigur \u00ed \u00cdsrael? Fjarri s\u00e9 \u00fea\u00f0! Svo sannarlega sem Drottinn lifir, skal ekki eitt h\u00f6fu\u00f0h\u00e1r hans falla til jar\u00f0ar, \u00fev\u00ed a\u00f0 me\u00f0 Gu\u00f0s hj\u00e1lp hefir hann unni\u00f0 \u00ed dag. Og f\u00f3lki\u00f0 leysti J\u00f3natan \u00fat undan l\u00edfl\u00e1ti.<a name=\"46\"><span class=\"versanumer\">46<\/span><\/a>Og S\u00e1l kom aftur, er hann haf\u00f0i elt Filista, en Filistar f\u00f3ru heim til s\u00edn.<a name=\"47\"><span class=\"versanumer\">47<\/span><\/a>\u00de\u00e1 er S\u00e1l haf\u00f0i hloti\u00f0 konungd\u00f3m yfir \u00cdsrael, h\u00e1\u00f0i hann \u00f3fri\u00f0 vi\u00f0 alla \u00f3vini s\u00edna allt \u00ed kring: vi\u00f0 M\u00f3ab, vi\u00f0 Amm\u00f3n\u00edta, vi\u00f0 Ed\u00f3m, vi\u00f0 konunginn \u00ed S\u00f3ba og vi\u00f0 Filista, og hvert sem hann sneri s\u00e9r, vann hann sigur.<a name=\"48\"><span class=\"versanumer\">48<\/span><\/a>Hann s\u00fdndi og hreysti og vann sigur \u00e1 Amalek og frelsa\u00f0i \u00cdsrael af hendi \u00feeirra, er r\u00e6ndu hann.<a name=\"49\"><span class=\"versanumer\">49<\/span><\/a>&#8222;Synir S\u00e1ls voru J\u00f3natan, J\u00edsv\u00ed og Malk\u00eds\u00faa; og d\u00e6tur hans tv\u00e6r h\u00e9tu: hin eldri Merab og hin yngri M\u00edkal.&#8220;<a name=\"50\"><span class=\"versanumer\">50<\/span><\/a>Og kona S\u00e1ls h\u00e9t Ah\u00edn\u00f3am, d\u00f3ttir Ah\u00edmaas. Og hersh\u00f6f\u00f0ingi hans h\u00e9t Abner, sonur Ners, f\u00f6\u00f0urbr\u00f3\u00f0ur S\u00e1ls.<a name=\"51\"><span class=\"versanumer\">51<\/span><\/a>\u00dev\u00ed a\u00f0 K\u00eds, fa\u00f0ir S\u00e1ls, og Ner, fa\u00f0ir Abners, voru synir Ab\u00edels.<a name=\"52\"><span class=\"versanumer\">52<\/span><\/a>Og \u00f3fri\u00f0urinn vi\u00f0 Filista var har\u00f0ur alla \u00e6vi S\u00e1ls, og s\u00e6i S\u00e1l einhvern kappa e\u00f0a eitthvert hraustmenni, \u00fe\u00e1 t\u00f3k hann \u00feann mann \u00ed s\u00edna sveit.<\/p>\n<div class=\"footnote1981\"><b>14.3<\/b> \u00cdkab\u00f3\u00f0 1Sam 4.21<br \/>\n<b>14.6<\/b> Ekkert hindrar Drottin 1Sam 17.47; D\u00f3m 7.2-7<br \/>\n<b>14.11<\/b> F\u00f6ldu sig 1Sam 13.6+<br \/>\n<b>14.15<\/b> J\u00f6r\u00f0in n\u00f6tra\u00f0i 1Sam 4.5+<br \/>\n<b>14.20<\/b> Hver gegn \u00f6\u00f0rum D\u00f3m 7.22; Esk 38.21<br \/>\n<b>14.24<\/b> B\u00f6lva\u00f0ur s\u00e9 s\u00e1 1Sam 26.19; 5M\u00f3s 27.15-26; J\u00f3s 6.26; Jer 11.3; 17.5; 20.15<br \/>\n<b>14.27<\/b> J\u00f3natan heyr\u00f0i ekki 1Sam 14.17<br \/>\n<b>14.32<\/b> Me\u00f0 bl\u00f3\u00f0inu 3M\u00f3s 19.26; Esk 33.25<br \/>\n<b>14.35<\/b> Reisti altari 1Sam 7.17; 1M\u00f3s 8.20; 12.7-8; D\u00f3m 6.24; 2Sam 24.18-25<br \/>\n<b>14.37<\/b> Gu\u00f0 svara\u00f0i engu 1Sam 28.6<br \/>\n<b>14.38<\/b> Hver syndga\u00f0i? J\u00f3s 7.11-15<br \/>\n<b>14.43<\/b> Seg\u00f0u m\u00e9r J\u00f3s 7.19<br \/>\n<b>14.45<\/b> Ekki h\u00e1r skert 2Sam 14.11; 1Kon 1.52; L\u00fak 21.18; Post 27.34<br \/>\n<b>14.49<\/b> M\u00edkal 1Sam 18.17-20; 19.11-17<br \/>\n<b>14.52<\/b> Eitthvert hraustmenni 1Sam 10.26<\/div>\n","protected":false},"excerpt":{"rendered":"<p>1Svo bar vi\u00f0 einn dag, a\u00f0 J\u00f3natan sonur S\u00e1ls sag\u00f0i vi\u00f0 skjaldsvein sinn: Kom \u00fe\u00fa, vi\u00f0 skulum fara yfir til var\u00f0flokks Filista, sem er \u00fearna hinumegin. En hann sag\u00f0i ekki f\u00f6\u00f0ur s\u00ednum fr\u00e1 \u00fev\u00ed.2En S\u00e1l sat utanvert vi\u00f0 G\u00edbeu undir granateplatr\u00e9nu, sem er hj\u00e1 M\u00edgron, og li\u00f0i\u00f0, sem hann haf\u00f0i me\u00f0 s\u00e9r, var h\u00e9r um bil sex hundru\u00f0 manns.3Og Ah\u00eda, sonur Ah\u00edt\u00fabs, br\u00f3\u00f0ur \u00cdkab\u00f3\u00f0s, P\u00ednehassonar, El\u00edsonar, prests Drottins \u00ed S\u00edl\u00f3, bar h\u00f6kulinn. En li\u00f0i\u00f0 vissi ekki, a\u00f0 J\u00f3natan haf\u00f0i fari\u00f0.4\u00c1 milli klifanna, sem J\u00f3natan vildi um fara yfir til var\u00f0flokks Filistanna, var hvor hamarinn s\u00ednum megin. H\u00e9t annar B\u00f3ses, en <a href=\"https:\/\/biblian.is\/1981\/fyrri-samuelsbok-14-kafli\/\"> [&#8230;]<\/a><\/p>\n","protected":false},"author":1,"featured_media":0,"parent":0,"menu_order":0,"comment_status":"open","ping_status":"open","template":"bibliukaflar.php","meta":{"footnotes":""},"class_list":["post-1596","page","type-page","status-publish","hentry"],"_links":{"self":[{"href":"https:\/\/biblian.is\/1981\/wp-json\/wp\/v2\/pages\/1596","targetHints":{"allow":["GET"]}}],"collection":[{"href":"https:\/\/biblian.is\/1981\/wp-json\/wp\/v2\/pages"}],"about":[{"href":"https:\/\/biblian.is\/1981\/wp-json\/wp\/v2\/types\/page"}],"author":[{"embeddable":true,"href":"https:\/\/biblian.is\/1981\/wp-json\/wp\/v2\/users\/1"}],"replies":[{"embeddable":true,"href":"https:\/\/biblian.is\/1981\/wp-json\/wp\/v2\/comments?post=1596"}],"version-history":[{"count":0,"href":"https:\/\/biblian.is\/1981\/wp-json\/wp\/v2\/pages\/1596\/revisions"}],"wp:attachment":[{"href":"https:\/\/biblian.is\/1981\/wp-json\/wp\/v2\/media?parent=1596"}],"curies":[{"name":"wp","href":"https:\/\/api.w.org\/{rel}","templated":true}]}}