{"id":1595,"date":"2017-11-18T20:17:55","date_gmt":"2017-11-18T20:17:55","guid":{"rendered":"http:\/\/biblian.is\/1981\/fyrri-samuelsbok-13-kafli\/"},"modified":"2021-06-06T10:57:15","modified_gmt":"2021-06-06T10:57:15","slug":"fyrri-samuelsbok-13-kafli","status":"publish","type":"page","link":"https:\/\/biblian.is\/1981\/fyrri-samuelsbok-13-kafli\/","title":{"rendered":"Fyrri Sam\u00faelsb\u00f3k 13. kafli"},"content":{"rendered":"<p><a name=\"1\"><span class=\"versanumer\">1<\/span><\/a>S\u00e1l var \u00fer\u00edtugur a\u00f0 aldri, \u00fe\u00e1 er hann var\u00f0 konungur, og r\u00edkti \u00ed tv\u00f6 \u00e1r yfir \u00cdsrael.<a name=\"2\"><span class=\"versanumer\">2<\/span><\/a>S\u00e1l valdi s\u00e9r \u00ferj\u00fa \u00fe\u00fasund manns af \u00cdsrael. Af \u00feeim voru tv\u00f6 \u00fe\u00fasund hj\u00e1 S\u00e1l \u00ed Mikmas og \u00e1 Betelfj\u00f6llum, en eitt \u00fe\u00fasund hj\u00e1 J\u00f3natan \u00ed G\u00edbeu \u00ed Benjam\u00edn. Hitt li\u00f0i\u00f0 l\u00e9t hann brott fara, hvern heim til s\u00edn.<a name=\"3\"><span class=\"versanumer\">3<\/span><\/a>J\u00f3natan drap landstj\u00f3ra Filista, sem sat \u00ed Geba, og Filistar fr\u00e9ttu \u00fea\u00f0. Og S\u00e1l l\u00e9t \u00feeyta l\u00fa\u00f0ur um allt landi\u00f0 og sag\u00f0i: Hebrear skulu heyra \u00fea\u00f0.<a name=\"4\"><span class=\"versanumer\">4<\/span><\/a>Og allur \u00cdsrael heyr\u00f0i sagt: S\u00e1l hefir drepi\u00f0 landstj\u00f3ra Filista, og Filistar hafa andstygg\u00f0 \u00e1 \u00cdsrael. Og li\u00f0inu var stefnt saman til \u00feess a\u00f0 fara me\u00f0 S\u00e1l til Gilgal.<a name=\"5\"><span class=\"versanumer\">5<\/span><\/a>Filistar s\u00f6fnu\u00f0ust saman til a\u00f0 berjast vi\u00f0 \u00cdsrael, \u00ferj\u00fa \u00fe\u00fasund vagnar og sex \u00fe\u00fasund riddarar og f\u00f3tg\u00f6nguli\u00f0, svo margt sem sandur \u00e1 sj\u00e1varstr\u00f6ndu, og \u00feeir l\u00f6g\u00f0u af sta\u00f0 og settu herb\u00fa\u00f0ir s\u00ednar \u00ed Mikmas fyrir austan Betaven.<a name=\"6\"><span class=\"versanumer\">6<\/span><\/a>Og er \u00cdsraelsmenn s\u00e1u, a\u00f0 \u00feeir voru komnir \u00ed kreppu, \u00fev\u00ed a\u00f0 a\u00f0 \u00feeim \u00ferengdi, \u00fe\u00e1 faldi li\u00f0i\u00f0 sig \u00ed hellum, jar\u00f0holum, klettaskorum, gj\u00f3tum og gryfjum.<a name=\"7\"><span class=\"versanumer\">7<\/span><\/a>Nokkrir Hebreanna f\u00f3ru yfir v\u00f6\u00f0in \u00e1 J\u00f3rdan yfir \u00ed Ga\u00f0s land og G\u00edlea\u00f0s. S\u00e1l var enn \u00ed Gilgal, en allt li\u00f0i\u00f0 haf\u00f0i fl\u00fai\u00f0 burt fr\u00e1 honum fyrir hr\u00e6\u00f0slu sakir.<a name=\"8\"><span class=\"versanumer\">8<\/span><\/a>Og hann bei\u00f0 \u00ed sj\u00f6 daga, til \u00feess t\u00edma, er Sam\u00fael haf\u00f0i til teki\u00f0, en Sam\u00fael kom ekki til Gilgal, og f\u00f3lki\u00f0 dreif\u00f0ist burt fr\u00e1 honum.<a name=\"9\"><span class=\"versanumer\">9<\/span><\/a>\u00de\u00e1 sag\u00f0i S\u00e1l: F\u00e6ri\u00f0 m\u00e9r hinga\u00f0 brennif\u00f3rnina og heillaf\u00f3rnirnar. Og hann f\u00f3rna\u00f0i brennif\u00f3rninni.<a name=\"10\"><span class=\"versanumer\">10<\/span><\/a>En er hann haf\u00f0i f\u00f3rna\u00f0 brennif\u00f3rninni, sj\u00e1, \u00fe\u00e1 kom Sam\u00fael. Og S\u00e1l gekk \u00fat \u00e1 m\u00f3ti honum til \u00feess a\u00f0 heilsa honum.<a name=\"11\"><span class=\"versanumer\">11<\/span><\/a>Og Sam\u00fael m\u00e6lti: Hva\u00f0 hefir \u00fe\u00fa gj\u00f6rt? S\u00e1l svara\u00f0i: \u00deegar \u00e9g s\u00e1, a\u00f0 li\u00f0i\u00f0 dreif\u00f0ist burt fr\u00e1 m\u00e9r og a\u00f0 \u00fe\u00fa komst ekki \u00e1 tilteknum t\u00edma, en Filistar s\u00f6fnu\u00f0ust saman \u00ed Mikmas,<a name=\"12\"><span class=\"versanumer\">12<\/span><\/a>\u00fe\u00e1 hugsa\u00f0i \u00e9g: N\u00fa munu Filistar fara ofan \u00e1 m\u00f3ti m\u00e9r til Gilgal, \u00e1\u00f0ur en \u00e9g hefi bl\u00ed\u00f0ka\u00f0 Drottin. Fyrir \u00fev\u00ed herti \u00e9g upp hugann og f\u00f3rna\u00f0i brennif\u00f3rninni.<a name=\"13\"><span class=\"versanumer\">13<\/span><\/a>\u00de\u00e1 sag\u00f0i Sam\u00fael vi\u00f0 S\u00e1l: Heimskulega hefir \u00fe\u00e9r fari\u00f0. \u00de\u00fa hefir ekki g\u00e6tt skipunar Drottins, Gu\u00f0s \u00fe\u00edns, sem hann fyrir \u00feig lag\u00f0i, \u00fev\u00ed a\u00f0 n\u00fa hef\u00f0i Drottinn sta\u00f0fest konungd\u00f3m \u00feinn yfir \u00cdsrael a\u00f0 eil\u00edfu.<a name=\"14\"><span class=\"versanumer\">14<\/span><\/a>En n\u00fa mun konungd\u00f3mur \u00feinn ekki standa. Drottinn hefir leita\u00f0 s\u00e9r a\u00f0 manni eftir s\u00ednu hjarta, og hann hefir Drottinn skipa\u00f0 h\u00f6f\u00f0ingja yfir l\u00fd\u00f0 sinn, \u00fev\u00ed a\u00f0 \u00fe\u00fa hefir ekki g\u00e6tt \u00feess, er Drottinn fyrir \u00feig lag\u00f0i.<a name=\"15\"><span class=\"versanumer\">15<\/span><\/a>\u00de\u00e1 t\u00f3k Sam\u00fael sig upp og f\u00f3r fr\u00e1 Gilgal og h\u00e9lt lei\u00f0ar sinnar. En leifarnar af li\u00f0inu f\u00f3ru \u00e1 eftir S\u00e1l \u00ed m\u00f3ti herli\u00f0inu. Og er \u00feeir voru komnir fr\u00e1 Gilgal til G\u00edbeu \u00ed Benjam\u00edn, \u00fe\u00e1 kanna\u00f0i S\u00e1l li\u00f0i\u00f0, sem hj\u00e1 honum var, um sex hundru\u00f0 manns.<a name=\"16\"><span class=\"versanumer\">16<\/span><\/a>S\u00e1l og J\u00f3natan sonur hans og li\u00f0i\u00f0, sem me\u00f0 \u00feeim var, s\u00e1tu \u00ed Geba \u00ed Benjam\u00edn, en Filistar h\u00f6f\u00f0u sett herb\u00fa\u00f0ir s\u00ednar \u00ed Mikmas.<a name=\"17\"><span class=\"versanumer\">17<\/span><\/a>R\u00e1nssveit f\u00f3r \u00fat \u00far herb\u00fa\u00f0um Filista \u00ed \u00ferem h\u00f3pum. Einn h\u00f3purinn stefndi veginn til Ofra inn \u00ed Sj\u00faal-land,<a name=\"18\"><span class=\"versanumer\">18<\/span><\/a>annar h\u00f3purinn stefndi veginn til Bet H\u00f3ron, og \u00feri\u00f0ji h\u00f3purinn stefndi veginn til h\u00e6\u00f0arinnar, sem gn\u00e6fir yfir Seb\u00f3\u00edmdalinn gegnt ey\u00f0im\u00f6rkinni.<a name=\"19\"><span class=\"versanumer\">19<\/span><\/a>Enginn j\u00e1rnsmi\u00f0ur var til \u00ed \u00f6llu \u00cdsraelslandi, \u00fev\u00ed a\u00f0 Filistar hugsu\u00f0u: Hebrear mega ekki sm\u00ed\u00f0a sver\u00f0 e\u00f0a spj\u00f3t.<a name=\"20\"><span class=\"versanumer\">20<\/span><\/a>\u00cdsraelsmenn ur\u00f0u a\u00f0 fara ofan til Filista, ef \u00feeir vildu l\u00e1ta hvessa pl\u00f3gj\u00e1rn s\u00edn, haka, axir og sig\u00f0ir.<a name=\"21\"><span class=\"versanumer\">21<\/span><\/a>Gjaldi\u00f0 var tveir \u00feri\u00f0ju \u00far sikli fyrir pl\u00f3gj\u00e1rn og haka, og \u00feri\u00f0jungur \u00far sikli fyrir gaffla og axir og fyrir a\u00f0 setja brodd \u00e1 broddstaf.<a name=\"22\"><span class=\"versanumer\">22<\/span><\/a>\u00deannig haf\u00f0i gj\u00f6rvallt li\u00f0i\u00f0, sem var me\u00f0 S\u00e1l og J\u00f3natan, hvorki sver\u00f0 n\u00e9 spj\u00f3t \u00ed h\u00f6ndum orustudaginn, en S\u00e1l og J\u00f3natan sonur hans h\u00f6f\u00f0u \u00fea\u00f0.<a name=\"23\"><span class=\"versanumer\">23<\/span><\/a>Var\u00f0flokkur Filista f\u00f3r n\u00fa og settist \u00ed skar\u00f0i\u00f0 hj\u00e1 Mikmas.<\/p>\n<div class=\"footnote1981\"><b>13.3<\/b> \u00deeyta hafurshorn 2Sam 2.28; 18.16<br \/>\n<b>13.4<\/b> Hata 2Sam 10.6<br \/>\n<b>13.5<\/b> Sem sandur 1M\u00f3s 22.17+<br \/>\n<b>13.6<\/b> Herinn faldi sig 1Sam 14.11,22; D\u00f3m 6.2<br \/>\n<b>13.13<\/b> Heimskulega 2Sam 24.10<br \/>\n<b>13.14<\/b> S\u00e9r a\u00f0 skapi Post 13.22 \u2013 skipa\u00f0 h\u00f6f\u00f0ingja 1Sam 25.30<br \/>\n<b>13.19<\/b> Sm\u00ed\u00f0a vopn Jl 4.10; sbr Jes 2.4; M\u00edk 4.3<\/div>\n","protected":false},"excerpt":{"rendered":"<p>1S\u00e1l var \u00fer\u00edtugur a\u00f0 aldri, \u00fe\u00e1 er hann var\u00f0 konungur, og r\u00edkti \u00ed tv\u00f6 \u00e1r yfir \u00cdsrael.2S\u00e1l valdi s\u00e9r \u00ferj\u00fa \u00fe\u00fasund manns af \u00cdsrael. Af \u00feeim voru tv\u00f6 \u00fe\u00fasund hj\u00e1 S\u00e1l \u00ed Mikmas og \u00e1 Betelfj\u00f6llum, en eitt \u00fe\u00fasund hj\u00e1 J\u00f3natan \u00ed G\u00edbeu \u00ed Benjam\u00edn. Hitt li\u00f0i\u00f0 l\u00e9t hann brott fara, hvern heim til s\u00edn.3J\u00f3natan drap landstj\u00f3ra Filista, sem sat \u00ed Geba, og Filistar fr\u00e9ttu \u00fea\u00f0. Og S\u00e1l l\u00e9t \u00feeyta l\u00fa\u00f0ur um allt landi\u00f0 og sag\u00f0i: Hebrear skulu heyra \u00fea\u00f0.4Og allur \u00cdsrael heyr\u00f0i sagt: S\u00e1l hefir drepi\u00f0 landstj\u00f3ra Filista, og Filistar hafa andstygg\u00f0 \u00e1 \u00cdsrael. Og li\u00f0inu var stefnt saman <a href=\"https:\/\/biblian.is\/1981\/fyrri-samuelsbok-13-kafli\/\"> [&#8230;]<\/a><\/p>\n","protected":false},"author":1,"featured_media":0,"parent":0,"menu_order":0,"comment_status":"open","ping_status":"open","template":"bibliukaflar.php","meta":{"footnotes":""},"class_list":["post-1595","page","type-page","status-publish","hentry"],"_links":{"self":[{"href":"https:\/\/biblian.is\/1981\/wp-json\/wp\/v2\/pages\/1595","targetHints":{"allow":["GET"]}}],"collection":[{"href":"https:\/\/biblian.is\/1981\/wp-json\/wp\/v2\/pages"}],"about":[{"href":"https:\/\/biblian.is\/1981\/wp-json\/wp\/v2\/types\/page"}],"author":[{"embeddable":true,"href":"https:\/\/biblian.is\/1981\/wp-json\/wp\/v2\/users\/1"}],"replies":[{"embeddable":true,"href":"https:\/\/biblian.is\/1981\/wp-json\/wp\/v2\/comments?post=1595"}],"version-history":[{"count":0,"href":"https:\/\/biblian.is\/1981\/wp-json\/wp\/v2\/pages\/1595\/revisions"}],"wp:attachment":[{"href":"https:\/\/biblian.is\/1981\/wp-json\/wp\/v2\/media?parent=1595"}],"curies":[{"name":"wp","href":"https:\/\/api.w.org\/{rel}","templated":true}]}}