{"id":1591,"date":"2017-11-18T20:17:55","date_gmt":"2017-11-18T20:17:55","guid":{"rendered":"http:\/\/biblian.is\/1981\/fyrri-samuelsbok-9-kafli\/"},"modified":"2021-06-06T10:57:25","modified_gmt":"2021-06-06T10:57:25","slug":"fyrri-samuelsbok-9-kafli","status":"publish","type":"page","link":"https:\/\/biblian.is\/1981\/fyrri-samuelsbok-9-kafli\/","title":{"rendered":"Fyrri Sam\u00faelsb\u00f3k 9. kafli"},"content":{"rendered":"<p><a name=\"1\"><span class=\"versanumer\">1<\/span><\/a>Ma\u00f0ur er nefndur K\u00eds. Hann var \u00far Benjam\u00edn og var sonur Ab\u00edels, Ser\u00f3rssonar, Bek\u00f3ratssonar, Af\u00edasonar, sonar Benjam\u00edn\u00edta nokkurs, au\u00f0ugur ma\u00f0ur.<a name=\"2\"><span class=\"versanumer\">2<\/span><\/a>Hann \u00e1tti son, er S\u00e1l h\u00e9t, fyrirmannlegan og fr\u00ed\u00f0an. Enginn af \u00cdsraelsm\u00f6nnum var fr\u00ed\u00f0ari en hann. Hann var h\u00f6f\u00f0i h\u00e6rri en allur l\u00fd\u00f0ur.<a name=\"3\"><span class=\"versanumer\">3<\/span><\/a>\u00d6snur K\u00edss, f\u00f6\u00f0ur S\u00e1ls, t\u00fdndust, og K\u00eds sag\u00f0i vi\u00f0 S\u00e1l, son sinn: Tak me\u00f0 \u00fe\u00e9r einn af sveinunum og far\u00f0u og leita\u00f0u a\u00f0 \u00f6snunum.<a name=\"4\"><span class=\"versanumer\">4<\/span><\/a>Og \u00feeir f\u00f3ru um Efra\u00edmfj\u00f6ll og \u00feeir f\u00f3ru um Sal\u00edsaland, en fundu \u00fe\u00e6r ekki. S\u00ed\u00f0an f\u00f3ru \u00feeir um Saal\u00edmland, en \u00fe\u00e6r voru \u00fear eigi. \u00de\u00e1 f\u00f3ru \u00feeir um Benjam\u00ednsland, en fundu \u00fe\u00e6r ekki.<a name=\"5\"><span class=\"versanumer\">5<\/span><\/a>En er \u00feeir voru komnir \u00ed S\u00faf-land, \u00fe\u00e1 sag\u00f0i S\u00e1l vi\u00f0 svein sinn, \u00feann er me\u00f0 honum var: Kom \u00fe\u00fa, vi\u00f0 skulum sn\u00faa vi\u00f0, svo a\u00f0 fa\u00f0ir minn fari ekki a\u00f0 undrast um okkur, \u00ed sta\u00f0 \u00feess a\u00f0 hugsa um \u00f6snurnar.<a name=\"6\"><span class=\"versanumer\">6<\/span><\/a>&#8222;Sveinninn svara\u00f0i honum: Sj\u00e1, \u00ed borg \u00feessari er gu\u00f0sma\u00f0ur einn, og er ma\u00f0urinn fr\u00e6gur. Allt r\u00e6tist, sem hann segir. N\u00fa skulum vi\u00f0 fara \u00feanga\u00f0; m\u00e1 vera a\u00f0 hann segi okkur, hva\u00f0a lei\u00f0 vi\u00f0 eigum a\u00f0 halda.&#8220;<a name=\"7\"><span class=\"versanumer\">7<\/span><\/a>S\u00e1l sag\u00f0i vi\u00f0 hann: Sj\u00e1, ef vi\u00f0 f\u00f6rum, hva\u00f0 eigum vi\u00f0 \u00fe\u00e1 a\u00f0 f\u00e6ra manninum? \u00dev\u00ed a\u00f0 brau\u00f0i\u00f0 er \u00feroti\u00f0 \u00ed malpokum okkar og gj\u00f6f h\u00f6fum vi\u00f0 enga a\u00f0 f\u00e6ra gu\u00f0smanninum. Hva\u00f0 h\u00f6fum vi\u00f0?<a name=\"8\"><span class=\"versanumer\">8<\/span><\/a>\u00de\u00e1 svara\u00f0i sveinninn S\u00e1l aftur og m\u00e6lti: Sj\u00e1, \u00e9g hefi hj\u00e1 m\u00e9r fj\u00f3r\u00f0ung \u00far silfursikli. Hann \u00e6tla \u00e9g a\u00f0 gefa gu\u00f0smanninum, til \u00feess a\u00f0 hann segi okkur, hva\u00f0a lei\u00f0 vi\u00f0 eigum a\u00f0 halda.<a name=\"9\"><span class=\"versanumer\">9<\/span><\/a>Fyrrum komust menn svo a\u00f0 or\u00f0i \u00ed \u00cdsrael, \u00fe\u00e1 er \u00feeir gengu til fr\u00e9tta vi\u00f0 Gu\u00f0: Komi\u00f0, v\u00e9r skulum fara til sj\u00e1andans! \u00dev\u00ed a\u00f0 \u00feeir, sem n\u00fa eru kalla\u00f0ir sp\u00e1menn, voru fyrrum kalla\u00f0ir sj\u00e1endur.<a name=\"10\"><span class=\"versanumer\">10<\/span><\/a>\u00de\u00e1 sag\u00f0i S\u00e1l vi\u00f0 svein sinn: \u00de\u00fa hefir r\u00e9tt a\u00f0 m\u00e6la. Kom \u00fe\u00fa, vi\u00f0 skulum fara! S\u00ed\u00f0an f\u00f3ru \u00feeir til borgarinnar, \u00fear sem gu\u00f0sma\u00f0urinn var.<a name=\"11\"><span class=\"versanumer\">11<\/span><\/a>Er \u00feeir voru a\u00f0 ganga upp st\u00edginn upp a\u00f0 borginni, hittu \u00feeir st\u00falkur, sem gengu \u00fat a\u00f0 s\u00e6kja vatn, og s\u00f6g\u00f0u vi\u00f0 \u00fe\u00e6r: Er sj\u00e1andinn h\u00e9r?<a name=\"12\"><span class=\"versanumer\">12<\/span><\/a>\u00de\u00e6r sv\u00f6ru\u00f0u \u00feeim og s\u00f6g\u00f0u: J\u00e1, hann er r\u00e9tt \u00e1 undan ykkur. Hann er alveg n\u00fdkominn til borgarinnar, \u00fev\u00ed a\u00f0 l\u00fd\u00f0urinn \u00e6tlar \u00ed dag a\u00f0 f\u00e6ra sl\u00e1turf\u00f3rnir \u00e1 f\u00f3rnarh\u00e6\u00f0inni.<a name=\"13\"><span class=\"versanumer\">13<\/span><\/a>&#8222;\u00d3\u00f0ara en \u00fei\u00f0 komi\u00f0 inn \u00ed borgina, munu\u00f0 \u00fei\u00f0 finna hann, \u00e1\u00f0ur en hann gengur upp \u00e1 f\u00f3rnarh\u00e6\u00f0ina til a\u00f0 eta, \u00fev\u00ed a\u00f0 l\u00fd\u00f0urinn etur ekki fyrr en hann kemur, af \u00fev\u00ed a\u00f0 hann blessar f\u00f3rnirnar; eftir \u00fea\u00f0 eta \u00feeir, sem bo\u00f0nir eru. Og gangi\u00f0 n\u00fa upp \u00feanga\u00f0, \u00fev\u00ed a\u00f0 einmitt n\u00fa munu\u00f0 \u00fei\u00f0 finna hann.&#8220;<a name=\"14\"><span class=\"versanumer\">14<\/span><\/a>S\u00ed\u00f0an gengu \u00feeir upp til borgarinnar. \u00deegar \u00feeir komu inn \u00ed borgina, sj\u00e1, \u00fe\u00e1 gekk Sam\u00fael \u00fat \u00e1 m\u00f3ti \u00feeim og \u00e6tla\u00f0i upp \u00e1 f\u00f3rnarh\u00e6\u00f0ina.<a name=\"15\"><span class=\"versanumer\">15<\/span><\/a>N\u00fa haf\u00f0i Drottinn, daginn \u00e1\u00f0ur en S\u00e1l kom, opinbera\u00f0 Sam\u00fael \u00feetta:<a name=\"16\"><span class=\"versanumer\">16<\/span><\/a>\u00cd \u00feetta mund \u00e1 morgun mun \u00e9g senda til \u00fe\u00edn mann \u00far Benjam\u00ednslandi, og skalt \u00fe\u00fa smyrja hann til h\u00f6f\u00f0ingja yfir l\u00fd\u00f0 minn \u00cdsrael, og hann mun frelsa minn l\u00fd\u00f0 af hendi Filistanna, \u00fev\u00ed a\u00f0 \u00e9g hefi s\u00e9\u00f0 \u00e1nau\u00f0 m\u00edns l\u00fd\u00f0s, og kvein hans hefir borist til m\u00edn.<a name=\"17\"><span class=\"versanumer\">17<\/span><\/a>En er Sam\u00fael s\u00e1 S\u00e1l, sag\u00f0i Drottinn vi\u00f0 hann: \u00deetta er ma\u00f0urinn, sem \u00e9g sag\u00f0i um vi\u00f0 \u00feig: Hann skal drottna yfir m\u00ednum l\u00fd\u00f0.<a name=\"18\"><span class=\"versanumer\">18<\/span><\/a>S\u00e1l gekk \u00fe\u00e1 til Sam\u00faels \u00ed mi\u00f0ju borgarhli\u00f0inu og m\u00e6lti: Seg m\u00e9r, hvar \u00e1 sj\u00e1andinn heima?<a name=\"19\"><span class=\"versanumer\">19<\/span><\/a>Sam\u00fael svara\u00f0i S\u00e1l og m\u00e6lti: \u00c9g er sj\u00e1andinn. Gakk \u00e1 undan m\u00e9r upp \u00e1 f\u00f3rnarh\u00e6\u00f0ina. \u00dei\u00f0 skulu\u00f0 eta me\u00f0 m\u00e9r \u00ed dag, en \u00e1 morgun snemma mun \u00e9g l\u00e1ta \u00feig fara og fr\u00e6\u00f0a \u00feig um allt \u00fea\u00f0, er \u00fe\u00fa ber fyrir brj\u00f3sti.<a name=\"20\"><span class=\"versanumer\">20<\/span><\/a>Og a\u00f0 \u00fev\u00ed er snertir \u00f6snurnar, sem t\u00f6pu\u00f0ust hj\u00e1 \u00fe\u00e9r fyrir \u00feremur d\u00f6gum, \u00fe\u00e1 vertu ekki \u00e1hyggjufullur \u00fat af \u00feeim, \u00fev\u00ed a\u00f0 \u00fe\u00e6r eru fundnar. En hver mun hlj\u00f3ta allar hnossir \u00cdsraels, hver nema \u00fe\u00fa og \u00f6ll \u00e6tt f\u00f6\u00f0ur \u00fe\u00edns?<a name=\"21\"><span class=\"versanumer\">21<\/span><\/a>S\u00e1l svara\u00f0i og m\u00e6lti: Er \u00e9g ekki Benjam\u00edn\u00edti, kominn af einni af hinum minnstu kynkv\u00edslum \u00cdsraels, og \u00e6tt m\u00edn hin l\u00edtilm\u00f3tlegasta af \u00f6llum \u00e6ttum Benjam\u00edns kynkv\u00edslar? Hv\u00ed m\u00e6lir \u00fe\u00fa \u00fe\u00e1 sl\u00edkt vi\u00f0 mig?<a name=\"22\"><span class=\"versanumer\">22<\/span><\/a>Sam\u00fael t\u00f3k S\u00e1l og svein hans og leiddi \u00fe\u00e1 inn \u00ed matsalinn, og hann v\u00edsa\u00f0i \u00feeim til s\u00e6tis efst me\u00f0al bo\u00f0smannanna, en \u00feeir voru um \u00ferj\u00e1t\u00edu manns.<a name=\"23\"><span class=\"versanumer\">23<\/span><\/a>Og Sam\u00fael sag\u00f0i vi\u00f0 matsveininn: Kom \u00fe\u00fa n\u00fa me\u00f0 stykki\u00f0, sem \u00e9g f\u00e9kk \u00fe\u00e9r og sag\u00f0i \u00fe\u00e9r a\u00f0 taka fr\u00e1.<a name=\"24\"><span class=\"versanumer\">24<\/span><\/a>\u00de\u00e1 bar matsveinninn fram b\u00f3ginn og r\u00f3funa og setti fyrir S\u00e1l. Og Sam\u00fael m\u00e6lti: Sj\u00e1, \u00fea\u00f0 sem afgangs var\u00f0, er n\u00fa sett fyrir \u00feig. Et, \u00fev\u00ed a\u00f0 \u00e1 hinum \u00e1kve\u00f0na t\u00edma var \u00fea\u00f0 geymt \u00fe\u00e9r, \u00fe\u00e1 er sagt var: \u00c9g hefi bo\u00f0i\u00f0 f\u00f3lkinu! Og S\u00e1l \u00e1t me\u00f0 Sam\u00fael \u00feann dag.<a name=\"25\"><span class=\"versanumer\">25<\/span><\/a>Og \u00feeir gengu ni\u00f0ur af h\u00e6\u00f0inni ofan \u00ed borgina, og var b\u00fai\u00f0 um S\u00e1l \u00e1 \u00feakinu, og lag\u00f0ist hann til svefns.<a name=\"26\"><span class=\"versanumer\">26<\/span><\/a>\u00deegar l\u00fdsti af degi, kalla\u00f0i Sam\u00fael \u00e1 S\u00e1l uppi \u00e1 \u00feakinu og m\u00e6lti: R\u00eds n\u00fa \u00e1 f\u00e6tur, svo a\u00f0 \u00e9g geti fylgt \u00fe\u00e9r \u00e1 lei\u00f0. \u00de\u00e1 reis S\u00e1l \u00e1 f\u00e6tur, og \u00feeir gengu b\u00e1\u00f0ir \u00fat, hann og Sam\u00fael.<a name=\"27\"><span class=\"versanumer\">27<\/span><\/a>En er \u00feeir voru komnir \u00fat fyrir borgina, sag\u00f0i Sam\u00fael vi\u00f0 S\u00e1l: Seg\u00f0u sveininum a\u00f0 fara \u00e1 undan okkur, og hann f\u00f3r \u00e1 undan en statt \u00fe\u00fa kyrr, svo a\u00f0 \u00e9g megi flytja \u00fe\u00e9r or\u00f0 fr\u00e1 Gu\u00f0i.<\/p>\n<div class=\"footnote1981\"><b>9.1<\/b> K\u00eds 1Kro 6.29<br \/>\n<b>9.2<\/b> Gl\u00e6silegri 1Sam 10.23; 16.7; 2Sam 14.25<br \/>\n<b>9.6<\/b> Segja til vegar D\u00f3m 18.5<br \/>\n<b>9.7<\/b> F\u00e6ra gj\u00f6f 4M\u00f3s 22.7; 2Kon 5.15<br \/>\n<b>9.11<\/b> St\u00falkur vi\u00f0 brunn 1M\u00f3s 24.11; 2M\u00f3s 2.16<br \/>\n<b>9.15<\/b> Drottinn talar 1Kon 14.5; Post 9.10-16<br \/>\n<b>9.16<\/b> Ney\u00f0 \u00fej\u00f3\u00f0ar minnar 2M\u00f3s 2.23<br \/>\n<b>9.17<\/b> Drottinn sag\u00f0i 1Sam 16.3,12<br \/>\n<b>9.21<\/b> S\u00e1l svara\u00f0i 1Sam 18.18; 2M\u00f3s 3.11; 4.1; D\u00f3m 6.15; Jer 1.6; J\u00f3n 1.2-3<\/div>\n","protected":false},"excerpt":{"rendered":"<p>1Ma\u00f0ur er nefndur K\u00eds. Hann var \u00far Benjam\u00edn og var sonur Ab\u00edels, Ser\u00f3rssonar, Bek\u00f3ratssonar, Af\u00edasonar, sonar Benjam\u00edn\u00edta nokkurs, au\u00f0ugur ma\u00f0ur.2Hann \u00e1tti son, er S\u00e1l h\u00e9t, fyrirmannlegan og fr\u00ed\u00f0an. Enginn af \u00cdsraelsm\u00f6nnum var fr\u00ed\u00f0ari en hann. Hann var h\u00f6f\u00f0i h\u00e6rri en allur l\u00fd\u00f0ur.3\u00d6snur K\u00edss, f\u00f6\u00f0ur S\u00e1ls, t\u00fdndust, og K\u00eds sag\u00f0i vi\u00f0 S\u00e1l, son sinn: Tak me\u00f0 \u00fe\u00e9r einn af sveinunum og far\u00f0u og leita\u00f0u a\u00f0 \u00f6snunum.4Og \u00feeir f\u00f3ru um Efra\u00edmfj\u00f6ll og \u00feeir f\u00f3ru um Sal\u00edsaland, en fundu \u00fe\u00e6r ekki. S\u00ed\u00f0an f\u00f3ru \u00feeir um Saal\u00edmland, en \u00fe\u00e6r voru \u00fear eigi. \u00de\u00e1 f\u00f3ru \u00feeir um Benjam\u00ednsland, en fundu \u00fe\u00e6r ekki.5En er \u00feeir voru <a href=\"https:\/\/biblian.is\/1981\/fyrri-samuelsbok-9-kafli\/\"> [&#8230;]<\/a><\/p>\n","protected":false},"author":1,"featured_media":0,"parent":0,"menu_order":0,"comment_status":"open","ping_status":"open","template":"bibliukaflar.php","meta":{"footnotes":""},"class_list":["post-1591","page","type-page","status-publish","hentry"],"_links":{"self":[{"href":"https:\/\/biblian.is\/1981\/wp-json\/wp\/v2\/pages\/1591","targetHints":{"allow":["GET"]}}],"collection":[{"href":"https:\/\/biblian.is\/1981\/wp-json\/wp\/v2\/pages"}],"about":[{"href":"https:\/\/biblian.is\/1981\/wp-json\/wp\/v2\/types\/page"}],"author":[{"embeddable":true,"href":"https:\/\/biblian.is\/1981\/wp-json\/wp\/v2\/users\/1"}],"replies":[{"embeddable":true,"href":"https:\/\/biblian.is\/1981\/wp-json\/wp\/v2\/comments?post=1591"}],"version-history":[{"count":0,"href":"https:\/\/biblian.is\/1981\/wp-json\/wp\/v2\/pages\/1591\/revisions"}],"wp:attachment":[{"href":"https:\/\/biblian.is\/1981\/wp-json\/wp\/v2\/media?parent=1591"}],"curies":[{"name":"wp","href":"https:\/\/api.w.org\/{rel}","templated":true}]}}