{"id":1590,"date":"2017-11-18T20:17:55","date_gmt":"2017-11-18T20:17:55","guid":{"rendered":"http:\/\/biblian.is\/1981\/fyrri-samuelsbok-8-kafli\/"},"modified":"2021-06-06T10:57:24","modified_gmt":"2021-06-06T10:57:24","slug":"fyrri-samuelsbok-8-kafli","status":"publish","type":"page","link":"https:\/\/biblian.is\/1981\/fyrri-samuelsbok-8-kafli\/","title":{"rendered":"Fyrri Sam\u00faelsb\u00f3k 8. kafli"},"content":{"rendered":"<p><a name=\"1\"><span class=\"versanumer\">1<\/span><\/a>Er Sam\u00fael var or\u00f0inn gamall, setti hann sonu s\u00edna d\u00f3mara yfir \u00cdsrael.<a name=\"2\"><span class=\"versanumer\">2<\/span><\/a>Frumgetinn sonur hans h\u00e9t J\u00f3el, en annar sonur hans Ab\u00eda. \u00deeir d\u00e6mdu \u00ed Beerseba.<a name=\"3\"><span class=\"versanumer\">3<\/span><\/a>En synir hans fetu\u00f0u ekki \u00ed f\u00f3tspor hans, heldur hneig\u00f0ust \u00feeir til \u00e1girndar og \u00fe\u00e1gu m\u00fatur og h\u00f6llu\u00f0u r\u00e9ttinum.<a name=\"4\"><span class=\"versanumer\">4<\/span><\/a>\u00de\u00e1 s\u00f6fnu\u00f0ust allir \u00f6ldungar \u00cdsraels saman og f\u00f3ru \u00e1 fund Sam\u00faels \u00ed Rama<a name=\"5\"><span class=\"versanumer\">5<\/span><\/a>og s\u00f6g\u00f0u vi\u00f0 hann: Sj\u00e1, \u00fe\u00fa ert n\u00fa or\u00f0inn gamall og synir \u00fe\u00ednir feta ekki \u00ed f\u00f3tspor \u00fe\u00edn. Set oss \u00fev\u00ed konung til a\u00f0 d\u00e6ma oss, eins og er hj\u00e1 \u00f6llum \u00f6\u00f0rum \u00fej\u00f3\u00f0um.<a name=\"6\"><span class=\"versanumer\">6<\/span><\/a>En Sam\u00fael misl\u00edka\u00f0i \u00fea\u00f0, a\u00f0 \u00feeir s\u00f6g\u00f0u: Gef oss konung til \u00feess a\u00f0 d\u00e6ma oss! Og Sam\u00fael ba\u00f0 til Drottins.<a name=\"7\"><span class=\"versanumer\">7<\/span><\/a>Drottinn sag\u00f0i vi\u00f0 Sam\u00fael: L\u00e1t \u00fe\u00fa a\u00f0 or\u00f0um l\u00fd\u00f0sins \u00ed \u00f6llu \u00fev\u00ed, sem \u00feeir bi\u00f0ja \u00feig um, \u00fev\u00ed a\u00f0 \u00feeir hafa ekki hafna\u00f0 \u00fe\u00e9r, heldur hafa \u00feeir hafna\u00f0 m\u00e9r, a\u00f0 \u00e9g skuli ekki lengur vera konungur yfir \u00feeim.<a name=\"8\"><span class=\"versanumer\">8<\/span><\/a>Svona hafa \u00feeir \u00e1vallt breytt fr\u00e1 \u00feeim degi, er \u00e9g leiddi \u00fe\u00e1 \u00fat af Egyptalandi, allt fram \u00e1 \u00feennan dag. \u00deeir hafa yfirgefi\u00f0 mig og \u00fej\u00f3na\u00f0 \u00f6\u00f0rum gu\u00f0um. \u00d6ldungis \u00e1 sama h\u00e1tt fara \u00feeir n\u00fa og me\u00f0 \u00feig.<a name=\"9\"><span class=\"versanumer\">9<\/span><\/a>L\u00e1t \u00fev\u00ed n\u00fa a\u00f0 or\u00f0um \u00feeirra. \u00de\u00f3 skalt \u00fe\u00fa vara \u00fe\u00e1 alvarlega vi\u00f0, og segja \u00feeim h\u00e1ttu konungsins, sem r\u00edkja \u00e1 yfir \u00feeim.<a name=\"10\"><span class=\"versanumer\">10<\/span><\/a>\u00de\u00e1 sag\u00f0i Sam\u00fael l\u00fd\u00f0num, sem heimti af honum konung, \u00f6ll or\u00f0 Drottins<a name=\"11\"><span class=\"versanumer\">11<\/span><\/a>og m\u00e6lti: \u00deessi mun ver\u00f0a h\u00e1ttur konungsins, sem yfir y\u00f0ur \u00e1 a\u00f0 r\u00edkja: Sonu y\u00f0ar mun hann taka og setja \u00fe\u00e1 vi\u00f0 vagn sinn og \u00e1 hesta s\u00edna, og \u00feeir munu hlaupa fyrir vagni hans,<a name=\"12\"><span class=\"versanumer\">12<\/span><\/a>og hann mun skipa \u00fe\u00e1 h\u00f6fu\u00f0smenn yfir \u00fe\u00fasund og h\u00f6fu\u00f0smenn yfir fimmt\u00edu, og setja \u00fe\u00e1 til a\u00f0 pl\u00e6gja akurland sitt og skera upp korn sitt og gj\u00f6ra herna\u00f0artygi s\u00edn og \u00f6kutygi.<a name=\"13\"><span class=\"versanumer\">13<\/span><\/a>Og d\u00e6tur y\u00f0ar mun hann taka og l\u00e1ta \u00fe\u00e6r b\u00faa til smyrsl, elda og baka.<a name=\"14\"><span class=\"versanumer\">14<\/span><\/a>Og bestu lendur y\u00f0ar, v\u00edngar\u00f0a og ol\u00edfugar\u00f0a mun hann taka og gefa \u00fej\u00f3num s\u00ednum,<a name=\"15\"><span class=\"versanumer\">15<\/span><\/a>og af s\u00e1\u00f0l\u00f6ndum y\u00f0ar og v\u00edng\u00f6r\u00f0um mun hann taka t\u00edund og gefa hana geldingum s\u00ednum og \u00fej\u00f3num s\u00ednum.<a name=\"16\"><span class=\"versanumer\">16<\/span><\/a>Og \u00fer\u00e6la y\u00f0ar og amb\u00e1ttir og hina bestu uxa y\u00f0ar og asna y\u00f0ar mun hann taka og hafa til sinna verka.<a name=\"17\"><span class=\"versanumer\">17<\/span><\/a>Af sau\u00f0f\u00e9na\u00f0i y\u00f0ar mun hann taka t\u00edund, en sj\u00e1lfir munu\u00f0 \u00fe\u00e9r ver\u00f0a \u00fer\u00e6lar hans.<a name=\"18\"><span class=\"versanumer\">18<\/span><\/a>\u00de\u00e1 munu\u00f0 \u00fe\u00e9r hr\u00f3pa undan konungi y\u00f0ar, er \u00fe\u00e9r \u00fe\u00e1 hafi\u00f0 kj\u00f6ri\u00f0 y\u00f0ur, en \u00fe\u00e1 mun Drottinn ekki svara y\u00f0ur.<a name=\"19\"><span class=\"versanumer\">19<\/span><\/a>En f\u00f3lki\u00f0 vildi ekki hl\u00fd\u00f0a fort\u00f6lum Sam\u00faels og sag\u00f0i: Nei, konungur skal yfir oss vera,<a name=\"20\"><span class=\"versanumer\">20<\/span><\/a>svo a\u00f0 v\u00e9r s\u00e9um eins og allar a\u00f0rar \u00fej\u00f3\u00f0ir, og konungur vor skal d\u00e6ma oss og vera fyrirli\u00f0i vor og heyja bardaga vora.<a name=\"21\"><span class=\"versanumer\">21<\/span><\/a>Sam\u00fael hl\u00fdddi \u00e1 \u00f6ll umm\u00e6li l\u00fd\u00f0sins og tj\u00e1\u00f0i \u00feau fyrir Drottni.<a name=\"22\"><span class=\"versanumer\">22<\/span><\/a>En Drottinn sag\u00f0i vi\u00f0 Sam\u00fael: L\u00e1t \u00fe\u00fa a\u00f0 or\u00f0um \u00feeirra og set yfir \u00fe\u00e1 konung. \u00de\u00e1 sag\u00f0i Sam\u00fael vi\u00f0 \u00cdsraelsmenn: Fari\u00f0 burt, hver til s\u00edns heimkynnis.<\/p>\n<div class=\"footnote1981\"><b>8.3<\/b> \u00deiggja m\u00fatur 1Sam 2.12; 2M\u00f3s 23.8; 3M\u00f3s 19.15; 5M\u00f3s 16.19; Jes 5.23<br \/>\n<b>8.5<\/b> Eins og allar a\u00f0rar \u00fej\u00f3\u00f0ir 1Sam 8.20; 5M\u00f3s 17.14; Esk 20.32; sbr Est 3.8<br \/>\n<b>8.7<\/b> \u00c9g er konungur ykkar 1Sam 12.12; D\u00f3m 8.23; Slm 47.9<br \/>\n<b>8.8<\/b> \u00dej\u00f3na \u00f6\u00f0rum gu\u00f0um 1Sam 26.19; D\u00f3m 10.13; 1Kon 9.9<br \/>\n<b>8.11<\/b> Hlaupa \u00e1 undan vagni 2Sam 15.1; 1Kon 1.5<br \/>\n<b>8.14<\/b> Tekur v\u00edngar\u00f0a y\u00f0ar 1Kon 21<br \/>\n<b>8.18<\/b> Kveina undan konunginum 1Kon 12.4; M\u00edk 3.4<\/div>\n","protected":false},"excerpt":{"rendered":"<p>1Er Sam\u00fael var or\u00f0inn gamall, setti hann sonu s\u00edna d\u00f3mara yfir \u00cdsrael.2Frumgetinn sonur hans h\u00e9t J\u00f3el, en annar sonur hans Ab\u00eda. \u00deeir d\u00e6mdu \u00ed Beerseba.3En synir hans fetu\u00f0u ekki \u00ed f\u00f3tspor hans, heldur hneig\u00f0ust \u00feeir til \u00e1girndar og \u00fe\u00e1gu m\u00fatur og h\u00f6llu\u00f0u r\u00e9ttinum.4\u00de\u00e1 s\u00f6fnu\u00f0ust allir \u00f6ldungar \u00cdsraels saman og f\u00f3ru \u00e1 fund Sam\u00faels \u00ed Rama5og s\u00f6g\u00f0u vi\u00f0 hann: Sj\u00e1, \u00fe\u00fa ert n\u00fa or\u00f0inn gamall og synir \u00fe\u00ednir feta ekki \u00ed f\u00f3tspor \u00fe\u00edn. Set oss \u00fev\u00ed konung til a\u00f0 d\u00e6ma oss, eins og er hj\u00e1 \u00f6llum \u00f6\u00f0rum \u00fej\u00f3\u00f0um.6En Sam\u00fael misl\u00edka\u00f0i \u00fea\u00f0, a\u00f0 \u00feeir s\u00f6g\u00f0u: Gef oss konung til \u00feess a\u00f0 d\u00e6ma <a href=\"https:\/\/biblian.is\/1981\/fyrri-samuelsbok-8-kafli\/\"> [&#8230;]<\/a><\/p>\n","protected":false},"author":1,"featured_media":0,"parent":0,"menu_order":0,"comment_status":"open","ping_status":"open","template":"bibliukaflar.php","meta":{"footnotes":""},"class_list":["post-1590","page","type-page","status-publish","hentry"],"_links":{"self":[{"href":"https:\/\/biblian.is\/1981\/wp-json\/wp\/v2\/pages\/1590","targetHints":{"allow":["GET"]}}],"collection":[{"href":"https:\/\/biblian.is\/1981\/wp-json\/wp\/v2\/pages"}],"about":[{"href":"https:\/\/biblian.is\/1981\/wp-json\/wp\/v2\/types\/page"}],"author":[{"embeddable":true,"href":"https:\/\/biblian.is\/1981\/wp-json\/wp\/v2\/users\/1"}],"replies":[{"embeddable":true,"href":"https:\/\/biblian.is\/1981\/wp-json\/wp\/v2\/comments?post=1590"}],"version-history":[{"count":0,"href":"https:\/\/biblian.is\/1981\/wp-json\/wp\/v2\/pages\/1590\/revisions"}],"wp:attachment":[{"href":"https:\/\/biblian.is\/1981\/wp-json\/wp\/v2\/media?parent=1590"}],"curies":[{"name":"wp","href":"https:\/\/api.w.org\/{rel}","templated":true}]}}