{"id":1589,"date":"2017-11-18T20:17:55","date_gmt":"2017-11-18T20:17:55","guid":{"rendered":"http:\/\/biblian.is\/1981\/fyrri-samuelsbok-7-kafli\/"},"modified":"2021-06-06T10:57:24","modified_gmt":"2021-06-06T10:57:24","slug":"fyrri-samuelsbok-7-kafli","status":"publish","type":"page","link":"https:\/\/biblian.is\/1981\/fyrri-samuelsbok-7-kafli\/","title":{"rendered":"Fyrri Sam\u00faelsb\u00f3k 7. kafli"},"content":{"rendered":"<p><a name=\"1\"><span class=\"versanumer\">1<\/span><\/a>Og \u00edb\u00faarnir \u00ed Kirjat Jear\u00edm komu og s\u00f3ttu \u00f6rk Drottins og fluttu hana \u00ed h\u00fas Ab\u00ednadabs \u00e1 h\u00e6\u00f0inni, og v\u00edg\u00f0u \u00feeir Eleasar son hans til \u00feess a\u00f0 g\u00e6ta arkar Drottins.<a name=\"2\"><span class=\"versanumer\">2<\/span><\/a>Fr\u00e1 \u00feeim degi, er \u00f6rkin kom til Kirjat Jear\u00edm, lei\u00f0 langur t\u00edmi, og ur\u00f0u \u00fea\u00f0 tuttugu \u00e1r. \u00de\u00e1 sneri allt \u00cdsraels h\u00fas s\u00e9r til Drottins.<a name=\"3\"><span class=\"versanumer\">3<\/span><\/a>Sam\u00fael sag\u00f0i vi\u00f0 allt \u00cdsraels h\u00fas: Ef \u00fe\u00e9r vilji\u00f0 sn\u00faa y\u00f0ur til Drottins af \u00f6llu hjarta, \u00fe\u00e1 fjarl\u00e6gi\u00f0 hin \u00fatlendu go\u00f0 fr\u00e1 y\u00f0ur og Ast\u00f6rturnar og sn\u00fai\u00f0 hjarta y\u00f0ar til Drottins og \u00fej\u00f3ni\u00f0 honum einum. Mun hann \u00fe\u00e1 frelsa y\u00f0ur af hendi Filista.<a name=\"4\"><span class=\"versanumer\">4<\/span><\/a>\u00de\u00e1 k\u00f6stu\u00f0u \u00cdsraelsmenn burt Ba\u00f6lum og Ast\u00f6rtum og \u00fej\u00f3nu\u00f0u Drottni einum.<a name=\"5\"><span class=\"versanumer\">5<\/span><\/a>Sam\u00fael sag\u00f0i: Stefni\u00f0 saman \u00f6llum \u00cdsrael \u00ed Mispa, og skal \u00e9g \u00fe\u00e1 bi\u00f0ja fyrir y\u00f0ur til Drottins.<a name=\"6\"><span class=\"versanumer\">6<\/span><\/a>S\u00f6fnu\u00f0ust \u00feeir \u00fe\u00e1 saman \u00ed Mispa og jusu vatn og \u00fathelltu \u00fev\u00ed fyrir Drottni. Og \u00feeir f\u00f6stu\u00f0u \u00feann dag og s\u00f6g\u00f0u \u00fear: V\u00e9r h\u00f6fum syndga\u00f0 m\u00f3ti Drottni! Og Sam\u00fael d\u00e6mdi \u00cdsraelsmenn \u00ed Mispa.<a name=\"7\"><span class=\"versanumer\">7<\/span><\/a>En er Filistar heyr\u00f0u, a\u00f0 \u00cdsraelsmenn h\u00f6f\u00f0u safnast saman \u00ed Mispa, \u00fe\u00e1 f\u00f3ru h\u00f6f\u00f0ingjar Filista \u00e1 m\u00f3ti \u00cdsrael. Og er \u00cdsraelsmenn heyr\u00f0u \u00fea\u00f0, ur\u00f0u \u00feeir hr\u00e6ddir vi\u00f0 Filista.<a name=\"8\"><span class=\"versanumer\">8<\/span><\/a>Og \u00cdsraelsmenn s\u00f6g\u00f0u vi\u00f0 Sam\u00fael: L\u00e1t eigi af a\u00f0 hr\u00f3pa til Drottins, Gu\u00f0s vors, fyrir oss, a\u00f0 hann frelsi oss af hendi Filista.<a name=\"9\"><span class=\"versanumer\">9<\/span><\/a>\u00de\u00e1 t\u00f3k Sam\u00fael dilklamb og f\u00f3rna\u00f0i \u00ed brennif\u00f3rn alf\u00f3rn Drottni til handa. Og Sam\u00fael hr\u00f3pa\u00f0i til Drottins fyrir \u00cdsrael, og Drottinn b\u00e6nheyr\u00f0i hann.<a name=\"10\"><span class=\"versanumer\">10<\/span><\/a>En me\u00f0an Sam\u00fael var a\u00f0 f\u00f3rna brennif\u00f3rninni, voru Filistar komnir \u00ed n\u00e1nd til a\u00f0 berjast vi\u00f0 \u00cdsrael. En Drottinn sendi \u00ferumuve\u00f0ur me\u00f0 miklum gn\u00fd yfir Filista \u00e1 \u00feeim degi og gj\u00f6r\u00f0i \u00fe\u00e1 felmtsfulla, svo a\u00f0 \u00feeir bi\u00f0u \u00f3sigur fyrir \u00cdsrael.<a name=\"11\"><span class=\"versanumer\">11<\/span><\/a>Og \u00cdsraelsmenn f\u00f3ru \u00fat fr\u00e1 Mispa og eltu Filista og dr\u00e1pu \u00fe\u00e1 \u00e1 fl\u00f3ttanum, allt \u00fear til komi\u00f0 var ni\u00f0ur fyrir Betkar.<a name=\"12\"><span class=\"versanumer\">12<\/span><\/a>\u00de\u00e1 t\u00f3k Sam\u00fael stein og reisti hann upp milli Mispa og Jesjana og kalla\u00f0i hann Ebeneser og sag\u00f0i: Hinga\u00f0 til hefir Drottinn hj\u00e1lpa\u00f0 oss.<a name=\"13\"><span class=\"versanumer\">13<\/span><\/a>\u00deannig voru Filistar yfirbuga\u00f0ir, og komu \u00feeir ekki framar inn \u00ed land \u00cdsraels. Og h\u00f6nd Drottins var gegn Filistum me\u00f0an Sam\u00fael lif\u00f0i.<a name=\"14\"><span class=\"versanumer\">14<\/span><\/a>En borgir \u00fe\u00e6r, sem Filistar h\u00f6f\u00f0u teki\u00f0 fr\u00e1 \u00cdsrael, komu aftur undir \u00cdsrael, fr\u00e1 Ekron allt til Gat, og landinu, er a\u00f0 \u00feeim l\u00e1, n\u00e1\u00f0i \u00cdsrael einnig \u00far h\u00f6ndum Filista. Og fri\u00f0ur komst \u00e1 milli \u00cdsraels og Amor\u00edta.<a name=\"15\"><span class=\"versanumer\">15<\/span><\/a>Sam\u00fael d\u00e6mdi \u00cdsrael me\u00f0an hann lif\u00f0i.<a name=\"16\"><span class=\"versanumer\">16<\/span><\/a>Og hann fer\u00f0a\u00f0ist um \u00e1 \u00e1ri hverju og kom til Betel, Gilgal og Mispa og d\u00e6mdi \u00cdsrael \u00e1 \u00f6llum \u00feessum st\u00f6\u00f0um.<a name=\"17\"><span class=\"versanumer\">17<\/span><\/a>Og hann sneri aftur til Rama, \u00fev\u00ed a\u00f0 \u00fear \u00e1tti hann heima, og \u00fear d\u00e6mdi hann \u00cdsrael. Og hann reisti Drottni \u00fear altari.<\/p>\n<div class=\"footnote1981\"><b>7.1<\/b> S\u00f3ttu \u00f6rk Drottins 2Sam 6.1-4; 1Kon 8.1-2; 1Kro 13.5-7<br \/>\n<b>7.2<\/b> T\u00f3k a\u00f0 hr\u00f3pa til Drottins 2M\u00f3s 2.23-25; D\u00f3m 6.6; 10.10<br \/>\n<b>7.3<\/b> Fjarl\u00e6gi\u00f0 framandi gu\u00f0i 1M\u00f3s 35.2; J\u00f3s 24.14; D\u00f3m 6.10; 10.13<br \/>\n<b>7.10<\/b> Sendi \u00ferumuve\u00f0ur 1Sam 2.10+<br \/>\n<b>7.12<\/b> Ebeneser 1Sam 4.1<br \/>\n<b>7.13<\/b> \u00d3vinirnir yfirbuga\u00f0ir D\u00f3m 3.30; 4.23; 8.28; 11.33<\/div>\n","protected":false},"excerpt":{"rendered":"<p>1Og \u00edb\u00faarnir \u00ed Kirjat Jear\u00edm komu og s\u00f3ttu \u00f6rk Drottins og fluttu hana \u00ed h\u00fas Ab\u00ednadabs \u00e1 h\u00e6\u00f0inni, og v\u00edg\u00f0u \u00feeir Eleasar son hans til \u00feess a\u00f0 g\u00e6ta arkar Drottins.2Fr\u00e1 \u00feeim degi, er \u00f6rkin kom til Kirjat Jear\u00edm, lei\u00f0 langur t\u00edmi, og ur\u00f0u \u00fea\u00f0 tuttugu \u00e1r. \u00de\u00e1 sneri allt \u00cdsraels h\u00fas s\u00e9r til Drottins.3Sam\u00fael sag\u00f0i vi\u00f0 allt \u00cdsraels h\u00fas: Ef \u00fe\u00e9r vilji\u00f0 sn\u00faa y\u00f0ur til Drottins af \u00f6llu hjarta, \u00fe\u00e1 fjarl\u00e6gi\u00f0 hin \u00fatlendu go\u00f0 fr\u00e1 y\u00f0ur og Ast\u00f6rturnar og sn\u00fai\u00f0 hjarta y\u00f0ar til Drottins og \u00fej\u00f3ni\u00f0 honum einum. Mun hann \u00fe\u00e1 frelsa y\u00f0ur af hendi Filista.4\u00de\u00e1 k\u00f6stu\u00f0u \u00cdsraelsmenn burt Ba\u00f6lum <a href=\"https:\/\/biblian.is\/1981\/fyrri-samuelsbok-7-kafli\/\"> [&#8230;]<\/a><\/p>\n","protected":false},"author":1,"featured_media":0,"parent":0,"menu_order":0,"comment_status":"open","ping_status":"open","template":"bibliukaflar.php","meta":{"footnotes":""},"class_list":["post-1589","page","type-page","status-publish","hentry"],"_links":{"self":[{"href":"https:\/\/biblian.is\/1981\/wp-json\/wp\/v2\/pages\/1589","targetHints":{"allow":["GET"]}}],"collection":[{"href":"https:\/\/biblian.is\/1981\/wp-json\/wp\/v2\/pages"}],"about":[{"href":"https:\/\/biblian.is\/1981\/wp-json\/wp\/v2\/types\/page"}],"author":[{"embeddable":true,"href":"https:\/\/biblian.is\/1981\/wp-json\/wp\/v2\/users\/1"}],"replies":[{"embeddable":true,"href":"https:\/\/biblian.is\/1981\/wp-json\/wp\/v2\/comments?post=1589"}],"version-history":[{"count":0,"href":"https:\/\/biblian.is\/1981\/wp-json\/wp\/v2\/pages\/1589\/revisions"}],"wp:attachment":[{"href":"https:\/\/biblian.is\/1981\/wp-json\/wp\/v2\/media?parent=1589"}],"curies":[{"name":"wp","href":"https:\/\/api.w.org\/{rel}","templated":true}]}}