{"id":1588,"date":"2017-11-18T20:17:55","date_gmt":"2017-11-18T20:17:55","guid":{"rendered":"http:\/\/biblian.is\/1981\/fyrri-samuelsbok-6-kafli\/"},"modified":"2021-06-06T10:57:24","modified_gmt":"2021-06-06T10:57:24","slug":"fyrri-samuelsbok-6-kafli","status":"publish","type":"page","link":"https:\/\/biblian.is\/1981\/fyrri-samuelsbok-6-kafli\/","title":{"rendered":"Fyrri Sam\u00faelsb\u00f3k 6. kafli"},"content":{"rendered":"<p><a name=\"1\"><span class=\"versanumer\">1<\/span><\/a>\u00d6rk Drottins var sj\u00f6 m\u00e1nu\u00f0i \u00ed Filistalandi.<a name=\"2\"><span class=\"versanumer\">2<\/span><\/a>Og Filistar k\u00f6llu\u00f0u prestana og sp\u00e1sagnarmennina og s\u00f6g\u00f0u: Hva\u00f0 eigum v\u00e9r a\u00f0 gj\u00f6ra vi\u00f0 \u00f6rk Drottins? Segi\u00f0 oss til, hvernig v\u00e9r eigum a\u00f0 senda hana heim \u00e1 sinn sta\u00f0.<a name=\"3\"><span class=\"versanumer\">3<\/span><\/a>\u00deeir sv\u00f6ru\u00f0u: Ef \u00fe\u00e9r sendi\u00f0 burt \u00f6rk \u00cdsraels Gu\u00f0s, \u00fe\u00e1 sendi\u00f0 hana ekki gjafalaust, heldur grei\u00f0i\u00f0 henni sektarf\u00f3rn. \u00de\u00e1 munu\u00f0 \u00fe\u00e9r heilir ver\u00f0a, og y\u00f0ur mun ver\u00f0a kunnugt, hvers vegna h\u00f6nd hans hefir ekki fr\u00e1 y\u00f0ur viki\u00f0.<a name=\"4\"><span class=\"versanumer\">4<\/span><\/a>\u00de\u00e1 s\u00f6g\u00f0u Filistar: Hva\u00f0a sektarf\u00f3rn eigum v\u00e9r a\u00f0 grei\u00f0a henni? \u00deeir sv\u00f6ru\u00f0u: Fimm k\u00fdli af gulli og fimm m\u00fds af gulli, eins og h\u00f6f\u00f0ingjar Filista eru margir til, \u00fev\u00ed a\u00f0 sama pl\u00e1gan hefir gengi\u00f0 yfir y\u00f0ur og h\u00f6f\u00f0ingja y\u00f0ar.<a name=\"5\"><span class=\"versanumer\">5<\/span><\/a>B\u00fai\u00f0 n\u00fa til myndir af k\u00fdlum y\u00f0ar og myndir af m\u00fasum y\u00f0ar, \u00feeim er ey\u00f0a landi\u00f0, og gefi\u00f0 \u00cdsraels Gu\u00f0i d\u00fdr\u00f0ina: M\u00e1 vera a\u00f0 hann l\u00e9tti \u00fe\u00e1 af y\u00f0ur hendi sinni og af gu\u00f0i y\u00f0ar og af landi y\u00f0ar.<a name=\"6\"><span class=\"versanumer\">6<\/span><\/a>Hvers vegna vilji\u00f0 \u00fe\u00e9r her\u00f0a hj\u00f6rtu y\u00f0ar, eins og Egyptar og Fara\u00f3 hertu hjarta sitt? Var ekki svo, a\u00f0 \u00feegar hann haf\u00f0i leiki\u00f0 \u00fe\u00e1 hart, \u00fe\u00e1 slepptu \u00feeir \u00feeim, svo a\u00f0 \u00feeir f\u00f3ru burt?<a name=\"7\"><span class=\"versanumer\">7<\/span><\/a>Og taki\u00f0 n\u00fa og gj\u00f6ri\u00f0 n\u00fdjan vagn og tv\u00e6r k\u00fdr, sem k\u00e1lfar ganga undir og ok hefir ekki komi\u00f0 \u00e1, og beiti\u00f0 k\u00fanum fyrir vagninn, en taki\u00f0 k\u00e1lfana undan \u00feeim og fari\u00f0 heim me\u00f0 \u00fe\u00e1.<a name=\"8\"><span class=\"versanumer\">8<\/span><\/a>Taki\u00f0 s\u00ed\u00f0an \u00f6rk Drottins og setji\u00f0 hana \u00e1 vagninn, en gullgripi \u00fe\u00e1, er \u00fe\u00e9r grei\u00f0i\u00f0 henni \u00ed sektarf\u00f3rn, skulu\u00f0 \u00fe\u00e9r l\u00e1ta \u00ed kistil vi\u00f0 hli\u00f0 hennar. L\u00e1ti\u00f0 hana s\u00ed\u00f0an fara lei\u00f0ar sinnar.<a name=\"9\"><span class=\"versanumer\">9<\/span><\/a>&#8222;Og hyggi\u00f0 a\u00f0: Ef h\u00fan fer veginn til s\u00edns lands upp til Bet Semes, \u00fe\u00e1 er \u00fea\u00f0 hann, sem hefir l\u00e1ti\u00f0 oss \u00feessa miklu \u00f3g\u00e6fu a\u00f0 h\u00f6ndum bera. En fari h\u00fan ekki veginn, \u00fe\u00e1 vitum v\u00e9r, a\u00f0 ekki er \u00fea\u00f0 h\u00f6nd hans, sem hefir losti\u00f0 oss; \u00fe\u00e1 er \u00fea\u00f0 tilviljun, er oss hefir a\u00f0 h\u00f6ndum bori\u00f0.&#8220;<a name=\"10\"><span class=\"versanumer\">10<\/span><\/a>Og menn gj\u00f6r\u00f0u svo. \u00deeir t\u00f3ku tv\u00e6r k\u00fdr, er k\u00e1lfar gengu undir, og beittu \u00feeim fyrir vagninn, en k\u00e1lfana byrg\u00f0u \u00feeir inni heima.<a name=\"11\"><span class=\"versanumer\">11<\/span><\/a>S\u00ed\u00f0an settu \u00feeir \u00f6rk Drottins \u00e1 vagninn, svo og kistilinn me\u00f0 gullm\u00fasunum og k\u00fdlamyndunum.<a name=\"12\"><span class=\"versanumer\">12<\/span><\/a>Og k\u00fdrnar f\u00f3ru beina lei\u00f0 til Bet Semes. \u00der\u00e6ddu \u00fe\u00e6r brautina og baulu\u00f0u \u00e1n afl\u00e1ts og viku hvorki til h\u00e6gri n\u00e9 vinstri, og h\u00f6f\u00f0ingjar Filista f\u00f3ru \u00e1 eftir \u00feeim allt a\u00f0 landam\u00e6rum Bet Semes.<a name=\"13\"><span class=\"versanumer\">13<\/span><\/a>Bet Semes-b\u00faar voru a\u00f0 hveitiuppskeru \u00ed dalnum. Var\u00f0 \u00feeim n\u00fa liti\u00f0 upp og s\u00e1u \u00feeir \u00f6rkina, og ur\u00f0u \u00feeir fegnir a\u00f0 sj\u00e1 hana.<a name=\"14\"><span class=\"versanumer\">14<\/span><\/a>Og vagninn kom inn \u00e1 akur J\u00f3s\u00faa \u00ed Bet Semes og nam \u00fear sta\u00f0ar. En \u00fear var st\u00f3r steinn. Og \u00feeir klufu vi\u00f0inn \u00far vagninum og f\u00f3rnu\u00f0u k\u00fanum \u00ed brennif\u00f3rn Drottni til handa.<a name=\"15\"><span class=\"versanumer\">15<\/span><\/a>En lev\u00edtarnir t\u00f3ku \u00f6rk Drottins ni\u00f0ur og kistilinn, sem hj\u00e1 henni var og gullgripirnir voru \u00ed, og settu \u00e1 st\u00f3ra steininn. Og Bet Semes-b\u00faar f\u00f3rnu\u00f0u brennif\u00f3rnum og sl\u00e1tru\u00f0u sl\u00e1turf\u00f3rnum \u00e1 \u00feeim degi Drottni til handa.<a name=\"16\"><span class=\"versanumer\">16<\/span><\/a>Og h\u00f6f\u00f0ingjar Filistanna fimm s\u00e1u \u00fea\u00f0 og f\u00f3ru \u00feann sama dag aftur til Ekron.<a name=\"17\"><span class=\"versanumer\">17<\/span><\/a>En \u00feessi voru gullk\u00fdlin, sem Filistar greiddu Drottni \u00ed sektarf\u00f3rn: eitt fyrir Asd\u00f3d, eitt fyrir Gasa, eitt fyrir Askalon, eitt fyrir Gat, eitt fyrir Ekron,<a name=\"18\"><span class=\"versanumer\">18<\/span><\/a>auk \u00feess gullm\u00fdsnar, jafnmargar og allar borgir Filistah\u00f6f\u00f0ingjanna fimm, b\u00e6\u00f0i v\u00edggirtu borgirnar og b\u00e6nda\u00feorpin. Og st\u00f3ri steinninn, er \u00feeir settu \u00f6rk Drottins ni\u00f0ur \u00e1, er vottur \u00feessa fram \u00e1 \u00feennan dag \u00e1 akri J\u00f3s\u00faa \u00ed Bet Semes.<a name=\"19\"><span class=\"versanumer\">19<\/span><\/a>Drottinn laust nokkra af m\u00f6nnunum \u00ed Bet Semes, af \u00fev\u00ed a\u00f0 \u00feeir sko\u00f0u\u00f0u \u00f6rk Drottins, og hann laust af f\u00f3lkinu sj\u00f6t\u00edu manns. En f\u00f3lki\u00f0 harma\u00f0i \u00fea\u00f0, a\u00f0 Drottinn haf\u00f0i gj\u00f6rt svo miki\u00f0 mannfall me\u00f0al f\u00f3lksins.<a name=\"20\"><span class=\"versanumer\">20<\/span><\/a>Og Bet Semes-b\u00faar s\u00f6g\u00f0u: Hver f\u00e6r sta\u00f0ist fyrir Drottni, \u00feessum heilaga Gu\u00f0i? Og til hvers mun hann n\u00fa fara, er hann fer fr\u00e1 oss?<a name=\"21\"><span class=\"versanumer\">21<\/span><\/a>&#8222;\u00de\u00e1 ger\u00f0u \u00feeir sendimenn \u00e1 fund \u00edb\u00faanna \u00ed Kirjat Jear\u00edm og l\u00e9tu segja \u00feeim: Filistar hafa skila\u00f0 aftur \u00f6rk Drottins; komi\u00f0 hinga\u00f0 og flytji\u00f0 hana til y\u00f0ar.&#8220;<\/p>\n<div class=\"footnote1981\"><b>6.5<\/b> Gefi\u00f0 Gu\u00f0i d\u00fdr\u00f0ina J\u00f3s 7.19; J\u00f3h  9.24<br \/>\n<b>6.6<\/b> Eins og Fara\u00f3 2M\u00f3s 7.3+ &#8211; leyf\u00f0u a\u00f0 fara 2M\u00f3s 12.31<br \/>\n<b>6.7<\/b> N\u00fdr vagn 2Sam 6.3; sbr 2Kon 2.20 \u2013 ekki lagt ok \u00e1 4M\u00f3s 19.2; 5M\u00f3s 21.3; sbr 2M\u00f3s 20.25<br \/>\n<b>6.14<\/b> F\u00f3rn 2Sam 24.22; 1Kon 19.21<br \/>\n<b>6.19<\/b> Hann refsa\u00f0i 2Sam 6.7<br \/>\n<b>6.20<\/b> Hver getur sta\u00f0ist? Mal 3.2; Slm 76.8<\/div>\n","protected":false},"excerpt":{"rendered":"<p>1\u00d6rk Drottins var sj\u00f6 m\u00e1nu\u00f0i \u00ed Filistalandi.2Og Filistar k\u00f6llu\u00f0u prestana og sp\u00e1sagnarmennina og s\u00f6g\u00f0u: Hva\u00f0 eigum v\u00e9r a\u00f0 gj\u00f6ra vi\u00f0 \u00f6rk Drottins? Segi\u00f0 oss til, hvernig v\u00e9r eigum a\u00f0 senda hana heim \u00e1 sinn sta\u00f0.3\u00deeir sv\u00f6ru\u00f0u: Ef \u00fe\u00e9r sendi\u00f0 burt \u00f6rk \u00cdsraels Gu\u00f0s, \u00fe\u00e1 sendi\u00f0 hana ekki gjafalaust, heldur grei\u00f0i\u00f0 henni sektarf\u00f3rn. \u00de\u00e1 munu\u00f0 \u00fe\u00e9r heilir ver\u00f0a, og y\u00f0ur mun ver\u00f0a kunnugt, hvers vegna h\u00f6nd hans hefir ekki fr\u00e1 y\u00f0ur viki\u00f0.4\u00de\u00e1 s\u00f6g\u00f0u Filistar: Hva\u00f0a sektarf\u00f3rn eigum v\u00e9r a\u00f0 grei\u00f0a henni? \u00deeir sv\u00f6ru\u00f0u: Fimm k\u00fdli af gulli og fimm m\u00fds af gulli, eins og h\u00f6f\u00f0ingjar Filista eru margir til, \u00fev\u00ed a\u00f0 <a href=\"https:\/\/biblian.is\/1981\/fyrri-samuelsbok-6-kafli\/\"> [&#8230;]<\/a><\/p>\n","protected":false},"author":1,"featured_media":0,"parent":0,"menu_order":0,"comment_status":"open","ping_status":"open","template":"bibliukaflar.php","meta":{"footnotes":""},"class_list":["post-1588","page","type-page","status-publish","hentry"],"_links":{"self":[{"href":"https:\/\/biblian.is\/1981\/wp-json\/wp\/v2\/pages\/1588","targetHints":{"allow":["GET"]}}],"collection":[{"href":"https:\/\/biblian.is\/1981\/wp-json\/wp\/v2\/pages"}],"about":[{"href":"https:\/\/biblian.is\/1981\/wp-json\/wp\/v2\/types\/page"}],"author":[{"embeddable":true,"href":"https:\/\/biblian.is\/1981\/wp-json\/wp\/v2\/users\/1"}],"replies":[{"embeddable":true,"href":"https:\/\/biblian.is\/1981\/wp-json\/wp\/v2\/comments?post=1588"}],"version-history":[{"count":0,"href":"https:\/\/biblian.is\/1981\/wp-json\/wp\/v2\/pages\/1588\/revisions"}],"wp:attachment":[{"href":"https:\/\/biblian.is\/1981\/wp-json\/wp\/v2\/media?parent=1588"}],"curies":[{"name":"wp","href":"https:\/\/api.w.org\/{rel}","templated":true}]}}