{"id":1587,"date":"2017-11-18T20:17:55","date_gmt":"2017-11-18T20:17:55","guid":{"rendered":"http:\/\/biblian.is\/1981\/fyrri-samuelsbok-5-kafli\/"},"modified":"2021-06-06T10:57:23","modified_gmt":"2021-06-06T10:57:23","slug":"fyrri-samuelsbok-5-kafli","status":"publish","type":"page","link":"https:\/\/biblian.is\/1981\/fyrri-samuelsbok-5-kafli\/","title":{"rendered":"Fyrri Sam\u00faelsb\u00f3k 5. kafli"},"content":{"rendered":"<p><a name=\"1\"><span class=\"versanumer\">1<\/span><\/a>Filistar h\u00f6f\u00f0u teki\u00f0 Gu\u00f0s \u00f6rk og flutt hana fr\u00e1 Ebeneser til Asd\u00f3d.<a name=\"2\"><span class=\"versanumer\">2<\/span><\/a>N\u00fa t\u00f3ku \u00feeir Gu\u00f0s \u00f6rk og fluttu hana \u00ed musteri Dag\u00f3ns og settu hana vi\u00f0 hli\u00f0ina \u00e1 Dag\u00f3n.<a name=\"3\"><span class=\"versanumer\">3<\/span><\/a>En er Asd\u00f3d-menn risu \u00e1rla morguninn eftir, sj\u00e1, \u00fe\u00e1 l\u00e1 Dag\u00f3n \u00e1 gr\u00fafu \u00e1 g\u00f3lfinu fyrir framan \u00f6rk Drottins. T\u00f3ku \u00feeir \u00fe\u00e1 Dag\u00f3n og settu hann aftur \u00e1 sinn sta\u00f0.<a name=\"4\"><span class=\"versanumer\">4<\/span><\/a>Og \u00feeir risu \u00e1rla um morguninn daginn eftir, og sj\u00e1, \u00fe\u00e1 l\u00e1 Dag\u00f3n \u00e1 gr\u00fafu \u00e1 g\u00f3lfinu fyrir framan \u00f6rk Drottins. H\u00f6fu\u00f0 Dag\u00f3ns og b\u00e1\u00f0ar hendur voru brotnar af honum og l\u00e1gu \u00e1 \u00fer\u00f6skuldinum, bolurinn einn var eftir af Dag\u00f3n.<a name=\"5\"><span class=\"versanumer\">5<\/span><\/a>Fyrir \u00fev\u00ed st\u00edga prestar Dag\u00f3ns og allir \u00feeir, sem ganga inn \u00ed musteri Dag\u00f3ns, ekki \u00e1 \u00fer\u00f6skuld Dag\u00f3ns \u00ed Asd\u00f3d, og helst \u00fea\u00f0 enn \u00ed dag.<a name=\"6\"><span class=\"versanumer\">6<\/span><\/a>H\u00f6nd Drottins l\u00e1 \u00feungt \u00e1 Asd\u00f3d-m\u00f6nnum, hann skelfdi \u00fe\u00e1 og sl\u00f3 \u00fe\u00e1 me\u00f0 k\u00fdlum, b\u00e6\u00f0i Asd\u00f3d og h\u00e9ra\u00f0i\u00f0 umhverfis.<a name=\"7\"><span class=\"versanumer\">7<\/span><\/a>En \u00feegar Asd\u00f3d-b\u00faar s\u00e1u, a\u00f0 \u00feetta var \u00feannig, \u00fe\u00e1 s\u00f6g\u00f0u \u00feeir: \u00d6rk \u00cdsraels Gu\u00f0s skal eigi lengur hj\u00e1 oss vera, \u00fev\u00ed a\u00f0 h\u00f6r\u00f0 er h\u00f6nd hans \u00e1 oss og \u00e1 Dag\u00f3n, gu\u00f0i vorum.<a name=\"8\"><span class=\"versanumer\">8<\/span><\/a>\u00de\u00e1 gj\u00f6r\u00f0u \u00feeir \u00fat sendimenn og s\u00f6fnu\u00f0u saman \u00f6llum h\u00f6f\u00f0ingjum Filista til s\u00edn og s\u00f6g\u00f0u: Hva\u00f0 eigum v\u00e9r a\u00f0 gj\u00f6ra vi\u00f0 \u00f6rk \u00cdsraels Gu\u00f0s? \u00deeir s\u00f6g\u00f0u: Flytja skal \u00f6rk \u00cdsraels Gu\u00f0s til Gat. Og \u00feeir fluttu \u00f6rk \u00cdsraels Gu\u00f0s \u00feanga\u00f0.<a name=\"9\"><span class=\"versanumer\">9<\/span><\/a>En eftir a\u00f0 \u00feeir h\u00f6f\u00f0u flutt hana \u00feanga\u00f0, \u00fe\u00e1 kom h\u00f6nd Drottins yfir borgina me\u00f0 feikna mikilli skelfingu. Hann sl\u00f3 borgarb\u00faa, b\u00e6\u00f0i sm\u00e1a og st\u00f3ra, svo a\u00f0 k\u00fdli brutust \u00fat um \u00fe\u00e1.<a name=\"10\"><span class=\"versanumer\">10<\/span><\/a>\u00de\u00e1 sendu \u00feeir Gu\u00f0s \u00f6rk til Ekron. En er Gu\u00f0s \u00f6rk kom til Ekron, \u00fe\u00e1 kveinu\u00f0u Ekroningar og s\u00f6g\u00f0u: \u00deeir hafa flutt til m\u00edn \u00f6rk \u00cdsraels Gu\u00f0s til \u00feess a\u00f0 dey\u00f0a mig og f\u00f3lk mitt!<a name=\"11\"><span class=\"versanumer\">11<\/span><\/a>\u00de\u00e1 gj\u00f6r\u00f0u \u00feeir \u00fat sendimenn og s\u00f6fnu\u00f0u saman \u00f6llum h\u00f6f\u00f0ingjum Filista og s\u00f6g\u00f0u: Sendi\u00f0 burt \u00f6rk \u00cdsraels Gu\u00f0s, svo a\u00f0 h\u00fan komist \u00e1 sinn sta\u00f0 og dey\u00f0i mig ekki og f\u00f3lk mitt. \u00dev\u00ed a\u00f0 dau\u00f0ans angist haf\u00f0i gripi\u00f0 alla borgina. H\u00f6nd Gu\u00f0s l\u00e1 \u00fear mj\u00f6g \u00feungt \u00e1.<a name=\"12\"><span class=\"versanumer\">12<\/span><\/a>\u00deeir menn, sem eigi d\u00f3u, ur\u00f0u slegnir k\u00fdlum, og kvein borgarinnar st\u00e9 upp til himins.<\/p>\n<div class=\"footnote1981\"><b>5.3<\/b> \u00c1 gr\u00fafu sbr Jes 19.1; 46.1; Slm 97.7; Vdan 3.27<br \/>\n<b>5.6<\/b> Sl\u00f3 me\u00f0 k\u00fdlum Slm 78.66<br \/>\n<b>5.10<\/b> Dey\u00f0a okkur 2M\u00f3s 10.7<\/div>\n","protected":false},"excerpt":{"rendered":"<p>1Filistar h\u00f6f\u00f0u teki\u00f0 Gu\u00f0s \u00f6rk og flutt hana fr\u00e1 Ebeneser til Asd\u00f3d.2N\u00fa t\u00f3ku \u00feeir Gu\u00f0s \u00f6rk og fluttu hana \u00ed musteri Dag\u00f3ns og settu hana vi\u00f0 hli\u00f0ina \u00e1 Dag\u00f3n.3En er Asd\u00f3d-menn risu \u00e1rla morguninn eftir, sj\u00e1, \u00fe\u00e1 l\u00e1 Dag\u00f3n \u00e1 gr\u00fafu \u00e1 g\u00f3lfinu fyrir framan \u00f6rk Drottins. T\u00f3ku \u00feeir \u00fe\u00e1 Dag\u00f3n og settu hann aftur \u00e1 sinn sta\u00f0.4Og \u00feeir risu \u00e1rla um morguninn daginn eftir, og sj\u00e1, \u00fe\u00e1 l\u00e1 Dag\u00f3n \u00e1 gr\u00fafu \u00e1 g\u00f3lfinu fyrir framan \u00f6rk Drottins. H\u00f6fu\u00f0 Dag\u00f3ns og b\u00e1\u00f0ar hendur voru brotnar af honum og l\u00e1gu \u00e1 \u00fer\u00f6skuldinum, bolurinn einn var eftir af Dag\u00f3n.5Fyrir \u00fev\u00ed st\u00edga prestar <a href=\"https:\/\/biblian.is\/1981\/fyrri-samuelsbok-5-kafli\/\"> [&#8230;]<\/a><\/p>\n","protected":false},"author":1,"featured_media":0,"parent":0,"menu_order":0,"comment_status":"open","ping_status":"open","template":"bibliukaflar.php","meta":{"footnotes":""},"class_list":["post-1587","page","type-page","status-publish","hentry"],"_links":{"self":[{"href":"https:\/\/biblian.is\/1981\/wp-json\/wp\/v2\/pages\/1587","targetHints":{"allow":["GET"]}}],"collection":[{"href":"https:\/\/biblian.is\/1981\/wp-json\/wp\/v2\/pages"}],"about":[{"href":"https:\/\/biblian.is\/1981\/wp-json\/wp\/v2\/types\/page"}],"author":[{"embeddable":true,"href":"https:\/\/biblian.is\/1981\/wp-json\/wp\/v2\/users\/1"}],"replies":[{"embeddable":true,"href":"https:\/\/biblian.is\/1981\/wp-json\/wp\/v2\/comments?post=1587"}],"version-history":[{"count":0,"href":"https:\/\/biblian.is\/1981\/wp-json\/wp\/v2\/pages\/1587\/revisions"}],"wp:attachment":[{"href":"https:\/\/biblian.is\/1981\/wp-json\/wp\/v2\/media?parent=1587"}],"curies":[{"name":"wp","href":"https:\/\/api.w.org\/{rel}","templated":true}]}}