{"id":1585,"date":"2017-11-18T20:17:50","date_gmt":"2017-11-18T20:17:50","guid":{"rendered":"http:\/\/biblian.is\/1981\/fyrri-samuelsbok-3-kafli\/"},"modified":"2021-06-06T10:57:22","modified_gmt":"2021-06-06T10:57:22","slug":"fyrri-samuelsbok-3-kafli","status":"publish","type":"page","link":"https:\/\/biblian.is\/1981\/fyrri-samuelsbok-3-kafli\/","title":{"rendered":"Fyrri Sam\u00faelsb\u00f3k 3. kafli"},"content":{"rendered":"<p><a name=\"1\"><span class=\"versanumer\">1<\/span><\/a>Sveinninn Sam\u00fael gegndi \u00fej\u00f3nustu Drottins hj\u00e1 El\u00ed. Or\u00f0 fr\u00e1 Drottni var sjaldg\u00e6ft \u00e1 \u00feeim d\u00f6gum, vitranir voru \u00fe\u00e1 f\u00e1t\u00ed\u00f0ar.<a name=\"2\"><span class=\"versanumer\">2<\/span><\/a>\u00de\u00e1 bar svo til einn dag, a\u00f0 El\u00ed svaf \u00e1 s\u00ednum vanalega sta\u00f0. En augu hans voru tekin a\u00f0 daprast, svo a\u00f0 hann var h\u00e6ttur a\u00f0 sj\u00e1,<a name=\"3\"><span class=\"versanumer\">3<\/span><\/a>og enn var ekki slokkna\u00f0 \u00e1 Gu\u00f0s lampa, en Sam\u00fael svaf \u00ed musteri Drottins, \u00fear sem Gu\u00f0s \u00f6rk var.<a name=\"4\"><span class=\"versanumer\">4<\/span><\/a>\u00de\u00e1 kalla\u00f0i Drottinn \u00e1 Sam\u00fael. Hann svara\u00f0i: H\u00e9r er \u00e9g.<a name=\"5\"><span class=\"versanumer\">5<\/span><\/a>Og hann hlj\u00f3p til El\u00ed og sag\u00f0i: H\u00e9r er \u00e9g, \u00fev\u00ed a\u00f0 \u00fe\u00fa kalla\u00f0ir \u00e1 mig. En El\u00ed sag\u00f0i: \u00c9g hefi ekki kalla\u00f0. Far \u00fe\u00fa aftur a\u00f0 sofa. F\u00f3r hann \u00fe\u00e1 og lag\u00f0ist til svefns.<a name=\"6\"><span class=\"versanumer\">6<\/span><\/a>En Drottinn kalla\u00f0i enn a\u00f0 n\u00fdju: Sam\u00fael! Og Sam\u00fael reis upp og f\u00f3r til El\u00ed og sag\u00f0i: H\u00e9r er \u00e9g, \u00fev\u00ed a\u00f0 \u00fe\u00fa kalla\u00f0ir \u00e1 mig. En hann sag\u00f0i: \u00c9g hefi ekki kalla\u00f0, sonur minn. Leggst \u00fe\u00fa aftur til svefns.<a name=\"7\"><span class=\"versanumer\">7<\/span><\/a>En Sam\u00fael \u00feekkti ekki enn Drottin, og honum haf\u00f0i ekki enn birst or\u00f0 fr\u00e1 Drottni.<a name=\"8\"><span class=\"versanumer\">8<\/span><\/a>\u00de\u00e1 kalla\u00f0i Drottinn enn \u00e1 Sam\u00fael, \u00ed \u00feri\u00f0ja skipti\u00f0. Og hann reis upp og f\u00f3r til El\u00ed og sag\u00f0i: H\u00e9r er \u00e9g, \u00fev\u00ed a\u00f0 \u00fe\u00fa kalla\u00f0ir \u00e1 mig. \u00de\u00e1 skildi El\u00ed, a\u00f0 \u00fea\u00f0 var Drottinn, sem var a\u00f0 kalla \u00e1 sveininn.<a name=\"9\"><span class=\"versanumer\">9<\/span><\/a>Fyrir \u00fev\u00ed sag\u00f0i El\u00ed vi\u00f0 Sam\u00fael: Far \u00fe\u00fa og leggstu til svefns, og ver\u00f0i n\u00fa \u00e1 \u00feig kalla\u00f0, \u00fe\u00e1 svara \u00fe\u00fa: Tala \u00fe\u00fa, Drottinn, \u00fev\u00ed a\u00f0 \u00fej\u00f3nn \u00feinn heyrir. F\u00f3r Sam\u00fael \u00fe\u00e1 og lag\u00f0ist til svefns \u00e1 s\u00ednum sta\u00f0.<a name=\"10\"><span class=\"versanumer\">10<\/span><\/a>\u00de\u00e1 kom Drottinn og gekk fram og kalla\u00f0i sem hin fyrri skiptin: Sam\u00fael! Sam\u00fael! Og Sam\u00fael svara\u00f0i: Tala \u00fe\u00fa, \u00fev\u00ed a\u00f0 \u00fej\u00f3nn \u00feinn heyrir.<a name=\"11\"><span class=\"versanumer\">11<\/span><\/a>Drottinn m\u00e6lti \u00fe\u00e1 vi\u00f0 Sam\u00fael: \u00de\u00e1 hluti mun \u00e9g gj\u00f6ra \u00ed \u00cdsrael, a\u00f0 \u00f3ma mun fyrir b\u00e1\u00f0um eyrum allra \u00feeirra, er \u00fea\u00f0 heyra.<a name=\"12\"><span class=\"versanumer\">12<\/span><\/a>\u00c1 \u00feeim degi mun \u00e9g l\u00e1ta fram koma \u00e1 El\u00ed allt \u00fea\u00f0, er \u00e9g hefi tala\u00f0 um h\u00fas hans fr\u00e1 upphafi til enda.<a name=\"13\"><span class=\"versanumer\">13<\/span><\/a>\u00dev\u00ed a\u00f0 \u00e9g hefi kunngj\u00f6rt honum, a\u00f0 \u00e9g muni d\u00e6ma h\u00fas hans a\u00f0 eil\u00edfu vegna misgj\u00f6r\u00f0ar \u00feeirrar, er honum var kunn, a\u00f0 synir hans leiddu b\u00f6lvun yfir sig, og \u00fe\u00f3 haf\u00f0i hann ekki taum \u00e1 \u00feeim.<a name=\"14\"><span class=\"versanumer\">14<\/span><\/a>Og fyrir \u00fev\u00ed hefi \u00e9g svari\u00f0 h\u00fasi El\u00ed: Sannlega skal eigi ver\u00f0a fri\u00f0\u00fe\u00e6gt fyrir misgj\u00f6r\u00f0 El\u00ed h\u00fass me\u00f0 sl\u00e1turf\u00f3rn e\u00f0a matf\u00f3rn a\u00f0 eil\u00edfu.<a name=\"15\"><span class=\"versanumer\">15<\/span><\/a>L\u00e1 Sam\u00fael n\u00fa kyrr allt til morguns. Og um morguninn reis hann \u00e1rla og lauk upp dyrunum \u00e1 h\u00fasi Drottins. En Sam\u00fael \u00feor\u00f0i ekki a\u00f0 segja El\u00ed fr\u00e1 s\u00fdninni.<a name=\"16\"><span class=\"versanumer\">16<\/span><\/a>El\u00ed kalla\u00f0i \u00e1 Sam\u00fael og sag\u00f0i: Sam\u00fael, sonur minn! Hann svara\u00f0i: H\u00e9r er \u00e9g.<a name=\"17\"><span class=\"versanumer\">17<\/span><\/a>El\u00ed sag\u00f0i: Hva\u00f0 var \u00fea\u00f0, sem hann tala\u00f0i vi\u00f0 \u00feig? Leyndu mig \u00fev\u00ed ekki. Gu\u00f0 l\u00e1ti \u00feig gjalda \u00feess n\u00fa og s\u00ed\u00f0ar, ef \u00fe\u00fa leynir mig nokkru af \u00fev\u00ed, sem hann tala\u00f0i vi\u00f0 \u00feig.<a name=\"18\"><span class=\"versanumer\">18<\/span><\/a>\u00de\u00e1 sag\u00f0i Sam\u00fael honum allt saman og leyndi hann engu. En El\u00ed sag\u00f0i: Hann er Drottinn. Gj\u00f6ri hann \u00fea\u00f0, sem honum \u00fe\u00f3knast!<a name=\"19\"><span class=\"versanumer\">19<\/span><\/a>Sam\u00fael \u00f3x, og Drottinn var me\u00f0 honum og l\u00e9t ekkert af \u00fev\u00ed, er hann haf\u00f0i bo\u00f0a\u00f0, falla til jar\u00f0ar.<a name=\"20\"><span class=\"versanumer\">20<\/span><\/a>Og allur \u00cdsrael fr\u00e1 Dan til Beerseba kanna\u00f0ist vi\u00f0, a\u00f0 Sam\u00fael v\u00e6ri fali\u00f0 a\u00f0 vera sp\u00e1ma\u00f0ur Drottins.<a name=\"21\"><span class=\"versanumer\">21<\/span><\/a>Og Drottinn h\u00e9lt \u00e1fram a\u00f0 birtast \u00ed S\u00edl\u00f3, og Drottinn opinbera\u00f0ist Sam\u00fael \u00ed S\u00edl\u00f3 me\u00f0 or\u00f0i s\u00ednu.<\/p>\n<div class=\"footnote1981\"><b>3.4<\/b> Drottinn kalla\u00f0i 1M\u00f3s 22.1; 31.11; 2M\u00f3s 3.4; Jes 6.8<br \/>\n<b>3.11<\/b> \u00d3ma fyrir eyrum 2Kon 21.12; Jer 19.3<br \/>\n<b>3.12<\/b> Allt sem \u00e9g hef \u00f3gna\u00f0 1Sam 2-27-36<br \/>\n<b>3.14<\/b> Aldrei b\u00e6tt fyrir 1.J\u00f3h 5.16+<br \/>\n<b>3.18<\/b> Sem honum \u00fe\u00f3knast 2Sam 10.12; Job 1.21<br \/>\n<b>3.20<\/b> Sam\u00fael sp\u00e1ma\u00f0ur 2Kro 35.18; Post 13.20<\/div>\n","protected":false},"excerpt":{"rendered":"<p>1Sveinninn Sam\u00fael gegndi \u00fej\u00f3nustu Drottins hj\u00e1 El\u00ed. Or\u00f0 fr\u00e1 Drottni var sjaldg\u00e6ft \u00e1 \u00feeim d\u00f6gum, vitranir voru \u00fe\u00e1 f\u00e1t\u00ed\u00f0ar.2\u00de\u00e1 bar svo til einn dag, a\u00f0 El\u00ed svaf \u00e1 s\u00ednum vanalega sta\u00f0. En augu hans voru tekin a\u00f0 daprast, svo a\u00f0 hann var h\u00e6ttur a\u00f0 sj\u00e1,3og enn var ekki slokkna\u00f0 \u00e1 Gu\u00f0s lampa, en Sam\u00fael svaf \u00ed musteri Drottins, \u00fear sem Gu\u00f0s \u00f6rk var.4\u00de\u00e1 kalla\u00f0i Drottinn \u00e1 Sam\u00fael. Hann svara\u00f0i: H\u00e9r er \u00e9g.5Og hann hlj\u00f3p til El\u00ed og sag\u00f0i: H\u00e9r er \u00e9g, \u00fev\u00ed a\u00f0 \u00fe\u00fa kalla\u00f0ir \u00e1 mig. En El\u00ed sag\u00f0i: \u00c9g hefi ekki kalla\u00f0. Far \u00fe\u00fa aftur a\u00f0 sofa. F\u00f3r <a href=\"https:\/\/biblian.is\/1981\/fyrri-samuelsbok-3-kafli\/\"> [&#8230;]<\/a><\/p>\n","protected":false},"author":1,"featured_media":0,"parent":0,"menu_order":0,"comment_status":"open","ping_status":"open","template":"bibliukaflar.php","meta":{"footnotes":""},"class_list":["post-1585","page","type-page","status-publish","hentry"],"_links":{"self":[{"href":"https:\/\/biblian.is\/1981\/wp-json\/wp\/v2\/pages\/1585","targetHints":{"allow":["GET"]}}],"collection":[{"href":"https:\/\/biblian.is\/1981\/wp-json\/wp\/v2\/pages"}],"about":[{"href":"https:\/\/biblian.is\/1981\/wp-json\/wp\/v2\/types\/page"}],"author":[{"embeddable":true,"href":"https:\/\/biblian.is\/1981\/wp-json\/wp\/v2\/users\/1"}],"replies":[{"embeddable":true,"href":"https:\/\/biblian.is\/1981\/wp-json\/wp\/v2\/comments?post=1585"}],"version-history":[{"count":0,"href":"https:\/\/biblian.is\/1981\/wp-json\/wp\/v2\/pages\/1585\/revisions"}],"wp:attachment":[{"href":"https:\/\/biblian.is\/1981\/wp-json\/wp\/v2\/media?parent=1585"}],"curies":[{"name":"wp","href":"https:\/\/api.w.org\/{rel}","templated":true}]}}