{"id":1584,"date":"2017-11-18T20:17:50","date_gmt":"2017-11-18T20:17:50","guid":{"rendered":"http:\/\/biblian.is\/1981\/fyrri-samuelsbok-2-kafli\/"},"modified":"2021-06-06T10:57:18","modified_gmt":"2021-06-06T10:57:18","slug":"fyrri-samuelsbok-2-kafli","status":"publish","type":"page","link":"https:\/\/biblian.is\/1981\/fyrri-samuelsbok-2-kafli\/","title":{"rendered":"Fyrri Sam\u00faelsb\u00f3k 2. kafli"},"content":{"rendered":"<p><a name=\"1\"><span class=\"versanumer\">1<\/span><\/a>Hanna gj\u00f6r\u00f0i b\u00e6n s\u00edna og m\u00e6lti: Hjarta mitt fagnar \u00ed Drottni, horn mitt er h\u00e1tt upp hafi\u00f0 fyrir fulltingi Gu\u00f0s m\u00edns. Munnur minn er upp lokinn gegn \u00f3vinum m\u00ednum, \u00fev\u00ed a\u00f0 \u00e9g gle\u00f0st yfir \u00feinni hj\u00e1lp.<a name=\"2\"><span class=\"versanumer\">2<\/span><\/a>Enginn er heilagur sem Drottinn, \u00fev\u00ed a\u00f0 enginn er til nema \u00fe\u00fa, ekkert bjarg er til sem vor Gu\u00f0.<a name=\"3\"><span class=\"versanumer\">3<\/span><\/a>M\u00e6li\u00f0 eigi \u00e1n afl\u00e1ts drambyr\u00f0i, \u00f3sv\u00edfni komi eigi \u00fat af munni y\u00f0ar. \u00dev\u00ed a\u00f0 Drottinn er Gu\u00f0, sem allt veit, og af honum eru verkin vegin.<a name=\"4\"><span class=\"versanumer\">4<\/span><\/a>Bogi kappanna er sundur brotinn, en m\u00e1ttfarnir menn gyr\u00f0ast styrkleika.<a name=\"5\"><span class=\"versanumer\">5<\/span><\/a>Mettir leigja sig fyrir brau\u00f0, en hungra\u00f0ir nj\u00f3ta hv\u00edldar. \u00d3byrjan f\u00e6\u00f0ir jafnvel sj\u00f6, en margra barna m\u00f3\u00f0irin mornar og \u00feornar.<a name=\"6\"><span class=\"versanumer\">6<\/span><\/a>Drottinn dey\u00f0ir og l\u00edfgar, f\u00e6rir til Heljar ni\u00f0ur og lei\u00f0ir upp \u00fea\u00f0an.<a name=\"7\"><span class=\"versanumer\">7<\/span><\/a>Drottinn gj\u00f6rir f\u00e1t\u00e6kan og r\u00edkan, ni\u00f0url\u00e6gir og upphefur.<a name=\"8\"><span class=\"versanumer\">8<\/span><\/a>Hann reisir hinn l\u00edtilm\u00f3tlega \u00far duftinu, lyftir hinum snau\u00f0a upp \u00far skarninu, lei\u00f0ir \u00fe\u00e1 til s\u00e6tis hj\u00e1 \u00fej\u00f3\u00f0h\u00f6f\u00f0ingjum og setur \u00fe\u00e1 \u00e1 tignarst\u00f3l. \u00dev\u00ed a\u00f0 Drottni heyra st\u00f3lpar jar\u00f0arinnar, \u00e1 \u00fe\u00e1 setti hann jar\u00f0r\u00edki\u00f0.<a name=\"9\"><span class=\"versanumer\">9<\/span><\/a>F\u00e6tur sinna gu\u00f0hr\u00e6ddu var\u00f0veitir hann, en hinir gu\u00f0lausu farast \u00ed myrkri, \u00fev\u00ed a\u00f0 fyrir eigin m\u00e1tt sigrar enginn.<a name=\"10\"><span class=\"versanumer\">10<\/span><\/a>\u00deeir sem berjast m\u00f3ti Drottni, ver\u00f0a sundur mola\u00f0ir, hann l\u00e6tur \u00ferumur af himni koma yfir \u00fe\u00e1. Drottinn d\u00e6mir endim\u00f6rk jar\u00f0arinnar. Hann veitir kraft konungi s\u00ednum og lyftir upp horni s\u00edns smur\u00f0a.<a name=\"11\"><span class=\"versanumer\">11<\/span><\/a>S\u00ed\u00f0an f\u00f3r Elkana heim til s\u00edn \u00ed Rama, en sveinninn gegndi \u00fej\u00f3nustu Drottins hj\u00e1 El\u00ed presti.<a name=\"12\"><span class=\"versanumer\">12<\/span><\/a>Synir El\u00ed voru hrakmenni. \u00deeir skeyttu ekki um Drottin,<a name=\"13\"><span class=\"versanumer\">13<\/span><\/a>n\u00e9 hva\u00f0 prestinum bar me\u00f0 r\u00e9ttu af h\u00e1lfu l\u00fd\u00f0sins. Hven\u00e6r sem einhver f\u00e6r\u00f0i sl\u00e1turf\u00f3rn, \u00fe\u00e1 kom sveinn prestsins, me\u00f0an veri\u00f0 var a\u00f0 sj\u00f3\u00f0a kj\u00f6ti\u00f0, me\u00f0 \u00fer\u00edtenntan fork \u00ed hendinni<a name=\"14\"><span class=\"versanumer\">14<\/span><\/a>og rak hann ofan \u00ed ketilinn, e\u00f0a pottinn e\u00f0a su\u00f0up\u00f6nnuna e\u00f0a gr\u00fdtuna, og allt sem upp kom \u00e1 forkinum, \u00fea\u00f0 t\u00f3k presturinn handa s\u00e9r. Svo f\u00f3ru \u00feeir me\u00f0 alla \u00cdsraelsmenn, sem komu \u00feanga\u00f0 til S\u00edl\u00f3.<a name=\"15\"><span class=\"versanumer\">15<\/span><\/a>Meira a\u00f0 segja, \u00e1\u00f0ur en fitan var brennd, kom sveinn prestsins og sag\u00f0i vi\u00f0 \u00feann, sem f\u00f3rna\u00f0i: Gef m\u00e9r kj\u00f6t til \u00feess a\u00f0 steikja handa prestinum. Hann vill ekki taka vi\u00f0 so\u00f0nu kj\u00f6ti af \u00fe\u00e9r, heldur hr\u00e1u.<a name=\"16\"><span class=\"versanumer\">16<\/span><\/a>&#8222;Seg\u00f0i ma\u00f0urinn \u00fe\u00e1 vi\u00f0 hann: Fyrst ver\u00f0ur \u00fe\u00f3 a\u00f0 brenna fituna; tak s\u00ed\u00f0an sl\u00edkt er \u00fe\u00fa girnist! \u00fe\u00e1 svara\u00f0i hann: Nei, heldur skalt \u00fe\u00fa gefa \u00fea\u00f0 n\u00fa \u00feegar, ella mun \u00e9g taka \u00fea\u00f0 me\u00f0 valdi.&#8220;<a name=\"17\"><span class=\"versanumer\">17<\/span><\/a>Synd hinna ungu manna var mj\u00f6g mikil frammi fyrir Drottni, \u00fev\u00ed a\u00f0 \u00feeir l\u00edtilsvirtu f\u00f3rn Drottins.<a name=\"18\"><span class=\"versanumer\">18<\/span><\/a>En Sam\u00fael gegndi \u00fej\u00f3nustu frammi fyrir Drottni sem ungur sveinn, skr\u00fdddur l\u00ednh\u00f6kli.<a name=\"19\"><span class=\"versanumer\">19<\/span><\/a>Og m\u00f3\u00f0ir hans var v\u00f6n a\u00f0 gj\u00f6ra honum l\u00edtinn m\u00f6ttul og f\u00e6r\u00f0i honum hann \u00e1 \u00e1ri hverju, \u00fe\u00e1 er h\u00fan kom me\u00f0 manni s\u00ednum til \u00feess a\u00f0 f\u00e6ra hina \u00e1rlegu f\u00f3rn.<a name=\"20\"><span class=\"versanumer\">20<\/span><\/a>\u00de\u00e1 blessa\u00f0i El\u00ed Elkana og konu hans og sag\u00f0i: Drottinn gefi \u00fe\u00e9r afkv\u00e6mi vi\u00f0 \u00feessari konu \u00ed sta\u00f0 hans, er l\u00e9\u00f0ur var Drottni. S\u00ed\u00f0an f\u00f3ru \u00feau heim til s\u00edn.<a name=\"21\"><span class=\"versanumer\">21<\/span><\/a>Og Drottinn vitja\u00f0i H\u00f6nnu, og h\u00fan var\u00f0 \u00feungu\u00f0 og f\u00e6ddi \u00ferj\u00e1 sonu og tv\u00e6r d\u00e6tur. En sveinninn Sam\u00fael \u00f3x upp hj\u00e1 Drottni.<a name=\"22\"><span class=\"versanumer\">22<\/span><\/a>El\u00ed gj\u00f6r\u00f0ist mj\u00f6g gamall og heyr\u00f0i allt um \u00fea\u00f0, hvernig synir hans f\u00f3ru me\u00f0 allan \u00cdsrael og a\u00f0 \u00feeir leg\u00f0ust me\u00f0 konum \u00feeim, sem gegndu \u00fej\u00f3nustu vi\u00f0 dyr samfundatjaldsins.<a name=\"23\"><span class=\"versanumer\">23<\/span><\/a>Og hann sag\u00f0i vi\u00f0 \u00fe\u00e1: Hvers vegna heg\u00f0i\u00f0 \u00fei\u00f0 ykkur svo? \u00dev\u00ed a\u00f0 \u00e9g hefi heyrt allan \u00feennan l\u00fd\u00f0 tala um illt ath\u00e6fi ykkar.<a name=\"24\"><span class=\"versanumer\">24<\/span><\/a>Eigi m\u00e1 svo vera, synir m\u00ednir! \u00dea\u00f0 er ekki fallegur or\u00f0r\u00f3mur, sem \u00e9g heyri l\u00fd\u00f0 Drottins vera a\u00f0 brei\u00f0a \u00fat.<a name=\"25\"><span class=\"versanumer\">25<\/span><\/a>Syndgi ma\u00f0ur \u00e1 m\u00f3ti \u00f6\u00f0rum manni, \u00fe\u00e1 sker Gu\u00f0 \u00far, en syndgi ma\u00f0ur m\u00f3ti Drottni, hver m\u00e1 \u00fe\u00e1 bi\u00f0ja honum l\u00edknar? En \u00feeir hl\u00fdddu ekki or\u00f0um f\u00f6\u00f0ur s\u00edns, \u00fev\u00ed a\u00f0 Drottinn vildi dey\u00f0a \u00fe\u00e1.<a name=\"26\"><span class=\"versanumer\">26<\/span><\/a>En sveinninn Sam\u00fael \u00f3x og \u00feroska\u00f0ist og var\u00f0 \u00e6 \u00feekkari b\u00e6\u00f0i Drottni og m\u00f6nnum.<a name=\"27\"><span class=\"versanumer\">27<\/span><\/a>Gu\u00f0sma\u00f0ur einn kom til El\u00ed og sag\u00f0i vi\u00f0 hann: Svo segir Drottinn: \u00c9g opinbera\u00f0i mig \u00e6ttm\u00f6nnum f\u00f6\u00f0ur \u00fe\u00edns, \u00fe\u00e1 er \u00feeir heyr\u00f0u til h\u00fasi Fara\u00f3s \u00ed Egyptalandi,<a name=\"28\"><span class=\"versanumer\">28<\/span><\/a>og \u00e9g valdi m\u00e9r \u00fe\u00e1 fyrir presta \u00far \u00f6llum \u00e6ttkv\u00edslum \u00cdsraels, til \u00feess a\u00f0 \u00feeir gengju upp a\u00f0 altari m\u00ednu til a\u00f0 f\u00e6ra reykelsisf\u00f3rn og b\u00e6ru h\u00f6kul frammi fyrir m\u00e9r, og \u00e9g hefi gefi\u00f0 h\u00fasi f\u00f6\u00f0ur \u00fe\u00edns allar eldf\u00f3rnir \u00cdsraelsmanna.<a name=\"29\"><span class=\"versanumer\">29<\/span><\/a>Hvers vegna f\u00f3tum tro\u00f0i\u00f0 \u00fe\u00e9r sl\u00e1turf\u00f3rnir m\u00ednar og matf\u00f3rnir, sem \u00e9g hefi fyrirskipa\u00f0 \u00ed b\u00fasta\u00f0 m\u00ednum? Og \u00fe\u00fa metur sonu \u00fe\u00edna meira en mig, er \u00fe\u00e9r feiti\u00f0 y\u00f0ur \u00e1 hinu besta af \u00f6llum f\u00f3rnum \u00cdsraels, l\u00fd\u00f0s m\u00edns!<a name=\"30\"><span class=\"versanumer\">30<\/span><\/a>Fyrir \u00fev\u00ed segir Drottinn, \u00cdsraels Gu\u00f0: \u00c9g hefi sagt: \u00deitt h\u00fas og h\u00fas f\u00f6\u00f0ur \u00fe\u00edns skal ganga fyrir augliti m\u00ednu eil\u00edflega. En n\u00fa segir Drottinn: \u00dea\u00f0 s\u00e9 fjarri m\u00e9r. \u00dev\u00ed a\u00f0 \u00e9g hei\u00f0ra \u00fe\u00e1, sem mig hei\u00f0ra, en \u00feeir, sem fyrirl\u00edta mig, munu til skammar ver\u00f0a.<a name=\"31\"><span class=\"versanumer\">31<\/span><\/a>Sj\u00e1, \u00feeir t\u00edmar munu koma, a\u00f0 \u00e9g sundurbr\u00fdt arm \u00feinn og arm \u00e6ttar \u00feinnar, svo a\u00f0 enginn ver\u00f0ur gamall \u00ed h\u00fasi \u00fe\u00ednu.<a name=\"32\"><span class=\"versanumer\">32<\/span><\/a>Og \u00fe\u00fa munt sj\u00e1 ofsj\u00f3num yfir \u00feeirri fars\u00e6ld, sem \u00cdsrael mun hlotnast, og aldrei framar skal nokkur ver\u00f0a gamall \u00ed h\u00fasi \u00fe\u00ednu.<a name=\"33\"><span class=\"versanumer\">33<\/span><\/a>En einum af \u00fe\u00ednum vil \u00e9g eigi \u00fatr\u00fdma fr\u00e1 altari m\u00ednu. En \u00e9g mun l\u00e1ta augu \u00fe\u00edn daprast og s\u00e1lu \u00fe\u00edna \u00f6rmagnast, og \u00f6ll vi\u00f0koma h\u00fass \u00fe\u00edns skal falla fyrir sver\u00f0i manna.<a name=\"34\"><span class=\"versanumer\">34<\/span><\/a>Og \u00feetta skal vera \u00fe\u00e9r merki\u00f0, sem koma mun fram \u00e1 b\u00e1\u00f0um sonum \u00fe\u00ednum, Hofn\u00ed og P\u00ednehas: \u00c1 sama degi munu \u00feeir b\u00e1\u00f0ir deyja.<a name=\"35\"><span class=\"versanumer\">35<\/span><\/a>En \u00e9g mun skipa m\u00e9r til handa tr\u00faan prest, og hann mun gj\u00f6ra a\u00f0 m\u00ednum vilja og m\u00ednu skapi. Honum mun \u00e9g reisa st\u00f6\u00f0ugt h\u00fas, og hann skal ganga fyrir augliti m\u00edns smur\u00f0a alla daga.<a name=\"36\"><span class=\"versanumer\">36<\/span><\/a>\u00de\u00e1 mun \u00fea\u00f0 ver\u00f0a, a\u00f0 hver s\u00e1, sem eftir er \u00ed h\u00fasi \u00fe\u00ednu, mun koma til a\u00f0 l\u00fata honum til \u00feess a\u00f0 f\u00e1 sm\u00e1skilding e\u00f0a brau\u00f0hleif, og segja: Kom \u00fe\u00fa m\u00e9r ni\u00f0ur vi\u00f0 eitthvert prestsemb\u00e6tti\u00f0, svo a\u00f0 \u00e9g f\u00e1i brau\u00f0bita a\u00f0 eta.<\/p>\n<div class=\"footnote1981\"><b>2.1-11<\/b> Hanna \u00feakkar Drottni L\u00fak 1.46-55<br \/>\n<b>2.1<\/b> Fagnar Jes 61.10; Slm 5.12 \u2013 upphafi\u00f0 Slm 89.18,25 \u2013 hj\u00e1lp Slm 9.15; 20.3<br \/>\n<b>2.2<\/b> Sem Drottinn 2M\u00f3s 15.11 \u2013 enginn Gu\u00f0 nema \u00fe\u00fa 2Sam 7.22; Jes 64.3 \u2013 klettur Slm 28.1+<br \/>\n<b>2.3<\/b> Hreyki\u00f0 ekki \u00ed or\u00f0um Slm 94.4 \u2013 Gu\u00f0, sem allt veit Slm 73.11 \u2013 Gu\u00f0 metur verkin Okv 16.2; 21.2 Brotinn bogi Slm 37.15 \u2013 styrkleiki Slm 18.33<br \/>\n<b>2.5<\/b> \u00d3byrjan f\u00e6\u00f0ir Slm 113.9<br \/>\n<b>2.6<\/b> Drottinn dey\u00f0ir og l\u00edfgar 5M\u00f3s 32.39; 2Kon 5.7 \u2013 sendir til Heljar &#8230; J\u00f3n 2.7; Slm 30.4; Sal 16.13<br \/>\n<b>2.7<\/b> Ni\u00f0url\u00e6gir og upphefur Fil 2.8-9<br \/>\n<b>2.8<\/b> Lyftir hinum auma Slm 113.7-8 \u2013 upp \u00far skarinu Job 2.8; 42.10 \u2013 sto\u00f0ir jar\u00f0arinnar Slm 75.4; Job 9.6<br \/>\n<b>2.10<\/b>  \u00derumur 1Sam 7.10; Slm 18.14 \u2013 Drottinn d\u00e6mir Slm 96.13; 98.9<br \/>\n<b>2.22<\/b> Unnu vi\u00f0 inngang 2M\u00f3s 38.8<br \/>\n<b>2.26<\/b> Sveinninn \u00f3x L\u00fak 2.52<br \/>\n<b>2.30<\/b> Hei\u00f0ra \u00fe\u00e1 Slm 18.26<br \/>\n<b>2.34<\/b> Deyja 1Sam 4.11<\/div>\n","protected":false},"excerpt":{"rendered":"<p>1Hanna gj\u00f6r\u00f0i b\u00e6n s\u00edna og m\u00e6lti: Hjarta mitt fagnar \u00ed Drottni, horn mitt er h\u00e1tt upp hafi\u00f0 fyrir fulltingi Gu\u00f0s m\u00edns. Munnur minn er upp lokinn gegn \u00f3vinum m\u00ednum, \u00fev\u00ed a\u00f0 \u00e9g gle\u00f0st yfir \u00feinni hj\u00e1lp.2Enginn er heilagur sem Drottinn, \u00fev\u00ed a\u00f0 enginn er til nema \u00fe\u00fa, ekkert bjarg er til sem vor Gu\u00f0.3M\u00e6li\u00f0 eigi \u00e1n afl\u00e1ts drambyr\u00f0i, \u00f3sv\u00edfni komi eigi \u00fat af munni y\u00f0ar. \u00dev\u00ed a\u00f0 Drottinn er Gu\u00f0, sem allt veit, og af honum eru verkin vegin.4Bogi kappanna er sundur brotinn, en m\u00e1ttfarnir menn gyr\u00f0ast styrkleika.5Mettir leigja sig fyrir brau\u00f0, en hungra\u00f0ir nj\u00f3ta hv\u00edldar. \u00d3byrjan f\u00e6\u00f0ir jafnvel sj\u00f6, <a href=\"https:\/\/biblian.is\/1981\/fyrri-samuelsbok-2-kafli\/\"> [&#8230;]<\/a><\/p>\n","protected":false},"author":1,"featured_media":0,"parent":0,"menu_order":0,"comment_status":"open","ping_status":"open","template":"bibliukaflar.php","meta":{"footnotes":""},"class_list":["post-1584","page","type-page","status-publish","hentry"],"_links":{"self":[{"href":"https:\/\/biblian.is\/1981\/wp-json\/wp\/v2\/pages\/1584","targetHints":{"allow":["GET"]}}],"collection":[{"href":"https:\/\/biblian.is\/1981\/wp-json\/wp\/v2\/pages"}],"about":[{"href":"https:\/\/biblian.is\/1981\/wp-json\/wp\/v2\/types\/page"}],"author":[{"embeddable":true,"href":"https:\/\/biblian.is\/1981\/wp-json\/wp\/v2\/users\/1"}],"replies":[{"embeddable":true,"href":"https:\/\/biblian.is\/1981\/wp-json\/wp\/v2\/comments?post=1584"}],"version-history":[{"count":0,"href":"https:\/\/biblian.is\/1981\/wp-json\/wp\/v2\/pages\/1584\/revisions"}],"wp:attachment":[{"href":"https:\/\/biblian.is\/1981\/wp-json\/wp\/v2\/media?parent=1584"}],"curies":[{"name":"wp","href":"https:\/\/api.w.org\/{rel}","templated":true}]}}