{"id":1583,"date":"2017-11-18T20:17:50","date_gmt":"2017-11-18T20:17:50","guid":{"rendered":"http:\/\/biblian.is\/1981\/fyrri-samuelsbok-1-kafli\/"},"modified":"2021-06-06T10:57:13","modified_gmt":"2021-06-06T10:57:13","slug":"fyrri-samuelsbok-1-kafli","status":"publish","type":"page","link":"https:\/\/biblian.is\/1981\/fyrri-samuelsbok-1-kafli\/","title":{"rendered":"Fyrri Sam\u00faelsb\u00f3k 1. kafli"},"content":{"rendered":"<p><a name=\"1\"><span class=\"versanumer\">1<\/span><\/a>&#8222;Ma\u00f0ur er nefndur Elkana. Hann var fr\u00e1 Ramata\u00edm-S\u00f3f\u00edm, fr\u00e1 Efra\u00edmfj\u00f6llum; hann var sonur Jer\u00f3hams El\u00edh\u00fasonar, T\u00f3h\u00fasonar, S\u00fafssonar Efra\u00edm\u00edta.&#8220;<a name=\"2\"><span class=\"versanumer\">2<\/span><\/a>Elkana \u00e1tti tv\u00e6r konur. H\u00e9t \u00f6nnur Hanna, en hin Peninna. Peninna \u00e1tti b\u00f6rn, en Hanna \u00e1tti engin b\u00f6rn.<a name=\"3\"><span class=\"versanumer\">3<\/span><\/a>\u00deessi ma\u00f0ur f\u00f3r \u00e1 \u00e1ri hverju \u00far borg sinni til \u00feess a\u00f0 bi\u00f0jast fyrir og til \u00feess a\u00f0 f\u00e6ra Drottni allsherjar f\u00f3rnir \u00ed S\u00edl\u00f3. En \u00fear voru b\u00e1\u00f0ir synir El\u00ed, Hofn\u00ed og P\u00ednehas, prestar Drottins.<a name=\"4\"><span class=\"versanumer\">4<\/span><\/a>\u00cd hvert sinn er Elkana f\u00f3rna\u00f0i, \u00fe\u00e1 gaf hann Peninnu, konu sinni, og \u00f6llum sonum hennar og d\u00e6trum sinn hlut hverju.<a name=\"5\"><span class=\"versanumer\">5<\/span><\/a>Hann gaf H\u00f6nnu ekki nema einn hlut, \u00fe\u00f3tt hann elska\u00f0i hana, en Drottinn haf\u00f0i loka\u00f0 m\u00f3\u00f0urkvi\u00f0i hennar.<a name=\"6\"><span class=\"versanumer\">6<\/span><\/a>Elja hennar skaprauna\u00f0i henni einnig til \u00feess a\u00f0 reita hana til rei\u00f0i, af \u00fev\u00ed a\u00f0 Drottinn haf\u00f0i loka\u00f0 m\u00f3\u00f0urkvi\u00f0i hennar.<a name=\"7\"><span class=\"versanumer\">7<\/span><\/a>Svo gj\u00f6r\u00f0i Elkana \u00e1r eftir \u00e1r, \u00ed hvert skipti sem \u00feau f\u00f3ru upp til h\u00fass Drottins, og \u00feannig skaprauna\u00f0i h\u00fan henni. Hanna gr\u00e9t og neytti eigi matar.<a name=\"8\"><span class=\"versanumer\">8<\/span><\/a>\u00de\u00e1 sag\u00f0i Elkana, ma\u00f0ur hennar, vi\u00f0 hana: Hanna, hv\u00ed gr\u00e6tur \u00fe\u00fa og hv\u00ed neytir \u00fe\u00fa eigi matar og hv\u00ed liggur svo illa \u00e1 \u00fe\u00e9r? Er \u00e9g \u00fe\u00e9r ekki betri en t\u00edu synir?<a name=\"9\"><span class=\"versanumer\">9<\/span><\/a>Og Hanna st\u00f3\u00f0 upp, \u00fe\u00e1 er \u00feau h\u00f6f\u00f0u eti\u00f0 \u00ed S\u00edl\u00f3 og \u00fe\u00e1 er \u00feau h\u00f6f\u00f0u drukki\u00f0. En El\u00ed prestur sat \u00e1 st\u00f3l vi\u00f0 dyrastafinn \u00e1 musteri Drottins.<a name=\"10\"><span class=\"versanumer\">10<\/span><\/a>Hanna var s\u00e1rhrygg. H\u00fan ba\u00f0 til Drottins og gr\u00e9t mj\u00f6g,<a name=\"11\"><span class=\"versanumer\">11<\/span><\/a>gj\u00f6r\u00f0i heit og m\u00e6lti: Drottinn allsherjar! Ef \u00fe\u00fa l\u00edtur \u00e1 eymd amb\u00e1ttar \u00feinnar og minnist m\u00edn og gleymir eigi amb\u00e1tt \u00feinni og gefur amb\u00e1tt \u00feinni son, \u00fe\u00e1 skal \u00e9g gefa hann Drottni alla daga \u00e6vi hans, og eigi skal rakhn\u00edfur koma \u00e1 h\u00f6fu\u00f0 honum.<a name=\"12\"><span class=\"versanumer\">12<\/span><\/a>Er h\u00fan gj\u00f6r\u00f0i lengi b\u00e6n s\u00edna fyrir augliti Drottins, og El\u00ed t\u00f3k eftir munni hennar,<a name=\"13\"><span class=\"versanumer\">13<\/span><\/a>&#8222;en Hanna m\u00e6ltist fyrir \u00ed hlj\u00f3\u00f0i; b\u00e6r\u00f0ust a\u00f0eins varirnar, en r\u00f6dd hennar heyr\u00f0ist ekki, \u00fe\u00e1 h\u00e9lt El\u00ed, a\u00f0 h\u00fan v\u00e6ri drukkin.&#8220;<a name=\"14\"><span class=\"versanumer\">14<\/span><\/a>\u00de\u00e1 sag\u00f0i El\u00ed vi\u00f0 hana: Hversu lengi \u00e6tlar \u00fe\u00fa a\u00f0 l\u00e1ta sj\u00e1 \u00feig drukkna? L\u00e1ttu v\u00edmuna renna af \u00fe\u00e9r!<a name=\"15\"><span class=\"versanumer\">15<\/span><\/a>Hanna svara\u00f0i og sag\u00f0i: Nei, herra minn, \u00e9g er kona me\u00f0 hrygg\u00f0 \u00ed hjarta. V\u00edn hefi \u00e9g ekki drukki\u00f0 n\u00e9 \u00e1fengan drykk, en \u00e9g hefi \u00fathellt hjarta m\u00ednu fyrir Drottni.<a name=\"16\"><span class=\"versanumer\">16<\/span><\/a>\u00c6tla \u00fe\u00fa eigi, a\u00f0 amb\u00e1tt \u00fe\u00edn s\u00e9 afhrak, \u00fev\u00ed a\u00f0 af m\u00ednum mikla harmi og trega hefi \u00e9g tala\u00f0 hinga\u00f0 til.<a name=\"17\"><span class=\"versanumer\">17<\/span><\/a>El\u00ed svara\u00f0i og sag\u00f0i: Far \u00fe\u00fa \u00ed fri\u00f0i. \u00cdsraels Gu\u00f0 mun veita \u00fe\u00e9r \u00fea\u00f0, er \u00fe\u00fa hefir be\u00f0i\u00f0 hann um.<a name=\"18\"><span class=\"versanumer\">18<\/span><\/a>Hanna m\u00e6lti: \u00d3 a\u00f0 amb\u00e1tt \u00fe\u00edn m\u00e6tti finna n\u00e1\u00f0 \u00ed augum \u00fe\u00ednum! S\u00ed\u00f0an f\u00f3r konan lei\u00f0ar sinnar og mata\u00f0ist og var eigi framar me\u00f0 d\u00f6pru brag\u00f0i.<a name=\"19\"><span class=\"versanumer\">19<\/span><\/a>Morguninn eftir risu \u00feau \u00e1rla og gj\u00f6r\u00f0u b\u00e6n s\u00edna fyrir augliti Drottins, sneru s\u00ed\u00f0an aftur og komu heim til Rama. Og Elkana kenndi H\u00f6nnu konu sinnar, og Drottinn minntist hennar.<a name=\"20\"><span class=\"versanumer\">20<\/span><\/a>Og er \u00e1r var li\u00f0i\u00f0, haf\u00f0i Hanna or\u00f0i\u00f0 \u00feungu\u00f0 og ali\u00f0 son, og h\u00fan nefndi hann Sam\u00fael, \u00fev\u00ed a\u00f0 \u00e9g hefi be\u00f0i\u00f0 Drottin um hann.<a name=\"21\"><span class=\"versanumer\">21<\/span><\/a>Elkana f\u00f3r n\u00fa me\u00f0 alla fj\u00f6lskyldu s\u00edna til \u00feess a\u00f0 f\u00e6ra Drottni hina \u00e1rlegu f\u00f3rn og \u00e1heit sitt.<a name=\"22\"><span class=\"versanumer\">22<\/span><\/a>En Hanna f\u00f3r ekki, heldur sag\u00f0i vi\u00f0 mann sinn: \u00c9g fer ekki fyrr en sveinninn er vaninn af brj\u00f3sti. \u00de\u00e1 fer \u00e9g me\u00f0 hann, svo a\u00f0 hann birtist fyrir augliti Drottins og ver\u00f0i \u00fear \u00e1vallt upp fr\u00e1 \u00fev\u00ed.<a name=\"23\"><span class=\"versanumer\">23<\/span><\/a>Elkana, ma\u00f0ur hennar, sag\u00f0i vi\u00f0 hana: Gj\u00f6r \u00fe\u00fa sem \u00fe\u00e9r vel l\u00edkar. Ver \u00fe\u00fa kyrr heima, uns \u00fe\u00fa hefir vani\u00f0 hann af brj\u00f3sti. Drottinn l\u00e1ti a\u00f0eins or\u00f0 \u00fe\u00edn r\u00e6tast. S\u00ed\u00f0an var konan kyrr heima og haf\u00f0i son sinn \u00e1 brj\u00f3sti, uns h\u00fan vandi hann af.<a name=\"24\"><span class=\"versanumer\">24<\/span><\/a>En er h\u00fan haf\u00f0i vani\u00f0 hann af brj\u00f3sti, f\u00f3r h\u00fan me\u00f0 hann og haf\u00f0i me\u00f0 s\u00e9r \u00feriggja \u00e1ra gamalt naut og eina efu mj\u00f6ls og legil v\u00edns. Og h\u00fan f\u00f3r me\u00f0 hann \u00ed h\u00fas Drottins \u00ed S\u00edl\u00f3. En sveinninn var \u00fe\u00e1 ungur.<a name=\"25\"><span class=\"versanumer\">25<\/span><\/a>\u00deau sl\u00e1tru\u00f0u nautinu og f\u00f3ru me\u00f0 sveininn til El\u00ed.<a name=\"26\"><span class=\"versanumer\">26<\/span><\/a>Og h\u00fan sag\u00f0i: Heyr, herra minn! Svo sannarlega sem \u00fe\u00fa lifir, herra minn, er \u00e9g kona s\u00fa, er st\u00f3\u00f0 h\u00e9r hj\u00e1 \u00fe\u00e9r til \u00feess a\u00f0 gj\u00f6ra b\u00e6n m\u00edna til Drottins.<a name=\"27\"><span class=\"versanumer\">27<\/span><\/a>Um svein \u00feennan gj\u00f6r\u00f0i \u00e9g b\u00e6n m\u00edna, og Drottinn veitti m\u00e9r b\u00e6n m\u00edna, sem \u00e9g ba\u00f0 hann um.<a name=\"28\"><span class=\"versanumer\">28<\/span><\/a>Fyrir \u00fev\u00ed vil \u00e9g og lj\u00e1 Drottni hann. Svo lengi sem hann lifir, skal hann vera Drottni l\u00e9\u00f0ur. Og \u00feau f\u00e9llu \u00fear fram fyrir Drottin.<\/p>\n<div class=\"footnote1981\"><b>1.2<\/b> Hanna \u00e1tti engin b\u00f6rn 1M\u00f3s 29.31<br \/>\n<b>1.3<\/b> \u00c1 hverju \u00e1ri 2M\u00f3s 23.17+ &#8211; S\u00edl\u00f3 D\u00f3m 21.19-23<br \/>\n<b>1.4<\/b> Sinn hlut hverju 5M\u00f3s 12.18<br \/>\n<b>1.6<\/b> Skaprauna\u00f0i henni 1M\u00f3s 16.4-6<br \/>\n<b>1.8<\/b> T\u00edu synir Rut 4.15<br \/>\n<b>1.11<\/b> Ney\u00f0 amb\u00e1ttar \u00feinnar L\u00fak 1.48<br \/>\n<b>1.13<\/b> Drukkin Post 2.13-15<br \/>\n<b>1.21<\/b> Heitf\u00f3rn 4M\u00f3s 30.14<br \/>\n<b>1.24<\/b> Naut, mj\u00f6l, v\u00edn 4M\u00f3s 15.8-10<\/div>\n","protected":false},"excerpt":{"rendered":"<p>1&#8222;Ma\u00f0ur er nefndur Elkana. Hann var fr\u00e1 Ramata\u00edm-S\u00f3f\u00edm, fr\u00e1 Efra\u00edmfj\u00f6llum; hann var sonur Jer\u00f3hams El\u00edh\u00fasonar, T\u00f3h\u00fasonar, S\u00fafssonar Efra\u00edm\u00edta.&#8220;2Elkana \u00e1tti tv\u00e6r konur. H\u00e9t \u00f6nnur Hanna, en hin Peninna. Peninna \u00e1tti b\u00f6rn, en Hanna \u00e1tti engin b\u00f6rn.3\u00deessi ma\u00f0ur f\u00f3r \u00e1 \u00e1ri hverju \u00far borg sinni til \u00feess a\u00f0 bi\u00f0jast fyrir og til \u00feess a\u00f0 f\u00e6ra Drottni allsherjar f\u00f3rnir \u00ed S\u00edl\u00f3. En \u00fear voru b\u00e1\u00f0ir synir El\u00ed, Hofn\u00ed og P\u00ednehas, prestar Drottins.4\u00cd hvert sinn er Elkana f\u00f3rna\u00f0i, \u00fe\u00e1 gaf hann Peninnu, konu sinni, og \u00f6llum sonum hennar og d\u00e6trum sinn hlut hverju.5Hann gaf H\u00f6nnu ekki nema einn hlut, \u00fe\u00f3tt hann elska\u00f0i hana, en <a href=\"https:\/\/biblian.is\/1981\/fyrri-samuelsbok-1-kafli\/\"> [&#8230;]<\/a><\/p>\n","protected":false},"author":1,"featured_media":0,"parent":0,"menu_order":0,"comment_status":"open","ping_status":"open","template":"bibliukaflar.php","meta":{"footnotes":""},"class_list":["post-1583","page","type-page","status-publish","hentry"],"_links":{"self":[{"href":"https:\/\/biblian.is\/1981\/wp-json\/wp\/v2\/pages\/1583","targetHints":{"allow":["GET"]}}],"collection":[{"href":"https:\/\/biblian.is\/1981\/wp-json\/wp\/v2\/pages"}],"about":[{"href":"https:\/\/biblian.is\/1981\/wp-json\/wp\/v2\/types\/page"}],"author":[{"embeddable":true,"href":"https:\/\/biblian.is\/1981\/wp-json\/wp\/v2\/users\/1"}],"replies":[{"embeddable":true,"href":"https:\/\/biblian.is\/1981\/wp-json\/wp\/v2\/comments?post=1583"}],"version-history":[{"count":0,"href":"https:\/\/biblian.is\/1981\/wp-json\/wp\/v2\/pages\/1583\/revisions"}],"wp:attachment":[{"href":"https:\/\/biblian.is\/1981\/wp-json\/wp\/v2\/media?parent=1583"}],"curies":[{"name":"wp","href":"https:\/\/api.w.org\/{rel}","templated":true}]}}