{"id":1582,"date":"2017-11-18T20:17:50","date_gmt":"2017-11-18T20:17:50","guid":{"rendered":"http:\/\/biblian.is\/1981\/rutarbok-4-kafli\/"},"modified":"2021-06-06T11:05:36","modified_gmt":"2021-06-06T11:05:36","slug":"rutarbok-4-kafli","status":"publish","type":"page","link":"https:\/\/biblian.is\/1981\/rutarbok-4-kafli\/","title":{"rendered":"Rutarb\u00f3k 4. kafli"},"content":{"rendered":"<p><a name=\"1\"><span class=\"versanumer\">1<\/span><\/a>B\u00f3as gekk upp \u00ed borgarhli\u00f0i\u00f0 og settist \u00fear. \u00de\u00e1 bar svo vi\u00f0, a\u00f0 lausnarma\u00f0urinn gekk fram hj\u00e1, s\u00e1 er B\u00f3as haf\u00f0i tala\u00f0 um. B\u00f3as sag\u00f0i: Kom \u00fe\u00fa og sestu h\u00e9r, \u00fe\u00fa \u00fearna! Og hann sneri \u00feanga\u00f0 og settist ni\u00f0ur.<a name=\"2\"><span class=\"versanumer\">2<\/span><\/a>\u00de\u00e1 t\u00f3k hann t\u00edu menn af \u00f6ldungum borgarinnar og sag\u00f0i: Setjist h\u00e9r! Og \u00feeir settust ni\u00f0ur.<a name=\"3\"><span class=\"versanumer\">3<\/span><\/a>S\u00ed\u00f0an sag\u00f0i hann vi\u00f0 lausnarmanninn: Akurland \u00fea\u00f0, er El\u00edmelek fr\u00e6ndi okkar \u00e1tti, hefir Naom\u00ed selt, s\u00fa sem heim er komin \u00far M\u00f3abslandi.<a name=\"4\"><span class=\"versanumer\">4<\/span><\/a>Og \u00e9g hugsa\u00f0i, a\u00f0 \u00e9g skyldi l\u00e1ta \u00feig vita \u00fea\u00f0 og segja: Kaup \u00fea\u00f0 n\u00fa \u00ed vi\u00f0urvist \u00feeirra, er h\u00e9r eru, og \u00ed vi\u00f0urvist \u00f6ldunga f\u00f3lks m\u00edns. Ef \u00fe\u00fa vilt leysa, \u00fe\u00e1 leystu. En ef \u00fe\u00fa vilt ekki leysa, \u00fe\u00e1 seg\u00f0u m\u00e9r fr\u00e1 \u00fev\u00ed, svo a\u00f0 \u00e9g viti \u00fea\u00f0. \u00dev\u00ed a\u00f0 enginn er til, sem getur leyst, nema \u00fe\u00fa, og \u00e9g eftir \u00feig. Hinn sag\u00f0i: \u00c9g \u00e6tla a\u00f0 leysa.<a name=\"5\"><span class=\"versanumer\">5<\/span><\/a>\u00de\u00e1 sag\u00f0i B\u00f3as: Um lei\u00f0 og \u00fe\u00fa kaupir landi\u00f0 af Naom\u00ed, hefir \u00fe\u00fa og keypt Rut hina m\u00f3ab\u00edt\u00edsku, ekkju hins framli\u00f0na, til \u00feess a\u00f0 reisa nafn hins framli\u00f0na \u00e1 arfleif\u00f0 hans.<a name=\"6\"><span class=\"versanumer\">6<\/span><\/a>\u00de\u00e1 sag\u00f0i lausnarma\u00f0urinn: \u00c9g get ekki leyst \u00fea\u00f0 handa m\u00e9r, \u00fev\u00ed a\u00f0 \u00fe\u00e1 kynni \u00e9g a\u00f0 spilla arfleif\u00f0 minni. Leys \u00fe\u00fa handa \u00fe\u00e9r \u00fea\u00f0, sem \u00e9g \u00e1tti a\u00f0 leysa, \u00fev\u00ed a\u00f0 \u00e9g get ekki leyst \u00fea\u00f0.<a name=\"7\"><span class=\"versanumer\">7<\/span><\/a>\u00dea\u00f0 var fyrrum si\u00f0ur \u00ed \u00cdsrael vi\u00f0 endurlausn og skipti, er menn vildu sta\u00f0festa allar gj\u00f6r\u00f0ir, a\u00f0 annar t\u00f3k af s\u00e9r sk\u00f3inn og f\u00e9kk hinum. \u00deetta var vottfesting \u00ed \u00cdsrael.<a name=\"8\"><span class=\"versanumer\">8<\/span><\/a>\u00de\u00e1 sag\u00f0i lausnarma\u00f0urinn vi\u00f0 B\u00f3as: Kaup \u00fe\u00fa \u00fea\u00f0 handa \u00fe\u00e9r! og t\u00f3k af s\u00e9r sk\u00f3inn.<a name=\"9\"><span class=\"versanumer\">9<\/span><\/a>B\u00f3as sag\u00f0i vi\u00f0 \u00f6ldungana og allt f\u00f3lki\u00f0: \u00de\u00e9r eru\u00f0 \u00ed dag vottar a\u00f0 \u00fev\u00ed, a\u00f0 \u00e9g hefi keypt af Naom\u00ed allt \u00fea\u00f0, sem El\u00edmelek \u00e1tti, svo og allt \u00fea\u00f0, sem \u00feeir Kilj\u00f3n og Mahl\u00f3n \u00e1ttu.<a name=\"10\"><span class=\"versanumer\">10<\/span><\/a>Einnig hefi \u00e9g keypt Rut hina m\u00f3ab\u00edt\u00edsku, ekkju Mahl\u00f3ns, m\u00e9r a\u00f0 konu, til \u00feess a\u00f0 reisa nafn hins framli\u00f0na \u00e1 arfleif\u00f0 hans, svo a\u00f0 nafn hins framli\u00f0na uppr\u00e6tist eigi me\u00f0al br\u00e6\u00f0ra hans og \u00far borgarhli\u00f0i hans. \u00de\u00e9r eru\u00f0 vottar \u00feess \u00ed dag.<a name=\"11\"><span class=\"versanumer\">11<\/span><\/a>\u00de\u00e1 sag\u00f0i allt f\u00f3lki\u00f0, sem var \u00ed hli\u00f0inu, og \u00f6ldungarnir: V\u00e9r erum vottar a\u00f0 \u00fev\u00ed. Drottinn gj\u00f6ri konuna, sem \u00ed h\u00fas \u00feitt kemur, sl\u00edka sem \u00fe\u00e6r voru Rakel og Lea, er b\u00e1\u00f0ar reistu \u00cdsraels h\u00fas. Veitist \u00fe\u00e9r vald \u00ed Efrata og ver\u00f0ir \u00fe\u00fa fr\u00e6gur \u00ed Betlehem.<a name=\"12\"><span class=\"versanumer\">12<\/span><\/a>Og ver\u00f0i h\u00fas \u00feitt sem h\u00fas Peres, sem Tamar f\u00e6ddi J\u00fada, fyrir afsprengi \u00fea\u00f0, sem Drottinn gefur \u00fe\u00e9r vi\u00f0 \u00feessari ungu konu.<a name=\"13\"><span class=\"versanumer\">13<\/span><\/a>S\u00ed\u00f0an gekk B\u00f3as a\u00f0 eiga Rut, og h\u00fan var\u00f0 kona hans. Og hann gekk inn til hennar, og Drottinn veitti henni getna\u00f0, og \u00f3l h\u00fan son.<a name=\"14\"><span class=\"versanumer\">14<\/span><\/a>\u00de\u00e1 s\u00f6g\u00f0u konurnar vi\u00f0 Naom\u00ed: Lofa\u00f0ur s\u00e9 Drottinn, sem eigi hefir l\u00e1ti\u00f0 \u00feig bresta lausnarmann \u00ed dag, svo a\u00f0 nafn hans mun nefnt ver\u00f0a \u00ed \u00cdsrael.<a name=\"15\"><span class=\"versanumer\">15<\/span><\/a>Hann mun ver\u00f0a huggun \u00fe\u00edn og ellisto\u00f0, \u00fev\u00ed a\u00f0 tengdad\u00f3ttir \u00fe\u00edn, sem elskar \u00feig, hefir ali\u00f0 hann, h\u00fan, sem er \u00fe\u00e9r betri en sj\u00f6 synir.<a name=\"16\"><span class=\"versanumer\">16<\/span><\/a>Naom\u00ed t\u00f3k barni\u00f0 og lag\u00f0i \u00fea\u00f0 \u00e1 skaut s\u00e9r og var\u00f0 f\u00f3stra \u00feess.<a name=\"17\"><span class=\"versanumer\">17<\/span><\/a>Og grannkonurnar g\u00e1fu honum nafn og s\u00f6g\u00f0u: Naom\u00ed er f\u00e6ddur sonur! og nefndu hann \u00d3be\u00f0. Hann var fa\u00f0ir \u00cdsa\u00ed, f\u00f6\u00f0ur Dav\u00ed\u00f0s.<a name=\"18\"><span class=\"versanumer\">18<\/span><\/a>\u00deetta er \u00e6ttartala Peres: Peres gat Hesron,<a name=\"19\"><span class=\"versanumer\">19<\/span><\/a>og Hesron gat Ram, og Ram gat Amm\u00ednadab,<a name=\"20\"><span class=\"versanumer\">20<\/span><\/a>og Amm\u00ednadab gat Nakson, og Nakson gat Salm\u00f3n,<a name=\"21\"><span class=\"versanumer\">21<\/span><\/a>og Salm\u00f3n gat B\u00f3as, og B\u00f3as gat \u00d3be\u00f0,<a name=\"22\"><span class=\"versanumer\">22<\/span><\/a>og \u00d3be\u00f0 gat \u00cdsa\u00ed, og \u00cdsa\u00ed gat Dav\u00ed\u00f0.<\/p>\n<div class=\"footnote1981\"><b>4.5<\/b> Halda vi\u00f0 nafni &#8230; 1M\u00f3s 38.8; 5M\u00f3s 25.5-7<br \/>\n<b>4.11<\/b> Rakel, Lea 1M\u00f3s 29-30; 35.16-26<br \/>\n<b>4.12<\/b> Tamar, Peres 1M\u00f3s 38.29; Matt 1.3<br \/>\n<b>4.13<\/b> Veitti getna\u00f0 1M\u00f3s 29.31; 30.22<br \/>\n<b>4.17<\/b> F\u00e6ddur sonur Jes 9.5<br \/>\n<b>4.18<\/b> \u00c6ttartala 1Kro 2.5-15; Matt 1.3-5; L\u00fak 3.31-33<br \/>\n<b>4.20<\/b> Nakson 4M\u00f3s 1.7; 2.3<br \/>\n<b>4.22<\/b>Dav\u00ed\u00f0 1Sam 17.12; Matt 1.6<\/div>\n","protected":false},"excerpt":{"rendered":"<p>1B\u00f3as gekk upp \u00ed borgarhli\u00f0i\u00f0 og settist \u00fear. \u00de\u00e1 bar svo vi\u00f0, a\u00f0 lausnarma\u00f0urinn gekk fram hj\u00e1, s\u00e1 er B\u00f3as haf\u00f0i tala\u00f0 um. B\u00f3as sag\u00f0i: Kom \u00fe\u00fa og sestu h\u00e9r, \u00fe\u00fa \u00fearna! Og hann sneri \u00feanga\u00f0 og settist ni\u00f0ur.2\u00de\u00e1 t\u00f3k hann t\u00edu menn af \u00f6ldungum borgarinnar og sag\u00f0i: Setjist h\u00e9r! Og \u00feeir settust ni\u00f0ur.3S\u00ed\u00f0an sag\u00f0i hann vi\u00f0 lausnarmanninn: Akurland \u00fea\u00f0, er El\u00edmelek fr\u00e6ndi okkar \u00e1tti, hefir Naom\u00ed selt, s\u00fa sem heim er komin \u00far M\u00f3abslandi.4Og \u00e9g hugsa\u00f0i, a\u00f0 \u00e9g skyldi l\u00e1ta \u00feig vita \u00fea\u00f0 og segja: Kaup \u00fea\u00f0 n\u00fa \u00ed vi\u00f0urvist \u00feeirra, er h\u00e9r eru, og \u00ed vi\u00f0urvist \u00f6ldunga f\u00f3lks <a href=\"https:\/\/biblian.is\/1981\/rutarbok-4-kafli\/\"> [&#8230;]<\/a><\/p>\n","protected":false},"author":1,"featured_media":0,"parent":0,"menu_order":0,"comment_status":"open","ping_status":"open","template":"bibliukaflar.php","meta":{"footnotes":""},"class_list":["post-1582","page","type-page","status-publish","hentry"],"_links":{"self":[{"href":"https:\/\/biblian.is\/1981\/wp-json\/wp\/v2\/pages\/1582","targetHints":{"allow":["GET"]}}],"collection":[{"href":"https:\/\/biblian.is\/1981\/wp-json\/wp\/v2\/pages"}],"about":[{"href":"https:\/\/biblian.is\/1981\/wp-json\/wp\/v2\/types\/page"}],"author":[{"embeddable":true,"href":"https:\/\/biblian.is\/1981\/wp-json\/wp\/v2\/users\/1"}],"replies":[{"embeddable":true,"href":"https:\/\/biblian.is\/1981\/wp-json\/wp\/v2\/comments?post=1582"}],"version-history":[{"count":0,"href":"https:\/\/biblian.is\/1981\/wp-json\/wp\/v2\/pages\/1582\/revisions"}],"wp:attachment":[{"href":"https:\/\/biblian.is\/1981\/wp-json\/wp\/v2\/media?parent=1582"}],"curies":[{"name":"wp","href":"https:\/\/api.w.org\/{rel}","templated":true}]}}