{"id":1581,"date":"2017-11-18T20:17:50","date_gmt":"2017-11-18T20:17:50","guid":{"rendered":"http:\/\/biblian.is\/1981\/rutarbok-3-kafli\/"},"modified":"2021-06-06T11:05:35","modified_gmt":"2021-06-06T11:05:35","slug":"rutarbok-3-kafli","status":"publish","type":"page","link":"https:\/\/biblian.is\/1981\/rutarbok-3-kafli\/","title":{"rendered":"Rutarb\u00f3k 3. kafli"},"content":{"rendered":"<p><a name=\"1\"><span class=\"versanumer\">1<\/span><\/a>Naom\u00ed, tengdam\u00f3\u00f0ir Rutar, sag\u00f0i vi\u00f0 hana: D\u00f3ttir m\u00edn, \u00e1 \u00e9g ekki a\u00f0 \u00fatvega \u00fe\u00e9r athvarf, til \u00feess a\u00f0 \u00fe\u00e9r vegni vel?<a name=\"2\"><span class=\"versanumer\">2<\/span><\/a>\u00de\u00fa hefir veri\u00f0 me\u00f0 st\u00falkunum hans B\u00f3asar, en hann er fr\u00e6ndi okkar. Sj\u00e1, hann varpar \u00ed n\u00f3tt bygginu \u00ed l\u00e1fa s\u00ednum.<a name=\"3\"><span class=\"versanumer\">3<\/span><\/a>\u00devo \u00fe\u00e9r n\u00fa og smyr \u00feig og far \u00ed \u00f6nnur f\u00f6t og gakk ofan \u00ed l\u00e1fann, en l\u00e1ttu ekki manninn ver\u00f0a varan vi\u00f0 \u00feig fyrr en hann hefir eti\u00f0 og drukki\u00f0.<a name=\"4\"><span class=\"versanumer\">4<\/span><\/a>En \u00feegar hann leggst til hv\u00edldar, \u00fe\u00e1 taktu eftir, hvar hann leggst ni\u00f0ur, og gakk \u00fe\u00fa \u00feanga\u00f0 og flettu upp \u00e1brei\u00f0unni til f\u00f3ta honum og leggst \u00fear ni\u00f0ur. Hann mun \u00fe\u00e1 segja \u00fe\u00e9r, hva\u00f0 \u00fe\u00fa \u00e1tt a\u00f0 gj\u00f6ra.<a name=\"5\"><span class=\"versanumer\">5<\/span><\/a>Og h\u00fan svara\u00f0i henni: \u00c9g vil gj\u00f6ra allt, sem \u00fe\u00fa segir.<a name=\"6\"><span class=\"versanumer\">6<\/span><\/a>S\u00ed\u00f0an gekk h\u00fan ofan \u00ed l\u00e1fann og gj\u00f6r\u00f0i allt svo sem tengdam\u00f3\u00f0ir hennar haf\u00f0i fyrir hana lagt.<a name=\"7\"><span class=\"versanumer\">7<\/span><\/a>Er B\u00f3as haf\u00f0i eti\u00f0 og drukki\u00f0 og var \u00ed g\u00f3\u00f0u skapi, \u00fe\u00e1 f\u00f3r hann og lag\u00f0ist til hv\u00edldar vi\u00f0 endann \u00e1 kornbingnum. \u00de\u00e1 kom h\u00fan hlj\u00f3\u00f0lega, fletti upp \u00e1brei\u00f0unni til f\u00f3ta honum og lag\u00f0ist ni\u00f0ur.<a name=\"8\"><span class=\"versanumer\">8<\/span><\/a>En um mi\u00f0n\u00e6tti var\u00f0 manninum bilt vi\u00f0, og er hann settist upp, sj\u00e1, \u00fe\u00e1 l\u00e1 kona til f\u00f3ta honum.<a name=\"9\"><span class=\"versanumer\">9<\/span><\/a>Og hann sag\u00f0i: Hver ert \u00fe\u00fa? H\u00fan svara\u00f0i: \u00c9g er Rut amb\u00e1tt \u00fe\u00edn. Brei\u00f0 \u00fe\u00fa v\u00e6ng \u00feinn yfir amb\u00e1tt \u00fe\u00edna, \u00fev\u00ed a\u00f0 \u00fe\u00fa ert lausnarma\u00f0ur.<a name=\"10\"><span class=\"versanumer\">10<\/span><\/a>\u00de\u00e1 sag\u00f0i hann: Blessu\u00f0 s\u00e9rt \u00fe\u00fa af Drottni, d\u00f3ttir m\u00edn! \u00de\u00fa hefir n\u00fa s\u00ed\u00f0ast s\u00fdnt elsku \u00fe\u00edna enn betur en \u00e1\u00f0ur, me\u00f0 \u00fev\u00ed a\u00f0 elta ekki ungu mennina, hvorki f\u00e1t\u00e6kan n\u00e9 r\u00edkan.<a name=\"11\"><span class=\"versanumer\">11<\/span><\/a>Og ver \u00fe\u00fa n\u00fa \u00f3hr\u00e6dd, d\u00f3ttir m\u00edn. A\u00f0 \u00f6llu, svo sem \u00fe\u00fa segir, mun \u00e9g vi\u00f0 \u00feig gj\u00f6ra, \u00fev\u00ed a\u00f0 allir samborgarmenn m\u00ednir vita, a\u00f0 \u00fe\u00fa ert v\u00e6n kona.<a name=\"12\"><span class=\"versanumer\">12<\/span><\/a>N\u00fa er \u00fea\u00f0 a\u00f0 v\u00edsu satt, a\u00f0 \u00e9g er lausnarma\u00f0ur, en \u00fe\u00f3 er til annar lausnarma\u00f0ur, sem er n\u00e1komnari en \u00e9g.<a name=\"13\"><span class=\"versanumer\">13<\/span><\/a>Vertu h\u00e9r \u00ed n\u00f3tt, en \u00e1 morgun, ef hann \u00fe\u00e1 vill leysa \u00feig, gott og vel, \u00fe\u00e1 gj\u00f6ri hann \u00fea\u00f0, en vilji hann ekki leysa \u00feig, \u00fe\u00e1 mun \u00e9g leysa \u00feig, svo sannarlega sem Drottinn lifir. Ligg\u00f0u n\u00fa kyrr til morguns.<a name=\"14\"><span class=\"versanumer\">14<\/span><\/a>H\u00fan l\u00e1 til f\u00f3ta honum til morguns. \u00de\u00e1 st\u00f3\u00f0 h\u00fan upp, \u00e1\u00f0ur en menn g\u00e1tu \u00feekkt hvor annan. \u00dev\u00ed a\u00f0 hann hugsa\u00f0i: \u00dea\u00f0 m\u00e1 eigi spyrjast, a\u00f0 konan hafi komi\u00f0 \u00ed l\u00e1fann.<a name=\"15\"><span class=\"versanumer\">15<\/span><\/a>Og hann sag\u00f0i: Kom \u00fe\u00fa me\u00f0 m\u00f6ttulinn, sem \u00fe\u00fa ert \u00ed, og haltu honum \u00fat. Og h\u00fan h\u00e9lt honum \u00fat. \u00de\u00e1 m\u00e6ldi hann sex m\u00e6la byggs og lyfti \u00e1 hana. S\u00ed\u00f0an f\u00f3r h\u00fan inn \u00ed borgina.<a name=\"16\"><span class=\"versanumer\">16<\/span><\/a>Er Rut kom til tengdam\u00f3\u00f0ur sinnar, m\u00e6lti h\u00fan: Hvernig gekk \u00fe\u00e9r, d\u00f3ttir m\u00edn? \u00de\u00e1 sag\u00f0i h\u00fan henni fr\u00e1 \u00f6llu \u00fev\u00ed, er ma\u00f0urinn haf\u00f0i vi\u00f0 hana gj\u00f6rt.<a name=\"17\"><span class=\"versanumer\">17<\/span><\/a>Og h\u00fan sag\u00f0i: \u00deessa sex m\u00e6la byggs gaf hann m\u00e9r, \u00fev\u00ed a\u00f0 hann sag\u00f0i: \u00de\u00fa m\u00e1tt ekki fara heim til tengdam\u00f3\u00f0ur \u00feinnar me\u00f0 tv\u00e6r hendur t\u00f3mar.<a name=\"18\"><span class=\"versanumer\">18<\/span><\/a>\u00de\u00e1 sag\u00f0i Naom\u00ed: Ver \u00fe\u00fa n\u00fa kyrr, d\u00f3ttir m\u00edn, uns \u00fe\u00fa fr\u00e9ttir, hvernig m\u00e1lum l\u00fdkur, \u00fev\u00ed a\u00f0 ma\u00f0urinn mun ekki h\u00e6tta fyrr en hann lei\u00f0ir \u00feetta m\u00e1l til lykta \u00ed dag.<\/p>\n<div class=\"footnote1981\"><b>3.1<\/b> R\u00e1\u00f0ahagur Rut 1.9<br \/>\n<b>3.9<\/b> Amb\u00e1tt \u00fe\u00edn 1Sam 25.41; L\u00fak 1.38<br \/>\n<b>3.11<\/b> Dygg\u00f0ug kona Okv 12.4; 31.10; S\u00edr 26.1-3<br \/>\n<b>3.13<\/b> Leysi hann \u00feig 5M\u00f3s 25.5; Matt 22.24<\/div>\n","protected":false},"excerpt":{"rendered":"<p>1Naom\u00ed, tengdam\u00f3\u00f0ir Rutar, sag\u00f0i vi\u00f0 hana: D\u00f3ttir m\u00edn, \u00e1 \u00e9g ekki a\u00f0 \u00fatvega \u00fe\u00e9r athvarf, til \u00feess a\u00f0 \u00fe\u00e9r vegni vel?2\u00de\u00fa hefir veri\u00f0 me\u00f0 st\u00falkunum hans B\u00f3asar, en hann er fr\u00e6ndi okkar. Sj\u00e1, hann varpar \u00ed n\u00f3tt bygginu \u00ed l\u00e1fa s\u00ednum.3\u00devo \u00fe\u00e9r n\u00fa og smyr \u00feig og far \u00ed \u00f6nnur f\u00f6t og gakk ofan \u00ed l\u00e1fann, en l\u00e1ttu ekki manninn ver\u00f0a varan vi\u00f0 \u00feig fyrr en hann hefir eti\u00f0 og drukki\u00f0.4En \u00feegar hann leggst til hv\u00edldar, \u00fe\u00e1 taktu eftir, hvar hann leggst ni\u00f0ur, og gakk \u00fe\u00fa \u00feanga\u00f0 og flettu upp \u00e1brei\u00f0unni til f\u00f3ta honum og leggst \u00fear ni\u00f0ur. Hann mun <a href=\"https:\/\/biblian.is\/1981\/rutarbok-3-kafli\/\"> [&#8230;]<\/a><\/p>\n","protected":false},"author":1,"featured_media":0,"parent":0,"menu_order":0,"comment_status":"open","ping_status":"open","template":"bibliukaflar.php","meta":{"footnotes":""},"class_list":["post-1581","page","type-page","status-publish","hentry"],"_links":{"self":[{"href":"https:\/\/biblian.is\/1981\/wp-json\/wp\/v2\/pages\/1581","targetHints":{"allow":["GET"]}}],"collection":[{"href":"https:\/\/biblian.is\/1981\/wp-json\/wp\/v2\/pages"}],"about":[{"href":"https:\/\/biblian.is\/1981\/wp-json\/wp\/v2\/types\/page"}],"author":[{"embeddable":true,"href":"https:\/\/biblian.is\/1981\/wp-json\/wp\/v2\/users\/1"}],"replies":[{"embeddable":true,"href":"https:\/\/biblian.is\/1981\/wp-json\/wp\/v2\/comments?post=1581"}],"version-history":[{"count":0,"href":"https:\/\/biblian.is\/1981\/wp-json\/wp\/v2\/pages\/1581\/revisions"}],"wp:attachment":[{"href":"https:\/\/biblian.is\/1981\/wp-json\/wp\/v2\/media?parent=1581"}],"curies":[{"name":"wp","href":"https:\/\/api.w.org\/{rel}","templated":true}]}}