{"id":1580,"date":"2017-11-18T20:17:50","date_gmt":"2017-11-18T20:17:50","guid":{"rendered":"http:\/\/biblian.is\/1981\/rutarbok-2-kafli\/"},"modified":"2021-06-06T11:05:33","modified_gmt":"2021-06-06T11:05:33","slug":"rutarbok-2-kafli","status":"publish","type":"page","link":"https:\/\/biblian.is\/1981\/rutarbok-2-kafli\/","title":{"rendered":"Rutarb\u00f3k 2. kafli"},"content":{"rendered":"<p><a name=\"1\"><span class=\"versanumer\">1<\/span><\/a>Naom\u00ed \u00e1tti \u00fear fr\u00e6nda manns s\u00edns, r\u00edkan mann af \u00e6tt El\u00edmeleks, og h\u00e9t hann B\u00f3as.<a name=\"2\"><span class=\"versanumer\">2<\/span><\/a>Og Rut hin m\u00f3ab\u00edt\u00edska sag\u00f0i vi\u00f0 Naom\u00ed: \u00c9g \u00e6tla a\u00f0 fara \u00fat \u00e1 akurinn og t\u00edna upp \u00f6x \u00e1 eftir einhverjum \u00feeim, er kann a\u00f0 s\u00fdna m\u00e9r velvild. Naom\u00ed svara\u00f0i henni: Far, \u00fe\u00fa, d\u00f3ttir m\u00edn!<a name=\"3\"><span class=\"versanumer\">3<\/span><\/a>Rut f\u00f3r og t\u00edndi \u00e1 akrinum \u00e1 eftir kornskur\u00f0arm\u00f6nnunum, og henni vildi svo vel til, a\u00f0 teig \u00feennan \u00e1tti B\u00f3as, sem var \u00ed \u00e6tt vi\u00f0 El\u00edmelek.<a name=\"4\"><span class=\"versanumer\">4<\/span><\/a>Og sj\u00e1, B\u00f3as kom fr\u00e1 Betlehem og sag\u00f0i vi\u00f0 kornskur\u00f0armennina: Drottinn s\u00e9 me\u00f0 y\u00f0ur! \u00deeir sv\u00f6ru\u00f0u: Drottinn blessi \u00feig!<a name=\"5\"><span class=\"versanumer\">5<\/span><\/a>B\u00f3as m\u00e6lti vi\u00f0 \u00fej\u00f3n sinn, sem settur var yfir kornskur\u00f0armennina: Hverjum heyrir \u00feessi st\u00falka til?<a name=\"6\"><span class=\"versanumer\">6<\/span><\/a>\u00dej\u00f3nninn, sem settur var yfir kornskur\u00f0armennina, svara\u00f0i og sag\u00f0i: \u00dea\u00f0 er m\u00f3ab\u00edt\u00edsk st\u00falka, s\u00fa sem kom aftur me\u00f0 Naom\u00ed fr\u00e1 M\u00f3abslandi.<a name=\"7\"><span class=\"versanumer\">7<\/span><\/a>H\u00fan sag\u00f0i: Leyf m\u00e9r a\u00f0 t\u00edna upp og safna saman me\u00f0al bundinanna \u00e1 eftir kornskur\u00f0arm\u00f6nnunum. Og h\u00fan kom og hefir veri\u00f0 a\u00f0 fr\u00e1 \u00fev\u00ed \u00ed morgun og \u00feanga\u00f0 til n\u00fa og hefir ekki gefi\u00f0 s\u00e9r neinn t\u00edma til a\u00f0 hv\u00edla sig.<a name=\"8\"><span class=\"versanumer\">8<\/span><\/a>\u00de\u00e1 sag\u00f0i B\u00f3as vi\u00f0 Rut: Heyr \u00fe\u00fa, d\u00f3ttir m\u00edn! Far \u00fe\u00fa ekki \u00e1 annan akur til \u00feess a\u00f0 t\u00edna, og far \u00fe\u00fa heldur ekki h\u00e9\u00f0an, en haltu \u00feig h\u00e9r hj\u00e1 st\u00falkum m\u00ednum.<a name=\"9\"><span class=\"versanumer\">9<\/span><\/a>Gef \u00fe\u00fa g\u00e6tur a\u00f0 \u00feeim akri, \u00fear sem kornskur\u00f0armennirnir skera upp, og gakk \u00fe\u00fa \u00e1 eftir \u00feeim. \u00c9g hefi bo\u00f0i\u00f0 piltunum a\u00f0 amast ekki vi\u00f0 \u00fe\u00e9r. Og ef \u00feig \u00feyrstir, \u00fe\u00e1 gakk a\u00f0 \u00edl\u00e1tunum og drekk af \u00fev\u00ed, sem piltarnir ausa.<a name=\"10\"><span class=\"versanumer\">10<\/span><\/a>\u00de\u00e1 f\u00e9ll h\u00fan fram \u00e1 \u00e1sj\u00f3nu s\u00edna og laut ni\u00f0ur a\u00f0 j\u00f6r\u00f0u og sag\u00f0i vi\u00f0 hann: Hvers vegna s\u00fdnir \u00fe\u00fa m\u00e9r \u00fe\u00e1 velvild a\u00f0 v\u00edkja m\u00e9r g\u00f3\u00f0u, \u00fear sem \u00e9g \u00fe\u00f3 er \u00fatlendingur?<a name=\"11\"><span class=\"versanumer\">11<\/span><\/a>B\u00f3as svara\u00f0i og sag\u00f0i vi\u00f0 hana: M\u00e9r hefir veri\u00f0 sagt allt af \u00fev\u00ed, hvernig \u00fe\u00e9r hefir farist vi\u00f0 tengdam\u00f3\u00f0ur \u00fe\u00edna eftir dau\u00f0a manns \u00fe\u00edns, og a\u00f0 \u00fe\u00fa hefir yfirgefi\u00f0 f\u00f6\u00f0ur \u00feinn og m\u00f3\u00f0ur og \u00e6ttland \u00feitt og fari\u00f0 til f\u00f3lks, sem \u00fe\u00fa \u00feekktir ekki \u00e1\u00f0ur.<a name=\"12\"><span class=\"versanumer\">12<\/span><\/a>Drottinn umbuni verk \u00feitt, og laun \u00fe\u00edn ver\u00f0i fullkomin, er \u00fe\u00fa hl\u00fdtur af Drottni, \u00cdsraels Gu\u00f0i, \u00fear sem \u00fe\u00fa ert komin a\u00f0 leita skj\u00f3ls undir v\u00e6ngjum hans.<a name=\"13\"><span class=\"versanumer\">13<\/span><\/a>Rut sag\u00f0i: \u00d3, a\u00f0 \u00e9g m\u00e6tti finna n\u00e1\u00f0 \u00ed augum \u00fe\u00ednum, herra minn, \u00fev\u00ed a\u00f0 \u00fe\u00fa hefir hugga\u00f0 mig og tala\u00f0 vinsamlega vi\u00f0 amb\u00e1tt \u00fe\u00edna, og er \u00e9g \u00fe\u00f3 ekki einu sinni jafningi amb\u00e1tta \u00feinna.<a name=\"14\"><span class=\"versanumer\">14<\/span><\/a>Er matm\u00e1lst\u00edmi kom, sag\u00f0i B\u00f3as vi\u00f0 hana: Kom \u00fe\u00fa hinga\u00f0 og et af brau\u00f0inu og d\u00fdf bita \u00fe\u00ednum \u00ed v\u00ednediksbl\u00f6nduna. \u00de\u00e1 settist h\u00fan hj\u00e1 kornskur\u00f0arm\u00f6nnunum, og hann r\u00e9tti henni baka\u00f0 korn, og h\u00fan \u00e1t sig sadda og leif\u00f0i.<a name=\"15\"><span class=\"versanumer\">15<\/span><\/a>S\u00ed\u00f0an st\u00f3\u00f0 h\u00fan upp og f\u00f3r a\u00f0 t\u00edna. \u00de\u00e1 lag\u00f0i B\u00f3as svo fyrir pilta s\u00edna: H\u00fan m\u00e1 einnig t\u00edna millum bundinanna, og gj\u00f6ri\u00f0 henni ekkert mein<a name=\"16\"><span class=\"versanumer\">16<\/span><\/a>og dragi\u00f0 jafnvel \u00f6x \u00fat \u00far hnippunum handa henni og l\u00e1ti\u00f0 eftir liggja, svo a\u00f0 h\u00fan megi t\u00edna, og eigi skulu\u00f0 \u00fe\u00e9r atyr\u00f0a hana.<a name=\"17\"><span class=\"versanumer\">17<\/span><\/a>S\u00ed\u00f0an t\u00edndi h\u00fan \u00e1 akrinum allt til kvelds. Og er h\u00fan bar\u00f0i korni\u00f0 \u00far \u00fev\u00ed, er h\u00fan haf\u00f0i t\u00ednt, \u00fe\u00e1 var \u00fea\u00f0 h\u00e9r um bil efa af byggi.<a name=\"18\"><span class=\"versanumer\">18<\/span><\/a>H\u00fan t\u00f3k \u00fea\u00f0 og f\u00f3r inn \u00ed borgina, og s\u00e1 tengdam\u00f3\u00f0ir hennar, hva\u00f0 h\u00fan haf\u00f0i t\u00ednt. \u00dev\u00ed n\u00e6st t\u00f3k h\u00fan fram \u00fea\u00f0, er h\u00fan haf\u00f0i leift, \u00fe\u00e1 er h\u00fan var s\u00f6dd or\u00f0in, og f\u00e9kk henni.<a name=\"19\"><span class=\"versanumer\">19<\/span><\/a>\u00de\u00e1 sag\u00f0i tengdam\u00f3\u00f0ir hennar vi\u00f0 hana: Hvar hefir \u00fe\u00fa t\u00ednt \u00ed dag og hvar hefir \u00fe\u00fa unni\u00f0? Blessa\u00f0ur s\u00e9 s\u00e1, sem viki\u00f0 hefir \u00fe\u00e9r g\u00f3\u00f0u! H\u00fan sag\u00f0i tengdam\u00f3\u00f0ur sinni fr\u00e1, hj\u00e1 hverjum h\u00fan hef\u00f0i unni\u00f0, og m\u00e6lti: Ma\u00f0urinn, sem \u00e9g hefi unni\u00f0 hj\u00e1 \u00ed dag, heitir B\u00f3as.<a name=\"20\"><span class=\"versanumer\">20<\/span><\/a>&#8222;\u00de\u00e1 sag\u00f0i Naom\u00ed vi\u00f0 tengdad\u00f3ttur s\u00edna: Blessa\u00f0ur s\u00e9 hann af Drottni, sem hefir ekki l\u00e1ti\u00f0 af miskunn sinni vi\u00f0 lifandi og l\u00e1tna. Og Naom\u00ed sag\u00f0i vi\u00f0 hana: Ma\u00f0urinn er okkur n\u00e1kominn; hann er einn af lausnarm\u00f6nnum okkar.&#8220;<a name=\"21\"><span class=\"versanumer\">21<\/span><\/a>\u00de\u00e1 sag\u00f0i Rut hin m\u00f3ab\u00edt\u00edska: Hann sag\u00f0i og vi\u00f0 mig: Haltu \u00feig hj\u00e1 m\u00ednum piltum, uns \u00feeir hafa loki\u00f0 \u00f6llum kornskur\u00f0i hj\u00e1 m\u00e9r.<a name=\"22\"><span class=\"versanumer\">22<\/span><\/a>Og Naom\u00ed sag\u00f0i vi\u00f0 Rut, tengdad\u00f3ttur s\u00edna: \u00dea\u00f0 er gott, d\u00f3ttir m\u00edn, a\u00f0 \u00fe\u00fa farir \u00fat me\u00f0 amb\u00e1ttum hans. \u00de\u00e1 munu menn eigi \u00e1reita \u00feig \u00e1 \u00f6\u00f0rum akri.<a name=\"23\"><span class=\"versanumer\">23<\/span><\/a>S\u00ed\u00f0an h\u00e9lt h\u00fan sig hj\u00e1 st\u00falkum B\u00f3asar, \u00fe\u00e1 er h\u00fan var a\u00f0 t\u00edna, uns byggskur\u00f0inum og hveitiskur\u00f0inum var loki\u00f0. Eftir \u00fea\u00f0 var h\u00fan kyrr hj\u00e1 tengdam\u00f3\u00f0ur sinni.<\/p>\n<div class=\"footnote1981\"><b>2.1<\/b> B\u00f3as Matt 1.5<br \/>\n<b>2.2<\/b> G\u00f3\u00f0vilju\u00f0um 1M\u00f3s 6.8; 4M\u00f3s 32.5; 1Sam 25.8; Est 7.3, L\u00fak 1.30<br \/>\n<b>2.4<\/b> Drottinn s\u00e9 me\u00f0 ykkur D\u00f3m 6.12; 1Sam 20.13; 2\u00deess 3.16<br \/>\n<b>2.10<\/b> F\u00e9ll fram 1M\u00f3s 17.3; 3M\u00f3s 9.24; 2Sam 14.4,22<br \/>\n<b>2.11<\/b> Yfirgefi\u00f0 f\u00f6\u00f0ur og m\u00f3\u00f0ur Rut 1.14-19; 1M\u00f3s 2.24; 24.7; Matt 19.29 \u2013 \u00e6ttland \u00feitt 1M\u00f3s 12.1; 24.7<br \/>\n<b>2.13<\/b> Tala\u00f0 vinsamlega 1M\u00f3s 50.21; Jes 40.2; H\u00f3s 2.16<br \/>\n<b>2.20<\/b> Blessa\u00f0ur af Drottni Rut 3.10; 2S 2.5<\/div>\n","protected":false},"excerpt":{"rendered":"<p>1Naom\u00ed \u00e1tti \u00fear fr\u00e6nda manns s\u00edns, r\u00edkan mann af \u00e6tt El\u00edmeleks, og h\u00e9t hann B\u00f3as.2Og Rut hin m\u00f3ab\u00edt\u00edska sag\u00f0i vi\u00f0 Naom\u00ed: \u00c9g \u00e6tla a\u00f0 fara \u00fat \u00e1 akurinn og t\u00edna upp \u00f6x \u00e1 eftir einhverjum \u00feeim, er kann a\u00f0 s\u00fdna m\u00e9r velvild. Naom\u00ed svara\u00f0i henni: Far, \u00fe\u00fa, d\u00f3ttir m\u00edn!3Rut f\u00f3r og t\u00edndi \u00e1 akrinum \u00e1 eftir kornskur\u00f0arm\u00f6nnunum, og henni vildi svo vel til, a\u00f0 teig \u00feennan \u00e1tti B\u00f3as, sem var \u00ed \u00e6tt vi\u00f0 El\u00edmelek.4Og sj\u00e1, B\u00f3as kom fr\u00e1 Betlehem og sag\u00f0i vi\u00f0 kornskur\u00f0armennina: Drottinn s\u00e9 me\u00f0 y\u00f0ur! \u00deeir sv\u00f6ru\u00f0u: Drottinn blessi \u00feig!5B\u00f3as m\u00e6lti vi\u00f0 \u00fej\u00f3n sinn, sem settur var yfir <a href=\"https:\/\/biblian.is\/1981\/rutarbok-2-kafli\/\"> [&#8230;]<\/a><\/p>\n","protected":false},"author":1,"featured_media":0,"parent":0,"menu_order":0,"comment_status":"open","ping_status":"open","template":"bibliukaflar.php","meta":{"footnotes":""},"class_list":["post-1580","page","type-page","status-publish","hentry"],"_links":{"self":[{"href":"https:\/\/biblian.is\/1981\/wp-json\/wp\/v2\/pages\/1580","targetHints":{"allow":["GET"]}}],"collection":[{"href":"https:\/\/biblian.is\/1981\/wp-json\/wp\/v2\/pages"}],"about":[{"href":"https:\/\/biblian.is\/1981\/wp-json\/wp\/v2\/types\/page"}],"author":[{"embeddable":true,"href":"https:\/\/biblian.is\/1981\/wp-json\/wp\/v2\/users\/1"}],"replies":[{"embeddable":true,"href":"https:\/\/biblian.is\/1981\/wp-json\/wp\/v2\/comments?post=1580"}],"version-history":[{"count":0,"href":"https:\/\/biblian.is\/1981\/wp-json\/wp\/v2\/pages\/1580\/revisions"}],"wp:attachment":[{"href":"https:\/\/biblian.is\/1981\/wp-json\/wp\/v2\/media?parent=1580"}],"curies":[{"name":"wp","href":"https:\/\/api.w.org\/{rel}","templated":true}]}}