{"id":1575,"date":"2017-11-18T20:17:50","date_gmt":"2017-11-18T20:17:50","guid":{"rendered":"http:\/\/biblian.is\/1981\/domarabokin-18-kafli\/"},"modified":"2021-06-06T10:50:37","modified_gmt":"2021-06-06T10:50:37","slug":"domarabokin-18-kafli","status":"publish","type":"page","link":"https:\/\/biblian.is\/1981\/domarabokin-18-kafli\/","title":{"rendered":"D\u00f3marab\u00f3kin 18. kafli"},"content":{"rendered":"<p><a name=\"1\"><span class=\"versanumer\">1<\/span><\/a>\u00cd \u00fe\u00e1 daga var enginn konungur \u00ed \u00cdsrael, og \u00ed \u00fe\u00e1 daga var \u00e6ttkv\u00edsl Dan\u00edta a\u00f0 leita s\u00e9r a\u00f0 arfleif\u00f0 til b\u00fasetu, \u00fev\u00ed a\u00f0 henni haf\u00f0i eigi til \u00feess dags hlotnast nein arfleif\u00f0 me\u00f0al \u00e6ttkv\u00edsla \u00cdsraels.<a name=\"2\"><span class=\"versanumer\">2<\/span><\/a>Dans synir sendu \u00fe\u00e1 fimm hrausta menn af kyn\u00fe\u00e6tti s\u00ednum, \u00far s\u00ednum h\u00f3p, fr\u00e1 Sorea og Esta\u00f3l til \u00feess a\u00f0 kanna landi\u00f0 og rannsaka \u00fea\u00f0, og s\u00f6g\u00f0u vi\u00f0 \u00fe\u00e1: Fari\u00f0 og rannsaki\u00f0 landi\u00f0. Og \u00feeir komu upp \u00ed Efra\u00edmfj\u00f6ll, til h\u00fass M\u00edka, og voru \u00fear n\u00e6tursakir.<a name=\"3\"><span class=\"versanumer\">3<\/span><\/a>\u00deegar \u00feeir voru staddir hj\u00e1 h\u00fasi M\u00edka, \u00feekktu \u00feeir m\u00e1lf\u00e6ri hins unga manns, lev\u00edtans, og viku \u00feanga\u00f0 og s\u00f6g\u00f0u vi\u00f0 hann: Hver hefir f\u00e6rt \u00feig hinga\u00f0? Hva\u00f0 hefst \u00fe\u00fa h\u00e9r a\u00f0 og hverja kosti hefir \u00fe\u00fa h\u00e9r?<a name=\"4\"><span class=\"versanumer\">4<\/span><\/a>Og hann sag\u00f0i vi\u00f0 \u00fe\u00e1: Svo og svo hefir M\u00edka gj\u00f6rt vi\u00f0 mig. Hann leig\u00f0i mig, og gj\u00f6r\u00f0ist \u00e9g prestur hans.<a name=\"5\"><span class=\"versanumer\">5<\/span><\/a>\u00de\u00e1 s\u00f6g\u00f0u \u00feeir vi\u00f0 hann: Gakk \u00fe\u00fa til fr\u00e9tta vi\u00f0 Gu\u00f0, svo a\u00f0 v\u00e9r f\u00e1um a\u00f0 vita, hvort f\u00f6r s\u00fa muni l\u00e1nast, sem v\u00e9r n\u00fa erum a\u00f0 fara.<a name=\"6\"><span class=\"versanumer\">6<\/span><\/a>Presturinn svara\u00f0i \u00feeim: Fari\u00f0 heilir. F\u00f6rin, sem \u00fe\u00e9r eru\u00f0 a\u00f0 fara, er Drottni \u00fe\u00f3knanleg.<a name=\"7\"><span class=\"versanumer\">7<\/span><\/a>S\u00ed\u00f0an f\u00f3ru mennirnir fimm lei\u00f0ar sinnar og komu til La\u00eds, og s\u00e1u \u00feeir a\u00f0 f\u00f3lki\u00f0, sem bj\u00f3 \u00fear, var \u00f3hult um sig a\u00f0 h\u00e6tti S\u00eddoninga, \u00f6ruggt og \u00f3hult, og a\u00f0 ekki var skortur \u00e1 neinu \u00fear \u00ed landi og a\u00f0 f\u00f3lki\u00f0 var au\u00f0ugt. \u00deeir voru og langt fr\u00e1 S\u00eddoningum og h\u00f6f\u00f0u engin m\u00f6k vi\u00f0 neinn.<a name=\"8\"><span class=\"versanumer\">8<\/span><\/a>Og \u00feeir komu til br\u00e6\u00f0ra sinna \u00ed Sorea og Esta\u00f3l. Og br\u00e6\u00f0ur \u00feeirra s\u00f6g\u00f0u vi\u00f0 \u00fe\u00e1: Hva\u00f0 hafi\u00f0 \u00fe\u00e9r a\u00f0 segja?<a name=\"9\"><span class=\"versanumer\">9<\/span><\/a>\u00deeir sv\u00f6ru\u00f0u: Af sta\u00f0! V\u00e9r skulum fara \u00ed m\u00f3ti \u00feeim, \u00fev\u00ed a\u00f0 v\u00e9r h\u00f6fum s\u00e9\u00f0 landi\u00f0, og sj\u00e1, \u00fea\u00f0 er mj\u00f6g gott. Og \u00fe\u00e9r eru\u00f0 a\u00f0gj\u00f6r\u00f0alausir! Veri\u00f0 ekki tregir a\u00f0 leggja af sta\u00f0 \u00ed fer\u00f0 \u00feessa til \u00feess a\u00f0 taka landi\u00f0 til eignar.<a name=\"10\"><span class=\"versanumer\">10<\/span><\/a>\u00deegar \u00fe\u00e9r komi\u00f0 \u00feanga\u00f0, munu\u00f0 \u00fe\u00e9r hitta ugglaust f\u00f3lk, og landi\u00f0 er v\u00ed\u00f0\u00e1ttumiki\u00f0 \u00e1 allar hli\u00f0ar, \u00fev\u00ed a\u00f0 Gu\u00f0 hefir gefi\u00f0 \u00fea\u00f0 \u00ed y\u00f0ar hendur, land, \u00fear sem ekki er skortur \u00e1 neinu \u00fev\u00ed, sem til er \u00e1 j\u00f6r\u00f0inni.<a name=\"11\"><span class=\"versanumer\">11<\/span><\/a>\u00de\u00e1 t\u00f3ku sig upp \u00fea\u00f0an, fr\u00e1 Sorea og Esta\u00f3l, sex hundru\u00f0 menn, b\u00fanir hervopnum, af kyn\u00fe\u00e6tti Dan\u00edta.<a name=\"12\"><span class=\"versanumer\">12<\/span><\/a>H\u00e9ldu \u00feeir nor\u00f0ur eftir og settu herb\u00fa\u00f0ir s\u00ednar \u00ed Kirjat Jear\u00edm \u00ed J\u00fada. Fyrir \u00fev\u00ed er s\u00e1 sta\u00f0ur kalla\u00f0ur Dans herb\u00fa\u00f0ir fram \u00e1 \u00feennan dag, sj\u00e1, \u00fea\u00f0 er fyrir vestan Kirjat Jear\u00edm.<a name=\"13\"><span class=\"versanumer\">13<\/span><\/a>\u00dea\u00f0an f\u00f3ru \u00feeir yfir \u00e1 Efra\u00edmfj\u00f6ll og komu til h\u00fass M\u00edka.<a name=\"14\"><span class=\"versanumer\">14<\/span><\/a>\u00de\u00e1 h\u00f3fu mennirnir fimm m\u00e1ls, \u00feeir er fari\u00f0 h\u00f6f\u00f0u til La\u00eds til \u00feess a\u00f0 kanna landi\u00f0, og s\u00f6g\u00f0u vi\u00f0 fr\u00e6ndur s\u00edna: Viti\u00f0 \u00fe\u00e9r, a\u00f0 \u00ed \u00feessum h\u00fasum er h\u00f6kull\u00edkneski, h\u00fasgo\u00f0, skur\u00f0l\u00edkneski og steypt l\u00edkneski? Hyggi\u00f0 n\u00fa a\u00f0, hva\u00f0 \u00fe\u00e9r eigi\u00f0 a\u00f0 gj\u00f6ra!<a name=\"15\"><span class=\"versanumer\">15<\/span><\/a>Og \u00feeir viku \u00feanga\u00f0 og komu \u00ed h\u00fas hins unga manns, lev\u00edtans, \u00ed h\u00fas M\u00edka, og spur\u00f0u hann, hvernig honum li\u00f0i.<a name=\"16\"><span class=\"versanumer\">16<\/span><\/a>En \u00feeir sex hundru\u00f0 menn, sem voru af sonum Dans, st\u00f3\u00f0u b\u00fanir hervopnum fyrir utan hli\u00f0i\u00f0,<a name=\"17\"><span class=\"versanumer\">17<\/span><\/a>og mennirnir fimm, sem fari\u00f0 h\u00f6f\u00f0u a\u00f0 kanna landi\u00f0, f\u00f3ru upp og komu \u00feanga\u00f0, t\u00f3ku skur\u00f0l\u00edkneski\u00f0, h\u00f6kull\u00edkneski\u00f0, h\u00fasgo\u00f0in og steypta l\u00edkneski\u00f0. En presturinn st\u00f3\u00f0 fyrir utan hli\u00f0i\u00f0 og \u00feeir sex hundru\u00f0 menn, b\u00fanir hervopnum.<a name=\"18\"><span class=\"versanumer\">18<\/span><\/a>En er \u00feeir voru komnir inn \u00ed h\u00fas M\u00edka, \u00fe\u00e1 t\u00f3ku \u00feeir skur\u00f0l\u00edkneski\u00f0, h\u00f6kull\u00edkneski\u00f0, h\u00fasgo\u00f0in og steypta l\u00edkneski\u00f0. Og presturinn sag\u00f0i vi\u00f0 \u00fe\u00e1: Hva\u00f0 hafist \u00fe\u00e9r a\u00f0?<a name=\"19\"><span class=\"versanumer\">19<\/span><\/a>En \u00feeir sv\u00f6ru\u00f0u honum: \u00deegi \u00fe\u00fa! Legg \u00fe\u00fa h\u00f6nd \u00fe\u00edna \u00e1 munn \u00fe\u00e9r og far me\u00f0 oss, og ver \u00fe\u00fa fa\u00f0ir vor og prestur! Er \u00fe\u00e9r \u00fea\u00f0 betra a\u00f0 vera heimilisprestur eins manns heldur en a\u00f0 vera prestur hj\u00e1 \u00e6ttkv\u00edsl og kyn\u00fe\u00e6tti \u00ed \u00cdsrael?<a name=\"20\"><span class=\"versanumer\">20<\/span><\/a>Prestur t\u00f3k \u00feessu feginsamlega og t\u00f3k h\u00f6kull\u00edkneski\u00f0, h\u00fasgo\u00f0in og skur\u00f0l\u00edkneski\u00f0 og sl\u00f3st \u00ed f\u00f6r me\u00f0 m\u00f6nnunum.<a name=\"21\"><span class=\"versanumer\">21<\/span><\/a>Sneru \u00feeir n\u00fa \u00e1 lei\u00f0 og h\u00e9ldu af sta\u00f0 og l\u00e9tu b\u00f6rn og b\u00fasmala og ver\u00f0m\u00e6ta hluti fara \u00e1 undan s\u00e9r.<a name=\"22\"><span class=\"versanumer\">22<\/span><\/a>En er \u00feeir voru komnir langt \u00ed burt fr\u00e1 h\u00fasi M\u00edka, \u00fe\u00e1 voru \u00feeir menn, sem bjuggu \u00ed h\u00fasunum hj\u00e1 h\u00fasi M\u00edka, kalla\u00f0ir saman, og eltu \u00feeir Dans syni og n\u00e1\u00f0u \u00feeim.<a name=\"23\"><span class=\"versanumer\">23<\/span><\/a>Og \u00feeir k\u00f6llu\u00f0u til Dans sona, og sneru \u00feeir s\u00e9r \u00fe\u00e1 vi\u00f0 og s\u00f6g\u00f0u vi\u00f0 M\u00edka: Hva\u00f0 stendur til fyrir \u00fe\u00e9r, er \u00fe\u00fa kemur svo fj\u00f6lmennur?<a name=\"24\"><span class=\"versanumer\">24<\/span><\/a>Hann svara\u00f0i: \u00de\u00e9r hafi\u00f0 teki\u00f0 gu\u00f0i m\u00edna, sem \u00e9g haf\u00f0i gj\u00f6rt m\u00e9r, og prestinn, og eru\u00f0 farnir burt. Hva\u00f0 \u00e1 \u00e9g \u00fe\u00e1 eftir? Hvernig geti\u00f0 \u00fe\u00e9r \u00fe\u00e1 spurt mig: Hva\u00f0 stendur til fyrir \u00fe\u00e9r?<a name=\"25\"><span class=\"versanumer\">25<\/span><\/a>\u00de\u00e1 s\u00f6g\u00f0u Dans synir vi\u00f0 hann: Haf engin or\u00f0 vi\u00f0 oss, ella kynnu gremjufullir menn a\u00f0 r\u00e1\u00f0ast \u00e1 y\u00f0ur og \u00fe\u00fa ver\u00f0a valdur a\u00f0 \u00fev\u00ed, a\u00f0 b\u00e6\u00f0i \u00fe\u00fa og \u00feitt h\u00fas t\u00fdni l\u00edfi.<a name=\"26\"><span class=\"versanumer\">26<\/span><\/a>S\u00ed\u00f0an f\u00f3ru Dans synir lei\u00f0ar sinnar. En M\u00edka s\u00e1, a\u00f0 \u00feeir voru honum ofurefli, og sneri \u00fev\u00ed vi\u00f0 og f\u00f3r aftur heim til s\u00edn.<a name=\"27\"><span class=\"versanumer\">27<\/span><\/a>\u00deeir t\u00f3ku skur\u00f0l\u00edkneski\u00f0, sem M\u00edka haf\u00f0i til b\u00fai\u00f0, svo og prestinn, sem hann haf\u00f0i haft, og r\u00e9\u00f0ust \u00e1 La\u00eds, ugglaust f\u00f3lk og \u00f3hult um sig, og felldu \u00fe\u00e1 me\u00f0 sver\u00f0seggjum, en l\u00f6g\u00f0u eld \u00ed borgina.<a name=\"28\"><span class=\"versanumer\">28<\/span><\/a>Og \u00fear var enginn, sem k\u00e6mi \u00feeim til hj\u00e1lpar, \u00fev\u00ed a\u00f0 borgin l\u00e1 langt fr\u00e1 S\u00eddon og \u00feeir h\u00f6f\u00f0u ekki m\u00f6k vi\u00f0 nokkurn mann, enda l\u00e1 borgin \u00ed dalnum, sem er hj\u00e1 Bet-Reh\u00f3b. S\u00ed\u00f0an endurreistu \u00feeir borgina og settust \u00fear a\u00f0.<a name=\"29\"><span class=\"versanumer\">29<\/span><\/a>\u00deeir nefndu borgina Dan, eftir nafni Dans, f\u00f6\u00f0ur \u00feeirra, er f\u00e6ddist \u00cdsrael, en \u00ed \u00f6ndver\u00f0u haf\u00f0i borgin heiti\u00f0 La\u00eds.<a name=\"30\"><span class=\"versanumer\">30<\/span><\/a>Og Dans synir reistu upp skur\u00f0l\u00edkneski\u00f0 handa s\u00e9r, og J\u00f3natan Gers\u00f3msson, M\u00f3sesonar, og synir hans voru prestar hj\u00e1 \u00e6ttkv\u00edsl Dan\u00edta, til \u00feess er f\u00f3lki\u00f0 var flutt burt \u00far landinu.<a name=\"31\"><span class=\"versanumer\">31<\/span><\/a>Og \u00feeir settu upp skur\u00f0l\u00edkneski M\u00edka handa s\u00e9r, \u00fea\u00f0 er hann haf\u00f0i til b\u00fai\u00f0, og st\u00f3\u00f0 \u00fea\u00f0 alla \u00fe\u00e1 stund er Gu\u00f0s h\u00fas var \u00ed S\u00edl\u00f3.<\/p>\n<div class=\"footnote1981\"><b>18.1<\/b> Enginn konungur \u00ed \u00cdsrael D\u00f3m 17.6+<br \/>\n<b>18.2<\/b> Sorea D\u00f3m 13.2 \u2013 Esta\u00f3l D\u00f3m 13.25+ &#8211; kanna landi\u00f0 4M\u00f3s 13.16-17; 5M\u00f3s 1.22-25; J\u00f3s 2.1 \u2013 M\u00edka D\u00f3m 17.1-13<br \/>\n<b>18.5<\/b> Ganga til fr\u00e9tta vi\u00f0 Gu\u00f0 D\u00f3m 1.1+ ; 1Sam 23.9-12<br \/>\n<b>18.6<\/b> Fari\u00f0 heilir 2M\u00f3s 4.18, 1Sam 1.17; L\u00fak 7.50; 8.48<br \/>\n<b>18.8<\/b> Nj\u00f3snarar sn\u00faa aftur 4M\u00f3s 13.25-26<br \/>\n<b>18.9<\/b> F\u00f6rum \u00feanga\u00f0 4M\u00f3s 13.30 \u2013 gott land 4M\u00f3s 13.27; 14.7<br \/>\n<b>18.10<\/b> Gu\u00f0 hefir gefi\u00f0 landi\u00f0 J\u00f3s 2.24<br \/>\n<b>18.13<\/b> Efra\u00edmfj\u00f6ll D\u00f3m 3.27+<br \/>\n<b>18.14<\/b> Hyggi\u00f0 n\u00fa a\u00f0 \u2026 1Sam 25.17<br \/>\n<b>18.19<\/b> Legg\u00f0u h\u00f6nd \u00e1 munn \u00fe\u00e9r M\u00edk 7.16; Job 21.5; 29.9; 40.4; Okv 30.32; SSal 8.12<br \/>\n<b>18.22<\/b> Eltu &#8230; 1M\u00f3s 31.23<br \/>\n<b>18.28<\/b> Bet-Reh\u00f3b 4M\u00f3s 13.21<br \/>\n<b>18.29<\/b> Borgin Dan J\u00f3s 19.47 \u2013 Dan, fa\u00f0ir \u00feeirra 1M\u00f3s 30.6<br \/>\n<b>18.30<\/b> Gers\u00f3m Manasseson 2M\u00f3s 2.22; 18.3<br \/>\n<b>18.31<\/b> Helgid\u00f3mur \u00ed S\u00edl\u00f3 D\u00f3m 21.19; J\u00f3s 18.1,8; 1Sam 1.3,9,24 \u2013 ey\u00f0ilegging hans Jer 7.12; 26.6,9<\/div>\n","protected":false},"excerpt":{"rendered":"<p>1\u00cd \u00fe\u00e1 daga var enginn konungur \u00ed \u00cdsrael, og \u00ed \u00fe\u00e1 daga var \u00e6ttkv\u00edsl Dan\u00edta a\u00f0 leita s\u00e9r a\u00f0 arfleif\u00f0 til b\u00fasetu, \u00fev\u00ed a\u00f0 henni haf\u00f0i eigi til \u00feess dags hlotnast nein arfleif\u00f0 me\u00f0al \u00e6ttkv\u00edsla \u00cdsraels.2Dans synir sendu \u00fe\u00e1 fimm hrausta menn af kyn\u00fe\u00e6tti s\u00ednum, \u00far s\u00ednum h\u00f3p, fr\u00e1 Sorea og Esta\u00f3l til \u00feess a\u00f0 kanna landi\u00f0 og rannsaka \u00fea\u00f0, og s\u00f6g\u00f0u vi\u00f0 \u00fe\u00e1: Fari\u00f0 og rannsaki\u00f0 landi\u00f0. Og \u00feeir komu upp \u00ed Efra\u00edmfj\u00f6ll, til h\u00fass M\u00edka, og voru \u00fear n\u00e6tursakir.3\u00deegar \u00feeir voru staddir hj\u00e1 h\u00fasi M\u00edka, \u00feekktu \u00feeir m\u00e1lf\u00e6ri hins unga manns, lev\u00edtans, og viku \u00feanga\u00f0 og s\u00f6g\u00f0u vi\u00f0 <a href=\"https:\/\/biblian.is\/1981\/domarabokin-18-kafli\/\"> [&#8230;]<\/a><\/p>\n","protected":false},"author":1,"featured_media":0,"parent":0,"menu_order":0,"comment_status":"open","ping_status":"open","template":"bibliukaflar.php","meta":{"footnotes":""},"class_list":["post-1575","page","type-page","status-publish","hentry"],"_links":{"self":[{"href":"https:\/\/biblian.is\/1981\/wp-json\/wp\/v2\/pages\/1575","targetHints":{"allow":["GET"]}}],"collection":[{"href":"https:\/\/biblian.is\/1981\/wp-json\/wp\/v2\/pages"}],"about":[{"href":"https:\/\/biblian.is\/1981\/wp-json\/wp\/v2\/types\/page"}],"author":[{"embeddable":true,"href":"https:\/\/biblian.is\/1981\/wp-json\/wp\/v2\/users\/1"}],"replies":[{"embeddable":true,"href":"https:\/\/biblian.is\/1981\/wp-json\/wp\/v2\/comments?post=1575"}],"version-history":[{"count":0,"href":"https:\/\/biblian.is\/1981\/wp-json\/wp\/v2\/pages\/1575\/revisions"}],"wp:attachment":[{"href":"https:\/\/biblian.is\/1981\/wp-json\/wp\/v2\/media?parent=1575"}],"curies":[{"name":"wp","href":"https:\/\/api.w.org\/{rel}","templated":true}]}}