{"id":1573,"date":"2017-11-18T20:17:50","date_gmt":"2017-11-18T20:17:50","guid":{"rendered":"http:\/\/biblian.is\/1981\/domarabokin-16-kafli\/"},"modified":"2021-06-06T10:50:36","modified_gmt":"2021-06-06T10:50:36","slug":"domarabokin-16-kafli","status":"publish","type":"page","link":"https:\/\/biblian.is\/1981\/domarabokin-16-kafli\/","title":{"rendered":"D\u00f3marab\u00f3kin 16. kafli"},"content":{"rendered":"<p><a name=\"1\"><span class=\"versanumer\">1<\/span><\/a>Samson f\u00f3r til Gasa. \u00dear s\u00e1 hann portkonu eina og gekk inn til hennar.<a name=\"2\"><span class=\"versanumer\">2<\/span><\/a>\u00de\u00e1 var Gasab\u00faum sagt svo fr\u00e1: Samson er h\u00e9r kominn. En \u00feeir umkringdu hann og gj\u00f6r\u00f0u honum fyrirs\u00e1t alla n\u00f3ttina \u00ed borgarhli\u00f0inu, en h\u00f6f\u00f0u \u00fe\u00f3 hlj\u00f3tt um sig alla n\u00f3ttina, me\u00f0 \u00fev\u00ed a\u00f0 \u00feeir hugsu\u00f0u: \u00deegar birtir af degi, skulum v\u00e9r drepa hann.<a name=\"3\"><span class=\"versanumer\">3<\/span><\/a>En Samson svaf til mi\u00f0rar n\u00e6tur. En um mi\u00f0ja n\u00f3tt reis hann \u00e1 f\u00e6tur, \u00fereif hur\u00f0irnar \u00e1 borgarhli\u00f0inu, \u00e1samt b\u00e1\u00f0um dyrast\u00f6funum, og kippti \u00feeim upp \u00e1samt slagbrandinum og lag\u00f0i \u00e1 her\u00f0ar s\u00e9r og bar \u00fe\u00e6r efst upp \u00e1 fjalli\u00f0, sem er gegnt Hebron.<a name=\"4\"><span class=\"versanumer\">4<\/span><\/a>Eftir \u00feetta bar svo vi\u00f0, a\u00f0 Samson felldi \u00e1starhug til konu einnar \u00ed S\u00f3rekdal. H\u00fan h\u00e9t Dal\u00edla.<a name=\"5\"><span class=\"versanumer\">5<\/span><\/a>H\u00f6f\u00f0ingjar Filista komu til hennar og s\u00f6g\u00f0u vi\u00f0 hana: Ginn \u00fe\u00fa hann og komstu a\u00f0 \u00fev\u00ed, \u00ed hverju hi\u00f0 mikla afl hans er f\u00f3lgi\u00f0 og me\u00f0 hverju m\u00f3ti v\u00e9r f\u00e1um yfirbuga\u00f0 hann, svo a\u00f0 v\u00e9r getum bundi\u00f0 hann og \u00fej\u00e1\u00f0 hann, og munum v\u00e9r gefa \u00fe\u00e9r hver um sig eitt \u00fe\u00fasund sikla silfurs og hundra\u00f0i betur.<a name=\"6\"><span class=\"versanumer\">6<\/span><\/a>Dal\u00edla sag\u00f0i \u00fe\u00e1 vi\u00f0 Samson: Seg m\u00e9r, \u00ed hverju hi\u00f0 mikla afl \u00feitt er f\u00f3lgi\u00f0 og me\u00f0 hverju \u00fe\u00fa ver\u00f0ur bundinn, svo a\u00f0 menn eigi alls kostar vi\u00f0 \u00feig.<a name=\"7\"><span class=\"versanumer\">7<\/span><\/a>Samson svara\u00f0i henni: Ef menn binda mig me\u00f0 sj\u00f6 n\u00fdjum strengjum, sem ekki eru \u00feurrir or\u00f0nir, \u00fe\u00e1 gj\u00f6rist \u00e9g linur og ver\u00f0 eins og hver annar ma\u00f0ur.<a name=\"8\"><span class=\"versanumer\">8<\/span><\/a>\u00de\u00e1 f\u00e6r\u00f0u h\u00f6f\u00f0ingjar Filista henni sj\u00f6 n\u00fdja strengi, sem ekki voru \u00feurrir or\u00f0nir, og h\u00fan batt hann me\u00f0 \u00feeim.<a name=\"9\"><span class=\"versanumer\">9<\/span><\/a>En mennina, er um hann s\u00e1tu, haf\u00f0i h\u00fan hj\u00e1 s\u00e9r \u00ed svefnh\u00fasinu. \u00dev\u00ed n\u00e6st sag\u00f0i h\u00fan vi\u00f0 hann: Filistar yfir \u00feig, Samson! \u00de\u00e1 sleit hann sundur strengina, eins og h\u00f6r\u00fer\u00e1\u00f0ur slitnar sundur, er hann kennir elds, og ekki var\u00f0 komist fyrir afl hans.<a name=\"10\"><span class=\"versanumer\">10<\/span><\/a>\u00de\u00e1 sag\u00f0i Dal\u00edla vi\u00f0 Samson: Sj\u00e1, \u00fe\u00fa hefir blekkt mig og logi\u00f0 a\u00f0 m\u00e9r! Seg m\u00e9r n\u00fa, me\u00f0 hverju \u00fe\u00fa ver\u00f0ur bundinn.<a name=\"11\"><span class=\"versanumer\">11<\/span><\/a>Hann svara\u00f0i henni: Ef menn binda mig me\u00f0 n\u00fdjum reipum, sem ekki hafa veri\u00f0 h\u00f6f\u00f0 til neinnar vinnu, \u00fe\u00e1 gj\u00f6rist \u00e9g linur og ver\u00f0 sem hver annar ma\u00f0ur.<a name=\"12\"><span class=\"versanumer\">12<\/span><\/a>\u00de\u00e1 t\u00f3k Dal\u00edla n\u00fd reipi og batt hann me\u00f0 \u00feeim og sag\u00f0i vi\u00f0 hann: Filistar yfir \u00feig, Samson! og mennirnir, er um hann s\u00e1tu, voru \u00ed svefnh\u00fasinu. En hann sleit \u00feau af armleggjum s\u00e9r sem \u00fer\u00e1\u00f0ur v\u00e6ri.<a name=\"13\"><span class=\"versanumer\">13<\/span><\/a>Og Dal\u00edla sag\u00f0i vi\u00f0 Samson: Enn hefir \u00fe\u00fa blekkt mig og logi\u00f0 a\u00f0 m\u00e9r. Seg m\u00e9r, me\u00f0 hverju \u00fe\u00fa ver\u00f0ur bundinn. En hann sag\u00f0i vi\u00f0 hana: Ef \u00fe\u00fa vefur h\u00e1rlokkana sj\u00f6 \u00e1 h\u00f6f\u00f0i m\u00e9r saman vi\u00f0 uppist\u00f6\u00f0una \u00ed vef.<a name=\"14\"><span class=\"versanumer\">14<\/span><\/a>Og h\u00fan festi \u00fe\u00e1 me\u00f0 nagla og sag\u00f0i vi\u00f0 hann: Filistar yfir \u00feig, Samson! \u00de\u00e1 vakna\u00f0i hann af svefninum og kippti \u00fat vefjarnaglanum og uppist\u00f6\u00f0unni.<a name=\"15\"><span class=\"versanumer\">15<\/span><\/a>\u00de\u00e1 sag\u00f0i h\u00fan vi\u00f0 hann: Hvernig getur \u00fe\u00fa sagt: \u00c9g elska \u00feig! \u00fear sem \u00fe\u00fa ert ekki einl\u00e6gur vi\u00f0 mig? \u00derisvar sinnum hefir \u00fe\u00fa n\u00fa blekkt mig og ekki sagt m\u00e9r, \u00ed hverju hi\u00f0 mikla afl \u00feitt s\u00e9 f\u00f3lgi\u00f0.<a name=\"16\"><span class=\"versanumer\">16<\/span><\/a>En er h\u00fan nau\u00f0a\u00f0i \u00e1 honum alla daga me\u00f0 or\u00f0um s\u00ednum og gekk \u00e1 hann fastlega, \u00fe\u00e1 var\u00f0 hann dau\u00f0lei\u00f0ur \u00e1 \u00fev\u00ed<a name=\"17\"><span class=\"versanumer\">17<\/span><\/a>og sag\u00f0i henni allt hjarta sitt og m\u00e6lti til hennar: Aldrei hefir rakhn\u00edfur komi\u00f0 \u00e1 h\u00f6fu\u00f0 mitt, \u00fev\u00ed a\u00f0 \u00e9g er Gu\u00f0i helga\u00f0ur \u00ed fr\u00e1 m\u00f3\u00f0url\u00edfi. V\u00e6ri n\u00fa h\u00e1r mitt skori\u00f0, \u00fe\u00e1 hyrfi afl mitt fr\u00e1 m\u00e9r og \u00e9g gj\u00f6r\u00f0ist linur og yr\u00f0i sem allir menn a\u00f0rir.<a name=\"18\"><span class=\"versanumer\">18<\/span><\/a>\u00deegar Dal\u00edla s\u00e1, a\u00f0 hann haf\u00f0i sagt henni allt hjarta sitt, \u00fe\u00e1 sendi h\u00fan og l\u00e9t kalla h\u00f6f\u00f0ingja Filista, og l\u00e9t h\u00fan segja \u00feeim: N\u00fa skulu\u00f0 \u00fe\u00e9r koma, \u00fev\u00ed a\u00f0 hann hefir sagt m\u00e9r allt hjarta sitt. \u00de\u00e1 f\u00f3ru h\u00f6f\u00f0ingjar Filista til hennar og h\u00f6f\u00f0u silfri\u00f0 me\u00f0 s\u00e9r.<a name=\"19\"><span class=\"versanumer\">19<\/span><\/a>En h\u00fan sv\u00e6f\u00f0i hann \u00e1 skauti s\u00ednu og kalla\u00f0i \u00e1 mann og l\u00e9t hann skera h\u00e1rlokkana sj\u00f6 af h\u00f6f\u00f0i honum. Og h\u00fan t\u00f3k a\u00f0 \u00fej\u00e1 hann, en afl hans var fr\u00e1 honum horfi\u00f0.<a name=\"20\"><span class=\"versanumer\">20<\/span><\/a>\u00de\u00e1 sag\u00f0i h\u00fan: Filistar yfir \u00feig, Samson! \u00de\u00e1 vakna\u00f0i hann af svefninum og hugsa\u00f0i: \u00c9g slepp \u00ed \u00feetta sinn sem hin fyrri og sl\u00edt mig lausan! En hann vissi ekki, a\u00f0 Drottinn var vikinn fr\u00e1 honum.<a name=\"21\"><span class=\"versanumer\">21<\/span><\/a>Filistar t\u00f3ku hann h\u00f6ndum og stungu \u00far honum augun og f\u00f3ru me\u00f0 hann ni\u00f0ur til Gasa og bundu hann eirfj\u00f6trum, og var\u00f0 hann a\u00f0 draga kv\u00f6rn \u00ed d\u00fdflissunni.<a name=\"22\"><span class=\"versanumer\">22<\/span><\/a>En h\u00f6fu\u00f0h\u00e1r hans t\u00f3k aftur a\u00f0 vaxa, eftir a\u00f0 \u00fea\u00f0 haf\u00f0i veri\u00f0 skori\u00f0.<a name=\"23\"><span class=\"versanumer\">23<\/span><\/a>N\u00fa s\u00f6fnu\u00f0ust h\u00f6f\u00f0ingjar Filista saman til \u00feess a\u00f0 f\u00e6ra Dag\u00f3n, gu\u00f0i s\u00ednum, f\u00f3rn mikla og til \u00feess a\u00f0 gj\u00f6ra s\u00e9r glatt, me\u00f0 \u00fev\u00ed a\u00f0 \u00feeir s\u00f6g\u00f0u: Gu\u00f0 vor hefir gefi\u00f0 Samson, \u00f3vin vorn, \u00ed vorar hendur.<a name=\"24\"><span class=\"versanumer\">24<\/span><\/a>Og er f\u00f3lki\u00f0 s\u00e1 hann, vegs\u00f6mu\u00f0u \u00feeir gu\u00f0 sinn, \u00fev\u00ed a\u00f0 \u00feeir s\u00f6g\u00f0u: Gu\u00f0 vor hefir gefi\u00f0 \u00f3vin vorn \u00ed vorar hendur, hann sem eytt hefir land vort og drepi\u00f0 hefir marga menn af oss.<a name=\"25\"><span class=\"versanumer\">25<\/span><\/a>En er \u00feeir n\u00fa gj\u00f6r\u00f0ust gla\u00f0ir, s\u00f6g\u00f0u \u00feeir: L\u00e1ti\u00f0 s\u00e6kja Samson, til \u00feess a\u00f0 hann skemmti oss. L\u00e9tu \u00feeir n\u00fa s\u00e6kja Samson \u00far d\u00fdflissunni, og var\u00f0 hann a\u00f0 skemmta \u00feeim. Og \u00feeir h\u00f6f\u00f0u sett hann milli s\u00falnanna.<a name=\"26\"><span class=\"versanumer\">26<\/span><\/a>\u00de\u00e1 sag\u00f0i Samson vi\u00f0 sveininn, sem leiddi hann: Slepptu m\u00e9r og leyf\u00f0u m\u00e9r a\u00f0 \u00fereifa \u00e1 s\u00falunum, sem h\u00fasi\u00f0 hv\u00edlir \u00e1, svo a\u00f0 \u00e9g geti stutt mig upp vi\u00f0 \u00fe\u00e6r.<a name=\"27\"><span class=\"versanumer\">27<\/span><\/a>En h\u00fasi\u00f0 var fullt af k\u00f6rlum og konum. \u00dear voru og allir h\u00f6f\u00f0ingjar Filista, og uppi \u00e1 \u00feakinu voru um \u00ferj\u00fa \u00fe\u00fasund karla og kvenna, sem horf\u00f0u \u00e1, er Samson skemmti.<a name=\"28\"><span class=\"versanumer\">28<\/span><\/a>\u00de\u00e1 hr\u00f3pa\u00f0i Samson til Drottins og sag\u00f0i: Drottinn Gu\u00f0! Minnstu m\u00edn! Styrk mig n\u00fa, Gu\u00f0, \u00ed \u00feetta eina sinn, svo a\u00f0 \u00e9g geti hefnt m\u00edn \u00e1 Filistum fyrir b\u00e6\u00f0i augun m\u00edn \u00ed einu!<a name=\"29\"><span class=\"versanumer\">29<\/span><\/a>\u00dev\u00ed n\u00e6st \u00fereif Samson \u00ed b\u00e1\u00f0ar mi\u00f0s\u00falurnar, sem h\u00fasi\u00f0 hv\u00edldi \u00e1, h\u00e6gri hendinni \u00ed a\u00f0ra og vinstri hendinni \u00ed hina, og treysti \u00e1.<a name=\"30\"><span class=\"versanumer\">30<\/span><\/a>\u00de\u00e1 m\u00e6lti Samson: Deyi n\u00fa s\u00e1la m\u00edn me\u00f0 Filistum! S\u00ed\u00f0an lag\u00f0ist hann \u00e1 af \u00f6llu afli, svo a\u00f0 h\u00fasi\u00f0 f\u00e9ll ofan \u00e1 h\u00f6f\u00f0ingjana og allt f\u00f3lki\u00f0, er \u00ed \u00fev\u00ed var, og \u00feeir dau\u00f0u, sem hann drap um lei\u00f0 og hann bei\u00f0 bana, voru fleiri en \u00feeir, er hann haf\u00f0i drepi\u00f0 um \u00e6vina.<a name=\"31\"><span class=\"versanumer\">31<\/span><\/a>Br\u00e6\u00f0ur hans f\u00f3ru ofan og allt \u00e6ttf\u00f3lk hans, og t\u00f3ku \u00feeir hann og f\u00f3ru upp \u00fea\u00f0an me\u00f0 hann og j\u00f6r\u00f0u\u00f0u hann millum Sorea og Esta\u00f3l, \u00ed gr\u00f6f Man\u00f3a f\u00f6\u00f0ur hans. En hann haf\u00f0i veri\u00f0 d\u00f3mari \u00ed \u00cdsrael \u00ed tuttugu \u00e1r.<\/p>\n<div class=\"footnote1981\"><b>16.1<\/b> Gasa J\u00f3s 13.3 \u2013 gekk inn til sk\u00e6kju J\u00f3s 2.1<br \/>\n<b>16.5<\/b> H\u00f6f\u00f0ingjar Filistea J\u00f3s 13.3 \u2013 ginntu D\u00f3m 14.15-17<br \/>\n<b>16.17<\/b> Rakhn\u00edfur D\u00f3m 13.5<br \/>\n<b>16.20<\/b> Vikinn fr\u00e1 honum 1Sam 16.14; 18.12; 28.15<br \/>\n<b>16.21<\/b> Draga kv\u00f6rn Job 31.10; sbr Matt 24.41<br \/>\n<b>16.23<\/b> H\u00f6f\u00f0ingjar Filistea v.5+ &#8211; Dag\u00f3n, 1Sam 5.2-7; sbr J\u00f3s 15.41; 19.27<br \/>\n<b>16.31<\/b> Sorea, Esta\u00f3l D\u00f3m 13.25 \u2013 Samson, d\u00f3mari D\u00f3m 15.20<\/div>\n","protected":false},"excerpt":{"rendered":"<p>1Samson f\u00f3r til Gasa. \u00dear s\u00e1 hann portkonu eina og gekk inn til hennar.2\u00de\u00e1 var Gasab\u00faum sagt svo fr\u00e1: Samson er h\u00e9r kominn. En \u00feeir umkringdu hann og gj\u00f6r\u00f0u honum fyrirs\u00e1t alla n\u00f3ttina \u00ed borgarhli\u00f0inu, en h\u00f6f\u00f0u \u00fe\u00f3 hlj\u00f3tt um sig alla n\u00f3ttina, me\u00f0 \u00fev\u00ed a\u00f0 \u00feeir hugsu\u00f0u: \u00deegar birtir af degi, skulum v\u00e9r drepa hann.3En Samson svaf til mi\u00f0rar n\u00e6tur. En um mi\u00f0ja n\u00f3tt reis hann \u00e1 f\u00e6tur, \u00fereif hur\u00f0irnar \u00e1 borgarhli\u00f0inu, \u00e1samt b\u00e1\u00f0um dyrast\u00f6funum, og kippti \u00feeim upp \u00e1samt slagbrandinum og lag\u00f0i \u00e1 her\u00f0ar s\u00e9r og bar \u00fe\u00e6r efst upp \u00e1 fjalli\u00f0, sem er gegnt Hebron.4Eftir \u00feetta bar <a href=\"https:\/\/biblian.is\/1981\/domarabokin-16-kafli\/\"> [&#8230;]<\/a><\/p>\n","protected":false},"author":1,"featured_media":0,"parent":0,"menu_order":0,"comment_status":"open","ping_status":"open","template":"bibliukaflar.php","meta":{"footnotes":""},"class_list":["post-1573","page","type-page","status-publish","hentry"],"_links":{"self":[{"href":"https:\/\/biblian.is\/1981\/wp-json\/wp\/v2\/pages\/1573","targetHints":{"allow":["GET"]}}],"collection":[{"href":"https:\/\/biblian.is\/1981\/wp-json\/wp\/v2\/pages"}],"about":[{"href":"https:\/\/biblian.is\/1981\/wp-json\/wp\/v2\/types\/page"}],"author":[{"embeddable":true,"href":"https:\/\/biblian.is\/1981\/wp-json\/wp\/v2\/users\/1"}],"replies":[{"embeddable":true,"href":"https:\/\/biblian.is\/1981\/wp-json\/wp\/v2\/comments?post=1573"}],"version-history":[{"count":0,"href":"https:\/\/biblian.is\/1981\/wp-json\/wp\/v2\/pages\/1573\/revisions"}],"wp:attachment":[{"href":"https:\/\/biblian.is\/1981\/wp-json\/wp\/v2\/media?parent=1573"}],"curies":[{"name":"wp","href":"https:\/\/api.w.org\/{rel}","templated":true}]}}