{"id":1572,"date":"2017-11-18T20:17:50","date_gmt":"2017-11-18T20:17:50","guid":{"rendered":"http:\/\/biblian.is\/1981\/domarabokin-15-kafli\/"},"modified":"2021-06-06T10:50:36","modified_gmt":"2021-06-06T10:50:36","slug":"domarabokin-15-kafli","status":"publish","type":"page","link":"https:\/\/biblian.is\/1981\/domarabokin-15-kafli\/","title":{"rendered":"D\u00f3marab\u00f3kin 15. kafli"},"content":{"rendered":"<p><a name=\"1\"><span class=\"versanumer\">1<\/span><\/a>A\u00f0 nokkrum t\u00edma li\u00f0num kom Samson um hveitiuppskerut\u00edmann a\u00f0 vitja konu sinnar og haf\u00f0i me\u00f0 s\u00e9r hafurki\u00f0. Og hann sag\u00f0i vi\u00f0 f\u00f6\u00f0ur hennar: Leyf m\u00e9r a\u00f0 ganga inn \u00ed afh\u00fdsi\u00f0 til konu minnar! En fa\u00f0ir hennar vildi ekki leyfa honum inn a\u00f0 ganga.<a name=\"2\"><span class=\"versanumer\">2<\/span><\/a>Og fa\u00f0ir hennar sag\u00f0i: \u00c9g var fullviss um, a\u00f0 \u00fe\u00fa hef\u00f0ir fengi\u00f0 megna \u00f3beit \u00e1 henni og gifti hana \u00fev\u00ed br\u00fa\u00f0arsveini \u00fe\u00ednum, en yngri systir hennar er fr\u00ed\u00f0ari en h\u00fan, hana skalt \u00fe\u00fa f\u00e1 \u00ed hennar sta\u00f0.<a name=\"3\"><span class=\"versanumer\">3<\/span><\/a>\u00de\u00e1 sag\u00f0i Samson vi\u00f0 \u00fe\u00e1: N\u00fa ber \u00e9g enga s\u00f6k \u00e1 \u00fev\u00ed vi\u00f0 Filista, \u00fe\u00f3 a\u00f0 \u00e9g vinni \u00feeim mein.<a name=\"4\"><span class=\"versanumer\">4<\/span><\/a>S\u00ed\u00f0an f\u00f3r Samson og veiddi \u00ferj\u00fa hundru\u00f0 refi, t\u00f3k blys, sneri h\u00f6lunum saman og batt eitt blys millum hverra tveggja hala.<a name=\"5\"><span class=\"versanumer\">5<\/span><\/a>S\u00ed\u00f0an kveikti hann \u00ed blysunum og sleppti \u00fev\u00ed n\u00e6st refunum inn \u00e1 kornakra Filista og brenndi \u00feannig b\u00e6\u00f0i kerfaskr\u00faf, \u00f3slegi\u00f0 korn, v\u00edngar\u00f0a og ol\u00edugar\u00f0a.<a name=\"6\"><span class=\"versanumer\">6<\/span><\/a>\u00de\u00e1 s\u00f6g\u00f0u Filistar: Hver hefir gj\u00f6rt \u00feetta? Og menn sv\u00f6ru\u00f0u: Samson, tengdasonur Timn\u00edtans, \u00fev\u00ed a\u00f0 hann hefir teki\u00f0 fr\u00e1 honum konuna og gift hana br\u00fa\u00f0arsveini hans. \u00de\u00e1 f\u00f3ru Filistar upp \u00feanga\u00f0 og brenndu hana inni og f\u00f6\u00f0ur hennar.<a name=\"7\"><span class=\"versanumer\">7<\/span><\/a>En Samson sag\u00f0i vi\u00f0 \u00fe\u00e1: Fyrst \u00fe\u00e9r a\u00f0hafist sl\u00edkt, mun \u00e9g ekki h\u00e6tta fyrr en \u00e9g hefi hefnt m\u00edn \u00e1 y\u00f0ur.<a name=\"8\"><span class=\"versanumer\">8<\/span><\/a>S\u00ed\u00f0an bar\u00f0i hann svo \u00f3\u00feyrmilega \u00e1 \u00feeim, a\u00f0 sundur gengu l\u00e6r og leggir. Og hann f\u00f3r \u00fea\u00f0an og settist a\u00f0 \u00ed Etamklettaskoru.<a name=\"9\"><span class=\"versanumer\">9<\/span><\/a>\u00de\u00e1 f\u00f3ru Filistar upp eftir og settu herb\u00fa\u00f0ir s\u00ednar \u00ed J\u00fada og dreif\u00f0u s\u00e9r um Lek\u00ed.<a name=\"10\"><span class=\"versanumer\">10<\/span><\/a>Og J\u00fadamenn s\u00f6g\u00f0u: Hv\u00ed hafi\u00f0 \u00fe\u00e9r fari\u00f0 \u00ed m\u00f3ti oss? En \u00feeir sv\u00f6ru\u00f0u: V\u00e9r erum hinga\u00f0 komnir til \u00feess a\u00f0 binda Samson, svo a\u00f0 v\u00e9r megum me\u00f0 hann fara sem hann hefir fari\u00f0 me\u00f0 oss.<a name=\"11\"><span class=\"versanumer\">11<\/span><\/a>\u00de\u00e1 f\u00f3ru \u00ferj\u00fa \u00fe\u00fasund manns fr\u00e1 J\u00fada ofan til Etamklettaskoru og s\u00f6g\u00f0u vi\u00f0 Samson: Veist \u00fe\u00fa ekki, a\u00f0 Filistar drottna yfir oss? Hv\u00ed hefir \u00fe\u00fa \u00fe\u00e1 gj\u00f6rt oss \u00feetta? Hann svara\u00f0i \u00feeim: Eins og \u00feeir f\u00f3ru me\u00f0 mig, svo hefi \u00e9g fari\u00f0 me\u00f0 \u00fe\u00e1.<a name=\"12\"><span class=\"versanumer\">12<\/span><\/a>\u00deeir s\u00f6g\u00f0u vi\u00f0 hann: V\u00e9r erum hinga\u00f0 komnir til a\u00f0 binda \u00feig, svo a\u00f0 v\u00e9r getum selt \u00feig \u00ed hendur Filista. \u00de\u00e1 sag\u00f0i Samson vi\u00f0 \u00fe\u00e1: Vinni\u00f0 m\u00e9r ei\u00f0 a\u00f0 \u00fev\u00ed, a\u00f0 \u00fe\u00e9r sj\u00e1lfir skuli\u00f0 ekki drepa mig.<a name=\"13\"><span class=\"versanumer\">13<\/span><\/a>\u00deeir sv\u00f6ru\u00f0u honum: Nei, v\u00e9r munum a\u00f0eins binda \u00feig og selja \u00feig \u00ed hendur \u00feeirra en drepa \u00feig munum v\u00e9r ekki. Og \u00feeir bundu hann me\u00f0 tveimur reipum n\u00fdjum og f\u00f3ru me\u00f0 hann burt fr\u00e1 klettinum.<a name=\"14\"><span class=\"versanumer\">14<\/span><\/a>En er Samson kom til Lek\u00ed, f\u00f3ru Filistar me\u00f0 \u00f3pi miklu \u00ed m\u00f3ti honum. \u00de\u00e1 kom andi Drottins yfir hann, og ur\u00f0u reipin, sem voru um armleggi hans, sem \u00fer\u00e6\u00f0ir \u00ed eldi brunnir, og hrukku fj\u00f6trarnir sundur af h\u00f6ndum hans.<a name=\"15\"><span class=\"versanumer\">15<\/span><\/a>Og hann fann n\u00fdjan asnakj\u00e1lka, r\u00e9tti \u00fat h\u00f6ndina og t\u00f3k hann og laust me\u00f0 honum \u00fe\u00fasund manns.<a name=\"16\"><span class=\"versanumer\">16<\/span><\/a>\u00de\u00e1 sag\u00f0i Samson: Me\u00f0 asnakj\u00e1lka hefi \u00e9g gj\u00f6rsamlega flegi\u00f0 \u00fe\u00e1, me\u00f0 asnakj\u00e1lka hefi \u00e9g bana\u00f0 \u00fe\u00fasund manns!<a name=\"17\"><span class=\"versanumer\">17<\/span><\/a>Og er hann haf\u00f0i m\u00e6lt \u00feetta, varpa\u00f0i hann kj\u00e1lkanum \u00far hendi s\u00e9r, og var \u00feessi sta\u00f0ur upp fr\u00e1 \u00fev\u00ed nefndur Ramat Lek\u00ed.<a name=\"18\"><span class=\"versanumer\">18<\/span><\/a>En Samson var mj\u00f6g \u00feyrstur og hr\u00f3pa\u00f0i \u00fev\u00ed til Drottins og m\u00e6lti: \u00de\u00fa hefir veitt \u00feennan mikla sigur fyrir h\u00f6nd \u00fej\u00f3ns \u00fe\u00edns, en n\u00fa hl\u00fdt \u00e9g a\u00f0 deyja af \u00feorsta og falla \u00ed hendur \u00f3umskorinna manna!<a name=\"19\"><span class=\"versanumer\">19<\/span><\/a>\u00de\u00e1 klauf Gu\u00f0 holuna, sem var \u00ed Lek\u00ed, svo a\u00f0 vatn rann fram \u00far henni. En er hann haf\u00f0i drukki\u00f0, kom andi hans aftur og hann lifna\u00f0i vi\u00f0. Fyrir \u00fev\u00ed var h\u00fan nefnd Hr\u00f3pandans lind. H\u00fan er \u00ed Lek\u00ed fram \u00e1 \u00feennan dag.<a name=\"20\"><span class=\"versanumer\">20<\/span><\/a>En Samson var d\u00f3mari \u00ed \u00cdsrael um daga Filista \u00ed tuttugu \u00e1r.<\/p>\n<div class=\"footnote1981\"><b>15.6<\/b> Brenndu inni D\u00f3m 14.15<br \/>\n<b>15.14<\/b> Andi Drottins D\u00f3m 3.10+<br \/>\n<b>15.18<\/b> \u00d3umskornir (Filistar) D\u00f3m 14.3+<br \/>\n<b>15.19<\/b> Vatn af kletti 2M\u00f3s 17.6; Slm 78.15-16<br \/>\n<b>15.20<\/b> Samson, d\u00f3mari \u00ed \u00cdsrael D\u00f3m 16.31<\/div>\n","protected":false},"excerpt":{"rendered":"<p>1A\u00f0 nokkrum t\u00edma li\u00f0num kom Samson um hveitiuppskerut\u00edmann a\u00f0 vitja konu sinnar og haf\u00f0i me\u00f0 s\u00e9r hafurki\u00f0. Og hann sag\u00f0i vi\u00f0 f\u00f6\u00f0ur hennar: Leyf m\u00e9r a\u00f0 ganga inn \u00ed afh\u00fdsi\u00f0 til konu minnar! En fa\u00f0ir hennar vildi ekki leyfa honum inn a\u00f0 ganga.2Og fa\u00f0ir hennar sag\u00f0i: \u00c9g var fullviss um, a\u00f0 \u00fe\u00fa hef\u00f0ir fengi\u00f0 megna \u00f3beit \u00e1 henni og gifti hana \u00fev\u00ed br\u00fa\u00f0arsveini \u00fe\u00ednum, en yngri systir hennar er fr\u00ed\u00f0ari en h\u00fan, hana skalt \u00fe\u00fa f\u00e1 \u00ed hennar sta\u00f0.3\u00de\u00e1 sag\u00f0i Samson vi\u00f0 \u00fe\u00e1: N\u00fa ber \u00e9g enga s\u00f6k \u00e1 \u00fev\u00ed vi\u00f0 Filista, \u00fe\u00f3 a\u00f0 \u00e9g vinni \u00feeim mein.4S\u00ed\u00f0an f\u00f3r Samson <a href=\"https:\/\/biblian.is\/1981\/domarabokin-15-kafli\/\"> [&#8230;]<\/a><\/p>\n","protected":false},"author":1,"featured_media":0,"parent":0,"menu_order":0,"comment_status":"open","ping_status":"open","template":"bibliukaflar.php","meta":{"footnotes":""},"class_list":["post-1572","page","type-page","status-publish","hentry"],"_links":{"self":[{"href":"https:\/\/biblian.is\/1981\/wp-json\/wp\/v2\/pages\/1572","targetHints":{"allow":["GET"]}}],"collection":[{"href":"https:\/\/biblian.is\/1981\/wp-json\/wp\/v2\/pages"}],"about":[{"href":"https:\/\/biblian.is\/1981\/wp-json\/wp\/v2\/types\/page"}],"author":[{"embeddable":true,"href":"https:\/\/biblian.is\/1981\/wp-json\/wp\/v2\/users\/1"}],"replies":[{"embeddable":true,"href":"https:\/\/biblian.is\/1981\/wp-json\/wp\/v2\/comments?post=1572"}],"version-history":[{"count":0,"href":"https:\/\/biblian.is\/1981\/wp-json\/wp\/v2\/pages\/1572\/revisions"}],"wp:attachment":[{"href":"https:\/\/biblian.is\/1981\/wp-json\/wp\/v2\/media?parent=1572"}],"curies":[{"name":"wp","href":"https:\/\/api.w.org\/{rel}","templated":true}]}}