{"id":1570,"date":"2017-11-18T20:17:50","date_gmt":"2017-11-18T20:17:50","guid":{"rendered":"http:\/\/biblian.is\/1981\/domarabokin-13-kafli\/"},"modified":"2021-06-06T10:50:35","modified_gmt":"2021-06-06T10:50:35","slug":"domarabokin-13-kafli","status":"publish","type":"page","link":"https:\/\/biblian.is\/1981\/domarabokin-13-kafli\/","title":{"rendered":"D\u00f3marab\u00f3kin 13. kafli"},"content":{"rendered":"<p><a name=\"1\"><span class=\"versanumer\">1<\/span><\/a>\u00cdsraelsmenn gj\u00f6r\u00f0u enn a\u00f0 n\u00fdju \u00fea\u00f0, sem illt var \u00ed augum Drottins. \u00de\u00e1 gaf Drottinn \u00fe\u00e1 \u00ed hendur Filistum \u00ed fj\u00f6rut\u00edu \u00e1r.<a name=\"2\"><span class=\"versanumer\">2<\/span><\/a>Ma\u00f0ur er nefndur Man\u00f3a. Hann var fr\u00e1 Sorea, af \u00e6tt Dan\u00edta. Kona hans var \u00f3byrja og haf\u00f0i eigi barn ali\u00f0.<a name=\"3\"><span class=\"versanumer\">3<\/span><\/a>Engill Drottins birtist konunni og sag\u00f0i vi\u00f0 hana: Sj\u00e1, \u00fe\u00fa ert \u00f3byrja og hefir eigi barn ali\u00f0, en \u00fe\u00fa munt \u00feungu\u00f0 ver\u00f0a og son ala.<a name=\"4\"><span class=\"versanumer\">4<\/span><\/a>Og haf n\u00fa g\u00e6tur \u00e1 \u00fe\u00e9r, drekk hvorki v\u00edn n\u00e9 \u00e1fengan drykk, og et ekkert \u00f3hreint.<a name=\"5\"><span class=\"versanumer\">5<\/span><\/a>\u00dev\u00ed sj\u00e1, \u00fe\u00fa munt \u00feungu\u00f0 ver\u00f0a og ala son, og skal rakhn\u00edfur ekki koma \u00e1 h\u00f6fu\u00f0 hans, \u00fev\u00ed a\u00f0 sveinninn skal vera Gu\u00f0i helga\u00f0ur allt \u00ed fr\u00e1 m\u00f3\u00f0url\u00edfi, og hann mun byrja a\u00f0 frelsa \u00cdsrael af hendi Filista.<a name=\"6\"><span class=\"versanumer\">6<\/span><\/a>&#8222;\u00de\u00e1 f\u00f3r konan og sag\u00f0i vi\u00f0 mann sinn \u00e1 \u00feessa lei\u00f0: Gu\u00f0sma\u00f0ur nokkur kom til m\u00edn, og var hann \u00e1s\u00fdndum sem engill Gu\u00f0s, \u00e6gilegur mj\u00f6g; en \u00e9g spur\u00f0i hann ekki, hva\u00f0an hann v\u00e6ri, og nafn sitt sag\u00f0i hann m\u00e9r ekki. &#8222;<a name=\"7\"><span class=\"versanumer\">7<\/span><\/a>Hann sag\u00f0i vi\u00f0 mig: Sj\u00e1, \u00fe\u00fa munt \u00feungu\u00f0 ver\u00f0a og son ala. Drekk \u00fev\u00ed hvorki v\u00edn n\u00e9 \u00e1fengan drykk, og et ekkert \u00f3hreint, \u00fev\u00ed a\u00f0 sveinninn skal vera Gu\u00f0i helga\u00f0ur allt \u00ed fr\u00e1 m\u00f3\u00f0url\u00edfi til dau\u00f0adags.<a name=\"8\"><span class=\"versanumer\">8<\/span><\/a>\u00de\u00e1 ba\u00f0 Man\u00f3a Drottin og sag\u00f0i: \u00c6, herra! L\u00e1t gu\u00f0smanninn, sem \u00fe\u00fa sendir, koma til okkar aftur, svo a\u00f0 hann megi kenna okkur, hvernig vi\u00f0 eigum a\u00f0 fara me\u00f0 sveininn, sem f\u00e6\u00f0ast \u00e1.<a name=\"9\"><span class=\"versanumer\">9<\/span><\/a>Gu\u00f0 heyr\u00f0i b\u00e6n Man\u00f3a, og engill Gu\u00f0s kom aftur til konunnar. Var h\u00fan \u00fe\u00e1 st\u00f6dd \u00fati \u00e1 v\u00ed\u00f0avangi og ma\u00f0ur hennar Man\u00f3a ekki hj\u00e1 henni.<a name=\"10\"><span class=\"versanumer\">10<\/span><\/a>\u00de\u00e1 hlj\u00f3p konan sem skj\u00f3tast og sag\u00f0i manni s\u00ednum fr\u00e1 og m\u00e6lti vi\u00f0 hann: Sj\u00e1, ma\u00f0urinn, sem til m\u00edn kom um daginn, hefir birst m\u00e9r.<a name=\"11\"><span class=\"versanumer\">11<\/span><\/a>\u00de\u00e1 reis Man\u00f3a upp og f\u00f3r \u00e1 eftir konu sinni, og hann kom til mannsins og sag\u00f0i vi\u00f0 hann: Ert \u00fe\u00fa ma\u00f0urinn, sem tala\u00f0i vi\u00f0 konuna? Hann svara\u00f0i: J\u00e1.<a name=\"12\"><span class=\"versanumer\">12<\/span><\/a>\u00de\u00e1 sag\u00f0i Man\u00f3a: Ef \u00fea\u00f0 n\u00fa kemur fram, sem \u00fe\u00fa hefir sagt, hvernig \u00e1 \u00fe\u00e1 a\u00f0 fara me\u00f0 sveininn, og hva\u00f0 \u00e1 hann a\u00f0 gj\u00f6ra?<a name=\"13\"><span class=\"versanumer\">13<\/span><\/a>Engill Drottins sag\u00f0i vi\u00f0 Man\u00f3a: Konan skal for\u00f0ast allt \u00fea\u00f0, sem \u00e9g hefi sagt henni.<a name=\"14\"><span class=\"versanumer\">14<\/span><\/a>H\u00fan skal ekkert \u00fea\u00f0 eta, er af v\u00ednvi\u00f0i kemur, ekki drekka v\u00edn n\u00e9 \u00e1fengan drykk, og ekkert \u00f3hreint eta. H\u00fan skal g\u00e6ta alls \u00feess, er \u00e9g hefi bo\u00f0i\u00f0 henni.<a name=\"15\"><span class=\"versanumer\">15<\/span><\/a>\u00de\u00e1 sag\u00f0i Man\u00f3a vi\u00f0 engil Drottins: Leyf okkur a\u00f0 tefja \u00feig stundarkorn, svo a\u00f0 vi\u00f0 getum matb\u00fai\u00f0 handa \u00fe\u00e9r hafurki\u00f0.<a name=\"16\"><span class=\"versanumer\">16<\/span><\/a>En engill Drottins sag\u00f0i vi\u00f0 Man\u00f3a: \u00de\u00f3 a\u00f0 \u00fe\u00fa f\u00e1ir mig til a\u00f0 tefja, \u00fe\u00e1 et \u00e9g samt ekki af mat \u00fe\u00ednum. En ef \u00fe\u00fa vilt tilrei\u00f0a brennif\u00f3rn, \u00fe\u00e1 f\u00e6r \u00fe\u00fa hana Drottni.<a name=\"17\"><span class=\"versanumer\">17<\/span><\/a>\u00dev\u00ed a\u00f0 Man\u00f3a vissi ekki, a\u00f0 \u00fea\u00f0 var engill Drottins. \u00de\u00e1 sag\u00f0i Man\u00f3a vi\u00f0 engil Drottins: Hvert er nafn \u00feitt? \u00dev\u00ed a\u00f0 r\u00e6tist or\u00f0 \u00fe\u00edn, munum vi\u00f0 tigna \u00feig.<a name=\"18\"><span class=\"versanumer\">18<\/span><\/a>Engill Drottins svara\u00f0i honum: Hv\u00ed spyr \u00fe\u00fa um nafn mitt? Nafn mitt er undursamlegt.<a name=\"19\"><span class=\"versanumer\">19<\/span><\/a>\u00de\u00e1 t\u00f3k Man\u00f3a geithafurinn og matf\u00f3rnina og f\u00e6r\u00f0i \u00fea\u00f0 Drottni \u00e1 kletti einum. \u00de\u00e1 var\u00f0 undur miki\u00f0 a\u00f0 \u00feeim Man\u00f3a og konu hans \u00e1sj\u00e1andi.<a name=\"20\"><span class=\"versanumer\">20<\/span><\/a>\u00dev\u00ed a\u00f0 \u00feegar logann lag\u00f0i upp af altarinu til himins, \u00fe\u00e1 f\u00f3r engill Drottins upp \u00ed altarisloganum. Og er \u00feau Man\u00f3a og kona hans s\u00e1u \u00fea\u00f0, f\u00e9llu \u00feau fram \u00e1 \u00e1sj\u00f3nur s\u00ednar til jar\u00f0ar.<a name=\"21\"><span class=\"versanumer\">21<\/span><\/a>Eftir \u00fea\u00f0 birtist engill Drottins eigi framar Man\u00f3a og konu hans. \u00de\u00e1 s\u00e1 Man\u00f3a a\u00f0 \u00fea\u00f0 haf\u00f0i veri\u00f0 engill Drottins.<a name=\"22\"><span class=\"versanumer\">22<\/span><\/a>Man\u00f3a sag\u00f0i vi\u00f0 konu s\u00edna: Vissulega munum vi\u00f0 deyja, \u00fev\u00ed a\u00f0 vi\u00f0 h\u00f6fum s\u00e9\u00f0 Gu\u00f0!<a name=\"23\"><span class=\"versanumer\">23<\/span><\/a>En kona hans svara\u00f0i honum: Ef Drottinn hef\u00f0i vilja\u00f0 dey\u00f0a okkur, \u00fe\u00e1 hef\u00f0i hann eigi \u00feegi\u00f0 brennif\u00f3rn og matf\u00f3rn af okkur, n\u00e9 l\u00e1ti\u00f0 okkur sj\u00e1 allt \u00feetta, og \u00fe\u00e1 hef\u00f0i hann eigi n\u00fa l\u00e1ti\u00f0 okkur heyra sl\u00edka hluti.<a name=\"24\"><span class=\"versanumer\">24<\/span><\/a>&#8222;Og konan \u00f3l son og nefndi hann Samson; og sveinninn \u00f3x upp, og Drottinn blessa\u00f0i hann. &#8222;<a name=\"25\"><span class=\"versanumer\">25<\/span><\/a>Og andi Drottins t\u00f3k a\u00f0 kn\u00fdja hann \u00ed herb\u00fa\u00f0um Dans millum Sorea og Esta\u00f3l.<\/p>\n<div class=\"footnote1981\"><b>13.1<\/b> Illt \u00ed augum Drottins 5M\u00f3s 4.25+<br \/>\n<b>13.2<\/b> \u00d3byrja 1M\u00f3s 11.30; 18.11; 29.31; 1Sam 1.2; L\u00fak 1.7<br \/>\n<b>13.3<\/b> \u00de\u00fa munt f\u00e6\u00f0a son 1M\u00f3s 18.10; L\u00fak 1.13<br \/>\n<b>13.15<\/b> F\u00f3rnargj\u00f6f D\u00f3m 6.18+<br \/>\n<b>13.17<\/b> Nafn \u00feitt? 1M\u00f3s 32.29; 2M\u00f3s 3.12-15<br \/>\n<b>13.19<\/b> \u00c1 kletti D\u00f3m 6.20<br \/>\n<b>13.20<\/b> Logann lag\u00f0i upp D\u00f3m 6.21<br \/>\n<b>13.23<\/b> Dey\u00f0a, sj\u00e1 D\u00f3m 6.22-23; 2M\u00f3s 33.20; 5M\u00f3s 5.24-26; sbr 1M\u00f3s 32.30<br \/>\n<b>13.24<\/b> Samson Heb 11.32<br \/>\n<b>13.25<\/b> Herb\u00fa\u00f0ir Dans D\u00f3m 18.12 \u2013 Sorea, Esta\u00f3l D\u00f3m 16.31; 18.2; J\u00f3s 19.41<\/div>\n","protected":false},"excerpt":{"rendered":"<p>1\u00cdsraelsmenn gj\u00f6r\u00f0u enn a\u00f0 n\u00fdju \u00fea\u00f0, sem illt var \u00ed augum Drottins. \u00de\u00e1 gaf Drottinn \u00fe\u00e1 \u00ed hendur Filistum \u00ed fj\u00f6rut\u00edu \u00e1r.2Ma\u00f0ur er nefndur Man\u00f3a. Hann var fr\u00e1 Sorea, af \u00e6tt Dan\u00edta. Kona hans var \u00f3byrja og haf\u00f0i eigi barn ali\u00f0.3Engill Drottins birtist konunni og sag\u00f0i vi\u00f0 hana: Sj\u00e1, \u00fe\u00fa ert \u00f3byrja og hefir eigi barn ali\u00f0, en \u00fe\u00fa munt \u00feungu\u00f0 ver\u00f0a og son ala.4Og haf n\u00fa g\u00e6tur \u00e1 \u00fe\u00e9r, drekk hvorki v\u00edn n\u00e9 \u00e1fengan drykk, og et ekkert \u00f3hreint.5\u00dev\u00ed sj\u00e1, \u00fe\u00fa munt \u00feungu\u00f0 ver\u00f0a og ala son, og skal rakhn\u00edfur ekki koma \u00e1 h\u00f6fu\u00f0 hans, \u00fev\u00ed a\u00f0 sveinninn skal <a href=\"https:\/\/biblian.is\/1981\/domarabokin-13-kafli\/\"> [&#8230;]<\/a><\/p>\n","protected":false},"author":1,"featured_media":0,"parent":0,"menu_order":0,"comment_status":"open","ping_status":"open","template":"bibliukaflar.php","meta":{"footnotes":""},"class_list":["post-1570","page","type-page","status-publish","hentry"],"_links":{"self":[{"href":"https:\/\/biblian.is\/1981\/wp-json\/wp\/v2\/pages\/1570","targetHints":{"allow":["GET"]}}],"collection":[{"href":"https:\/\/biblian.is\/1981\/wp-json\/wp\/v2\/pages"}],"about":[{"href":"https:\/\/biblian.is\/1981\/wp-json\/wp\/v2\/types\/page"}],"author":[{"embeddable":true,"href":"https:\/\/biblian.is\/1981\/wp-json\/wp\/v2\/users\/1"}],"replies":[{"embeddable":true,"href":"https:\/\/biblian.is\/1981\/wp-json\/wp\/v2\/comments?post=1570"}],"version-history":[{"count":0,"href":"https:\/\/biblian.is\/1981\/wp-json\/wp\/v2\/pages\/1570\/revisions"}],"wp:attachment":[{"href":"https:\/\/biblian.is\/1981\/wp-json\/wp\/v2\/media?parent=1570"}],"curies":[{"name":"wp","href":"https:\/\/api.w.org\/{rel}","templated":true}]}}