{"id":1569,"date":"2017-11-18T20:17:50","date_gmt":"2017-11-18T20:17:50","guid":{"rendered":"http:\/\/biblian.is\/1981\/domarabokin-12-kafli\/"},"modified":"2021-06-06T10:50:35","modified_gmt":"2021-06-06T10:50:35","slug":"domarabokin-12-kafli","status":"publish","type":"page","link":"https:\/\/biblian.is\/1981\/domarabokin-12-kafli\/","title":{"rendered":"D\u00f3marab\u00f3kin 12. kafli"},"content":{"rendered":"<p><a name=\"1\"><span class=\"versanumer\">1<\/span><\/a>Efra\u00edmsm\u00f6nnum var stefnt saman. \u00deeir h\u00e9ldu \u00ed nor\u00f0ur og s\u00f6g\u00f0u vi\u00f0 Jefta: Hv\u00ed hefir \u00fe\u00fa fari\u00f0 a\u00f0 berjast vi\u00f0 Amm\u00f3n\u00edta og eigi kvatt oss \u00fe\u00e9r til fylgdar? N\u00fa munum v\u00e9r leggja eld \u00ed h\u00fas \u00feitt yfir \u00fe\u00e9r.<a name=\"2\"><span class=\"versanumer\">2<\/span><\/a>\u00de\u00e1 sag\u00f0i Jefta vi\u00f0 \u00fe\u00e1: \u00c9g og \u00fej\u00f3\u00f0 m\u00edn \u00e1ttum \u00ed miklum deilum vi\u00f0 Amm\u00f3n\u00edta. Beiddist \u00e9g \u00fe\u00e1 li\u00f0s hj\u00e1 y\u00f0ur, en \u00fe\u00e9r hj\u00e1lpu\u00f0u\u00f0 m\u00e9r ekki \u00far h\u00f6ndum \u00feeirra.<a name=\"3\"><span class=\"versanumer\">3<\/span><\/a>Og er \u00e9g s\u00e1, a\u00f0 \u00fe\u00e9r \u00e6tlu\u00f0u\u00f0 ekki a\u00f0 hj\u00e1lpa m\u00e9r, \u00fe\u00e1 lag\u00f0i \u00e9g l\u00edf mitt \u00ed h\u00e6ttu og f\u00f3r \u00ed m\u00f3ti Amm\u00f3n\u00edtum, og Drottinn gaf \u00fe\u00e1 \u00ed hendur m\u00e9r. Hvers vegna komi\u00f0 \u00fe\u00e9r \u00fe\u00e1 \u00ed dag til m\u00edn til \u00feess a\u00f0 berjast vi\u00f0 mig?<a name=\"4\"><span class=\"versanumer\">4<\/span><\/a>Og Jefta safna\u00f0i saman \u00f6llum m\u00f6nnum \u00ed G\u00edlea\u00f0 og bar\u00f0ist vi\u00f0 Efra\u00edm\u00edta, og unnu G\u00edlea\u00f0smenn sigur \u00e1 Efra\u00edm\u00edtum, \u00fev\u00ed a\u00f0 Efra\u00edm\u00edtar h\u00f6f\u00f0u sagt: \u00de\u00e9r eru\u00f0 fl\u00f3ttamenn fr\u00e1 Efra\u00edm! G\u00edlea\u00f0 liggur mitt \u00ed Efra\u00edm, mitt \u00ed Manasse.<a name=\"5\"><span class=\"versanumer\">5<\/span><\/a>G\u00edlea\u00f0\u00edtar settust um J\u00f3rdanv\u00f6\u00f0in yfir til Efra\u00edm. Og \u00feegar fl\u00f3ttama\u00f0ur \u00far Efra\u00edm sag\u00f0i: Leyf m\u00e9r yfir um! \u00fe\u00e1 s\u00f6g\u00f0u G\u00edlea\u00f0smenn vi\u00f0 hann: Ert \u00fe\u00fa Efra\u00edm\u00edti? Ef hann svara\u00f0i: Nei!<a name=\"6\"><span class=\"versanumer\">6<\/span><\/a>\u00fe\u00e1 s\u00f6g\u00f0u \u00feeir vi\u00f0 hann: Seg\u00f0u Sjibb\u00f3let. Ef hann \u00fe\u00e1 sag\u00f0i: Sibb\u00f3let, og g\u00e6tti \u00feess eigi a\u00f0 bera \u00fea\u00f0 r\u00e9tt fram, \u00fe\u00e1 gripu \u00feeir hann og dr\u00e1pu hann vi\u00f0 J\u00f3rdanv\u00f6\u00f0in. F\u00e9llu \u00fe\u00e1 \u00ed \u00fea\u00f0 mund af Efra\u00edm fj\u00f6rut\u00edu og tv\u00e6r \u00fe\u00fasundir.<a name=\"7\"><span class=\"versanumer\">7<\/span><\/a>Jefta var d\u00f3mari \u00ed \u00cdsrael \u00ed sex \u00e1r. S\u00ed\u00f0an anda\u00f0ist Jefta G\u00edlea\u00f0\u00edti og var grafinn \u00ed einni af G\u00edlea\u00f0s borgum.<a name=\"8\"><span class=\"versanumer\">8<\/span><\/a>Eftir Jefta var \u00cdbsan fr\u00e1 Betlehem d\u00f3mari \u00ed \u00cdsrael.<a name=\"9\"><span class=\"versanumer\">9<\/span><\/a>Hann \u00e1tti \u00ferj\u00e1t\u00edu sonu, og \u00ferj\u00e1t\u00edu d\u00e6tur gifti hann burt fr\u00e1 s\u00e9r, og \u00ferj\u00e1t\u00edu konur f\u00e6r\u00f0i hann sonum s\u00ednum annars sta\u00f0ar a\u00f0. Hann var d\u00f3mari \u00ed \u00cdsrael \u00ed sj\u00f6 \u00e1r.<a name=\"10\"><span class=\"versanumer\">10<\/span><\/a>S\u00ed\u00f0an anda\u00f0ist \u00cdbsan og var grafinn \u00ed Betlehem.<a name=\"11\"><span class=\"versanumer\">11<\/span><\/a>Eftir hann var El\u00f3n Seb\u00falon\u00edti d\u00f3mari \u00ed \u00cdsrael. Hann var d\u00f3mari \u00ed \u00cdsrael \u00ed t\u00edu \u00e1r.<a name=\"12\"><span class=\"versanumer\">12<\/span><\/a>S\u00ed\u00f0an anda\u00f0ist El\u00f3n Seb\u00falon\u00edti og var grafinn \u00ed Ajalon \u00ed Seb\u00falon-landi.<a name=\"13\"><span class=\"versanumer\">13<\/span><\/a>Eftir hann var Abd\u00f3n H\u00edllelsson P\u00edrat\u00f3n\u00edti d\u00f3mari \u00ed \u00cdsrael.<a name=\"14\"><span class=\"versanumer\">14<\/span><\/a>Hann \u00e1tti fj\u00f6rut\u00edu sonu og \u00ferj\u00e1t\u00edu sonasonu, sem ri\u00f0u sj\u00f6t\u00edu \u00f6snufolum. Hann var d\u00f3mari \u00ed \u00cdsrael \u00ed \u00e1tta \u00e1r.<a name=\"15\"><span class=\"versanumer\">15<\/span><\/a>S\u00ed\u00f0an anda\u00f0ist Abd\u00f3n H\u00edllelsson P\u00edrat\u00f3n\u00edti og var grafinn \u00ed P\u00edrat\u00f3n \u00ed Efra\u00edmlandi \u00e1 Amalek\u00edtafj\u00f6llum.<\/p>\n<div class=\"footnote1981\"><b>12.1<\/b> \u00der\u00e6ta vi\u00f0 Efra\u00edm\u00edta D\u00f3m 8.1-3<br \/>\n<b>12.5<\/b> Sest um v\u00f6\u00f0in D\u00f3m 3.28; 7.24<br \/>\n<b>12.9<\/b> \u00dejr\u00e1t\u00edu synir D\u00f3m 10.4; 12.14<br \/>\n<b>12.12<\/b> El\u00f3n sbr 1M\u00f3s 46.14; 4M\u00f3s 26.26<br \/>\n<b>12.13<\/b> P\u00edrat\u00f3n 1Makk 9.50<br \/>\n<b>12.14<\/b> Fj\u00f6rut\u00edu synir sbr v.9<br \/>\n<b>12.15<\/b> Fj\u00f6ll Amalek\u00edta D\u00f3m 5.14<\/div>\n","protected":false},"excerpt":{"rendered":"<p>1Efra\u00edmsm\u00f6nnum var stefnt saman. \u00deeir h\u00e9ldu \u00ed nor\u00f0ur og s\u00f6g\u00f0u vi\u00f0 Jefta: Hv\u00ed hefir \u00fe\u00fa fari\u00f0 a\u00f0 berjast vi\u00f0 Amm\u00f3n\u00edta og eigi kvatt oss \u00fe\u00e9r til fylgdar? N\u00fa munum v\u00e9r leggja eld \u00ed h\u00fas \u00feitt yfir \u00fe\u00e9r.2\u00de\u00e1 sag\u00f0i Jefta vi\u00f0 \u00fe\u00e1: \u00c9g og \u00fej\u00f3\u00f0 m\u00edn \u00e1ttum \u00ed miklum deilum vi\u00f0 Amm\u00f3n\u00edta. Beiddist \u00e9g \u00fe\u00e1 li\u00f0s hj\u00e1 y\u00f0ur, en \u00fe\u00e9r hj\u00e1lpu\u00f0u\u00f0 m\u00e9r ekki \u00far h\u00f6ndum \u00feeirra.3Og er \u00e9g s\u00e1, a\u00f0 \u00fe\u00e9r \u00e6tlu\u00f0u\u00f0 ekki a\u00f0 hj\u00e1lpa m\u00e9r, \u00fe\u00e1 lag\u00f0i \u00e9g l\u00edf mitt \u00ed h\u00e6ttu og f\u00f3r \u00ed m\u00f3ti Amm\u00f3n\u00edtum, og Drottinn gaf \u00fe\u00e1 \u00ed hendur m\u00e9r. Hvers vegna komi\u00f0 \u00fe\u00e9r \u00fe\u00e1 \u00ed <a href=\"https:\/\/biblian.is\/1981\/domarabokin-12-kafli\/\"> [&#8230;]<\/a><\/p>\n","protected":false},"author":1,"featured_media":0,"parent":0,"menu_order":0,"comment_status":"open","ping_status":"open","template":"bibliukaflar.php","meta":{"footnotes":""},"class_list":["post-1569","page","type-page","status-publish","hentry"],"_links":{"self":[{"href":"https:\/\/biblian.is\/1981\/wp-json\/wp\/v2\/pages\/1569","targetHints":{"allow":["GET"]}}],"collection":[{"href":"https:\/\/biblian.is\/1981\/wp-json\/wp\/v2\/pages"}],"about":[{"href":"https:\/\/biblian.is\/1981\/wp-json\/wp\/v2\/types\/page"}],"author":[{"embeddable":true,"href":"https:\/\/biblian.is\/1981\/wp-json\/wp\/v2\/users\/1"}],"replies":[{"embeddable":true,"href":"https:\/\/biblian.is\/1981\/wp-json\/wp\/v2\/comments?post=1569"}],"version-history":[{"count":0,"href":"https:\/\/biblian.is\/1981\/wp-json\/wp\/v2\/pages\/1569\/revisions"}],"wp:attachment":[{"href":"https:\/\/biblian.is\/1981\/wp-json\/wp\/v2\/media?parent=1569"}],"curies":[{"name":"wp","href":"https:\/\/api.w.org\/{rel}","templated":true}]}}