{"id":1568,"date":"2017-11-18T20:17:50","date_gmt":"2017-11-18T20:17:50","guid":{"rendered":"http:\/\/biblian.is\/1981\/domarabokin-11-kafli\/"},"modified":"2021-06-06T10:50:35","modified_gmt":"2021-06-06T10:50:35","slug":"domarabokin-11-kafli","status":"publish","type":"page","link":"https:\/\/biblian.is\/1981\/domarabokin-11-kafli\/","title":{"rendered":"D\u00f3marab\u00f3kin 11. kafli"},"content":{"rendered":"<p><a name=\"1\"><span class=\"versanumer\">1<\/span><\/a>Jefta G\u00edlea\u00f0\u00edti var kappi mikill, en hann var sk\u00e6kjuson. G\u00edlea\u00f0 haf\u00f0i geti\u00f0 Jefta,<a name=\"2\"><span class=\"versanumer\">2<\/span><\/a>og er kona G\u00edlea\u00f0s f\u00e6ddi honum sonu og synir hennar uxu upp, \u00fe\u00e1 r\u00e1ku \u00feeir Jefta burt og s\u00f6g\u00f0u vi\u00f0 hann: Eigi skalt \u00fe\u00fa taka arf \u00ed \u00e6tt vorri, \u00fev\u00ed a\u00f0 \u00fe\u00fa ert sonur annarrar konu.<a name=\"3\"><span class=\"versanumer\">3<\/span><\/a>\u00de\u00e1 fl\u00fd\u00f0i Jefta burt fr\u00e1 br\u00e6\u00f0rum s\u00ednum og settist a\u00f0 \u00ed landinu T\u00f3b. \u00de\u00e1 s\u00f6fnu\u00f0ust til Jefta lausingjar og fylgdu \u00feeir honum.<a name=\"4\"><span class=\"versanumer\">4<\/span><\/a>Nokkrum t\u00edma eftir \u00feetta h\u00f3fu Amm\u00f3n\u00edtar herna\u00f0 \u00e1 hendur \u00cdsrael.<a name=\"5\"><span class=\"versanumer\">5<\/span><\/a>En er Amm\u00f3n\u00edtar herju\u00f0u \u00e1 \u00cdsrael, l\u00f6g\u00f0u \u00f6ldungarnir \u00ed G\u00edlea\u00f0 af sta\u00f0 til \u00feess a\u00f0 s\u00e6kja Jefta \u00ed landi\u00f0 T\u00f3b.<a name=\"6\"><span class=\"versanumer\">6<\/span><\/a>Og \u00feeir s\u00f6g\u00f0u vi\u00f0 Jefta: Kom \u00fe\u00fa og ver \u00fe\u00fa fyrirli\u00f0i vor, og munum v\u00e9r berjast vi\u00f0 Amm\u00f3n\u00edta.<a name=\"7\"><span class=\"versanumer\">7<\/span><\/a>Jefta sag\u00f0i vi\u00f0 \u00f6ldungana \u00ed G\u00edlea\u00f0: Hafi\u00f0 \u00fe\u00e9r ekki lagt hatur \u00e1 mig og reki\u00f0 mig burt \u00far \u00e6tt minni? Hv\u00ed komi\u00f0 \u00fe\u00e9r \u00fe\u00e1 n\u00fa til m\u00edn, \u00fe\u00e1 er \u00fe\u00e9r eru\u00f0 \u00ed nau\u00f0um staddir?<a name=\"8\"><span class=\"versanumer\">8<\/span><\/a>\u00d6ldungarnir \u00ed G\u00edlea\u00f0 s\u00f6g\u00f0u vi\u00f0 Jefta: Fyrir \u00fev\u00ed erum v\u00e9r n\u00fa aftur komnir til \u00fe\u00edn, og ef \u00fe\u00fa fer me\u00f0 oss og berst vi\u00f0 Amm\u00f3n\u00edta, \u00fe\u00e1 skalt \u00fe\u00fa vera h\u00f6f\u00f0ingi vor, allra \u00feeirra er b\u00faa \u00ed G\u00edlea\u00f0.<a name=\"9\"><span class=\"versanumer\">9<\/span><\/a>\u00de\u00e1 sag\u00f0i Jefta vi\u00f0 \u00f6ldungana \u00ed G\u00edlea\u00f0: Ef \u00fe\u00e9r s\u00e6ki\u00f0 mig til \u00feess a\u00f0 berjast vi\u00f0 Amm\u00f3n\u00edta, og Drottinn gefur \u00fe\u00e1 \u00e1 mitt vald, \u00fe\u00e1 vil \u00e9g vera h\u00f6f\u00f0ingi yfir y\u00f0ur!<a name=\"10\"><span class=\"versanumer\">10<\/span><\/a>\u00de\u00e1 s\u00f6g\u00f0u \u00f6ldungarnir \u00ed G\u00edlea\u00f0 vi\u00f0 Jefta: Drottinn veri heyrnarvottur a\u00f0 tali voru og hegni oss, ef v\u00e9r gj\u00f6rum eigi \u00fea\u00f0, sem \u00fe\u00fa hefir m\u00e6lt.<a name=\"11\"><span class=\"versanumer\">11<\/span><\/a>Og Jefta f\u00f3r me\u00f0 \u00f6ldungunum \u00ed G\u00edlea\u00f0, og l\u00fd\u00f0urinn t\u00f3k hann til h\u00f6f\u00f0ingja yfir sig og fyrirli\u00f0a. Og Jefta tala\u00f0i \u00f6ll or\u00f0 s\u00edn frammi fyrir Drottni \u00ed Mispa.<a name=\"12\"><span class=\"versanumer\">12<\/span><\/a>\u00de\u00e1 gj\u00f6r\u00f0i Jefta sendimenn \u00e1 fund konungs Amm\u00f3n\u00edta og l\u00e9t segja honum: Hva\u00f0 er \u00fe\u00e9r \u00e1 h\u00f6ndum vi\u00f0 mig, er \u00fe\u00fa hefir fari\u00f0 \u00ed m\u00f3ti m\u00e9r til \u00feess a\u00f0 herja \u00e1 land mitt?<a name=\"13\"><span class=\"versanumer\">13<\/span><\/a>Konungur Amm\u00f3n\u00edta svara\u00f0i sendim\u00f6nnum Jefta: \u00cdsrael lag\u00f0i undir sig land mitt, \u00fe\u00e1 er hann f\u00f3r af Egyptalandi, fr\u00e1 Arnon til Jabbok og a\u00f0 J\u00f3rdan. Skila \u00fe\u00fa \u00fev\u00ed n\u00fa aftur me\u00f0 g\u00f3\u00f0u!<a name=\"14\"><span class=\"versanumer\">14<\/span><\/a>Jefta gj\u00f6r\u00f0i enn menn \u00e1 fund Amm\u00f3n\u00edtakonungs<a name=\"15\"><span class=\"versanumer\">15<\/span><\/a>og l\u00e9t segja honum: Svo segir Jefta: \u00cdsrael lag\u00f0i ekki undir sig M\u00f3absland n\u00e9 land Amm\u00f3n\u00edta,<a name=\"16\"><span class=\"versanumer\">16<\/span><\/a>\u00fev\u00ed a\u00f0 \u00feegar \u00feeir f\u00f3ru af Egyptalandi og \u00cdsrael haf\u00f0i fari\u00f0 um ey\u00f0im\u00f6rkina a\u00f0 Sefhafi og var kominn til Kades,<a name=\"17\"><span class=\"versanumer\">17<\/span><\/a>\u00fe\u00e1 gj\u00f6r\u00f0i \u00cdsrael menn \u00e1 fund Ed\u00f3mkonungs og l\u00e9t segja honum: Leyf m\u00e9r a\u00f0 fara um land \u00feitt! En Ed\u00f3mkonungur daufheyr\u00f0ist vi\u00f0. \u00de\u00e1 sendi hann og til M\u00f3abskonungs, en hann vildi ekki. H\u00e9lt \u00cdsrael n\u00fa kyrru fyrir \u00ed Kades,<a name=\"18\"><span class=\"versanumer\">18<\/span><\/a>h\u00e9lt s\u00ed\u00f0an \u00e1fram um ey\u00f0im\u00f6rkina og f\u00f3r \u00ed bug kringum Ed\u00f3mland og M\u00f3absland og kom austan a\u00f0 M\u00f3abslandi og setti b\u00fa\u00f0ir s\u00ednar hinumegin Arnon. En inn yfir landam\u00e6ri M\u00f3abs komu \u00feeir ekki, \u00fev\u00ed a\u00f0 Arnon r\u00e6\u00f0ur landam\u00e6rum M\u00f3abs.<a name=\"19\"><span class=\"versanumer\">19<\/span><\/a>\u00de\u00e1 gj\u00f6r\u00f0i \u00cdsrael sendimenn \u00e1 fund S\u00edhons Amor\u00edtakonungs, konungs \u00ed Hesbon, og \u00cdsrael l\u00e9t segja honum: Leyf oss a\u00f0 fara um land \u00feitt, \u00feanga\u00f0 sem fer\u00f0inni er heiti\u00f0.<a name=\"20\"><span class=\"versanumer\">20<\/span><\/a>En S\u00edhon treysti eigi \u00cdsrael svo, a\u00f0 hann vildi leyfa honum a\u00f0 fara um land sitt, heldur safna\u00f0i S\u00edhon \u00f6llu li\u00f0i s\u00ednu, og settu \u00feeir herb\u00fa\u00f0ir s\u00ednar \u00ed Jahsa, og hann bar\u00f0ist vi\u00f0 \u00cdsrael.<a name=\"21\"><span class=\"versanumer\">21<\/span><\/a>En Drottinn, \u00cdsraels Gu\u00f0, gaf S\u00edhon og allt hans li\u00f0 \u00ed hendur \u00cdsraels, svo a\u00f0 \u00feeir unnu sigur \u00e1 \u00feeim, og lag\u00f0i \u00cdsrael undir sig allt land Amor\u00edta, er bygg\u00f0u \u00fea\u00f0 land.<a name=\"22\"><span class=\"versanumer\">22<\/span><\/a>L\u00f6g\u00f0u \u00feeir \u00feannig undir sig allt land Amor\u00edta fr\u00e1 Arnon a\u00f0 Jabbok, og fr\u00e1 ey\u00f0im\u00f6rkinni a\u00f0 J\u00f3rdan.<a name=\"23\"><span class=\"versanumer\">23<\/span><\/a>Drottinn, Gu\u00f0 \u00cdsraels, hefir \u00fev\u00ed st\u00f6kkt Amor\u00edtum burt undan l\u00fd\u00f0 s\u00ednum \u00cdsrael, og n\u00fa \u00e6tlar \u00fe\u00fa a\u00f0 taka land hans til eignar?<a name=\"24\"><span class=\"versanumer\">24<\/span><\/a>Hvort tekur \u00fe\u00fa ekki til eignar \u00fea\u00f0, sem Kamos, gu\u00f0 \u00feinn, gefur \u00fe\u00e9r til eignar? Svo t\u00f6kum v\u00e9r og til eignar land allra \u00feeirra, sem Drottinn, Gu\u00f0 vor, st\u00f6kkvir burt undan oss.<a name=\"25\"><span class=\"versanumer\">25<\/span><\/a>Og hvort munt \u00fe\u00fa n\u00fa vera nokkru betri en Balak Sipp\u00f3rsson, konungur \u00ed M\u00f3ab? \u00c1tti hann \u00ed deilum vi\u00f0 \u00cdsrael e\u00f0a f\u00f3r hann me\u00f0 herna\u00f0 \u00e1 hendur \u00feeim?<a name=\"26\"><span class=\"versanumer\">26<\/span><\/a>\u00dear sem \u00cdsrael hefir b\u00fai\u00f0 \u00ed Hesbon og sm\u00e1borgunum, er a\u00f0 liggja, og \u00ed Ar\u00f3er og sm\u00e1borgunum, er a\u00f0 liggja, og \u00ed \u00f6llum borgunum, sem liggja me\u00f0fram Arnon b\u00e1\u00f0umegin, \u00ed \u00ferj\u00fa hundru\u00f0 \u00e1r, hvers vegna hafi\u00f0 \u00fe\u00e9r \u00fe\u00e1 ekki n\u00e1\u00f0 \u00feeim aftur allan \u00feennan t\u00edma?<a name=\"27\"><span class=\"versanumer\">27<\/span><\/a>\u00c9g hefi ekki gj\u00f6rt \u00fe\u00e9r neitt mein, en \u00fe\u00fa beitir mig rangl\u00e6ti, er \u00fe\u00fa herjar \u00e1 mig. Drottinn, d\u00f3marinn, d\u00e6mi \u00ed dag milli \u00cdsraelsmanna og Amm\u00f3n\u00edta!<a name=\"28\"><span class=\"versanumer\">28<\/span><\/a>En konungur Amm\u00f3n\u00edta sinnti ekki or\u00f0um Jefta, \u00feeim er hann l\u00e9t f\u00e6ra honum.<a name=\"29\"><span class=\"versanumer\">29<\/span><\/a>\u00de\u00e1 kom andi Drottins yfir Jefta, og hann f\u00f3r um G\u00edlea\u00f0 og Manasse og hann f\u00f3r til Mispe \u00ed G\u00edlea\u00f0, og fr\u00e1 Mispe \u00ed G\u00edlea\u00f0 f\u00f3r hann \u00ed m\u00f3ti Amm\u00f3n\u00edtum.<a name=\"30\"><span class=\"versanumer\">30<\/span><\/a>Og Jefta gj\u00f6r\u00f0i Drottni heit og sag\u00f0i: Ef \u00fe\u00fa gefur Amm\u00f3n\u00edta \u00ed hendur m\u00e9r,<a name=\"31\"><span class=\"versanumer\">31<\/span><\/a>\u00fe\u00e1 skal s\u00e1, er fyrstur gengur \u00fat \u00far dyrum h\u00fass m\u00edns \u00ed m\u00f3ti m\u00e9r, er \u00e9g sn\u00fd aftur heilu og h\u00f6ldnu fr\u00e1 Amm\u00f3n\u00edtum, heyra Drottni, og skal \u00e9g f\u00f3rna honum a\u00f0 brennif\u00f3rn.<a name=\"32\"><span class=\"versanumer\">32<\/span><\/a>S\u00ed\u00f0an f\u00f3r Jefta \u00ed m\u00f3ti Amm\u00f3n\u00edtum til \u00feess a\u00f0 berjast vi\u00f0 \u00fe\u00e1, og Drottinn gaf \u00fe\u00e1 \u00ed hendur honum.<a name=\"33\"><span class=\"versanumer\">33<\/span><\/a>Hann vann mj\u00f6g mikinn sigur \u00e1 \u00feeim fr\u00e1 Ar\u00f3er alla lei\u00f0 til Minn\u00edt, tuttugu borgir, og til Abel-Keram\u00edm. \u00deannig ur\u00f0u Amm\u00f3n\u00edtar a\u00f0 l\u00fata \u00ed l\u00e6gra haldi fyrir \u00cdsraelsm\u00f6nnum.<a name=\"34\"><span class=\"versanumer\">34<\/span><\/a>En er Jefta kom heim til h\u00fass s\u00edns \u00ed Mispa, sj\u00e1, \u00fe\u00e1 gekk d\u00f3ttir hans \u00fat \u00ed m\u00f3ti honum me\u00f0 bumbum og dansi. H\u00fan var einkabarni\u00f0 hans. Hann \u00e1tti engan son n\u00e9 d\u00f3ttur nema hana.<a name=\"35\"><span class=\"versanumer\">35<\/span><\/a>Og er hann s\u00e1 hana, reif hann kl\u00e6\u00f0i s\u00edn og sag\u00f0i: \u00c6, d\u00f3ttir m\u00edn, mj\u00f6g beygir \u00fe\u00fa mig n\u00fa. Sj\u00e1lf veldur \u00fe\u00fa m\u00e9r n\u00fa s\u00e1rustum trega. \u00c9g hefi upp loki\u00f0 munni m\u00ednum gagnvart Drottni, og \u00e9g get ekki teki\u00f0 \u00fea\u00f0 aftur.<a name=\"36\"><span class=\"versanumer\">36<\/span><\/a>En h\u00fan sag\u00f0i vi\u00f0 hann: Fa\u00f0ir minn, ef \u00fe\u00fa hefir upp loki\u00f0 munni \u00fe\u00ednum gagnvart Drottni, \u00fe\u00e1 gj\u00f6r \u00fe\u00fa vi\u00f0 mig eins og fram gengi\u00f0 er af munni \u00fe\u00ednum, fyrst Drottinn hefir l\u00e1ti\u00f0 \u00feig koma fram hefndum \u00e1 \u00f3vinum \u00fe\u00ednum, Amm\u00f3n\u00edtum.<a name=\"37\"><span class=\"versanumer\">37<\/span><\/a>Og enn sag\u00f0i h\u00fan vi\u00f0 f\u00f6\u00f0ur sinn: Gj\u00f6r \u00feetta fyrir mig: L\u00e1t mig f\u00e1 tveggja m\u00e1na\u00f0a frest, svo a\u00f0 \u00e9g geti fari\u00f0 h\u00e9r ofan \u00ed fj\u00f6llin og gr\u00e1ti\u00f0 \u00fea\u00f0 me\u00f0 stallsystrum m\u00ednum, a\u00f0 \u00e9g ver\u00f0 a\u00f0 deyja ung m\u00e6r.<a name=\"38\"><span class=\"versanumer\">38<\/span><\/a>Hann sag\u00f0i: Far \u00fe\u00fa! og l\u00e9t hana burt fara \u00ed tvo m\u00e1nu\u00f0i. F\u00f3r h\u00fan \u00fe\u00e1 burt me\u00f0 stallsystrum s\u00ednum og gr\u00e9t \u00fea\u00f0 \u00e1 fj\u00f6llunum, a\u00f0 h\u00fan var\u00f0 a\u00f0 deyja ung m\u00e6r.<a name=\"39\"><span class=\"versanumer\">39<\/span><\/a>En a\u00f0 tveim m\u00e1nu\u00f0um li\u00f0num sneri h\u00fan aftur til f\u00f6\u00f0ur s\u00edns, og hann gj\u00f6r\u00f0i vi\u00f0 hana samkv\u00e6mt heiti \u00fev\u00ed, er hann haf\u00f0i unni\u00f0. En h\u00fan haf\u00f0i aldrei karlmann kennt. Og var\u00f0 \u00fea\u00f0 si\u00f0ur \u00ed \u00cdsrael:<a name=\"40\"><span class=\"versanumer\">40<\/span><\/a>\u00c1r fr\u00e1 \u00e1ri fara \u00cdsraels d\u00e6tur a\u00f0 lofsyngja d\u00f3ttur Jefta G\u00edlea\u00f0\u00edta, fj\u00f3ra daga \u00e1 \u00e1ri hverju.<\/p>\n<div class=\"footnote1981\"><b>11.1<\/b> Jefta Heb 11.32<br \/>\n<b>11.2<\/b> Rekinn burt 1M\u00f3s 21.10<br \/>\n<b>11.3<\/b> Lausamenn D\u00f3m 9.4<br \/>\n<b>11.4<\/b> Amm\u00f3n\u00edtar D\u00f3m 10.7<br \/>\n<b>11.10<\/b> Vottur sbr 1Sam 12.5; Jer 29.23; 42.5; Mal 2.14; R\u00f3m 1.9; 2Kor 1.23; Fil 1.8; 1\u00deess 2.5,10; Opb 1.5; 3.14<br \/>\n<b>11.11<\/b> Mispa 1M\u00f3s 31.49<br \/>\n<b>11.12<\/b> Hva\u00f0 \u00e1ttu s\u00f6ks\u00f3tt? 2Sam 16.10; 19.22; 1Kon 17.18; 2Kro 35.21; sbr Mrk 1.24; J\u00f3h 2.4<br \/>\n<b>11.13<\/b> Land Amm\u00f3n\u00edta 5M\u00f3s 2.17-23<br \/>\n<b>11.16-17<\/b> Kades, Ed\u00f3mkonungur 4M\u00f3s 20.1,14-21<br \/>\n<b>11.19-22<\/b> S\u00edhon 4M\u00f3s 21.21-26; 5M\u00f3s 2.26-37<br \/>\n<b>11.23<\/b> Amor\u00edtum st\u00f6kkt burt 5M\u00f3s 4.38+<br \/>\n<b>11.24<\/b> Kamos 4M\u00f3s 21.29<br \/>\n<b>11.25<\/b> Balak 4M\u00f3s 22-24<br \/>\n<b>11.26<\/b> \u00cdsrael \u00ed Ar\u00f3er J\u00f3s 13.25-26<br \/>\n<b>11.27<\/b> Drottinn d\u00e6mi 1M\u00f3s 16.5; 1Sam 24.13,16<br \/>\n<b>11.29<\/b> Andi Drottins D\u00f3m 3.10+ &#8211; Mispe v.11<br \/>\n<b>11.30<\/b> Heit 1Sam 14.24; sbr 3M\u00f3s 27.1-25<br \/>\n<b>11.31<\/b> Ma\u00f0ur sem brennif\u00f3rn 2Kon 3.27; sbr 1M\u00f3s 22.1-19; M\u00edk 6.7<br \/>\n<b>11.34<\/b> Bumbur og sigurdans 2M\u00f3s 15.20; 1Sam 18.6; J\u00fadt 16.1<br \/>\n<b>11.35<\/b> Reif kl\u00e6\u00f0i s\u00edn J\u00f3s 7.6 \u2013 loki\u00f0 upp munni 4M\u00f3s 30.3; Pr\u00e9d 5.3-5; sbr Job 35.16<br \/>\n<b>11.39<\/b> Si\u00f0ur \u00ed \u00cdsrael 2Kro 35.25<\/div>\n","protected":false},"excerpt":{"rendered":"<p>1Jefta G\u00edlea\u00f0\u00edti var kappi mikill, en hann var sk\u00e6kjuson. G\u00edlea\u00f0 haf\u00f0i geti\u00f0 Jefta,2og er kona G\u00edlea\u00f0s f\u00e6ddi honum sonu og synir hennar uxu upp, \u00fe\u00e1 r\u00e1ku \u00feeir Jefta burt og s\u00f6g\u00f0u vi\u00f0 hann: Eigi skalt \u00fe\u00fa taka arf \u00ed \u00e6tt vorri, \u00fev\u00ed a\u00f0 \u00fe\u00fa ert sonur annarrar konu.3\u00de\u00e1 fl\u00fd\u00f0i Jefta burt fr\u00e1 br\u00e6\u00f0rum s\u00ednum og settist a\u00f0 \u00ed landinu T\u00f3b. \u00de\u00e1 s\u00f6fnu\u00f0ust til Jefta lausingjar og fylgdu \u00feeir honum.4Nokkrum t\u00edma eftir \u00feetta h\u00f3fu Amm\u00f3n\u00edtar herna\u00f0 \u00e1 hendur \u00cdsrael.5En er Amm\u00f3n\u00edtar herju\u00f0u \u00e1 \u00cdsrael, l\u00f6g\u00f0u \u00f6ldungarnir \u00ed G\u00edlea\u00f0 af sta\u00f0 til \u00feess a\u00f0 s\u00e6kja Jefta \u00ed landi\u00f0 T\u00f3b.6Og \u00feeir s\u00f6g\u00f0u vi\u00f0 <a href=\"https:\/\/biblian.is\/1981\/domarabokin-11-kafli\/\"> [&#8230;]<\/a><\/p>\n","protected":false},"author":1,"featured_media":0,"parent":0,"menu_order":0,"comment_status":"open","ping_status":"open","template":"bibliukaflar.php","meta":{"footnotes":""},"class_list":["post-1568","page","type-page","status-publish","hentry"],"_links":{"self":[{"href":"https:\/\/biblian.is\/1981\/wp-json\/wp\/v2\/pages\/1568","targetHints":{"allow":["GET"]}}],"collection":[{"href":"https:\/\/biblian.is\/1981\/wp-json\/wp\/v2\/pages"}],"about":[{"href":"https:\/\/biblian.is\/1981\/wp-json\/wp\/v2\/types\/page"}],"author":[{"embeddable":true,"href":"https:\/\/biblian.is\/1981\/wp-json\/wp\/v2\/users\/1"}],"replies":[{"embeddable":true,"href":"https:\/\/biblian.is\/1981\/wp-json\/wp\/v2\/comments?post=1568"}],"version-history":[{"count":0,"href":"https:\/\/biblian.is\/1981\/wp-json\/wp\/v2\/pages\/1568\/revisions"}],"wp:attachment":[{"href":"https:\/\/biblian.is\/1981\/wp-json\/wp\/v2\/media?parent=1568"}],"curies":[{"name":"wp","href":"https:\/\/api.w.org\/{rel}","templated":true}]}}