{"id":1567,"date":"2017-11-18T20:17:50","date_gmt":"2017-11-18T20:17:50","guid":{"rendered":"http:\/\/biblian.is\/1981\/domarabokin-10-kafli\/"},"modified":"2021-06-06T10:50:35","modified_gmt":"2021-06-06T10:50:35","slug":"domarabokin-10-kafli","status":"publish","type":"page","link":"https:\/\/biblian.is\/1981\/domarabokin-10-kafli\/","title":{"rendered":"D\u00f3marab\u00f3kin 10. kafli"},"content":{"rendered":"<p><a name=\"1\"><span class=\"versanumer\">1<\/span><\/a>Eftir Ab\u00edmelek reis upp T\u00f3la P\u00faason, D\u00f3d\u00f3ssonar, ma\u00f0ur af \u00cdssakar, til a\u00f0 frelsa \u00cdsrael. Hann bj\u00f3 \u00ed Sam\u00edr \u00e1 Efra\u00edmfj\u00f6llum,<a name=\"2\"><span class=\"versanumer\">2<\/span><\/a>og var hann d\u00f3mari \u00ed \u00cdsrael \u00ed tuttugu og \u00ferj\u00fa \u00e1r. S\u00ed\u00f0an anda\u00f0ist hann og var grafinn \u00ed Sam\u00edr.<a name=\"3\"><span class=\"versanumer\">3<\/span><\/a>Eftir hann reis upp Ja\u00edr G\u00edlea\u00f0\u00edti og var d\u00f3mari \u00ed \u00cdsrael \u00ed tuttugu og tv\u00f6 \u00e1r.<a name=\"4\"><span class=\"versanumer\">4<\/span><\/a>Hann \u00e1tti \u00ferj\u00e1t\u00edu sonu, sem ri\u00f0u \u00e1 \u00ferj\u00e1t\u00edu \u00f6snufolum, \u00feeir \u00e1ttu \u00ferj\u00e1t\u00edu borgir. Eru \u00fe\u00e6r kalla\u00f0ar Ja\u00edrs-\u00feorp allt fram \u00e1 \u00feennan dag. \u00de\u00e6r liggja \u00ed G\u00edlea\u00f0landi.<a name=\"5\"><span class=\"versanumer\">5<\/span><\/a>S\u00ed\u00f0an anda\u00f0ist Ja\u00edr og var grafinn \u00ed Kam\u00f3n.<a name=\"6\"><span class=\"versanumer\">6<\/span><\/a>\u00cdsraelsmenn gj\u00f6r\u00f0u enn a\u00f0 n\u00fdju \u00fea\u00f0, sem illt var \u00ed augum Drottins, og d\u00fdrku\u00f0u Baala og Ast\u00f6rtur, gu\u00f0i Arams, gu\u00f0i S\u00eddonar, gu\u00f0i M\u00f3abs, gu\u00f0i Amm\u00f3n\u00edta og gu\u00f0i Filista, og yfirg\u00e1fu Drottin og d\u00fdrku\u00f0u hann ekki.<a name=\"7\"><span class=\"versanumer\">7<\/span><\/a>\u00de\u00e1 upptendra\u00f0ist rei\u00f0i Drottins gegn \u00cdsrael, og hann seldi \u00fe\u00e1 \u00ed hendur Filistum og \u00ed hendur Amm\u00f3n\u00edtum.<a name=\"8\"><span class=\"versanumer\">8<\/span><\/a>Og \u00feeir \u00fej\u00e1\u00f0u og \u00fej\u00f6ku\u00f0u \u00cdsraelsmenn \u00fea\u00f0 \u00e1r. \u00cd \u00e1tj\u00e1n \u00e1r \u00fej\u00f6ku\u00f0u \u00feeir alla \u00cdsraelsmenn, sem bjuggu hinumegin J\u00f3rdanar \u00ed landi Amor\u00edta, \u00fe\u00e1 er bjuggu \u00ed G\u00edlea\u00f0.<a name=\"9\"><span class=\"versanumer\">9<\/span><\/a>Enn fremur f\u00f3ru Amm\u00f3n\u00edtar yfir J\u00f3rdan til \u00feess a\u00f0 herja einnig \u00e1 J\u00fada, Benjam\u00edn og Efra\u00edms h\u00fas, svo a\u00f0 \u00cdsrael komst \u00ed miklar nau\u00f0ir.<a name=\"10\"><span class=\"versanumer\">10<\/span><\/a>\u00de\u00e1 hr\u00f3pu\u00f0u \u00cdsraelsmenn til Drottins og s\u00f6g\u00f0u: V\u00e9r h\u00f6fum syndga\u00f0 m\u00f3ti \u00fe\u00e9r, \u00fev\u00ed a\u00f0 v\u00e9r h\u00f6fum yfirgefi\u00f0 Gu\u00f0 vorn og d\u00fdrka\u00f0 Baala.<a name=\"11\"><span class=\"versanumer\">11<\/span><\/a>En Drottinn sag\u00f0i vi\u00f0 \u00cdsraelsmenn: Hafa ekki Egyptar, Amor\u00edtar, Amm\u00f3n\u00edtar, Filistar,<a name=\"12\"><span class=\"versanumer\">12<\/span><\/a>S\u00eddoningar, Amalek\u00edtar og Mid\u00edan\u00edtar k\u00faga\u00f0 y\u00f0ur? \u00de\u00e1 hr\u00f3pu\u00f0u\u00f0 \u00fe\u00e9r til m\u00edn og \u00e9g frelsa\u00f0i y\u00f0ur \u00far h\u00f6ndum \u00feeirra.<a name=\"13\"><span class=\"versanumer\">13<\/span><\/a>En \u00fe\u00e9r hafi\u00f0 yfirgefi\u00f0 mig og d\u00fdrka\u00f0 a\u00f0ra gu\u00f0i. Fyrir \u00fev\u00ed vil \u00e9g eigi framar hj\u00e1lpa y\u00f0ur.<a name=\"14\"><span class=\"versanumer\">14<\/span><\/a>Fari\u00f0 og hr\u00f3pi\u00f0 til gu\u00f0a \u00feeirra, er \u00fe\u00e9r hafi\u00f0 kj\u00f6ri\u00f0. Hj\u00e1lpi \u00feeir y\u00f0ur, \u00feegar \u00fe\u00e9r eru\u00f0 \u00ed nau\u00f0um.<a name=\"15\"><span class=\"versanumer\">15<\/span><\/a>\u00de\u00e1 s\u00f6g\u00f0u \u00cdsraelsmenn vi\u00f0 Drottin: V\u00e9r h\u00f6fum syndga\u00f0. Gj\u00f6r vi\u00f0 oss r\u00e9tt sem \u00fe\u00e9r l\u00edkar, frelsa oss a\u00f0eins \u00ed dag.<a name=\"16\"><span class=\"versanumer\">16<\/span><\/a>S\u00ed\u00f0an k\u00f6stu\u00f0u \u00feeir burt fr\u00e1 s\u00e9r \u00fatlendu gu\u00f0unum og d\u00fdrku\u00f0u Drottin. Eir\u00f0i hann \u00fe\u00e1 illa eymd \u00cdsraels.<a name=\"17\"><span class=\"versanumer\">17<\/span><\/a>\u00de\u00e1 var Amm\u00f3n\u00edtum stefnt saman, og settu \u00feeir herb\u00fa\u00f0ir s\u00ednar \u00ed G\u00edlea\u00f0. Og \u00cdsraelsmenn s\u00f6fnu\u00f0ust saman og settu herb\u00fa\u00f0ir s\u00ednar \u00ed Mispa.<a name=\"18\"><span class=\"versanumer\">18<\/span><\/a>En l\u00fd\u00f0urinn, h\u00f6f\u00f0ingjarnir \u00ed G\u00edlea\u00f0 s\u00f6g\u00f0u hver vi\u00f0 annan: Hver er s\u00e1 ma\u00f0ur, er fyrstur vill hefja \u00f3fri\u00f0 vi\u00f0 Amm\u00f3n\u00edta? Hann skal vera h\u00f6f\u00f0ingi yfir \u00f6llum G\u00edlea\u00f0b\u00faum!<\/p>\n<div class=\"footnote1981\"><b>10.1<\/b> T\u00f3la, P\u00faa 1M\u00f3s 46.13; 4M\u00f3s 26.23; 1Kro 7.1 \u2013 Efra\u00edmfj\u00f6ll D\u00f3m 3.27+<br \/>\n<b>10.3<\/b> Ja\u00edr fr\u00e1 G\u00edlea\u00f0 4M\u00f3s 32.41; 5M\u00f3s 3.14; 1Kon 4.13; 1Kro 2.20-23<br \/>\n<b>10.4<\/b> \u00derj\u00e1t\u00edu synir sbr D\u00f3m 8.30; 12.14<br \/>\n<b>10.6<\/b> Illt \u00ed augum Drottins 5M\u00f3s 4.25+ &#8211; Baalar og Ast\u00f6rtur D\u00f3m 2.13+ &#8211; yfirg\u00e1fu Drottin D\u00f3m 2.12; 3.7<br \/>\n<b>10.7<\/b> Rei\u00f0i Drottins &#8230; seldi \u00fe\u00e1 D\u00f3m 2.14+<br \/>\n<b>10.10<\/b> Hr\u00f3p til Drottins D\u00f3m 3.9,15; 4.3; 6.6 \u2013 vi\u00f0 h\u00f6fum syndga\u00f0 5M\u00f3s 1.41; 1Sam 12.10; 1Kon 8.47; Slm 106.6; Dan 9.5; Bar 1.17<br \/>\n<b>10.12<\/b> Amalek og Mid\u00edan D\u00f3m 3.13+ ; 6.1+,3 \u2013 \u00e9g frelsa\u00f0i ykkur D\u00f3m 2.16; 3.9,15; 6.9,14; 10.1<br \/>\n<b>10.13<\/b> A\u00f0rir gu\u00f0ir 2M\u00f3s 20.3+<br \/>\n<b>10.14<\/b> Hj\u00e1lpi \u00feeir 5M\u00f3s 32.37-38; Jer 2.28<br \/>\n<b>10.15<\/b> V\u00e9r h\u00f6fum syndga\u00f0 v.10+<br \/>\n<b>10.16<\/b> K\u00f6stu\u00f0u fr\u00e1 s\u00e9r 1M\u00f3s 35.2,4; J\u00f3s 24.23; 1Sam 7.3-4 \u2013 hremmingar \u00cdsraels sbr 2M\u00f3s 3.7,9<\/div>\n","protected":false},"excerpt":{"rendered":"<p>1Eftir Ab\u00edmelek reis upp T\u00f3la P\u00faason, D\u00f3d\u00f3ssonar, ma\u00f0ur af \u00cdssakar, til a\u00f0 frelsa \u00cdsrael. Hann bj\u00f3 \u00ed Sam\u00edr \u00e1 Efra\u00edmfj\u00f6llum,2og var hann d\u00f3mari \u00ed \u00cdsrael \u00ed tuttugu og \u00ferj\u00fa \u00e1r. S\u00ed\u00f0an anda\u00f0ist hann og var grafinn \u00ed Sam\u00edr.3Eftir hann reis upp Ja\u00edr G\u00edlea\u00f0\u00edti og var d\u00f3mari \u00ed \u00cdsrael \u00ed tuttugu og tv\u00f6 \u00e1r.4Hann \u00e1tti \u00ferj\u00e1t\u00edu sonu, sem ri\u00f0u \u00e1 \u00ferj\u00e1t\u00edu \u00f6snufolum, \u00feeir \u00e1ttu \u00ferj\u00e1t\u00edu borgir. Eru \u00fe\u00e6r kalla\u00f0ar Ja\u00edrs-\u00feorp allt fram \u00e1 \u00feennan dag. \u00de\u00e6r liggja \u00ed G\u00edlea\u00f0landi.5S\u00ed\u00f0an anda\u00f0ist Ja\u00edr og var grafinn \u00ed Kam\u00f3n.6\u00cdsraelsmenn gj\u00f6r\u00f0u enn a\u00f0 n\u00fdju \u00fea\u00f0, sem illt var \u00ed augum Drottins, og d\u00fdrku\u00f0u Baala og <a href=\"https:\/\/biblian.is\/1981\/domarabokin-10-kafli\/\"> [&#8230;]<\/a><\/p>\n","protected":false},"author":1,"featured_media":0,"parent":0,"menu_order":0,"comment_status":"open","ping_status":"open","template":"bibliukaflar.php","meta":{"footnotes":""},"class_list":["post-1567","page","type-page","status-publish","hentry"],"_links":{"self":[{"href":"https:\/\/biblian.is\/1981\/wp-json\/wp\/v2\/pages\/1567","targetHints":{"allow":["GET"]}}],"collection":[{"href":"https:\/\/biblian.is\/1981\/wp-json\/wp\/v2\/pages"}],"about":[{"href":"https:\/\/biblian.is\/1981\/wp-json\/wp\/v2\/types\/page"}],"author":[{"embeddable":true,"href":"https:\/\/biblian.is\/1981\/wp-json\/wp\/v2\/users\/1"}],"replies":[{"embeddable":true,"href":"https:\/\/biblian.is\/1981\/wp-json\/wp\/v2\/comments?post=1567"}],"version-history":[{"count":0,"href":"https:\/\/biblian.is\/1981\/wp-json\/wp\/v2\/pages\/1567\/revisions"}],"wp:attachment":[{"href":"https:\/\/biblian.is\/1981\/wp-json\/wp\/v2\/media?parent=1567"}],"curies":[{"name":"wp","href":"https:\/\/api.w.org\/{rel}","templated":true}]}}