{"id":1566,"date":"2017-11-18T20:17:45","date_gmt":"2017-11-18T20:17:45","guid":{"rendered":"http:\/\/biblian.is\/1981\/domarabokin-9-kafli\/"},"modified":"2021-06-06T10:50:41","modified_gmt":"2021-06-06T10:50:41","slug":"domarabokin-9-kafli","status":"publish","type":"page","link":"https:\/\/biblian.is\/1981\/domarabokin-9-kafli\/","title":{"rendered":"D\u00f3marab\u00f3kin 9. kafli"},"content":{"rendered":"<p><a name=\"1\"><span class=\"versanumer\">1<\/span><\/a>Ab\u00edmelek Jer\u00fabbaalsson f\u00f3r til S\u00edkem til m\u00f3\u00f0urbr\u00e6\u00f0ra sinna og tala\u00f0i vi\u00f0 \u00fe\u00e1 og vi\u00f0 allt fr\u00e6ndli\u00f0 m\u00f3\u00f0ur\u00e6ttar sinnar \u00e1 \u00feessa lei\u00f0:<a name=\"2\"><span class=\"versanumer\">2<\/span><\/a>Tali\u00f0 svo \u00ed eyru allra S\u00edkemb\u00faa: Hvort mun y\u00f0ur betra, a\u00f0 sj\u00f6t\u00edu menn, allir synir Jer\u00fabbaals, drottni yfir y\u00f0ur, e\u00f0a a\u00f0 einn ma\u00f0ur drottni yfir y\u00f0ur? Minnist \u00feess og, a\u00f0 \u00e9g er y\u00f0ar hold og bein.<a name=\"3\"><span class=\"versanumer\">3<\/span><\/a>M\u00f3\u00f0urbr\u00e6\u00f0ur hans t\u00f6lu\u00f0u \u00f6ll \u00feessi or\u00f0 um hann \u00ed eyru S\u00edkemb\u00faa, svo a\u00f0 hugur \u00feeirra hneig\u00f0ist a\u00f0 Ab\u00edmelek, \u00fev\u00ed a\u00f0 \u00feeir s\u00f6g\u00f0u: Hann er br\u00f3\u00f0ir vor.<a name=\"4\"><span class=\"versanumer\">4<\/span><\/a>\u00deeir g\u00e1fu honum sj\u00f6t\u00edu sikla silfurs \u00far musteri S\u00e1ttm\u00e1la-Baals, og Ab\u00edmelek leig\u00f0i fyrir \u00fea\u00f0 lausingja og \u00f3vendismenn og gj\u00f6r\u00f0ist fyrirli\u00f0i \u00feeirra.<a name=\"5\"><span class=\"versanumer\">5<\/span><\/a>\u00dev\u00ed n\u00e6st f\u00f3r hann til h\u00fass f\u00f6\u00f0ur s\u00edns \u00ed Ofra og drap br\u00e6\u00f0ur s\u00edna, sonu Jer\u00fabbaals, sj\u00f6t\u00edu manns \u00e1 einum steini. J\u00f3tam, yngsti sonur Jer\u00fabbaals, var\u00f0 einn eftir, \u00fev\u00ed a\u00f0 hann haf\u00f0i fali\u00f0 sig.<a name=\"6\"><span class=\"versanumer\">6<\/span><\/a>En allir S\u00edkemb\u00faar s\u00f6fnu\u00f0ust n\u00fa saman og allir \u00feeir, sem bjuggu \u00ed S\u00edkemkastala, og f\u00f3ru til og t\u00f3ku Ab\u00edmelek til konungs hj\u00e1 merkisteinseikinni, sem er hj\u00e1 S\u00edkem.<a name=\"7\"><span class=\"versanumer\">7<\/span><\/a>Er J\u00f3tam spur\u00f0i \u00feetta, f\u00f3r hann og nam sta\u00f0ar \u00e1 tindi Gar\u00eds\u00edmfjalls, h\u00f3f upp raust s\u00edna, kalla\u00f0i og m\u00e6lti til \u00feeirra: Heyri\u00f0 mig, S\u00edkemb\u00faar, svo a\u00f0 Gu\u00f0 heyri y\u00f0ur!<a name=\"8\"><span class=\"versanumer\">8<\/span><\/a>Einu sinni f\u00f3ru tr\u00e9n a\u00f0 smyrja konung s\u00e9r til handa. Og \u00feau s\u00f6g\u00f0u vi\u00f0 ol\u00edutr\u00e9\u00f0: Ver \u00fe\u00fa konungur yfir oss!<a name=\"9\"><span class=\"versanumer\">9<\/span><\/a>En ol\u00edutr\u00e9\u00f0 sag\u00f0i vi\u00f0 \u00feau: \u00c1 \u00e9g a\u00f0 yfirgefa feiti m\u00edna, sem Gu\u00f0 og menn vir\u00f0a mig fyrir, og fara a\u00f0 sveima uppi yfir trj\u00e1num?<a name=\"10\"><span class=\"versanumer\">10<\/span><\/a>\u00de\u00e1 s\u00f6g\u00f0u tr\u00e9n vi\u00f0 f\u00edkjutr\u00e9\u00f0: Kom \u00fe\u00fa og ver \u00fe\u00fa konungur yfir oss!<a name=\"11\"><span class=\"versanumer\">11<\/span><\/a>En f\u00edkjutr\u00e9\u00f0 sag\u00f0i vi\u00f0 \u00feau: \u00c1 \u00e9g a\u00f0 yfirgefa s\u00e6tleik minn og \u00e1g\u00e6tan \u00e1v\u00f6xt minn og fara a\u00f0 sveima uppi yfir trj\u00e1num?<a name=\"12\"><span class=\"versanumer\">12<\/span><\/a>\u00de\u00e1 s\u00f6g\u00f0u tr\u00e9n vi\u00f0 v\u00ednvi\u00f0inn: Kom \u00fe\u00fa og ver \u00fe\u00fa konungur yfir oss!<a name=\"13\"><span class=\"versanumer\">13<\/span><\/a>En v\u00ednvi\u00f0urinn sag\u00f0i vi\u00f0 \u00feau: \u00c1 \u00e9g a\u00f0 yfirgefa v\u00ednl\u00f6g minn, sem gle\u00f0ur b\u00e6\u00f0i Gu\u00f0 og menn, og fara a\u00f0 sveima uppi yfir trj\u00e1num?<a name=\"14\"><span class=\"versanumer\">14<\/span><\/a>\u00de\u00e1 s\u00f6g\u00f0u \u00f6ll tr\u00e9n vi\u00f0 \u00feyrninn: Kom \u00fe\u00fa og ver \u00fe\u00fa konungur yfir oss!<a name=\"15\"><span class=\"versanumer\">15<\/span><\/a>En \u00feyrnirinn sag\u00f0i vi\u00f0 tr\u00e9n: Ef \u00fea\u00f0 er alvara y\u00f0ar a\u00f0 smyrja mig til konungs, \u00fe\u00e1 komi\u00f0 og f\u00e1i\u00f0 y\u00f0ur skj\u00f3l \u00ed skugga m\u00ednum. En ef svo er eigi, \u00fe\u00e1 gangi eldur \u00fat fr\u00e1 \u00feyrninum og ey\u00f0i sedrustrj\u00e1num \u00e1 L\u00edbanon.<a name=\"16\"><span class=\"versanumer\">16<\/span><\/a>N\u00fa ef \u00fe\u00e9r hafi\u00f0 s\u00fdnt hreinskilni og einl\u00e6gni \u00ed \u00fev\u00ed a\u00f0 taka Ab\u00edmelek til konungs, og ef \u00fe\u00e9r hafi\u00f0 gj\u00f6rt vel vi\u00f0 Jer\u00fabbaal og h\u00fas hans og ef \u00fe\u00e9r hafi\u00f0 breytt vi\u00f0 hann, eins og hann haf\u00f0i til unni\u00f0<a name=\"17\"><span class=\"versanumer\">17<\/span><\/a>\u00fev\u00ed a\u00f0 fyrir y\u00f0ur bar\u00f0ist fa\u00f0ir minn og stofna\u00f0i l\u00edfi s\u00ednu \u00ed h\u00e6ttu, og y\u00f0ur frelsa\u00f0i hann \u00far h\u00f6ndum Mid\u00edans,<a name=\"18\"><span class=\"versanumer\">18<\/span><\/a>en \u00fe\u00e9r hafi\u00f0 \u00ed dag risi\u00f0 upp \u00ed gegn h\u00fasi f\u00f6\u00f0ur m\u00edns og drepi\u00f0 sonu hans, sj\u00f6t\u00edu a\u00f0 t\u00f6lu, \u00e1 einum steini og teki\u00f0 Ab\u00edmelek, son amb\u00e1ttar hans, til konungs yfir S\u00edkemb\u00faa, af \u00fev\u00ed a\u00f0 hann er br\u00f3\u00f0ir y\u00f0ar<a name=\"19\"><span class=\"versanumer\">19<\/span><\/a>ef \u00fe\u00e9r \u00fev\u00ed hafi\u00f0 s\u00fdnt Jer\u00fabbaal og h\u00fasi hans hreinskilni og einl\u00e6gni \u00ed dag, \u00fe\u00e1 gle\u00f0jist yfir Ab\u00edmelek, og hann gle\u00f0jist \u00fe\u00e1 og yfir y\u00f0ur.<a name=\"20\"><span class=\"versanumer\">20<\/span><\/a>En ef svo er eigi, \u00fe\u00e1 gangi eldur \u00fat fr\u00e1 Ab\u00edmelek og ey\u00f0i S\u00edkemb\u00faum og \u00feeim, sem b\u00faa \u00ed S\u00edkemkastala, og \u00fe\u00e1 gangi eldur \u00fat fr\u00e1 S\u00edkemb\u00faum og \u00feeim, sem b\u00faa \u00ed S\u00edkemkastala, og ey\u00f0i Ab\u00edmelek.<a name=\"21\"><span class=\"versanumer\">21<\/span><\/a>S\u00ed\u00f0an lag\u00f0i J\u00f3tam \u00e1 fl\u00f3tta og fl\u00fd\u00f0i burt og f\u00f3r til Beer. \u00dear settist hann a\u00f0, til \u00feess a\u00f0 vera \u00f3hultur fyrir Ab\u00edmelek br\u00f3\u00f0ur s\u00ednum.<a name=\"22\"><span class=\"versanumer\">22<\/span><\/a>Ab\u00edmelek r\u00e9\u00f0 n\u00fa fyrir \u00cdsrael \u00ed \u00ferj\u00fa \u00e1r.<a name=\"23\"><span class=\"versanumer\">23<\/span><\/a>\u00de\u00e1 l\u00e9t Gu\u00f0 sundur\u00feykkis anda koma upp milli Ab\u00edmeleks og S\u00edkemb\u00faa, svo a\u00f0 S\u00edkemb\u00faar rufu trygg\u00f0ir vi\u00f0 Ab\u00edmelek,<a name=\"24\"><span class=\"versanumer\">24<\/span><\/a>til \u00feess a\u00f0 hefnd k\u00e6mi fyrir n\u00ed\u00f0ingsverki\u00f0 \u00e1 \u00feeim sj\u00f6t\u00edu sonum Jer\u00fabbaals og a\u00f0 bl\u00f3\u00f0 \u00feeirra k\u00e6mi yfir Ab\u00edmelek, br\u00f3\u00f0ur \u00feeirra, sem drepi\u00f0 haf\u00f0i \u00fe\u00e1, og yfir S\u00edkemb\u00faa, sem styrkt h\u00f6f\u00f0u hann til a\u00f0 drepa br\u00e6\u00f0ur hans.<a name=\"25\"><span class=\"versanumer\">25<\/span><\/a>Settu S\u00edkemb\u00faar \u00fe\u00e1 menn \u00ed launs\u00e1t \u00ed m\u00f3ti honum h\u00e6st \u00e1 fj\u00f6llum uppi, og r\u00e6ndu \u00feeir alla \u00fe\u00e1, er um veginn f\u00f3ru fram hj\u00e1 \u00feeim. Og Ab\u00edmelek var sagt fr\u00e1 \u00fev\u00ed.<a name=\"26\"><span class=\"versanumer\">26<\/span><\/a>\u00de\u00e1 kom Gaal Ebedsson og br\u00e6\u00f0ur hans, og h\u00e9ldu \u00feeir inn \u00ed S\u00edkem, og S\u00edkemb\u00faar fengu traust \u00e1 honum.<a name=\"27\"><span class=\"versanumer\">27<\/span><\/a>\u00deeir f\u00f3ru \u00fat \u00e1 akurinn og l\u00e1su v\u00ednberin \u00ed v\u00edng\u00f6r\u00f0um s\u00ednum og tr\u00f3\u00f0u \u00feau og h\u00e9ldu h\u00e1t\u00ed\u00f0, f\u00f3ru inn \u00ed musteri gu\u00f0s s\u00edns og \u00e1tu og drukku og b\u00f6lvu\u00f0u Ab\u00edmelek.<a name=\"28\"><span class=\"versanumer\">28<\/span><\/a>Og Gaal Ebedsson sag\u00f0i: Hver er Ab\u00edmelek og hverjir erum v\u00e9r \u00ed S\u00edkem, a\u00f0 v\u00e9r eigum a\u00f0 l\u00fata honum? Er hann ekki sonur Jer\u00fabbaals og Seb\u00fal h\u00f6fu\u00f0sma\u00f0ur hans? L\u00fati\u00f0 m\u00f6nnum Hemors, f\u00f6\u00f0ur S\u00edkems! En hv\u00ed skyldum v\u00e9r eiga a\u00f0 l\u00fata honum?<a name=\"29\"><span class=\"versanumer\">29<\/span><\/a>\u00c9g vildi a\u00f0 f\u00f3lk \u00feetta v\u00e6ri undir minni hendi, \u00fe\u00e1 skyldi \u00e9g ekki vera lengi a\u00f0 reka Ab\u00edmelek burt og segja vi\u00f0 Ab\u00edmelek: Auk her \u00feinn og kom \u00fat!<a name=\"30\"><span class=\"versanumer\">30<\/span><\/a>Er Seb\u00fal, h\u00f6fu\u00f0sma\u00f0ur borgarinnar, spur\u00f0i umm\u00e6li Gaals Ebedssonar, upptendra\u00f0ist rei\u00f0i hans,<a name=\"31\"><span class=\"versanumer\">31<\/span><\/a>og sendi hann menn \u00e1 laun til Ab\u00edmeleks og l\u00e9t segja honum: Sj\u00e1, Gaal Ebedsson og br\u00e6\u00f0ur hans eru komnir til S\u00edkem og \u00e6sa \u00feeir borgina upp \u00ed m\u00f3ti \u00fe\u00e9r.<a name=\"32\"><span class=\"versanumer\">32<\/span><\/a>Tak \u00feig \u00fev\u00ed upp um n\u00f3tt me\u00f0 li\u00f0i\u00f0, sem hj\u00e1 \u00fe\u00e9r er, og leggstu \u00ed launs\u00e1tur \u00fati \u00e1 v\u00ed\u00f0avangi,<a name=\"33\"><span class=\"versanumer\">33<\/span><\/a>og a\u00f0 morgni, \u00feegar s\u00f3l rennur upp, \u00fe\u00e1 skalt \u00fe\u00fa vera \u00e1rla \u00e1 f\u00f3tum og r\u00e1\u00f0ast \u00e1 borgina. \u00de\u00e1 mun hann og li\u00f0i\u00f0, sem me\u00f0 honum er, fara \u00fat \u00ed m\u00f3ti \u00fe\u00e9r, og skalt \u00fe\u00fa \u00fe\u00e1 me\u00f0 hann fara svo sem \u00fe\u00fa f\u00e6r\u00f0 f\u00e6ri \u00e1.<a name=\"34\"><span class=\"versanumer\">34<\/span><\/a>\u00de\u00e1 t\u00f3k Ab\u00edmelek sig upp um n\u00f3tt me\u00f0 allt li\u00f0i\u00f0, sem hj\u00e1 honum var, og \u00feeir l\u00f6g\u00f0ust \u00ed launs\u00e1t \u00ed fj\u00f3rum flokkum m\u00f3ti S\u00edkem.<a name=\"35\"><span class=\"versanumer\">35<\/span><\/a>Og er Gaal Ebedsson kom \u00fat og nam sta\u00f0ar fyrir utan borgarhli\u00f0i\u00f0, \u00fe\u00e1 spratt Ab\u00edmelek upp \u00far launs\u00e1tinni og li\u00f0i\u00f0, sem me\u00f0 honum var.<a name=\"36\"><span class=\"versanumer\">36<\/span><\/a>Og Gaal s\u00e1 li\u00f0i\u00f0 og sag\u00f0i vi\u00f0 Seb\u00fal: Sj\u00e1, \u00fearna kemur f\u00f3lk ofan af fj\u00f6llunum. En Seb\u00fal sag\u00f0i vi\u00f0 hann: \u00de\u00fa s\u00e9r\u00f0 skuggann \u00ed fj\u00f6llunum og \u00e6tlar menn vera.<a name=\"37\"><span class=\"versanumer\">37<\/span><\/a>En Gaal h\u00e9lt \u00e1fram a\u00f0 m\u00e6la og sag\u00f0i: Sj\u00e1, \u00fearna kemur f\u00f3lk ofan af h\u00e1h\u00e6\u00f0inni, og einn h\u00f3pur kemur fr\u00e1 veginum a\u00f0 sp\u00e1sagnaeikinni.<a name=\"38\"><span class=\"versanumer\">38<\/span><\/a>\u00de\u00e1 m\u00e6lti Seb\u00fal vi\u00f0 hann: Hvar eru n\u00fa st\u00f3ryr\u00f0i \u00fe\u00edn, er \u00fe\u00fa sag\u00f0ir: Hver er Ab\u00edmelek, a\u00f0 v\u00e9r eigum a\u00f0 l\u00fata honum? Er \u00feetta ekki li\u00f0i\u00f0, sem \u00fe\u00fa fyrirleist? L\u00e1ttu n\u00fa sj\u00e1, far \u00fat og berst vi\u00f0 \u00fea\u00f0.<a name=\"39\"><span class=\"versanumer\">39<\/span><\/a>F\u00f3r Gaal \u00fe\u00e1 fyrir S\u00edkemb\u00faum og bar\u00f0ist vi\u00f0 Ab\u00edmelek.<a name=\"40\"><span class=\"versanumer\">40<\/span><\/a>En Ab\u00edmelek s\u00f3tti svo hart a\u00f0 honum, a\u00f0 hann fl\u00fd\u00f0i fyrir honum, og var\u00f0 \u00fear mannfall miki\u00f0 allt a\u00f0 borgarhli\u00f0inu.<a name=\"41\"><span class=\"versanumer\">41<\/span><\/a>Eftir \u00fea\u00f0 dvaldist Ab\u00edmelek \u00ed Ar\u00fama, en Seb\u00fal rak Gaal og br\u00e6\u00f0ur hans burt, svo a\u00f0 \u00feeir fengu ekki a\u00f0 b\u00faa \u00ed S\u00edkem.<a name=\"42\"><span class=\"versanumer\">42<\/span><\/a>En daginn eftir f\u00f3r f\u00f3lki\u00f0 \u00fat \u00e1 akurinn, og s\u00f6g\u00f0u menn Ab\u00edmelek fr\u00e1 \u00fev\u00ed.<a name=\"43\"><span class=\"versanumer\">43<\/span><\/a>\u00de\u00e1 t\u00f3k hann li\u00f0 sitt og skipti \u00fev\u00ed \u00ed \u00ferj\u00e1r sveitir og lag\u00f0ist \u00ed launs\u00e1t \u00fati \u00e1 v\u00ed\u00f0avangi, og er hann s\u00e1 f\u00f3lki\u00f0 koma \u00fat \u00far borginni, r\u00e9\u00f0st hann \u00e1 \u00fea\u00f0 og vann sigur \u00e1 \u00fev\u00ed.<a name=\"44\"><span class=\"versanumer\">44<\/span><\/a>Ab\u00edmelek sj\u00e1lfur og sveitin, sem me\u00f0 honum var, \u00feusti fram og nam sta\u00f0ar fyrir borgarhli\u00f0inu, en b\u00e1\u00f0ar hinar sveitirnar gj\u00f6r\u00f0u \u00e1hlaup \u00e1 alla \u00fe\u00e1, sem \u00fati \u00e1 v\u00ed\u00f0avangi voru, og unnu sigur \u00e1 \u00feeim.<a name=\"45\"><span class=\"versanumer\">45<\/span><\/a>&#8222;\u00dev\u00ed n\u00e6st herja\u00f0i Ab\u00edmelek \u00e1 borgina allan \u00feann dag og vann borgina, og drap f\u00f3lki\u00f0, sem \u00ed henni var; braut s\u00ed\u00f0an ni\u00f0ur borgina og str\u00e1\u00f0i yfir hana salti. &#8222;<a name=\"46\"><span class=\"versanumer\">46<\/span><\/a>Er allir \u00feeir menn, sem bjuggu \u00ed S\u00edkemkastala, heyr\u00f0u \u00feetta, gengu \u00feeir inn \u00ed hvelfinguna \u00ed musteri S\u00e1ttm\u00e1la-gu\u00f0s.<a name=\"47\"><span class=\"versanumer\">47<\/span><\/a>Og er Ab\u00edmelek var sagt fr\u00e1 \u00fev\u00ed, a\u00f0 allir menn \u00ed S\u00edkemkastala hef\u00f0u safnast \u00fear saman,<a name=\"48\"><span class=\"versanumer\">48<\/span><\/a>\u00fe\u00e1 f\u00f3r Ab\u00edmelek upp \u00e1 Salm\u00f3nfjall me\u00f0 allt li\u00f0i\u00f0, sem hj\u00e1 honum var. Og Ab\u00edmelek t\u00f3k \u00f6xi \u00ed h\u00f6nd s\u00e9r og hj\u00f3 af trj\u00e1grein, h\u00f3f \u00e1 loft og lag\u00f0i \u00e1 her\u00f0ar s\u00e9r og sag\u00f0i vi\u00f0 li\u00f0i\u00f0, sem me\u00f0 honum var: Gj\u00f6ri\u00f0 n\u00fa sem skj\u00f3tast sl\u00edkt hi\u00f0 sama, er \u00fe\u00e9r s\u00e1u\u00f0 mig gj\u00f6ra.<a name=\"49\"><span class=\"versanumer\">49<\/span><\/a>\u00de\u00e1 hj\u00f3 og allt f\u00f3lki\u00f0 hver s\u00edna grein, og fylgdu \u00feeir Ab\u00edmelek og b\u00e1ru a\u00f0 hvelfingunni og l\u00f6g\u00f0u s\u00ed\u00f0an eld \u00ed hvelfinguna yfir \u00feeim, svo a\u00f0 allir menn \u00ed S\u00edkemkastala d\u00f3u, h\u00e9r um bil eitt \u00fe\u00fasund karla og kvenna.<a name=\"50\"><span class=\"versanumer\">50<\/span><\/a>S\u00ed\u00f0an f\u00f3r Ab\u00edmelek til Tebes og settist um Tebes og vann hana.<a name=\"51\"><span class=\"versanumer\">51<\/span><\/a>En \u00ed mi\u00f0ri borginni var sterkur turn. \u00deanga\u00f0 fl\u00fd\u00f0u allir menn og konur, j\u00e1, allir borgarb\u00faar. Loku\u00f0u \u00feeir sig \u00fear inni og stigu s\u00ed\u00f0an upp \u00e1 \u00feaki\u00f0 \u00e1 turninum.<a name=\"52\"><span class=\"versanumer\">52<\/span><\/a>N\u00fa kom Ab\u00edmelek a\u00f0 turninum og gj\u00f6r\u00f0i \u00e1hlaup \u00e1 hann. En er hann gekk a\u00f0 dyrum turnsins, til \u00feess a\u00f0 leggja eld \u00ed hann,<a name=\"53\"><span class=\"versanumer\">53<\/span><\/a>\u00fe\u00e1 kasta\u00f0i kona ein efri kvarnarsteini \u00ed h\u00f6fu\u00f0 Ab\u00edmelek og m\u00f6lva\u00f0i sundur hausk\u00fapuna.<a name=\"54\"><span class=\"versanumer\">54<\/span><\/a>\u00de\u00e1 kalla\u00f0i hann sem skj\u00f3tast til skjaldsveins s\u00edns og m\u00e6lti vi\u00f0 hann: Breg\u00f0 sver\u00f0i \u00fe\u00ednu og dey\u00f0 mig, svo a\u00f0 eigi ver\u00f0i um mig sagt: Kona drap hann! \u00de\u00e1 lag\u00f0i sveinn hans hann \u00ed gegn, og var\u00f0 \u00fea\u00f0 hans bani.<a name=\"55\"><span class=\"versanumer\">55<\/span><\/a>En er \u00cdsraelsmenn s\u00e1u, a\u00f0 Ab\u00edmelek var dau\u00f0ur, f\u00f3ru \u00feeir hver heim til s\u00edn.<a name=\"56\"><span class=\"versanumer\">56<\/span><\/a>\u00deannig galt Gu\u00f0 illsku Ab\u00edmeleks, \u00fe\u00e1 er hann haf\u00f0i \u00ed frammi haft vi\u00f0 f\u00f6\u00f0ur sinn, er hann drap sj\u00f6t\u00edu br\u00e6\u00f0ur s\u00edna.<a name=\"57\"><span class=\"versanumer\">57<\/span><\/a>Og Gu\u00f0 l\u00e9t alla illsku S\u00edkemb\u00faa koma \u00feeim \u00ed koll. R\u00e6ttist \u00feannig \u00e1 \u00feeim form\u00e6ling J\u00f3tams Jer\u00fabbaalssonar.<\/p>\n<div class=\"footnote1981\"><b>9.1<\/b> Ab\u00edmelek D\u00f3m 8.31 \u2013 m\u00f3\u00f0urbr\u00e6\u00f0ur sbr D\u00f3m 8.31<br \/>\n<b>9.2<\/b> Sj\u00f6t\u00edu synir Jer\u00fabbaals D\u00f3m 8.30<br \/>\n<b>9.4<\/b> S\u00e1ttm\u00e1la-Baal D\u00f3m 8.33+ &#8211; lausnamenn D\u00f3m 11.3<br \/>\n<b>9.5<\/b> Konungs\u00e6ttin uppr\u00e6tt 2Kon 10.1-17; 11.1-3; sbr Matt 2.16-18<br \/>\n<b>9.6<\/b> Eikin (heil\u00f6g) sbr 1M\u00f3s 12.6; 35.4 \u2013 merkissteinninn \u00ed S\u00edkem J\u00f3s 24.26<br \/>\n<b>9.8-15<\/b> D\u00e6misaga J\u00f3tams sbr 2Sam 12.1-4; 2Kon 14.9; Esk 17<br \/>\n<b>9.9<\/b> Heil\u00f6g og vanheil\u00f6g notkun ol\u00edunnar 3M\u00f3s 2.1-16; 1Sam 10.1; 16.13; Slm 104.15<br \/>\n<b>9.13<\/b> V\u00ednl\u00f6gurinn gle\u00f0ur Slm 104.15; S\u00edr 31.27-28; sbr Pr\u00e9d 9.7<br \/>\n<b>9.17<\/b> Frelsa\u00f0ir \u00far h\u00f6ndum Mid\u00edans D\u00f3m 6.33-8.28<br \/>\n<b>9.20<\/b> Eldur v 49<br \/>\n<b>9.23<\/b> Sundur\u00feykkis andi 1Sam 16.14; 1Kon 22.23; Jes 19.14; 29.10<br \/>\n<b>9.24<\/b> Bl\u00f3\u00f0 &#8230; Jer 51.35+<br \/>\n<b>9.28<\/b> Hemor, stofnandi S\u00edkems 1M\u00f3s 34.2,4<br \/>\n<b>9.45<\/b> Salt 5M\u00f3s 29.23; Jer 17.6; Slm 107.34<br \/>\n<b>9.46<\/b> S\u00e1ttm\u00e1la-gu\u00f0 sbr D\u00f3m 8.33+<br \/>\n<b>9.49<\/b> Eldur v.20<br \/>\n<b>9.53<\/b> Kvarnarsteinn 2Sam 11.21<br \/>\n<b>9.54<\/b> Dreptu mig 1Sam 31.4<br \/>\n<b>9.57<\/b> Form\u00e1li J\u00f3tams D\u00f3m 9.20<\/div>\n","protected":false},"excerpt":{"rendered":"<p>1Ab\u00edmelek Jer\u00fabbaalsson f\u00f3r til S\u00edkem til m\u00f3\u00f0urbr\u00e6\u00f0ra sinna og tala\u00f0i vi\u00f0 \u00fe\u00e1 og vi\u00f0 allt fr\u00e6ndli\u00f0 m\u00f3\u00f0ur\u00e6ttar sinnar \u00e1 \u00feessa lei\u00f0:2Tali\u00f0 svo \u00ed eyru allra S\u00edkemb\u00faa: Hvort mun y\u00f0ur betra, a\u00f0 sj\u00f6t\u00edu menn, allir synir Jer\u00fabbaals, drottni yfir y\u00f0ur, e\u00f0a a\u00f0 einn ma\u00f0ur drottni yfir y\u00f0ur? Minnist \u00feess og, a\u00f0 \u00e9g er y\u00f0ar hold og bein.3M\u00f3\u00f0urbr\u00e6\u00f0ur hans t\u00f6lu\u00f0u \u00f6ll \u00feessi or\u00f0 um hann \u00ed eyru S\u00edkemb\u00faa, svo a\u00f0 hugur \u00feeirra hneig\u00f0ist a\u00f0 Ab\u00edmelek, \u00fev\u00ed a\u00f0 \u00feeir s\u00f6g\u00f0u: Hann er br\u00f3\u00f0ir vor.4\u00deeir g\u00e1fu honum sj\u00f6t\u00edu sikla silfurs \u00far musteri S\u00e1ttm\u00e1la-Baals, og Ab\u00edmelek leig\u00f0i fyrir \u00fea\u00f0 lausingja og \u00f3vendismenn og gj\u00f6r\u00f0ist fyrirli\u00f0i <a href=\"https:\/\/biblian.is\/1981\/domarabokin-9-kafli\/\"> [&#8230;]<\/a><\/p>\n","protected":false},"author":1,"featured_media":0,"parent":0,"menu_order":0,"comment_status":"open","ping_status":"open","template":"bibliukaflar.php","meta":{"footnotes":""},"class_list":["post-1566","page","type-page","status-publish","hentry"],"_links":{"self":[{"href":"https:\/\/biblian.is\/1981\/wp-json\/wp\/v2\/pages\/1566","targetHints":{"allow":["GET"]}}],"collection":[{"href":"https:\/\/biblian.is\/1981\/wp-json\/wp\/v2\/pages"}],"about":[{"href":"https:\/\/biblian.is\/1981\/wp-json\/wp\/v2\/types\/page"}],"author":[{"embeddable":true,"href":"https:\/\/biblian.is\/1981\/wp-json\/wp\/v2\/users\/1"}],"replies":[{"embeddable":true,"href":"https:\/\/biblian.is\/1981\/wp-json\/wp\/v2\/comments?post=1566"}],"version-history":[{"count":0,"href":"https:\/\/biblian.is\/1981\/wp-json\/wp\/v2\/pages\/1566\/revisions"}],"wp:attachment":[{"href":"https:\/\/biblian.is\/1981\/wp-json\/wp\/v2\/media?parent=1566"}],"curies":[{"name":"wp","href":"https:\/\/api.w.org\/{rel}","templated":true}]}}