{"id":1565,"date":"2017-11-18T20:17:45","date_gmt":"2017-11-18T20:17:45","guid":{"rendered":"http:\/\/biblian.is\/1981\/domarabokin-8-kafli\/"},"modified":"2021-06-06T10:50:41","modified_gmt":"2021-06-06T10:50:41","slug":"domarabokin-8-kafli","status":"publish","type":"page","link":"https:\/\/biblian.is\/1981\/domarabokin-8-kafli\/","title":{"rendered":"D\u00f3marab\u00f3kin 8. kafli"},"content":{"rendered":"<p><a name=\"1\"><span class=\"versanumer\">1<\/span><\/a>Efra\u00edm\u00edtar s\u00f6g\u00f0u vi\u00f0 G\u00eddeon: Hv\u00ed gj\u00f6r\u00f0ir \u00fe\u00fa oss \u00feetta, a\u00f0 kalla oss eigi? Heldur hefir \u00fe\u00fa fari\u00f0 einn til \u00feess a\u00f0 berjast vi\u00f0 Mid\u00edan\u00edta. Og \u00feeir \u00fer\u00e1ttu\u00f0u \u00e1kaflega vi\u00f0 hann.<a name=\"2\"><span class=\"versanumer\">2<\/span><\/a>\u00de\u00e1 sag\u00f0i hann vi\u00f0 \u00fe\u00e1: Hva\u00f0 hefi \u00e9g n\u00fa gj\u00f6rt \u00ed samanbur\u00f0i vi\u00f0 y\u00f0ur? Er ekki eftirt\u00edningur Efra\u00edms betri en v\u00ednberjatekja Ab\u00edesers?<a name=\"3\"><span class=\"versanumer\">3<\/span><\/a>\u00cd y\u00f0ar hendur hefir Gu\u00f0 gefi\u00f0 h\u00f6f\u00f0ingja Mid\u00edans, \u00fe\u00e1 \u00d3reb og Seeb. Hva\u00f0 hefi \u00e9g megna\u00f0 a\u00f0 gj\u00f6ra \u00ed samanbur\u00f0i vi\u00f0 y\u00f0ur? Og er hann haf\u00f0i \u00feetta m\u00e6lt, sefa\u00f0ist rei\u00f0i \u00feeirra vi\u00f0 hann.<a name=\"4\"><span class=\"versanumer\">4<\/span><\/a>G\u00eddeon kom n\u00fa a\u00f0 J\u00f3rdan og f\u00f3r yfir hana me\u00f0 \u00feau \u00ferj\u00fa hundru\u00f0 manna, er me\u00f0 honum voru, en \u00feeir voru \u00fereyttir or\u00f0nir a\u00f0 reka fl\u00f3ttann.<a name=\"5\"><span class=\"versanumer\">5<\/span><\/a>Og hann sag\u00f0i vi\u00f0 S\u00fakk\u00f3tb\u00faa: Gefi\u00f0 li\u00f0inu, sem fylgir m\u00e9r, brau\u00f0hleifa, \u00fev\u00ed a\u00f0 \u00feeir eru \u00fereyttir or\u00f0nir, \u00fear e\u00f0 \u00e9g er a\u00f0 elta \u00fe\u00e1 Seba og Salm\u00fana, Mid\u00edans konunga.<a name=\"6\"><span class=\"versanumer\">6<\/span><\/a>En h\u00f6f\u00f0ingjarnir \u00ed S\u00fakk\u00f3t s\u00f6g\u00f0u: Eru \u00feeir Seba og Salm\u00fana \u00feegar gengnir \u00fe\u00e9r svo \u00ed greipar, a\u00f0 v\u00e9r megum gefa her \u00fe\u00ednum brau\u00f0?<a name=\"7\"><span class=\"versanumer\">7<\/span><\/a>\u00de\u00e1 sag\u00f0i G\u00eddeon: S\u00e9 \u00fea\u00f0 svo! \u00deegar Drottinn gefur Seba og Salm\u00fana \u00ed m\u00ednar hendur, \u00fe\u00e1 skal \u00e9g \u00fereskja hold y\u00f0ar me\u00f0 \u00feyrnum ey\u00f0imerkurinnar og me\u00f0 \u00feistlum.<a name=\"8\"><span class=\"versanumer\">8<\/span><\/a>\u00dea\u00f0an f\u00f3r hann til Pen\u00fael og m\u00e6lti vi\u00f0 \u00fe\u00e1 \u00e1 s\u00f6mu lei\u00f0. En Pen\u00faelb\u00faar sv\u00f6ru\u00f0u honum hinu sama og S\u00fakk\u00f3tb\u00faar h\u00f6f\u00f0u svara\u00f0.<a name=\"9\"><span class=\"versanumer\">9<\/span><\/a>\u00de\u00e1 sag\u00f0i hann og vi\u00f0 Pen\u00faelb\u00faa \u00e1 \u00feessa lei\u00f0: \u00deegar \u00e9g kem aftur heilu og h\u00f6ldnu, mun \u00e9g brj\u00f3ta ni\u00f0ur kastala \u00feennan.<a name=\"10\"><span class=\"versanumer\">10<\/span><\/a>\u00deeir Seba og Salm\u00fana voru \u00ed Kark\u00f3r og herli\u00f0 \u00feeirra me\u00f0 \u00feeim, um fimmt\u00e1n \u00fe\u00fasundir manna, allir \u00feeir, er eftir voru af \u00f6llum her austurbyggja, en eitt hundra\u00f0 og tuttugu \u00fe\u00fasundir vopna\u00f0ra manna voru fallnar.<a name=\"11\"><span class=\"versanumer\">11<\/span><\/a>F\u00f3r G\u00eddeon n\u00fa tjaldb\u00faalei\u00f0 fyrir austan N\u00f3ba og Jogbeha og r\u00e9\u00f0st \u00e1 herb\u00fa\u00f0irnar, \u00fe\u00e1 er herinn ugg\u00f0i eigi a\u00f0 s\u00e9r.<a name=\"12\"><span class=\"versanumer\">12<\/span><\/a>\u00deeir Seba og Salm\u00fana fl\u00fd\u00f0u, en hann elti \u00fe\u00e1 og t\u00f3k h\u00f6ndum b\u00e1\u00f0a Mid\u00edanskonungana Seba og Salm\u00fana, og tv\u00edstra\u00f0i \u00f6llum hernum.<a name=\"13\"><span class=\"versanumer\">13<\/span><\/a>Eftir \u00fea\u00f0 sneri G\u00eddeon J\u00f3asson aftur \u00far lei\u00f0angrinum hj\u00e1 Heresst\u00edgnum.<a name=\"14\"><span class=\"versanumer\">14<\/span><\/a>Og hann t\u00f3k h\u00f6ndum svein nokkurn fr\u00e1 S\u00fakk\u00f3tb\u00faum og kvaddi hann sagna, og sveinninn skrifa\u00f0i upp fyrir hann h\u00f6f\u00f0ingjana \u00ed S\u00fakk\u00f3t og \u00f6ldungana, sj\u00f6t\u00edu og sj\u00f6 manns.<a name=\"15\"><span class=\"versanumer\">15<\/span><\/a>Og er hann kom til S\u00fakk\u00f3tb\u00faa, sag\u00f0i hann: H\u00e9r eru \u00fe\u00fa \u00feeir Seba og Salm\u00fana, er \u00fe\u00e9r h\u00e6ddu\u00f0 mig fyrir og s\u00f6g\u00f0u\u00f0: Eru \u00feeir Seba og Salm\u00fana \u00feegar gengnir svo \u00ed greipar \u00fe\u00e9r, a\u00f0 v\u00e9r megum gefa \u00fereyttum m\u00f6nnum \u00fe\u00ednum brau\u00f0?<a name=\"16\"><span class=\"versanumer\">16<\/span><\/a>Og hann t\u00f3k \u00f6ldunga borgarinnar og \u00feyrna ey\u00f0imerkurinnar og \u00feistla og l\u00e9t S\u00fakk\u00f3tb\u00faa kenna \u00e1 \u00feeim.<a name=\"17\"><span class=\"versanumer\">17<\/span><\/a>Og hann braut ni\u00f0ur kastalann \u00ed Pen\u00fael og drap borgarb\u00faa.<a name=\"18\"><span class=\"versanumer\">18<\/span><\/a>S\u00ed\u00f0an sag\u00f0i hann vi\u00f0 Seba og Salm\u00fana: Hvernig voru \u00feeir menn \u00ed h\u00e1tt, er \u00fei\u00f0 dr\u00e1pu\u00f0 hj\u00e1 Tabor? \u00deeir s\u00f6g\u00f0u: \u00deeir voru alveg eins og \u00fe\u00fa. Voru \u00feeir allir sl\u00edkir \u00e1s\u00fdndum sem v\u00e6ru \u00feeir konungssynir.<a name=\"19\"><span class=\"versanumer\">19<\/span><\/a>\u00de\u00e1 sag\u00f0i hann: \u00deeir hafa veri\u00f0 br\u00e6\u00f0ur m\u00ednir, synir m\u00f3\u00f0ur minnar. Svo sannarlega sem Drottinn lifir: Ef \u00fei\u00f0 hef\u00f0u\u00f0 gefi\u00f0 \u00feeim l\u00edf, mundi \u00e9g ekki hafa drepi\u00f0 ykkur.<a name=\"20\"><span class=\"versanumer\">20<\/span><\/a>\u00dev\u00ed n\u00e6st sag\u00f0i hann vi\u00f0 Jeter, frumgetinn son sinn: Far \u00fe\u00fa til og drep \u00fe\u00e1! En sveinninn br\u00e1 ekki sver\u00f0i s\u00ednu, \u00fev\u00ed a\u00f0 hann bar ekki hug til, enda var hann ungur a\u00f0 aldri.<a name=\"21\"><span class=\"versanumer\">21<\/span><\/a>En \u00feeir Seba og Salm\u00fana s\u00f6g\u00f0u: Far \u00fe\u00fa sj\u00e1lfur til og vinn \u00e1 okkur, \u00fev\u00ed a\u00f0 afl fylgir aldri manns. F\u00f3r \u00fe\u00e1 G\u00eddeon til og drap \u00fe\u00e1 Seba og Salm\u00fana og t\u00f3k tinglin, sem voru um h\u00e1lsana \u00e1 \u00falf\u00f6ldum \u00feeirra.<a name=\"22\"><span class=\"versanumer\">22<\/span><\/a>\u00de\u00e1 s\u00f6g\u00f0u \u00cdsraelsmenn vi\u00f0 G\u00eddeon: Drottna \u00fe\u00fa yfir oss, b\u00e6\u00f0i \u00fe\u00fa og sonur \u00feinn og sonarsonur \u00feinn, \u00fev\u00ed a\u00f0 \u00fe\u00fa hefir frelsa\u00f0 oss af hendi Mid\u00edans.<a name=\"23\"><span class=\"versanumer\">23<\/span><\/a>En G\u00eddeon sag\u00f0i vi\u00f0 \u00fe\u00e1: Eigi mun \u00e9g drottna yfir y\u00f0ur, og eigi mun sonur minn heldur drottna yfir y\u00f0ur. Drottinn skal yfir y\u00f0ur drottna.<a name=\"24\"><span class=\"versanumer\">24<\/span><\/a>\u00de\u00e1 sag\u00f0i G\u00eddeon vi\u00f0 \u00fe\u00e1: B\u00f3nar vil \u00e9g bi\u00f0ja y\u00f0ur. Gefi\u00f0 m\u00e9r allir eyrnahringa \u00fe\u00e1, er \u00fe\u00e9r hafi\u00f0 fengi\u00f0 a\u00f0 herfangi, en \u00cdsmael\u00edtar b\u00e1ru eyrnahringa af gulli.<a name=\"25\"><span class=\"versanumer\">25<\/span><\/a>\u00deeir sv\u00f6ru\u00f0u: V\u00e9r viljum f\u00faslega gefa \u00fe\u00e9r \u00fe\u00e1. Og \u00feeir breiddu \u00fat skikkju og k\u00f6stu\u00f0u \u00feanga\u00f0 hver og einn eyrnahringum \u00feeim, er \u00feeir h\u00f6f\u00f0u fengi\u00f0 a\u00f0 herfangi.<a name=\"26\"><span class=\"versanumer\">26<\/span><\/a>En \u00feyngd \u00feessara eyrnahringa af gulli, er hann bei\u00f0st haf\u00f0i, var eitt \u00fe\u00fasund og sj\u00f6 hundru\u00f0 siklar gulls, fyrir utan tinglin, eyrnaperlurnar og purpurakl\u00e6\u00f0in, sem Mid\u00edanskonungarnir b\u00e1ru, og fyrir utan festar \u00fe\u00e6r, sem voru um h\u00e1lsana \u00e1 \u00falf\u00f6ldum \u00feeirra.<a name=\"27\"><span class=\"versanumer\">27<\/span><\/a>Og G\u00eddeon gj\u00f6r\u00f0i \u00far \u00fev\u00ed h\u00f6kul og reisti hann upp \u00ed borg sinni, \u00ed Ofra, og allur \u00cdsrael t\u00f3k \u00fear fram hj\u00e1 me\u00f0 honum, og \u00fea\u00f0 var\u00f0 G\u00eddeon og h\u00fasi hans a\u00f0 t\u00e1lsn\u00f6ru.<a name=\"28\"><span class=\"versanumer\">28<\/span><\/a>\u00deannig ur\u00f0u Mid\u00edan\u00edtar a\u00f0 l\u00fata \u00ed l\u00e6gra haldi fyrir \u00cdsraelsm\u00f6nnum og m\u00e1ttu aldrei s\u00ed\u00f0an h\u00f6fu\u00f0 hefja. Var n\u00fa fri\u00f0ur \u00ed landi \u00ed fj\u00f6rut\u00edu \u00e1r, me\u00f0an G\u00eddeon var \u00e1 l\u00edfi.<a name=\"29\"><span class=\"versanumer\">29<\/span><\/a>\u00dev\u00ed n\u00e6st h\u00e9lt Jer\u00fabbaal J\u00f3asson heim til s\u00edn og bj\u00f3 \u00ed s\u00ednu h\u00fasi.<a name=\"30\"><span class=\"versanumer\">30<\/span><\/a>G\u00eddeon \u00e1tti sj\u00f6t\u00edu sonu, sem \u00fat gengnir voru af lendum hans, \u00fev\u00ed a\u00f0 hann \u00e1tti margar konur.<a name=\"31\"><span class=\"versanumer\">31<\/span><\/a>Og hj\u00e1kona hans, s\u00fa er hann \u00e1tti \u00ed S\u00edkem, f\u00e6ddi honum og son, og hann nefndi hann Ab\u00edmelek.<a name=\"32\"><span class=\"versanumer\">32<\/span><\/a>G\u00eddeon J\u00f3asson d\u00f3 \u00ed g\u00f3\u00f0ri elli og var grafinn \u00ed gr\u00f6f J\u00f3asar, f\u00f6\u00f0ur s\u00edns, \u00ed Ofra Ab\u00edesr\u00edtanna.<a name=\"33\"><span class=\"versanumer\">33<\/span><\/a>En er G\u00eddeon var d\u00e1inn, t\u00f3ku \u00cdsraelsmenn enn af n\u00fdju fram hj\u00e1 me\u00f0 Ba\u00f6lum, og gj\u00f6r\u00f0u S\u00e1ttm\u00e1la-Baal a\u00f0 gu\u00f0i s\u00ednum.<a name=\"34\"><span class=\"versanumer\">34<\/span><\/a>Og \u00cdsraelsmenn minntust ekki Drottins, Gu\u00f0s s\u00edns, sem frelsa\u00f0 haf\u00f0i \u00fe\u00e1 \u00far h\u00f6ndum allra \u00f3vina \u00feeirra hringinn \u00ed kring,<a name=\"35\"><span class=\"versanumer\">35<\/span><\/a>og ekki au\u00f0s\u00fdndu \u00feeir heldur k\u00e6rleika h\u00fasi Jer\u00fabbaals, G\u00eddeons, fyrir allt hi\u00f0 g\u00f3\u00f0a, sem hann haf\u00f0i gj\u00f6rt \u00cdsrael.<\/p>\n<div class=\"footnote1981\"><b>8.1<\/b> \u00der\u00e6ta vi\u00f0 Efra\u00edm\u00edta D\u00f3m 12.1-6<br \/>\n<b>8.5<\/b> S\u00fakk\u00f3t J\u00f3s 13.27<br \/>\n<b>8.8<\/b> Pen\u00fael 1Kon 12.25<br \/>\n<b>8.10<\/b> Austurbyggjar D\u00f3m 6.3+<br \/>\n<b>8.14<\/b> Sj\u00f6t\u00edu og sj\u00f6 manns sbr 1M\u00f3s 4.24; 46.27; D\u00f3m 8.30; 9.2; 2Kon 10.1<br \/>\n<b>8.18<\/b> Tabor D\u00f3m 4.6<br \/>\n<b>8.19<\/b> H\u00e1lfbr\u00e6\u00f0ur 1M\u00f3s 43.29; 5M\u00f3s 13.7; Ljl 8.1<br \/>\n<b>8.20<\/b> Bl\u00f3\u00f0hefnd 1M\u00f3s 4.14-15,23-24; 4M\u00f3s 35.19-29; J\u00f3s 20.1-3; 2Sam 3.27,30; 14.7; 21.1-9<br \/>\n<b>8.21<\/b> Gakktu fr\u00e1 okkur sj\u00e1lfur D\u00f3m 9.54<br \/>\n<b>8.23<\/b> Drottinn skal drottna yfir ykkur 1Sam 8.7; 12.12<br \/>\n<b>8.24<\/b> Eyrnagull 2M\u00f3s 32.2-3<br \/>\n<b>8.27<\/b> H\u00f6kull\u00edknesi H\u00f3s 3.4+ &#8211; t\u00f3k fram hj\u00e1 H\u00f3s 1.2+ &#8211; t\u00e1lsnara D\u00f3m 2.3+<br \/>\n<b>8.28<\/b> Fri\u00f0ur \u00ed landinu D\u00f3m 3.11+<br \/>\n<b>8.30<\/b> Sj\u00f6t\u00edu synir D\u00f3m 9.5,24,56<br \/>\n<b>8.32<\/b> D\u00f3 \u00ed h\u00e1rri elli D\u00f3m 10.2,5; 12.7,10,12,15; 16.31<br \/>\n<b>8.33<\/b> Taka enn \u00e1 n\u00fd fram hj\u00e1 D\u00f3m 2.19; 3.12; 4.1; 6.1; 10.6; 13.1 \u2013 s\u00e1ttm\u00e1la-Baal D\u00f3m 9.4,46<\/div>\n","protected":false},"excerpt":{"rendered":"<p>1Efra\u00edm\u00edtar s\u00f6g\u00f0u vi\u00f0 G\u00eddeon: Hv\u00ed gj\u00f6r\u00f0ir \u00fe\u00fa oss \u00feetta, a\u00f0 kalla oss eigi? Heldur hefir \u00fe\u00fa fari\u00f0 einn til \u00feess a\u00f0 berjast vi\u00f0 Mid\u00edan\u00edta. Og \u00feeir \u00fer\u00e1ttu\u00f0u \u00e1kaflega vi\u00f0 hann.2\u00de\u00e1 sag\u00f0i hann vi\u00f0 \u00fe\u00e1: Hva\u00f0 hefi \u00e9g n\u00fa gj\u00f6rt \u00ed samanbur\u00f0i vi\u00f0 y\u00f0ur? Er ekki eftirt\u00edningur Efra\u00edms betri en v\u00ednberjatekja Ab\u00edesers?3\u00cd y\u00f0ar hendur hefir Gu\u00f0 gefi\u00f0 h\u00f6f\u00f0ingja Mid\u00edans, \u00fe\u00e1 \u00d3reb og Seeb. Hva\u00f0 hefi \u00e9g megna\u00f0 a\u00f0 gj\u00f6ra \u00ed samanbur\u00f0i vi\u00f0 y\u00f0ur? Og er hann haf\u00f0i \u00feetta m\u00e6lt, sefa\u00f0ist rei\u00f0i \u00feeirra vi\u00f0 hann.4G\u00eddeon kom n\u00fa a\u00f0 J\u00f3rdan og f\u00f3r yfir hana me\u00f0 \u00feau \u00ferj\u00fa hundru\u00f0 manna, er me\u00f0 honum voru, <a href=\"https:\/\/biblian.is\/1981\/domarabokin-8-kafli\/\"> [&#8230;]<\/a><\/p>\n","protected":false},"author":1,"featured_media":0,"parent":0,"menu_order":0,"comment_status":"open","ping_status":"open","template":"bibliukaflar.php","meta":{"footnotes":""},"class_list":["post-1565","page","type-page","status-publish","hentry"],"_links":{"self":[{"href":"https:\/\/biblian.is\/1981\/wp-json\/wp\/v2\/pages\/1565","targetHints":{"allow":["GET"]}}],"collection":[{"href":"https:\/\/biblian.is\/1981\/wp-json\/wp\/v2\/pages"}],"about":[{"href":"https:\/\/biblian.is\/1981\/wp-json\/wp\/v2\/types\/page"}],"author":[{"embeddable":true,"href":"https:\/\/biblian.is\/1981\/wp-json\/wp\/v2\/users\/1"}],"replies":[{"embeddable":true,"href":"https:\/\/biblian.is\/1981\/wp-json\/wp\/v2\/comments?post=1565"}],"version-history":[{"count":0,"href":"https:\/\/biblian.is\/1981\/wp-json\/wp\/v2\/pages\/1565\/revisions"}],"wp:attachment":[{"href":"https:\/\/biblian.is\/1981\/wp-json\/wp\/v2\/media?parent=1565"}],"curies":[{"name":"wp","href":"https:\/\/api.w.org\/{rel}","templated":true}]}}