{"id":1563,"date":"2017-11-18T20:17:45","date_gmt":"2017-11-18T20:17:45","guid":{"rendered":"http:\/\/biblian.is\/1981\/domarabokin-6-kafli\/"},"modified":"2021-06-06T10:50:40","modified_gmt":"2021-06-06T10:50:40","slug":"domarabokin-6-kafli","status":"publish","type":"page","link":"https:\/\/biblian.is\/1981\/domarabokin-6-kafli\/","title":{"rendered":"D\u00f3marab\u00f3kin 6. kafli"},"content":{"rendered":"<p><a name=\"1\"><span class=\"versanumer\">1<\/span><\/a>\u00cdsraelsmenn gj\u00f6r\u00f0u \u00fea\u00f0, sem illt var \u00ed augum Drottins. \u00de\u00e1 gaf Drottinn \u00fe\u00e1 \u00ed hendur Mid\u00edans \u00ed sj\u00f6 \u00e1r.<a name=\"2\"><span class=\"versanumer\">2<\/span><\/a>Og Mid\u00edan var\u00f0 \u00cdsrael yfirsterkari. Gj\u00f6r\u00f0u \u00cdsraelsmenn s\u00e9r \u00fe\u00e1 fylgsni \u00e1 fj\u00f6llum uppi, hella og v\u00edgi fyrir Mid\u00edan.<a name=\"3\"><span class=\"versanumer\">3<\/span><\/a>Og \u00feegar \u00cdsrael s\u00e1\u00f0i, komu Mid\u00edan\u00edtar, Amalek\u00edtar og austurbyggjar og f\u00f3ru \u00ed m\u00f3ti honum.<a name=\"4\"><span class=\"versanumer\">4<\/span><\/a>Og \u00feeir settu herb\u00fa\u00f0ir s\u00ednar gegn \u00cdsraelsm\u00f6nnum og eyddu gr\u00f3\u00f0ri landsins alla lei\u00f0 til Gasa og skildu enga l\u00edfsbj\u00f6rg eftir \u00ed \u00cdsrael, ekki heldur sau\u00f0i, naut e\u00f0a asna.<a name=\"5\"><span class=\"versanumer\">5<\/span><\/a>\u00deeir f\u00f3ru nor\u00f0ur \u00feanga\u00f0 me\u00f0 kvikf\u00e9na\u00f0 sinn og tj\u00f6ld s\u00edn. Kom sl\u00edkur aragr\u00fai af \u00feeim, sem engisprettur v\u00e6ru. Var\u00f0 engri t\u00f6lu komi\u00f0 \u00e1 \u00fe\u00e1 n\u00e9 \u00falfalda \u00feeirra, og brutust \u00feeir inn \u00ed landi\u00f0 til a\u00f0 ey\u00f0a \u00fea\u00f0.<a name=\"6\"><span class=\"versanumer\">6<\/span><\/a>Var \u00cdsrael \u00fe\u00e1 mj\u00f6g \u00fejaka\u00f0ur af v\u00f6ldum Mid\u00edans, og \u00cdsraelsmenn hr\u00f3pu\u00f0u til Drottins.<a name=\"7\"><span class=\"versanumer\">7<\/span><\/a>Og er \u00cdsraelsmenn hr\u00f3pu\u00f0u til Drottins undan Mid\u00edan,<a name=\"8\"><span class=\"versanumer\">8<\/span><\/a>\u00fe\u00e1 sendi Drottinn sp\u00e1mann til \u00cdsraelsmanna, og hann sag\u00f0i vi\u00f0 \u00fe\u00e1: Svo segir Drottinn, \u00cdsraels Gu\u00f0: \u00c9g leiddi y\u00f0ur \u00fat af Egyptalandi og f\u00e6r\u00f0i y\u00f0ur \u00fat \u00far \u00fer\u00e6lah\u00fasinu,<a name=\"9\"><span class=\"versanumer\">9<\/span><\/a>og \u00e9g frelsa\u00f0i y\u00f0ur \u00far h\u00f6ndum Egypta og \u00far h\u00f6ndum allra \u00feeirra, er y\u00f0ur k\u00fagu\u00f0u, og \u00e9g st\u00f6kkti \u00feeim burt undan y\u00f0ur og gaf y\u00f0ur land \u00feeirra.<a name=\"10\"><span class=\"versanumer\">10<\/span><\/a>Og \u00e9g sag\u00f0i vi\u00f0 y\u00f0ur: \u00c9g er Drottinn, Gu\u00f0 y\u00f0ar. \u00de\u00e9r skulu\u00f0 ekki \u00f3ttast gu\u00f0i Amor\u00edtanna, \u00ed hverra landi \u00fe\u00e9r b\u00fai\u00f0. En \u00fe\u00e9r hl\u00fdddu\u00f0 ekki minni r\u00f6ddu.<a name=\"11\"><span class=\"versanumer\">11<\/span><\/a>\u00de\u00e1 kom engill Drottins og settist undir eikina \u00ed Ofra, er \u00e1tti J\u00f3as Ab\u00edesr\u00edti, en G\u00eddeon sonur hans var a\u00f0 \u00fereskja hveiti \u00ed v\u00edn\u00fer\u00f6ng til \u00feess a\u00f0 for\u00f0a \u00fev\u00ed undan Mid\u00edan.<a name=\"12\"><span class=\"versanumer\">12<\/span><\/a>Og engill Drottins birtist honum og sag\u00f0i vi\u00f0 hann: Drottinn er me\u00f0 \u00fe\u00e9r, hrausta hetja!<a name=\"13\"><span class=\"versanumer\">13<\/span><\/a>\u00de\u00e1 sag\u00f0i G\u00eddeon vi\u00f0 hann: \u00c6, herra minn, ef Drottinn er me\u00f0 oss, hv\u00ed hefir \u00fe\u00e1 allt \u00feetta oss a\u00f0 hendi bori\u00f0? Og hvar eru \u00f6ll d\u00e1semdarverk hans, \u00feau er fe\u00f0ur vorir hafa sk\u00fdrt oss fr\u00e1, segjandi: J\u00e1, Drottinn leiddi oss \u00fat af Egyptalandi! En n\u00fa hefir Drottinn hafna\u00f0 oss og gefi\u00f0 oss \u00ed hendur Mid\u00edans.<a name=\"14\"><span class=\"versanumer\">14<\/span><\/a>\u00de\u00e1 sneri Drottinn s\u00e9r til hans og m\u00e6lti: Far af sta\u00f0 \u00ed \u00feessum styrkleika \u00fe\u00ednum, og \u00fe\u00fa munt frelsa \u00cdsrael \u00far h\u00f6ndum Mid\u00edans. \u00dea\u00f0 er \u00e9g, sem sendi \u00feig.<a name=\"15\"><span class=\"versanumer\">15<\/span><\/a>G\u00eddeon svara\u00f0i honum: \u00c6, herra, hvernig \u00e1 \u00e9g a\u00f0 frelsa \u00cdsrael? Sj\u00e1, minn \u00e6ttleggur er aumasti \u00e6ttleggurinn \u00ed Manasse, og \u00e9g er l\u00edtilm\u00f3tlegastur \u00ed minni \u00e6tt.<a name=\"16\"><span class=\"versanumer\">16<\/span><\/a>\u00de\u00e1 sag\u00f0i Drottinn vi\u00f0 hann: \u00c9g mun vera me\u00f0 \u00fe\u00e9r, og \u00fe\u00fa munt sigra Mid\u00edan\u00edta sem einn ma\u00f0ur v\u00e6ri.<a name=\"17\"><span class=\"versanumer\">17<\/span><\/a>G\u00eddeon svara\u00f0i honum: Hafi \u00e9g fundi\u00f0 n\u00e1\u00f0 \u00ed augum \u00fe\u00ednum, \u00fe\u00e1 gj\u00f6r m\u00e9r t\u00e1kn \u00feess, a\u00f0 \u00fea\u00f0 s\u00e9rt \u00fe\u00fa, er vi\u00f0 mig talar.<a name=\"18\"><span class=\"versanumer\">18<\/span><\/a>Far ekki h\u00e9\u00f0an burt, fyrr en \u00e9g kem aftur til \u00fe\u00edn og f\u00e6ri hinga\u00f0 \u00fat f\u00f3rnargj\u00f6f m\u00edna og set hana fram fyrir \u00feig. Og Drottinn sag\u00f0i: \u00c9g mun b\u00ed\u00f0a h\u00e9r, \u00fear til er \u00fe\u00fa kemur aftur.<a name=\"19\"><span class=\"versanumer\">19<\/span><\/a>\u00de\u00e1 f\u00f3r G\u00eddeon og tilreiddi hafurki\u00f0 og \u00f3s\u00fdr\u00f0ar k\u00f6kur \u00far einni efu mj\u00f6ls. Lag\u00f0i hann kj\u00f6ti\u00f0 \u00ed k\u00f6rfu, en l\u00e9t s\u00fapuna \u00ed krukku og kom me\u00f0 \u00feetta \u00fat til hans undir eikina og bar \u00fea\u00f0 fram.<a name=\"20\"><span class=\"versanumer\">20<\/span><\/a>En engill Gu\u00f0s sag\u00f0i vi\u00f0 hann: Tak \u00fe\u00fa kj\u00f6ti\u00f0 og \u00f3s\u00fdr\u00f0u k\u00f6kurnar og legg \u00fea\u00f0 \u00e1 klett \u00feennan og hell s\u00fapunni yfir. Hann gj\u00f6r\u00f0i svo.<a name=\"21\"><span class=\"versanumer\">21<\/span><\/a>Engill Drottins r\u00e9tti \u00fe\u00e1 \u00fat staf \u00feann, sem hann haf\u00f0i \u00ed hendi, og snart kj\u00f6ti\u00f0 og \u00f3s\u00fdr\u00f0u k\u00f6kurnar me\u00f0 stafsendanum. Kom \u00fe\u00e1 eldur upp \u00far klettinum og eyddi kj\u00f6tinu og \u00f3s\u00fdr\u00f0u k\u00f6kunum, en engill Drottins hvarf sj\u00f3num hans.<a name=\"22\"><span class=\"versanumer\">22<\/span><\/a>\u00de\u00e1 s\u00e1 G\u00eddeon, a\u00f0 \u00fea\u00f0 haf\u00f0i veri\u00f0 engill Drottins. Og G\u00eddeon sag\u00f0i: Vei, Drottinn Gu\u00f0, \u00fev\u00ed a\u00f0 \u00e9g hefi s\u00e9\u00f0 engil Drottins augliti til auglitis!<a name=\"23\"><span class=\"versanumer\">23<\/span><\/a>Og Drottinn sag\u00f0i vi\u00f0 hann: Fri\u00f0ur s\u00e9 me\u00f0 \u00fe\u00e9r. \u00d3ttast ekki, \u00fe\u00fa munt ekki deyja!<a name=\"24\"><span class=\"versanumer\">24<\/span><\/a>G\u00eddeon reisti Drottni \u00fear altari og nefndi \u00fea\u00f0: Drottinn er fri\u00f0ur. Stendur \u00fea\u00f0 enn \u00ed dag \u00ed Ofra Ab\u00edesr\u00edtanna.<a name=\"25\"><span class=\"versanumer\">25<\/span><\/a>\u00deessa s\u00f6mu n\u00f3tt sag\u00f0i Drottinn vi\u00f0 hann: Tak uxa f\u00f6\u00f0ur \u00fe\u00edns og annan uxa, sj\u00f6 vetra gamlan, og brj\u00f3t Baalsaltari f\u00f6\u00f0ur \u00fe\u00edns og h\u00f6gg \u00fe\u00fa upp as\u00e9runa, sem hj\u00e1 \u00fev\u00ed er.<a name=\"26\"><span class=\"versanumer\">26<\/span><\/a>Reis \u00fev\u00ed n\u00e6st Drottni, Gu\u00f0i \u00fe\u00ednum, vanda\u00f0 altari efst uppi \u00e1 borg \u00feessari, tak s\u00ed\u00f0an annan uxann og ber fram brennif\u00f3rn \u00e1samt vi\u00f0inum \u00far as\u00e9runni, er \u00fe\u00fa heggur upp.<a name=\"27\"><span class=\"versanumer\">27<\/span><\/a>\u00de\u00e1 t\u00f3k G\u00eddeon t\u00edu menn af sveinum s\u00ednum og gj\u00f6r\u00f0i svo sem Drottinn haf\u00f0i sagt honum. En me\u00f0 \u00fev\u00ed a\u00f0 hann \u00f3tta\u00f0ist, a\u00f0 hann mundi eigi geta gj\u00f6rt \u00feetta a\u00f0 degi til fyrir \u00e6ttmennum s\u00ednum og borgarm\u00f6nnum, \u00fe\u00e1 gj\u00f6r\u00f0i hann \u00fea\u00f0 um n\u00f3tt.<a name=\"28\"><span class=\"versanumer\">28<\/span><\/a>En er borgarmenn risu \u00e1rla morguninn eftir, \u00fe\u00e1 var Baalsaltari\u00f0 broti\u00f0 og h\u00f6ggin upp as\u00e9ran, sem hj\u00e1 \u00fev\u00ed var, og \u00f6\u00f0rum uxanum haf\u00f0i veri\u00f0 f\u00f3rna\u00f0 \u00e1 n\u00fdreista altarinu.<a name=\"29\"><span class=\"versanumer\">29<\/span><\/a>\u00de\u00e1 s\u00f6g\u00f0u \u00feeir hver vi\u00f0 annan: Hver hefir gj\u00f6rt \u00feetta? Og \u00feeir ranns\u00f6ku\u00f0u og leitu\u00f0u, og s\u00f6g\u00f0u: G\u00eddeon J\u00f3asson hefir gj\u00f6rt \u00feetta.<a name=\"30\"><span class=\"versanumer\">30<\/span><\/a>\u00de\u00e1 s\u00f6g\u00f0u borgarmenn vi\u00f0 J\u00f3as: Sel fram son \u00feinn, og skal hann deyja, \u00fev\u00ed a\u00f0 hann hefir broti\u00f0 Baalsaltari\u00f0 og h\u00f6ggvi\u00f0 upp as\u00e9runa, sem hj\u00e1 \u00fev\u00ed var.<a name=\"31\"><span class=\"versanumer\">31<\/span><\/a>En J\u00f3as sag\u00f0i vi\u00f0 alla \u00fe\u00e1, sem hj\u00e1 honum st\u00f3\u00f0u: \u00c6tli\u00f0 \u00fe\u00e9r a\u00f0 taka upp m\u00e1l fyrir Baal, e\u00f0a \u00e6tli\u00f0 \u00fe\u00e9r a\u00f0 fara a\u00f0 hj\u00e1lpa honum? Hver s\u00e1, sem tekur upp m\u00e1l fyrir hann, skal l\u00edfi t\u00fdna \u00e1\u00f0ur n\u00e6sti dagur rennur upp. Ef hann er Gu\u00f0, \u00fe\u00e1 s\u00e6ki hann sj\u00e1lfur m\u00e1l sitt, \u00far \u00fev\u00ed a\u00f0 altari hans hefir veri\u00f0 broti\u00f0.<a name=\"32\"><span class=\"versanumer\">32<\/span><\/a>Upp fr\u00e1 \u00feeirri stundu var G\u00eddeon nefndur Jer\u00fabbaal, af \u00fev\u00ed a\u00f0 menn s\u00f6g\u00f0u: Baal s\u00e6ki m\u00e1l \u00e1 hendur honum, fyrir \u00fev\u00ed a\u00f0 hann braut altari hans.<a name=\"33\"><span class=\"versanumer\">33<\/span><\/a>N\u00fa h\u00f6f\u00f0u allir Mid\u00edan\u00edtar, Amalek\u00edtar og austurbyggjar safnast saman. F\u00f3ru \u00feeir yfir um J\u00f3rdan og settu herb\u00fa\u00f0ir s\u00ednar \u00e1 Jesreel-sl\u00e9ttu.<a name=\"34\"><span class=\"versanumer\">34<\/span><\/a>En andi Drottins kom yfir G\u00eddeon, og \u00feeytti hann l\u00fa\u00f0urinn, og Ab\u00edesr\u00edtar s\u00f6fnu\u00f0ust saman til fylgdar vi\u00f0 hann.<a name=\"35\"><span class=\"versanumer\">35<\/span><\/a>&#8222;Hann sendi og sendibo\u00f0a \u00fat um allan Manasse; safna\u00f0ist hann og til fylgdar vi\u00f0 hann. Hann sendi og sendibo\u00f0a til Assers, Seb\u00falons og Naftal\u00ed; f\u00f3ru \u00feeir og til fylgdar vi\u00f0 hann. &#8222;<a name=\"36\"><span class=\"versanumer\">36<\/span><\/a>\u00de\u00e1 sag\u00f0i G\u00eddeon vi\u00f0 Gu\u00f0: Ef \u00fe\u00fa \u00e6tlar a\u00f0 frelsa \u00cdsrael fyrir m\u00ednar hendur, eins og \u00fe\u00fa hefir sagt,<a name=\"37\"><span class=\"versanumer\">37<\/span><\/a>sj\u00e1, \u00fe\u00e1 legg \u00e9g ullarreyfi \u00fat \u00e1 l\u00e1fann. Ef d\u00f6gg er \u00fe\u00e1 \u00e1 reyfinu einu, en j\u00f6r\u00f0 \u00f6ll er \u00feurr, \u00fe\u00e1 veit \u00e9g a\u00f0 \u00fe\u00fa munt frelsa \u00cdsrael fyrir m\u00ednar hendur, eins og \u00fe\u00fa hefir sagt.<a name=\"38\"><span class=\"versanumer\">38<\/span><\/a>Og \u00fea\u00f0 var\u00f0 svo. Morguninn eftir reis hann \u00e1rla og kreisti reyfi\u00f0, og vatt hann \u00fe\u00e1 d\u00f6gg \u00far reyfinu, fulla sk\u00e1l af vatni.<a name=\"39\"><span class=\"versanumer\">39<\/span><\/a>En G\u00eddeon sag\u00f0i vi\u00f0 Gu\u00f0: L\u00e1t eigi rei\u00f0i \u00fe\u00edna upptendrast gegn m\u00e9r, \u00fe\u00f3 a\u00f0 \u00e9g tali enn a\u00f0eins \u00ed \u00feetta sinn. \u00c9g \u00e6tla a\u00f0eins einu sinni enn a\u00f0 gj\u00f6ra tilraun me\u00f0 reyfi\u00f0. Skal n\u00fa reyfi\u00f0 eitt \u00feurrt vera, en j\u00f6r\u00f0 \u00f6ll vot af d\u00f6gg.<a name=\"40\"><span class=\"versanumer\">40<\/span><\/a>Og Gu\u00f0 gj\u00f6r\u00f0i svo \u00e1 \u00feeirri n\u00f3ttu. Var reyfi\u00f0 eitt \u00feurrt, en j\u00f6r\u00f0 var \u00f6ll vot af d\u00f6gg.<\/p>\n<div class=\"footnote1981\"><b>6.1<\/b> Illt \u00ed augum Drottins 5M\u00f3s 4.25+ &#8211; Mid\u00edan 1M\u00f3s 25.2-6; 2M\u00f3s 2.15-22; 3.1; 18.1-2; 4M\u00f3s 10.29-32; 22.4,7; 25.6-18; 31.1-18<br \/>\n<b>6.3<\/b> Amalek D\u00f3m 3.13+ ; 2M\u00f3s 17.8-16; 5M\u00f3s 25.17-19; 1Sam 15.3,7-8; 30.1-2; Slm 83.8 \u2013 austurbyggjar D\u00f3m 8.10; Esk 25.4,10; Job 1.3<br \/>\n<b>6.5<\/b> Engisprettur D\u00f3m 7.12, Jer 46.23; Jl 1.4-2.11; Am 7.1-2; Nah 3.15<br \/>\n<b>6.7<\/b> Hr\u00f3pu\u00f0u til Drottins D\u00f3m 3.9,15; 10.12<br \/>\n<b>6.8-10<\/b> Velgj\u00f6r\u00f0ir Gu\u00f0s, \u00f3ver\u00f0leiki l\u00fd\u00f0sins D\u00f3m 2.1,2,12; 10.11-14; 1Sam 2.27-36; 10.18-19; Jes 1.2-3; 5.1-7; H\u00f3s 2.4-13; Am 2.6-16; 3.1-2, o.fl; sbr J\u00f3s 24.17-18<br \/>\n<b>6.8<\/b> \u00dat af Egyptalandi D\u00f3m 2.1+ &#8211; \u00fer\u00e6lah\u00fasi\u00f0 5M\u00f3s 5.6+<br \/>\n<b>6.10<\/b> \u00c9g er Drottinn, Gu\u00f0 ykkar 2M\u00f3s 20.2; 3M\u00f3s 18.2,30; 19.2,4,10,12 o.fl.; 20.7,24; 5M\u00f3s 5.6 \u2013 \u00f3ttast gu\u00f0i 2M\u00f3s 20.3,5 \u2013 Amor\u00edta J\u00f3s 24.15 \u2013 \u00fei\u00f0 hl\u00fdddu\u00f0 ekki 5M\u00f3s 1.43; Jes 66.4; Jer 13.11<br \/>\n<b>6.11-24<\/b> K\u00f6llunarfr\u00e1sagnir 2M\u00f3s 3; 1Sam 3.1-14; Jes 6; Jer 1; Am 7.14-15<br \/>\n<b>6.11<\/b> Engill Drottins D\u00f3m 2.1; 13.3; 1M\u00f3s 22.11, o.fl.; sbr D\u00f3m 6.14,16,20-23 \u2013 eikin (heilagt tr\u00e9) 1M\u00f3s 35.4; 1Kon 13.14 \u2013 ni\u00f0ji Ab\u00edesers J\u00f3s 17.2 \u2013 G\u00eddeon Heb 11.32<br \/>\n<b>6.12<\/b> Drottinn er me\u00f0 \u00fe\u00e9r Rut 2.4; sbr J\u00f3s 1.5+<br \/>\n<b>6.13<\/b> \u00dat af Egyptalandi D\u00f3m 2.1+ &#8211; \u00ed hendur sbr D\u00f3m 2.14+<br \/>\n<b>6.15<\/b> Sm\u00e6stur 2M\u00f3s 3.11; 1Sam 9.21; 1Kon 3.7; Jer 1.6 \u2013 hinir s\u00ed\u00f0ustu ver\u00f0a fyrstir 1M\u00f3s 21.12; 25.23; 37.7; 48.19; 1Sam 10.17-24; 16.1-13; sbr Matt 19.30+ ; 1Kor 1.26-31<br \/>\n<b>6.16<\/b> \u00c9g ver\u00f0 me\u00f0 \u00fe\u00e9r 1M\u00f3s 26.3,24; 28.15; 31.3; 2M\u00f3s 3.12; 5M\u00f3s 31.23; J\u00f3s 1.9; 3.7; Jes 41.10; Jer 1.8, sbr D\u00f3m 6.12<br \/>\n<b>6.17<\/b> T\u00e1kn D\u00f3m 6.36-40; 1M\u00f3s 15.8; 2M\u00f3s 4.1-10; 33.16; 2Kon 20.8-11; Jes 7.10-14<br \/>\n<b>6.18<\/b> F\u00f3rnargj\u00f6f 1M\u00f3s 18.3-5; D\u00f3m 13.15<br \/>\n<b>6.21<\/b> Eldur fr\u00e1 Gu\u00f0i 2M\u00f3s 3.2-6; 3M\u00f3s 9.24; 1Kro 21.26; 2Kro 7.1<br \/>\n<b>6.22<\/b> Sj\u00e1 Gu\u00f0 D\u00f3m 13.22; 2M\u00f3s 3.2-6; 33.20-23; 1Kon 19.13; Jes 6.5; sbr 1M\u00f3s 32.30<br \/>\n<b>6.23<\/b> \u00d3ttast ekki 1M\u00f3s 26.24; Jes 41.10,13; Jer 30.10<br \/>\n<b>6.24<\/b> Altari reist 1M\u00f3s 12.7-8 \u2013 nefndi \u00fea\u00f0 1M\u00f3s 33.20; 35.7; 2M\u00f3s 17.15-16; J\u00f3s 22.34<br \/>\n<b>6.25<\/b> Brj\u00f3ttu altari 2M\u00f3s 34.13; 5M\u00f3s 7.5; 12.3 \u2013 Baal sbr D\u00f3m 2.11<br \/>\n<b>6.31<\/b> Ef Baal er Gu\u00f0 &#8230; 1Kon 18.27<br \/>\n<b>6.34<\/b> Andi Drottins D\u00f3m 3.10+ &#8211; \u00feeyta l\u00fa\u00f0ur Jer 4.5+<br \/>\n<b>6.36<\/b> Frelsa \u00cdsrael v. 14-16<br \/>\n<b>6.37<\/b> T\u00e1kn v. 17+<br \/>\n<b>6.39<\/b> Rei\u00f0i Gu\u00f0s 1M\u00f3s 18.30,32<\/div>\n","protected":false},"excerpt":{"rendered":"<p>1\u00cdsraelsmenn gj\u00f6r\u00f0u \u00fea\u00f0, sem illt var \u00ed augum Drottins. \u00de\u00e1 gaf Drottinn \u00fe\u00e1 \u00ed hendur Mid\u00edans \u00ed sj\u00f6 \u00e1r.2Og Mid\u00edan var\u00f0 \u00cdsrael yfirsterkari. Gj\u00f6r\u00f0u \u00cdsraelsmenn s\u00e9r \u00fe\u00e1 fylgsni \u00e1 fj\u00f6llum uppi, hella og v\u00edgi fyrir Mid\u00edan.3Og \u00feegar \u00cdsrael s\u00e1\u00f0i, komu Mid\u00edan\u00edtar, Amalek\u00edtar og austurbyggjar og f\u00f3ru \u00ed m\u00f3ti honum.4Og \u00feeir settu herb\u00fa\u00f0ir s\u00ednar gegn \u00cdsraelsm\u00f6nnum og eyddu gr\u00f3\u00f0ri landsins alla lei\u00f0 til Gasa og skildu enga l\u00edfsbj\u00f6rg eftir \u00ed \u00cdsrael, ekki heldur sau\u00f0i, naut e\u00f0a asna.5\u00deeir f\u00f3ru nor\u00f0ur \u00feanga\u00f0 me\u00f0 kvikf\u00e9na\u00f0 sinn og tj\u00f6ld s\u00edn. Kom sl\u00edkur aragr\u00fai af \u00feeim, sem engisprettur v\u00e6ru. Var\u00f0 engri t\u00f6lu komi\u00f0 \u00e1 \u00fe\u00e1 n\u00e9 <a href=\"https:\/\/biblian.is\/1981\/domarabokin-6-kafli\/\"> [&#8230;]<\/a><\/p>\n","protected":false},"author":1,"featured_media":0,"parent":0,"menu_order":0,"comment_status":"open","ping_status":"open","template":"bibliukaflar.php","meta":{"footnotes":""},"class_list":["post-1563","page","type-page","status-publish","hentry"],"_links":{"self":[{"href":"https:\/\/biblian.is\/1981\/wp-json\/wp\/v2\/pages\/1563","targetHints":{"allow":["GET"]}}],"collection":[{"href":"https:\/\/biblian.is\/1981\/wp-json\/wp\/v2\/pages"}],"about":[{"href":"https:\/\/biblian.is\/1981\/wp-json\/wp\/v2\/types\/page"}],"author":[{"embeddable":true,"href":"https:\/\/biblian.is\/1981\/wp-json\/wp\/v2\/users\/1"}],"replies":[{"embeddable":true,"href":"https:\/\/biblian.is\/1981\/wp-json\/wp\/v2\/comments?post=1563"}],"version-history":[{"count":0,"href":"https:\/\/biblian.is\/1981\/wp-json\/wp\/v2\/pages\/1563\/revisions"}],"wp:attachment":[{"href":"https:\/\/biblian.is\/1981\/wp-json\/wp\/v2\/media?parent=1563"}],"curies":[{"name":"wp","href":"https:\/\/api.w.org\/{rel}","templated":true}]}}