{"id":1562,"date":"2017-11-18T20:17:45","date_gmt":"2017-11-18T20:17:45","guid":{"rendered":"http:\/\/biblian.is\/1981\/domarabokin-5-kafli\/"},"modified":"2021-06-06T10:50:40","modified_gmt":"2021-06-06T10:50:40","slug":"domarabokin-5-kafli","status":"publish","type":"page","link":"https:\/\/biblian.is\/1981\/domarabokin-5-kafli\/","title":{"rendered":"D\u00f3marab\u00f3kin 5. kafli"},"content":{"rendered":"<p><a name=\"1\"><span class=\"versanumer\">1<\/span><\/a>\u00de\u00e1 sungu \u00feau Deb\u00f3ra og Barak Ab\u00edn\u00f3amsson \u00e1 \u00feessa lei\u00f0:<a name=\"2\"><span class=\"versanumer\">2<\/span><\/a>Foringjar veittu forystu \u00ed \u00cdsrael, og f\u00f3lki\u00f0 kom sj\u00e1lfviljuglega, lofi\u00f0 \u00fev\u00ed Drottin!<a name=\"3\"><span class=\"versanumer\">3<\/span><\/a>Heyri\u00f0, \u00fe\u00e9r konungar, hlusti\u00f0 \u00e1, \u00fe\u00e9r h\u00f6f\u00f0ingjar! Drottin vil \u00e9g vegsama, \u00e9g vil lofa hann, lofsyngja Drottni, \u00cdsraels Gu\u00f0i.<a name=\"4\"><span class=\"versanumer\">4<\/span><\/a>Drottinn, \u00feegar \u00fe\u00fa braust \u00fat fr\u00e1 Se\u00edr, \u00feegar \u00fe\u00fa bruna\u00f0ir fram fr\u00e1 Ed\u00f3mv\u00f6llum, \u00fe\u00e1 n\u00f6tra\u00f0i j\u00f6r\u00f0in og himnarnir drupu, j\u00e1, sk\u00fdin l\u00e9tu vatn ni\u00f0ur streyma.<a name=\"5\"><span class=\"versanumer\">5<\/span><\/a>Fj\u00f6llin skulfu fyrir Drottni, sj\u00e1lft S\u00edna\u00ed fyrir Drottni, \u00cdsraels Gu\u00f0i.<a name=\"6\"><span class=\"versanumer\">6<\/span><\/a>\u00c1 d\u00f6gum Samgars Anatssonar, \u00e1 d\u00f6gum Jaelar, voru \u00fej\u00f3\u00f0brautir mannlausar, og vegfarendur f\u00f3ru kr\u00f3k\u00f3ttar lei\u00f0ir.<a name=\"7\"><span class=\"versanumer\">7<\/span><\/a>Fyrirli\u00f0a vanta\u00f0i \u00ed \u00cdsrael, uns \u00fe\u00fa komst fram, Deb\u00f3ra, uns \u00fe\u00fa komst fram, m\u00f3\u00f0ir \u00ed \u00cdsrael!<a name=\"8\"><span class=\"versanumer\">8<\/span><\/a>Menn kusu s\u00e9r n\u00fdja gu\u00f0i. \u00de\u00e1 var barist vi\u00f0 borgarhli\u00f0in. Skj\u00f6ldur s\u00e1st ei n\u00e9 spj\u00f3t me\u00f0al fj\u00f6rut\u00edu \u00fe\u00fasunda \u00ed \u00cdsrael.<a name=\"9\"><span class=\"versanumer\">9<\/span><\/a>Hjarta mitt heyrir lei\u00f0togum \u00cdsraels, \u00feeim er komu sj\u00e1lfviljuglega fram me\u00f0al f\u00f3lksins. Lofi\u00f0 Drottin!<a name=\"10\"><span class=\"versanumer\">10<\/span><\/a>\u00de\u00e9r, sem r\u00ed\u00f0i\u00f0 bleikrau\u00f0um \u00f6snum, \u00fe\u00e9r, sem hv\u00edli\u00f0 \u00e1 \u00e1brei\u00f0um, og \u00fe\u00e9r, sem fari\u00f0 um veginn, hugsi\u00f0 um \u00fea\u00f0.<a name=\"11\"><span class=\"versanumer\">11<\/span><\/a>Fjarri h\u00e1va\u00f0a bogmannanna, me\u00f0al vatns\u00fer\u00f3nna, \u00fear v\u00ed\u00f0fr\u00e6gja menn r\u00e9ttl\u00e6tisverk Drottins, r\u00e9ttl\u00e6tisverk fyrirli\u00f0a hans \u00ed \u00cdsrael. \u00de\u00e1 f\u00f3r l\u00fd\u00f0ur Drottins ni\u00f0ur a\u00f0 borgarhli\u00f0unum.<a name=\"12\"><span class=\"versanumer\">12<\/span><\/a>Vakna \u00fe\u00fa, vakna \u00fe\u00fa, Deb\u00f3ra, vakna \u00fe\u00fa, vakna \u00fe\u00fa, syng kv\u00e6\u00f0i! R\u00eds \u00fe\u00fa upp, Barak, og lei\u00f0 burt bandingja \u00fe\u00edna, Ab\u00edn\u00f3ams sonur!<a name=\"13\"><span class=\"versanumer\">13<\/span><\/a>\u00de\u00e1 f\u00f3ru ofan leifar g\u00f6fugmennanna, l\u00fd\u00f0ur Drottins steig ofan m\u00e9r til hj\u00e1lpar me\u00f0al hetjanna.<a name=\"14\"><span class=\"versanumer\">14<\/span><\/a>Fr\u00e1 Efra\u00edm f\u00f3ru \u00feeir ofan \u00ed dalinn, \u00e1 eftir \u00fe\u00e9r, Benjam\u00edn, me\u00f0al li\u00f0sflokka \u00feinna. Fr\u00e1 Mak\u00edr f\u00f3ru ofan lei\u00f0togar og fr\u00e1 Seb\u00falon \u00feeir, er b\u00e1ru li\u00f0stj\u00f3rastafinn,<a name=\"15\"><span class=\"versanumer\">15<\/span><\/a>og fyrirli\u00f0arnir \u00ed \u00cdssakar me\u00f0 Deb\u00f3ru, og eins og \u00cdssakar, svo og Barak. Hann steypti s\u00e9r \u00e1 h\u00e6la honum ofan \u00ed dalinn. Vi\u00f0 R\u00fabens l\u00e6ki voru miklar r\u00e1\u00f0ager\u00f0ir.<a name=\"16\"><span class=\"versanumer\">16<\/span><\/a>Hv\u00ed sast \u00fe\u00fa milli fj\u00e1rgir\u00f0inganna og hlusta\u00f0ir \u00e1 p\u00edpubl\u00e1stur hjar\u00f0mannanna? Vi\u00f0 R\u00fabens l\u00e6ki voru miklar r\u00e1\u00f0ager\u00f0ir.<a name=\"17\"><span class=\"versanumer\">17<\/span><\/a>G\u00edlea\u00f0 h\u00e9lt kyrru fyrir hinumegin J\u00f3rdanar og Dan, hvers vegna dvaldi hann vi\u00f0 skipin? Asser sat kyrr vi\u00f0 sj\u00e1varstr\u00f6ndina og h\u00e9lt kyrru fyrir vi\u00f0 v\u00edkur s\u00ednar.<a name=\"18\"><span class=\"versanumer\">18<\/span><\/a>Seb\u00falon er l\u00fd\u00f0ur, sem h\u00e6tti l\u00edfi s\u00ednu \u00ed dau\u00f0ann, og Naftal\u00ed, \u00e1 h\u00e6\u00f0um landsins.<a name=\"19\"><span class=\"versanumer\">19<\/span><\/a>Konungar komu og b\u00f6r\u00f0ust, \u00fe\u00e1 b\u00f6r\u00f0ust konungar Kanaans vi\u00f0 Taanak hj\u00e1 Megidd\u00f3v\u00f6tnum. Silfur fengu \u00feeir ekkert a\u00f0 herfangi.<a name=\"20\"><span class=\"versanumer\">20<\/span><\/a>Af himni b\u00f6r\u00f0ust stj\u00f6rnurnar, af brautum s\u00ednum b\u00f6r\u00f0ust \u00fe\u00e6r vi\u00f0 S\u00edsera,<a name=\"21\"><span class=\"versanumer\">21<\/span><\/a>K\u00edsonl\u00e6kur skola\u00f0i \u00feeim burt, orustul\u00e6kurinn, l\u00e6kurinn K\u00edson. Gakk fram, s\u00e1l m\u00edn, \u00f6fluglega!<a name=\"22\"><span class=\"versanumer\">22<\/span><\/a>\u00de\u00e1 hlumdu h\u00f3far hestanna, af rei\u00f0inni, rei\u00f0 kappanna.<a name=\"23\"><span class=\"versanumer\">23<\/span><\/a>B\u00f6lvi\u00f0 Mer\u00f3s! sag\u00f0i engill Drottins, j\u00e1, b\u00f6lvi\u00f0 \u00edb\u00faum hennar, af \u00fev\u00ed a\u00f0 \u00feeir komu ekki Drottni til hj\u00e1lpar, Drottni til hj\u00e1lpar me\u00f0al hetjanna.<a name=\"24\"><span class=\"versanumer\">24<\/span><\/a>Blessu\u00f0 framar \u00f6llum konum veri Jael, kona Hebers Ken\u00edta, framar \u00f6llum konum \u00ed tjaldi veri h\u00fan blessu\u00f0!<a name=\"25\"><span class=\"versanumer\">25<\/span><\/a>Vatn ba\u00f0 hann um, mj\u00f3lk gaf h\u00fan, \u00ed skrautlegri sk\u00e1l r\u00e9tti h\u00fan honum rj\u00f3ma.<a name=\"26\"><span class=\"versanumer\">26<\/span><\/a>H\u00fan r\u00e9tti \u00fat h\u00f6nd s\u00edna eftir h\u00e6lnum, h\u00e6gri h\u00f6nd s\u00edna eftir sm\u00ed\u00f0ahamrinum og sl\u00f3 S\u00edsera, m\u00f6lva\u00f0i haus hans, laust sundur \u00feunnvanga hans og klauf inn \u00far.<a name=\"27\"><span class=\"versanumer\">27<\/span><\/a>Hann hn\u00e9 fyrir f\u00e6tur henni, f\u00e9ll \u00fat af og l\u00e1 \u00fear. Hann hn\u00e9 fyrir f\u00e6tur henni, f\u00e9ll \u00fat af, \u00fear sem hann hn\u00e9 ni\u00f0ur, \u00fear l\u00e1 hann dau\u00f0ur.<a name=\"28\"><span class=\"versanumer\">28<\/span><\/a>\u00dat um gluggann skimar og kallar m\u00f3\u00f0ir S\u00edsera, \u00fat um grindurnar: Hv\u00ed seinkar vagni hans? Hva\u00f0 tefur fer\u00f0 hervagna hans?<a name=\"29\"><span class=\"versanumer\">29<\/span><\/a>Hinar vitrustu af hef\u00f0arfr\u00fam hennar svara henni, j\u00e1, sj\u00e1lf hefir h\u00fan upp fyrir s\u00e9r or\u00f0 \u00feeirra:<a name=\"30\"><span class=\"versanumer\">30<\/span><\/a>Efalaust hafa \u00feeir fengi\u00f0 herfang og veri\u00f0 a\u00f0 skipta \u00fev\u00ed, eina amb\u00e1tt, tv\u00e6r amb\u00e1ttir \u00e1 mann, litkl\u00e6\u00f0i handa S\u00edsera a\u00f0 herfangi, litkl\u00e6\u00f0i, glitofin, a\u00f0 herfangi, litkl\u00e6\u00f0i, tvo glitofna d\u00faka um h\u00e1ls m\u00e9r!<a name=\"31\"><span class=\"versanumer\">31<\/span><\/a>Svo farist allir \u00f3vinir \u00fe\u00ednir, Drottinn! En \u00feeir, sem hann elska, eru sem s\u00f3laruppkoman \u00ed lj\u00f3ma s\u00ednum. Var n\u00fa fri\u00f0ur \u00ed landi \u00ed fj\u00f6rut\u00edu \u00e1r.<\/p>\n<div class=\"footnote1981\"><b>5.4<\/b> Drottinn kemur fr\u00e1 Se\u00edr 5M\u00f3s 33.2; sbr Slm 68.8<br \/>\n<b>5.5<\/b> Fj\u00f6llin bifu\u00f0ust Hab 3.3-6; 1Kon 19.11-12; Slm 29; 68.9; Heb 12.26; sbr 2M\u00f3s 19.16-18; Slm 77.18-19; 97.3-5<br \/>\n<b>5.6<\/b> Samgar Anatsson D\u00f3m 3.31 \u2013 Jael D\u00f3m 4.17 \u2013 mannlausar brautir sbr Jes 33.8<br \/>\n<b>5.8<\/b> \u00d3vopnu\u00f0 \u00fej\u00f3\u00f0 1Sam 13.19-22<br \/>\n<b>5.14<\/b> Efra\u00edm J\u00f3s 16.1-10 \u2013 Amalek sbr D\u00f3m 12.15 \u2013 Benjam\u00edn J\u00f3s 18.11-28 \u2013 Mak\u00edr 4M\u00f3s 32.39; J\u00f3s 17.1 \u2013 Seb\u00falon D\u00f3m 1.30+<br \/>\n<b>5.15<\/b> \u00cdssakar J\u00f3s 19.17-23 \u2013 Deb\u00f3ra D\u00f3m 4.4-5 \u2013 Barak D\u00f3m 4.6 \u2013 R\u00faben J\u00f3s 13.15-23<br \/>\n<b>5.17<\/b> G\u00edlea\u00f0 4M\u00f3s 32.1 \u2013 Dan J\u00f3s 19.40-51 \u2013 Asser J\u00f3s 19.24-31<br \/>\n<b>5.18<\/b> Naftal\u00ed J\u00f3s 19.32-39<br \/>\n<b>5.19<\/b> Taanak hj\u00e1 Megidd\u00f3 J\u00f3s 12.21; 17.11; D\u00f3m 1.27<br \/>\n<b>5.21<\/b> K\u00edsonl\u00e6kur D\u00f3m 4.7+<br \/>\n<b>5.24<\/b> Blessu\u00f0 &#8230; L\u00fak 1.42 \u2013 Jael D\u00f3m 4.17<br \/>\n<b>5.25<\/b> Vatn, mj\u00f3lk D\u00f3m 4.19<br \/>\n<b>5.26<\/b> M\u00f6lva\u00f0i h\u00f6fu\u00f0 hans J\u00fadt 13.8<br \/>\n<b>5.31<\/b> Farist allir \u00f3vinir \u00fe\u00ednir 4M\u00f3s 10.35; 1Sam 2.10; Slm 37.20; 68.2; 72 .9 \u2013 vinir Gu\u00f0s 5M\u00f3s 5.10+ &#8211; sem s\u00f3laruppr\u00e1s 2Sam 23.4; Dan 12.3; Matt 13.43 \u2013 fri\u00f0ur \u00ed landi D\u00f3m 3.11+<\/div>\n","protected":false},"excerpt":{"rendered":"<p>1\u00de\u00e1 sungu \u00feau Deb\u00f3ra og Barak Ab\u00edn\u00f3amsson \u00e1 \u00feessa lei\u00f0:2Foringjar veittu forystu \u00ed \u00cdsrael, og f\u00f3lki\u00f0 kom sj\u00e1lfviljuglega, lofi\u00f0 \u00fev\u00ed Drottin!3Heyri\u00f0, \u00fe\u00e9r konungar, hlusti\u00f0 \u00e1, \u00fe\u00e9r h\u00f6f\u00f0ingjar! Drottin vil \u00e9g vegsama, \u00e9g vil lofa hann, lofsyngja Drottni, \u00cdsraels Gu\u00f0i.4Drottinn, \u00feegar \u00fe\u00fa braust \u00fat fr\u00e1 Se\u00edr, \u00feegar \u00fe\u00fa bruna\u00f0ir fram fr\u00e1 Ed\u00f3mv\u00f6llum, \u00fe\u00e1 n\u00f6tra\u00f0i j\u00f6r\u00f0in og himnarnir drupu, j\u00e1, sk\u00fdin l\u00e9tu vatn ni\u00f0ur streyma.5Fj\u00f6llin skulfu fyrir Drottni, sj\u00e1lft S\u00edna\u00ed fyrir Drottni, \u00cdsraels Gu\u00f0i.6\u00c1 d\u00f6gum Samgars Anatssonar, \u00e1 d\u00f6gum Jaelar, voru \u00fej\u00f3\u00f0brautir mannlausar, og vegfarendur f\u00f3ru kr\u00f3k\u00f3ttar lei\u00f0ir.7Fyrirli\u00f0a vanta\u00f0i \u00ed \u00cdsrael, uns \u00fe\u00fa komst fram, Deb\u00f3ra, uns \u00fe\u00fa komst fram, m\u00f3\u00f0ir \u00ed <a href=\"https:\/\/biblian.is\/1981\/domarabokin-5-kafli\/\"> [&#8230;]<\/a><\/p>\n","protected":false},"author":1,"featured_media":0,"parent":0,"menu_order":0,"comment_status":"open","ping_status":"open","template":"bibliukaflar.php","meta":{"footnotes":""},"class_list":["post-1562","page","type-page","status-publish","hentry"],"_links":{"self":[{"href":"https:\/\/biblian.is\/1981\/wp-json\/wp\/v2\/pages\/1562","targetHints":{"allow":["GET"]}}],"collection":[{"href":"https:\/\/biblian.is\/1981\/wp-json\/wp\/v2\/pages"}],"about":[{"href":"https:\/\/biblian.is\/1981\/wp-json\/wp\/v2\/types\/page"}],"author":[{"embeddable":true,"href":"https:\/\/biblian.is\/1981\/wp-json\/wp\/v2\/users\/1"}],"replies":[{"embeddable":true,"href":"https:\/\/biblian.is\/1981\/wp-json\/wp\/v2\/comments?post=1562"}],"version-history":[{"count":0,"href":"https:\/\/biblian.is\/1981\/wp-json\/wp\/v2\/pages\/1562\/revisions"}],"wp:attachment":[{"href":"https:\/\/biblian.is\/1981\/wp-json\/wp\/v2\/media?parent=1562"}],"curies":[{"name":"wp","href":"https:\/\/api.w.org\/{rel}","templated":true}]}}