{"id":1560,"date":"2017-11-18T20:17:45","date_gmt":"2017-11-18T20:17:45","guid":{"rendered":"http:\/\/biblian.is\/1981\/domarabokin-3-kafli\/"},"modified":"2021-06-06T10:50:39","modified_gmt":"2021-06-06T10:50:39","slug":"domarabokin-3-kafli","status":"publish","type":"page","link":"https:\/\/biblian.is\/1981\/domarabokin-3-kafli\/","title":{"rendered":"D\u00f3marab\u00f3kin 3. kafli"},"content":{"rendered":"<p><a name=\"1\"><span class=\"versanumer\">1<\/span><\/a>\u00deessar \u00fej\u00f3\u00f0ir l\u00e9t Drottinn vera kyrrar til \u00feess a\u00f0 reyna \u00cdsrael me\u00f0 \u00feeim, alla \u00fe\u00e1, er ekkert h\u00f6f\u00f0u haft a\u00f0 segja af \u00f6llum bard\u00f6gunum um Kanaan.<a name=\"2\"><span class=\"versanumer\">2<\/span><\/a>\u00deetta gj\u00f6r\u00f0i hann einungis til \u00feess, a\u00f0 hinar komandi kynsl\u00f3\u00f0ir \u00cdsraelsmanna m\u00e6ttu kynnast herna\u00f0i, sem eigi h\u00f6f\u00f0u kynnst sl\u00edku \u00e1\u00f0ur.<a name=\"3\"><span class=\"versanumer\">3<\/span><\/a>\u00deessar eru \u00fej\u00f3\u00f0irnar: Fimm h\u00f6f\u00f0ingjar Filistanna, allir Kanaan\u00edtar, S\u00eddoningar og Hev\u00edtar, sem bjuggu \u00e1 L\u00edbanonfj\u00f6llum, fr\u00e1 fjallinu Baal Hermon allt \u00feanga\u00f0, er lei\u00f0 liggur til Hamat.<a name=\"4\"><span class=\"versanumer\">4<\/span><\/a>Voru \u00feeir eftir til \u00feess a\u00f0 reyna \u00cdsrael me\u00f0 \u00feeim, svo a\u00f0 auglj\u00f3st yr\u00f0i, hvort \u00feeir vildu hl\u00fd\u00f0a bo\u00f0or\u00f0um Drottins, er hann haf\u00f0i sett fe\u00f0rum \u00feeirra fyrir me\u00f0alg\u00f6ngu M\u00f3se.<a name=\"5\"><span class=\"versanumer\">5<\/span><\/a>\u00deannig bjuggu \u00cdsraelsmenn mitt \u00e1 me\u00f0al Kanaan\u00edta, Het\u00edta, Amor\u00edta, Peres\u00edta, Hev\u00edta og Jeb\u00fas\u00edta.<a name=\"6\"><span class=\"versanumer\">6<\/span><\/a>Gengu \u00feeir a\u00f0 eiga d\u00e6tur \u00feeirra og giftu sonum \u00feeirra d\u00e6tur s\u00ednar, og \u00fej\u00f3nu\u00f0u gu\u00f0um \u00feeirra.<a name=\"7\"><span class=\"versanumer\">7<\/span><\/a>\u00cdsraelsmenn gj\u00f6r\u00f0u \u00fea\u00f0, sem illt var \u00ed augum Drottins, og gleymdu Drottni, Gu\u00f0i s\u00ednum, og \u00fej\u00f3nu\u00f0u Ba\u00f6lum og as\u00e9rum.<a name=\"8\"><span class=\"versanumer\">8<\/span><\/a>Upptendra\u00f0ist \u00fe\u00e1 rei\u00f0i Drottins gegn \u00cdsrael, svo a\u00f0 hann seldi \u00fe\u00e1 \u00ed hendur K\u00fasan R\u00edsjata\u00edm, konungi \u00ed Aram \u00ed Nor\u00f0ur-Mes\u00f3p\u00f3tam\u00edu, og \u00cdsraelsmenn \u00fej\u00f3nu\u00f0u K\u00fasan R\u00edsjata\u00edm \u00ed \u00e1tta \u00e1r.<a name=\"9\"><span class=\"versanumer\">9<\/span><\/a>\u00de\u00e1 hr\u00f3pu\u00f0u \u00cdsraelsmenn til Drottins, og Drottinn vakti \u00cdsraelsm\u00f6nnum upp hj\u00e1lparmann, er hj\u00e1lpa\u00f0i \u00feeim, Otn\u00edel Kenasson, br\u00f3\u00f0ur Kalebs og honum yngri.<a name=\"10\"><span class=\"versanumer\">10<\/span><\/a>Andi Drottins kom yfir hann, svo a\u00f0 hann r\u00e9tti hluta \u00cdsraels. F\u00f3r hann \u00ed herna\u00f0, og Drottinn gaf K\u00fasan R\u00edsjata\u00edm, konung \u00ed Aram, \u00ed hendur honum, og hann var\u00f0 K\u00fasan R\u00edsjata\u00edm yfirsterkari.<a name=\"11\"><span class=\"versanumer\">11<\/span><\/a>Var s\u00ed\u00f0an fri\u00f0ur \u00ed landi \u00ed fj\u00f6rut\u00edu \u00e1r. \u00de\u00e1 anda\u00f0ist Otn\u00edel Kenasson.<a name=\"12\"><span class=\"versanumer\">12<\/span><\/a>\u00cdsraelsmenn gj\u00f6r\u00f0u enn af n\u00fdju \u00fea\u00f0, sem illt var \u00ed augum Drottins. \u00de\u00e1 efldi Drottinn Egl\u00f3n, konung \u00ed M\u00f3ab, m\u00f3ti \u00cdsrael, af \u00fev\u00ed a\u00f0 \u00feeir gj\u00f6r\u00f0u \u00fea\u00f0, sem illt var \u00ed augum Drottins.<a name=\"13\"><span class=\"versanumer\">13<\/span><\/a>Hann safna\u00f0i a\u00f0 s\u00e9r Amm\u00f3n\u00edtum og Amalek\u00edtum, f\u00f3r \u00fev\u00ed n\u00e6st og vann sigur \u00e1 \u00cdsrael, og \u00feeir n\u00e1\u00f0u p\u00e1lmaborginni \u00e1 sitt vald.<a name=\"14\"><span class=\"versanumer\">14<\/span><\/a>\u00cdsraelsmenn \u00fej\u00f3nu\u00f0u Egl\u00f3n, konungi \u00ed M\u00f3ab, \u00ed \u00e1tj\u00e1n \u00e1r.<a name=\"15\"><span class=\"versanumer\">15<\/span><\/a>\u00de\u00e1 hr\u00f3pu\u00f0u \u00cdsraelsmenn til Drottins, og Drottinn vakti \u00feeim upp hj\u00e1lparmann, Eh\u00fa\u00f0, son Gera Benjam\u00edn\u00edta, en hann var ma\u00f0ur \u00f6rvhentur. \u00cdsraelsmenn sendu hann me\u00f0 skatt \u00e1 fund Egl\u00f3ns, konungs \u00ed M\u00f3ab.<a name=\"16\"><span class=\"versanumer\">16<\/span><\/a>Eh\u00fa\u00f0 haf\u00f0i sm\u00ed\u00f0a\u00f0 s\u00e9r sax tv\u00edeggja\u00f0, spannarlangt. Hann gyrti sig \u00fev\u00ed undir kl\u00e6\u00f0um \u00e1 h\u00e6gri hli\u00f0.<a name=\"17\"><span class=\"versanumer\">17<\/span><\/a>Og hann f\u00e6r\u00f0i Egl\u00f3n, konungi \u00ed M\u00f3ab, skattinn, en Egl\u00f3n var ma\u00f0ur digur mj\u00f6g.<a name=\"18\"><span class=\"versanumer\">18<\/span><\/a>Er hann haf\u00f0i bori\u00f0 fram skattinn, l\u00e9t hann mennina fara, er bori\u00f0 h\u00f6f\u00f0u skattinn.<a name=\"19\"><span class=\"versanumer\">19<\/span><\/a>En sj\u00e1lfur sneri hann aftur hj\u00e1 skur\u00f0myndunum \u00ed Gilgal. Eh\u00fa\u00f0 sag\u00f0i vi\u00f0 konung: Leyndarm\u00e1l hefi \u00e9g a\u00f0 segja \u00fe\u00e9r, konungur. Konungur sag\u00f0i: \u00deei! og allir \u00feeir gengu \u00fat, er kringum hann st\u00f3\u00f0u.<a name=\"20\"><span class=\"versanumer\">20<\/span><\/a>\u00de\u00e1 gekk Eh\u00fa\u00f0 til hans, \u00fear sem hann sat aleinn \u00ed hinum svala \u00feaksal s\u00ednum, og m\u00e6lti: \u00c9g hefi erindi fr\u00e1 Gu\u00f0i vi\u00f0 \u00feig. St\u00f3\u00f0 konungur \u00fe\u00e1 upp \u00far s\u00e6ti s\u00ednu.<a name=\"21\"><span class=\"versanumer\">21<\/span><\/a>En Eh\u00fa\u00f0 greip til vinstri hendinni og \u00fereif sver\u00f0i\u00f0 \u00e1 h\u00e6gri hli\u00f0 s\u00e9r og lag\u00f0i \u00fev\u00ed \u00ed kvi\u00f0 honum.<a name=\"22\"><span class=\"versanumer\">22<\/span><\/a>Gekk bla\u00f0i\u00f0 \u00e1 kaf og upp yfir hj\u00f6ltu, svo a\u00f0 fal bla\u00f0i\u00f0 \u00ed \u00edstrunni, \u00fev\u00ed a\u00f0 eigi dr\u00f3 hann saxi\u00f0 \u00far kvi\u00f0i honum. Gekk hann \u00fe\u00e1 \u00fat \u00e1 \u00feaki\u00f0.<a name=\"23\"><span class=\"versanumer\">23<\/span><\/a>S\u00ed\u00f0an gekk Eh\u00fa\u00f0 \u00fat \u00ed gegnum forsalinn og lukti dyrunum \u00e1 \u00feaksalnum \u00e1 eftir s\u00e9r og skaut loku fyrir.<a name=\"24\"><span class=\"versanumer\">24<\/span><\/a>En er hann var \u00fat genginn, komu \u00fej\u00f3nar konungs og s\u00e1u \u00feeir a\u00f0 dyrnar \u00e1 \u00feaksalnum voru loka\u00f0ar og s\u00f6g\u00f0u: Hann hefir v\u00edst sest ni\u00f0ur erinda sinna inni \u00ed svala herberginu.<a name=\"25\"><span class=\"versanumer\">25<\/span><\/a>Bi\u00f0u \u00feeir n\u00fa, \u00fear til er \u00feeim leiddist bi\u00f0in. Og er hann enn ekki lauk upp dyrunum \u00e1 \u00feaksalnum, \u00fe\u00e1 t\u00f3ku \u00feeir lykilinn og luku upp, og l\u00e1 \u00fe\u00e1 herra \u00feeirra dau\u00f0ur \u00e1 g\u00f3lfinu.<a name=\"26\"><span class=\"versanumer\">26<\/span><\/a>Eh\u00fa\u00f0 haf\u00f0i komist undan me\u00f0an \u00feeir hinkru\u00f0u vi\u00f0. Hann var kominn \u00fat a\u00f0 skur\u00f0myndunum og komst undan til Se\u00edra.<a name=\"27\"><span class=\"versanumer\">27<\/span><\/a>Og er hann var \u00feanga\u00f0 kominn, l\u00e9t hann \u00feeyta l\u00fa\u00f0ur \u00e1 Efra\u00edmfj\u00f6llum. F\u00f3ru \u00cdsraelsmenn \u00fe\u00e1 me\u00f0 honum ofan af fj\u00f6llunum, en hann var fyrir \u00feeim.<a name=\"28\"><span class=\"versanumer\">28<\/span><\/a>Og hann sag\u00f0i vi\u00f0 \u00fe\u00e1: Fylgi\u00f0 m\u00e9r, \u00fev\u00ed a\u00f0 Drottinn hefir gefi\u00f0 \u00f3vini y\u00f0ar, M\u00f3ab\u00edtana, \u00ed hendur y\u00f0ur. F\u00f3ru \u00feeir \u00fe\u00e1 ofan \u00e1 eftir honum og n\u00e1\u00f0u \u00f6llum v\u00f6\u00f0um \u00e1 J\u00f3rdan yfir til M\u00f3ab og l\u00e9tu engan komast \u00fear yfir.<a name=\"29\"><span class=\"versanumer\">29<\/span><\/a>Og \u00fe\u00e1 felldu \u00feeir af M\u00f3ab\u00edtum um t\u00edu \u00fe\u00fasundir manna, og voru \u00fea\u00f0 allt sterkir menn og hraustir. Enginn komst undan.<a name=\"30\"><span class=\"versanumer\">30<\/span><\/a>\u00deannig ur\u00f0u M\u00f3ab\u00edtar \u00e1 \u00feeim degi a\u00f0 beygja sig undir vald \u00cdsraels. Var n\u00fa fri\u00f0ur \u00ed landi um \u00e1ttat\u00edu \u00e1r.<a name=\"31\"><span class=\"versanumer\">31<\/span><\/a>Eftir Eh\u00fa\u00f0 kom Samgar Anatsson. Hann felldi af Filistum sex hundru\u00f0 manna me\u00f0 staf, er menn reka me\u00f0 naut. \u00deannig frelsa\u00f0i hann einnig \u00cdsrael.<\/p>\n<div class=\"footnote1981\"><b>3.1<\/b> Reyna D\u00f3m 2.22+<br \/>\n<b>3.3<\/b> \u00d3sigra\u00f0ar \u00fej\u00f3\u00f0ir J\u00f3s 13.3-6<br \/>\n<b>3.5<\/b> Kanverjar, Het\u00edtar o.fl. 2M\u00f3s 3.8,17<br \/>\n<b>3.7<\/b> Illt \u00ed augum Drottins 5M\u00f3s 4.25+ &#8211; gleyma Drottni 5M\u00f3s 32.18; 1Sam 12.9; Jes 17.10; 51.13; Jer 2.32; 3.21; Esk 22.12; H\u00f3s 8.14; Slm 106.21 \u2013 \u00fej\u00f3nu\u00f0um Ba\u00f6lum D\u00f3m 2.13<br \/>\n<b>3.8<\/b> Rei\u00f0i Drottins D\u00f3m 2.14+ &#8211; hann seldi \u00fe\u00e1 D\u00f3m 2.14+<br \/>\n<b>3.9<\/b> Hj\u00e1lparma\u00f0ur v.15; 10.12 \u2013 Otn\u00edel D\u00f3m 1.13+<br \/>\n<b>3.10<\/b> Andi Drottins D\u00f3m 6.34; 11.29; 13.25; 14.6,19; 15.14; 1Sam 10.6,10; 16.13; Jes 11.2; 42.1; 61.1<br \/>\n<b>3.11<\/b> Fri\u00f0ur \u00ed landi D\u00f3m 3.30; 5.31; 8.28<br \/>\n<b>3.12<\/b> Illt \u00ed augum Drottins 5M\u00f3s 4.25+<br \/>\n<b>3.13<\/b> Amaleksni\u00f0jar D\u00f3m 6.3,33; 7.12; 10.12<br \/>\n<b>13.15<\/b> Hr\u00f3p \u00cdsraels \u2026 hj\u00e1lparmann v.9<br \/>\n<b>3.24<\/b> L\u00e9tta \u00e1 s\u00e9r 1Sam 24.4<br \/>\n<b>3.27<\/b> Efra\u00edmfj\u00f6ll D\u00f3m 4.5; 10.1; 17.1; 18.13; 19.1,16; 1Sam 1.1<br \/>\n<b>3.30<\/b> Fri\u00f0ur \u00ed landi v.11+<br \/>\n<b>3.31<\/b> Samgar Anatsson D\u00f3m 5.6 \u2013 Filistear 2Sam 23.12<\/div>\n","protected":false},"excerpt":{"rendered":"<p>1\u00deessar \u00fej\u00f3\u00f0ir l\u00e9t Drottinn vera kyrrar til \u00feess a\u00f0 reyna \u00cdsrael me\u00f0 \u00feeim, alla \u00fe\u00e1, er ekkert h\u00f6f\u00f0u haft a\u00f0 segja af \u00f6llum bard\u00f6gunum um Kanaan.2\u00deetta gj\u00f6r\u00f0i hann einungis til \u00feess, a\u00f0 hinar komandi kynsl\u00f3\u00f0ir \u00cdsraelsmanna m\u00e6ttu kynnast herna\u00f0i, sem eigi h\u00f6f\u00f0u kynnst sl\u00edku \u00e1\u00f0ur.3\u00deessar eru \u00fej\u00f3\u00f0irnar: Fimm h\u00f6f\u00f0ingjar Filistanna, allir Kanaan\u00edtar, S\u00eddoningar og Hev\u00edtar, sem bjuggu \u00e1 L\u00edbanonfj\u00f6llum, fr\u00e1 fjallinu Baal Hermon allt \u00feanga\u00f0, er lei\u00f0 liggur til Hamat.4Voru \u00feeir eftir til \u00feess a\u00f0 reyna \u00cdsrael me\u00f0 \u00feeim, svo a\u00f0 auglj\u00f3st yr\u00f0i, hvort \u00feeir vildu hl\u00fd\u00f0a bo\u00f0or\u00f0um Drottins, er hann haf\u00f0i sett fe\u00f0rum \u00feeirra fyrir me\u00f0alg\u00f6ngu M\u00f3se.5\u00deannig bjuggu \u00cdsraelsmenn <a href=\"https:\/\/biblian.is\/1981\/domarabokin-3-kafli\/\"> [&#8230;]<\/a><\/p>\n","protected":false},"author":1,"featured_media":0,"parent":0,"menu_order":0,"comment_status":"open","ping_status":"open","template":"bibliukaflar.php","meta":{"footnotes":""},"class_list":["post-1560","page","type-page","status-publish","hentry"],"_links":{"self":[{"href":"https:\/\/biblian.is\/1981\/wp-json\/wp\/v2\/pages\/1560","targetHints":{"allow":["GET"]}}],"collection":[{"href":"https:\/\/biblian.is\/1981\/wp-json\/wp\/v2\/pages"}],"about":[{"href":"https:\/\/biblian.is\/1981\/wp-json\/wp\/v2\/types\/page"}],"author":[{"embeddable":true,"href":"https:\/\/biblian.is\/1981\/wp-json\/wp\/v2\/users\/1"}],"replies":[{"embeddable":true,"href":"https:\/\/biblian.is\/1981\/wp-json\/wp\/v2\/comments?post=1560"}],"version-history":[{"count":0,"href":"https:\/\/biblian.is\/1981\/wp-json\/wp\/v2\/pages\/1560\/revisions"}],"wp:attachment":[{"href":"https:\/\/biblian.is\/1981\/wp-json\/wp\/v2\/media?parent=1560"}],"curies":[{"name":"wp","href":"https:\/\/api.w.org\/{rel}","templated":true}]}}