{"id":1559,"date":"2017-11-18T20:17:45","date_gmt":"2017-11-18T20:17:45","guid":{"rendered":"http:\/\/biblian.is\/1981\/domarabokin-2-kafli\/"},"modified":"2021-06-06T10:50:38","modified_gmt":"2021-06-06T10:50:38","slug":"domarabokin-2-kafli","status":"publish","type":"page","link":"https:\/\/biblian.is\/1981\/domarabokin-2-kafli\/","title":{"rendered":"D\u00f3marab\u00f3kin 2. kafli"},"content":{"rendered":"<p><a name=\"1\"><span class=\"versanumer\">1<\/span><\/a>Engill Drottins kom fr\u00e1 Gilgal til B\u00f3k\u00edm og m\u00e6lti: \u00c9g leiddi y\u00f0ur \u00fat af Egyptalandi og f\u00e6r\u00f0i y\u00f0ur \u00ed \u00fea\u00f0 land, sem \u00e9g s\u00f3r fe\u00f0rum y\u00f0ar, og \u00e9g sag\u00f0i: \u00c9g mun aldrei rj\u00fafa s\u00e1ttm\u00e1la minn vi\u00f0 y\u00f0ur,<a name=\"2\"><span class=\"versanumer\">2<\/span><\/a>en \u00fe\u00e9r megi\u00f0 ekki gj\u00f6ra s\u00e1ttm\u00e1la vi\u00f0 \u00edb\u00faa \u00feessa lands, heldur skulu\u00f0 \u00fe\u00e9r r\u00edfa ni\u00f0ur \u00f6lturu \u00feeirra. En \u00fe\u00e9r hafi\u00f0 ekki hl\u00fdtt raustu minni. Hv\u00ed hafi\u00f0 \u00fe\u00e9r gj\u00f6rt \u00feetta?<a name=\"3\"><span class=\"versanumer\">3<\/span><\/a>Fyrir \u00fev\u00ed segi \u00e9g einnig: \u00c9g mun ekki st\u00f6kkva \u00feeim burt undan y\u00f0ur, og \u00feeir munu ver\u00f0a broddar \u00ed s\u00ed\u00f0um y\u00f0ar og gu\u00f0ir \u00feeirra ver\u00f0a y\u00f0ur a\u00f0 t\u00e1lsn\u00f6ru.<a name=\"4\"><span class=\"versanumer\">4<\/span><\/a>Er engill Drottins haf\u00f0i m\u00e6lt \u00feessum or\u00f0um til allra \u00cdsraelsmanna, \u00fe\u00e1 h\u00f3f l\u00fd\u00f0urinn upp raust s\u00edna og gr\u00e9t.<a name=\"5\"><span class=\"versanumer\">5<\/span><\/a>Og \u00feeir nefndu sta\u00f0 \u00feennan B\u00f3k\u00edm, og f\u00e6r\u00f0u \u00fear Drottni f\u00f3rn.<a name=\"6\"><span class=\"versanumer\">6<\/span><\/a>S\u00ed\u00f0an l\u00e9t J\u00f3s\u00faa f\u00f3lki\u00f0 fr\u00e1 s\u00e9r fara, og h\u00e9ldu \u00fe\u00e1 \u00cdsraelsmenn hver til s\u00edns \u00f3\u00f0als til \u00feess a\u00f0 taka landi\u00f0 til eignar.<a name=\"7\"><span class=\"versanumer\">7<\/span><\/a>Og l\u00fd\u00f0urinn \u00fej\u00f3na\u00f0i Drottni me\u00f0an J\u00f3s\u00faa var \u00e1 l\u00edfi og me\u00f0an \u00f6ldungar \u00feeir, sem lif\u00f0u J\u00f3s\u00faa, voru \u00e1 l\u00edfi, \u00feeir er s\u00e9\u00f0 h\u00f6f\u00f0u \u00f6ll hin miklu verk Drottins, er hann gj\u00f6r\u00f0i fyrir \u00cdsrael.<a name=\"8\"><span class=\"versanumer\">8<\/span><\/a>\u00de\u00e1 anda\u00f0ist J\u00f3s\u00faa N\u00fansson, \u00fej\u00f3nn Drottins, hundra\u00f0 og t\u00edu \u00e1ra gamall.<a name=\"9\"><span class=\"versanumer\">9<\/span><\/a>Og hann var grafinn \u00ed eignarlandi s\u00ednu, hj\u00e1 Timnat Heres \u00e1 Efra\u00edmfj\u00f6llum, fyrir nor\u00f0an Gaasfjall.<a name=\"10\"><span class=\"versanumer\">10<\/span><\/a>En er \u00f6ll s\u00fa kynsl\u00f3\u00f0 haf\u00f0i l\u00edka safnast til fe\u00f0ra sinna, reis upp \u00f6nnur kynsl\u00f3\u00f0 eftir hana, er eigi \u00feekkti Drottin n\u00e9 \u00feau verk, er hann haf\u00f0i gj\u00f6rt fyrir \u00cdsrael.<a name=\"11\"><span class=\"versanumer\">11<\/span><\/a>\u00de\u00e1 gj\u00f6r\u00f0u \u00cdsraelsmenn \u00fea\u00f0, sem illt var \u00ed augum Drottins, og \u00fej\u00f3nu\u00f0u Ba\u00f6lum,<a name=\"12\"><span class=\"versanumer\">12<\/span><\/a>og yfirg\u00e1fu Drottin, Gu\u00f0 fe\u00f0ra sinna, er leitt haf\u00f0i \u00fe\u00e1 af Egyptalandi, og eltu a\u00f0ra gu\u00f0i, af gu\u00f0um \u00fej\u00f3\u00f0a \u00feeirra, er bjuggu umhverfis \u00fe\u00e1, og f\u00e9llu fram fyrir \u00feeim og egndu Drottin til rei\u00f0i.<a name=\"13\"><span class=\"versanumer\">13<\/span><\/a>Og \u00feeir yfirg\u00e1fu Drottin og \u00fej\u00f3nu\u00f0u Baal og Ast\u00f6rtum.<a name=\"14\"><span class=\"versanumer\">14<\/span><\/a>\u00de\u00e1 upptendra\u00f0ist rei\u00f0i Drottins gegn \u00cdsrael, og hann gaf \u00fe\u00e1 \u00e1 vald r\u00e1nsm\u00f6nnum og \u00feeir r\u00e6ndu \u00fe\u00e1, og hann seldi \u00fe\u00e1 \u00ed hendur \u00f3vinum \u00feeirra allt \u00ed kringum \u00fe\u00e1, svo a\u00f0 \u00feeir fengu eigi framar sta\u00f0ist fyrir \u00f3vinum s\u00ednum.<a name=\"15\"><span class=\"versanumer\">15<\/span><\/a>Hvert sem \u00feeir f\u00f3ru, var h\u00f6nd Drottins \u00ed m\u00f3ti \u00feeim til \u00f3hamingju, eins og Drottinn haf\u00f0i sagt og eins og Drottinn haf\u00f0i svari\u00f0 \u00feeim. Komust \u00feeir \u00fe\u00e1 \u00ed miklar nau\u00f0ir.<a name=\"16\"><span class=\"versanumer\">16<\/span><\/a>En Drottinn vakti upp d\u00f3mara, og \u00feeir frelsu\u00f0u \u00fe\u00e1 \u00far h\u00f6ndum \u00feeirra, er \u00fe\u00e1 r\u00e6ndu.<a name=\"17\"><span class=\"versanumer\">17<\/span><\/a>&#8222;En \u00feeir hl\u00fdddu ekki heldur d\u00f3murum s\u00ednum, heldur t\u00f3ku fram hj\u00e1 me\u00f0 \u00f6\u00f0rum gu\u00f0um og f\u00e9llu fram fyrir \u00feeim. \u00deeir viku br\u00e1tt af vegi fe\u00f0ra sinna, sem hl\u00fdddu bo\u00f0um Drottins; \u00feeir breyttu ekki svo. &#8222;<a name=\"18\"><span class=\"versanumer\">18<\/span><\/a>\u00deegar Drottinn vakti \u00feeim upp d\u00f3mara, \u00fe\u00e1 var Drottinn me\u00f0 d\u00f3maranum og frelsa\u00f0i \u00fe\u00e1 \u00far h\u00f6ndum \u00f3vina \u00feeirra \u00e1 me\u00f0an d\u00f3marinn var \u00e1 l\u00edfi, \u00fev\u00ed a\u00f0 Drottinn kenndi \u00ed brj\u00f3sti um \u00fe\u00e1, er \u00feeir kveinu\u00f0u undan k\u00fagurum s\u00ednum og kv\u00f6lurum.<a name=\"19\"><span class=\"versanumer\">19<\/span><\/a>En er d\u00f3marinn anda\u00f0ist, breyttu \u00feeir a\u00f0 n\u00fdju verr en fe\u00f0ur \u00feeirra, me\u00f0 \u00fev\u00ed a\u00f0 elta a\u00f0ra gu\u00f0i til \u00feess a\u00f0 \u00fej\u00f3na \u00feeim og falla fram fyrir \u00feeim. \u00deeir l\u00e9tu eigi af gj\u00f6r\u00f0um s\u00ednum n\u00e9 \u00ferj\u00f3skubreytni sinni.<a name=\"20\"><span class=\"versanumer\">20<\/span><\/a>\u00de\u00e1 upptendra\u00f0ist rei\u00f0i Drottins gegn \u00cdsrael og hann sag\u00f0i: Af \u00fev\u00ed a\u00f0 \u00feetta f\u00f3lk hefir rofi\u00f0 s\u00e1ttm\u00e1la minn, \u00feann er \u00e9g lag\u00f0i fyrir fe\u00f0ur \u00feeirra, og ekki hl\u00fdtt minni raustu,<a name=\"21\"><span class=\"versanumer\">21<\/span><\/a>\u00fe\u00e1 mun \u00e9g ekki heldur framar st\u00f6kkva burt undan \u00feeim nokkrum manni af \u00fej\u00f3\u00f0um \u00feeim, sem J\u00f3s\u00faa skildi eftir, er hann anda\u00f0ist.<a name=\"22\"><span class=\"versanumer\">22<\/span><\/a>\u00c9g vil reyna \u00cdsrael me\u00f0 \u00feeim, hvort \u00feeir var\u00f0veita veg Drottins og ganga hann, eins og fe\u00f0ur \u00feeirra gj\u00f6r\u00f0u, e\u00f0a ekki.<a name=\"23\"><span class=\"versanumer\">23<\/span><\/a>\u00deannig l\u00e9t Drottinn \u00fej\u00f3\u00f0ir \u00feessar vera kyrrar \u00e1n \u00feess a\u00f0 reka \u00fe\u00e6r burt br\u00e1\u00f0lega, og hann gaf \u00fe\u00e6r eigi \u00ed hendur J\u00f3s\u00faa.<\/p>\n<div class=\"footnote1981\"><b>2.1<\/b> Engill Drottins D\u00f3m 6.11; 1M\u00f3s 16.7 \u2013 \u00fat af Egyptalandi 3M\u00f3s 11.45; 1Sam 8.8; Am 2.10; Slm 81.11; sbr 4M\u00f3s 32.11; D\u00f3m 19.30; Jer 2.6; H\u00f3s 12.14 \u2013 fyrirheitna landi\u00f0 5M\u00f3s 26.3; 34.4; J\u00f3s 1.6 \u2013 \u00f3rj\u00fafanlegur s\u00e1ttm\u00e1li 3M\u00f3s 26.44; Jer 14.21; 33.20-21; Slm 89.35<br \/>\n<b>2.2<\/b> Ekki gera s\u00e1ttm\u00e1la 2M\u00f3s 23.32; 34.12; 5M\u00f3s 7.2 \u2013 \u00f6lturu 2M\u00f3s 34.13; 5M\u00f3s 7.5; 12.3 \u2013 ekki hl\u00fdtt D\u00f3m 6.10<br \/>\n<b>2.3<\/b> Broddar \u00ed si\u00f0um ykkar J\u00f3s 23.13 \u2013 t\u00e1lsnara D\u00f3m 8.27; 2M\u00f3s 23.33; 34.12; 5M\u00f3s 7.16<br \/>\n<b>2.6<\/b> L\u00e9t f\u00f3lki\u00f0 fara J\u00f3s 24.28<br \/>\n<b>2.7<\/b> \u00dej\u00f3na\u00f0i J\u00f3s 24.31<br \/>\n<b>2.8<\/b> Dau\u00f0i J\u00f3s\u00faa  J\u00f3s 24.29<br \/>\n<b>2.9<\/b> Timnat Heres sbr J\u00f3s 19.50; 24.30<br \/>\n<b>2.10<\/b> \u00deekkja Drottin 5M\u00f3s 11.2<br \/>\n<b>2.11-19<\/b> Synd, hirting, i\u00f0run, frelsun 2Kon 13.2-5<br \/>\n<b>2.11<\/b> Illt \u00ed augum Drottins 5M\u00f3s 4.25+<br \/>\n<b>2.12Yfirg\u00e1fu<\/b> Drottin Jer 2.13+ &#8211; eltu a\u00f0ra gu\u00f0i Jer 5.19+ ; sbr 2M\u00f3s 20.3+<br \/>\n<b>2.13<\/b> Baal og Ast\u00f6rtum D\u00f3m 10.6; 1Sam 12.10<br \/>\n<b>2.14<\/b> Rei\u00f0i Drottins 4M\u00f3s 25.3; 5M\u00f3s 7.4; J\u00f3s 22.20; 2Sam 24.1; Jes 5.25; Jer 4.8; sbr Ef 5.6 \u2013 seldi \u00fe\u00e1 D\u00f3m 3.8; 4.2; 10.7; 5M\u00f3s 32.30; 1Sam 12.9; Jes 50.1; 52.3; Slm 44.13<br \/>\n<b>2.15<\/b> Drottinn haf\u00f0i sagt 5M\u00f3s 28.15-46<br \/>\n<b>2.17<\/b> T\u00f3ku fram hj\u00e1 H\u00f3s 1.2+ &#8211; vegur Jer 6.16<br \/>\n<b>2.20<\/b> Rei\u00f0i Drottins v.14+ &#8211; rofinn s\u00e1ttm\u00e1li 5M\u00f3s 17.2; J\u00f3s 7.11; 23.16, 2Kon 18.12; H\u00f3s 6.7<br \/>\n<b>2.21<\/b> St\u00f6kkva burt 5M\u00f3s 4.38+<br \/>\n<b>2.22<\/b> Reyna \u00cdsrael 2M\u00f3s 15.25; 16.4; 20.20; 5M\u00f3s 8.2; Jes 48.10; Jer 9.6; Slm 81.8 \u2013 vegur Drottins 5M\u00f3s 8.6+<br \/>\n<b>2.23<\/b> \u00d3unni\u00f0 land J\u00f3s 13.1-6<\/div>\n","protected":false},"excerpt":{"rendered":"<p>1Engill Drottins kom fr\u00e1 Gilgal til B\u00f3k\u00edm og m\u00e6lti: \u00c9g leiddi y\u00f0ur \u00fat af Egyptalandi og f\u00e6r\u00f0i y\u00f0ur \u00ed \u00fea\u00f0 land, sem \u00e9g s\u00f3r fe\u00f0rum y\u00f0ar, og \u00e9g sag\u00f0i: \u00c9g mun aldrei rj\u00fafa s\u00e1ttm\u00e1la minn vi\u00f0 y\u00f0ur,2en \u00fe\u00e9r megi\u00f0 ekki gj\u00f6ra s\u00e1ttm\u00e1la vi\u00f0 \u00edb\u00faa \u00feessa lands, heldur skulu\u00f0 \u00fe\u00e9r r\u00edfa ni\u00f0ur \u00f6lturu \u00feeirra. En \u00fe\u00e9r hafi\u00f0 ekki hl\u00fdtt raustu minni. Hv\u00ed hafi\u00f0 \u00fe\u00e9r gj\u00f6rt \u00feetta?3Fyrir \u00fev\u00ed segi \u00e9g einnig: \u00c9g mun ekki st\u00f6kkva \u00feeim burt undan y\u00f0ur, og \u00feeir munu ver\u00f0a broddar \u00ed s\u00ed\u00f0um y\u00f0ar og gu\u00f0ir \u00feeirra ver\u00f0a y\u00f0ur a\u00f0 t\u00e1lsn\u00f6ru.4Er engill Drottins haf\u00f0i m\u00e6lt \u00feessum or\u00f0um til allra <a href=\"https:\/\/biblian.is\/1981\/domarabokin-2-kafli\/\"> [&#8230;]<\/a><\/p>\n","protected":false},"author":1,"featured_media":0,"parent":0,"menu_order":0,"comment_status":"open","ping_status":"open","template":"bibliukaflar.php","meta":{"footnotes":""},"class_list":["post-1559","page","type-page","status-publish","hentry"],"_links":{"self":[{"href":"https:\/\/biblian.is\/1981\/wp-json\/wp\/v2\/pages\/1559","targetHints":{"allow":["GET"]}}],"collection":[{"href":"https:\/\/biblian.is\/1981\/wp-json\/wp\/v2\/pages"}],"about":[{"href":"https:\/\/biblian.is\/1981\/wp-json\/wp\/v2\/types\/page"}],"author":[{"embeddable":true,"href":"https:\/\/biblian.is\/1981\/wp-json\/wp\/v2\/users\/1"}],"replies":[{"embeddable":true,"href":"https:\/\/biblian.is\/1981\/wp-json\/wp\/v2\/comments?post=1559"}],"version-history":[{"count":0,"href":"https:\/\/biblian.is\/1981\/wp-json\/wp\/v2\/pages\/1559\/revisions"}],"wp:attachment":[{"href":"https:\/\/biblian.is\/1981\/wp-json\/wp\/v2\/media?parent=1559"}],"curies":[{"name":"wp","href":"https:\/\/api.w.org\/{rel}","templated":true}]}}