{"id":1558,"date":"2017-11-18T20:17:45","date_gmt":"2017-11-18T20:17:45","guid":{"rendered":"http:\/\/biblian.is\/1981\/domarabokin-1-kafli\/"},"modified":"2021-06-06T10:50:34","modified_gmt":"2021-06-06T10:50:34","slug":"domarabokin-1-kafli","status":"publish","type":"page","link":"https:\/\/biblian.is\/1981\/domarabokin-1-kafli\/","title":{"rendered":"D\u00f3marab\u00f3kin 1. kafli"},"content":{"rendered":"<p><a name=\"1\"><span class=\"versanumer\">1<\/span><\/a>Eftir andl\u00e1t J\u00f3s\u00faa spur\u00f0u \u00cdsraelsmenn Drottin og s\u00f6g\u00f0u: Hver af oss skal fyrstur fara \u00ed m\u00f3ti Kanaan\u00edtum til \u00feess a\u00f0 berjast vi\u00f0 \u00fe\u00e1?<a name=\"2\"><span class=\"versanumer\">2<\/span><\/a>Drottinn sag\u00f0i: J\u00fada skal fara \u00ed m\u00f3ti \u00feeim, sj\u00e1, \u00e9g gef landi\u00f0 \u00ed hendur honum.<a name=\"3\"><span class=\"versanumer\">3<\/span><\/a>J\u00fada sag\u00f0i vi\u00f0 S\u00edmeon, br\u00f3\u00f0ur sinn: Far \u00fe\u00fa me\u00f0 m\u00e9r inn \u00ed minn hluta, svo a\u00f0 vi\u00f0 b\u00e1\u00f0ir megum berjast vi\u00f0 Kanaan\u00edtana. \u00de\u00e1 skal \u00e9g l\u00edka fara me\u00f0 \u00fe\u00e9r inn \u00ed \u00feinn hluta. F\u00f3r \u00fe\u00e1 S\u00edmeon me\u00f0 honum.<a name=\"4\"><span class=\"versanumer\">4<\/span><\/a>Og J\u00fada f\u00f3r, og Drottinn gaf Kanaan\u00edta og Peres\u00edta \u00ed hendur \u00feeirra, og l\u00f6g\u00f0u \u00feeir \u00fe\u00e1 a\u00f0 velli \u00ed Besek, t\u00edu \u00fe\u00fasundir manna.<a name=\"5\"><span class=\"versanumer\">5<\/span><\/a>\u00deeir fundu Ad\u00f3n\u00ed Besek \u00ed Besek og b\u00f6r\u00f0ust vi\u00f0 hann og unnu sigur \u00e1 Kanaan\u00edtum og Peres\u00edtum.<a name=\"6\"><span class=\"versanumer\">6<\/span><\/a>En Ad\u00f3n\u00ed Besek fl\u00fd\u00f0i og veittu \u00feeir honum eftirf\u00f6r, t\u00f3ku hann h\u00f6ndum og hjuggu af honum \u00feumalfingurna og st\u00f3rut\u00e6rnar.<a name=\"7\"><span class=\"versanumer\">7<\/span><\/a>\u00de\u00e1 m\u00e6lti Ad\u00f3n\u00ed Besek: Sj\u00f6t\u00edu konungar, sem h\u00f6ggnir voru af \u00feumalfingur og st\u00f3rut\u00e6r, ur\u00f0u a\u00f0 t\u00edna upp mola undir bor\u00f0i m\u00ednu. Eins og \u00e9g hefi gj\u00f6rt, svo geldur Gu\u00f0 m\u00e9r. S\u00ed\u00f0an f\u00f3ru \u00feeir me\u00f0 hann til Jer\u00fasalem og \u00fear d\u00f3 hann.<a name=\"8\"><span class=\"versanumer\">8<\/span><\/a>J\u00fada synir herju\u00f0u \u00e1 Jer\u00fasalem og unnu hana, felldu \u00edb\u00faana me\u00f0 sver\u00f0seggjum og l\u00f6g\u00f0u s\u00ed\u00f0an eld \u00ed borgina.<a name=\"9\"><span class=\"versanumer\">9<\/span><\/a>Eftir \u00fea\u00f0 h\u00e9ldu J\u00fada synir ofan \u00fea\u00f0an til \u00feess a\u00f0 berjast vi\u00f0 Kanaan\u00edta, \u00fe\u00e1 er bjuggu \u00e1 fj\u00f6llunum, \u00ed Su\u00f0urlandinu og \u00e1 l\u00e1glendinu.<a name=\"10\"><span class=\"versanumer\">10<\/span><\/a>J\u00fada f\u00f3r m\u00f3ti Kanaan\u00edtunum, sem bjuggu \u00ed Hebron, en Hebron h\u00e9t \u00e1\u00f0ur Kirjat Arba. Og \u00feeir unnu sigur \u00e1 Sesa\u00ed, Ah\u00edman og Talma\u00ed.<a name=\"11\"><span class=\"versanumer\">11<\/span><\/a>\u00dea\u00f0an f\u00f3ru \u00feeir m\u00f3ti Deb\u00edr-b\u00faum, en Deb\u00edr h\u00e9t \u00e1\u00f0ur Kirjat Sefer.<a name=\"12\"><span class=\"versanumer\">12<\/span><\/a>Kaleb sag\u00f0i: Hver sem leggur Kirjat Sefer undir sig og vinnur hana, honum skal \u00e9g gefa Aksa d\u00f3ttur m\u00edna a\u00f0 konu.<a name=\"13\"><span class=\"versanumer\">13<\/span><\/a>Otn\u00edel Kenasson, br\u00f3\u00f0ir Kalebs og honum yngri, vann \u00fe\u00e1 borgina, og hann gaf honum Aksa d\u00f3ttur s\u00edna a\u00f0 konu.<a name=\"14\"><span class=\"versanumer\">14<\/span><\/a>\u00deegar h\u00fan skyldi heim fara me\u00f0 b\u00f3nda s\u00ednum, eggja\u00f0i h\u00fan hann \u00feess, a\u00f0 hann skyldi bei\u00f0ast lands nokkurs af f\u00f6\u00f0ur hennar. Steig h\u00fan \u00fe\u00e1 ni\u00f0ur af asnanum. Kaleb spur\u00f0i hana \u00fe\u00e1: Hva\u00f0 viltu?<a name=\"15\"><span class=\"versanumer\">15<\/span><\/a>H\u00fan svara\u00f0i honum: Gef m\u00e9r gj\u00f6f nokkra, af \u00fev\u00ed a\u00f0 \u00fe\u00fa hefir gefi\u00f0 mig til Su\u00f0urlandsins. Gef m\u00e9r \u00fev\u00ed vatnsbrunna. Gaf hann henni \u00fe\u00e1 brunna hi\u00f0 efra og brunna hi\u00f0 ne\u00f0ra.<a name=\"16\"><span class=\"versanumer\">16<\/span><\/a>Synir Ken\u00edtans, tengdaf\u00f6\u00f0ur M\u00f3se, h\u00f6f\u00f0u fari\u00f0 \u00far p\u00e1lmaborginni me\u00f0 sonum J\u00fada upp \u00ed J\u00fadaey\u00f0im\u00f6rk, sem liggur fyrir sunnan Arad, og \u00feeir f\u00f3ru og settust a\u00f0 me\u00f0al l\u00fd\u00f0sins.<a name=\"17\"><span class=\"versanumer\">17<\/span><\/a>En J\u00fada f\u00f3r me\u00f0 S\u00edmeon br\u00f3\u00f0ur s\u00ednum, og \u00feeir unnu sigur \u00e1 Kanaan\u00edtunum, sem bjuggu \u00ed Sefat, og helgu\u00f0u hana banni. Fyrir \u00fev\u00ed var borgin nefnd Horma.<a name=\"18\"><span class=\"versanumer\">18<\/span><\/a>J\u00fada vann Gasa og land \u00fea\u00f0, er undir hana l\u00e1, og Askalon og land \u00fea\u00f0, er undir hana l\u00e1, og Ekron og land \u00fea\u00f0, er undir hana l\u00e1.<a name=\"19\"><span class=\"versanumer\">19<\/span><\/a>Og Drottinn var me\u00f0 J\u00fada, svo a\u00f0 \u00feeir n\u00e1\u00f0u undir sig fjalllendinu, en \u00fe\u00e1, sem bjuggu \u00e1 sl\u00e9ttlendinu, fengu \u00feeir eigi reki\u00f0 burt, \u00fev\u00ed a\u00f0 \u00feeir h\u00f6f\u00f0u j\u00e1rnvagna.<a name=\"20\"><span class=\"versanumer\">20<\/span><\/a>\u00deeir g\u00e1fu Kaleb Hebron, eins og M\u00f3se haf\u00f0i bo\u00f0i\u00f0, og \u00feeir r\u00e1ku \u00fea\u00f0an \u00fe\u00e1 Anaks sonu \u00ferj\u00e1.<a name=\"21\"><span class=\"versanumer\">21<\/span><\/a>En Jeb\u00fas\u00edtana, sem bjuggu \u00ed Jer\u00fasalem, g\u00e1tu Benjam\u00edns synir ekki reki\u00f0 burt. Fyrir \u00fev\u00ed hafa Jeb\u00fas\u00edtar b\u00fai\u00f0 \u00ed Jer\u00fasalem \u00e1samt Benjam\u00edns sonum fram \u00e1 \u00feennan dag.<a name=\"22\"><span class=\"versanumer\">22<\/span><\/a>\u00c6ttmenn J\u00f3sefs f\u00f3ru l\u00edka upp til Betel, og Drottinn var me\u00f0 \u00feeim.<a name=\"23\"><span class=\"versanumer\">23<\/span><\/a>Og \u00e6ttmenn J\u00f3sefs l\u00e9tu nj\u00f3sna \u00ed Betel, en borgin h\u00e9t \u00e1\u00f0ur L\u00faz.<a name=\"24\"><span class=\"versanumer\">24<\/span><\/a>\u00de\u00e1 s\u00e1u nj\u00f3snarmennirnir mann koma \u00fat \u00far borginni og s\u00f6g\u00f0u vi\u00f0 hann: S\u00fdn oss, hvar komast m\u00e1 inn \u00ed borgina, og munum v\u00e9r s\u00fdna \u00fe\u00e9r miskunn.<a name=\"25\"><span class=\"versanumer\">25<\/span><\/a>Og hann s\u00fdndi \u00feeim, hvar komast m\u00e6tti inn \u00ed borgina, og \u00feeir t\u00f3ku borgina herskildi, en manninum og \u00f6llu f\u00f3lki hans leyf\u00f0u \u00feeir brottg\u00f6ngu.<a name=\"26\"><span class=\"versanumer\">26<\/span><\/a>Ma\u00f0urinn f\u00f3r til lands Het\u00edta og reisti \u00fear borg og nefndi hana L\u00faz. Heitir h\u00fan svo enn \u00ed dag.<a name=\"27\"><span class=\"versanumer\">27<\/span><\/a>&#8222;Manasse rak eigi burt \u00edb\u00faana \u00ed Bet Sean og sm\u00e1borgunum, er a\u00f0 l\u00e1gu, \u00ed Taanak og sm\u00e1borgunum, er a\u00f0 l\u00e1gu, \u00edb\u00faana \u00ed D\u00f3r og sm\u00e1borgunum, er a\u00f0 l\u00e1gu, \u00edb\u00faana \u00ed Jibleam og sm\u00e1borgunum, er a\u00f0 l\u00e1gu, n\u00e9 \u00edb\u00faana \u00ed Megidd\u00f3 og sm\u00e1borgunum, er a\u00f0 l\u00e1gu; og \u00feannig fengu Kanaan\u00edtar haldi\u00f0 b\u00fasta\u00f0 \u00ed landi \u00feessu. &#8222;<a name=\"28\"><span class=\"versanumer\">28<\/span><\/a>En er \u00cdsrael efldist, gj\u00f6r\u00f0i hann Kanaan\u00edta s\u00e9r vinnuskylda, en rak \u00fe\u00e1 ekki algj\u00f6rlega burt.<a name=\"29\"><span class=\"versanumer\">29<\/span><\/a>&#8222;Efra\u00edm rak eigi burt Kanaan\u00edtana, sem bjuggu \u00ed Geser; \u00feannig h\u00e9ldu Kanaan\u00edtar \u00e1fram a\u00f0 b\u00faa \u00ed Geser me\u00f0al \u00feeirra. &#8222;<a name=\"30\"><span class=\"versanumer\">30<\/span><\/a>&#8222;Seb\u00falon rak eigi burt \u00edb\u00faana \u00ed Kitr\u00f3n n\u00e9 \u00edb\u00faana \u00ed Nahal\u00f3l; \u00feannig h\u00e9ldu Kanaan\u00edtar \u00e1fram a\u00f0 b\u00faa me\u00f0al \u00feeirra og ur\u00f0u \u00feeim vinnuskyldir. &#8222;<a name=\"31\"><span class=\"versanumer\">31<\/span><\/a>Asser rak eigi burt \u00edb\u00faana \u00ed Akk\u00f3 n\u00e9 \u00edb\u00faana \u00ed S\u00eddon, eigi heldur \u00ed Ahlab, Aks\u00edd, Helba, Af\u00edk og Reh\u00f3b.<a name=\"32\"><span class=\"versanumer\">32<\/span><\/a>Fyrir \u00fev\u00ed bjuggu Asser\u00edtar me\u00f0al Kanaan\u00edta, er fyrir voru \u00ed landinu, \u00fev\u00ed a\u00f0 \u00feeir r\u00e1ku \u00fe\u00e1 eigi burt.<a name=\"33\"><span class=\"versanumer\">33<\/span><\/a>&#8222;Naftal\u00ed rak eigi burt \u00edb\u00faana \u00ed Bet Semes n\u00e9 \u00edb\u00faana \u00ed Bet Anat; fyrir \u00fev\u00ed bj\u00f3 hann me\u00f0al Kanaan\u00edta, er fyrir voru \u00ed landinu, en \u00edb\u00faarnir \u00ed Bet Semes og Bet Anat ur\u00f0u \u00feeim vinnuskyldir. &#8222;<a name=\"34\"><span class=\"versanumer\">34<\/span><\/a>Amor\u00edtar \u00ferengdu Dans sonum upp \u00ed fj\u00f6llin og li\u00f0u \u00feeim ekki a\u00f0 koma ni\u00f0ur \u00e1 sl\u00e9ttlendi\u00f0.<a name=\"35\"><span class=\"versanumer\">35<\/span><\/a>\u00deannig fengu Amor\u00edtar haldi\u00f0 b\u00fasta\u00f0 \u00ed Har Heres, \u00ed Ajalon og Saalb\u00edm, en me\u00f0 \u00fev\u00ed a\u00f0 \u00e6tt J\u00f3sefs var \u00feeim yfirsterkari, ur\u00f0u \u00feeir vinnuskyldir.<a name=\"36\"><span class=\"versanumer\">36<\/span><\/a>Landam\u00e6ri Amor\u00edta l\u00e1gu fr\u00e1 Spor\u00f0drekaskar\u00f0i, fr\u00e1 klettinum og \u00fear upp eftir.<\/p>\n<div class=\"footnote1981\"><b>1.1<\/b> Andl\u00e1t J\u00f3s\u00faa J\u00f3s 24.29+ &#8211; spyrja Gu\u00f0 D\u00f3m 18.5; 20.18,27-28; 1Sam 14.37; 23.2; 30.8; 2Sam 2.1 o.fl.; 1Kon 22.7-8; 2Kon 8.8; 22.13; Jes 30.2; Esk 20.1,3,31<br \/>\n<b>1.2<\/b> J\u00fada D\u00f3m 20.18<br \/>\n<b>1.3<\/b> Landsv\u00e6\u00f0i mitt &#8230; landsv\u00e6\u00f0i \u00feitt J\u00f3s 13-21<br \/>\n<b>1.8<\/b> \u00d6nnur fr\u00e1s\u00f6gn af t\u00f6ku Jer\u00fasalem 2Sam 5.6-12; sbr J\u00f3s 15.63<br \/>\n<b>1.9<\/b> \u00c1 fj\u00f6llunum &#8230; J\u00f3s 10.40; Jer 32.44; 33.13<br \/>\n<b>1.10<\/b> Hebron J\u00f3s 10.36-37; 14.7-15; 15.13-14<br \/>\n<b>1.11-15<\/b> Kaleb, Deb\u00edr unnin J\u00f3s 15.15-19<br \/>\n<b>1.11<\/b> Deb\u00edr J\u00f3s 10.38-39; 11.21-22<br \/>\n<b>1.13<\/b> Otn\u00edel D\u00f3m 3.9-10; J\u00f3s 15.17<br \/>\n<b>1.16<\/b> Ken\u00edti 4M\u00f3s 24.21-22 \u2013 tengdafa\u00f0ir M\u00f3se D\u00f3m 4.11; 2M\u00f3s 2.16-22; 4M\u00f3s 10.29-32<br \/>\n<b>1.18<\/b> Gasa, Askalon, Ekron J\u00f3s 13.3; 1Sam 6.17; Jer 25.20; Am 1.6-8<br \/>\n<b>1.19<\/b> J\u00e1rnvagnar D\u00f3m 4.3,13; J\u00f3s 17.16,18<br \/>\n<b>1.20<\/b> Kaleb 4M\u00f3s 14.24; J\u00f3s 14.12-13<br \/>\n<b>1.21<\/b> G\u00e1tu ekki reki\u00f0 burt J\u00f3s 15.63; 18.28<br \/>\n<b>1.22-23<\/b> \u00c6ttmenn J\u00f3sefs 2Sam 19.21; 1Kon 11.28 \u2013 Betel (\u00e1\u00f0ur L\u00faz) 1M\u00f3s 28.17-19; 35.6; 48.3; J\u00f3s 18.13<br \/>\n<b>1.25<\/b> T\u00f3ku borgina J\u00f3s 6.21; &#8211; en manninum &#8230; J\u00f3s 6.22-25<br \/>\n<b>1.27<\/b> Hrakti ekki burt J\u00f3s 17.12-13<br \/>\n<b>1.28<\/b> Vinnuskylda J\u00f3s 9.27; 2Sam 20.24; 1Kon 9.20-22<br \/>\n<b>1.29<\/b> Geser J\u00f3s 16.10<br \/>\n<b>1.30<\/b> Seb\u00falon D\u00f3m 5.14; J\u00f3s 19.10-16<br \/>\n<b>1.31<\/b> Asser J\u00f3s 19.24-31<br \/>\n<b>1.33<\/b> Naftal\u00ed J\u00f3s 19.32-39<br \/>\n<b>1.34<\/b> Dans ni\u00f0jar J\u00f3s 19.47; sbr D\u00f3m 18<br \/>\n<b>1.36<\/b> Kletturinn (Sela) 2Kon 14.7<\/div>\n","protected":false},"excerpt":{"rendered":"<p>1Eftir andl\u00e1t J\u00f3s\u00faa spur\u00f0u \u00cdsraelsmenn Drottin og s\u00f6g\u00f0u: Hver af oss skal fyrstur fara \u00ed m\u00f3ti Kanaan\u00edtum til \u00feess a\u00f0 berjast vi\u00f0 \u00fe\u00e1?2Drottinn sag\u00f0i: J\u00fada skal fara \u00ed m\u00f3ti \u00feeim, sj\u00e1, \u00e9g gef landi\u00f0 \u00ed hendur honum.3J\u00fada sag\u00f0i vi\u00f0 S\u00edmeon, br\u00f3\u00f0ur sinn: Far \u00fe\u00fa me\u00f0 m\u00e9r inn \u00ed minn hluta, svo a\u00f0 vi\u00f0 b\u00e1\u00f0ir megum berjast vi\u00f0 Kanaan\u00edtana. \u00de\u00e1 skal \u00e9g l\u00edka fara me\u00f0 \u00fe\u00e9r inn \u00ed \u00feinn hluta. F\u00f3r \u00fe\u00e1 S\u00edmeon me\u00f0 honum.4Og J\u00fada f\u00f3r, og Drottinn gaf Kanaan\u00edta og Peres\u00edta \u00ed hendur \u00feeirra, og l\u00f6g\u00f0u \u00feeir \u00fe\u00e1 a\u00f0 velli \u00ed Besek, t\u00edu \u00fe\u00fasundir manna.5\u00deeir fundu Ad\u00f3n\u00ed Besek \u00ed <a href=\"https:\/\/biblian.is\/1981\/domarabokin-1-kafli\/\"> [&#8230;]<\/a><\/p>\n","protected":false},"author":1,"featured_media":0,"parent":0,"menu_order":0,"comment_status":"open","ping_status":"open","template":"bibliukaflar.php","meta":{"footnotes":""},"class_list":["post-1558","page","type-page","status-publish","hentry"],"_links":{"self":[{"href":"https:\/\/biblian.is\/1981\/wp-json\/wp\/v2\/pages\/1558","targetHints":{"allow":["GET"]}}],"collection":[{"href":"https:\/\/biblian.is\/1981\/wp-json\/wp\/v2\/pages"}],"about":[{"href":"https:\/\/biblian.is\/1981\/wp-json\/wp\/v2\/types\/page"}],"author":[{"embeddable":true,"href":"https:\/\/biblian.is\/1981\/wp-json\/wp\/v2\/users\/1"}],"replies":[{"embeddable":true,"href":"https:\/\/biblian.is\/1981\/wp-json\/wp\/v2\/comments?post=1558"}],"version-history":[{"count":0,"href":"https:\/\/biblian.is\/1981\/wp-json\/wp\/v2\/pages\/1558\/revisions"}],"wp:attachment":[{"href":"https:\/\/biblian.is\/1981\/wp-json\/wp\/v2\/media?parent=1558"}],"curies":[{"name":"wp","href":"https:\/\/api.w.org\/{rel}","templated":true}]}}