{"id":1557,"date":"2017-11-18T20:17:45","date_gmt":"2017-11-18T20:17:45","guid":{"rendered":"http:\/\/biblian.is\/1981\/josuabok-24-kafli\/"},"modified":"2017-11-18T20:17:45","modified_gmt":"2017-11-18T20:17:45","slug":"josuabok-24-kafli","status":"publish","type":"page","link":"https:\/\/biblian.is\/1981\/josuabok-24-kafli\/","title":{"rendered":"J\u00f3s\u00faab\u00f3k 24. kafli"},"content":{"rendered":"<p><a name=\"1\"><span class=\"versanumer\">1<\/span><\/a>J\u00f3s\u00faa stefndi saman \u00f6llum \u00e6ttkv\u00edslum \u00cdsraels \u00ed S\u00edkem og kalla\u00f0i fyrir sig \u00f6ldunga \u00cdsraels og h\u00f6f\u00f0ingja hans, d\u00f3mendur hans og tilsj\u00f3narmenn, og \u00feeir gengu fram fyrir auglit Gu\u00f0s.<a name=\"2\"><span class=\"versanumer\">2<\/span><\/a>\u00de\u00e1 m\u00e6lti J\u00f3s\u00faa vi\u00f0 allan l\u00fd\u00f0inn: Svo segir Drottinn, \u00cdsraels Gu\u00f0: Forfe\u00f0ur y\u00f0ar bjuggu \u00ed fyrndinni fyrir handan Efrat, \u00feeir Tara, fa\u00f0ir Abrahams og Nahors, og d\u00fdrku\u00f0u a\u00f0ra gu\u00f0i.<a name=\"3\"><span class=\"versanumer\">3<\/span><\/a>\u00de\u00e1 t\u00f3k \u00e9g Abraham forf\u00f6\u00f0ur y\u00f0ar handan yfir Flj\u00f3ti\u00f0 og l\u00e9t hann fara fram og aftur um allt Kanaanland, og \u00e9g margfalda\u00f0i kyn hans og gaf honum \u00cdsak.<a name=\"4\"><span class=\"versanumer\">4<\/span><\/a>Og \u00cdsak gaf \u00e9g \u00fe\u00e1 Jakob og Esa\u00fa. Og Esa\u00fa gaf \u00e9g Se\u00edrfj\u00f6ll, a\u00f0 hann skyldi taka \u00feau til eignar, en Jakob og synir hans f\u00f3ru su\u00f0ur til Egyptalands.<a name=\"5\"><span class=\"versanumer\">5<\/span><\/a>S\u00ed\u00f0an sendi \u00e9g M\u00f3se og Aron og laust Egyptaland me\u00f0 undrum \u00feeim, er \u00e9g framdi \u00fear. S\u00ed\u00f0ar leiddi \u00e9g y\u00f0ur \u00fat \u00fea\u00f0an.<a name=\"6\"><span class=\"versanumer\">6<\/span><\/a>\u00c9g leiddi fe\u00f0ur y\u00f0ar \u00fat af Egyptalandi, og \u00fe\u00e9r komu\u00f0 a\u00f0 Sefhafinu. En Egyptar veittu fe\u00f0rum y\u00f0ar eftirf\u00f6r me\u00f0 v\u00f6gnum og riddurum til hafsins.<a name=\"7\"><span class=\"versanumer\">7<\/span><\/a>\u00de\u00e1 hr\u00f3pu\u00f0u \u00feeir til Drottins, og \u00e9g setti myrkur milli y\u00f0ar og Egypta, og l\u00e9t hafi\u00f0 falla yfir \u00fe\u00e1, svo a\u00f0 \u00fea\u00f0 huldi \u00fe\u00e1. Og \u00fe\u00e9r s\u00e1u\u00f0 me\u00f0 eigin augum, hvernig \u00e9g f\u00f3r me\u00f0 Egypta. Eftir \u00fea\u00f0 dv\u00f6ldu\u00f0 \u00fe\u00e9r langa hr\u00ed\u00f0 \u00ed ey\u00f0im\u00f6rkinni.<a name=\"8\"><span class=\"versanumer\">8<\/span><\/a>S\u00ed\u00f0an leiddi \u00e9g y\u00f0ur inn \u00ed land Amor\u00edta, sem bjuggu hinumegin J\u00f3rdanar, og \u00feeir b\u00f6r\u00f0ust vi\u00f0 y\u00f0ur, en \u00e9g gaf \u00fe\u00e1 \u00ed hendur y\u00f0ur, og \u00fe\u00e9r t\u00f3ku\u00f0 land \u00feeirra til eignar, og \u00e9g eyddi \u00feeim fyrir y\u00f0ur.<a name=\"9\"><span class=\"versanumer\">9<\/span><\/a>\u00de\u00e1 reis upp Balak Sipp\u00f3rsson, konungur \u00ed M\u00f3ab, og bar\u00f0ist vi\u00f0 \u00cdsrael. Sendi hann \u00fe\u00e1 og l\u00e9t kalla B\u00edleam Be\u00f3rsson til \u00feess a\u00f0 b\u00f6lva y\u00f0ur.<a name=\"10\"><span class=\"versanumer\">10<\/span><\/a>En \u00e9g vildi ekki heyra B\u00edleam, og hann blessa\u00f0i y\u00f0ur \u00fevert \u00e1 m\u00f3ti. Frelsa\u00f0i \u00e9g y\u00f0ur \u00feannig \u00far h\u00f6ndum hans.<a name=\"11\"><span class=\"versanumer\">11<\/span><\/a>\u00de\u00e1 f\u00f3ru\u00f0 \u00fe\u00e9r yfir J\u00f3rdan og komu\u00f0 til Jer\u00edk\u00f3. Og Jer\u00edk\u00f3b\u00faar b\u00f6r\u00f0ust vi\u00f0 y\u00f0ur, \u00feeir Amor\u00edtar, Peres\u00edtar, Kanaan\u00edtar, Het\u00edtar, Girgas\u00edtar, Hev\u00edtar og Jeb\u00fas\u00edtar, en \u00e9g gaf \u00fe\u00e1 \u00ed y\u00f0ar hendur.<a name=\"12\"><span class=\"versanumer\">12<\/span><\/a>\u00de\u00e1 sendi \u00e9g skelfingu \u00e1 undan y\u00f0ur, og st\u00f6kkti Amor\u00edtakonungunum tveimur burt undan y\u00f0ur, en hvorki kom sver\u00f0 \u00feitt n\u00e9 bogi \u00feinn \u00feessu til lei\u00f0ar.<a name=\"13\"><span class=\"versanumer\">13<\/span><\/a>\u00c9g gaf y\u00f0ur land, sem \u00fe\u00e9r ekkert h\u00f6f\u00f0u\u00f0 fyrir haft, og borgir, sem \u00fe\u00e9r h\u00f6f\u00f0u\u00f0 ekki reist, en t\u00f3ku\u00f0 y\u00f0ur samt b\u00f3lfestu \u00ed \u00feeim, og v\u00edngar\u00f0a og ol\u00edutr\u00e9, sem \u00fe\u00e9r hafi\u00f0 ekki gr\u00f3\u00f0ursett, en nj\u00f3ti\u00f0 n\u00fa \u00e1vaxta \u00feeirra.<a name=\"14\"><span class=\"versanumer\">14<\/span><\/a>\u00d3ttist \u00fev\u00ed Drottin og \u00fej\u00f3ni\u00f0 honum einl\u00e6glega og dyggilega, og kasti\u00f0 burt gu\u00f0um \u00feeim, er fe\u00f0ur y\u00f0ar \u00fej\u00f3nu\u00f0u fyrir handan Flj\u00f3ti\u00f0 og \u00ed Egyptalandi, og \u00fej\u00f3ni\u00f0 Drottni.<a name=\"15\"><span class=\"versanumer\">15<\/span><\/a>En l\u00edki y\u00f0ur ekki a\u00f0 \u00fej\u00f3na Drottni, kj\u00f3si\u00f0 \u00fe\u00e1 \u00ed dag, hverjum \u00fe\u00e9r vilji\u00f0 \u00fej\u00f3na, hvort heldur gu\u00f0um \u00feeim, er fe\u00f0ur y\u00f0ar \u00fej\u00f3nu\u00f0u, \u00feeir er bjuggu fyrir handan Flj\u00f3ti\u00f0, e\u00f0a gu\u00f0um Amor\u00edta, hverra land \u00fe\u00e9r n\u00fa byggi\u00f0. En \u00e9g og m\u00ednir \u00e6ttmenn munum \u00fej\u00f3na Drottni.<a name=\"16\"><span class=\"versanumer\">16<\/span><\/a>\u00de\u00e1 svara\u00f0i l\u00fd\u00f0urinn og sag\u00f0i: Fjarri s\u00e9 \u00fea\u00f0 oss a\u00f0 yfirgefa Drottin og \u00fej\u00f3na \u00f6\u00f0rum gu\u00f0um.<a name=\"17\"><span class=\"versanumer\">17<\/span><\/a>\u00dev\u00ed a\u00f0 Drottinn er vor Gu\u00f0, hann sem leitt hefir oss og fe\u00f0ur vora af Egyptalandi, \u00far \u00fer\u00e6lah\u00fasinu, og gj\u00f6rt hefir \u00feessi miklu undur a\u00f0 oss \u00e1sj\u00e1andi og var\u00f0veitt oss \u00e1 allri \u00feeirri lei\u00f0, sem v\u00e9r h\u00f6fum n\u00fa fari\u00f0, og me\u00f0al allra \u00feeirra \u00fej\u00f3\u00f0a, \u00fear sem v\u00e9r h\u00f6fum lagt um lei\u00f0 vora.<a name=\"18\"><span class=\"versanumer\">18<\/span><\/a>Og Drottinn st\u00f6kkti burt undan oss \u00f6llum \u00fej\u00f3\u00f0unum og Amor\u00edtum, \u00edb\u00faum landsins. V\u00e9r viljum einnig \u00fej\u00f3na Drottni, \u00fev\u00ed a\u00f0 hann er vor Gu\u00f0!<a name=\"19\"><span class=\"versanumer\">19<\/span><\/a>J\u00f3s\u00faa sag\u00f0i \u00fe\u00e1 vi\u00f0 l\u00fd\u00f0inn: \u00de\u00e9r geti\u00f0 ekki \u00fej\u00f3na\u00f0 Drottni, \u00fev\u00ed a\u00f0 hann er heilagur Gu\u00f0. Vandl\u00e1tur Gu\u00f0 er hann. Hann mun ekki umbera misgj\u00f6r\u00f0ir y\u00f0ar og syndir.<a name=\"20\"><span class=\"versanumer\">20<\/span><\/a>Ef \u00fe\u00e9r yfirgefi\u00f0 Drottin og \u00fej\u00f3ni\u00f0 \u00fatlendum gu\u00f0um, \u00fe\u00e1 mun hann sn\u00faast gegn y\u00f0ur og l\u00e1ta illt yfir y\u00f0ur koma og tort\u00edma y\u00f0ur, \u00ed sta\u00f0 \u00feess a\u00f0 hann \u00e1\u00f0ur hefir gj\u00f6rt vel til y\u00f0ar.<a name=\"21\"><span class=\"versanumer\">21<\/span><\/a>\u00de\u00e1 sag\u00f0i l\u00fd\u00f0urinn vi\u00f0 J\u00f3s\u00faa: Nei, \u00fev\u00ed a\u00f0 Drottni viljum v\u00e9r \u00fej\u00f3na.<a name=\"22\"><span class=\"versanumer\">22<\/span><\/a>\u00de\u00e1 sag\u00f0i J\u00f3s\u00faa vi\u00f0 l\u00fd\u00f0inn: \u00de\u00e9r eru\u00f0 vottar a\u00f0 \u00fev\u00ed gegn sj\u00e1lfum y\u00f0ur, a\u00f0 \u00fe\u00e9r hafi\u00f0 kosi\u00f0 a\u00f0 \u00fej\u00f3na Drottni. \u00deeir s\u00f6g\u00f0u: V\u00e9r erum \u00fea\u00f0.<a name=\"23\"><span class=\"versanumer\">23<\/span><\/a>J\u00f3s\u00faa sag\u00f0i: Kasti\u00f0 n\u00fa burt \u00fatlendu gu\u00f0unum, sem hj\u00e1 y\u00f0ur eru, og hneigi\u00f0 hj\u00f6rtu y\u00f0ar til Drottins, \u00cdsraels Gu\u00f0s.<a name=\"24\"><span class=\"versanumer\">24<\/span><\/a>L\u00fd\u00f0urinn sag\u00f0i vi\u00f0 J\u00f3s\u00faa: Drottni Gu\u00f0i vorum viljum v\u00e9r \u00fej\u00f3na og hl\u00fd\u00f0a hans r\u00f6ddu.<a name=\"25\"><span class=\"versanumer\">25<\/span><\/a>\u00c1 \u00feeim degi gj\u00f6r\u00f0i J\u00f3s\u00faa s\u00e1ttm\u00e1la vi\u00f0 l\u00fd\u00f0inn og setti honum l\u00f6g og r\u00e9tt \u00fear \u00ed S\u00edkem.<a name=\"26\"><span class=\"versanumer\">26<\/span><\/a>Og J\u00f3s\u00faa rita\u00f0i \u00feessi or\u00f0 \u00ed l\u00f6gm\u00e1lsb\u00f3k Gu\u00f0s, t\u00f3k \u00fev\u00ed n\u00e6st stein mikinn og reisti hann \u00fear upp undir eikinni, sem st\u00f3\u00f0 \u00ed helgid\u00f3mi Drottins.<a name=\"27\"><span class=\"versanumer\">27<\/span><\/a>Og J\u00f3s\u00faa sag\u00f0i vi\u00f0 allan l\u00fd\u00f0inn: Sj\u00e1, steinn \u00feessi skal vera vitni gegn oss, \u00fev\u00ed a\u00f0 hann hefir heyrt \u00f6ll or\u00f0in, sem Drottinn hefir vi\u00f0 oss tala\u00f0, og hann skal vera vitni gegn y\u00f0ur, til \u00feess a\u00f0 \u00fe\u00e9r afneiti\u00f0 ekki Gu\u00f0i y\u00f0ar.<a name=\"28\"><span class=\"versanumer\">28<\/span><\/a>S\u00ed\u00f0an l\u00e9t J\u00f3s\u00faa f\u00f3lki\u00f0 fara, hvern til s\u00edns \u00f3\u00f0als.<a name=\"29\"><span class=\"versanumer\">29<\/span><\/a>Eftir \u00feessa atbur\u00f0i anda\u00f0ist J\u00f3s\u00faa N\u00fansson, \u00fej\u00f3nn Drottins, hundra\u00f0 og t\u00edu \u00e1ra gamall,<a name=\"30\"><span class=\"versanumer\">30<\/span><\/a>og var hann grafinn \u00ed eignarlandi s\u00ednu, hj\u00e1 Timnat Sera, sem liggur \u00e1 Efra\u00edmfj\u00f6llum, fyrir nor\u00f0an Gaasfjall.<a name=\"31\"><span class=\"versanumer\">31<\/span><\/a>\u00cdsrael \u00fej\u00f3na\u00f0i Drottni me\u00f0an J\u00f3s\u00faa var \u00e1 l\u00edfi og \u00f6ldungar \u00feeir, er lif\u00f0u J\u00f3s\u00faa og \u00feekktu \u00f6ll \u00feau verk, er Drottinn haf\u00f0i gj\u00f6rt fyrir \u00cdsrael.<a name=\"32\"><span class=\"versanumer\">32<\/span><\/a>Bein J\u00f3sefs, sem \u00cdsraelsmenn h\u00f6f\u00f0u haft me\u00f0 s\u00e9r sunnan af Egyptalandi, gr\u00f3fu \u00feeir \u00ed S\u00edkem, \u00ed landspildu \u00feeirri, sem Jakob haf\u00f0i keypt af sonum Hemors, f\u00f6\u00f0ur S\u00edkems, fyrir hundra\u00f0 kes\u00edta, og var\u00f0 h\u00fan eign J\u00f3sefs sona.<a name=\"33\"><span class=\"versanumer\">33<\/span><\/a>Eleasar, sonur Arons, anda\u00f0ist og var grafinn \u00ed G\u00edbeu, er \u00e1tti P\u00ednehas sonur hans og honum haf\u00f0i gefin veri\u00f0 \u00e1 Efra\u00edmfj\u00f6llum.<\/p>\n<div class=\"footnote1981\"><b>24.1-28<\/b> S\u00e1ttm\u00e1li 2M\u00f3s 24.1+<br \/>\n<b>24.1<\/b> \u00c6ttb\u00e1lkunum stefnt saman J\u00f3s 23.2 \u2013 fyrir augliti Gu\u00f0s 5M\u00f3s 29.9 \u2013 S\u00edkem J\u00f3s 17.7; 20.7<br \/>\n<b>24.2<\/b> Tara, fa\u00f0ir Abrahams og Nahors 1M\u00f3s 11.26-27 \u2013 a\u00f0rir gu\u00f0ir 1M\u00f3s 31.19; 35.2-4, sbr 2M\u00f3s 20.3+<br \/>\n<b>24.3-13<\/b> Hj\u00e1lpr\u00e6\u00f0issagan J\u00f3s 2.9-10; 24.17-18; 2M\u00f3s 6.2-8; 4M\u00f3s 20.15-16; 5M\u00f3s 4.37-38; 6.21-24; 26.5-9; 29.2-8; D\u00f3m 6.8-9; Jes 63.7-14; Jer 32.20-23; Esk 20.5-29; H\u00f3s 13.4-6; Am 2.9-10; M\u00edk 6.4-5; Slm 78.12-72; 81.6-13; 105.8-45; 106.7-46; 114.1-8; 135.4-12; 136.10-24; J\u00fadt 5.5-19; 1Makk 2.52-60; SSal 10.1-11.4; 13.17-25; Heb 11.3-40<br \/>\n<b>24.3<\/b> \u00c9g s\u00f3tti Abraham 1M\u00f3s 12.1; Post 7.2-3 \u2013 ni\u00f0jar Abrahams 1M\u00f3s 12.7, 13.15-16; 15.2-5; 17.4-8,19; 18.14, 21.1-3<br \/>\n<b>24.4<\/b> Jakab og Esa\u00fa 1M\u00f3s 25.19-28 \u2013 Se\u00edrfjalllendi\u00f0l 1M\u00f3s 33.14,16; 36.6-8; 5M\u00f3s 2.4 \u2013 Jakob og synir hans \u00ed Egyptalandi 1M\u00f3s 46.1-47.12; 2M\u00f3s 1.1-7<br \/>\n<b>24.5<\/b> M\u00f3se og Aron 2M\u00f3s 4.14-16; 7.1-13, Slm 105.26 \u2013 pl\u00e1gurnar 2M\u00f3s 7.14-12.36<br \/>\n<b>24.6<\/b> \u00dat \u00far Egyptalandi 2M\u00f3s 12.41 \u2013 a\u00f0 hafinu J\u00f3s 2.10; 4.23; 2M\u00f3s 14.9<br \/>\n<b>24.7<\/b> Hr\u00f3pu\u00f0u til Drottins 2M\u00f3s 14.10-31 \u2013 \u00fei\u00f0 s\u00e1u\u00f0 J\u00f3s 23.3+ &#8211; \u00ed ey\u00f0im\u00f6rkinni 2M\u00f3s 15.22; 4M\u00f3s 14.26-38; J\u00f3s 5.6<br \/>\n<b>24.8<\/b> Til lands Amor\u00edta J\u00f3s 2.10; 9.10; 5M\u00f3s 2.24-3.11<br \/>\n<b>24.9<\/b> Balak 4M\u00f3s 22.2-24.25 \u2013 B\u00edleam 4M\u00f3s 22.5+<br \/>\n<b>24.11<\/b> Yfir J\u00f3rdan J\u00f3s 3-4 \u2013 Jer\u00edk\u00f3 J\u00f3s 6 \u2013 Amor\u00edtar, Pers\u00edtar J\u00f3s 3.10<br \/>\n<b>24.12<\/b> Skelfing 2M\u00f3s 23.28+ &#8211; tveir konungar Amor\u00edta 4M\u00f3s 21.21-35: 5M\u00f3s 2.24-3.7 \u2013 hvorki sver\u00f0 n\u00e9 bogi H\u00f3s 1.7+ ; Slm 44.7; sbr J\u00f3s 23.9-10<br \/>\n<b>24.13<\/b> H\u00f6f\u00f0u\u00f0 ekkert fyrir 5M\u00f3s 6.10-13; Neh 9.25<br \/>\n<b>24.14<\/b> \u00d3ttist Drottin 5M\u00f3s 10.12; sbr J\u00f3s 22.5; 23.11,14 \u2013 kasti\u00f0 burt 1M\u00f3s 35.2-4; 1Sam 7.3 \u2013 gu\u00f0unum sem &#8230; Esk 20.7-8; 23.3<br \/>\n<b>24.15<\/b> Gu\u00f0ir Amor\u00edta D\u00f3m 6.10; sbr 3M\u00f3s 18.3<br \/>\n<b>24.16<\/b> \u00dea\u00f0 s\u00e9 fjarri okkur J\u00f3s 22.29+<br \/>\n<b>24.17<\/b> \u00der\u00e6lah\u00fasi\u00f0 5M\u00f3s 5.6+ &#8211; miklu t\u00e1kn 4M\u00f3s 14.11; 5M\u00f3s 6.22 \u2013 \u00e1 allri \u00feeirri vegfer\u00f0 5M\u00f3s 8.15-16<br \/>\n<b>24.18<\/b> Hann er Gu\u00f0 okkar 5M\u00f3s 6.4,13; 10.21; 1Kon 18.39<br \/>\n<b>24.19<\/b> Heilagur Gu\u00f0 3M\u00f3s 19.2; Jes 6.3 \u2013 afbr\u00fd\u00f0isamur 2M\u00f3s 20.5+ ; Nah 1.2 \u2013 fyrirgefur ekki afbrot J\u00f3s 23.16; 2M\u00f3s 23.21; Nah 1.2-3<br \/>\n<b>24.20<\/b> B\u00f6lvun \u00e1 eftir blessun J\u00f3s 23.15; 5M\u00f3s 4.25-26; 28.63<br \/>\n<b>24.21<\/b> Svar f\u00f3lksins 2M\u00f3s 24.3,7<br \/>\n<b>24.23<\/b> Kasti\u00f0 fr\u00e1 ykkur framandi gu\u00f0um v.14+<br \/>\n<b>24.25<\/b> S\u00e1ttm\u00e1li 5M\u00f3s 29.12-13; Neh 10.1 \u2013 l\u00f6g og r\u00e9ttur 2M\u00f3s 15.25+<br \/>\n<b>24.26<\/b> L\u00f6gb\u00f3k Gu\u00f0s 5M\u00f3s 28.61+ ; Neh 8.18; 9.3; 2Kro 17.9 \u2013 mikill steinn 1M\u00f3s 31.45,51,52 \u2013 eikin \u00ed S\u00edkem 1M\u00f3s 12.6; 35.4; D\u00f3m 9.6,37<br \/>\n<b>24.27<\/b> Steinn til vitnis J\u00f3s 22.28,34; 1M\u00f3s 31.48,52; 5M\u00f3s 31.26 \u2013 afneita Drottni Jes 59.13; Jer 5.12<br \/>\n<b>24.28<\/b> Hvern til s\u00edns erf\u00f0alands D\u00f3m 2.6<br \/>\n<b>24.29<\/b> J\u00f3s\u00faa N\u00fansson J\u00f3s 1.1 \u2013 d\u00f3 D\u00f3m 1.1; 2.8-10<br \/>\n<b>24.30<\/b> Timnat Sera J\u00f3s 19.50+ &#8211; fjalllendi Efra\u00edm J\u00f3s 17.15+<br \/>\n<b>24.31<\/b> \u00deeir er lif\u00f0u J\u00f3s\u00faa D\u00f3m 2.7<br \/>\n<b>24.32<\/b> Bein J\u00f3sefs 1M\u00f3s 50.25; 2M\u00f3s 13.19; S\u00edr 49.15; Heb 11.22 \u2013 \u00cd S\u00edkem 1M\u00f3s 33.19<br \/>\n<b>24.33<\/b> Eleasar J\u00f3s 14.1+ &#8211; \u00ed Efra\u00edmfjalllendinu v.30+<\/div>\n","protected":false},"excerpt":{"rendered":"<p>1J\u00f3s\u00faa stefndi saman \u00f6llum \u00e6ttkv\u00edslum \u00cdsraels \u00ed S\u00edkem og kalla\u00f0i fyrir sig \u00f6ldunga \u00cdsraels og h\u00f6f\u00f0ingja hans, d\u00f3mendur hans og tilsj\u00f3narmenn, og \u00feeir gengu fram fyrir auglit Gu\u00f0s.2\u00de\u00e1 m\u00e6lti J\u00f3s\u00faa vi\u00f0 allan l\u00fd\u00f0inn: Svo segir Drottinn, \u00cdsraels Gu\u00f0: Forfe\u00f0ur y\u00f0ar bjuggu \u00ed fyrndinni fyrir handan Efrat, \u00feeir Tara, fa\u00f0ir Abrahams og Nahors, og d\u00fdrku\u00f0u a\u00f0ra gu\u00f0i.3\u00de\u00e1 t\u00f3k \u00e9g Abraham forf\u00f6\u00f0ur y\u00f0ar handan yfir Flj\u00f3ti\u00f0 og l\u00e9t hann fara fram og aftur um allt Kanaanland, og \u00e9g margfalda\u00f0i kyn hans og gaf honum \u00cdsak.4Og \u00cdsak gaf \u00e9g \u00fe\u00e1 Jakob og Esa\u00fa. Og Esa\u00fa gaf \u00e9g Se\u00edrfj\u00f6ll, a\u00f0 hann skyldi taka \u00feau <a href=\"https:\/\/biblian.is\/1981\/josuabok-24-kafli\/\"> [&#8230;]<\/a><\/p>\n","protected":false},"author":1,"featured_media":0,"parent":0,"menu_order":0,"comment_status":"open","ping_status":"open","template":"bibliukaflar.php","meta":{"footnotes":""},"class_list":["post-1557","page","type-page","status-publish","hentry"],"_links":{"self":[{"href":"https:\/\/biblian.is\/1981\/wp-json\/wp\/v2\/pages\/1557","targetHints":{"allow":["GET"]}}],"collection":[{"href":"https:\/\/biblian.is\/1981\/wp-json\/wp\/v2\/pages"}],"about":[{"href":"https:\/\/biblian.is\/1981\/wp-json\/wp\/v2\/types\/page"}],"author":[{"embeddable":true,"href":"https:\/\/biblian.is\/1981\/wp-json\/wp\/v2\/users\/1"}],"replies":[{"embeddable":true,"href":"https:\/\/biblian.is\/1981\/wp-json\/wp\/v2\/comments?post=1557"}],"version-history":[{"count":0,"href":"https:\/\/biblian.is\/1981\/wp-json\/wp\/v2\/pages\/1557\/revisions"}],"wp:attachment":[{"href":"https:\/\/biblian.is\/1981\/wp-json\/wp\/v2\/media?parent=1557"}],"curies":[{"name":"wp","href":"https:\/\/api.w.org\/{rel}","templated":true}]}}