{"id":1556,"date":"2017-11-18T20:17:45","date_gmt":"2017-11-18T20:17:45","guid":{"rendered":"http:\/\/biblian.is\/1981\/josuabok-23-kafli\/"},"modified":"2017-11-18T20:17:45","modified_gmt":"2017-11-18T20:17:45","slug":"josuabok-23-kafli","status":"publish","type":"page","link":"https:\/\/biblian.is\/1981\/josuabok-23-kafli\/","title":{"rendered":"J\u00f3s\u00faab\u00f3k 23. kafli"},"content":{"rendered":"<p><a name=\"1\"><span class=\"versanumer\">1<\/span><\/a>L\u00f6ngum t\u00edma eftir \u00feetta, \u00fe\u00e1 er Drottinn haf\u00f0i veitt \u00cdsrael fri\u00f0 fyrir \u00f6llum \u00f3vinum \u00feeirra hringinn \u00ed kring, og J\u00f3s\u00faa var or\u00f0inn gamall og hniginn a\u00f0 aldri,<a name=\"2\"><span class=\"versanumer\">2<\/span><\/a>\u00fe\u00e1 kalla\u00f0i J\u00f3s\u00faa saman allan \u00cdsrael, \u00f6ldunga hans og h\u00f6f\u00f0ingja, d\u00f3mendur hans og tilsj\u00f3narmenn og sag\u00f0i vi\u00f0 \u00fe\u00e1: \u00c9g gj\u00f6rist n\u00fa gamall og aldurhniginn.<a name=\"3\"><span class=\"versanumer\">3<\/span><\/a>\u00de\u00e9r hafi\u00f0 sj\u00e1lfir s\u00e9\u00f0 allt \u00fea\u00f0, sem Drottinn Gu\u00f0 y\u00f0ar, hefir gj\u00f6rt \u00f6llum \u00feessum \u00fej\u00f3\u00f0um y\u00f0ar vegna, \u00fev\u00ed a\u00f0 Drottinn Gu\u00f0 y\u00f0ar hefir sj\u00e1lfur barist fyrir y\u00f0ur.<a name=\"4\"><span class=\"versanumer\">4<\/span><\/a>Sj\u00e1i\u00f0, me\u00f0 hlutkesti hefi \u00e9g \u00fathluta\u00f0 y\u00f0ur til handa l\u00f6ndum \u00feessara \u00fej\u00f3\u00f0a, sem enn eru eftir, \u00e6ttkv\u00edslum y\u00f0ar til eignar, og l\u00f6ndum \u00fej\u00f3\u00f0anna, sem \u00e9g hefi eytt, allt fr\u00e1 J\u00f3rdan til hafsins mikla gegnt s\u00f3lar setri.<a name=\"5\"><span class=\"versanumer\">5<\/span><\/a>Og Drottinn Gu\u00f0 y\u00f0ar mun sj\u00e1lfur reka \u00fe\u00e1 burt fr\u00e1 y\u00f0ur og st\u00f6kkva \u00feeim undan y\u00f0ur, og \u00fe\u00e9r munu\u00f0 f\u00e1 land \u00feeirra til eignar, eins og Drottinn Gu\u00f0 y\u00f0ar hefir heiti\u00f0 y\u00f0ur.<a name=\"6\"><span class=\"versanumer\">6<\/span><\/a>Reynist n\u00fa mj\u00f6g sta\u00f0fastir \u00ed \u00fev\u00ed a\u00f0 halda og gj\u00f6ra allt \u00fea\u00f0, sem rita\u00f0 er \u00ed l\u00f6gm\u00e1lsb\u00f3k M\u00f3se, \u00e1n \u00feess a\u00f0 v\u00edkja fr\u00e1 \u00fev\u00ed til h\u00e6gri n\u00e9 vinstri,<a name=\"7\"><span class=\"versanumer\">7<\/span><\/a>svo a\u00f0 \u00fe\u00e9r blandist eigi vi\u00f0 \u00feessar \u00fej\u00f3\u00f0ir, sem enn eru eftir hj\u00e1 y\u00f0ur. Nefni\u00f0 eigi gu\u00f0i \u00feeirra \u00e1 nafn, sverji\u00f0 eigi vi\u00f0 \u00fe\u00e1, \u00fej\u00f3ni\u00f0 \u00feeim eigi og falli\u00f0 eigi fram fyrir \u00feeim,<a name=\"8\"><span class=\"versanumer\">8<\/span><\/a>heldur haldi\u00f0 y\u00f0ur fast vi\u00f0 Drottin Gu\u00f0 y\u00f0ar, eins og \u00fe\u00e9r hafi\u00f0 gj\u00f6rt fram \u00e1 \u00feennan dag.<a name=\"9\"><span class=\"versanumer\">9<\/span><\/a>Fyrir \u00fev\u00ed st\u00f6kkti Drottinn undan y\u00f0ur miklum og voldugum \u00fej\u00f3\u00f0um, og enginn hefir geta\u00f0 sta\u00f0ist fyrir y\u00f0ur fram \u00e1 \u00feennan dag.<a name=\"10\"><span class=\"versanumer\">10<\/span><\/a>Einn y\u00f0ar elti \u00fe\u00fasund, \u00fev\u00ed a\u00f0 Drottinn Gu\u00f0 y\u00f0ar bar\u00f0ist sj\u00e1lfur fyrir y\u00f0ur, eins og hann hefir heiti\u00f0 y\u00f0ur.<a name=\"11\"><span class=\"versanumer\">11<\/span><\/a>G\u00e6ti\u00f0 \u00feess \u00fev\u00ed vandlega l\u00edf y\u00f0ar liggur vi\u00f0 a\u00f0 elska Drottin Gu\u00f0 y\u00f0ar.<a name=\"12\"><span class=\"versanumer\">12<\/span><\/a>\u00dev\u00ed ef \u00fe\u00e9r gj\u00f6rist fr\u00e1hverfir og samlagi\u00f0 y\u00f0ur leifum \u00fej\u00f3\u00f0a \u00feessara, sem enn eru eftir hj\u00e1 y\u00f0ur, m\u00e6gist vi\u00f0 \u00fe\u00e6r og blandist vi\u00f0 \u00fe\u00e6r, og \u00fe\u00e6r vi\u00f0 y\u00f0ur,<a name=\"13\"><span class=\"versanumer\">13<\/span><\/a>\u00fe\u00e1 viti\u00f0 fyrir v\u00edst, a\u00f0 Drottinn Gu\u00f0 y\u00f0ar mun eigi halda \u00e1fram a\u00f0 st\u00f6kkva \u00feessum \u00fej\u00f3\u00f0um burt undan y\u00f0ur, heldur munu \u00fe\u00e6r ver\u00f0a y\u00f0ur snara og f\u00f3takefli, svipa \u00e1 s\u00ed\u00f0ur y\u00f0ar og \u00feyrnar \u00ed augum y\u00f0ar, uns \u00fe\u00e9r eru\u00f0 afm\u00e1\u00f0ir \u00far \u00feessu g\u00f3\u00f0a landi, sem Drottinn Gu\u00f0 y\u00f0ar hefir gefi\u00f0 y\u00f0ur.<a name=\"14\"><span class=\"versanumer\">14<\/span><\/a>Sj\u00e1, \u00e9g geng n\u00fa veg allrar veraldar, en \u00fe\u00e9r skulu\u00f0 vita af \u00f6llu hjarta y\u00f0ar og af allri s\u00e1lu y\u00f0ar, a\u00f0 ekkert hefir brug\u00f0ist af \u00f6llum \u00feeim fyrirheitum, er Drottinn Gu\u00f0 y\u00f0ar hefir gefi\u00f0 y\u00f0ur. \u00d6ll hafa \u00feau r\u00e6tst, ekkert af \u00feeim hefir brug\u00f0ist.<a name=\"15\"><span class=\"versanumer\">15<\/span><\/a>En eins og \u00f6ll \u00feau fyrirheit, sem Drottinn Gu\u00f0 y\u00f0ar hefir gefi\u00f0 y\u00f0ur, hafa r\u00e6tst \u00e1 y\u00f0ur, eins mun Drottinn l\u00e1ta allar h\u00f3tanir s\u00ednar r\u00e6tast \u00e1 y\u00f0ur, uns hann hefir gj\u00f6reytt y\u00f0ur \u00far \u00feessu g\u00f3\u00f0a landi, sem Drottinn Gu\u00f0 y\u00f0ar hefir gefi\u00f0 y\u00f0ur.<a name=\"16\"><span class=\"versanumer\">16<\/span><\/a>Ef \u00fe\u00e9r rj\u00fafi\u00f0 s\u00e1ttm\u00e1la Drottins Gu\u00f0s y\u00f0ar, \u00feann er hann fyrir y\u00f0ur lag\u00f0i, og fari\u00f0 og \u00fej\u00f3ni\u00f0 \u00f6\u00f0rum gu\u00f0um og falli\u00f0 fram fyrir \u00feeim, \u00fe\u00e1 mun rei\u00f0i Drottins upptendrast \u00ed gegn y\u00f0ur, og \u00fe\u00e9r munu\u00f0 flj\u00f3tt hverfa \u00far landinu g\u00f3\u00f0a, sem hann hefir gefi\u00f0 y\u00f0ur.<\/p>\n<div class=\"footnote1981\"><b>23.1<\/b> Fri\u00f0ur J\u00f3s 1.13+ &#8211; J\u00f3s\u00faa or\u00f0inn gamall J\u00f3s 13.1<br \/>\n<b>23.2<\/b> \u00d6ldungar og h\u00f6f\u00f0ingjar kalla\u00f0ir saman J\u00f3s 24.1; sbr 8.33<br \/>\n<b>23.3<\/b> \u00dei\u00f0 hafi\u00f0 s\u00e9\u00f0 5M\u00f3s 4.34; 7.19; 10.21; 11.2-7; 29.1 \u2013 gj\u00f6r\u00f0ir Drottins 5M\u00f3s 7.18 \u2013 bar\u00f0ist fyrir ykkur J\u00f3s 10.14+ ; 5M\u00f3s 3.22+ ; 7.20-24<br \/>\n<b>23.4<\/b> Me\u00f0 hlutkesti J\u00f3s 14.1-2; 18.10 \u2013 enn land eftir J\u00f3s 13.1-2 \u2013 \u00fej\u00f3\u00f0a sem \u00e9g \u00fatr\u00fdmdi J\u00f3s 12.1,7-8 \u2013 hafi\u00f0 mikla J\u00f3s 1.4<br \/>\n<b>23.5<\/b> Drottinn rekur \u00fe\u00e1 burt 5M\u00f3s 6.19; 9.4 \u2013 hrekja \u00far vegi J\u00f3s 13.6; 5M\u00f3s 4.38+ &#8211; Drottinn gefur landi\u00f0 2M\u00f3s 23.27-31; 34.11; 4M\u00f3s 33.53; 5M\u00f3s 11.23<br \/>\n<b>23.6<\/b> Veri\u00f0 einbeittir J\u00f3s 1.6,9,18; 1Kor 16.13 \u2013 l\u00f6gb\u00f3k M\u00f3se J\u00f3s 1.7; 8.31 \u2013 v\u00edki\u00f0 ekki fr\u00e1 5M\u00f3s 5.32+<br \/>\n<b>23.7<\/b> \u00c1kalli\u00f0 ekki gu\u00f0i \u00feeirra 2M\u00f3s 23.13 \u2013 sverji\u00f0 ekki vi\u00f0 \u00fe\u00e1 Jer 5.7 \u2013 falli\u00f0 ekki fram Sef 1.5; 5M\u00f3s 8.19; 11.16<br \/>\n<b>23.8<\/b> Halda s\u00e9r fast vi\u00f0 Drottin J\u00f3s 22.5; 5M\u00f3s 10.20+<br \/>\n<b>23.9<\/b> Miklar og volduguar \u00fej\u00f3\u00f0ir 5M\u00f3s 4.38; 9.1; 11.23<br \/>\n<b>23.10<\/b> \u00d3sigrandi 3M\u00f3s 26.8; 5M\u00f3s 32.30<br \/>\n<b>23.11<\/b> Elska Drottin 5M\u00f3s 5.10+<br \/>\n<b>23.12<\/b> M\u00e6gist \u00feeim ekki 2M\u00f3s 34.16; 5M\u00f3s 7.3<br \/>\n<b>23.13<\/b> T\u00e1lsnara 2M\u00f3s 23.33+ &#8211; \u00feyrnir \u00ed augum 4M\u00f3s 33.55 \u2013 \u00fear til ykkur ver\u00f0ir \u00fatr\u00fdmt 5M\u00f3s 4.26; 8.19; 11.17; 28.20<br \/>\n<b>23.14<\/b> Veg allrar veraldar 1Kon 2.2 \u2013 af \u00f6llu hjarta 5M\u00f3s 4.29+ &#8211; allt r\u00e6st J\u00f3s 21.45+<br \/>\n<b>23.15<\/b> H\u00f3tanir Drottins r\u00e6tast 5M\u00f3s 28.15-68<br \/>\n<b>23.16<\/b> Sni\u00f0ganga s\u00e1ttm\u00e1la J\u00f3s 7.15 \u2013 a\u00f0rir gu\u00f0ir 2M\u00f3s 20.3+ &#8211; rei\u00f0i Drottins 3M\u00f3s 10.6+ &#8211; \u00fei\u00f0 munu\u00f0 hverfa 5M\u00f3s 4.26+<\/div>\n","protected":false},"excerpt":{"rendered":"<p>1L\u00f6ngum t\u00edma eftir \u00feetta, \u00fe\u00e1 er Drottinn haf\u00f0i veitt \u00cdsrael fri\u00f0 fyrir \u00f6llum \u00f3vinum \u00feeirra hringinn \u00ed kring, og J\u00f3s\u00faa var or\u00f0inn gamall og hniginn a\u00f0 aldri,2\u00fe\u00e1 kalla\u00f0i J\u00f3s\u00faa saman allan \u00cdsrael, \u00f6ldunga hans og h\u00f6f\u00f0ingja, d\u00f3mendur hans og tilsj\u00f3narmenn og sag\u00f0i vi\u00f0 \u00fe\u00e1: \u00c9g gj\u00f6rist n\u00fa gamall og aldurhniginn.3\u00de\u00e9r hafi\u00f0 sj\u00e1lfir s\u00e9\u00f0 allt \u00fea\u00f0, sem Drottinn Gu\u00f0 y\u00f0ar, hefir gj\u00f6rt \u00f6llum \u00feessum \u00fej\u00f3\u00f0um y\u00f0ar vegna, \u00fev\u00ed a\u00f0 Drottinn Gu\u00f0 y\u00f0ar hefir sj\u00e1lfur barist fyrir y\u00f0ur.4Sj\u00e1i\u00f0, me\u00f0 hlutkesti hefi \u00e9g \u00fathluta\u00f0 y\u00f0ur til handa l\u00f6ndum \u00feessara \u00fej\u00f3\u00f0a, sem enn eru eftir, \u00e6ttkv\u00edslum y\u00f0ar til eignar, og l\u00f6ndum \u00fej\u00f3\u00f0anna, sem \u00e9g <a href=\"https:\/\/biblian.is\/1981\/josuabok-23-kafli\/\"> [&#8230;]<\/a><\/p>\n","protected":false},"author":1,"featured_media":0,"parent":0,"menu_order":0,"comment_status":"open","ping_status":"open","template":"bibliukaflar.php","meta":{"footnotes":""},"class_list":["post-1556","page","type-page","status-publish","hentry"],"_links":{"self":[{"href":"https:\/\/biblian.is\/1981\/wp-json\/wp\/v2\/pages\/1556","targetHints":{"allow":["GET"]}}],"collection":[{"href":"https:\/\/biblian.is\/1981\/wp-json\/wp\/v2\/pages"}],"about":[{"href":"https:\/\/biblian.is\/1981\/wp-json\/wp\/v2\/types\/page"}],"author":[{"embeddable":true,"href":"https:\/\/biblian.is\/1981\/wp-json\/wp\/v2\/users\/1"}],"replies":[{"embeddable":true,"href":"https:\/\/biblian.is\/1981\/wp-json\/wp\/v2\/comments?post=1556"}],"version-history":[{"count":0,"href":"https:\/\/biblian.is\/1981\/wp-json\/wp\/v2\/pages\/1556\/revisions"}],"wp:attachment":[{"href":"https:\/\/biblian.is\/1981\/wp-json\/wp\/v2\/media?parent=1556"}],"curies":[{"name":"wp","href":"https:\/\/api.w.org\/{rel}","templated":true}]}}