{"id":1555,"date":"2017-11-18T20:17:45","date_gmt":"2017-11-18T20:17:45","guid":{"rendered":"http:\/\/biblian.is\/1981\/josuabok-22-kafli\/"},"modified":"2017-11-18T20:17:45","modified_gmt":"2017-11-18T20:17:45","slug":"josuabok-22-kafli","status":"publish","type":"page","link":"https:\/\/biblian.is\/1981\/josuabok-22-kafli\/","title":{"rendered":"J\u00f3s\u00faab\u00f3k 22. kafli"},"content":{"rendered":"<p><a name=\"1\"><span class=\"versanumer\">1<\/span><\/a>\u00de\u00e1 kalla\u00f0i J\u00f3s\u00faa R\u00faben\u00edta, Ga\u00f0\u00edta og h\u00e1lfa kynkv\u00edsl Manasse fyrir sig<a name=\"2\"><span class=\"versanumer\">2<\/span><\/a>og sag\u00f0i vi\u00f0 \u00fe\u00e1: \u00de\u00e9r hafi\u00f0 haldi\u00f0 allt \u00fea\u00f0, sem M\u00f3se, \u00fej\u00f3nn Drottins, bau\u00f0 y\u00f0ur. \u00de\u00e9r hafi\u00f0 og hl\u00fdtt r\u00f6ddu minni \u00ed \u00f6llu \u00fev\u00ed, er \u00e9g hefi fyrir y\u00f0ur lagt.<a name=\"3\"><span class=\"versanumer\">3<\/span><\/a>\u00deennan langa t\u00edma allt fram \u00e1 \u00feennan dag hafi\u00f0 \u00fe\u00e9r fylgi veitt br\u00e6\u00f0rum y\u00f0ar og var\u00f0veitt hl\u00fd\u00f0ni vi\u00f0 bo\u00f0or\u00f0 Drottins, Gu\u00f0s y\u00f0ar.<a name=\"4\"><span class=\"versanumer\">4<\/span><\/a>En n\u00fa hefir Drottinn, Gu\u00f0 y\u00f0ar, veitt br\u00e6\u00f0rum y\u00f0ar hv\u00edld, eins og hann haf\u00f0i heiti\u00f0 \u00feeim. Sn\u00fai\u00f0 \u00fev\u00ed n\u00fa \u00e1 lei\u00f0 og fari\u00f0 til tjalda y\u00f0ar, til eignarlands y\u00f0ar, \u00feess er M\u00f3se, \u00fej\u00f3nn Drottins, gaf y\u00f0ur hinumegin J\u00f3rdanar.<a name=\"5\"><span class=\"versanumer\">5<\/span><\/a>G\u00e6ti\u00f0 \u00feess einungis, a\u00f0 \u00fe\u00e9r haldi\u00f0 vel bo\u00f0or\u00f0 \u00fea\u00f0 og l\u00f6gm\u00e1l, er M\u00f3se, \u00fej\u00f3nn Drottins, fyrir y\u00f0ur lag\u00f0i: a\u00f0 \u00fe\u00e9r elski\u00f0 Drottin Gu\u00f0 y\u00f0ar, gangi\u00f0 \u00e1vallt \u00e1 vegum hans, geymi\u00f0 bo\u00f0 hans, haldi\u00f0 y\u00f0ur fast vi\u00f0 hann og \u00fej\u00f3ni\u00f0 honum af \u00f6llu hjarta y\u00f0ar og af allri s\u00e1lu y\u00f0ar.<a name=\"6\"><span class=\"versanumer\">6<\/span><\/a>S\u00ed\u00f0an blessa\u00f0i J\u00f3s\u00faa \u00fe\u00e1 og l\u00e9t \u00fe\u00e1 burt fara, og \u00feeir h\u00e9ldu til tjalda sinna.<a name=\"7\"><span class=\"versanumer\">7<\/span><\/a>H\u00e1lfri \u00e6ttkv\u00edsl Manasse haf\u00f0i M\u00f3se gefi\u00f0 land \u00ed Basan, en hinum helmingnum haf\u00f0i J\u00f3s\u00faa gefi\u00f0 land me\u00f0 br\u00e6\u00f0rum \u00feeirra vestanmegin J\u00f3rdanar. Og \u00feegar J\u00f3s\u00faa l\u00e9t \u00fe\u00e1 burt fara til tjalda sinna, blessa\u00f0i hann \u00fe\u00e1 enn fremur<a name=\"8\"><span class=\"versanumer\">8<\/span><\/a>&#8222;og sag\u00f0i vi\u00f0 \u00fe\u00e1: Hverfi\u00f0 n\u00fa aftur til tjalda y\u00f0ar me\u00f0 mikil au\u00f0\u00e6fi, mj\u00f6g mikinn f\u00e9na\u00f0, me\u00f0 silfur og gull, eir og j\u00e1rn, og me\u00f0 mj\u00f6g miki\u00f0 af kl\u00e6\u00f0na\u00f0i; mi\u00f0li\u00f0 br\u00e6\u00f0rum y\u00f0ar nokkru af \u00fev\u00ed, er \u00fe\u00e9r hafi\u00f0 teki\u00f0 a\u00f0 herfangi af \u00f3vinum y\u00f0ar.&#8220;<a name=\"9\"><span class=\"versanumer\">9<\/span><\/a>\u00de\u00e1 sneru \u00feeir R\u00fabens synir, Ga\u00f0s synir og h\u00e1lf \u00e6ttkv\u00edsl Manasse aftur og skildu vi\u00f0 \u00cdsraelsmenn \u00ed S\u00edl\u00f3, sem er \u00ed Kanaanlandi og h\u00e9ldu til G\u00edlea\u00f0lands, eignarlands s\u00edns, \u00fear sem \u00feeir h\u00f6f\u00f0u fest bygg\u00f0 eftir bo\u00f0i Drottins, er M\u00f3se flutti.<a name=\"10\"><span class=\"versanumer\">10<\/span><\/a>Er R\u00fabens synir og Ga\u00f0s synir og h\u00e1lf \u00e6ttkv\u00edsl Manasse komu til h\u00e9ra\u00f0sins vi\u00f0 J\u00f3rdan, sem er \u00ed Kanaanlandi, reistu \u00feeir \u00fear altari vi\u00f0 J\u00f3rdan, og var \u00fea\u00f0 miki\u00f0 til a\u00f0 sj\u00e1.<a name=\"11\"><span class=\"versanumer\">11<\/span><\/a>\u00cdsraelsmenn fengu \u00fe\u00e1 svol\u00e1tandi fregn: Sj\u00e1, R\u00fabens synir og Ga\u00f0s synir og h\u00e1lf \u00e6ttkv\u00edsl Manasse hafa reist altari vi\u00f0 landam\u00e6ri Kanaanlands, \u00ed h\u00e9ru\u00f0unum vi\u00f0 J\u00f3rdan, \u00feeim megin er \u00cdsraelsmenn eiga land.<a name=\"12\"><span class=\"versanumer\">12<\/span><\/a>Og er \u00cdsraelsmenn spur\u00f0u \u00fea\u00f0, \u00fe\u00e1 safna\u00f0ist allur l\u00fd\u00f0ur \u00cdsraelsmanna saman \u00ed S\u00edl\u00f3 til \u00feess a\u00f0 fara \u00ed m\u00f3ti \u00feeim til herna\u00f0ar.<a name=\"13\"><span class=\"versanumer\">13<\/span><\/a>\u00de\u00e1 sendu \u00cdsraelsmenn P\u00ednehas, son Eleasars prests, til R\u00fabens sona og Ga\u00f0s sona og h\u00e1lfrar \u00e6ttkv\u00edslar Manasse til G\u00edlea\u00f0lands,<a name=\"14\"><span class=\"versanumer\">14<\/span><\/a>og me\u00f0 honum t\u00edu h\u00f6fu\u00f0smenn, einn h\u00f6fu\u00f0smann af \u00e6tt hverri af \u00f6llum kynkv\u00edslum \u00cdsraels. Var hver \u00feeirra h\u00f6f\u00f0ingi yfir \u00e6ttum fe\u00f0ra sinna me\u00f0al \u00fe\u00fasunda \u00cdsraels.<a name=\"15\"><span class=\"versanumer\">15<\/span><\/a>Og er \u00feeir komu til R\u00fabens sona og Ga\u00f0s sona og h\u00e1lfrar \u00e6ttkv\u00edslar Manasse til G\u00edlea\u00f0lands, \u00fe\u00e1 m\u00e6ltu \u00feeir vi\u00f0 \u00fe\u00e1 \u00e1 \u00feessa lei\u00f0:<a name=\"16\"><span class=\"versanumer\">16<\/span><\/a>Svo segir allur s\u00f6fnu\u00f0ur Drottins: Hv\u00edl\u00edk er s\u00fa \u00f3tr\u00famennska, sem \u00fe\u00e9r hafi\u00f0 s\u00fdnt gegn Gu\u00f0i \u00cdsraels, a\u00f0 \u00fe\u00e9r \u00ed dag hafi\u00f0 sn\u00fai\u00f0 y\u00f0ur burt fr\u00e1 Drottni, er \u00fe\u00e9r hafi\u00f0 reist y\u00f0ur altari, a\u00f0 \u00fe\u00e9r \u00ed dag hafi\u00f0 gj\u00f6rt uppreisn gegn Drottni!<a name=\"17\"><span class=\"versanumer\">17<\/span><\/a>Er oss ekki n\u00f3gur gl\u00e6pur s\u00e1, a\u00f0 v\u00e9r tilb\u00e1\u00f0um Pe\u00f3r, og h\u00f6fum v\u00e9r ekki hreinsa\u00f0 oss af \u00feeim gl\u00e6p fram \u00e1 \u00feennan dag, enda kom pl\u00e1gan yfir s\u00f6fnu\u00f0 Drottins vegna hans. Og \u00fe\u00e9r sn\u00fai\u00f0 y\u00f0ur \u00ed dag burt fr\u00e1 Drottni!<a name=\"18\"><span class=\"versanumer\">18<\/span><\/a>Mun \u00fe\u00e1 svo fara: \u00de\u00e9r gj\u00f6ri\u00f0 \u00ed dag uppreisn gegn Drottni, og \u00e1 morgun mun hann \u00fathella rei\u00f0i sinni yfir allan s\u00f6fnu\u00f0 \u00cdsraels.<a name=\"19\"><span class=\"versanumer\">19<\/span><\/a>Ef land \u00fea\u00f0 er \u00f3hreint, er \u00fe\u00e9r hafi\u00f0 hloti\u00f0 til eignar, \u00fe\u00e1 komi\u00f0 yfir \u00ed eignarland Drottins, \u00fear sem b\u00fa\u00f0 Drottins hefir a\u00f0setur, og setjist a\u00f0 me\u00f0al vor. En gj\u00f6ri\u00f0 ekki uppreisn gegn Drottni og gj\u00f6ri\u00f0 ekki uppreisn gegn oss me\u00f0 \u00fev\u00ed a\u00f0 reisa y\u00f0ur altari anna\u00f0 en altari Drottins Gu\u00f0s vors.<a name=\"20\"><span class=\"versanumer\">20<\/span><\/a>Kom ekki rei\u00f0i Gu\u00f0s yfir allan s\u00f6fnu\u00f0 \u00cdsraels, \u00fe\u00e1 er Akan Seraksson f\u00f3r sviksamlega me\u00f0 hi\u00f0 bannf\u00e6r\u00f0a? Hann d\u00f3 ekki einn fyrir gl\u00e6p sinn.<a name=\"21\"><span class=\"versanumer\">21<\/span><\/a>\u00de\u00e1 sv\u00f6ru\u00f0u \u00feeir R\u00fabens synir og Ga\u00f0s synir og h\u00e1lf \u00e6ttkv\u00edsl Manasse og s\u00f6g\u00f0u vi\u00f0 h\u00f6f\u00f0ingja \u00cdsraels \u00fe\u00fasunda:<a name=\"22\"><span class=\"versanumer\">22<\/span><\/a>Drottinn, hinn m\u00e1ttki Gu\u00f0, Drottinn, hinn m\u00e1ttki Gu\u00f0, hann veit \u00fea\u00f0, og \u00cdsrael skal vita \u00fea\u00f0: Ef \u00fea\u00f0 er gj\u00f6rt \u00ed uppreisnar e\u00f0a sviksemi skyni vi\u00f0 Drottin, \u00fe\u00e1 hj\u00e1lpi hann oss eigi \u00ed dag!<a name=\"23\"><span class=\"versanumer\">23<\/span><\/a>V\u00e9r h\u00f6fum ekki reist oss altari til \u00feess a\u00f0 sn\u00faa oss burt fr\u00e1 Drottni. Ef \u00fea\u00f0 er gj\u00f6rt til \u00feess a\u00f0 f\u00e6ra \u00fear brennif\u00f3rn og matf\u00f3rn, e\u00f0a til \u00feess a\u00f0 f\u00f3rna \u00fear heillaf\u00f3rnum, \u00fe\u00e1 hefni Drottinn \u00feess!<a name=\"24\"><span class=\"versanumer\">24<\/span><\/a>Heldur h\u00f6fum v\u00e9r gj\u00f6rt \u00fea\u00f0 af hr\u00e6\u00f0slu vi\u00f0, hvernig fara kynni, me\u00f0 \u00fev\u00ed a\u00f0 v\u00e9r hugsu\u00f0um: S\u00ed\u00f0ar kynnu synir y\u00f0ar a\u00f0 segja vi\u00f0 sonu vora: Hva\u00f0 kemur Drottinn, \u00cdsraels Gu\u00f0, y\u00f0ur vi\u00f0?<a name=\"25\"><span class=\"versanumer\">25<\/span><\/a>Drottinn hefir sett J\u00f3rdan sem landamerki milli vor og y\u00f0ar R\u00fabens sona og Ga\u00f0s sona. \u00de\u00e9r eigi\u00f0 enga hlutdeild \u00ed Drottni! Kynnu \u00fe\u00e1 synir y\u00f0ar a\u00f0 koma sonum vorum til \u00feess a\u00f0 h\u00e6tta a\u00f0 \u00f3ttast Drottin.<a name=\"26\"><span class=\"versanumer\">26<\/span><\/a>Fyrir \u00fev\u00ed s\u00f6g\u00f0um v\u00e9r: V\u00e9r skulum reisa oss altari, ekki til brennif\u00f3rna og ekki til sl\u00e1turf\u00f3rna,<a name=\"27\"><span class=\"versanumer\">27<\/span><\/a>heldur skal \u00fea\u00f0 vera til vitnis fyrir oss og fyrir y\u00f0ur, og fyrir ni\u00f0ja vora eftir oss, a\u00f0 v\u00e9r viljum gegna \u00fej\u00f3nustu Drottins fyrir augliti hans me\u00f0 brennif\u00f3rnum vorum, sl\u00e1turf\u00f3rnum og heillaf\u00f3rnum, og a\u00f0 synir y\u00f0ar geti ekki \u00e1 s\u00ed\u00f0an sagt vi\u00f0 sonu vora: \u00de\u00e9r eigi\u00f0 enga hlutdeild \u00ed Drottni!<a name=\"28\"><span class=\"versanumer\">28<\/span><\/a>Og v\u00e9r hugsu\u00f0um: Ef \u00feeir s\u00ed\u00f0ar m\u00e6la svo til vor e\u00f0a ni\u00f0ja vorra, \u00fe\u00e1 munum v\u00e9r segja: L\u00edti\u00f0 \u00e1 l\u00f6gunina \u00e1 \u00fev\u00ed Drottins altari, sem fe\u00f0ur vorir hafa gj\u00f6rt, ekki til brennif\u00f3rna e\u00f0a sl\u00e1turf\u00f3rna, heldur \u00e1tti \u00fea\u00f0 a\u00f0 vera til vitnis fyrir oss og y\u00f0ur.<a name=\"29\"><span class=\"versanumer\">29<\/span><\/a>\u00dev\u00ed fer fjarri, a\u00f0 v\u00e9r vildum gj\u00f6ra uppreisn gegn Drottni og sn\u00faa oss burt fr\u00e1 Drottni \u00ed dag me\u00f0 \u00fev\u00ed a\u00f0 reisa altari til brennif\u00f3rna, matf\u00f3rna og sl\u00e1turf\u00f3rna, anna\u00f0 en altari Drottins Gu\u00f0s vors, \u00fea\u00f0 er stendur fyrir framan b\u00fa\u00f0 hans.<a name=\"30\"><span class=\"versanumer\">30<\/span><\/a>\u00deegar P\u00ednehas prestur og h\u00f6fu\u00f0smenn safna\u00f0arins, h\u00f6f\u00f0ingjar \u00cdsraels \u00fe\u00fasunda, sem me\u00f0 honum voru, heyr\u00f0u andsv\u00f6r \u00feau, er R\u00fabens synir og Ga\u00f0s synir og Manasse synir veittu, \u00fe\u00e1 l\u00e9tu \u00feeir s\u00e9r \u00fea\u00f0 vel l\u00edka.<a name=\"31\"><span class=\"versanumer\">31<\/span><\/a>Og P\u00ednehas, sonur Eleasars prests, sag\u00f0i vi\u00f0 R\u00fabens sonu og Ga\u00f0s sonu og Manasse sonu: \u00cd dag h\u00f6fum v\u00e9r sannreynt, a\u00f0 Drottinn er \u00e1 me\u00f0al vor, \u00fear sem \u00fe\u00e9r hafi\u00f0 ekki s\u00fdnt \u00f3tr\u00famennsku gegn Drottni \u00ed \u00feessu. N\u00fa hafi\u00f0 \u00fe\u00e9r frelsa\u00f0 \u00cdsraelsmenn undan hendi Drottins.<a name=\"32\"><span class=\"versanumer\">32<\/span><\/a>S\u00ed\u00f0an sneri P\u00ednehas, sonur Eleasars prests, og h\u00f6fu\u00f0smennirnir heim aftur fr\u00e1 R\u00fabens sonum og Ga\u00f0s sonum \u00ed G\u00edlea\u00f0landi til Kanaanlands til \u00cdsraelsmanna og f\u00e6r\u00f0u \u00feeim \u00feessi sv\u00f6r.<a name=\"33\"><span class=\"versanumer\">33<\/span><\/a>L\u00e9tu \u00cdsraelsmenn s\u00e9r \u00fea\u00f0 vel l\u00edka, og \u00feeir lofu\u00f0u Gu\u00f0 og hug\u00f0u ekki framar \u00e1 a\u00f0 fara herf\u00f6r \u00e1 m\u00f3ti \u00feeim til \u00feess a\u00f0 ey\u00f0a land \u00fea\u00f0, er R\u00fabens synir og Ga\u00f0s synir bjuggu \u00ed.<a name=\"34\"><span class=\"versanumer\">34<\/span><\/a>Og R\u00fabens synir og Ga\u00f0s synir nefndu altari\u00f0 Vitni, \u00fev\u00ed a\u00f0 \u00fea\u00f0 er vitni \u00feess milli vor, a\u00f0 Drottinn er hinn sanni Gu\u00f0.<\/p>\n<div class=\"footnote1981\"><b>22.1<\/b> R\u00faben, Ga\u00f0 og h\u00e1lfur \u00e6ttb\u00e1lkur Manasse J\u00f3s 1.12-18; 4M\u00f3s 32.1-42; 5M\u00f3s 3.12-20<br \/>\n<b>22.3<\/b> Halda bo\u00f0or\u00f0 Drottins 5M\u00f3s 6.2,25<br \/>\n<b>22.4<\/b> Til tjalda ykkar v. 7,8; D\u00f3m 7.8+<br \/>\n<b>22.5<\/b> G\u00e6ta \u00feess a\u00f0 framfylgja 5M\u00f3s 5.1+ &#8211; elska Drottin 5M\u00f3s 5.10+ ; 6.5 \u2013 vegir Gu\u00f0s 5M\u00f3s 8.6+ &#8211; bindast Gu\u00f0i 5M\u00f3s 10.20+ &#8211; af \u00f6llu hjarta 5M\u00f3s 4.29+<br \/>\n<b>22.6<\/b> J\u00f3s\u00faa kvaddi \u00fe\u00e1 J\u00f3s 14.13<br \/>\n<b>22.7<\/b> Land \u00ed Basan J\u00f3s 13.29-31 \u2013 hinum helmingnum J\u00f3s 17.1-13<br \/>\n<b>22.8<\/b> Silfur, gull, brons, j\u00e1rn J\u00f3s 6.19,24 \u2013 me\u00f0 mikinn au\u00f0 sbr 2M\u00f3s 3.21-22; 11.2; 12.35-36 \u2013 herfang J\u00f3s 8.27<br \/>\n<b>22.9<\/b> S\u00edl\u00f3 J\u00f3s 18.1+<br \/>\n<b>22.12<\/b> Alllur s\u00f6fnu\u00f0ur J\u00f3s 9.18; 22.18; D\u00f3m 20.1+<br \/>\n<b>22.13<\/b> P\u00ednehas 2M\u00f3s 6.25; 4M\u00f3s 25.7-13; J\u00f3s 24.33; D\u00f3m 20.28<br \/>\n<b>22.14<\/b> H\u00f6f\u00f0ingjar J\u00f3s 9.15,18; 17.4 \u2013 h\u00f6f\u00f0ingjar \u00e6ttanna J\u00f3s 14.1; 21.1 \u2013 me\u00f0al \u00fe\u00fasunda \u00cdsraels 4M\u00f3s 1.16; 10.4,36<br \/>\n<b>22.16<\/b> S\u00f6fnu\u00f0ur Drottins 4M\u00f3s 27.17; 31.16; sbr Slm 74.2 \u2013 sn\u00faa baki vi\u00f0 Drottni sbr 5M\u00f3s 12.5-15; 3M\u00f3s 17.8-9<br \/>\n<b>22.17<\/b> S\u00f6kin vi\u00f0 Pe\u00f3r 4M\u00f3s 25.1-9; 5M\u00f3s 4.3<br \/>\n<b>22.18<\/b> Rei\u00f0i Drottins J\u00f3s 7.1,11-12; 4M\u00f3s 16.22<br \/>\n<b>22.19<\/b> B\u00fasta\u00f0ur Drottins 2M\u00f3s 25.8,22; 26; 3M\u00f3s 15.31; 17.4; 4M\u00f3s 16.9<br \/>\n<b>22.20<\/b> Svik Akans J\u00f3s 7.1-26 \u2013 rei\u00f0i Gu\u00f0s J\u00f3s 9.20<br \/>\n<b>22.22<\/b> Gu\u00f0 gu\u00f0anna, Drottinn 5M\u00f3s 10.17, sbr Slm 50.1 \u2013 hann veit 1Sam 2.3<br \/>\n<b>22.23<\/b> Einn sta\u00f0ur til f\u00f3rna 3M\u00f3s 1.3; 3.2 \u2013 hverfa fr\u00e1 5M\u00f3s 18.19<br \/>\n<b>22.25<\/b> Enga hlutdeild \u00ed Drottni sbr Slm 16.5 \u2013 \u00f3ttast Drottin 2M\u00f3s 14.31; 5M\u00f3s 6.2; J\u00f3s 24.14; sbr Slm 15.4+<br \/>\n<b>22.27<\/b> Vitni 1M\u00f3s 31.48; Jes 19.19-20<br \/>\n<b>22.29<\/b> Fjarri s\u00e9 1M\u00f3s 18.25; 44.7-17 \u2013 altari Drottins, frammi fyrir b\u00fasta\u00f0 hans 5M\u00f3s 12.5-14<br \/>\n<b>22.30<\/b> L\u00e9tu s\u00e9r vel l\u00edka 1M\u00f3s 34.18; 41.37; 5M\u00f3s 1.23<br \/>\n<b>22.31<\/b> Drottinn er \u00e1 me\u00f0al okkar 3M\u00f3s 26.11 \u2013 ekki brug\u00f0ist 1Kro 9.1; sbr Dan 9.7 \u2013 h\u00f6nd Drottins 2M\u00f3s 9.3; 1Kon 18.46<br \/>\n<b>22.33<\/b> Lofu\u00f0u Gu\u00f0 1Kro 29.20<\/div>\n","protected":false},"excerpt":{"rendered":"<p>1\u00de\u00e1 kalla\u00f0i J\u00f3s\u00faa R\u00faben\u00edta, Ga\u00f0\u00edta og h\u00e1lfa kynkv\u00edsl Manasse fyrir sig2og sag\u00f0i vi\u00f0 \u00fe\u00e1: \u00de\u00e9r hafi\u00f0 haldi\u00f0 allt \u00fea\u00f0, sem M\u00f3se, \u00fej\u00f3nn Drottins, bau\u00f0 y\u00f0ur. \u00de\u00e9r hafi\u00f0 og hl\u00fdtt r\u00f6ddu minni \u00ed \u00f6llu \u00fev\u00ed, er \u00e9g hefi fyrir y\u00f0ur lagt.3\u00deennan langa t\u00edma allt fram \u00e1 \u00feennan dag hafi\u00f0 \u00fe\u00e9r fylgi veitt br\u00e6\u00f0rum y\u00f0ar og var\u00f0veitt hl\u00fd\u00f0ni vi\u00f0 bo\u00f0or\u00f0 Drottins, Gu\u00f0s y\u00f0ar.4En n\u00fa hefir Drottinn, Gu\u00f0 y\u00f0ar, veitt br\u00e6\u00f0rum y\u00f0ar hv\u00edld, eins og hann haf\u00f0i heiti\u00f0 \u00feeim. Sn\u00fai\u00f0 \u00fev\u00ed n\u00fa \u00e1 lei\u00f0 og fari\u00f0 til tjalda y\u00f0ar, til eignarlands y\u00f0ar, \u00feess er M\u00f3se, \u00fej\u00f3nn Drottins, gaf y\u00f0ur hinumegin J\u00f3rdanar.5G\u00e6ti\u00f0 \u00feess einungis, <a href=\"https:\/\/biblian.is\/1981\/josuabok-22-kafli\/\"> [&#8230;]<\/a><\/p>\n","protected":false},"author":1,"featured_media":0,"parent":0,"menu_order":0,"comment_status":"open","ping_status":"open","template":"bibliukaflar.php","meta":{"footnotes":""},"class_list":["post-1555","page","type-page","status-publish","hentry"],"_links":{"self":[{"href":"https:\/\/biblian.is\/1981\/wp-json\/wp\/v2\/pages\/1555","targetHints":{"allow":["GET"]}}],"collection":[{"href":"https:\/\/biblian.is\/1981\/wp-json\/wp\/v2\/pages"}],"about":[{"href":"https:\/\/biblian.is\/1981\/wp-json\/wp\/v2\/types\/page"}],"author":[{"embeddable":true,"href":"https:\/\/biblian.is\/1981\/wp-json\/wp\/v2\/users\/1"}],"replies":[{"embeddable":true,"href":"https:\/\/biblian.is\/1981\/wp-json\/wp\/v2\/comments?post=1555"}],"version-history":[{"count":0,"href":"https:\/\/biblian.is\/1981\/wp-json\/wp\/v2\/pages\/1555\/revisions"}],"wp:attachment":[{"href":"https:\/\/biblian.is\/1981\/wp-json\/wp\/v2\/media?parent=1555"}],"curies":[{"name":"wp","href":"https:\/\/api.w.org\/{rel}","templated":true}]}}