{"id":1554,"date":"2017-11-18T20:17:45","date_gmt":"2017-11-18T20:17:45","guid":{"rendered":"http:\/\/biblian.is\/1981\/josuabok-21-kafli\/"},"modified":"2017-11-18T20:17:45","modified_gmt":"2017-11-18T20:17:45","slug":"josuabok-21-kafli","status":"publish","type":"page","link":"https:\/\/biblian.is\/1981\/josuabok-21-kafli\/","title":{"rendered":"J\u00f3s\u00faab\u00f3k 21. kafli"},"content":{"rendered":"<p><a name=\"1\"><span class=\"versanumer\">1<\/span><\/a>\u00c6tth\u00f6f\u00f0ingjar lev\u00edtanna gengu fyrir \u00fe\u00e1 Eleasar prest, J\u00f3s\u00faa N\u00fansson og \u00e6tth\u00f6f\u00f0ingja kynkv\u00edsla \u00cdsraelsmanna<a name=\"2\"><span class=\"versanumer\">2<\/span><\/a>og t\u00f6lu\u00f0u \u00feannig til \u00feeirra \u00ed S\u00edl\u00f3 \u00ed Kanaanlandi: Drottinn bau\u00f0 fyrir M\u00f3se a\u00f0 oss skyldi borgir gefa til b\u00fasta\u00f0a, svo og beitilandi\u00f0, er a\u00f0 \u00feeim liggur, handa f\u00e9na\u00f0i vorum.<a name=\"3\"><span class=\"versanumer\">3<\/span><\/a>\u00de\u00e1 g\u00e1fu \u00cdsraelsmenn lev\u00edtunum af \u00f3\u00f0ulum s\u00ednum, eftir bo\u00f0i Drottins, \u00feessar borgir og beitil\u00f6nd \u00feau, er a\u00f0 \u00feeim l\u00e1gu.<a name=\"4\"><span class=\"versanumer\">4<\/span><\/a>N\u00fa kom upp hlutur \u00e6tta Kahat\u00edta, og fengu \u00fe\u00e1 me\u00f0al lev\u00edtanna synir Arons prests me\u00f0 hlutkesti \u00ferett\u00e1n borgir hj\u00e1 J\u00fada kynkv\u00edsl, S\u00edmeons kynkv\u00edsl og Benjam\u00edns kynkv\u00edsl.<a name=\"5\"><span class=\"versanumer\">5<\/span><\/a>Hinir synir Kahats fengu me\u00f0 hlutkesti t\u00edu borgir fr\u00e1 \u00e6ttum Efra\u00edms kynkv\u00edslar og fr\u00e1 Dans kynkv\u00edsl og fr\u00e1 h\u00e1lfri kynkv\u00edsl Manasse.<a name=\"6\"><span class=\"versanumer\">6<\/span><\/a>Synir Gersons fengu me\u00f0 hlutkesti \u00ferett\u00e1n borgir fr\u00e1 \u00e6ttum \u00cdssakars kynkv\u00edslar, fr\u00e1 Assers kynkv\u00edsl, fr\u00e1 Naftal\u00ed kynkv\u00edsl og fr\u00e1 h\u00e1lfri kynkv\u00edsl Manasse \u00ed Basan.<a name=\"7\"><span class=\"versanumer\">7<\/span><\/a>Merar\u00ed synir fengu t\u00f3lf borgir eftir \u00e6ttum \u00feeirra fr\u00e1 R\u00fabens kynkv\u00edsl, fr\u00e1 Ga\u00f0s kynkv\u00edsl og fr\u00e1 Seb\u00falons kynkv\u00edsl.<a name=\"8\"><span class=\"versanumer\">8<\/span><\/a>\u00cdsraelsmenn g\u00e1fu lev\u00edtunum borgir \u00feessar og beitilandi\u00f0, er a\u00f0 \u00feeim liggur, eftir hlutkesti, eins og Drottinn haf\u00f0i bo\u00f0i\u00f0 fyrir me\u00f0alg\u00f6ngu M\u00f3se.<a name=\"9\"><span class=\"versanumer\">9<\/span><\/a>\u00deeir g\u00e1fu af kynkv\u00edsl J\u00fada sona og af kynkv\u00edsl S\u00edmeons sona \u00feessar borgir, sem h\u00e9r eru nafngreindar.<a name=\"10\"><span class=\"versanumer\">10<\/span><\/a>Af \u00e6ttum Kahat\u00edta me\u00f0al Lev\u00ed sona fengu Arons synir \u00fe\u00e6r, af \u00fev\u00ed a\u00f0 fyrsti hluturinn hlotna\u00f0ist \u00feeim.<a name=\"11\"><span class=\"versanumer\">11<\/span><\/a>\u00deeim g\u00e1fu \u00feeir Kirjat-Arba, er \u00e1tt haf\u00f0i Arba, fa\u00f0ir Anaks, \u00fea\u00f0 er Hebron, \u00e1 J\u00fadafj\u00f6llum og beitilandi\u00f0 umhverfis hana.<a name=\"12\"><span class=\"versanumer\">12<\/span><\/a>En akurland borgarinnar og \u00feorpin, er a\u00f0 henni l\u00e1gu, g\u00e1fu \u00feeir Kaleb Jef\u00fannesyni til eignar.<a name=\"13\"><span class=\"versanumer\">13<\/span><\/a>Sonum Arons prests g\u00e1fu \u00feeir: Hebron, sem var gri\u00f0asta\u00f0ur v\u00edgsekra, og beitilandi\u00f0, er a\u00f0 henni l\u00e1, L\u00edbna og beitilandi\u00f0, er a\u00f0 henni l\u00e1,<a name=\"14\"><span class=\"versanumer\">14<\/span><\/a>Jatt\u00edr og beitilandi\u00f0, er a\u00f0 henni l\u00e1, Estem\u00f3a og beitilandi\u00f0, er a\u00f0 henni l\u00e1,<a name=\"15\"><span class=\"versanumer\">15<\/span><\/a>H\u00f3lon og beitilandi\u00f0, er a\u00f0 henni l\u00e1, Deb\u00edr og beitilandi\u00f0, er a\u00f0 henni l\u00e1,<a name=\"16\"><span class=\"versanumer\">16<\/span><\/a>Asan og beitilandi\u00f0, er a\u00f0 henni l\u00e1, J\u00fatta og beitilandi\u00f0, er a\u00f0 henni l\u00e1, og Bet Semes og beitilandi\u00f0 er a\u00f0 henni l\u00e1 n\u00edu borgir fr\u00e1 \u00feessum tveimur \u00e6ttkv\u00edslum.<a name=\"17\"><span class=\"versanumer\">17<\/span><\/a>Af Benjam\u00edns kynkv\u00edsl: G\u00edbeon og beitilandi\u00f0, er a\u00f0 henni l\u00e1, Geba og beitilandi\u00f0, er a\u00f0 henni l\u00e1,<a name=\"18\"><span class=\"versanumer\">18<\/span><\/a>Anat\u00f3t og beitilandi\u00f0, er a\u00f0 henni l\u00e1, og Alm\u00f3n og beitilandi\u00f0, er a\u00f0 henni l\u00e1 fj\u00f3rar borgir.<a name=\"19\"><span class=\"versanumer\">19<\/span><\/a>\u00deannig hlutu synir Arons, prestarnir, \u00ferett\u00e1n borgir alls og beitil\u00f6nd \u00feau, er a\u00f0 \u00feeim l\u00e1gu.<a name=\"20\"><span class=\"versanumer\">20<\/span><\/a>A\u00f0 \u00fev\u00ed er snertir \u00e6ttir \u00feeirra Kahats sona, er t\u00f6ldust til lev\u00edtanna, hinna Kahats sonanna, \u00fe\u00e1 fengu \u00fe\u00e6r borgir \u00fe\u00e6r, er \u00feeim hlotnu\u00f0ust fr\u00e1 Efra\u00edms kynkv\u00edsl.<a name=\"21\"><span class=\"versanumer\">21<\/span><\/a>\u00deeir g\u00e1fu \u00feeim S\u00edkem, sem var gri\u00f0asta\u00f0ur v\u00edgsekra, og beitilandi\u00f0, er a\u00f0 henni l\u00e1, \u00e1 Efra\u00edmfj\u00f6llum, Geser og beitilandi\u00f0, er a\u00f0 henni l\u00e1,<a name=\"22\"><span class=\"versanumer\">22<\/span><\/a>Kibsa\u00edm og beitilandi\u00f0, er a\u00f0 henni l\u00e1, og Bet H\u00f3ron og beitilandi\u00f0, er a\u00f0 henni l\u00e1 fj\u00f3rar borgir.<a name=\"23\"><span class=\"versanumer\">23<\/span><\/a>Fr\u00e1 kynkv\u00edsl Dans: Elteke og beitilandi\u00f0, er a\u00f0 henni l\u00e1, Gibbet\u00f3n og beitilandi\u00f0, er a\u00f0 henni l\u00e1,<a name=\"24\"><span class=\"versanumer\">24<\/span><\/a>Ajalon og beitilandi\u00f0, er a\u00f0 henni l\u00e1, og Gat Rimmon og beitilandi\u00f0, er a\u00f0 henni l\u00e1 fj\u00f3rar borgir.<a name=\"25\"><span class=\"versanumer\">25<\/span><\/a>Fr\u00e1 h\u00e1lfri kynkv\u00edsl Manasse: Taanak og beitilandi\u00f0, er a\u00f0 henni l\u00e1, og Jibleam og beitilandi\u00f0, er a\u00f0 henni l\u00e1 tv\u00e6r borgir.<a name=\"26\"><span class=\"versanumer\">26<\/span><\/a>\u00c6ttir hinna Kahats sonanna hlutu \u00feannig t\u00edu borgir alls og beitil\u00f6nd \u00feau, er a\u00f0 \u00feeim l\u00e1gu.<a name=\"27\"><span class=\"versanumer\">27<\/span><\/a>Af \u00e6ttum lev\u00edtanna fengu Gersons synir fr\u00e1 h\u00e1lfri kynkv\u00edsl Manasse: G\u00f3lan \u00ed Basan, gri\u00f0asta\u00f0 v\u00edgsekra, og beitilandi\u00f0, er a\u00f0 henni l\u00e1, og Beestera og beitilandi\u00f0, er a\u00f0 henni l\u00e1 tv\u00e6r borgir.<a name=\"28\"><span class=\"versanumer\">28<\/span><\/a>Fr\u00e1 \u00cdssakars kynkv\u00edsl: Kisj\u00f3n og beitilandi\u00f0, er a\u00f0 henni l\u00e1, Daberat og beitilandi\u00f0, er a\u00f0 henni l\u00e1,<a name=\"29\"><span class=\"versanumer\">29<\/span><\/a>Jarm\u00fat og beitilandi\u00f0, er a\u00f0 henni l\u00e1, og En-Gann\u00edm og beitilandi\u00f0, er a\u00f0 henni l\u00e1 fj\u00f3rar borgir.<a name=\"30\"><span class=\"versanumer\">30<\/span><\/a>Fr\u00e1 Assers kynkv\u00edsl: M\u00edseal og beitilandi\u00f0, er a\u00f0 henni l\u00e1, Abd\u00f3n og beitilandi\u00f0, er a\u00f0 henni l\u00e1,<a name=\"31\"><span class=\"versanumer\">31<\/span><\/a>Helkat og beitilandi\u00f0, er a\u00f0 henni l\u00e1, og Reh\u00f3b og beitilandi\u00f0, er a\u00f0 henni l\u00e1 fj\u00f3rar borgir.<a name=\"32\"><span class=\"versanumer\">32<\/span><\/a>Fr\u00e1 Naftal\u00ed kynkv\u00edsl: Kedes \u00ed Gal\u00edleu, gri\u00f0asta\u00f0 v\u00edgsekra, og beitilandi\u00f0, er a\u00f0 henni l\u00e1, Hamm\u00f3t D\u00f3r og beitilandi\u00f0, er a\u00f0 henni l\u00e1, og Kartan og beitilandi\u00f0 er a\u00f0 henni l\u00e1 \u00ferj\u00e1r borgir.<a name=\"33\"><span class=\"versanumer\">33<\/span><\/a>\u00deannig hlutu Gerson\u00edtar eftir \u00e6ttum \u00feeirra, \u00ferett\u00e1n borgir alls og beitil\u00f6nd \u00feau, er a\u00f0 \u00feeim l\u00e1gu.<a name=\"34\"><span class=\"versanumer\">34<\/span><\/a>\u00c6ttir Merar\u00ed sona, \u00feeirra Lev\u00ed sona, er enn voru eftir, fengu fr\u00e1 Seb\u00falons kynkv\u00edsl: Jokneam og beitilandi\u00f0, er a\u00f0 henni l\u00e1, Karta og beitilandi\u00f0, er a\u00f0 henni l\u00e1,<a name=\"35\"><span class=\"versanumer\">35<\/span><\/a>Dimna og beitilandi\u00f0, er a\u00f0 henni l\u00e1, og Nahalal og beitilandi\u00f0, er a\u00f0 henni l\u00e1 fj\u00f3rar borgir.<a name=\"36\"><span class=\"versanumer\">36<\/span><\/a>Fr\u00e1 R\u00fabens kynkv\u00edsl: Beser \u00ed ey\u00f0im\u00f6rkinni, gri\u00f0asta\u00f0 v\u00edgsekra, og beitilandi\u00f0, er a\u00f0 henni l\u00e1, Jahsa og beitilandi\u00f0, er a\u00f0 henni l\u00e1,<a name=\"37\"><span class=\"versanumer\">37<\/span><\/a>Kedem\u00f3t og beitilandi\u00f0, er a\u00f0 henni l\u00e1, og Mefaat og beitilandi\u00f0, er a\u00f0 henni l\u00e1 fj\u00f3rar borgir.<a name=\"38\"><span class=\"versanumer\">38<\/span><\/a>Fr\u00e1 Ga\u00f0s kynkv\u00edsl: Ram\u00f3t \u00ed G\u00edlea\u00f0, gri\u00f0asta\u00f0 v\u00edgsekra, og beitilandi\u00f0, er a\u00f0 henni l\u00e1, Mahana\u00edm og beitilandi\u00f0, er a\u00f0 henni l\u00e1,<a name=\"39\"><span class=\"versanumer\">39<\/span><\/a>Hesbon og beitilandi\u00f0, er a\u00f0 henni l\u00e1, og Jaeser og beitilandi\u00f0, er a\u00f0 henni l\u00e1 fj\u00f3rar borgir alls.<a name=\"40\"><span class=\"versanumer\">40<\/span><\/a>\u00deannig fengu Merar\u00ed synir, eftir \u00e6ttum \u00feeirra, \u00feeir er enn voru eftir af \u00e6ttum lev\u00edtanna, \u00ed sitt hlutskipti t\u00f3lf borgir alls.<a name=\"41\"><span class=\"versanumer\">41<\/span><\/a>Borgir \u00fe\u00e6r, er lev\u00edtarnir fengu inni \u00ed eignarl\u00f6ndum \u00cdsraelsmanna, voru fj\u00f6rut\u00edu og \u00e1tta alls, og beitil\u00f6ndin, er a\u00f0 \u00feeim l\u00e1gu.<a name=\"42\"><span class=\"versanumer\">42<\/span><\/a>Og allar \u00feessar borgir voru hver um sig ein borg me\u00f0 beitilandi umhverfis. Var svo um allar \u00feessar borgir.<a name=\"43\"><span class=\"versanumer\">43<\/span><\/a>Drottinn gaf \u00cdsrael allt landi\u00f0, er hann haf\u00f0i svari\u00f0 a\u00f0 gefa fe\u00f0rum \u00feeirra, og \u00feeir t\u00f3ku \u00fea\u00f0 til eignar og settust \u00fear a\u00f0.<a name=\"44\"><span class=\"versanumer\">44<\/span><\/a>Og Drottinn l\u00e9t \u00fe\u00e1 b\u00faa \u00ed fri\u00f0i \u00e1 alla vegu, \u00f6ldungis eins og hann haf\u00f0i svari\u00f0 fe\u00f0rum \u00feeirra. Enginn af \u00f6llum \u00f3vinum \u00feeirra f\u00e9kk sta\u00f0ist fyrir \u00feeim, Drottinn gaf alla \u00f3vini \u00feeirra \u00ed hendur \u00feeim.<a name=\"45\"><span class=\"versanumer\">45<\/span><\/a>Ekkert br\u00e1st af \u00f6llum fyrirheitum \u00feeim, er Drottinn haf\u00f0i gefi\u00f0 h\u00fasi \u00cdsraels. \u00deau r\u00e6ttust \u00f6ll.<\/p>\n<div class=\"footnote1981\"><b>21.1-42<\/b> Lev\u00edtaborgirnar 3M\u00f3s 25.32+ ; 4M\u00f3s 35.1-8; J\u00f3s 14.3-4<br \/>\n<b>21.1<\/b> Eleasar og J\u00f3s\u00faa J\u00f3s 14.1+<br \/>\n<b>21.2<\/b> \u00cd S\u00edl\u00f3 J\u00f3s 18.1<br \/>\n<b>21.4<\/b> \u00c6ttir Kahat\u00edta 4M\u00f3s 3.19,27-32<br \/>\n<b>21.6<\/b> Ni\u00f0jar Gers\u00f3ns 4M\u00f3s 3.18,21,25<br \/>\n<b>21.7<\/b> Ni\u00f0jar Merar\u00ed 4M\u00f3s 3.20,33-37<br \/>\n<b>21.8<\/b> Hlutkesti J\u00f3s 7.16; 18.6; 19.51<br \/>\n<b>21.9-19<\/b> Kahat\u00edtum gefnar borgir 1Kro 6.39-45<br \/>\n<b>21.11<\/b> Kirjat Arba, Hebron J\u00f3s 20.7+ &#8211; Anak J\u00f3s 15.13; sbr 11.21; 4M\u00f3s 13.28,33<br \/>\n<b>21.12<\/b> Kaleb gefi\u00f0 land J\u00f3s 14.6-15; 15.13-14<br \/>\n<b>21.13-16<\/b> L\u00edbna, o.fl. J\u00f3s 15.42-55; 1Kro 6.40-44<br \/>\n<b>21.17<\/b> G\u00edbeon, Geba J\u00f3s 18.24-25; 1Kro 6.45<br \/>\n<b>21.18<\/b> Anat\u00f3t 1Kon 2.26; Jer 1.1<br \/>\n<b>21.20-22<\/b> Lev\u00edtaborgirnar \u00ed Efra\u00edm 1Kro 6.46-54; sbr J\u00f3s 16.3-10<br \/>\n<b>21.21<\/b> S\u00edkem J\u00f3s 20.7<br \/>\n<b>21.23<\/b> Lev\u00edtaborgirnar \u00ed Dan 1Kro 6.54; sbr J\u00f3s 19.40-45<br \/>\n<b>21.25<\/b> Lev\u00edtaborgirnar \u00ed Manasse sbr J\u00f3s 17.11; 1Kro 6.55<br \/>\n<b>21.27<\/b> Borgirnar gefnar ni\u00f0jum Gersons Kro 6.56-61 \u2013 G\u00f3lan J\u00f3s 20.8; 5M\u00f3s 4.43<br \/>\n<b>21.28<\/b> Lev\u00edtaborgirnar \u00ed \u00cdssakar sbr J\u00f3s 19.20-22<br \/>\n<b>21.30<\/b> Lev\u00edtaborgirnar \u00ed Asser sbr J\u00f3s 19.25-28<br \/>\n<b>21.32<\/b> Lev\u00edtaborgirnar \u00ed Naftal\u00ed sbr J\u00f3s 19.35-37<br \/>\n<b>21.34<\/b> Borgirnar \u00ed Merar\u00ed 1Kro 6.62-66 \u2013 Lev\u00edtaborgirnar \u00ed Seb\u00falon sbr J\u00f3s 19.11-15<br \/>\n<b>21.36<\/b> \u00cd R\u00faben sbr J\u00f3s 13.18; 20.8<br \/>\n<b>21.38<\/b> \u00cd Ga\u00f0 sbr J\u00f3s 13.25-26 \u2013 Ram\u00f3t \u00ed G\u00edlea\u00f0 J\u00f3s 20.8<br \/>\n<b>21.43<\/b> Fyrirheitna landi\u00f0 5M\u00f3s 1.8+<br \/>\n<b>21.44<\/b> Fri\u00f0ur J\u00f3s 1.13+ ; 2M\u00f3s 33.14; sbr J\u00f3s 11.23; D\u00f3m 3.11+ &#8211; enginn gat veitt vi\u00f0n\u00e1m J\u00f3s 1.5; 23.9; 5M\u00f3s 11.25 \u2013 \u00f3vinir \u00ed hendur \u00cdsrael J\u00f3s 2.24; 10.8; 5M\u00f3s 7.24<br \/>\n<b>21.45<\/b> \u00deau r\u00e6ttust \u00f6ll J\u00f3s 23.14; Jes 55.10-11<\/div>\n","protected":false},"excerpt":{"rendered":"<p>1\u00c6tth\u00f6f\u00f0ingjar lev\u00edtanna gengu fyrir \u00fe\u00e1 Eleasar prest, J\u00f3s\u00faa N\u00fansson og \u00e6tth\u00f6f\u00f0ingja kynkv\u00edsla \u00cdsraelsmanna2og t\u00f6lu\u00f0u \u00feannig til \u00feeirra \u00ed S\u00edl\u00f3 \u00ed Kanaanlandi: Drottinn bau\u00f0 fyrir M\u00f3se a\u00f0 oss skyldi borgir gefa til b\u00fasta\u00f0a, svo og beitilandi\u00f0, er a\u00f0 \u00feeim liggur, handa f\u00e9na\u00f0i vorum.3\u00de\u00e1 g\u00e1fu \u00cdsraelsmenn lev\u00edtunum af \u00f3\u00f0ulum s\u00ednum, eftir bo\u00f0i Drottins, \u00feessar borgir og beitil\u00f6nd \u00feau, er a\u00f0 \u00feeim l\u00e1gu.4N\u00fa kom upp hlutur \u00e6tta Kahat\u00edta, og fengu \u00fe\u00e1 me\u00f0al lev\u00edtanna synir Arons prests me\u00f0 hlutkesti \u00ferett\u00e1n borgir hj\u00e1 J\u00fada kynkv\u00edsl, S\u00edmeons kynkv\u00edsl og Benjam\u00edns kynkv\u00edsl.5Hinir synir Kahats fengu me\u00f0 hlutkesti t\u00edu borgir fr\u00e1 \u00e6ttum Efra\u00edms kynkv\u00edslar og fr\u00e1 Dans kynkv\u00edsl <a href=\"https:\/\/biblian.is\/1981\/josuabok-21-kafli\/\"> [&#8230;]<\/a><\/p>\n","protected":false},"author":1,"featured_media":0,"parent":0,"menu_order":0,"comment_status":"open","ping_status":"open","template":"bibliukaflar.php","meta":{"footnotes":""},"class_list":["post-1554","page","type-page","status-publish","hentry"],"_links":{"self":[{"href":"https:\/\/biblian.is\/1981\/wp-json\/wp\/v2\/pages\/1554","targetHints":{"allow":["GET"]}}],"collection":[{"href":"https:\/\/biblian.is\/1981\/wp-json\/wp\/v2\/pages"}],"about":[{"href":"https:\/\/biblian.is\/1981\/wp-json\/wp\/v2\/types\/page"}],"author":[{"embeddable":true,"href":"https:\/\/biblian.is\/1981\/wp-json\/wp\/v2\/users\/1"}],"replies":[{"embeddable":true,"href":"https:\/\/biblian.is\/1981\/wp-json\/wp\/v2\/comments?post=1554"}],"version-history":[{"count":0,"href":"https:\/\/biblian.is\/1981\/wp-json\/wp\/v2\/pages\/1554\/revisions"}],"wp:attachment":[{"href":"https:\/\/biblian.is\/1981\/wp-json\/wp\/v2\/media?parent=1554"}],"curies":[{"name":"wp","href":"https:\/\/api.w.org\/{rel}","templated":true}]}}