{"id":1553,"date":"2017-11-18T20:17:45","date_gmt":"2017-11-18T20:17:45","guid":{"rendered":"http:\/\/biblian.is\/1981\/josuabok-20-kafli\/"},"modified":"2017-11-18T20:17:45","modified_gmt":"2017-11-18T20:17:45","slug":"josuabok-20-kafli","status":"publish","type":"page","link":"https:\/\/biblian.is\/1981\/josuabok-20-kafli\/","title":{"rendered":"J\u00f3s\u00faab\u00f3k 20. kafli"},"content":{"rendered":"<p><a name=\"1\"><span class=\"versanumer\">1<\/span><\/a>Drottinn tala\u00f0i vi\u00f0 J\u00f3s\u00faa \u00e1 \u00feessa lei\u00f0:<a name=\"2\"><span class=\"versanumer\">2<\/span><\/a>Tala \u00fe\u00fa til \u00cdsraelsmanna og seg: Taki\u00f0 n\u00fa til gri\u00f0asta\u00f0ina, \u00fe\u00e1 er \u00e9g hefi tala\u00f0 um vi\u00f0 y\u00f0ur fyrir M\u00f3se,<a name=\"3\"><span class=\"versanumer\">3<\/span><\/a>a\u00f0 \u00feanga\u00f0 megi fl\u00fdja vegandi, s\u00e1 er af vang\u00e1, \u00f3viljandi, hefir or\u00f0i\u00f0 manni a\u00f0 bana, svo a\u00f0 \u00feeir s\u00e9u y\u00f0ur h\u00e6li fyrir hefnanda.<a name=\"4\"><span class=\"versanumer\">4<\/span><\/a>Hann m\u00e1 fl\u00fdja \u00ed einhverja af borgum \u00feessum og nema sta\u00f0ar r\u00e9tt fyrir utan borgarhli\u00f0i\u00f0 og sk\u00fdra \u00fear fr\u00e1 m\u00e1li s\u00ednu \u00ed \u00e1heyrn \u00f6ldunga borgar \u00feeirrar. Skulu \u00feeir taka vi\u00f0 honum inn \u00ed borgina og f\u00e1 honum sta\u00f0, svo a\u00f0 hann megi b\u00faa hj\u00e1 \u00feeim.<a name=\"5\"><span class=\"versanumer\">5<\/span><\/a>Og ef hefnandinn eltir hann, \u00fe\u00e1 skulu \u00feeir eigi framselja vegandann \u00ed hendur honum, \u00fear e\u00f0 hann \u00f3viljandi hefir or\u00f0i\u00f0 n\u00e1unga s\u00ednum a\u00f0 bana og eigi veri\u00f0 \u00f3vinur hans \u00e1\u00f0ur.<a name=\"6\"><span class=\"versanumer\">6<\/span><\/a>Og hann skal hafa a\u00f0setur \u00ed borg \u00feeirri, \u00fear til er hann hefir komi\u00f0 fyrir d\u00f3m safna\u00f0arins, \u00fear til s\u00e1 \u00e6\u00f0sti prestur er d\u00e1inn, sem \u00fe\u00e1 er. \u00de\u00e1 m\u00e1 vegandinn hverfa aftur og fara heim til sinnar borgar og s\u00edns h\u00fass, \u00feeirrar borgar, er hann fl\u00fd\u00f0i \u00far.<a name=\"7\"><span class=\"versanumer\">7<\/span><\/a>\u00de\u00e1 helgu\u00f0u \u00feeir Kedes \u00ed Gal\u00edleu \u00e1 Naftal\u00edfj\u00f6llum, S\u00edkem \u00e1 Efra\u00edmfj\u00f6llum og Kirjat Arba, \u00fea\u00f0 er Hebron, \u00e1 J\u00fadafj\u00f6llum.<a name=\"8\"><span class=\"versanumer\">8<\/span><\/a>En hinumegin J\u00f3rdanar, gegnt Jer\u00edk\u00f3 a\u00f0 austan ver\u00f0u, l\u00e9tu \u00feeir af hendi Beser \u00ed ey\u00f0im\u00f6rkinni, \u00e1 sl\u00e9ttlendinu, af kynkv\u00edsl R\u00fabens, Ram\u00f3t \u00ed G\u00edlea\u00f0 af kynkv\u00edsl Ga\u00f0s og G\u00f3lan \u00ed Basan af kynkv\u00edsl Manasse.<a name=\"9\"><span class=\"versanumer\">9<\/span><\/a>\u00deetta voru borgirnar, sem tilteknar voru handa \u00f6llum \u00cdsraelsm\u00f6nnum og \u00fatlendingum \u00feeim, er me\u00f0al \u00feeirra dv\u00f6ldust, a\u00f0 \u00feanga\u00f0 m\u00e6tti fl\u00fdja hver s\u00e1 ma\u00f0ur, sem \u00f3viljandi hef\u00f0i or\u00f0i\u00f0 manni a\u00f0 bana, svo a\u00f0 hann \u00feyrfti ekki a\u00f0 deyja fyrir hendi hefnandans, \u00fear til er hann hef\u00f0i sta\u00f0i\u00f0 fyrir m\u00e1li s\u00ednu frammi fyrir s\u00f6fnu\u00f0inum.<\/p>\n<div class=\"footnote1981\"><b>20.1-9<\/b> Gri\u00f0arsta\u00f0ur 5M\u00f3s 4.42+<br \/>\n<b>20.3<\/b> Mor\u00f0 af vang\u00e1 5M\u00f3s 4.42; 19.4 \u2013 hefna D\u00f3m 8.20+<br \/>\n<b>20.4<\/b> Leggja m\u00e1l sitt fyrir 5M\u00f3s 21.19; Rut 4.1-2<br \/>\n<b>20.6<\/b> Upgj\u00f6f saka 4M\u00f3s 35.28<br \/>\n<b>20.7<\/b> Kedes \u00ed Gal\u00edl J\u00f3s 19.37; 21.32; 1Kro 6.61 \u2013 S\u00edkem J\u00f3s 21.21; 1Kro 6.52 \u2013 Kirjat Arba, Hebron J\u00f3s 14.15; 15.13,54; 21.11,13; 1Kro 6.39-40<br \/>\n<b>20.8<\/b> Beser, Ram\u00f3t og G\u00f3lan 5M\u00f3s 4.41-43; J\u00f3s 21.27,36,38<br \/>\n<b>20.9<\/b> A\u00f0komumenn J\u00f3s 8.33; 2M\u00f3s 22.20; 23.9; 3M\u00f3s 19.10,33-34; 23.22; 5M\u00f3s 10.18-19<\/div>\n","protected":false},"excerpt":{"rendered":"<p>1Drottinn tala\u00f0i vi\u00f0 J\u00f3s\u00faa \u00e1 \u00feessa lei\u00f0:2Tala \u00fe\u00fa til \u00cdsraelsmanna og seg: Taki\u00f0 n\u00fa til gri\u00f0asta\u00f0ina, \u00fe\u00e1 er \u00e9g hefi tala\u00f0 um vi\u00f0 y\u00f0ur fyrir M\u00f3se,3a\u00f0 \u00feanga\u00f0 megi fl\u00fdja vegandi, s\u00e1 er af vang\u00e1, \u00f3viljandi, hefir or\u00f0i\u00f0 manni a\u00f0 bana, svo a\u00f0 \u00feeir s\u00e9u y\u00f0ur h\u00e6li fyrir hefnanda.4Hann m\u00e1 fl\u00fdja \u00ed einhverja af borgum \u00feessum og nema sta\u00f0ar r\u00e9tt fyrir utan borgarhli\u00f0i\u00f0 og sk\u00fdra \u00fear fr\u00e1 m\u00e1li s\u00ednu \u00ed \u00e1heyrn \u00f6ldunga borgar \u00feeirrar. Skulu \u00feeir taka vi\u00f0 honum inn \u00ed borgina og f\u00e1 honum sta\u00f0, svo a\u00f0 hann megi b\u00faa hj\u00e1 \u00feeim.5Og ef hefnandinn eltir hann, \u00fe\u00e1 skulu \u00feeir eigi <a href=\"https:\/\/biblian.is\/1981\/josuabok-20-kafli\/\"> [&#8230;]<\/a><\/p>\n","protected":false},"author":1,"featured_media":0,"parent":0,"menu_order":0,"comment_status":"open","ping_status":"open","template":"bibliukaflar.php","meta":{"footnotes":""},"class_list":["post-1553","page","type-page","status-publish","hentry"],"_links":{"self":[{"href":"https:\/\/biblian.is\/1981\/wp-json\/wp\/v2\/pages\/1553","targetHints":{"allow":["GET"]}}],"collection":[{"href":"https:\/\/biblian.is\/1981\/wp-json\/wp\/v2\/pages"}],"about":[{"href":"https:\/\/biblian.is\/1981\/wp-json\/wp\/v2\/types\/page"}],"author":[{"embeddable":true,"href":"https:\/\/biblian.is\/1981\/wp-json\/wp\/v2\/users\/1"}],"replies":[{"embeddable":true,"href":"https:\/\/biblian.is\/1981\/wp-json\/wp\/v2\/comments?post=1553"}],"version-history":[{"count":0,"href":"https:\/\/biblian.is\/1981\/wp-json\/wp\/v2\/pages\/1553\/revisions"}],"wp:attachment":[{"href":"https:\/\/biblian.is\/1981\/wp-json\/wp\/v2\/media?parent=1553"}],"curies":[{"name":"wp","href":"https:\/\/api.w.org\/{rel}","templated":true}]}}