{"id":1551,"date":"2017-11-18T20:17:45","date_gmt":"2017-11-18T20:17:45","guid":{"rendered":"http:\/\/biblian.is\/1981\/josuabok-18-kafli\/"},"modified":"2017-11-18T20:17:45","modified_gmt":"2017-11-18T20:17:45","slug":"josuabok-18-kafli","status":"publish","type":"page","link":"https:\/\/biblian.is\/1981\/josuabok-18-kafli\/","title":{"rendered":"J\u00f3s\u00faab\u00f3k 18. kafli"},"content":{"rendered":"<p><a name=\"1\"><span class=\"versanumer\">1<\/span><\/a>Allur s\u00f6fnu\u00f0ur \u00cdsraelsmanna safna\u00f0ist saman \u00ed S\u00edl\u00f3, og reistu \u00feeir \u00fear samfundatjaldi\u00f0, enda h\u00f6f\u00f0u \u00feeir n\u00fa lagt landi\u00f0 undir sig.<a name=\"2\"><span class=\"versanumer\">2<\/span><\/a>En enn \u00fe\u00e1 voru eftir sj\u00f6 \u00e6ttkv\u00edslir me\u00f0al \u00cdsraelsmanna, sem eigi h\u00f6f\u00f0u skipt arfleif\u00f0 sinni.<a name=\"3\"><span class=\"versanumer\">3<\/span><\/a>J\u00f3s\u00faa sag\u00f0i \u00fe\u00e1 vi\u00f0 \u00cdsraelsmenn: Hversu lengi \u00e6tli\u00f0 \u00fe\u00e9r a\u00f0 vera svo t\u00f3ml\u00e1tir, a\u00f0 fara ekki og taka til eignar land \u00fea\u00f0, sem Drottinn, Gu\u00f0 fe\u00f0ra y\u00f0ar, hefir gefi\u00f0 y\u00f0ur?<a name=\"4\"><span class=\"versanumer\">4<\/span><\/a>Velji\u00f0 n\u00fa \u00ferj\u00e1 menn af \u00e6ttkv\u00edsl hverri, og mun \u00e9g senda \u00fe\u00e1 \u00fat. Skulu \u00feeir halda af sta\u00f0 og fara um landi\u00f0 og skrifa l\u00fdsingu \u00e1 landinu me\u00f0 tilliti til \u00feess, a\u00f0 \u00fev\u00ed \u00e1 a\u00f0 skipta me\u00f0al \u00feeirra. Skulu \u00feeir s\u00ed\u00f0an koma aftur til m\u00edn.<a name=\"5\"><span class=\"versanumer\">5<\/span><\/a>\u00dev\u00ed n\u00e6st skulu \u00feeir skipta \u00fev\u00ed \u00ed sj\u00f6 hluti. J\u00fada skal halda s\u00ednu landi \u00ed su\u00f0ri, og h\u00fas J\u00f3sefs skal halda s\u00ednu landi \u00ed nor\u00f0ri.<a name=\"6\"><span class=\"versanumer\">6<\/span><\/a>En \u00fe\u00e9r skulu\u00f0 skrifa l\u00fdsingu landsins \u00ed sj\u00f6 hlutum og f\u00e6ra m\u00e9r hinga\u00f0, s\u00ed\u00f0an mun \u00e9g varpa hlutum fyrir y\u00f0ur h\u00e9r frammi fyrir augliti Drottins, Gu\u00f0s vors.<a name=\"7\"><span class=\"versanumer\">7<\/span><\/a>En lev\u00edtarnir f\u00e1 eigi hlut me\u00f0al y\u00f0ar, heldur er prestd\u00f3mur Drottins \u00f3\u00f0al \u00feeirra. En Ga\u00f0 og R\u00faben og h\u00e1lf \u00e6ttkv\u00edsl Manasse hafa fengi\u00f0 sinn erf\u00f0ahluta hinumegin J\u00f3rdanar, austanmegin, \u00feann er M\u00f3se, \u00fej\u00f3nn Drottins, gaf \u00feeim.<a name=\"8\"><span class=\"versanumer\">8<\/span><\/a>\u00de\u00e1 t\u00f3ku mennirnir, er f\u00f3ru a\u00f0 skrifa l\u00fdsingu landsins, sig upp og h\u00e9ldu af sta\u00f0, og J\u00f3s\u00faa bau\u00f0 \u00feeim og m\u00e6lti: Fari\u00f0 n\u00fa og fer\u00f0ist um landi\u00f0 og skrifi\u00f0 l\u00fdsingu \u00feess, komi\u00f0 s\u00ed\u00f0an aftur til m\u00edn. Mun \u00e9g \u00fe\u00e1 varpa hlutum fyrir y\u00f0ur h\u00e9r frammi fyrir Drottni \u00ed S\u00edl\u00f3.<a name=\"9\"><span class=\"versanumer\">9<\/span><\/a>Og mennirnir h\u00e9ldu af sta\u00f0 og f\u00f3ru um landi\u00f0 og skrifu\u00f0u l\u00fdsingu \u00feess \u00ed b\u00f3k eftir borgunum \u00ed sj\u00f6 hlutum. S\u00ed\u00f0an komu \u00feeir til J\u00f3s\u00faa \u00ed herb\u00fa\u00f0irnar \u00ed S\u00edl\u00f3.<a name=\"10\"><span class=\"versanumer\">10<\/span><\/a>Og J\u00f3s\u00faa varpa\u00f0i hlutum fyrir \u00fe\u00e1 \u00ed S\u00edl\u00f3 frammi fyrir Drottni, og J\u00f3s\u00faa skipti \u00fear landinu me\u00f0al \u00cdsraelsmanna eftir skiptingu \u00feeirra.<a name=\"11\"><span class=\"versanumer\">11<\/span><\/a>Kom n\u00fa upp hlutur kynkv\u00edslar Benjam\u00edns sona eftir \u00e6ttum \u00feeirra, og l\u00e1 \u00fea\u00f0 land, er \u00feeim hlotna\u00f0ist, milli J\u00fada sona og J\u00f3sefs sona.<a name=\"12\"><span class=\"versanumer\">12<\/span><\/a>Landamerki \u00feeirra a\u00f0 nor\u00f0anver\u00f0u l\u00e1gu fr\u00e1 J\u00f3rdan og upp \u00e1 h\u00e1lsinn fyrir nor\u00f0an Jer\u00edk\u00f3, og \u00fea\u00f0an vestur \u00e1 fj\u00f6llin og alla lei\u00f0 til ey\u00f0imerkurinnar hj\u00e1 Betaven.<a name=\"13\"><span class=\"versanumer\">13<\/span><\/a>\u00dea\u00f0an l\u00e1gu landamerkin yfir til L\u00faz, yfir \u00e1 h\u00e1lsinn fyrir sunnan L\u00faz, \u00fea\u00f0 er Betel. \u00dea\u00f0an l\u00e1gu landamerkin ni\u00f0ur til Ater\u00f3t Addar, yfir \u00e1 fjalli\u00f0, sem er fyrir sunnan Bet H\u00f3ron ne\u00f0ri.<a name=\"14\"><span class=\"versanumer\">14<\/span><\/a>\u00de\u00e1 beyg\u00f0ust landamerkin vi\u00f0 og l\u00e1gu \u00ed su\u00f0vestur fr\u00e1 fjallinu, sem er fyrir sunnan Bet H\u00f3ron, og l\u00e1gu alla lei\u00f0 til Kirjat Baal, \u00fea\u00f0 er Kirjat Jear\u00edm, borg J\u00fada sona. \u00deetta voru vesturtakm\u00f6rkin.<a name=\"15\"><span class=\"versanumer\">15<\/span><\/a>Su\u00f0urtakm\u00f6rkin l\u00e1gu fr\u00e1 \u00fatja\u00f0rinum \u00e1 Kirjat Jear\u00edm, og l\u00e1gu \u00feau \u00ed vestur og gengu \u00fat a\u00f0 Neft\u00f3a vatnslind.<a name=\"16\"><span class=\"versanumer\">16<\/span><\/a>\u00de\u00e1 l\u00e1gu landamerkin ni\u00f0ur a\u00f0 enda fjallsins, sem liggur andsp\u00e6nis Hinnomssonardal og nor\u00f0anvert \u00ed Refa\u00edmdal, \u00fea\u00f0an ni\u00f0ur Hinnomsdal a\u00f0 Jeb\u00fas\u00edta-\u00f6xl sunnanver\u00f0ri, og \u00fea\u00f0an ni\u00f0ur a\u00f0 R\u00f3gel-lind.<a name=\"17\"><span class=\"versanumer\">17<\/span><\/a>\u00dea\u00f0an beyg\u00f0ust \u00feau nor\u00f0ur \u00e1 vi\u00f0 og l\u00e1gu til En-Semes, og \u00fea\u00f0an til Gel\u00edl\u00f3t, sem liggur \u00fear gegnt sem upp er gengi\u00f0 til Ad\u00famm\u00edm, \u00fea\u00f0an ni\u00f0ur til steins B\u00f3hans, R\u00fabenssonar,<a name=\"18\"><span class=\"versanumer\">18<\/span><\/a>\u00fea\u00f0an yfir \u00e1 h\u00e1lsinn, sem liggur gegnt Araba nor\u00f0anvert, og \u00fea\u00f0an ni\u00f0ur til Araba.<a name=\"19\"><span class=\"versanumer\">19<\/span><\/a>\u00dea\u00f0an l\u00e1gu landamerkin nor\u00f0an fram me\u00f0 h\u00e1lsinum hj\u00e1 Bet Hogla og alla lei\u00f0 a\u00f0 nyrstu v\u00edk Saltasj\u00f3s, \u00fear sem J\u00f3rdan fellur su\u00f0ur \u00ed hann. \u00deetta voru su\u00f0urtakm\u00f6rkin.<a name=\"20\"><span class=\"versanumer\">20<\/span><\/a>A\u00f0 austanver\u00f0u r\u00e9\u00f0 J\u00f3rdan m\u00f6rkum. \u00deessi voru landam\u00e6rin hringinn \u00ed kringum arfleif\u00f0 Benjam\u00edns, eftir \u00e6ttum \u00feeirra.<a name=\"21\"><span class=\"versanumer\">21<\/span><\/a>Borgir kynkv\u00edslar Benjam\u00edns sona, eftir \u00e6ttum \u00feeirra, voru: Jer\u00edk\u00f3, Bet Hogla, Emek Kes\u00eds,<a name=\"22\"><span class=\"versanumer\">22<\/span><\/a>Bet Araba, Semara\u00edm, Betel,<a name=\"23\"><span class=\"versanumer\">23<\/span><\/a>Av\u00edm, Para, Ofra,<a name=\"24\"><span class=\"versanumer\">24<\/span><\/a>Kefar Amm\u00f3n\u00ed, Ofn\u00ed og Geba, t\u00f3lf borgir og \u00feorpin er a\u00f0 liggja.<a name=\"25\"><span class=\"versanumer\">25<\/span><\/a>G\u00edbeon, Rama, Beer\u00f3t,<a name=\"26\"><span class=\"versanumer\">26<\/span><\/a>Mispe, Kef\u00edra, M\u00f3sa,<a name=\"27\"><span class=\"versanumer\">27<\/span><\/a>Rekem, Jirpeel, Tarala,<a name=\"28\"><span class=\"versanumer\">28<\/span><\/a>Sela, Elef, Jeb\u00fas\u00edtaborg, \u00fea\u00f0 er Jer\u00fasalem, G\u00edbeat og Kirjat, fj\u00f3rt\u00e1n borgir og \u00feorpin er a\u00f0 liggja. \u00deetta var arfleif\u00f0 Benjam\u00edns sona eftir \u00e6ttum \u00feeirra.<\/p>\n<div class=\"footnote1981\"><b>18.1<\/b> S\u00edl\u00f3 D\u00f3m 18.31+<br \/>\n<b>18.3<\/b> Taka land til eignar J\u00f3s 13.1; D\u00f3m 18.9<br \/>\n<b>18.4<\/b> Velji\u00f0 menn sbr 5M\u00f3s 1.13<br \/>\n<b>18.5<\/b> \u00cd sj\u00f6 hluta sbr J\u00f3s 13.7 \u2013 \u00e6tt J\u00f3sefs J\u00f3s 16.4; 17.7<br \/>\n<b>18.6<\/b> Varpa hlutkesti J\u00f3s 7.16; 19.51; 21.8<br \/>\n<b>18.7<\/b> Lev\u00edtar hlj\u00f3ta ekki hlut J\u00f3s 13.14+ &#8211; \u00e6ttb\u00e1lkar austan vi\u00f0 J\u00f3rdanar J\u00f3s 12.6; 13.7-13; 4M\u00f3s 32<br \/>\n<b>18.10<\/b> Landinu skipt J\u00f3s 11.23; 12.7; 4M\u00f3s 26.52-56<br \/>\n<b>18.11<\/b> Benjam\u00edn 1M\u00f3s 49.27; 5M\u00f3s 33.12<br \/>\n<b>18.12<\/b> Betaven J\u00f3s 7.2<br \/>\n<b>18.13<\/b> L\u00fas, Betel J\u00f3s 16.2 \u2013 Bet H\u00f3ron J\u00f3s 16.5<br \/>\n<b>18.14<\/b> Kirjat Baal (Kirkjat Jear\u00edm) J\u00f3s 15.60<br \/>\n<b>18.15<\/b> Neft\u00f3lind J\u00f3s15.9<br \/>\n<b>18.16<\/b> Hinnomssonardalur J\u00f3s 15.8+ &#8211; Jeb\u00fas\u00edtar J\u00f3s 15.63+<br \/>\n<b>18.17<\/b> Steinn B\u00f3hans J\u00f3s 15.6<br \/>\n<b>18.22-24<\/b> Bet Araba, o.\u00e1fr.; J\u00f3s 15.6,61; 1Sam 13.17; J\u00f3s 21.17<br \/>\n<b>18.25-28<\/b> G\u00edbeon, o.\u00e1fr.; J\u00f3s 9.17; 1Kon 15.22; D\u00f3m 20.1; 1Sam 7.5; Jer 31.15; D\u00f3m 19.12; 1Sam 10.5<br \/>\n<b>18.28<\/b> Jeb\u00fas, Jer\u00fasalem J\u00f3s 15.63+<\/div>\n","protected":false},"excerpt":{"rendered":"<p>1Allur s\u00f6fnu\u00f0ur \u00cdsraelsmanna safna\u00f0ist saman \u00ed S\u00edl\u00f3, og reistu \u00feeir \u00fear samfundatjaldi\u00f0, enda h\u00f6f\u00f0u \u00feeir n\u00fa lagt landi\u00f0 undir sig.2En enn \u00fe\u00e1 voru eftir sj\u00f6 \u00e6ttkv\u00edslir me\u00f0al \u00cdsraelsmanna, sem eigi h\u00f6f\u00f0u skipt arfleif\u00f0 sinni.3J\u00f3s\u00faa sag\u00f0i \u00fe\u00e1 vi\u00f0 \u00cdsraelsmenn: Hversu lengi \u00e6tli\u00f0 \u00fe\u00e9r a\u00f0 vera svo t\u00f3ml\u00e1tir, a\u00f0 fara ekki og taka til eignar land \u00fea\u00f0, sem Drottinn, Gu\u00f0 fe\u00f0ra y\u00f0ar, hefir gefi\u00f0 y\u00f0ur?4Velji\u00f0 n\u00fa \u00ferj\u00e1 menn af \u00e6ttkv\u00edsl hverri, og mun \u00e9g senda \u00fe\u00e1 \u00fat. Skulu \u00feeir halda af sta\u00f0 og fara um landi\u00f0 og skrifa l\u00fdsingu \u00e1 landinu me\u00f0 tilliti til \u00feess, a\u00f0 \u00fev\u00ed \u00e1 a\u00f0 skipta me\u00f0al \u00feeirra. <a href=\"https:\/\/biblian.is\/1981\/josuabok-18-kafli\/\"> [&#8230;]<\/a><\/p>\n","protected":false},"author":1,"featured_media":0,"parent":0,"menu_order":0,"comment_status":"open","ping_status":"open","template":"bibliukaflar.php","meta":{"footnotes":""},"class_list":["post-1551","page","type-page","status-publish","hentry"],"_links":{"self":[{"href":"https:\/\/biblian.is\/1981\/wp-json\/wp\/v2\/pages\/1551","targetHints":{"allow":["GET"]}}],"collection":[{"href":"https:\/\/biblian.is\/1981\/wp-json\/wp\/v2\/pages"}],"about":[{"href":"https:\/\/biblian.is\/1981\/wp-json\/wp\/v2\/types\/page"}],"author":[{"embeddable":true,"href":"https:\/\/biblian.is\/1981\/wp-json\/wp\/v2\/users\/1"}],"replies":[{"embeddable":true,"href":"https:\/\/biblian.is\/1981\/wp-json\/wp\/v2\/comments?post=1551"}],"version-history":[{"count":0,"href":"https:\/\/biblian.is\/1981\/wp-json\/wp\/v2\/pages\/1551\/revisions"}],"wp:attachment":[{"href":"https:\/\/biblian.is\/1981\/wp-json\/wp\/v2\/media?parent=1551"}],"curies":[{"name":"wp","href":"https:\/\/api.w.org\/{rel}","templated":true}]}}