{"id":1549,"date":"2017-11-18T20:17:45","date_gmt":"2017-11-18T20:17:45","guid":{"rendered":"http:\/\/biblian.is\/1981\/josuabok-16-kafli\/"},"modified":"2017-11-18T20:17:45","modified_gmt":"2017-11-18T20:17:45","slug":"josuabok-16-kafli","status":"publish","type":"page","link":"https:\/\/biblian.is\/1981\/josuabok-16-kafli\/","title":{"rendered":"J\u00f3s\u00faab\u00f3k 16. kafli"},"content":{"rendered":"<p><a name=\"1\"><span class=\"versanumer\">1<\/span><\/a>S\u00ed\u00f0an kom upp hlutur J\u00f3sefs sona, og hlutu \u00feeir land austan fr\u00e1 J\u00f3rdan, gegnt Jer\u00edk\u00f3, til Jer\u00edk\u00f3vatna, ey\u00f0im\u00f6rkina, sem liggur fr\u00e1 Jer\u00edk\u00f3 upp \u00e1 Betelfj\u00f6ll.<a name=\"2\"><span class=\"versanumer\">2<\/span><\/a>Fr\u00e1 Betel l\u00e1gu landamerkin til L\u00faz, \u00fea\u00f0an yfir til lands Ark\u00edta, til Atar\u00f3t,<a name=\"3\"><span class=\"versanumer\">3<\/span><\/a>\u00fea\u00f0an ofan \u00e1 vi\u00f0 og \u00ed vestur, til lands Jaflet\u00edta, a\u00f0 landam\u00e6rum Bet H\u00f3ron ne\u00f0ri og allt til Geser, og \u00fea\u00f0an alla lei\u00f0 til sj\u00e1var.<a name=\"4\"><span class=\"versanumer\">4<\/span><\/a>Synir J\u00f3sefs, Manasse og Efra\u00edm, fengu \u00f3\u00f0al sitt.<a name=\"5\"><span class=\"versanumer\">5<\/span><\/a>\u00deetta var land Efra\u00edms sona, eftir \u00e6ttum \u00feeirra: Takm\u00f6rk \u00e6ttar\u00f3\u00f0als \u00feeirra voru a\u00f0 austan Ater\u00f3t Addar til Bet H\u00f3ron efri,<a name=\"6\"><span class=\"versanumer\">6<\/span><\/a>og takm\u00f6rkin l\u00e1gu \u00fat a\u00f0 hafi. A\u00f0 nor\u00f0an var Mikmetat, \u00fea\u00f0an beyg\u00f0u landamerkin af austur \u00e1 vi\u00f0 til Taanat S\u00edl\u00f3 og \u00fear fram hj\u00e1 austur fyrir Jan\u00f3ha.<a name=\"7\"><span class=\"versanumer\">7<\/span><\/a>En fr\u00e1 Jan\u00f3ha l\u00e1gu \u00feau ofan \u00e1 vi\u00f0 til Atar\u00f3t og Naarat, lentu hj\u00e1 Jer\u00edk\u00f3 og l\u00e1gu \u00fea\u00f0an a\u00f0 J\u00f3rdan.<a name=\"8\"><span class=\"versanumer\">8<\/span><\/a>Fr\u00e1 Tapp\u00faa l\u00e1gu landamerkin \u00ed vestur til Kana-l\u00e6kjar og \u00fea\u00f0an alla lei\u00f0 til sj\u00e1var. \u00deetta er \u00f3\u00f0al kynkv\u00edslar Efra\u00edms sona, eftir \u00e6ttum \u00feeirra,<a name=\"9\"><span class=\"versanumer\">9<\/span><\/a>auk \u00feess borgirnar, sem skildar voru fr\u00e1 handa Efra\u00edms sonum \u00ed \u00e6ttar\u00f3\u00f0ali Manasse sona allar borgirnar og \u00feorpin, er a\u00f0 l\u00e1gu.<a name=\"10\"><span class=\"versanumer\">10<\/span><\/a>En ekki r\u00e1ku \u00feeir burt Kanaan\u00edtana, sem bjuggu \u00ed Geser. Fyrir \u00fev\u00ed b\u00faa Kanaan\u00edtar me\u00f0al Efra\u00edms fram \u00e1 \u00feennan dag og ur\u00f0u vinnuskyldir \u00fer\u00e6lar.<\/p>\n<div class=\"footnote1981\"><b>16.1<\/b> Ni\u00f0jar J\u00f3sefs 1M\u00f3s 48; 49.22-26; 5M\u00f3s 33.13-17 &#8211; fr\u00e1 Jer\u00edk\u00f3 til Betel J\u00f3s 7.2; 8.9,17 16.2 Ark\u00edtar 2Sam 15.32; 16.16<br \/>\n<b>16.3<\/b> Bet-H\u00f3ron J\u00f3s 10.10 \u2013 Geser J\u00f3s 10.33; 12.12<br \/>\n<b>16.6<\/b> S\u00edl\u00f3 J\u00f3s 18.1,8-10<br \/>\n<b>16.9<\/b> Borgir Efra\u00edms ni\u00f0ja \u00ed Manasse J\u00f3s 17.9<br \/>\n<b>16.10<\/b> Kanverjar J\u00f3s 15.63; 17.12; D\u00f3m 1.29 \u2013 Geser sbr 1Kon 9.16-17 \u2013 \u00fer\u00e6lkunarvinna 5M\u00f3s 20.11+<\/div>\n","protected":false},"excerpt":{"rendered":"<p>1S\u00ed\u00f0an kom upp hlutur J\u00f3sefs sona, og hlutu \u00feeir land austan fr\u00e1 J\u00f3rdan, gegnt Jer\u00edk\u00f3, til Jer\u00edk\u00f3vatna, ey\u00f0im\u00f6rkina, sem liggur fr\u00e1 Jer\u00edk\u00f3 upp \u00e1 Betelfj\u00f6ll.2Fr\u00e1 Betel l\u00e1gu landamerkin til L\u00faz, \u00fea\u00f0an yfir til lands Ark\u00edta, til Atar\u00f3t,3\u00fea\u00f0an ofan \u00e1 vi\u00f0 og \u00ed vestur, til lands Jaflet\u00edta, a\u00f0 landam\u00e6rum Bet H\u00f3ron ne\u00f0ri og allt til Geser, og \u00fea\u00f0an alla lei\u00f0 til sj\u00e1var.4Synir J\u00f3sefs, Manasse og Efra\u00edm, fengu \u00f3\u00f0al sitt.5\u00deetta var land Efra\u00edms sona, eftir \u00e6ttum \u00feeirra: Takm\u00f6rk \u00e6ttar\u00f3\u00f0als \u00feeirra voru a\u00f0 austan Ater\u00f3t Addar til Bet H\u00f3ron efri,6og takm\u00f6rkin l\u00e1gu \u00fat a\u00f0 hafi. A\u00f0 nor\u00f0an var Mikmetat, \u00fea\u00f0an beyg\u00f0u landamerkin af <a href=\"https:\/\/biblian.is\/1981\/josuabok-16-kafli\/\"> [&#8230;]<\/a><\/p>\n","protected":false},"author":1,"featured_media":0,"parent":0,"menu_order":0,"comment_status":"open","ping_status":"open","template":"bibliukaflar.php","meta":{"footnotes":""},"class_list":["post-1549","page","type-page","status-publish","hentry"],"_links":{"self":[{"href":"https:\/\/biblian.is\/1981\/wp-json\/wp\/v2\/pages\/1549","targetHints":{"allow":["GET"]}}],"collection":[{"href":"https:\/\/biblian.is\/1981\/wp-json\/wp\/v2\/pages"}],"about":[{"href":"https:\/\/biblian.is\/1981\/wp-json\/wp\/v2\/types\/page"}],"author":[{"embeddable":true,"href":"https:\/\/biblian.is\/1981\/wp-json\/wp\/v2\/users\/1"}],"replies":[{"embeddable":true,"href":"https:\/\/biblian.is\/1981\/wp-json\/wp\/v2\/comments?post=1549"}],"version-history":[{"count":0,"href":"https:\/\/biblian.is\/1981\/wp-json\/wp\/v2\/pages\/1549\/revisions"}],"wp:attachment":[{"href":"https:\/\/biblian.is\/1981\/wp-json\/wp\/v2\/media?parent=1549"}],"curies":[{"name":"wp","href":"https:\/\/api.w.org\/{rel}","templated":true}]}}