{"id":1547,"date":"2017-11-18T20:17:45","date_gmt":"2017-11-18T20:17:45","guid":{"rendered":"http:\/\/biblian.is\/1981\/josuabok-14-kafli\/"},"modified":"2017-11-18T20:17:45","modified_gmt":"2017-11-18T20:17:45","slug":"josuabok-14-kafli","status":"publish","type":"page","link":"https:\/\/biblian.is\/1981\/josuabok-14-kafli\/","title":{"rendered":"J\u00f3s\u00faab\u00f3k 14. kafli"},"content":{"rendered":"<p><a name=\"1\"><span class=\"versanumer\">1<\/span><\/a>\u00deetta er \u00fea\u00f0, sem \u00cdsraelsmenn fengu a\u00f0 arfleif\u00f0 \u00ed Kanaanlandi, \u00fea\u00f0 sem Eleasar prestur, J\u00f3s\u00faa N\u00fansson og \u00e6tth\u00f6f\u00f0ingjar kynkv\u00edsla \u00cdsraelsmanna \u00fathlutu\u00f0u \u00feeim<a name=\"2\"><span class=\"versanumer\">2<\/span><\/a>me\u00f0 hlutkesti til arfleif\u00f0ar, eins og Drottinn haf\u00f0i skipa\u00f0 fyrir me\u00f0alg\u00f6ngu M\u00f3se um n\u00edu kynkv\u00edslirnar og h\u00e1lfa.<a name=\"3\"><span class=\"versanumer\">3<\/span><\/a>M\u00f3se haf\u00f0i gefi\u00f0 tveimur kynkv\u00edslunum og h\u00e1lfri \u00f3\u00f0ul hinumegin J\u00f3rdanar, en lev\u00edtunum haf\u00f0i hann eigi gefi\u00f0 \u00f3\u00f0al me\u00f0al \u00feeirra.<a name=\"4\"><span class=\"versanumer\">4<\/span><\/a>J\u00f3sefs synir voru tv\u00e6r kynkv\u00edslir, Manasse og Efra\u00edm, og lev\u00edtunum g\u00e1fu \u00feeir ekki hlut \u00ed landinu, heldur a\u00f0eins borgir til a\u00f0 b\u00faa \u00ed og beitilandi\u00f0, er l\u00e1 undir \u00fe\u00e6r, handa f\u00e9na\u00f0i \u00feeirra og skepnum.<a name=\"5\"><span class=\"versanumer\">5<\/span><\/a>Eins og Drottinn haf\u00f0i bo\u00f0i\u00f0 M\u00f3se, svo gj\u00f6r\u00f0u \u00cdsraelsmenn og skiptu landinu.<a name=\"6\"><span class=\"versanumer\">6<\/span><\/a>\u00de\u00e1 gengu J\u00fada synir fyrir J\u00f3s\u00faa \u00ed Gilgal, og Kaleb Jef\u00fanneson, Kenis\u00edti, sag\u00f0i vi\u00f0 hann: \u00de\u00e9r er kunnugt um, hva\u00f0 Drottinn sag\u00f0i vi\u00f0 gu\u00f0smanninn M\u00f3se um mig og \u00feig \u00ed Kades Barnea.<a name=\"7\"><span class=\"versanumer\">7<\/span><\/a>\u00de\u00e1 var \u00e9g fertugur a\u00f0 aldri, er M\u00f3se, \u00fej\u00f3nn Drottins, sendi mig fr\u00e1 Kades Barnea a\u00f0 kanna landi\u00f0, og bar \u00e9g honum \u00fea\u00f0, er \u00e9g vissi sannast.<a name=\"8\"><span class=\"versanumer\">8<\/span><\/a>En br\u00e6\u00f0ur m\u00ednir, sem me\u00f0 m\u00e9r f\u00f3ru, skelfdu hj\u00f6rtu l\u00fd\u00f0sins, en \u00e9g fylgdi Drottni Gu\u00f0i m\u00ednum tr\u00falega.<a name=\"9\"><span class=\"versanumer\">9<\/span><\/a>Og \u00feann dag s\u00f3r M\u00f3se og sag\u00f0i: Sannlega skal land \u00fea\u00f0, sem \u00fe\u00fa steigst f\u00e6ti \u00e1, vera \u00fe\u00edn eign og sona \u00feinna \u00e6vinlega, \u00fev\u00ed a\u00f0 \u00fe\u00fa fylgdir Drottni Gu\u00f0i m\u00ednum tr\u00falega.<a name=\"10\"><span class=\"versanumer\">10<\/span><\/a>Og sj\u00e1, n\u00fa hefir Drottinn l\u00e1ti\u00f0 mig lifa, eins og hann lofa\u00f0i, \u00ed \u00feessi fj\u00f6rut\u00edu og fimm \u00e1r, s\u00ed\u00f0an Drottinn sag\u00f0i \u00feetta vi\u00f0 M\u00f3se, me\u00f0an \u00cdsrael hefir fari\u00f0 um ey\u00f0im\u00f6rkina, og sj\u00e1, n\u00fa hefi \u00e9g fimm um \u00e1ttr\u00e6tt.<a name=\"11\"><span class=\"versanumer\">11<\/span><\/a>Og enn \u00ed dag er \u00e9g eins hraustur og \u00feegar M\u00f3se sendi mig. Orka m\u00edn er enn hin sama og h\u00fan var \u00fe\u00e1 til a\u00f0 berjast og til a\u00f0 ganga \u00fat og inn.<a name=\"12\"><span class=\"versanumer\">12<\/span><\/a>Gef m\u00e9r n\u00fa fjalllendi \u00feetta, sem Drottinn tala\u00f0i um \u00feann dag, \u00fev\u00ed a\u00f0 \u00fe\u00fa hl\u00fdddir sj\u00e1lfur \u00e1 \u00feann dag. Anak\u00edtar eru \u00fear og st\u00f3rar, v\u00edggirtar borgir. Vera m\u00e1, a\u00f0 Drottinn veiti m\u00e9r fulltingi, svo \u00e9g f\u00e1i st\u00f6kkt \u00feeim burt, eins og Drottinn hefir heiti\u00f0.<a name=\"13\"><span class=\"versanumer\">13<\/span><\/a>J\u00f3s\u00faa blessa\u00f0i hann og gaf Kaleb Jef\u00fannesyni Hebron a\u00f0 arfleif\u00f0.<a name=\"14\"><span class=\"versanumer\">14<\/span><\/a>Fyrir \u00fev\u00ed f\u00e9kk Kaleb Jef\u00fanneson, Kenis\u00edti, Hebron a\u00f0 arfleif\u00f0, og er svo enn \u00ed dag, s\u00f6kum \u00feess a\u00f0 hann fylgdi Drottni, \u00cdsraels Gu\u00f0i, tr\u00falega.<a name=\"15\"><span class=\"versanumer\">15<\/span><\/a>En Hebron h\u00e9t \u00e1\u00f0ur Kirjat Arba, eftir Arba \u00feeim, er mestur var me\u00f0al Anak\u00edta. Eftir \u00fea\u00f0 l\u00e9tti \u00f3fri\u00f0i af landinu.<\/p>\n<div class=\"footnote1981\"><b>14.1<\/b> Eleasar og J\u00f3s\u00faa J\u00f3s 17.4; 19.51; 21.1; sbr 4M\u00f3s 32.28; 34.17<br \/>\n<b>14.2<\/b> Me\u00f0 hlutkesti 4M\u00f3s 26.55; 33.54<br \/>\n<b>14.3<\/b> \u00c6ttb\u00e1lkar handan vi\u00f0 J\u00f3rdan J\u00f3s 12.6+ &#8211; Lev\u00ed J\u00f3s 13.14+<br \/>\n<b>14.4<\/b> Nijar J\u00f3sefs 1M\u00f3s 41.50-52; 48 \u2013 borgir lev\u00edta J\u00f3s 21; 3M\u00f3s 25.32-34; 4M\u00f3s 35.2-8<br \/>\n<b>14.5<\/b> Landinu skipt 4M\u00f3s 34.13-19<br \/>\n<b>14.6-14<\/b> Tr\u00fafesti Kalebs 4M\u00f3s 13; 14.6-9,24; 5M\u00f3s 1.22-38; S\u00edr 46.7-10<br \/>\n<b>14.8<\/b> Ger\u00f0u f\u00f3lki\u00f0 hugdeigt 4M\u00f3s 32.7-9+<br \/>\n<b>14.12<\/b> V\u00edggirtar borgir Anak\u00edta 5M\u00f3s 1.28+<br \/>\n<b>14.13<\/b> Hebron J\u00f3s 10.36+<\/div>\n","protected":false},"excerpt":{"rendered":"<p>1\u00deetta er \u00fea\u00f0, sem \u00cdsraelsmenn fengu a\u00f0 arfleif\u00f0 \u00ed Kanaanlandi, \u00fea\u00f0 sem Eleasar prestur, J\u00f3s\u00faa N\u00fansson og \u00e6tth\u00f6f\u00f0ingjar kynkv\u00edsla \u00cdsraelsmanna \u00fathlutu\u00f0u \u00feeim2me\u00f0 hlutkesti til arfleif\u00f0ar, eins og Drottinn haf\u00f0i skipa\u00f0 fyrir me\u00f0alg\u00f6ngu M\u00f3se um n\u00edu kynkv\u00edslirnar og h\u00e1lfa.3M\u00f3se haf\u00f0i gefi\u00f0 tveimur kynkv\u00edslunum og h\u00e1lfri \u00f3\u00f0ul hinumegin J\u00f3rdanar, en lev\u00edtunum haf\u00f0i hann eigi gefi\u00f0 \u00f3\u00f0al me\u00f0al \u00feeirra.4J\u00f3sefs synir voru tv\u00e6r kynkv\u00edslir, Manasse og Efra\u00edm, og lev\u00edtunum g\u00e1fu \u00feeir ekki hlut \u00ed landinu, heldur a\u00f0eins borgir til a\u00f0 b\u00faa \u00ed og beitilandi\u00f0, er l\u00e1 undir \u00fe\u00e6r, handa f\u00e9na\u00f0i \u00feeirra og skepnum.5Eins og Drottinn haf\u00f0i bo\u00f0i\u00f0 M\u00f3se, svo gj\u00f6r\u00f0u \u00cdsraelsmenn og skiptu landinu.6\u00de\u00e1 <a href=\"https:\/\/biblian.is\/1981\/josuabok-14-kafli\/\"> [&#8230;]<\/a><\/p>\n","protected":false},"author":1,"featured_media":0,"parent":0,"menu_order":0,"comment_status":"open","ping_status":"open","template":"bibliukaflar.php","meta":{"footnotes":""},"class_list":["post-1547","page","type-page","status-publish","hentry"],"_links":{"self":[{"href":"https:\/\/biblian.is\/1981\/wp-json\/wp\/v2\/pages\/1547","targetHints":{"allow":["GET"]}}],"collection":[{"href":"https:\/\/biblian.is\/1981\/wp-json\/wp\/v2\/pages"}],"about":[{"href":"https:\/\/biblian.is\/1981\/wp-json\/wp\/v2\/types\/page"}],"author":[{"embeddable":true,"href":"https:\/\/biblian.is\/1981\/wp-json\/wp\/v2\/users\/1"}],"replies":[{"embeddable":true,"href":"https:\/\/biblian.is\/1981\/wp-json\/wp\/v2\/comments?post=1547"}],"version-history":[{"count":0,"href":"https:\/\/biblian.is\/1981\/wp-json\/wp\/v2\/pages\/1547\/revisions"}],"wp:attachment":[{"href":"https:\/\/biblian.is\/1981\/wp-json\/wp\/v2\/media?parent=1547"}],"curies":[{"name":"wp","href":"https:\/\/api.w.org\/{rel}","templated":true}]}}